{"id":9829,"date":"2024-11-17T13:43:17","date_gmt":"2024-11-17T13:43:17","guid":{"rendered":"https:\/\/quatroair.com\/product\/ductless-fume-hood-3d-printing-alchohol-cleaning\/"},"modified":"2026-01-18T11:40:56","modified_gmt":"2026-01-18T11:40:56","slug":"ductless-fume-hood-3d-printing-alchohol-cleaning","status":"publish","type":"product","link":"https:\/\/quatroair.com\/fr\/industries\/dental\/monomer-odor-removal\/monomer-fume-extractor\/ductless-fume-hood-burnout","title":{"rendered":"Hotte d\u2019extraction des fum\u00e9es de burnout (pour applications de burnout)"},"content":{"rendered":"<h3>Pr\u00e9sentation<\/h3>\n<ul>\n<li>Capte et contient les particules et les COV br\u00fbl\u00e9s<\/li>\n<li>Syst\u00e8me de filtration en 4 \u00e9tapes (y compris filtre HEPA)<\/li>\n<li>Emp\u00eache les ODEURS, LES PARTICULES NOCIVES ET LES VAPEURS de migrer dans tout le lieu de travail<\/li>\n<li>Les conduits vers l&rsquo;ext\u00e9rieur sont FORTEMENT recommand\u00e9s<\/li>\n<\/ul>\n<h3>Avantages<\/h3>\n<ul>\n<li>Conception Plug and Play<\/li>\n<li>Fonctionnement tr\u00e8s silencieux<\/li>\n<li>Moteur \u00e0 turbine sans balais de longue dur\u00e9e, con\u00e7u pour une utilisation continue<\/li>\n<li>L&rsquo;\u00e9vacuation des fum\u00e9es de combustion de l&rsquo;espace de travail est fortement recommand\u00e9e<\/li>\n<\/ul>\n<h3>Caract\u00e9ristiques<\/h3>\n<ul>\n<li>V\u00e9ritable filtre HEPA \u00e0 lit profond, assure une efficacit\u00e9 de 99,97\u00a0% sur la capture des particules en suspension dans l&rsquo;air<\/li>\n<li>Comprend un support de montage mural, un filtre \u00e0 poussi\u00e8re (#F007-BX), un filtre \u00e0 odeurs (#F033-GPC), un filtre \u00e0 odeurs (#F033-APC), un filtre HEPA (#F022),<\/li>\n<\/ul>\n<h3>Options<\/h3>\n<ul>\n<li>Interrupteur manuel pour d\u00e9marrage-arr\u00eat \u00e0 distance de 6 pieds (#AA011)<\/li>\n<li>Comptoir DFH disponible (#AA038)<\/li>\n<li>Un kit d&rsquo;\u00e9chappement de 6 pouces de diam\u00e8tre est FORTEMENT recommand\u00e9 (#AA088)<\/li>\n<li>Silencieux pour plus de suppression du bruit (#H250)<\/li>\n<\/ul>\n","protected":false},"excerpt":{"rendered":"<p>La hotte Burnout est un extracteur de fum\u00e9e mural con\u00e7u pour traiter les COV dangereux associ\u00e9s aux applications Burnout. Un conduit vers l&rsquo;ext\u00e9rieur est FORTEMENT recommand\u00e9.<\/p>\n","protected":false},"featured_media":4948,"comment_status":"open","ping_status":"closed","template":"","meta":{"_acf_changed":false},"product_cat":[88],"product_tag":[],"class_list":{"0":"post-9829","1":"product","2":"type-product","3":"status-publish","4":"has-post-thumbnail","6":"product_cat-nocategroy-fr","8":"first","9":"instock","10":"shipping-taxable","11":"product-type-simple"},"acf":[],"yoast_head":"<!-- This site is optimized with the Yoast SEO plugin v26.9 - https:\/\/yoast.com\/product\/yoast-seo-wordpress\/ -->\n<title>Hotte d\u2019extraction des fum\u00e9es de burnout (pour applications de burnout) - Quatro Air Techologies<\/title>\n<meta name=\"description\" content=\"Vue d&#039;ensemble La hotte sans conduit (DFH) pour imprimantes 3D est un extracteur\" \/>\n<meta name=\"robots\" content=\"index, follow\" \/>\n<link rel=\"canonical\" href=\"https:\/\/quatroair.com\/industries\/dental\/monomer-odor-removal\/monomer-fume-extractor\/ductless-fume-hood-burnout\" \/>\n<meta property=\"og:locale\" content=\"fr_FR\" \/>\n<meta property=\"og:type\" content=\"article\" \/>\n<meta property=\"og:title\" content=\"Hotte d\u2019extraction des fum\u00e9es de burnout (pour applications de burnout) - Quatro Air Techologies\" \/>\n<meta property=\"og:description\" content=\"Vue d&#039;ensemble La hotte sans conduit (DFH) pour imprimantes 3D est un extracteur\" \/>\n<meta property=\"og:url\" content=\"https:\/\/quatroair.com\/industries\/dental\/monomer-odor-removal\/monomer-fume-extractor\/ductless-fume-hood-burnout\" \/>\n<meta property=\"og:site_name\" content=\"Quatro Air Techologies\" \/>\n<meta property=\"article:publisher\" content=\"https:\/\/www.facebook.com\/QuatroAirTechnologies\" \/>\n<meta property=\"article:modified_time\" content=\"2026-01-18T11:40:56+00:00\" \/>\n<meta property=\"og:image\" content=\"https:\/\/quatroair.com\/wp-content\/uploads\/2024\/10\/DFH-1000-C-700x420-2.webp\" \/>\n\t<meta property=\"og:image:width\" content=\"700\" \/>\n\t<meta property=\"og:image:height\" content=\"420\" \/>\n\t<meta property=\"og:image:type\" content=\"image\/webp\" \/>\n<meta name=\"twitter:card\" content=\"summary_large_image\" \/>\n<meta name=\"twitter:site\" content=\"@QuatroAir\" \/>\n<meta name=\"twitter:label1\" content=\"Dur\u00e9e de lecture estim\u00e9e\" \/>\n\t<meta name=\"twitter:data1\" content=\"1 minute\" \/>\n<script type=\"application\/ld+json\" class=\"yoast-schema-graph\">{\"@context\":\"https:\/\/schema.org\",\"@graph\":[{\"@type\":\"WebPage\",\"@id\":\"https:\/\/quatroair.com\/industries\/dental\/monomer-odor-removal\/monomer-fume-extractor\/ductless-fume-hood-burnout\",\"url\":\"https:\/\/quatroair.com\/industries\/dental\/monomer-odor-removal\/monomer-fume-extractor\/ductless-fume-hood-burnout\",\"name\":\"Hotte d\u2019extraction des fum\u00e9es de burnout (pour applications de burnout) - Quatro Air Techologies\",\"isPartOf\":{\"@id\":\"https:\/\/quatroair.com\/en\/#website\"},\"primaryImageOfPage\":{\"@id\":\"https:\/\/quatroair.com\/industries\/dental\/monomer-odor-removal\/monomer-fume-extractor\/ductless-fume-hood-burnout#primaryimage\"},\"image\":{\"@id\":\"https:\/\/quatroair.com\/industries\/dental\/monomer-odor-removal\/monomer-fume-extractor\/ductless-fume-hood-burnout#primaryimage\"},\"thumbnailUrl\":\"https:\/\/quatroair.com\/wp-content\/uploads\/2024\/10\/DFH-1000-C-700x420-2.webp\",\"datePublished\":\"2024-11-17T13:43:17+00:00\",\"dateModified\":\"2026-01-18T11:40:56+00:00\",\"description\":\"Vue d'ensemble La hotte sans conduit (DFH) pour imprimantes 3D est un extracteur\",\"breadcrumb\":{\"@id\":\"https:\/\/quatroair.com\/industries\/dental\/monomer-odor-removal\/monomer-fume-extractor\/ductless-fume-hood-burnout#breadcrumb\"},\"inLanguage\":\"fr-FR\",\"potentialAction\":[{\"@type\":\"ReadAction\",\"target\":[\"https:\/\/quatroair.com\/industries\/dental\/monomer-odor-removal\/monomer-fume-extractor\/ductless-fume-hood-burnout\"]}]},{\"@type\":\"ImageObject\",\"inLanguage\":\"fr-FR\",\"@id\":\"https:\/\/quatroair.com\/industries\/dental\/monomer-odor-removal\/monomer-fume-extractor\/ductless-fume-hood-burnout#primaryimage\",\"url\":\"https:\/\/quatroair.com\/wp-content\/uploads\/2024\/10\/DFH-1000-C-700x420-2.webp\",\"contentUrl\":\"https:\/\/quatroair.com\/wp-content\/uploads\/2024\/10\/DFH-1000-C-700x420-2.webp\",\"width\":700,\"height\":420},{\"@type\":\"BreadcrumbList\",\"@id\":\"https:\/\/quatroair.com\/industries\/dental\/monomer-odor-removal\/monomer-fume-extractor\/ductless-fume-hood-burnout#breadcrumb\",\"itemListElement\":[{\"@type\":\"ListItem\",\"position\":1,\"name\":\"Home\",\"item\":\"https:\/\/quatroair.com\/\"},{\"@type\":\"ListItem\",\"position\":2,\"name\":\"Products\",\"item\":\"https:\/\/quatroair.com\/shop__trashed\/\"},{\"@type\":\"ListItem\",\"position\":3,\"name\":\"Hotte d\u2019extraction des fum\u00e9es de burnout (pour applications de burnout)\"}]},{\"@type\":\"WebSite\",\"@id\":\"https:\/\/quatroair.com\/en\/#website\",\"url\":\"https:\/\/quatroair.com\/en\/\",\"name\":\"Quatro Air Techologies\",\"description\":\"Quatro Air provides effective clean air solutions designed to handle any air quality challenge in your home, office or business. Contact us today for details.\",\"publisher\":{\"@id\":\"https:\/\/quatroair.com\/en\/#organization\"},\"potentialAction\":[{\"@type\":\"SearchAction\",\"target\":{\"@type\":\"EntryPoint\",\"urlTemplate\":\"https:\/\/quatroair.com\/en\/?s={search_term_string}\"},\"query-input\":{\"@type\":\"PropertyValueSpecification\",\"valueRequired\":true,\"valueName\":\"search_term_string\"}}],\"inLanguage\":\"fr-FR\"},{\"@type\":\"Organization\",\"@id\":\"https:\/\/quatroair.com\/en\/#organization\",\"name\":\"Quatro Air Techologies\",\"url\":\"https:\/\/quatroair.com\/en\/\",\"logo\":{\"@type\":\"ImageObject\",\"inLanguage\":\"fr-FR\",\"@id\":\"https:\/\/quatroair.com\/en\/#\/schema\/logo\/image\/\",\"url\":\"https:\/\/quatroair.com\/wp-content\/uploads\/2024\/10\/logo.svg\",\"contentUrl\":\"https:\/\/quatroair.com\/wp-content\/uploads\/2024\/10\/logo.svg\",\"width\":708,\"height\":142,\"caption\":\"Quatro Air Techologies\"},\"image\":{\"@id\":\"https:\/\/quatroair.com\/en\/#\/schema\/logo\/image\/\"},\"sameAs\":[\"https:\/\/www.facebook.com\/QuatroAirTechnologies\",\"https:\/\/x.com\/QuatroAir\",\"https:\/\/www.youtube.com\/channel\/UCdTTBL7Pwwyr2JGybAn8Bxw\",\"https:\/\/www.linkedin.com\/company\/quatro-air-technologies\"]}]}<\/script>\n<!-- \/ Yoast SEO plugin. -->","yoast_head_json":{"title":"Hotte d\u2019extraction des fum\u00e9es de burnout (pour applications de burnout) - Quatro Air Techologies","description":"Vue d'ensemble La hotte sans conduit (DFH) pour imprimantes 3D est un extracteur","robots":{"index":"index","follow":"follow"},"canonical":"https:\/\/quatroair.com\/industries\/dental\/monomer-odor-removal\/monomer-fume-extractor\/ductless-fume-hood-burnout","og_locale":"fr_FR","og_type":"article","og_title":"Hotte d\u2019extraction des fum\u00e9es de burnout (pour applications de burnout) - Quatro Air Techologies","og_description":"Vue d'ensemble La hotte sans conduit (DFH) pour imprimantes 3D est un extracteur","og_url":"https:\/\/quatroair.com\/industries\/dental\/monomer-odor-removal\/monomer-fume-extractor\/ductless-fume-hood-burnout","og_site_name":"Quatro Air Techologies","article_publisher":"https:\/\/www.facebook.com\/QuatroAirTechnologies","article_modified_time":"2026-01-18T11:40:56+00:00","og_image":[{"width":700,"height":420,"url":"https:\/\/quatroair.com\/wp-content\/uploads\/2024\/10\/DFH-1000-C-700x420-2.webp","type":"image\/webp"}],"twitter_card":"summary_large_image","twitter_site":"@QuatroAir","twitter_misc":{"Dur\u00e9e de lecture estim\u00e9e":"1 minute"},"schema":{"@context":"https:\/\/schema.org","@graph":[{"@type":"WebPage","@id":"https:\/\/quatroair.com\/industries\/dental\/monomer-odor-removal\/monomer-fume-extractor\/ductless-fume-hood-burnout","url":"https:\/\/quatroair.com\/industries\/dental\/monomer-odor-removal\/monomer-fume-extractor\/ductless-fume-hood-burnout","name":"Hotte d\u2019extraction des fum\u00e9es de burnout (pour applications de burnout) - Quatro Air Techologies","isPartOf":{"@id":"https:\/\/quatroair.com\/en\/#website"},"primaryImageOfPage":{"@id":"https:\/\/quatroair.com\/industries\/dental\/monomer-odor-removal\/monomer-fume-extractor\/ductless-fume-hood-burnout#primaryimage"},"image":{"@id":"https:\/\/quatroair.com\/industries\/dental\/monomer-odor-removal\/monomer-fume-extractor\/ductless-fume-hood-burnout#primaryimage"},"thumbnailUrl":"https:\/\/quatroair.com\/wp-content\/uploads\/2024\/10\/DFH-1000-C-700x420-2.webp","datePublished":"2024-11-17T13:43:17+00:00","dateModified":"2026-01-18T11:40:56+00:00","description":"Vue d'ensemble La hotte sans conduit (DFH) pour imprimantes 3D est un extracteur","breadcrumb":{"@id":"https:\/\/quatroair.com\/industries\/dental\/monomer-odor-removal\/monomer-fume-extractor\/ductless-fume-hood-burnout#breadcrumb"},"inLanguage":"fr-FR","potentialAction":[{"@type":"ReadAction","target":["https:\/\/quatroair.com\/industries\/dental\/monomer-odor-removal\/monomer-fume-extractor\/ductless-fume-hood-burnout"]}]},{"@type":"ImageObject","inLanguage":"fr-FR","@id":"https:\/\/quatroair.com\/industries\/dental\/monomer-odor-removal\/monomer-fume-extractor\/ductless-fume-hood-burnout#primaryimage","url":"https:\/\/quatroair.com\/wp-content\/uploads\/2024\/10\/DFH-1000-C-700x420-2.webp","contentUrl":"https:\/\/quatroair.com\/wp-content\/uploads\/2024\/10\/DFH-1000-C-700x420-2.webp","width":700,"height":420},{"@type":"BreadcrumbList","@id":"https:\/\/quatroair.com\/industries\/dental\/monomer-odor-removal\/monomer-fume-extractor\/ductless-fume-hood-burnout#breadcrumb","itemListElement":[{"@type":"ListItem","position":1,"name":"Home","item":"https:\/\/quatroair.com\/"},{"@type":"ListItem","position":2,"name":"Products","item":"https:\/\/quatroair.com\/shop__trashed\/"},{"@type":"ListItem","position":3,"name":"Hotte d\u2019extraction des fum\u00e9es de burnout (pour applications de burnout)"}]},{"@type":"WebSite","@id":"https:\/\/quatroair.com\/en\/#website","url":"https:\/\/quatroair.com\/en\/","name":"Quatro Air Techologies","description":"Quatro Air provides effective clean air solutions designed to handle any air quality challenge in your home, office or business. Contact us today for details.","publisher":{"@id":"https:\/\/quatroair.com\/en\/#organization"},"potentialAction":[{"@type":"SearchAction","target":{"@type":"EntryPoint","urlTemplate":"https:\/\/quatroair.com\/en\/?s={search_term_string}"},"query-input":{"@type":"PropertyValueSpecification","valueRequired":true,"valueName":"search_term_string"}}],"inLanguage":"fr-FR"},{"@type":"Organization","@id":"https:\/\/quatroair.com\/en\/#organization","name":"Quatro Air Techologies","url":"https:\/\/quatroair.com\/en\/","logo":{"@type":"ImageObject","inLanguage":"fr-FR","@id":"https:\/\/quatroair.com\/en\/#\/schema\/logo\/image\/","url":"https:\/\/quatroair.com\/wp-content\/uploads\/2024\/10\/logo.svg","contentUrl":"https:\/\/quatroair.com\/wp-content\/uploads\/2024\/10\/logo.svg","width":708,"height":142,"caption":"Quatro Air Techologies"},"image":{"@id":"https:\/\/quatroair.com\/en\/#\/schema\/logo\/image\/"},"sameAs":["https:\/\/www.facebook.com\/QuatroAirTechnologies","https:\/\/x.com\/QuatroAir","https:\/\/www.youtube.com\/channel\/UCdTTBL7Pwwyr2JGybAn8Bxw","https:\/\/www.linkedin.com\/company\/quatro-air-technologies"]}]}},"_links":{"self":[{"href":"https:\/\/quatroair.com\/fr\/wp-json\/wp\/v2\/product\/9829","targetHints":{"allow":["GET"]}}],"collection":[{"href":"https:\/\/quatroair.com\/fr\/wp-json\/wp\/v2\/product"}],"about":[{"href":"https:\/\/quatroair.com\/fr\/wp-json\/wp\/v2\/types\/product"}],"replies":[{"embeddable":true,"href":"https:\/\/quatroair.com\/fr\/wp-json\/wp\/v2\/comments?post=9829"}],"version-history":[{"count":14,"href":"https:\/\/quatroair.com\/fr\/wp-json\/wp\/v2\/product\/9829\/revisions"}],"predecessor-version":[{"id":12206,"href":"https:\/\/quatroair.com\/fr\/wp-json\/wp\/v2\/product\/9829\/revisions\/12206"}],"wp:featuredmedia":[{"embeddable":true,"href":"https:\/\/quatroair.com\/fr\/wp-json\/wp\/v2\/media\/4948"}],"wp:attachment":[{"href":"https:\/\/quatroair.com\/fr\/wp-json\/wp\/v2\/media?parent=9829"}],"wp:term":[{"taxonomy":"product_cat","embeddable":true,"href":"https:\/\/quatroair.com\/fr\/wp-json\/wp\/v2\/product_cat?post=9829"},{"taxonomy":"product_tag","embeddable":true,"href":"https:\/\/quatroair.com\/fr\/wp-json\/wp\/v2\/product_tag?post=9829"}],"curies":[{"name":"wp","href":"https:\/\/api.w.org\/{rel}","templated":true}]}}