{"id":9717,"date":"2024-11-18T14:05:18","date_gmt":"2024-11-18T14:05:18","guid":{"rendered":"https:\/\/quatroair.com\/product\/front-suction-adapter-2\/"},"modified":"2026-02-05T15:57:49","modified_gmt":"2026-02-05T15:57:49","slug":"front-suction-adapter","status":"publish","type":"product","link":"https:\/\/quatroair.com\/fr\/products\/product-accessories\/benchtop\/other\/front-suction-adapter","title":{"rendered":"Adaptateur d\u2019Aspiration Frontale"},"content":{"rendered":"<h3>Pr\u00e9sentation<\/h3>\n<ul>\n<li>Connectez-vous \u00e0 votre d\u00e9poussi\u00e9reur : tuyau de 1,5&Prime;, 2&Prime;, 2,5&Prime; ou 3&Prime; de diam\u00e8tre<\/li>\n<li>Acier robuste avec rev\u00eatement en poudre<\/li>\n<\/ul>\n<h3>Avantages<\/h3>\n<ul>\n<li>Le bouclier \u00e9loigne les particules fines des zones de respiration<\/li>\n<\/ul>\n<h3>Caract\u00e9ristiques<\/h3>\n<ul>\n<li>Fix\u00e9 au dessous du \u00e9tabli, la grille est orient\u00e9e \u00e0 l&rsquo;oppos\u00e9 de l&rsquo;utilisateur<\/li>\n<li>Inclus : \u00e9cran de 3 \u00d7 4 pouces (#AR105)<\/li>\n<\/ul>\n<h3>Options<\/h3>\n<ul>\n<li>Sans VALVE (AA709)<\/li>\n<li>Avec valve de d\u00e9marrage automatique (#AA709-ASV)<\/li>\n<li>Avec valve coulissante manuelle (#AA709-MSV)<\/li>\n<li>En option, \u00e9crans plus grands : 8,75\u00d78,75\u201d(h) #AR198, 6\u00d78,75\u201d(h) #AR196<\/li>\n<\/ul>\n","protected":false},"excerpt":{"rendered":"<p>L&rsquo;adaptateur d&rsquo;aspiration avant est un accessoire orient\u00e9 vers l&rsquo;avant, id\u00e9al pour les d\u00e9bris dirig\u00e9s vers le technicien.<\/p>\n","protected":false},"featured_media":10816,"comment_status":"open","ping_status":"closed","template":"","meta":{"_acf_changed":false},"product_cat":[88],"product_tag":[],"class_list":{"0":"post-9717","1":"product","2":"type-product","3":"status-publish","4":"has-post-thumbnail","6":"product_cat-nocategroy-fr","8":"first","9":"instock","10":"shipping-taxable","11":"product-type-simple"},"acf":[],"yoast_head":"<!-- This site is optimized with the Yoast SEO plugin v26.9 - https:\/\/yoast.com\/product\/yoast-seo-wordpress\/ -->\n<title>Adaptateur d\u2019Aspiration Frontale - Quatro Air Techologies<\/title>\n<meta name=\"description\" content=\"Front Suction Adapter Other Benchtop Accessories.. Benchtop Part Number#: AA709,\" \/>\n<meta name=\"robots\" content=\"index, follow\" \/>\n<link rel=\"canonical\" href=\"https:\/\/quatroair.com\/industries\/dental\/accessories\/benchtop\/other\/front-suction-adapter\" \/>\n<meta property=\"og:locale\" content=\"fr_FR\" \/>\n<meta property=\"og:type\" content=\"article\" \/>\n<meta property=\"og:title\" content=\"Adaptateur d\u2019Aspiration Frontale - Quatro Air Techologies\" \/>\n<meta property=\"og:description\" content=\"Front Suction Adapter Other Benchtop Accessories.. Benchtop Part Number#: AA709,\" \/>\n<meta property=\"og:url\" content=\"https:\/\/quatroair.com\/industries\/dental\/accessories\/benchtop\/other\/front-suction-adapter\" \/>\n<meta property=\"og:site_name\" content=\"Quatro Air Techologies\" \/>\n<meta property=\"article:publisher\" content=\"https:\/\/www.facebook.com\/QuatroAirTechnologies\" \/>\n<meta property=\"article:modified_time\" content=\"2026-02-05T15:57:49+00:00\" \/>\n<meta property=\"og:image\" content=\"https:\/\/quatroair.com\/wp-content\/uploads\/2024\/11\/AA709-AA709-MSV-and-AA709-ASv.png\" \/>\n\t<meta property=\"og:image:width\" content=\"480\" \/>\n\t<meta property=\"og:image:height\" content=\"320\" \/>\n\t<meta property=\"og:image:type\" content=\"image\/png\" \/>\n<meta name=\"twitter:card\" content=\"summary_large_image\" \/>\n<meta name=\"twitter:site\" content=\"@QuatroAir\" \/>\n<meta name=\"twitter:label1\" content=\"Dur\u00e9e de lecture estim\u00e9e\" \/>\n\t<meta name=\"twitter:data1\" content=\"1 minute\" \/>\n<script type=\"application\/ld+json\" class=\"yoast-schema-graph\">{\"@context\":\"https:\/\/schema.org\",\"@graph\":[{\"@type\":\"WebPage\",\"@id\":\"https:\/\/quatroair.com\/industries\/dental\/accessories\/benchtop\/other\/front-suction-adapter\",\"url\":\"https:\/\/quatroair.com\/industries\/dental\/accessories\/benchtop\/other\/front-suction-adapter\",\"name\":\"Adaptateur d\u2019Aspiration Frontale - Quatro Air Techologies\",\"isPartOf\":{\"@id\":\"https:\/\/quatroair.com\/en\/#website\"},\"primaryImageOfPage\":{\"@id\":\"https:\/\/quatroair.com\/industries\/dental\/accessories\/benchtop\/other\/front-suction-adapter#primaryimage\"},\"image\":{\"@id\":\"https:\/\/quatroair.com\/industries\/dental\/accessories\/benchtop\/other\/front-suction-adapter#primaryimage\"},\"thumbnailUrl\":\"https:\/\/quatroair.com\/wp-content\/uploads\/2024\/11\/AA709-AA709-MSV-and-AA709-ASv.png\",\"datePublished\":\"2024-11-18T14:05:18+00:00\",\"dateModified\":\"2026-02-05T15:57:49+00:00\",\"description\":\"Front Suction Adapter Other Benchtop Accessories.. Benchtop Part Number#: AA709,\",\"breadcrumb\":{\"@id\":\"https:\/\/quatroair.com\/industries\/dental\/accessories\/benchtop\/other\/front-suction-adapter#breadcrumb\"},\"inLanguage\":\"fr-FR\",\"potentialAction\":[{\"@type\":\"ReadAction\",\"target\":[\"https:\/\/quatroair.com\/industries\/dental\/accessories\/benchtop\/other\/front-suction-adapter\"]}]},{\"@type\":\"ImageObject\",\"inLanguage\":\"fr-FR\",\"@id\":\"https:\/\/quatroair.com\/industries\/dental\/accessories\/benchtop\/other\/front-suction-adapter#primaryimage\",\"url\":\"https:\/\/quatroair.com\/wp-content\/uploads\/2024\/11\/AA709-AA709-MSV-and-AA709-ASv.png\",\"contentUrl\":\"https:\/\/quatroair.com\/wp-content\/uploads\/2024\/11\/AA709-AA709-MSV-and-AA709-ASv.png\",\"width\":480,\"height\":320},{\"@type\":\"BreadcrumbList\",\"@id\":\"https:\/\/quatroair.com\/industries\/dental\/accessories\/benchtop\/other\/front-suction-adapter#breadcrumb\",\"itemListElement\":[{\"@type\":\"ListItem\",\"position\":1,\"name\":\"Home\",\"item\":\"https:\/\/quatroair.com\/\"},{\"@type\":\"ListItem\",\"position\":2,\"name\":\"Products\",\"item\":\"https:\/\/quatroair.com\/shop__trashed\/\"},{\"@type\":\"ListItem\",\"position\":3,\"name\":\"Adaptateur d\u2019Aspiration Frontale\"}]},{\"@type\":\"WebSite\",\"@id\":\"https:\/\/quatroair.com\/en\/#website\",\"url\":\"https:\/\/quatroair.com\/en\/\",\"name\":\"Quatro Air Techologies\",\"description\":\"Quatro Air provides effective clean air solutions designed to handle any air quality challenge in your home, office or business. Contact us today for details.\",\"publisher\":{\"@id\":\"https:\/\/quatroair.com\/en\/#organization\"},\"potentialAction\":[{\"@type\":\"SearchAction\",\"target\":{\"@type\":\"EntryPoint\",\"urlTemplate\":\"https:\/\/quatroair.com\/en\/?s={search_term_string}\"},\"query-input\":{\"@type\":\"PropertyValueSpecification\",\"valueRequired\":true,\"valueName\":\"search_term_string\"}}],\"inLanguage\":\"fr-FR\"},{\"@type\":\"Organization\",\"@id\":\"https:\/\/quatroair.com\/en\/#organization\",\"name\":\"Quatro Air Techologies\",\"url\":\"https:\/\/quatroair.com\/en\/\",\"logo\":{\"@type\":\"ImageObject\",\"inLanguage\":\"fr-FR\",\"@id\":\"https:\/\/quatroair.com\/en\/#\/schema\/logo\/image\/\",\"url\":\"https:\/\/quatroair.com\/wp-content\/uploads\/2024\/10\/logo.svg\",\"contentUrl\":\"https:\/\/quatroair.com\/wp-content\/uploads\/2024\/10\/logo.svg\",\"width\":708,\"height\":142,\"caption\":\"Quatro Air Techologies\"},\"image\":{\"@id\":\"https:\/\/quatroair.com\/en\/#\/schema\/logo\/image\/\"},\"sameAs\":[\"https:\/\/www.facebook.com\/QuatroAirTechnologies\",\"https:\/\/x.com\/QuatroAir\",\"https:\/\/www.youtube.com\/channel\/UCdTTBL7Pwwyr2JGybAn8Bxw\",\"https:\/\/www.linkedin.com\/company\/quatro-air-technologies\"]}]}<\/script>\n<!-- \/ Yoast SEO plugin. -->","yoast_head_json":{"title":"Adaptateur d\u2019Aspiration Frontale - Quatro Air Techologies","description":"Front Suction Adapter Other Benchtop Accessories.. Benchtop Part Number#: AA709,","robots":{"index":"index","follow":"follow"},"canonical":"https:\/\/quatroair.com\/industries\/dental\/accessories\/benchtop\/other\/front-suction-adapter","og_locale":"fr_FR","og_type":"article","og_title":"Adaptateur d\u2019Aspiration Frontale - Quatro Air Techologies","og_description":"Front Suction Adapter Other Benchtop Accessories.. Benchtop Part Number#: AA709,","og_url":"https:\/\/quatroair.com\/industries\/dental\/accessories\/benchtop\/other\/front-suction-adapter","og_site_name":"Quatro Air Techologies","article_publisher":"https:\/\/www.facebook.com\/QuatroAirTechnologies","article_modified_time":"2026-02-05T15:57:49+00:00","og_image":[{"width":480,"height":320,"url":"https:\/\/quatroair.com\/wp-content\/uploads\/2024\/11\/AA709-AA709-MSV-and-AA709-ASv.png","type":"image\/png"}],"twitter_card":"summary_large_image","twitter_site":"@QuatroAir","twitter_misc":{"Dur\u00e9e de lecture estim\u00e9e":"1 minute"},"schema":{"@context":"https:\/\/schema.org","@graph":[{"@type":"WebPage","@id":"https:\/\/quatroair.com\/industries\/dental\/accessories\/benchtop\/other\/front-suction-adapter","url":"https:\/\/quatroair.com\/industries\/dental\/accessories\/benchtop\/other\/front-suction-adapter","name":"Adaptateur d\u2019Aspiration Frontale - Quatro Air Techologies","isPartOf":{"@id":"https:\/\/quatroair.com\/en\/#website"},"primaryImageOfPage":{"@id":"https:\/\/quatroair.com\/industries\/dental\/accessories\/benchtop\/other\/front-suction-adapter#primaryimage"},"image":{"@id":"https:\/\/quatroair.com\/industries\/dental\/accessories\/benchtop\/other\/front-suction-adapter#primaryimage"},"thumbnailUrl":"https:\/\/quatroair.com\/wp-content\/uploads\/2024\/11\/AA709-AA709-MSV-and-AA709-ASv.png","datePublished":"2024-11-18T14:05:18+00:00","dateModified":"2026-02-05T15:57:49+00:00","description":"Front Suction Adapter Other Benchtop Accessories.. Benchtop Part Number#: AA709,","breadcrumb":{"@id":"https:\/\/quatroair.com\/industries\/dental\/accessories\/benchtop\/other\/front-suction-adapter#breadcrumb"},"inLanguage":"fr-FR","potentialAction":[{"@type":"ReadAction","target":["https:\/\/quatroair.com\/industries\/dental\/accessories\/benchtop\/other\/front-suction-adapter"]}]},{"@type":"ImageObject","inLanguage":"fr-FR","@id":"https:\/\/quatroair.com\/industries\/dental\/accessories\/benchtop\/other\/front-suction-adapter#primaryimage","url":"https:\/\/quatroair.com\/wp-content\/uploads\/2024\/11\/AA709-AA709-MSV-and-AA709-ASv.png","contentUrl":"https:\/\/quatroair.com\/wp-content\/uploads\/2024\/11\/AA709-AA709-MSV-and-AA709-ASv.png","width":480,"height":320},{"@type":"BreadcrumbList","@id":"https:\/\/quatroair.com\/industries\/dental\/accessories\/benchtop\/other\/front-suction-adapter#breadcrumb","itemListElement":[{"@type":"ListItem","position":1,"name":"Home","item":"https:\/\/quatroair.com\/"},{"@type":"ListItem","position":2,"name":"Products","item":"https:\/\/quatroair.com\/shop__trashed\/"},{"@type":"ListItem","position":3,"name":"Adaptateur d\u2019Aspiration Frontale"}]},{"@type":"WebSite","@id":"https:\/\/quatroair.com\/en\/#website","url":"https:\/\/quatroair.com\/en\/","name":"Quatro Air Techologies","description":"Quatro Air provides effective clean air solutions designed to handle any air quality challenge in your home, office or business. Contact us today for details.","publisher":{"@id":"https:\/\/quatroair.com\/en\/#organization"},"potentialAction":[{"@type":"SearchAction","target":{"@type":"EntryPoint","urlTemplate":"https:\/\/quatroair.com\/en\/?s={search_term_string}"},"query-input":{"@type":"PropertyValueSpecification","valueRequired":true,"valueName":"search_term_string"}}],"inLanguage":"fr-FR"},{"@type":"Organization","@id":"https:\/\/quatroair.com\/en\/#organization","name":"Quatro Air Techologies","url":"https:\/\/quatroair.com\/en\/","logo":{"@type":"ImageObject","inLanguage":"fr-FR","@id":"https:\/\/quatroair.com\/en\/#\/schema\/logo\/image\/","url":"https:\/\/quatroair.com\/wp-content\/uploads\/2024\/10\/logo.svg","contentUrl":"https:\/\/quatroair.com\/wp-content\/uploads\/2024\/10\/logo.svg","width":708,"height":142,"caption":"Quatro Air Techologies"},"image":{"@id":"https:\/\/quatroair.com\/en\/#\/schema\/logo\/image\/"},"sameAs":["https:\/\/www.facebook.com\/QuatroAirTechnologies","https:\/\/x.com\/QuatroAir","https:\/\/www.youtube.com\/channel\/UCdTTBL7Pwwyr2JGybAn8Bxw","https:\/\/www.linkedin.com\/company\/quatro-air-technologies"]}]}},"_links":{"self":[{"href":"https:\/\/quatroair.com\/fr\/wp-json\/wp\/v2\/product\/9717","targetHints":{"allow":["GET"]}}],"collection":[{"href":"https:\/\/quatroair.com\/fr\/wp-json\/wp\/v2\/product"}],"about":[{"href":"https:\/\/quatroair.com\/fr\/wp-json\/wp\/v2\/types\/product"}],"replies":[{"embeddable":true,"href":"https:\/\/quatroair.com\/fr\/wp-json\/wp\/v2\/comments?post=9717"}],"version-history":[{"count":6,"href":"https:\/\/quatroair.com\/fr\/wp-json\/wp\/v2\/product\/9717\/revisions"}],"predecessor-version":[{"id":12238,"href":"https:\/\/quatroair.com\/fr\/wp-json\/wp\/v2\/product\/9717\/revisions\/12238"}],"wp:featuredmedia":[{"embeddable":true,"href":"https:\/\/quatroair.com\/fr\/wp-json\/wp\/v2\/media\/10816"}],"wp:attachment":[{"href":"https:\/\/quatroair.com\/fr\/wp-json\/wp\/v2\/media?parent=9717"}],"wp:term":[{"taxonomy":"product_cat","embeddable":true,"href":"https:\/\/quatroair.com\/fr\/wp-json\/wp\/v2\/product_cat?post=9717"},{"taxonomy":"product_tag","embeddable":true,"href":"https:\/\/quatroair.com\/fr\/wp-json\/wp\/v2\/product_tag?post=9717"}],"curies":[{"name":"wp","href":"https:\/\/api.w.org\/{rel}","templated":true}]}}