{"id":9711,"date":"2024-11-18T14:11:17","date_gmt":"2024-11-18T14:11:17","guid":{"rendered":"https:\/\/quatroair.com\/product\/suction-wedge-workbench-attachment-at-the-front-of-the-bench\/"},"modified":"2026-02-17T15:26:44","modified_gmt":"2026-02-17T15:26:44","slug":"suction-wedge-workbench-attachment-at-the-front-of-the-bench","status":"publish","type":"product","link":"https:\/\/quatroair.com\/fr\/products\/product-accessories\/benchtop\/other\/suction-wedge-workbench-attachment-at-the-front-of-the-bench","title":{"rendered":"Cale d\u2019Aspiration, Accessoire d\u2019\u00c9tabli \u00e0 l\u2019Avant de l\u2019\u00c9tabli"},"content":{"rendered":"<h3>Pr\u00e9sentation<\/h3>\n<ul>\n<li>Se fixe \u00e0 un tuyau de 38 mm (1,5 po) par le bas<\/li>\n<li>La cale en bois s&rsquo;installe devant le banc<\/li>\n<\/ul>\n<h3>Avantages<\/h3>\n<ul>\n<li>Le treillis m\u00e9tallique emp\u00eache les objets d&rsquo;\u00eatre aspir\u00e9s<\/li>\n<\/ul>\n<h3>Caract\u00e9ristiques<\/h3>\n<ul>\n<li>Le support sous le comptoir facilite son retrait lorsqu&rsquo;il n&rsquo;est pas utilis\u00e9. n\u00e9cessaire<\/li>\n<li>Inclus\u00a0: Support sous le comptoir en acier (#AA344)<\/li>\n<\/ul>\n<h3>Options<\/h3>\n<ul>\n<li>\u00c9galement disponible\u00a0: Cale d&rsquo;aspiration seulement, sans support sous le comptoir en acier (#AA213)<\/li>\n<\/ul>\n","protected":false},"excerpt":{"rendered":"<p>La cale d&rsquo;aspiration est un accessoire de banc \u00e0 aspiration descendante int\u00e9gr\u00e9 pour les applications de pi\u00e8ce \u00e0 main\/classement<\/p>\n","protected":false},"featured_media":10825,"comment_status":"open","ping_status":"closed","template":"","meta":{"_acf_changed":false},"product_cat":[88],"product_tag":[],"class_list":{"0":"post-9711","1":"product","2":"type-product","3":"status-publish","4":"has-post-thumbnail","6":"product_cat-nocategroy-fr","8":"first","9":"instock","10":"shipping-taxable","11":"product-type-simple"},"acf":[],"yoast_head":"<!-- This site is optimized with the Yoast SEO plugin v26.9 - https:\/\/yoast.com\/product\/yoast-seo-wordpress\/ -->\n<title>Cale d\u2019Aspiration, Accessoire d\u2019\u00c9tabli \u00e0 l\u2019Avant de l\u2019\u00c9tabli - Quatro Air Techologies<\/title>\n<meta name=\"description\" content=\"Suction Wedge, Workbench Attachment at the Front of the Bench Other Benchtop\" \/>\n<meta name=\"robots\" content=\"index, follow\" \/>\n<link rel=\"canonical\" href=\"https:\/\/quatroair.com\/industries\/dental\/accessories\/benchtop\/other\/suction-wedge-workbench-attachment-at-the-front-of-the-bench\" \/>\n<meta property=\"og:locale\" content=\"fr_FR\" \/>\n<meta property=\"og:type\" content=\"article\" \/>\n<meta property=\"og:title\" content=\"Cale d\u2019Aspiration, Accessoire d\u2019\u00c9tabli \u00e0 l\u2019Avant de l\u2019\u00c9tabli - Quatro Air Techologies\" \/>\n<meta property=\"og:description\" content=\"Suction Wedge, Workbench Attachment at the Front of the Bench Other Benchtop\" \/>\n<meta property=\"og:url\" content=\"https:\/\/quatroair.com\/industries\/dental\/accessories\/benchtop\/other\/suction-wedge-workbench-attachment-at-the-front-of-the-bench\" \/>\n<meta property=\"og:site_name\" content=\"Quatro Air Techologies\" \/>\n<meta property=\"article:publisher\" content=\"https:\/\/www.facebook.com\/QuatroAirTechnologies\" \/>\n<meta property=\"article:modified_time\" content=\"2026-02-17T15:26:44+00:00\" \/>\n<meta property=\"og:image\" content=\"https:\/\/quatroair.com\/wp-content\/uploads\/2024\/11\/AA343-Suction-Wedge.png\" \/>\n\t<meta property=\"og:image:width\" content=\"480\" \/>\n\t<meta property=\"og:image:height\" content=\"320\" \/>\n\t<meta property=\"og:image:type\" content=\"image\/png\" \/>\n<meta name=\"twitter:card\" content=\"summary_large_image\" \/>\n<meta name=\"twitter:site\" content=\"@QuatroAir\" \/>\n<meta name=\"twitter:label1\" content=\"Dur\u00e9e de lecture estim\u00e9e\" \/>\n\t<meta name=\"twitter:data1\" content=\"1 minute\" \/>\n<script type=\"application\/ld+json\" class=\"yoast-schema-graph\">{\"@context\":\"https:\/\/schema.org\",\"@graph\":[{\"@type\":\"WebPage\",\"@id\":\"https:\/\/quatroair.com\/industries\/dental\/accessories\/benchtop\/other\/suction-wedge-workbench-attachment-at-the-front-of-the-bench\",\"url\":\"https:\/\/quatroair.com\/industries\/dental\/accessories\/benchtop\/other\/suction-wedge-workbench-attachment-at-the-front-of-the-bench\",\"name\":\"Cale d\u2019Aspiration, Accessoire d\u2019\u00c9tabli \u00e0 l\u2019Avant de l\u2019\u00c9tabli - Quatro Air Techologies\",\"isPartOf\":{\"@id\":\"https:\/\/quatroair.com\/en\/#website\"},\"primaryImageOfPage\":{\"@id\":\"https:\/\/quatroair.com\/industries\/dental\/accessories\/benchtop\/other\/suction-wedge-workbench-attachment-at-the-front-of-the-bench#primaryimage\"},\"image\":{\"@id\":\"https:\/\/quatroair.com\/industries\/dental\/accessories\/benchtop\/other\/suction-wedge-workbench-attachment-at-the-front-of-the-bench#primaryimage\"},\"thumbnailUrl\":\"https:\/\/quatroair.com\/wp-content\/uploads\/2024\/11\/AA343-Suction-Wedge.png\",\"datePublished\":\"2024-11-18T14:11:17+00:00\",\"dateModified\":\"2026-02-17T15:26:44+00:00\",\"description\":\"Suction Wedge, Workbench Attachment at the Front of the Bench Other Benchtop\",\"breadcrumb\":{\"@id\":\"https:\/\/quatroair.com\/industries\/dental\/accessories\/benchtop\/other\/suction-wedge-workbench-attachment-at-the-front-of-the-bench#breadcrumb\"},\"inLanguage\":\"fr-FR\",\"potentialAction\":[{\"@type\":\"ReadAction\",\"target\":[\"https:\/\/quatroair.com\/industries\/dental\/accessories\/benchtop\/other\/suction-wedge-workbench-attachment-at-the-front-of-the-bench\"]}]},{\"@type\":\"ImageObject\",\"inLanguage\":\"fr-FR\",\"@id\":\"https:\/\/quatroair.com\/industries\/dental\/accessories\/benchtop\/other\/suction-wedge-workbench-attachment-at-the-front-of-the-bench#primaryimage\",\"url\":\"https:\/\/quatroair.com\/wp-content\/uploads\/2024\/11\/AA343-Suction-Wedge.png\",\"contentUrl\":\"https:\/\/quatroair.com\/wp-content\/uploads\/2024\/11\/AA343-Suction-Wedge.png\",\"width\":480,\"height\":320},{\"@type\":\"BreadcrumbList\",\"@id\":\"https:\/\/quatroair.com\/industries\/dental\/accessories\/benchtop\/other\/suction-wedge-workbench-attachment-at-the-front-of-the-bench#breadcrumb\",\"itemListElement\":[{\"@type\":\"ListItem\",\"position\":1,\"name\":\"Home\",\"item\":\"https:\/\/quatroair.com\/\"},{\"@type\":\"ListItem\",\"position\":2,\"name\":\"Products\",\"item\":\"https:\/\/quatroair.com\/shop__trashed\/\"},{\"@type\":\"ListItem\",\"position\":3,\"name\":\"Cale d\u2019Aspiration, Accessoire d\u2019\u00c9tabli \u00e0 l\u2019Avant de l\u2019\u00c9tabli\"}]},{\"@type\":\"WebSite\",\"@id\":\"https:\/\/quatroair.com\/en\/#website\",\"url\":\"https:\/\/quatroair.com\/en\/\",\"name\":\"Quatro Air Techologies\",\"description\":\"Quatro Air provides effective clean air solutions designed to handle any air quality challenge in your home, office or business. Contact us today for details.\",\"publisher\":{\"@id\":\"https:\/\/quatroair.com\/en\/#organization\"},\"potentialAction\":[{\"@type\":\"SearchAction\",\"target\":{\"@type\":\"EntryPoint\",\"urlTemplate\":\"https:\/\/quatroair.com\/en\/?s={search_term_string}\"},\"query-input\":{\"@type\":\"PropertyValueSpecification\",\"valueRequired\":true,\"valueName\":\"search_term_string\"}}],\"inLanguage\":\"fr-FR\"},{\"@type\":\"Organization\",\"@id\":\"https:\/\/quatroair.com\/en\/#organization\",\"name\":\"Quatro Air Techologies\",\"url\":\"https:\/\/quatroair.com\/en\/\",\"logo\":{\"@type\":\"ImageObject\",\"inLanguage\":\"fr-FR\",\"@id\":\"https:\/\/quatroair.com\/en\/#\/schema\/logo\/image\/\",\"url\":\"https:\/\/quatroair.com\/wp-content\/uploads\/2024\/10\/logo.svg\",\"contentUrl\":\"https:\/\/quatroair.com\/wp-content\/uploads\/2024\/10\/logo.svg\",\"width\":708,\"height\":142,\"caption\":\"Quatro Air Techologies\"},\"image\":{\"@id\":\"https:\/\/quatroair.com\/en\/#\/schema\/logo\/image\/\"},\"sameAs\":[\"https:\/\/www.facebook.com\/QuatroAirTechnologies\",\"https:\/\/x.com\/QuatroAir\",\"https:\/\/www.youtube.com\/channel\/UCdTTBL7Pwwyr2JGybAn8Bxw\",\"https:\/\/www.linkedin.com\/company\/quatro-air-technologies\"]}]}<\/script>\n<!-- \/ Yoast SEO plugin. -->","yoast_head_json":{"title":"Cale d\u2019Aspiration, Accessoire d\u2019\u00c9tabli \u00e0 l\u2019Avant de l\u2019\u00c9tabli - Quatro Air Techologies","description":"Suction Wedge, Workbench Attachment at the Front of the Bench Other Benchtop","robots":{"index":"index","follow":"follow"},"canonical":"https:\/\/quatroair.com\/industries\/dental\/accessories\/benchtop\/other\/suction-wedge-workbench-attachment-at-the-front-of-the-bench","og_locale":"fr_FR","og_type":"article","og_title":"Cale d\u2019Aspiration, Accessoire d\u2019\u00c9tabli \u00e0 l\u2019Avant de l\u2019\u00c9tabli - Quatro Air Techologies","og_description":"Suction Wedge, Workbench Attachment at the Front of the Bench Other Benchtop","og_url":"https:\/\/quatroair.com\/industries\/dental\/accessories\/benchtop\/other\/suction-wedge-workbench-attachment-at-the-front-of-the-bench","og_site_name":"Quatro Air Techologies","article_publisher":"https:\/\/www.facebook.com\/QuatroAirTechnologies","article_modified_time":"2026-02-17T15:26:44+00:00","og_image":[{"width":480,"height":320,"url":"https:\/\/quatroair.com\/wp-content\/uploads\/2024\/11\/AA343-Suction-Wedge.png","type":"image\/png"}],"twitter_card":"summary_large_image","twitter_site":"@QuatroAir","twitter_misc":{"Dur\u00e9e de lecture estim\u00e9e":"1 minute"},"schema":{"@context":"https:\/\/schema.org","@graph":[{"@type":"WebPage","@id":"https:\/\/quatroair.com\/industries\/dental\/accessories\/benchtop\/other\/suction-wedge-workbench-attachment-at-the-front-of-the-bench","url":"https:\/\/quatroair.com\/industries\/dental\/accessories\/benchtop\/other\/suction-wedge-workbench-attachment-at-the-front-of-the-bench","name":"Cale d\u2019Aspiration, Accessoire d\u2019\u00c9tabli \u00e0 l\u2019Avant de l\u2019\u00c9tabli - Quatro Air Techologies","isPartOf":{"@id":"https:\/\/quatroair.com\/en\/#website"},"primaryImageOfPage":{"@id":"https:\/\/quatroair.com\/industries\/dental\/accessories\/benchtop\/other\/suction-wedge-workbench-attachment-at-the-front-of-the-bench#primaryimage"},"image":{"@id":"https:\/\/quatroair.com\/industries\/dental\/accessories\/benchtop\/other\/suction-wedge-workbench-attachment-at-the-front-of-the-bench#primaryimage"},"thumbnailUrl":"https:\/\/quatroair.com\/wp-content\/uploads\/2024\/11\/AA343-Suction-Wedge.png","datePublished":"2024-11-18T14:11:17+00:00","dateModified":"2026-02-17T15:26:44+00:00","description":"Suction Wedge, Workbench Attachment at the Front of the Bench Other Benchtop","breadcrumb":{"@id":"https:\/\/quatroair.com\/industries\/dental\/accessories\/benchtop\/other\/suction-wedge-workbench-attachment-at-the-front-of-the-bench#breadcrumb"},"inLanguage":"fr-FR","potentialAction":[{"@type":"ReadAction","target":["https:\/\/quatroair.com\/industries\/dental\/accessories\/benchtop\/other\/suction-wedge-workbench-attachment-at-the-front-of-the-bench"]}]},{"@type":"ImageObject","inLanguage":"fr-FR","@id":"https:\/\/quatroair.com\/industries\/dental\/accessories\/benchtop\/other\/suction-wedge-workbench-attachment-at-the-front-of-the-bench#primaryimage","url":"https:\/\/quatroair.com\/wp-content\/uploads\/2024\/11\/AA343-Suction-Wedge.png","contentUrl":"https:\/\/quatroair.com\/wp-content\/uploads\/2024\/11\/AA343-Suction-Wedge.png","width":480,"height":320},{"@type":"BreadcrumbList","@id":"https:\/\/quatroair.com\/industries\/dental\/accessories\/benchtop\/other\/suction-wedge-workbench-attachment-at-the-front-of-the-bench#breadcrumb","itemListElement":[{"@type":"ListItem","position":1,"name":"Home","item":"https:\/\/quatroair.com\/"},{"@type":"ListItem","position":2,"name":"Products","item":"https:\/\/quatroair.com\/shop__trashed\/"},{"@type":"ListItem","position":3,"name":"Cale d\u2019Aspiration, Accessoire d\u2019\u00c9tabli \u00e0 l\u2019Avant de l\u2019\u00c9tabli"}]},{"@type":"WebSite","@id":"https:\/\/quatroair.com\/en\/#website","url":"https:\/\/quatroair.com\/en\/","name":"Quatro Air Techologies","description":"Quatro Air provides effective clean air solutions designed to handle any air quality challenge in your home, office or business. Contact us today for details.","publisher":{"@id":"https:\/\/quatroair.com\/en\/#organization"},"potentialAction":[{"@type":"SearchAction","target":{"@type":"EntryPoint","urlTemplate":"https:\/\/quatroair.com\/en\/?s={search_term_string}"},"query-input":{"@type":"PropertyValueSpecification","valueRequired":true,"valueName":"search_term_string"}}],"inLanguage":"fr-FR"},{"@type":"Organization","@id":"https:\/\/quatroair.com\/en\/#organization","name":"Quatro Air Techologies","url":"https:\/\/quatroair.com\/en\/","logo":{"@type":"ImageObject","inLanguage":"fr-FR","@id":"https:\/\/quatroair.com\/en\/#\/schema\/logo\/image\/","url":"https:\/\/quatroair.com\/wp-content\/uploads\/2024\/10\/logo.svg","contentUrl":"https:\/\/quatroair.com\/wp-content\/uploads\/2024\/10\/logo.svg","width":708,"height":142,"caption":"Quatro Air Techologies"},"image":{"@id":"https:\/\/quatroair.com\/en\/#\/schema\/logo\/image\/"},"sameAs":["https:\/\/www.facebook.com\/QuatroAirTechnologies","https:\/\/x.com\/QuatroAir","https:\/\/www.youtube.com\/channel\/UCdTTBL7Pwwyr2JGybAn8Bxw","https:\/\/www.linkedin.com\/company\/quatro-air-technologies"]}]}},"_links":{"self":[{"href":"https:\/\/quatroair.com\/fr\/wp-json\/wp\/v2\/product\/9711","targetHints":{"allow":["GET"]}}],"collection":[{"href":"https:\/\/quatroair.com\/fr\/wp-json\/wp\/v2\/product"}],"about":[{"href":"https:\/\/quatroair.com\/fr\/wp-json\/wp\/v2\/types\/product"}],"replies":[{"embeddable":true,"href":"https:\/\/quatroair.com\/fr\/wp-json\/wp\/v2\/comments?post=9711"}],"version-history":[{"count":8,"href":"https:\/\/quatroair.com\/fr\/wp-json\/wp\/v2\/product\/9711\/revisions"}],"predecessor-version":[{"id":12552,"href":"https:\/\/quatroair.com\/fr\/wp-json\/wp\/v2\/product\/9711\/revisions\/12552"}],"wp:featuredmedia":[{"embeddable":true,"href":"https:\/\/quatroair.com\/fr\/wp-json\/wp\/v2\/media\/10825"}],"wp:attachment":[{"href":"https:\/\/quatroair.com\/fr\/wp-json\/wp\/v2\/media?parent=9711"}],"wp:term":[{"taxonomy":"product_cat","embeddable":true,"href":"https:\/\/quatroair.com\/fr\/wp-json\/wp\/v2\/product_cat?post=9711"},{"taxonomy":"product_tag","embeddable":true,"href":"https:\/\/quatroair.com\/fr\/wp-json\/wp\/v2\/product_tag?post=9711"}],"curies":[{"name":"wp","href":"https:\/\/api.w.org\/{rel}","templated":true}]}}