{"id":9691,"date":"2024-11-18T16:30:04","date_gmt":"2024-11-18T16:30:04","guid":{"rendered":"https:\/\/quatroair.com\/product\/led-clearview-basic-2\/"},"modified":"2025-11-24T10:39:39","modified_gmt":"2025-11-24T10:39:39","slug":"led-clearview-basic","status":"publish","type":"product","link":"https:\/\/quatroair.com\/fr\/products\/product-accessories\/containement-cabinets\/led-clearview-basic","title":{"rendered":"LED ClearView de base"},"content":{"rendered":"<div class=\"\">LED ClearView<\/div>\n<div class=\"\">Enceinte de confinement Armoires de confinement<\/div>\n<div class=\"\">Num\u00e9ro de pi\u00e8ce : 2-0058-0020, 2-0058-0021, 2-0058-0022<\/div>\n<div class=\"\">\n\u00bb \u00c9limine les d\u00e9bris de la zone de respiration, contient tous les d\u00e9bris \u00e0 l&rsquo;int\u00e9rieur de l&rsquo;enceinte<br \/>\n\u00bb Applications id\u00e9ales : l\u00e0 o\u00f9 le confinement des d\u00e9bris dangereux est essentiel<br \/>\n\u00bb Inclus : Entr\u00e9e de 1,5 po \/ 2 po de diam\u00e8tre \u00e0 l&rsquo;arri\u00e8re<br \/>\n\u00bb Optionnel : Entr\u00e9es de 2,5&Prime;, 3&Prime;, 4&Prime; de diam\u00e8tre ; Ouverture lat\u00e9rale adapt\u00e9e pour travailler avec un tour (#AR300-19) ; Loupe articul\u00e9e (#AA445) ; Tuyau de capture r\u00e9glable (#AA240) ; Kit de r\u00e9trofit d&rsquo;air comprim\u00e9 avec d\u00e9bit variable (#2-0058-0013)<br \/>\n\u00bb Mod\u00e8le ASV : lorsqu&rsquo;il est utilis\u00e9 avec les unit\u00e9s QUATRO appropri\u00e9es, d\u00e9marre\/arr\u00eate \u00e0 distance le collecteur de poussi\u00e8re pendant que vous ouvrez\/fermez la vanne \u00c0 L&rsquo;INT\u00c9RIEUR du ClearView<br \/>\nNum\u00e9ro d&rsquo;article : 2-0058-0020 Basique (tuyau de 1,5 et 2&Prime;)<br \/>\nNum\u00e9ro d&rsquo;article : 2-0058-0021 (avec MSV, vanne manuelle incluse) ; 2-0058-0022 (avec ASV incluse)\n<\/div>\n","protected":false},"excerpt":{"rendered":"<p>Se connecte au collecteur de poussi\u00e8re via un tuyau de 1,5 ou 2 pouces de diam\u00e8tre<\/p>\n","protected":false},"featured_media":10684,"comment_status":"open","ping_status":"closed","template":"","meta":{"_acf_changed":false},"product_cat":[88],"product_tag":[],"class_list":{"0":"post-9691","1":"product","2":"type-product","3":"status-publish","4":"has-post-thumbnail","6":"product_cat-nocategroy-fr","8":"first","9":"instock","10":"shipping-taxable","11":"product-type-simple"},"acf":[],"yoast_head":"<!-- This site is optimized with the Yoast SEO plugin v26.9 - https:\/\/yoast.com\/product\/yoast-seo-wordpress\/ -->\n<title>LED ClearView de base - Quatro Air Techologies<\/title>\n<meta name=\"description\" content=\"LED ClearView Enceinte de confinement Armoires de confinement Num\u00e9ro de pi\u00e8ce :\" \/>\n<meta name=\"robots\" content=\"index, follow\" \/>\n<link rel=\"canonical\" href=\"https:\/\/quatroair.com\/fr\/dentaire\/accessories\/containement-cabinets\/led-clearview-basic\" \/>\n<meta property=\"og:locale\" content=\"fr_FR\" \/>\n<meta property=\"og:type\" content=\"article\" \/>\n<meta property=\"og:title\" content=\"LED ClearView de base - Quatro Air Techologies\" \/>\n<meta property=\"og:description\" content=\"LED ClearView Enceinte de confinement Armoires de confinement Num\u00e9ro de pi\u00e8ce :\" \/>\n<meta property=\"og:url\" content=\"https:\/\/quatroair.com\/fr\/dentaire\/accessories\/containement-cabinets\/led-clearview-basic\" \/>\n<meta property=\"og:site_name\" content=\"Quatro Air Techologies\" \/>\n<meta property=\"article:publisher\" content=\"https:\/\/www.facebook.com\/QuatroAirTechnologies\" \/>\n<meta property=\"article:modified_time\" content=\"2025-11-24T10:39:39+00:00\" \/>\n<meta property=\"og:image\" content=\"https:\/\/quatroair.com\/wp-content\/uploads\/2024\/11\/2-0058-0020.png\" \/>\n\t<meta property=\"og:image:width\" content=\"480\" \/>\n\t<meta property=\"og:image:height\" content=\"320\" \/>\n\t<meta property=\"og:image:type\" content=\"image\/png\" \/>\n<meta name=\"twitter:card\" content=\"summary_large_image\" \/>\n<meta name=\"twitter:site\" content=\"@QuatroAir\" \/>\n<meta name=\"twitter:label1\" content=\"Dur\u00e9e de lecture estim\u00e9e\" \/>\n\t<meta name=\"twitter:data1\" content=\"1 minute\" \/>\n<script type=\"application\/ld+json\" class=\"yoast-schema-graph\">{\"@context\":\"https:\/\/schema.org\",\"@graph\":[{\"@type\":\"WebPage\",\"@id\":\"https:\/\/quatroair.com\/fr\/dentaire\/accessories\/containement-cabinets\/led-clearview-basic\",\"url\":\"https:\/\/quatroair.com\/fr\/dentaire\/accessories\/containement-cabinets\/led-clearview-basic\",\"name\":\"LED ClearView de base - Quatro Air Techologies\",\"isPartOf\":{\"@id\":\"https:\/\/quatroair.com\/en\/#website\"},\"primaryImageOfPage\":{\"@id\":\"https:\/\/quatroair.com\/fr\/dentaire\/accessories\/containement-cabinets\/led-clearview-basic#primaryimage\"},\"image\":{\"@id\":\"https:\/\/quatroair.com\/fr\/dentaire\/accessories\/containement-cabinets\/led-clearview-basic#primaryimage\"},\"thumbnailUrl\":\"https:\/\/quatroair.com\/wp-content\/uploads\/2024\/11\/2-0058-0020.png\",\"datePublished\":\"2024-11-18T16:30:04+00:00\",\"dateModified\":\"2025-11-24T10:39:39+00:00\",\"description\":\"LED ClearView Enceinte de confinement Armoires de confinement Num\u00e9ro de pi\u00e8ce :\",\"breadcrumb\":{\"@id\":\"https:\/\/quatroair.com\/fr\/dentaire\/accessories\/containement-cabinets\/led-clearview-basic#breadcrumb\"},\"inLanguage\":\"fr-FR\",\"potentialAction\":[{\"@type\":\"ReadAction\",\"target\":[\"https:\/\/quatroair.com\/fr\/dentaire\/accessories\/containement-cabinets\/led-clearview-basic\"]}]},{\"@type\":\"ImageObject\",\"inLanguage\":\"fr-FR\",\"@id\":\"https:\/\/quatroair.com\/fr\/dentaire\/accessories\/containement-cabinets\/led-clearview-basic#primaryimage\",\"url\":\"https:\/\/quatroair.com\/wp-content\/uploads\/2024\/11\/2-0058-0020.png\",\"contentUrl\":\"https:\/\/quatroair.com\/wp-content\/uploads\/2024\/11\/2-0058-0020.png\",\"width\":480,\"height\":320},{\"@type\":\"BreadcrumbList\",\"@id\":\"https:\/\/quatroair.com\/fr\/dentaire\/accessories\/containement-cabinets\/led-clearview-basic#breadcrumb\",\"itemListElement\":[{\"@type\":\"ListItem\",\"position\":1,\"name\":\"Home\",\"item\":\"https:\/\/quatroair.com\/\"},{\"@type\":\"ListItem\",\"position\":2,\"name\":\"Products\",\"item\":\"https:\/\/quatroair.com\/shop__trashed\/\"},{\"@type\":\"ListItem\",\"position\":3,\"name\":\"LED ClearView de base\"}]},{\"@type\":\"WebSite\",\"@id\":\"https:\/\/quatroair.com\/en\/#website\",\"url\":\"https:\/\/quatroair.com\/en\/\",\"name\":\"Quatro Air Techologies\",\"description\":\"Quatro Air provides effective clean air solutions designed to handle any air quality challenge in your home, office or business. Contact us today for details.\",\"publisher\":{\"@id\":\"https:\/\/quatroair.com\/en\/#organization\"},\"potentialAction\":[{\"@type\":\"SearchAction\",\"target\":{\"@type\":\"EntryPoint\",\"urlTemplate\":\"https:\/\/quatroair.com\/en\/?s={search_term_string}\"},\"query-input\":{\"@type\":\"PropertyValueSpecification\",\"valueRequired\":true,\"valueName\":\"search_term_string\"}}],\"inLanguage\":\"fr-FR\"},{\"@type\":\"Organization\",\"@id\":\"https:\/\/quatroair.com\/en\/#organization\",\"name\":\"Quatro Air Techologies\",\"url\":\"https:\/\/quatroair.com\/en\/\",\"logo\":{\"@type\":\"ImageObject\",\"inLanguage\":\"fr-FR\",\"@id\":\"https:\/\/quatroair.com\/en\/#\/schema\/logo\/image\/\",\"url\":\"https:\/\/quatroair.com\/wp-content\/uploads\/2024\/10\/logo.svg\",\"contentUrl\":\"https:\/\/quatroair.com\/wp-content\/uploads\/2024\/10\/logo.svg\",\"width\":708,\"height\":142,\"caption\":\"Quatro Air Techologies\"},\"image\":{\"@id\":\"https:\/\/quatroair.com\/en\/#\/schema\/logo\/image\/\"},\"sameAs\":[\"https:\/\/www.facebook.com\/QuatroAirTechnologies\",\"https:\/\/x.com\/QuatroAir\",\"https:\/\/www.youtube.com\/channel\/UCdTTBL7Pwwyr2JGybAn8Bxw\",\"https:\/\/www.linkedin.com\/company\/quatro-air-technologies\"]}]}<\/script>\n<!-- \/ Yoast SEO plugin. -->","yoast_head_json":{"title":"LED ClearView de base - Quatro Air Techologies","description":"LED ClearView Enceinte de confinement Armoires de confinement Num\u00e9ro de pi\u00e8ce :","robots":{"index":"index","follow":"follow"},"canonical":"https:\/\/quatroair.com\/fr\/dentaire\/accessories\/containement-cabinets\/led-clearview-basic","og_locale":"fr_FR","og_type":"article","og_title":"LED ClearView de base - Quatro Air Techologies","og_description":"LED ClearView Enceinte de confinement Armoires de confinement Num\u00e9ro de pi\u00e8ce :","og_url":"https:\/\/quatroair.com\/fr\/dentaire\/accessories\/containement-cabinets\/led-clearview-basic","og_site_name":"Quatro Air Techologies","article_publisher":"https:\/\/www.facebook.com\/QuatroAirTechnologies","article_modified_time":"2025-11-24T10:39:39+00:00","og_image":[{"width":480,"height":320,"url":"https:\/\/quatroair.com\/wp-content\/uploads\/2024\/11\/2-0058-0020.png","type":"image\/png"}],"twitter_card":"summary_large_image","twitter_site":"@QuatroAir","twitter_misc":{"Dur\u00e9e de lecture estim\u00e9e":"1 minute"},"schema":{"@context":"https:\/\/schema.org","@graph":[{"@type":"WebPage","@id":"https:\/\/quatroair.com\/fr\/dentaire\/accessories\/containement-cabinets\/led-clearview-basic","url":"https:\/\/quatroair.com\/fr\/dentaire\/accessories\/containement-cabinets\/led-clearview-basic","name":"LED ClearView de base - Quatro Air Techologies","isPartOf":{"@id":"https:\/\/quatroair.com\/en\/#website"},"primaryImageOfPage":{"@id":"https:\/\/quatroair.com\/fr\/dentaire\/accessories\/containement-cabinets\/led-clearview-basic#primaryimage"},"image":{"@id":"https:\/\/quatroair.com\/fr\/dentaire\/accessories\/containement-cabinets\/led-clearview-basic#primaryimage"},"thumbnailUrl":"https:\/\/quatroair.com\/wp-content\/uploads\/2024\/11\/2-0058-0020.png","datePublished":"2024-11-18T16:30:04+00:00","dateModified":"2025-11-24T10:39:39+00:00","description":"LED ClearView Enceinte de confinement Armoires de confinement Num\u00e9ro de pi\u00e8ce :","breadcrumb":{"@id":"https:\/\/quatroair.com\/fr\/dentaire\/accessories\/containement-cabinets\/led-clearview-basic#breadcrumb"},"inLanguage":"fr-FR","potentialAction":[{"@type":"ReadAction","target":["https:\/\/quatroair.com\/fr\/dentaire\/accessories\/containement-cabinets\/led-clearview-basic"]}]},{"@type":"ImageObject","inLanguage":"fr-FR","@id":"https:\/\/quatroair.com\/fr\/dentaire\/accessories\/containement-cabinets\/led-clearview-basic#primaryimage","url":"https:\/\/quatroair.com\/wp-content\/uploads\/2024\/11\/2-0058-0020.png","contentUrl":"https:\/\/quatroair.com\/wp-content\/uploads\/2024\/11\/2-0058-0020.png","width":480,"height":320},{"@type":"BreadcrumbList","@id":"https:\/\/quatroair.com\/fr\/dentaire\/accessories\/containement-cabinets\/led-clearview-basic#breadcrumb","itemListElement":[{"@type":"ListItem","position":1,"name":"Home","item":"https:\/\/quatroair.com\/"},{"@type":"ListItem","position":2,"name":"Products","item":"https:\/\/quatroair.com\/shop__trashed\/"},{"@type":"ListItem","position":3,"name":"LED ClearView de base"}]},{"@type":"WebSite","@id":"https:\/\/quatroair.com\/en\/#website","url":"https:\/\/quatroair.com\/en\/","name":"Quatro Air Techologies","description":"Quatro Air provides effective clean air solutions designed to handle any air quality challenge in your home, office or business. Contact us today for details.","publisher":{"@id":"https:\/\/quatroair.com\/en\/#organization"},"potentialAction":[{"@type":"SearchAction","target":{"@type":"EntryPoint","urlTemplate":"https:\/\/quatroair.com\/en\/?s={search_term_string}"},"query-input":{"@type":"PropertyValueSpecification","valueRequired":true,"valueName":"search_term_string"}}],"inLanguage":"fr-FR"},{"@type":"Organization","@id":"https:\/\/quatroair.com\/en\/#organization","name":"Quatro Air Techologies","url":"https:\/\/quatroair.com\/en\/","logo":{"@type":"ImageObject","inLanguage":"fr-FR","@id":"https:\/\/quatroair.com\/en\/#\/schema\/logo\/image\/","url":"https:\/\/quatroair.com\/wp-content\/uploads\/2024\/10\/logo.svg","contentUrl":"https:\/\/quatroair.com\/wp-content\/uploads\/2024\/10\/logo.svg","width":708,"height":142,"caption":"Quatro Air Techologies"},"image":{"@id":"https:\/\/quatroair.com\/en\/#\/schema\/logo\/image\/"},"sameAs":["https:\/\/www.facebook.com\/QuatroAirTechnologies","https:\/\/x.com\/QuatroAir","https:\/\/www.youtube.com\/channel\/UCdTTBL7Pwwyr2JGybAn8Bxw","https:\/\/www.linkedin.com\/company\/quatro-air-technologies"]}]}},"_links":{"self":[{"href":"https:\/\/quatroair.com\/fr\/wp-json\/wp\/v2\/product\/9691","targetHints":{"allow":["GET"]}}],"collection":[{"href":"https:\/\/quatroair.com\/fr\/wp-json\/wp\/v2\/product"}],"about":[{"href":"https:\/\/quatroair.com\/fr\/wp-json\/wp\/v2\/types\/product"}],"replies":[{"embeddable":true,"href":"https:\/\/quatroair.com\/fr\/wp-json\/wp\/v2\/comments?post=9691"}],"version-history":[{"count":5,"href":"https:\/\/quatroair.com\/fr\/wp-json\/wp\/v2\/product\/9691\/revisions"}],"predecessor-version":[{"id":11520,"href":"https:\/\/quatroair.com\/fr\/wp-json\/wp\/v2\/product\/9691\/revisions\/11520"}],"wp:featuredmedia":[{"embeddable":true,"href":"https:\/\/quatroair.com\/fr\/wp-json\/wp\/v2\/media\/10684"}],"wp:attachment":[{"href":"https:\/\/quatroair.com\/fr\/wp-json\/wp\/v2\/media?parent=9691"}],"wp:term":[{"taxonomy":"product_cat","embeddable":true,"href":"https:\/\/quatroair.com\/fr\/wp-json\/wp\/v2\/product_cat?post=9691"},{"taxonomy":"product_tag","embeddable":true,"href":"https:\/\/quatroair.com\/fr\/wp-json\/wp\/v2\/product_tag?post=9691"}],"curies":[{"name":"wp","href":"https:\/\/api.w.org\/{rel}","templated":true}]}}