{"id":9673,"date":"2024-11-18T16:47:15","date_gmt":"2024-11-18T16:47:15","guid":{"rendered":"https:\/\/quatroair.com\/product\/universal-on-off-foot-pedal-2\/"},"modified":"2026-02-27T13:09:39","modified_gmt":"2026-02-27T13:09:39","slug":"universal-on-off-foot-pedal","status":"publish","type":"product","link":"https:\/\/quatroair.com\/fr\/products\/product-accessories\/remotes\/universal-on-off-foot-pedal","title":{"rendered":"P\u00e9dale universelle Marche\/Arr\u00eat"},"content":{"rendered":"<h3>Pr\u00e9sentation<\/h3>\n<ul>\n<li>La p\u00e9dale s&rsquo;installe dans une prise murale de 120 V, l&rsquo;appareil se branche sur la p\u00e9dale<\/li>\n<\/ul>\n<h3>Avantages<\/h3>\n<ul>\n<li>D\u00e9marrez facilement votre appareil \u00e0 distance \u00e0 6 pieds de distance<\/li>\n<\/ul>\n<h3>Caract\u00e9ristiques<\/h3>\n<ul>\n<li>La p\u00e9dale limitera l&rsquo;alimentation de l&rsquo;unit\u00e9 lorsqu&rsquo;elle est enfonc\u00e9e et permettra \u00e0 l&rsquo;unit\u00e9 d&rsquo;\u00eatre aliment\u00e9e<br \/>\n lorsque vous appuyez sur ON<\/li>\n<\/ul>\n","protected":false},"excerpt":{"rendered":"<p>La p\u00e9dale universelle marche\/arr\u00eat d\u00e9marre et arr\u00eate facilement votre \u00e9quipement.<\/p>\n","protected":false},"featured_media":10861,"comment_status":"open","ping_status":"closed","template":"","meta":{"_acf_changed":false},"product_cat":[89],"product_tag":[],"class_list":{"0":"post-9673","1":"product","2":"type-product","3":"status-publish","4":"has-post-thumbnail","6":"product_cat-accessoires","8":"first","9":"instock","10":"shipping-taxable","11":"product-type-simple"},"acf":[],"yoast_head":"<!-- This site is optimized with the Yoast SEO plugin v26.9 - https:\/\/yoast.com\/product\/yoast-seo-wordpress\/ -->\n<title>P\u00e9dale universelle Marche\/Arr\u00eat - Quatro Air Techologies<\/title>\n<meta name=\"description\" content=\"P\u00e9dale universelle Marche\/Arr\u00eat Interface de commande \u00e0 distance pour machine Num\u00e9ro\" \/>\n<meta name=\"robots\" content=\"index, follow\" \/>\n<link rel=\"canonical\" href=\"https:\/\/quatroair.com\/industries\/dental\/accessories\/ac-machine-interface\/remotes\/universal-on-off-foot-pedal\" \/>\n<meta property=\"og:locale\" content=\"fr_FR\" \/>\n<meta property=\"og:type\" content=\"article\" \/>\n<meta property=\"og:title\" content=\"P\u00e9dale universelle Marche\/Arr\u00eat - Quatro Air Techologies\" \/>\n<meta property=\"og:description\" content=\"P\u00e9dale universelle Marche\/Arr\u00eat Interface de commande \u00e0 distance pour machine Num\u00e9ro\" \/>\n<meta property=\"og:url\" content=\"https:\/\/quatroair.com\/industries\/dental\/accessories\/ac-machine-interface\/remotes\/universal-on-off-foot-pedal\" \/>\n<meta property=\"og:site_name\" content=\"Quatro Air Techologies\" \/>\n<meta property=\"article:publisher\" content=\"https:\/\/www.facebook.com\/QuatroAirTechnologies\" \/>\n<meta property=\"article:modified_time\" content=\"2026-02-27T13:09:39+00:00\" \/>\n<meta property=\"og:image\" content=\"https:\/\/quatroair.com\/wp-content\/uploads\/2024\/11\/H181-Footpedal.png\" \/>\n\t<meta property=\"og:image:width\" content=\"480\" \/>\n\t<meta property=\"og:image:height\" content=\"320\" \/>\n\t<meta property=\"og:image:type\" content=\"image\/png\" \/>\n<meta name=\"twitter:card\" content=\"summary_large_image\" \/>\n<meta name=\"twitter:site\" content=\"@QuatroAir\" \/>\n<meta name=\"twitter:label1\" content=\"Dur\u00e9e de lecture estim\u00e9e\" \/>\n\t<meta name=\"twitter:data1\" content=\"1 minute\" \/>\n<script type=\"application\/ld+json\" class=\"yoast-schema-graph\">{\"@context\":\"https:\/\/schema.org\",\"@graph\":[{\"@type\":\"WebPage\",\"@id\":\"https:\/\/quatroair.com\/industries\/dental\/accessories\/ac-machine-interface\/remotes\/universal-on-off-foot-pedal\",\"url\":\"https:\/\/quatroair.com\/industries\/dental\/accessories\/ac-machine-interface\/remotes\/universal-on-off-foot-pedal\",\"name\":\"P\u00e9dale universelle Marche\/Arr\u00eat - Quatro Air Techologies\",\"isPartOf\":{\"@id\":\"https:\/\/quatroair.com\/en\/#website\"},\"primaryImageOfPage\":{\"@id\":\"https:\/\/quatroair.com\/industries\/dental\/accessories\/ac-machine-interface\/remotes\/universal-on-off-foot-pedal#primaryimage\"},\"image\":{\"@id\":\"https:\/\/quatroair.com\/industries\/dental\/accessories\/ac-machine-interface\/remotes\/universal-on-off-foot-pedal#primaryimage\"},\"thumbnailUrl\":\"https:\/\/quatroair.com\/wp-content\/uploads\/2024\/11\/H181-Footpedal.png\",\"datePublished\":\"2024-11-18T16:47:15+00:00\",\"dateModified\":\"2026-02-27T13:09:39+00:00\",\"description\":\"P\u00e9dale universelle Marche\/Arr\u00eat Interface de commande \u00e0 distance pour machine Num\u00e9ro\",\"breadcrumb\":{\"@id\":\"https:\/\/quatroair.com\/industries\/dental\/accessories\/ac-machine-interface\/remotes\/universal-on-off-foot-pedal#breadcrumb\"},\"inLanguage\":\"fr-FR\",\"potentialAction\":[{\"@type\":\"ReadAction\",\"target\":[\"https:\/\/quatroair.com\/industries\/dental\/accessories\/ac-machine-interface\/remotes\/universal-on-off-foot-pedal\"]}]},{\"@type\":\"ImageObject\",\"inLanguage\":\"fr-FR\",\"@id\":\"https:\/\/quatroair.com\/industries\/dental\/accessories\/ac-machine-interface\/remotes\/universal-on-off-foot-pedal#primaryimage\",\"url\":\"https:\/\/quatroair.com\/wp-content\/uploads\/2024\/11\/H181-Footpedal.png\",\"contentUrl\":\"https:\/\/quatroair.com\/wp-content\/uploads\/2024\/11\/H181-Footpedal.png\",\"width\":480,\"height\":320},{\"@type\":\"BreadcrumbList\",\"@id\":\"https:\/\/quatroair.com\/industries\/dental\/accessories\/ac-machine-interface\/remotes\/universal-on-off-foot-pedal#breadcrumb\",\"itemListElement\":[{\"@type\":\"ListItem\",\"position\":1,\"name\":\"Home\",\"item\":\"https:\/\/quatroair.com\/\"},{\"@type\":\"ListItem\",\"position\":2,\"name\":\"Products\",\"item\":\"https:\/\/quatroair.com\/shop__trashed\/\"},{\"@type\":\"ListItem\",\"position\":3,\"name\":\"P\u00e9dale universelle Marche\/Arr\u00eat\"}]},{\"@type\":\"WebSite\",\"@id\":\"https:\/\/quatroair.com\/en\/#website\",\"url\":\"https:\/\/quatroair.com\/en\/\",\"name\":\"Quatro Air Techologies\",\"description\":\"Quatro Air provides effective clean air solutions designed to handle any air quality challenge in your home, office or business. Contact us today for details.\",\"publisher\":{\"@id\":\"https:\/\/quatroair.com\/en\/#organization\"},\"potentialAction\":[{\"@type\":\"SearchAction\",\"target\":{\"@type\":\"EntryPoint\",\"urlTemplate\":\"https:\/\/quatroair.com\/en\/?s={search_term_string}\"},\"query-input\":{\"@type\":\"PropertyValueSpecification\",\"valueRequired\":true,\"valueName\":\"search_term_string\"}}],\"inLanguage\":\"fr-FR\"},{\"@type\":\"Organization\",\"@id\":\"https:\/\/quatroair.com\/en\/#organization\",\"name\":\"Quatro Air Techologies\",\"url\":\"https:\/\/quatroair.com\/en\/\",\"logo\":{\"@type\":\"ImageObject\",\"inLanguage\":\"fr-FR\",\"@id\":\"https:\/\/quatroair.com\/en\/#\/schema\/logo\/image\/\",\"url\":\"https:\/\/quatroair.com\/wp-content\/uploads\/2024\/10\/logo.svg\",\"contentUrl\":\"https:\/\/quatroair.com\/wp-content\/uploads\/2024\/10\/logo.svg\",\"width\":708,\"height\":142,\"caption\":\"Quatro Air Techologies\"},\"image\":{\"@id\":\"https:\/\/quatroair.com\/en\/#\/schema\/logo\/image\/\"},\"sameAs\":[\"https:\/\/www.facebook.com\/QuatroAirTechnologies\",\"https:\/\/x.com\/QuatroAir\",\"https:\/\/www.youtube.com\/channel\/UCdTTBL7Pwwyr2JGybAn8Bxw\",\"https:\/\/www.linkedin.com\/company\/quatro-air-technologies\"]}]}<\/script>\n<!-- \/ Yoast SEO plugin. -->","yoast_head_json":{"title":"P\u00e9dale universelle Marche\/Arr\u00eat - Quatro Air Techologies","description":"P\u00e9dale universelle Marche\/Arr\u00eat Interface de commande \u00e0 distance pour machine Num\u00e9ro","robots":{"index":"index","follow":"follow"},"canonical":"https:\/\/quatroair.com\/industries\/dental\/accessories\/ac-machine-interface\/remotes\/universal-on-off-foot-pedal","og_locale":"fr_FR","og_type":"article","og_title":"P\u00e9dale universelle Marche\/Arr\u00eat - Quatro Air Techologies","og_description":"P\u00e9dale universelle Marche\/Arr\u00eat Interface de commande \u00e0 distance pour machine Num\u00e9ro","og_url":"https:\/\/quatroair.com\/industries\/dental\/accessories\/ac-machine-interface\/remotes\/universal-on-off-foot-pedal","og_site_name":"Quatro Air Techologies","article_publisher":"https:\/\/www.facebook.com\/QuatroAirTechnologies","article_modified_time":"2026-02-27T13:09:39+00:00","og_image":[{"width":480,"height":320,"url":"https:\/\/quatroair.com\/wp-content\/uploads\/2024\/11\/H181-Footpedal.png","type":"image\/png"}],"twitter_card":"summary_large_image","twitter_site":"@QuatroAir","twitter_misc":{"Dur\u00e9e de lecture estim\u00e9e":"1 minute"},"schema":{"@context":"https:\/\/schema.org","@graph":[{"@type":"WebPage","@id":"https:\/\/quatroair.com\/industries\/dental\/accessories\/ac-machine-interface\/remotes\/universal-on-off-foot-pedal","url":"https:\/\/quatroair.com\/industries\/dental\/accessories\/ac-machine-interface\/remotes\/universal-on-off-foot-pedal","name":"P\u00e9dale universelle Marche\/Arr\u00eat - Quatro Air Techologies","isPartOf":{"@id":"https:\/\/quatroair.com\/en\/#website"},"primaryImageOfPage":{"@id":"https:\/\/quatroair.com\/industries\/dental\/accessories\/ac-machine-interface\/remotes\/universal-on-off-foot-pedal#primaryimage"},"image":{"@id":"https:\/\/quatroair.com\/industries\/dental\/accessories\/ac-machine-interface\/remotes\/universal-on-off-foot-pedal#primaryimage"},"thumbnailUrl":"https:\/\/quatroair.com\/wp-content\/uploads\/2024\/11\/H181-Footpedal.png","datePublished":"2024-11-18T16:47:15+00:00","dateModified":"2026-02-27T13:09:39+00:00","description":"P\u00e9dale universelle Marche\/Arr\u00eat Interface de commande \u00e0 distance pour machine Num\u00e9ro","breadcrumb":{"@id":"https:\/\/quatroair.com\/industries\/dental\/accessories\/ac-machine-interface\/remotes\/universal-on-off-foot-pedal#breadcrumb"},"inLanguage":"fr-FR","potentialAction":[{"@type":"ReadAction","target":["https:\/\/quatroair.com\/industries\/dental\/accessories\/ac-machine-interface\/remotes\/universal-on-off-foot-pedal"]}]},{"@type":"ImageObject","inLanguage":"fr-FR","@id":"https:\/\/quatroair.com\/industries\/dental\/accessories\/ac-machine-interface\/remotes\/universal-on-off-foot-pedal#primaryimage","url":"https:\/\/quatroair.com\/wp-content\/uploads\/2024\/11\/H181-Footpedal.png","contentUrl":"https:\/\/quatroair.com\/wp-content\/uploads\/2024\/11\/H181-Footpedal.png","width":480,"height":320},{"@type":"BreadcrumbList","@id":"https:\/\/quatroair.com\/industries\/dental\/accessories\/ac-machine-interface\/remotes\/universal-on-off-foot-pedal#breadcrumb","itemListElement":[{"@type":"ListItem","position":1,"name":"Home","item":"https:\/\/quatroair.com\/"},{"@type":"ListItem","position":2,"name":"Products","item":"https:\/\/quatroair.com\/shop__trashed\/"},{"@type":"ListItem","position":3,"name":"P\u00e9dale universelle Marche\/Arr\u00eat"}]},{"@type":"WebSite","@id":"https:\/\/quatroair.com\/en\/#website","url":"https:\/\/quatroair.com\/en\/","name":"Quatro Air Techologies","description":"Quatro Air provides effective clean air solutions designed to handle any air quality challenge in your home, office or business. Contact us today for details.","publisher":{"@id":"https:\/\/quatroair.com\/en\/#organization"},"potentialAction":[{"@type":"SearchAction","target":{"@type":"EntryPoint","urlTemplate":"https:\/\/quatroair.com\/en\/?s={search_term_string}"},"query-input":{"@type":"PropertyValueSpecification","valueRequired":true,"valueName":"search_term_string"}}],"inLanguage":"fr-FR"},{"@type":"Organization","@id":"https:\/\/quatroair.com\/en\/#organization","name":"Quatro Air Techologies","url":"https:\/\/quatroair.com\/en\/","logo":{"@type":"ImageObject","inLanguage":"fr-FR","@id":"https:\/\/quatroair.com\/en\/#\/schema\/logo\/image\/","url":"https:\/\/quatroair.com\/wp-content\/uploads\/2024\/10\/logo.svg","contentUrl":"https:\/\/quatroair.com\/wp-content\/uploads\/2024\/10\/logo.svg","width":708,"height":142,"caption":"Quatro Air Techologies"},"image":{"@id":"https:\/\/quatroair.com\/en\/#\/schema\/logo\/image\/"},"sameAs":["https:\/\/www.facebook.com\/QuatroAirTechnologies","https:\/\/x.com\/QuatroAir","https:\/\/www.youtube.com\/channel\/UCdTTBL7Pwwyr2JGybAn8Bxw","https:\/\/www.linkedin.com\/company\/quatro-air-technologies"]}]}},"_links":{"self":[{"href":"https:\/\/quatroair.com\/fr\/wp-json\/wp\/v2\/product\/9673","targetHints":{"allow":["GET"]}}],"collection":[{"href":"https:\/\/quatroair.com\/fr\/wp-json\/wp\/v2\/product"}],"about":[{"href":"https:\/\/quatroair.com\/fr\/wp-json\/wp\/v2\/types\/product"}],"replies":[{"embeddable":true,"href":"https:\/\/quatroair.com\/fr\/wp-json\/wp\/v2\/comments?post=9673"}],"version-history":[{"count":7,"href":"https:\/\/quatroair.com\/fr\/wp-json\/wp\/v2\/product\/9673\/revisions"}],"predecessor-version":[{"id":12591,"href":"https:\/\/quatroair.com\/fr\/wp-json\/wp\/v2\/product\/9673\/revisions\/12591"}],"wp:featuredmedia":[{"embeddable":true,"href":"https:\/\/quatroair.com\/fr\/wp-json\/wp\/v2\/media\/10861"}],"wp:attachment":[{"href":"https:\/\/quatroair.com\/fr\/wp-json\/wp\/v2\/media?parent=9673"}],"wp:term":[{"taxonomy":"product_cat","embeddable":true,"href":"https:\/\/quatroair.com\/fr\/wp-json\/wp\/v2\/product_cat?post=9673"},{"taxonomy":"product_tag","embeddable":true,"href":"https:\/\/quatroair.com\/fr\/wp-json\/wp\/v2\/product_tag?post=9673"}],"curies":[{"name":"wp","href":"https:\/\/api.w.org\/{rel}","templated":true}]}}