{"id":9643,"date":"2024-11-18T09:56:37","date_gmt":"2024-11-18T09:56:37","guid":{"rendered":"https:\/\/quatroair.com\/product\/pgr-isoflow-2\/"},"modified":"2025-11-27T20:52:49","modified_gmt":"2025-11-27T20:52:49","slug":"pgr-isoflow","status":"publish","type":"product","link":"https:\/\/quatroair.com\/fr\/industries\/jewelry\/polishing-grinding\/pgr-isoflow","title":{"rendered":"PGR \u00e0 flux iso"},"content":{"rendered":"<ul>\n<li>Quasiment aucun temps n\u00e9cessaire pour la maintenance de l\u2019\u00e9quipement<\/li>\n<li>Id\u00e9al pour s\u00e9parer vos m\u00e9taux : un sac filtrant distinct pour chaque ClearView ou poste de travail<\/li>\n<li>Deux entr\u00e9es d\u2019air de 3&Prime; situ\u00e9es sur le dessus<\/li>\n<li>La filtration en 2 \u00e9tapes capture TOUT votre OR<\/li>\n<li>Les m\u00e9taux pr\u00e9cieux sont captur\u00e9s\/contenus dans des sacs filtrants scellables de grande capacit\u00e9 pour un rendement maximal au raffinage<\/li>\n<li>La porte du filtre verrouillable garantit la s\u00e9curit\u00e9 des m\u00e9taux pr\u00e9cieux<\/li>\n<li>V\u00e9ritable filtre HEPA assurant une efficacit\u00e9 de 99,97 % pour la capture des particules de m\u00e9taux pr\u00e9cieux<\/li>\n<li>Technologie de moteur sans balai, id\u00e9ale pour une utilisation continue<\/li>\n<li>Inclus : p\u00e9dale de d\u00e9marrage \u00e0 distance de 6 ft (#AA114), tuyau d\u2019aspiration de 12 ft (diam\u00e8tre 3&Prime;), quatre (4) colliers de serrage<\/li>\n<li>En option : roulettes pour la mobilit\u00e9 (#AA037), silencieux pour une r\u00e9duction suppl\u00e9mentaire du bruit (#H250)<\/li>\n<\/ul>\n","protected":false},"excerpt":{"rendered":"<p>Custom Under-the-counter Polisher<br \/>\nS\u00e9parez vos m\u00e9taux dans 2 flux d\u2019air distincts, avec 2 sacs filtrants s\u00e9par\u00e9s.<\/p>\n","protected":false},"featured_media":4822,"comment_status":"open","ping_status":"closed","template":"","meta":{"_acf_changed":false},"product_cat":[88],"product_tag":[],"class_list":{"0":"post-9643","1":"product","2":"type-product","3":"status-publish","4":"has-post-thumbnail","6":"product_cat-nocategroy-fr","8":"first","9":"instock","10":"shipping-taxable","11":"product-type-simple"},"acf":[],"yoast_head":"<!-- This site is optimized with the Yoast SEO plugin v26.9 - https:\/\/yoast.com\/product\/yoast-seo-wordpress\/ -->\n<title>PGR \u00e0 flux iso - Quatro Air Techologies<\/title>\n<meta name=\"description\" content=\"Quasiment aucun temps n\u00e9cessaire pour la maintenance de l\u2019\u00e9quipement Id\u00e9al pour\" \/>\n<meta name=\"robots\" content=\"index, follow\" \/>\n<link rel=\"canonical\" href=\"https:\/\/quatroair.com\/jewlery\/polishing-grinding\/pgr-isoflow\/\" \/>\n<meta property=\"og:locale\" content=\"fr_FR\" \/>\n<meta property=\"og:type\" content=\"article\" \/>\n<meta property=\"og:title\" content=\"PGR \u00e0 flux iso - Quatro Air Techologies\" \/>\n<meta property=\"og:description\" content=\"Quasiment aucun temps n\u00e9cessaire pour la maintenance de l\u2019\u00e9quipement Id\u00e9al pour\" \/>\n<meta property=\"og:url\" content=\"https:\/\/quatroair.com\/jewlery\/polishing-grinding\/pgr-isoflow\/\" \/>\n<meta property=\"og:site_name\" content=\"Quatro Air Techologies\" \/>\n<meta property=\"article:publisher\" content=\"https:\/\/www.facebook.com\/QuatroAirTechnologies\" \/>\n<meta property=\"article:modified_time\" content=\"2025-11-27T20:52:49+00:00\" \/>\n<meta property=\"og:image\" content=\"https:\/\/quatroair.com\/wp-content\/uploads\/2024\/11\/PGR-IsoFlow-480x320-1.webp\" \/>\n\t<meta property=\"og:image:width\" content=\"480\" \/>\n\t<meta property=\"og:image:height\" content=\"320\" \/>\n\t<meta property=\"og:image:type\" content=\"image\/webp\" \/>\n<meta name=\"twitter:card\" content=\"summary_large_image\" \/>\n<meta name=\"twitter:site\" content=\"@QuatroAir\" \/>\n<meta name=\"twitter:label1\" content=\"Dur\u00e9e de lecture estim\u00e9e\" \/>\n\t<meta name=\"twitter:data1\" content=\"1 minute\" \/>\n<script type=\"application\/ld+json\" class=\"yoast-schema-graph\">{\"@context\":\"https:\/\/schema.org\",\"@graph\":[{\"@type\":\"WebPage\",\"@id\":\"https:\/\/quatroair.com\/jewlery\/polishing-grinding\/pgr-isoflow\/\",\"url\":\"https:\/\/quatroair.com\/jewlery\/polishing-grinding\/pgr-isoflow\/\",\"name\":\"PGR \u00e0 flux iso - Quatro Air Techologies\",\"isPartOf\":{\"@id\":\"https:\/\/quatroair.com\/en\/#website\"},\"primaryImageOfPage\":{\"@id\":\"https:\/\/quatroair.com\/jewlery\/polishing-grinding\/pgr-isoflow\/#primaryimage\"},\"image\":{\"@id\":\"https:\/\/quatroair.com\/jewlery\/polishing-grinding\/pgr-isoflow\/#primaryimage\"},\"thumbnailUrl\":\"https:\/\/quatroair.com\/wp-content\/uploads\/2024\/11\/PGR-IsoFlow-480x320-1.webp\",\"datePublished\":\"2024-11-18T09:56:37+00:00\",\"dateModified\":\"2025-11-27T20:52:49+00:00\",\"description\":\"Quasiment aucun temps n\u00e9cessaire pour la maintenance de l\u2019\u00e9quipement Id\u00e9al pour\",\"breadcrumb\":{\"@id\":\"https:\/\/quatroair.com\/jewlery\/polishing-grinding\/pgr-isoflow\/#breadcrumb\"},\"inLanguage\":\"fr-FR\",\"potentialAction\":[{\"@type\":\"ReadAction\",\"target\":[\"https:\/\/quatroair.com\/jewlery\/polishing-grinding\/pgr-isoflow\/\"]}]},{\"@type\":\"ImageObject\",\"inLanguage\":\"fr-FR\",\"@id\":\"https:\/\/quatroair.com\/jewlery\/polishing-grinding\/pgr-isoflow\/#primaryimage\",\"url\":\"https:\/\/quatroair.com\/wp-content\/uploads\/2024\/11\/PGR-IsoFlow-480x320-1.webp\",\"contentUrl\":\"https:\/\/quatroair.com\/wp-content\/uploads\/2024\/11\/PGR-IsoFlow-480x320-1.webp\",\"width\":480,\"height\":320},{\"@type\":\"BreadcrumbList\",\"@id\":\"https:\/\/quatroair.com\/jewlery\/polishing-grinding\/pgr-isoflow\/#breadcrumb\",\"itemListElement\":[{\"@type\":\"ListItem\",\"position\":1,\"name\":\"Home\",\"item\":\"https:\/\/quatroair.com\/\"},{\"@type\":\"ListItem\",\"position\":2,\"name\":\"Products\",\"item\":\"https:\/\/quatroair.com\/shop__trashed\/\"},{\"@type\":\"ListItem\",\"position\":3,\"name\":\"PGR \u00e0 flux iso\"}]},{\"@type\":\"WebSite\",\"@id\":\"https:\/\/quatroair.com\/en\/#website\",\"url\":\"https:\/\/quatroair.com\/en\/\",\"name\":\"Quatro Air Techologies\",\"description\":\"Quatro Air provides effective clean air solutions designed to handle any air quality challenge in your home, office or business. Contact us today for details.\",\"publisher\":{\"@id\":\"https:\/\/quatroair.com\/en\/#organization\"},\"potentialAction\":[{\"@type\":\"SearchAction\",\"target\":{\"@type\":\"EntryPoint\",\"urlTemplate\":\"https:\/\/quatroair.com\/en\/?s={search_term_string}\"},\"query-input\":{\"@type\":\"PropertyValueSpecification\",\"valueRequired\":true,\"valueName\":\"search_term_string\"}}],\"inLanguage\":\"fr-FR\"},{\"@type\":\"Organization\",\"@id\":\"https:\/\/quatroair.com\/en\/#organization\",\"name\":\"Quatro Air Techologies\",\"url\":\"https:\/\/quatroair.com\/en\/\",\"logo\":{\"@type\":\"ImageObject\",\"inLanguage\":\"fr-FR\",\"@id\":\"https:\/\/quatroair.com\/en\/#\/schema\/logo\/image\/\",\"url\":\"https:\/\/quatroair.com\/wp-content\/uploads\/2024\/10\/logo.svg\",\"contentUrl\":\"https:\/\/quatroair.com\/wp-content\/uploads\/2024\/10\/logo.svg\",\"width\":708,\"height\":142,\"caption\":\"Quatro Air Techologies\"},\"image\":{\"@id\":\"https:\/\/quatroair.com\/en\/#\/schema\/logo\/image\/\"},\"sameAs\":[\"https:\/\/www.facebook.com\/QuatroAirTechnologies\",\"https:\/\/x.com\/QuatroAir\",\"https:\/\/www.youtube.com\/channel\/UCdTTBL7Pwwyr2JGybAn8Bxw\",\"https:\/\/www.linkedin.com\/company\/quatro-air-technologies\"]}]}<\/script>\n<!-- \/ Yoast SEO plugin. -->","yoast_head_json":{"title":"PGR \u00e0 flux iso - Quatro Air Techologies","description":"Quasiment aucun temps n\u00e9cessaire pour la maintenance de l\u2019\u00e9quipement Id\u00e9al pour","robots":{"index":"index","follow":"follow"},"canonical":"https:\/\/quatroair.com\/jewlery\/polishing-grinding\/pgr-isoflow\/","og_locale":"fr_FR","og_type":"article","og_title":"PGR \u00e0 flux iso - Quatro Air Techologies","og_description":"Quasiment aucun temps n\u00e9cessaire pour la maintenance de l\u2019\u00e9quipement Id\u00e9al pour","og_url":"https:\/\/quatroair.com\/jewlery\/polishing-grinding\/pgr-isoflow\/","og_site_name":"Quatro Air Techologies","article_publisher":"https:\/\/www.facebook.com\/QuatroAirTechnologies","article_modified_time":"2025-11-27T20:52:49+00:00","og_image":[{"width":480,"height":320,"url":"https:\/\/quatroair.com\/wp-content\/uploads\/2024\/11\/PGR-IsoFlow-480x320-1.webp","type":"image\/webp"}],"twitter_card":"summary_large_image","twitter_site":"@QuatroAir","twitter_misc":{"Dur\u00e9e de lecture estim\u00e9e":"1 minute"},"schema":{"@context":"https:\/\/schema.org","@graph":[{"@type":"WebPage","@id":"https:\/\/quatroair.com\/jewlery\/polishing-grinding\/pgr-isoflow\/","url":"https:\/\/quatroair.com\/jewlery\/polishing-grinding\/pgr-isoflow\/","name":"PGR \u00e0 flux iso - Quatro Air Techologies","isPartOf":{"@id":"https:\/\/quatroair.com\/en\/#website"},"primaryImageOfPage":{"@id":"https:\/\/quatroair.com\/jewlery\/polishing-grinding\/pgr-isoflow\/#primaryimage"},"image":{"@id":"https:\/\/quatroair.com\/jewlery\/polishing-grinding\/pgr-isoflow\/#primaryimage"},"thumbnailUrl":"https:\/\/quatroair.com\/wp-content\/uploads\/2024\/11\/PGR-IsoFlow-480x320-1.webp","datePublished":"2024-11-18T09:56:37+00:00","dateModified":"2025-11-27T20:52:49+00:00","description":"Quasiment aucun temps n\u00e9cessaire pour la maintenance de l\u2019\u00e9quipement Id\u00e9al pour","breadcrumb":{"@id":"https:\/\/quatroair.com\/jewlery\/polishing-grinding\/pgr-isoflow\/#breadcrumb"},"inLanguage":"fr-FR","potentialAction":[{"@type":"ReadAction","target":["https:\/\/quatroair.com\/jewlery\/polishing-grinding\/pgr-isoflow\/"]}]},{"@type":"ImageObject","inLanguage":"fr-FR","@id":"https:\/\/quatroair.com\/jewlery\/polishing-grinding\/pgr-isoflow\/#primaryimage","url":"https:\/\/quatroair.com\/wp-content\/uploads\/2024\/11\/PGR-IsoFlow-480x320-1.webp","contentUrl":"https:\/\/quatroair.com\/wp-content\/uploads\/2024\/11\/PGR-IsoFlow-480x320-1.webp","width":480,"height":320},{"@type":"BreadcrumbList","@id":"https:\/\/quatroair.com\/jewlery\/polishing-grinding\/pgr-isoflow\/#breadcrumb","itemListElement":[{"@type":"ListItem","position":1,"name":"Home","item":"https:\/\/quatroair.com\/"},{"@type":"ListItem","position":2,"name":"Products","item":"https:\/\/quatroair.com\/shop__trashed\/"},{"@type":"ListItem","position":3,"name":"PGR \u00e0 flux iso"}]},{"@type":"WebSite","@id":"https:\/\/quatroair.com\/en\/#website","url":"https:\/\/quatroair.com\/en\/","name":"Quatro Air Techologies","description":"Quatro Air provides effective clean air solutions designed to handle any air quality challenge in your home, office or business. Contact us today for details.","publisher":{"@id":"https:\/\/quatroair.com\/en\/#organization"},"potentialAction":[{"@type":"SearchAction","target":{"@type":"EntryPoint","urlTemplate":"https:\/\/quatroair.com\/en\/?s={search_term_string}"},"query-input":{"@type":"PropertyValueSpecification","valueRequired":true,"valueName":"search_term_string"}}],"inLanguage":"fr-FR"},{"@type":"Organization","@id":"https:\/\/quatroair.com\/en\/#organization","name":"Quatro Air Techologies","url":"https:\/\/quatroair.com\/en\/","logo":{"@type":"ImageObject","inLanguage":"fr-FR","@id":"https:\/\/quatroair.com\/en\/#\/schema\/logo\/image\/","url":"https:\/\/quatroair.com\/wp-content\/uploads\/2024\/10\/logo.svg","contentUrl":"https:\/\/quatroair.com\/wp-content\/uploads\/2024\/10\/logo.svg","width":708,"height":142,"caption":"Quatro Air Techologies"},"image":{"@id":"https:\/\/quatroair.com\/en\/#\/schema\/logo\/image\/"},"sameAs":["https:\/\/www.facebook.com\/QuatroAirTechnologies","https:\/\/x.com\/QuatroAir","https:\/\/www.youtube.com\/channel\/UCdTTBL7Pwwyr2JGybAn8Bxw","https:\/\/www.linkedin.com\/company\/quatro-air-technologies"]}]}},"_links":{"self":[{"href":"https:\/\/quatroair.com\/fr\/wp-json\/wp\/v2\/product\/9643","targetHints":{"allow":["GET"]}}],"collection":[{"href":"https:\/\/quatroair.com\/fr\/wp-json\/wp\/v2\/product"}],"about":[{"href":"https:\/\/quatroair.com\/fr\/wp-json\/wp\/v2\/types\/product"}],"replies":[{"embeddable":true,"href":"https:\/\/quatroair.com\/fr\/wp-json\/wp\/v2\/comments?post=9643"}],"version-history":[{"count":10,"href":"https:\/\/quatroair.com\/fr\/wp-json\/wp\/v2\/product\/9643\/revisions"}],"predecessor-version":[{"id":11779,"href":"https:\/\/quatroair.com\/fr\/wp-json\/wp\/v2\/product\/9643\/revisions\/11779"}],"wp:featuredmedia":[{"embeddable":true,"href":"https:\/\/quatroair.com\/fr\/wp-json\/wp\/v2\/media\/4822"}],"wp:attachment":[{"href":"https:\/\/quatroair.com\/fr\/wp-json\/wp\/v2\/media?parent=9643"}],"wp:term":[{"taxonomy":"product_cat","embeddable":true,"href":"https:\/\/quatroair.com\/fr\/wp-json\/wp\/v2\/product_cat?post=9643"},{"taxonomy":"product_tag","embeddable":true,"href":"https:\/\/quatroair.com\/fr\/wp-json\/wp\/v2\/product_tag?post=9643"}],"curies":[{"name":"wp","href":"https:\/\/api.w.org\/{rel}","templated":true}]}}