{"id":9634,"date":"2024-11-01T13:37:05","date_gmt":"2024-11-01T13:37:05","guid":{"rendered":"https:\/\/quatroair.com\/product\/airport-lo-profile\/"},"modified":"2026-02-05T15:44:56","modified_gmt":"2026-02-05T15:44:56","slug":"airport-lo-profile","status":"publish","type":"product","link":"https:\/\/quatroair.com\/fr\/products\/product-accessories\/benchtop\/monomer-airport\/airport-lo-profile","title":{"rendered":"AirPort Lo-Profile"},"content":{"rendered":"<h3>Pr\u00e9sentation<\/h3>\n<ul>\n<li>Connectez-vous \u00e0 votre d\u00e9poussi\u00e9reur : tuyau de 1,5&Prime;, 2&Prime;, 2,5&Prime; ou 3&Prime; de diam\u00e8tre<\/li>\n<li>Profil bas, 3,5 pouces de hauteur<\/li>\n<li>Acier robuste avec rev\u00eatement en poudre<\/li>\n<\/ul>\n<h3>Avantages<\/h3>\n<ul>\n<li>Coussins de joint pour un support ergonomique des mains<\/li>\n<\/ul>\n<h3>Caract\u00e9ristiques<\/h3>\n<ul>\n<li>nan<\/li>\n<\/ul>\n<h3>Options<\/h3>\n<ul>\n<li>Sans vanne (AA765)<\/li>\n<li>Avec vanne de d\u00e9marrage automatique (#AA765-ASV)<\/li>\n<li>Avec vanne coulissante manuelle (#AA765-MSV)<\/li>\n<\/ul>\n","protected":false},"excerpt":{"rendered":"<p>L&rsquo;AirPort Lo-Profile est un accessoire \u00e0 flux d&rsquo;air descendant con\u00e7u pour tenir dans votre tiroir<\/p>\n","protected":false},"featured_media":10688,"comment_status":"open","ping_status":"closed","template":"","meta":{"_acf_changed":false},"product_cat":[88],"product_tag":[],"class_list":{"0":"post-9634","1":"product","2":"type-product","3":"status-publish","4":"has-post-thumbnail","6":"product_cat-nocategroy-fr","8":"first","9":"instock","10":"shipping-taxable","11":"product-type-simple"},"acf":[],"yoast_head":"<!-- This site is optimized with the Yoast SEO plugin v26.9 - https:\/\/yoast.com\/product\/yoast-seo-wordpress\/ -->\n<title>AirPort Lo-Profile - Quatro Air Techologies<\/title>\n<meta name=\"description\" content=\"Quatro Air offre une vaste s\u00e9lection de produits de filtration d&#039;air con\u00e7us pour\" \/>\n<meta name=\"robots\" content=\"index, follow\" \/>\n<link rel=\"canonical\" href=\"https:\/\/quatroair.com\/industries\/dental\/accessories\/benchtop\/monomer-airport\/airport-lo-profile\" \/>\n<meta property=\"og:locale\" content=\"fr_FR\" \/>\n<meta property=\"og:type\" content=\"article\" \/>\n<meta property=\"og:title\" content=\"AirPort Lo-Profile - Quatro Air Techologies\" \/>\n<meta property=\"og:description\" content=\"Quatro Air offre une vaste s\u00e9lection de produits de filtration d&#039;air con\u00e7us pour\" \/>\n<meta property=\"og:url\" content=\"https:\/\/quatroair.com\/industries\/dental\/accessories\/benchtop\/monomer-airport\/airport-lo-profile\" \/>\n<meta property=\"og:site_name\" content=\"Quatro Air Techologies\" \/>\n<meta property=\"article:publisher\" content=\"https:\/\/www.facebook.com\/QuatroAirTechnologies\" \/>\n<meta property=\"article:modified_time\" content=\"2026-02-05T15:44:56+00:00\" \/>\n<meta property=\"og:image\" content=\"https:\/\/quatroair.com\/wp-content\/uploads\/2024\/11\/AA765-AA765-MSV-and-AA765-ASv.png\" \/>\n\t<meta property=\"og:image:width\" content=\"480\" \/>\n\t<meta property=\"og:image:height\" content=\"320\" \/>\n\t<meta property=\"og:image:type\" content=\"image\/png\" \/>\n<meta name=\"twitter:card\" content=\"summary_large_image\" \/>\n<meta name=\"twitter:site\" content=\"@QuatroAir\" \/>\n<meta name=\"twitter:label1\" content=\"Dur\u00e9e de lecture estim\u00e9e\" \/>\n\t<meta name=\"twitter:data1\" content=\"1 minute\" \/>\n<script type=\"application\/ld+json\" class=\"yoast-schema-graph\">{\"@context\":\"https:\/\/schema.org\",\"@graph\":[{\"@type\":\"WebPage\",\"@id\":\"https:\/\/quatroair.com\/industries\/dental\/accessories\/benchtop\/monomer-airport\/airport-lo-profile\",\"url\":\"https:\/\/quatroair.com\/industries\/dental\/accessories\/benchtop\/monomer-airport\/airport-lo-profile\",\"name\":\"AirPort Lo-Profile - Quatro Air Techologies\",\"isPartOf\":{\"@id\":\"https:\/\/quatroair.com\/en\/#website\"},\"primaryImageOfPage\":{\"@id\":\"https:\/\/quatroair.com\/industries\/dental\/accessories\/benchtop\/monomer-airport\/airport-lo-profile#primaryimage\"},\"image\":{\"@id\":\"https:\/\/quatroair.com\/industries\/dental\/accessories\/benchtop\/monomer-airport\/airport-lo-profile#primaryimage\"},\"thumbnailUrl\":\"https:\/\/quatroair.com\/wp-content\/uploads\/2024\/11\/AA765-AA765-MSV-and-AA765-ASv.png\",\"datePublished\":\"2024-11-01T13:37:05+00:00\",\"dateModified\":\"2026-02-05T15:44:56+00:00\",\"description\":\"Quatro Air offre une vaste s\u00e9lection de produits de filtration d'air con\u00e7us pour\",\"breadcrumb\":{\"@id\":\"https:\/\/quatroair.com\/industries\/dental\/accessories\/benchtop\/monomer-airport\/airport-lo-profile#breadcrumb\"},\"inLanguage\":\"fr-FR\",\"potentialAction\":[{\"@type\":\"ReadAction\",\"target\":[\"https:\/\/quatroair.com\/industries\/dental\/accessories\/benchtop\/monomer-airport\/airport-lo-profile\"]}]},{\"@type\":\"ImageObject\",\"inLanguage\":\"fr-FR\",\"@id\":\"https:\/\/quatroair.com\/industries\/dental\/accessories\/benchtop\/monomer-airport\/airport-lo-profile#primaryimage\",\"url\":\"https:\/\/quatroair.com\/wp-content\/uploads\/2024\/11\/AA765-AA765-MSV-and-AA765-ASv.png\",\"contentUrl\":\"https:\/\/quatroair.com\/wp-content\/uploads\/2024\/11\/AA765-AA765-MSV-and-AA765-ASv.png\",\"width\":480,\"height\":320},{\"@type\":\"BreadcrumbList\",\"@id\":\"https:\/\/quatroair.com\/industries\/dental\/accessories\/benchtop\/monomer-airport\/airport-lo-profile#breadcrumb\",\"itemListElement\":[{\"@type\":\"ListItem\",\"position\":1,\"name\":\"Home\",\"item\":\"https:\/\/quatroair.com\/\"},{\"@type\":\"ListItem\",\"position\":2,\"name\":\"Products\",\"item\":\"https:\/\/quatroair.com\/shop__trashed\/\"},{\"@type\":\"ListItem\",\"position\":3,\"name\":\"AirPort Lo-Profile\"}]},{\"@type\":\"WebSite\",\"@id\":\"https:\/\/quatroair.com\/en\/#website\",\"url\":\"https:\/\/quatroair.com\/en\/\",\"name\":\"Quatro Air Techologies\",\"description\":\"Quatro Air provides effective clean air solutions designed to handle any air quality challenge in your home, office or business. Contact us today for details.\",\"publisher\":{\"@id\":\"https:\/\/quatroair.com\/en\/#organization\"},\"potentialAction\":[{\"@type\":\"SearchAction\",\"target\":{\"@type\":\"EntryPoint\",\"urlTemplate\":\"https:\/\/quatroair.com\/en\/?s={search_term_string}\"},\"query-input\":{\"@type\":\"PropertyValueSpecification\",\"valueRequired\":true,\"valueName\":\"search_term_string\"}}],\"inLanguage\":\"fr-FR\"},{\"@type\":\"Organization\",\"@id\":\"https:\/\/quatroair.com\/en\/#organization\",\"name\":\"Quatro Air Techologies\",\"url\":\"https:\/\/quatroair.com\/en\/\",\"logo\":{\"@type\":\"ImageObject\",\"inLanguage\":\"fr-FR\",\"@id\":\"https:\/\/quatroair.com\/en\/#\/schema\/logo\/image\/\",\"url\":\"https:\/\/quatroair.com\/wp-content\/uploads\/2024\/10\/logo.svg\",\"contentUrl\":\"https:\/\/quatroair.com\/wp-content\/uploads\/2024\/10\/logo.svg\",\"width\":708,\"height\":142,\"caption\":\"Quatro Air Techologies\"},\"image\":{\"@id\":\"https:\/\/quatroair.com\/en\/#\/schema\/logo\/image\/\"},\"sameAs\":[\"https:\/\/www.facebook.com\/QuatroAirTechnologies\",\"https:\/\/x.com\/QuatroAir\",\"https:\/\/www.youtube.com\/channel\/UCdTTBL7Pwwyr2JGybAn8Bxw\",\"https:\/\/www.linkedin.com\/company\/quatro-air-technologies\"]}]}<\/script>\n<!-- \/ Yoast SEO plugin. -->","yoast_head_json":{"title":"AirPort Lo-Profile - Quatro Air Techologies","description":"Quatro Air offre une vaste s\u00e9lection de produits de filtration d'air con\u00e7us pour","robots":{"index":"index","follow":"follow"},"canonical":"https:\/\/quatroair.com\/industries\/dental\/accessories\/benchtop\/monomer-airport\/airport-lo-profile","og_locale":"fr_FR","og_type":"article","og_title":"AirPort Lo-Profile - Quatro Air Techologies","og_description":"Quatro Air offre une vaste s\u00e9lection de produits de filtration d'air con\u00e7us pour","og_url":"https:\/\/quatroair.com\/industries\/dental\/accessories\/benchtop\/monomer-airport\/airport-lo-profile","og_site_name":"Quatro Air Techologies","article_publisher":"https:\/\/www.facebook.com\/QuatroAirTechnologies","article_modified_time":"2026-02-05T15:44:56+00:00","og_image":[{"width":480,"height":320,"url":"https:\/\/quatroair.com\/wp-content\/uploads\/2024\/11\/AA765-AA765-MSV-and-AA765-ASv.png","type":"image\/png"}],"twitter_card":"summary_large_image","twitter_site":"@QuatroAir","twitter_misc":{"Dur\u00e9e de lecture estim\u00e9e":"1 minute"},"schema":{"@context":"https:\/\/schema.org","@graph":[{"@type":"WebPage","@id":"https:\/\/quatroair.com\/industries\/dental\/accessories\/benchtop\/monomer-airport\/airport-lo-profile","url":"https:\/\/quatroair.com\/industries\/dental\/accessories\/benchtop\/monomer-airport\/airport-lo-profile","name":"AirPort Lo-Profile - Quatro Air Techologies","isPartOf":{"@id":"https:\/\/quatroair.com\/en\/#website"},"primaryImageOfPage":{"@id":"https:\/\/quatroair.com\/industries\/dental\/accessories\/benchtop\/monomer-airport\/airport-lo-profile#primaryimage"},"image":{"@id":"https:\/\/quatroair.com\/industries\/dental\/accessories\/benchtop\/monomer-airport\/airport-lo-profile#primaryimage"},"thumbnailUrl":"https:\/\/quatroair.com\/wp-content\/uploads\/2024\/11\/AA765-AA765-MSV-and-AA765-ASv.png","datePublished":"2024-11-01T13:37:05+00:00","dateModified":"2026-02-05T15:44:56+00:00","description":"Quatro Air offre une vaste s\u00e9lection de produits de filtration d'air con\u00e7us pour","breadcrumb":{"@id":"https:\/\/quatroair.com\/industries\/dental\/accessories\/benchtop\/monomer-airport\/airport-lo-profile#breadcrumb"},"inLanguage":"fr-FR","potentialAction":[{"@type":"ReadAction","target":["https:\/\/quatroair.com\/industries\/dental\/accessories\/benchtop\/monomer-airport\/airport-lo-profile"]}]},{"@type":"ImageObject","inLanguage":"fr-FR","@id":"https:\/\/quatroair.com\/industries\/dental\/accessories\/benchtop\/monomer-airport\/airport-lo-profile#primaryimage","url":"https:\/\/quatroair.com\/wp-content\/uploads\/2024\/11\/AA765-AA765-MSV-and-AA765-ASv.png","contentUrl":"https:\/\/quatroair.com\/wp-content\/uploads\/2024\/11\/AA765-AA765-MSV-and-AA765-ASv.png","width":480,"height":320},{"@type":"BreadcrumbList","@id":"https:\/\/quatroair.com\/industries\/dental\/accessories\/benchtop\/monomer-airport\/airport-lo-profile#breadcrumb","itemListElement":[{"@type":"ListItem","position":1,"name":"Home","item":"https:\/\/quatroair.com\/"},{"@type":"ListItem","position":2,"name":"Products","item":"https:\/\/quatroair.com\/shop__trashed\/"},{"@type":"ListItem","position":3,"name":"AirPort Lo-Profile"}]},{"@type":"WebSite","@id":"https:\/\/quatroair.com\/en\/#website","url":"https:\/\/quatroair.com\/en\/","name":"Quatro Air Techologies","description":"Quatro Air provides effective clean air solutions designed to handle any air quality challenge in your home, office or business. Contact us today for details.","publisher":{"@id":"https:\/\/quatroair.com\/en\/#organization"},"potentialAction":[{"@type":"SearchAction","target":{"@type":"EntryPoint","urlTemplate":"https:\/\/quatroair.com\/en\/?s={search_term_string}"},"query-input":{"@type":"PropertyValueSpecification","valueRequired":true,"valueName":"search_term_string"}}],"inLanguage":"fr-FR"},{"@type":"Organization","@id":"https:\/\/quatroair.com\/en\/#organization","name":"Quatro Air Techologies","url":"https:\/\/quatroair.com\/en\/","logo":{"@type":"ImageObject","inLanguage":"fr-FR","@id":"https:\/\/quatroair.com\/en\/#\/schema\/logo\/image\/","url":"https:\/\/quatroair.com\/wp-content\/uploads\/2024\/10\/logo.svg","contentUrl":"https:\/\/quatroair.com\/wp-content\/uploads\/2024\/10\/logo.svg","width":708,"height":142,"caption":"Quatro Air Techologies"},"image":{"@id":"https:\/\/quatroair.com\/en\/#\/schema\/logo\/image\/"},"sameAs":["https:\/\/www.facebook.com\/QuatroAirTechnologies","https:\/\/x.com\/QuatroAir","https:\/\/www.youtube.com\/channel\/UCdTTBL7Pwwyr2JGybAn8Bxw","https:\/\/www.linkedin.com\/company\/quatro-air-technologies"]}]}},"_links":{"self":[{"href":"https:\/\/quatroair.com\/fr\/wp-json\/wp\/v2\/product\/9634","targetHints":{"allow":["GET"]}}],"collection":[{"href":"https:\/\/quatroair.com\/fr\/wp-json\/wp\/v2\/product"}],"about":[{"href":"https:\/\/quatroair.com\/fr\/wp-json\/wp\/v2\/types\/product"}],"replies":[{"embeddable":true,"href":"https:\/\/quatroair.com\/fr\/wp-json\/wp\/v2\/comments?post=9634"}],"version-history":[{"count":5,"href":"https:\/\/quatroair.com\/fr\/wp-json\/wp\/v2\/product\/9634\/revisions"}],"predecessor-version":[{"id":12229,"href":"https:\/\/quatroair.com\/fr\/wp-json\/wp\/v2\/product\/9634\/revisions\/12229"}],"wp:featuredmedia":[{"embeddable":true,"href":"https:\/\/quatroair.com\/fr\/wp-json\/wp\/v2\/media\/10688"}],"wp:attachment":[{"href":"https:\/\/quatroair.com\/fr\/wp-json\/wp\/v2\/media?parent=9634"}],"wp:term":[{"taxonomy":"product_cat","embeddable":true,"href":"https:\/\/quatroair.com\/fr\/wp-json\/wp\/v2\/product_cat?post=9634"},{"taxonomy":"product_tag","embeddable":true,"href":"https:\/\/quatroair.com\/fr\/wp-json\/wp\/v2\/product_tag?post=9634"}],"curies":[{"name":"wp","href":"https:\/\/api.w.org\/{rel}","templated":true}]}}