{"id":9580,"date":"2024-11-18T10:17:59","date_gmt":"2024-11-18T10:17:59","guid":{"rendered":"https:\/\/quatroair.com\/product\/velocity-x2-3-2\/"},"modified":"2025-11-16T12:22:38","modified_gmt":"2025-11-16T12:22:38","slug":"velocity-x2-3","status":"publish","type":"product","link":"https:\/\/quatroair.com\/fr\/industries\/jewelry\/polishing-grinding\/velocity-x2-3","title":{"rendered":"Velocity X2-3"},"content":{"rendered":"<ul>\n<li>Puissance Premium sans balais et sans sac, d\u00e9poussi\u00e9reur \u00e0 2 stations<\/li>\n<li>Cartouches Slide &#038; Glide faciles \u00e0 ins\u00e9rer et \u00e0 retirer, filtrant l\u2019air jusqu\u2019au niveau submicronique<\/li>\n<li>Les pr\u00e9filtres prolongent la dur\u00e9e de vie des filtres<\/li>\n<li>Plateau int\u00e9gr\u00e9 pour capturer les m\u00e9taux pr\u00e9cieux<\/li>\n<li>Inclus : Tuyau d\u2019aspiration de 12 ft (3&Prime; de diam\u00e8tre), (4) colliers de serrage, (3) pr\u00e9filtres suppl\u00e9mentaires (#F069-82)<\/li>\n<li>Optionnel : P\u00e9dale pour d\u00e9marrage\/arr\u00eat \u00e0 distance 6 ft (#AA114), Silencieux pour plus de r\u00e9duction de bruit (#H250)<\/li>\n<\/ul>\n","protected":false},"excerpt":{"rendered":"<p>Low Profile Polishing Collector<br \/>\nCollecteur de polissage profil bas \u00e0 deux stations. Le plateau int\u00e9gr\u00e9 capture les m\u00e9taux pr\u00e9cieux.<\/p>\n","protected":false},"featured_media":4825,"comment_status":"open","ping_status":"closed","template":"","meta":{"_acf_changed":false},"product_cat":[88],"product_tag":[],"class_list":{"0":"post-9580","1":"product","2":"type-product","3":"status-publish","4":"has-post-thumbnail","6":"product_cat-nocategroy-fr","8":"first","9":"instock","10":"shipping-taxable","11":"product-type-simple"},"acf":[],"yoast_head":"<!-- This site is optimized with the Yoast SEO plugin v26.9 - https:\/\/yoast.com\/product\/yoast-seo-wordpress\/ -->\n<title>Velocity X2-3 - Quatro Air Techologies<\/title>\n<meta name=\"description\" content=\"Puissance Premium sans balais et sans sac, d\u00e9poussi\u00e9reur \u00e0 2 stations Cartouches\" \/>\n<meta name=\"robots\" content=\"index, follow\" \/>\n<link rel=\"canonical\" href=\"https:\/\/quatroair.com\/jewlery\/polishing-grinding\/velocity-x2-3\/\" \/>\n<meta property=\"og:locale\" content=\"fr_FR\" \/>\n<meta property=\"og:type\" content=\"article\" \/>\n<meta property=\"og:title\" content=\"Velocity X2-3 - Quatro Air Techologies\" \/>\n<meta property=\"og:description\" content=\"Puissance Premium sans balais et sans sac, d\u00e9poussi\u00e9reur \u00e0 2 stations Cartouches\" \/>\n<meta property=\"og:url\" content=\"https:\/\/quatroair.com\/jewlery\/polishing-grinding\/velocity-x2-3\/\" \/>\n<meta property=\"og:site_name\" content=\"Quatro Air Techologies\" \/>\n<meta property=\"article:publisher\" content=\"https:\/\/www.facebook.com\/QuatroAirTechnologies\" \/>\n<meta property=\"article:modified_time\" content=\"2025-11-16T12:22:38+00:00\" \/>\n<meta property=\"og:image\" content=\"https:\/\/quatroair.com\/wp-content\/uploads\/2024\/11\/Velocity-X2-3-480x320-1.webp\" \/>\n\t<meta property=\"og:image:width\" content=\"480\" \/>\n\t<meta property=\"og:image:height\" content=\"320\" \/>\n\t<meta property=\"og:image:type\" content=\"image\/webp\" \/>\n<meta name=\"twitter:card\" content=\"summary_large_image\" \/>\n<meta name=\"twitter:site\" content=\"@QuatroAir\" \/>\n<meta name=\"twitter:label1\" content=\"Dur\u00e9e de lecture estim\u00e9e\" \/>\n\t<meta name=\"twitter:data1\" content=\"1 minute\" \/>\n<script type=\"application\/ld+json\" class=\"yoast-schema-graph\">{\"@context\":\"https:\/\/schema.org\",\"@graph\":[{\"@type\":\"WebPage\",\"@id\":\"https:\/\/quatroair.com\/jewlery\/polishing-grinding\/velocity-x2-3\/\",\"url\":\"https:\/\/quatroair.com\/jewlery\/polishing-grinding\/velocity-x2-3\/\",\"name\":\"Velocity X2-3 - Quatro Air Techologies\",\"isPartOf\":{\"@id\":\"https:\/\/quatroair.com\/en\/#website\"},\"primaryImageOfPage\":{\"@id\":\"https:\/\/quatroair.com\/jewlery\/polishing-grinding\/velocity-x2-3\/#primaryimage\"},\"image\":{\"@id\":\"https:\/\/quatroair.com\/jewlery\/polishing-grinding\/velocity-x2-3\/#primaryimage\"},\"thumbnailUrl\":\"https:\/\/quatroair.com\/wp-content\/uploads\/2024\/11\/Velocity-X2-3-480x320-1.webp\",\"datePublished\":\"2024-11-18T10:17:59+00:00\",\"dateModified\":\"2025-11-16T12:22:38+00:00\",\"description\":\"Puissance Premium sans balais et sans sac, d\u00e9poussi\u00e9reur \u00e0 2 stations Cartouches\",\"breadcrumb\":{\"@id\":\"https:\/\/quatroair.com\/jewlery\/polishing-grinding\/velocity-x2-3\/#breadcrumb\"},\"inLanguage\":\"fr-FR\",\"potentialAction\":[{\"@type\":\"ReadAction\",\"target\":[\"https:\/\/quatroair.com\/jewlery\/polishing-grinding\/velocity-x2-3\/\"]}]},{\"@type\":\"ImageObject\",\"inLanguage\":\"fr-FR\",\"@id\":\"https:\/\/quatroair.com\/jewlery\/polishing-grinding\/velocity-x2-3\/#primaryimage\",\"url\":\"https:\/\/quatroair.com\/wp-content\/uploads\/2024\/11\/Velocity-X2-3-480x320-1.webp\",\"contentUrl\":\"https:\/\/quatroair.com\/wp-content\/uploads\/2024\/11\/Velocity-X2-3-480x320-1.webp\",\"width\":480,\"height\":320},{\"@type\":\"BreadcrumbList\",\"@id\":\"https:\/\/quatroair.com\/jewlery\/polishing-grinding\/velocity-x2-3\/#breadcrumb\",\"itemListElement\":[{\"@type\":\"ListItem\",\"position\":1,\"name\":\"Home\",\"item\":\"https:\/\/quatroair.com\/\"},{\"@type\":\"ListItem\",\"position\":2,\"name\":\"Products\",\"item\":\"https:\/\/quatroair.com\/shop__trashed\/\"},{\"@type\":\"ListItem\",\"position\":3,\"name\":\"Velocity X2-3\"}]},{\"@type\":\"WebSite\",\"@id\":\"https:\/\/quatroair.com\/en\/#website\",\"url\":\"https:\/\/quatroair.com\/en\/\",\"name\":\"Quatro Air Techologies\",\"description\":\"Quatro Air provides effective clean air solutions designed to handle any air quality challenge in your home, office or business. Contact us today for details.\",\"publisher\":{\"@id\":\"https:\/\/quatroair.com\/en\/#organization\"},\"potentialAction\":[{\"@type\":\"SearchAction\",\"target\":{\"@type\":\"EntryPoint\",\"urlTemplate\":\"https:\/\/quatroair.com\/en\/?s={search_term_string}\"},\"query-input\":{\"@type\":\"PropertyValueSpecification\",\"valueRequired\":true,\"valueName\":\"search_term_string\"}}],\"inLanguage\":\"fr-FR\"},{\"@type\":\"Organization\",\"@id\":\"https:\/\/quatroair.com\/en\/#organization\",\"name\":\"Quatro Air Techologies\",\"url\":\"https:\/\/quatroair.com\/en\/\",\"logo\":{\"@type\":\"ImageObject\",\"inLanguage\":\"fr-FR\",\"@id\":\"https:\/\/quatroair.com\/en\/#\/schema\/logo\/image\/\",\"url\":\"https:\/\/quatroair.com\/wp-content\/uploads\/2024\/10\/logo.svg\",\"contentUrl\":\"https:\/\/quatroair.com\/wp-content\/uploads\/2024\/10\/logo.svg\",\"width\":708,\"height\":142,\"caption\":\"Quatro Air Techologies\"},\"image\":{\"@id\":\"https:\/\/quatroair.com\/en\/#\/schema\/logo\/image\/\"},\"sameAs\":[\"https:\/\/www.facebook.com\/QuatroAirTechnologies\",\"https:\/\/x.com\/QuatroAir\",\"https:\/\/www.youtube.com\/channel\/UCdTTBL7Pwwyr2JGybAn8Bxw\",\"https:\/\/www.linkedin.com\/company\/quatro-air-technologies\"]}]}<\/script>\n<!-- \/ Yoast SEO plugin. -->","yoast_head_json":{"title":"Velocity X2-3 - Quatro Air Techologies","description":"Puissance Premium sans balais et sans sac, d\u00e9poussi\u00e9reur \u00e0 2 stations Cartouches","robots":{"index":"index","follow":"follow"},"canonical":"https:\/\/quatroair.com\/jewlery\/polishing-grinding\/velocity-x2-3\/","og_locale":"fr_FR","og_type":"article","og_title":"Velocity X2-3 - Quatro Air Techologies","og_description":"Puissance Premium sans balais et sans sac, d\u00e9poussi\u00e9reur \u00e0 2 stations Cartouches","og_url":"https:\/\/quatroair.com\/jewlery\/polishing-grinding\/velocity-x2-3\/","og_site_name":"Quatro Air Techologies","article_publisher":"https:\/\/www.facebook.com\/QuatroAirTechnologies","article_modified_time":"2025-11-16T12:22:38+00:00","og_image":[{"width":480,"height":320,"url":"https:\/\/quatroair.com\/wp-content\/uploads\/2024\/11\/Velocity-X2-3-480x320-1.webp","type":"image\/webp"}],"twitter_card":"summary_large_image","twitter_site":"@QuatroAir","twitter_misc":{"Dur\u00e9e de lecture estim\u00e9e":"1 minute"},"schema":{"@context":"https:\/\/schema.org","@graph":[{"@type":"WebPage","@id":"https:\/\/quatroair.com\/jewlery\/polishing-grinding\/velocity-x2-3\/","url":"https:\/\/quatroair.com\/jewlery\/polishing-grinding\/velocity-x2-3\/","name":"Velocity X2-3 - Quatro Air Techologies","isPartOf":{"@id":"https:\/\/quatroair.com\/en\/#website"},"primaryImageOfPage":{"@id":"https:\/\/quatroair.com\/jewlery\/polishing-grinding\/velocity-x2-3\/#primaryimage"},"image":{"@id":"https:\/\/quatroair.com\/jewlery\/polishing-grinding\/velocity-x2-3\/#primaryimage"},"thumbnailUrl":"https:\/\/quatroair.com\/wp-content\/uploads\/2024\/11\/Velocity-X2-3-480x320-1.webp","datePublished":"2024-11-18T10:17:59+00:00","dateModified":"2025-11-16T12:22:38+00:00","description":"Puissance Premium sans balais et sans sac, d\u00e9poussi\u00e9reur \u00e0 2 stations Cartouches","breadcrumb":{"@id":"https:\/\/quatroair.com\/jewlery\/polishing-grinding\/velocity-x2-3\/#breadcrumb"},"inLanguage":"fr-FR","potentialAction":[{"@type":"ReadAction","target":["https:\/\/quatroair.com\/jewlery\/polishing-grinding\/velocity-x2-3\/"]}]},{"@type":"ImageObject","inLanguage":"fr-FR","@id":"https:\/\/quatroair.com\/jewlery\/polishing-grinding\/velocity-x2-3\/#primaryimage","url":"https:\/\/quatroair.com\/wp-content\/uploads\/2024\/11\/Velocity-X2-3-480x320-1.webp","contentUrl":"https:\/\/quatroair.com\/wp-content\/uploads\/2024\/11\/Velocity-X2-3-480x320-1.webp","width":480,"height":320},{"@type":"BreadcrumbList","@id":"https:\/\/quatroair.com\/jewlery\/polishing-grinding\/velocity-x2-3\/#breadcrumb","itemListElement":[{"@type":"ListItem","position":1,"name":"Home","item":"https:\/\/quatroair.com\/"},{"@type":"ListItem","position":2,"name":"Products","item":"https:\/\/quatroair.com\/shop__trashed\/"},{"@type":"ListItem","position":3,"name":"Velocity X2-3"}]},{"@type":"WebSite","@id":"https:\/\/quatroair.com\/en\/#website","url":"https:\/\/quatroair.com\/en\/","name":"Quatro Air Techologies","description":"Quatro Air provides effective clean air solutions designed to handle any air quality challenge in your home, office or business. Contact us today for details.","publisher":{"@id":"https:\/\/quatroair.com\/en\/#organization"},"potentialAction":[{"@type":"SearchAction","target":{"@type":"EntryPoint","urlTemplate":"https:\/\/quatroair.com\/en\/?s={search_term_string}"},"query-input":{"@type":"PropertyValueSpecification","valueRequired":true,"valueName":"search_term_string"}}],"inLanguage":"fr-FR"},{"@type":"Organization","@id":"https:\/\/quatroair.com\/en\/#organization","name":"Quatro Air Techologies","url":"https:\/\/quatroair.com\/en\/","logo":{"@type":"ImageObject","inLanguage":"fr-FR","@id":"https:\/\/quatroair.com\/en\/#\/schema\/logo\/image\/","url":"https:\/\/quatroair.com\/wp-content\/uploads\/2024\/10\/logo.svg","contentUrl":"https:\/\/quatroair.com\/wp-content\/uploads\/2024\/10\/logo.svg","width":708,"height":142,"caption":"Quatro Air Techologies"},"image":{"@id":"https:\/\/quatroair.com\/en\/#\/schema\/logo\/image\/"},"sameAs":["https:\/\/www.facebook.com\/QuatroAirTechnologies","https:\/\/x.com\/QuatroAir","https:\/\/www.youtube.com\/channel\/UCdTTBL7Pwwyr2JGybAn8Bxw","https:\/\/www.linkedin.com\/company\/quatro-air-technologies"]}]}},"_links":{"self":[{"href":"https:\/\/quatroair.com\/fr\/wp-json\/wp\/v2\/product\/9580","targetHints":{"allow":["GET"]}}],"collection":[{"href":"https:\/\/quatroair.com\/fr\/wp-json\/wp\/v2\/product"}],"about":[{"href":"https:\/\/quatroair.com\/fr\/wp-json\/wp\/v2\/types\/product"}],"replies":[{"embeddable":true,"href":"https:\/\/quatroair.com\/fr\/wp-json\/wp\/v2\/comments?post=9580"}],"version-history":[{"count":5,"href":"https:\/\/quatroair.com\/fr\/wp-json\/wp\/v2\/product\/9580\/revisions"}],"predecessor-version":[{"id":11317,"href":"https:\/\/quatroair.com\/fr\/wp-json\/wp\/v2\/product\/9580\/revisions\/11317"}],"wp:featuredmedia":[{"embeddable":true,"href":"https:\/\/quatroair.com\/fr\/wp-json\/wp\/v2\/media\/4825"}],"wp:attachment":[{"href":"https:\/\/quatroair.com\/fr\/wp-json\/wp\/v2\/media?parent=9580"}],"wp:term":[{"taxonomy":"product_cat","embeddable":true,"href":"https:\/\/quatroair.com\/fr\/wp-json\/wp\/v2\/product_cat?post=9580"},{"taxonomy":"product_tag","embeddable":true,"href":"https:\/\/quatroair.com\/fr\/wp-json\/wp\/v2\/product_tag?post=9580"}],"curies":[{"name":"wp","href":"https:\/\/api.w.org\/{rel}","templated":true}]}}