{"id":9575,"date":"2024-11-18T15:11:23","date_gmt":"2024-11-18T15:11:23","guid":{"rendered":"https:\/\/quatroair.com\/product\/asv-capture-arms-8-plexi-nozzle-2\/"},"modified":"2026-02-13T22:15:35","modified_gmt":"2026-02-13T22:15:35","slug":"bras-de-capture-asv-avec-support-de-maintien","status":"publish","type":"product","link":"https:\/\/quatroair.com\/fr\/products\/product-accessories\/asv-capture-arms\/asv-capture-arms-with-support-stand","title":{"rendered":"Bras de capture ASV (avec support de maintien)"},"content":{"rendered":"<h3>Pr\u00e9sentation<\/h3>\n<ul>\n<li>Bras flexible antistatique Loc-Line de 24&Prime; avec buse de capture<\/li>\n<li>Le bras de 3&Prime; de diam\u00e8tre s&rsquo;installe sur un support ASV int\u00e9gr\u00e9 avec des diam\u00e8tres de collier variables<\/li>\n<li>Les ASV g\u00e8rent le flux d&rsquo;air et agissent comme des interrupteurs marche\/arr\u00eat \u00e0 distance sur chaque poste de travail<\/li>\n<\/ul>\n<h3>Avantages<\/h3>\n<ul>\n<li>Le support se monte sur votre \u00e9tabli<\/li>\n<li>Les bras s&rsquo;\u00e9tendent jusqu&rsquo;\u00e0 24 pouces de long, supporte son propre poids<\/li>\n<li>Connectez plusieurs ASV \u00e0 un seul d\u00e9poussi\u00e9reur pour accueillir plusieurs postes de travail.<\/li>\n<\/ul>\n<h3>Caract\u00e9ristiques<\/h3>\n<ul>\n<li>Inclus\u00a0: une des 3 options de buse de capture diff\u00e9rentes\u00a0; C\u00e2ble AVS de 20&prime;\u00a0; Support de support de table (#AA423)<\/li>\n<li>3 options de connexion de tuyau arri\u00e8re disponibles (1,5&Prime;, 2&Prime; ou 3&Prime;)<\/li>\n<\/ul>\n<h3>Options<\/h3>\n<ul>\n<li>En option\u00a0: C\u00e2ble pour connecter \u00e0 l&rsquo;unit\u00e9 (#AE750) (1 c\u00e2ble par unit\u00e9)<\/li>\n<li>Voir l&rsquo;onglet Sp\u00e9cifications techniques pour les num\u00e9ros de pi\u00e8ces sp\u00e9cifiques<\/li>\n<\/ul>\n","protected":false},"excerpt":{"rendered":"<p>Les bras de capture ASV (avec support) sont des bras flexibles et des buses de collecte avec supports de table int\u00e9gr\u00e9s pour les applications d&rsquo;extraction de poussi\u00e8res et de fum\u00e9es.<\/p>\n","protected":false},"featured_media":11498,"comment_status":"open","ping_status":"closed","template":"","meta":{"_acf_changed":false},"product_cat":[88],"product_tag":[],"class_list":{"0":"post-9575","1":"product","2":"type-product","3":"status-publish","4":"has-post-thumbnail","6":"product_cat-nocategroy-fr","8":"first","9":"instock","10":"shipping-taxable","11":"product-type-simple"},"acf":[],"yoast_head":"<!-- This site is optimized with the Yoast SEO plugin v26.9 - https:\/\/yoast.com\/product\/yoast-seo-wordpress\/ -->\n<title>Bras de capture ASV (avec support de maintien) - Quatro Air Techologies<\/title>\n<meta name=\"description\" content=\"Bras d\u2019aspiration ASV (buse en plexiglas de 8&quot;) Bras d\u2019aspiration avec bras\" \/>\n<meta name=\"robots\" content=\"index, follow\" \/>\n<link rel=\"canonical\" href=\"https:\/\/quatroair.com\/industries\/dental\/accessories\/asv-capture-arms\/asv-capture-arms-with-support-stand\" \/>\n<meta property=\"og:locale\" content=\"fr_FR\" \/>\n<meta property=\"og:type\" content=\"article\" \/>\n<meta property=\"og:title\" content=\"Bras de capture ASV (avec support de maintien) - Quatro Air Techologies\" \/>\n<meta property=\"og:description\" content=\"Bras d\u2019aspiration ASV (buse en plexiglas de 8&quot;) Bras d\u2019aspiration avec bras\" \/>\n<meta property=\"og:url\" content=\"https:\/\/quatroair.com\/industries\/dental\/accessories\/asv-capture-arms\/asv-capture-arms-with-support-stand\" \/>\n<meta property=\"og:site_name\" content=\"Quatro Air Techologies\" \/>\n<meta property=\"article:publisher\" content=\"https:\/\/www.facebook.com\/QuatroAirTechnologies\" \/>\n<meta property=\"article:modified_time\" content=\"2026-02-13T22:15:35+00:00\" \/>\n<meta property=\"og:image\" content=\"https:\/\/quatroair.com\/wp-content\/uploads\/2024\/11\/AA433-O-P-R-Stand.png\" \/>\n\t<meta property=\"og:image:width\" content=\"480\" \/>\n\t<meta property=\"og:image:height\" content=\"320\" \/>\n\t<meta property=\"og:image:type\" content=\"image\/png\" \/>\n<meta name=\"twitter:card\" content=\"summary_large_image\" \/>\n<meta name=\"twitter:site\" content=\"@QuatroAir\" \/>\n<meta name=\"twitter:label1\" content=\"Dur\u00e9e de lecture estim\u00e9e\" \/>\n\t<meta name=\"twitter:data1\" content=\"1 minute\" \/>\n<script type=\"application\/ld+json\" class=\"yoast-schema-graph\">{\"@context\":\"https:\/\/schema.org\",\"@graph\":[{\"@type\":\"WebPage\",\"@id\":\"https:\/\/quatroair.com\/industries\/dental\/accessories\/asv-capture-arms\/asv-capture-arms-with-support-stand\",\"url\":\"https:\/\/quatroair.com\/industries\/dental\/accessories\/asv-capture-arms\/asv-capture-arms-with-support-stand\",\"name\":\"Bras de capture ASV (avec support de maintien) - Quatro Air Techologies\",\"isPartOf\":{\"@id\":\"https:\/\/quatroair.com\/en\/#website\"},\"primaryImageOfPage\":{\"@id\":\"https:\/\/quatroair.com\/industries\/dental\/accessories\/asv-capture-arms\/asv-capture-arms-with-support-stand#primaryimage\"},\"image\":{\"@id\":\"https:\/\/quatroair.com\/industries\/dental\/accessories\/asv-capture-arms\/asv-capture-arms-with-support-stand#primaryimage\"},\"thumbnailUrl\":\"https:\/\/quatroair.com\/wp-content\/uploads\/2024\/11\/AA433-O-P-R-Stand.png\",\"datePublished\":\"2024-11-18T15:11:23+00:00\",\"dateModified\":\"2026-02-13T22:15:35+00:00\",\"description\":\"Bras d\u2019aspiration ASV (buse en plexiglas de 8\\\") Bras d\u2019aspiration avec bras\",\"breadcrumb\":{\"@id\":\"https:\/\/quatroair.com\/industries\/dental\/accessories\/asv-capture-arms\/asv-capture-arms-with-support-stand#breadcrumb\"},\"inLanguage\":\"fr-FR\",\"potentialAction\":[{\"@type\":\"ReadAction\",\"target\":[\"https:\/\/quatroair.com\/industries\/dental\/accessories\/asv-capture-arms\/asv-capture-arms-with-support-stand\"]}]},{\"@type\":\"ImageObject\",\"inLanguage\":\"fr-FR\",\"@id\":\"https:\/\/quatroair.com\/industries\/dental\/accessories\/asv-capture-arms\/asv-capture-arms-with-support-stand#primaryimage\",\"url\":\"https:\/\/quatroair.com\/wp-content\/uploads\/2024\/11\/AA433-O-P-R-Stand.png\",\"contentUrl\":\"https:\/\/quatroair.com\/wp-content\/uploads\/2024\/11\/AA433-O-P-R-Stand.png\",\"width\":480,\"height\":320,\"caption\":\"ASV Arm with support\"},{\"@type\":\"BreadcrumbList\",\"@id\":\"https:\/\/quatroair.com\/industries\/dental\/accessories\/asv-capture-arms\/asv-capture-arms-with-support-stand#breadcrumb\",\"itemListElement\":[{\"@type\":\"ListItem\",\"position\":1,\"name\":\"Home\",\"item\":\"https:\/\/quatroair.com\/\"},{\"@type\":\"ListItem\",\"position\":2,\"name\":\"Products\",\"item\":\"https:\/\/quatroair.com\/shop__trashed\/\"},{\"@type\":\"ListItem\",\"position\":3,\"name\":\"Bras de capture ASV (avec support de maintien)\"}]},{\"@type\":\"WebSite\",\"@id\":\"https:\/\/quatroair.com\/en\/#website\",\"url\":\"https:\/\/quatroair.com\/en\/\",\"name\":\"Quatro Air Techologies\",\"description\":\"Quatro Air provides effective clean air solutions designed to handle any air quality challenge in your home, office or business. Contact us today for details.\",\"publisher\":{\"@id\":\"https:\/\/quatroair.com\/en\/#organization\"},\"potentialAction\":[{\"@type\":\"SearchAction\",\"target\":{\"@type\":\"EntryPoint\",\"urlTemplate\":\"https:\/\/quatroair.com\/en\/?s={search_term_string}\"},\"query-input\":{\"@type\":\"PropertyValueSpecification\",\"valueRequired\":true,\"valueName\":\"search_term_string\"}}],\"inLanguage\":\"fr-FR\"},{\"@type\":\"Organization\",\"@id\":\"https:\/\/quatroair.com\/en\/#organization\",\"name\":\"Quatro Air Techologies\",\"url\":\"https:\/\/quatroair.com\/en\/\",\"logo\":{\"@type\":\"ImageObject\",\"inLanguage\":\"fr-FR\",\"@id\":\"https:\/\/quatroair.com\/en\/#\/schema\/logo\/image\/\",\"url\":\"https:\/\/quatroair.com\/wp-content\/uploads\/2024\/10\/logo.svg\",\"contentUrl\":\"https:\/\/quatroair.com\/wp-content\/uploads\/2024\/10\/logo.svg\",\"width\":708,\"height\":142,\"caption\":\"Quatro Air Techologies\"},\"image\":{\"@id\":\"https:\/\/quatroair.com\/en\/#\/schema\/logo\/image\/\"},\"sameAs\":[\"https:\/\/www.facebook.com\/QuatroAirTechnologies\",\"https:\/\/x.com\/QuatroAir\",\"https:\/\/www.youtube.com\/channel\/UCdTTBL7Pwwyr2JGybAn8Bxw\",\"https:\/\/www.linkedin.com\/company\/quatro-air-technologies\"]}]}<\/script>\n<!-- \/ Yoast SEO plugin. -->","yoast_head_json":{"title":"Bras de capture ASV (avec support de maintien) - Quatro Air Techologies","description":"Bras d\u2019aspiration ASV (buse en plexiglas de 8\") Bras d\u2019aspiration avec bras","robots":{"index":"index","follow":"follow"},"canonical":"https:\/\/quatroair.com\/industries\/dental\/accessories\/asv-capture-arms\/asv-capture-arms-with-support-stand","og_locale":"fr_FR","og_type":"article","og_title":"Bras de capture ASV (avec support de maintien) - Quatro Air Techologies","og_description":"Bras d\u2019aspiration ASV (buse en plexiglas de 8\") Bras d\u2019aspiration avec bras","og_url":"https:\/\/quatroair.com\/industries\/dental\/accessories\/asv-capture-arms\/asv-capture-arms-with-support-stand","og_site_name":"Quatro Air Techologies","article_publisher":"https:\/\/www.facebook.com\/QuatroAirTechnologies","article_modified_time":"2026-02-13T22:15:35+00:00","og_image":[{"width":480,"height":320,"url":"https:\/\/quatroair.com\/wp-content\/uploads\/2024\/11\/AA433-O-P-R-Stand.png","type":"image\/png"}],"twitter_card":"summary_large_image","twitter_site":"@QuatroAir","twitter_misc":{"Dur\u00e9e de lecture estim\u00e9e":"1 minute"},"schema":{"@context":"https:\/\/schema.org","@graph":[{"@type":"WebPage","@id":"https:\/\/quatroair.com\/industries\/dental\/accessories\/asv-capture-arms\/asv-capture-arms-with-support-stand","url":"https:\/\/quatroair.com\/industries\/dental\/accessories\/asv-capture-arms\/asv-capture-arms-with-support-stand","name":"Bras de capture ASV (avec support de maintien) - Quatro Air Techologies","isPartOf":{"@id":"https:\/\/quatroair.com\/en\/#website"},"primaryImageOfPage":{"@id":"https:\/\/quatroair.com\/industries\/dental\/accessories\/asv-capture-arms\/asv-capture-arms-with-support-stand#primaryimage"},"image":{"@id":"https:\/\/quatroair.com\/industries\/dental\/accessories\/asv-capture-arms\/asv-capture-arms-with-support-stand#primaryimage"},"thumbnailUrl":"https:\/\/quatroair.com\/wp-content\/uploads\/2024\/11\/AA433-O-P-R-Stand.png","datePublished":"2024-11-18T15:11:23+00:00","dateModified":"2026-02-13T22:15:35+00:00","description":"Bras d\u2019aspiration ASV (buse en plexiglas de 8\") Bras d\u2019aspiration avec bras","breadcrumb":{"@id":"https:\/\/quatroair.com\/industries\/dental\/accessories\/asv-capture-arms\/asv-capture-arms-with-support-stand#breadcrumb"},"inLanguage":"fr-FR","potentialAction":[{"@type":"ReadAction","target":["https:\/\/quatroair.com\/industries\/dental\/accessories\/asv-capture-arms\/asv-capture-arms-with-support-stand"]}]},{"@type":"ImageObject","inLanguage":"fr-FR","@id":"https:\/\/quatroair.com\/industries\/dental\/accessories\/asv-capture-arms\/asv-capture-arms-with-support-stand#primaryimage","url":"https:\/\/quatroair.com\/wp-content\/uploads\/2024\/11\/AA433-O-P-R-Stand.png","contentUrl":"https:\/\/quatroair.com\/wp-content\/uploads\/2024\/11\/AA433-O-P-R-Stand.png","width":480,"height":320,"caption":"ASV Arm with support"},{"@type":"BreadcrumbList","@id":"https:\/\/quatroair.com\/industries\/dental\/accessories\/asv-capture-arms\/asv-capture-arms-with-support-stand#breadcrumb","itemListElement":[{"@type":"ListItem","position":1,"name":"Home","item":"https:\/\/quatroair.com\/"},{"@type":"ListItem","position":2,"name":"Products","item":"https:\/\/quatroair.com\/shop__trashed\/"},{"@type":"ListItem","position":3,"name":"Bras de capture ASV (avec support de maintien)"}]},{"@type":"WebSite","@id":"https:\/\/quatroair.com\/en\/#website","url":"https:\/\/quatroair.com\/en\/","name":"Quatro Air Techologies","description":"Quatro Air provides effective clean air solutions designed to handle any air quality challenge in your home, office or business. Contact us today for details.","publisher":{"@id":"https:\/\/quatroair.com\/en\/#organization"},"potentialAction":[{"@type":"SearchAction","target":{"@type":"EntryPoint","urlTemplate":"https:\/\/quatroair.com\/en\/?s={search_term_string}"},"query-input":{"@type":"PropertyValueSpecification","valueRequired":true,"valueName":"search_term_string"}}],"inLanguage":"fr-FR"},{"@type":"Organization","@id":"https:\/\/quatroair.com\/en\/#organization","name":"Quatro Air Techologies","url":"https:\/\/quatroair.com\/en\/","logo":{"@type":"ImageObject","inLanguage":"fr-FR","@id":"https:\/\/quatroair.com\/en\/#\/schema\/logo\/image\/","url":"https:\/\/quatroair.com\/wp-content\/uploads\/2024\/10\/logo.svg","contentUrl":"https:\/\/quatroair.com\/wp-content\/uploads\/2024\/10\/logo.svg","width":708,"height":142,"caption":"Quatro Air Techologies"},"image":{"@id":"https:\/\/quatroair.com\/en\/#\/schema\/logo\/image\/"},"sameAs":["https:\/\/www.facebook.com\/QuatroAirTechnologies","https:\/\/x.com\/QuatroAir","https:\/\/www.youtube.com\/channel\/UCdTTBL7Pwwyr2JGybAn8Bxw","https:\/\/www.linkedin.com\/company\/quatro-air-technologies"]}]}},"_links":{"self":[{"href":"https:\/\/quatroair.com\/fr\/wp-json\/wp\/v2\/product\/9575","targetHints":{"allow":["GET"]}}],"collection":[{"href":"https:\/\/quatroair.com\/fr\/wp-json\/wp\/v2\/product"}],"about":[{"href":"https:\/\/quatroair.com\/fr\/wp-json\/wp\/v2\/types\/product"}],"replies":[{"embeddable":true,"href":"https:\/\/quatroair.com\/fr\/wp-json\/wp\/v2\/comments?post=9575"}],"version-history":[{"count":15,"href":"https:\/\/quatroair.com\/fr\/wp-json\/wp\/v2\/product\/9575\/revisions"}],"predecessor-version":[{"id":12494,"href":"https:\/\/quatroair.com\/fr\/wp-json\/wp\/v2\/product\/9575\/revisions\/12494"}],"wp:featuredmedia":[{"embeddable":true,"href":"https:\/\/quatroair.com\/fr\/wp-json\/wp\/v2\/media\/11498"}],"wp:attachment":[{"href":"https:\/\/quatroair.com\/fr\/wp-json\/wp\/v2\/media?parent=9575"}],"wp:term":[{"taxonomy":"product_cat","embeddable":true,"href":"https:\/\/quatroair.com\/fr\/wp-json\/wp\/v2\/product_cat?post=9575"},{"taxonomy":"product_tag","embeddable":true,"href":"https:\/\/quatroair.com\/fr\/wp-json\/wp\/v2\/product_tag?post=9575"}],"curies":[{"name":"wp","href":"https:\/\/api.w.org\/{rel}","templated":true}]}}