{"id":9371,"date":"2025-07-10T13:27:12","date_gmt":"2025-07-10T13:27:12","guid":{"rendered":"https:\/\/quatroair.com\/product\/ductless-fume-hood-1000-series\/"},"modified":"2025-10-22T21:09:47","modified_gmt":"2025-10-22T21:09:47","slug":"ductless-fume-hood-1000-series","status":"publish","type":"product","link":"https:\/\/quatroair.com\/fr\/products\/fume-extractors\/stand-alone-units\/ductless-fume-hood-1000-series","title":{"rendered":"Ductless Fume Hood 1000 Series"},"content":{"rendered":"<h2>Aper\u00e7u<\/h2>\n<p>La hotte murale sans conduit (DFH) s\u00e9rie 1000 est un extracteur de fum\u00e9es qui \u00e9limine les odeurs, les particules nocives et les vapeurs \u00e0 la source, emp\u00eachant les contaminants en suspension dans l&rsquo;air de migrer vers le milieu de travail.<\/p>\n<h2>Avantages<\/h2>\n<ul>\n<li>Conception compacte pr\u00eate \u00e0 l&#8217;emploi<\/li>\n<li>Id\u00e9ale l\u00e0 o\u00f9 l&rsquo;espace au sol est limit\u00e9<\/li>\n<li>Capture \u00e0 la source les contaminants en suspension dans l&rsquo;air<\/li>\n<li>Fonctionnement silencieux<\/li>\n<li>Certifi\u00e9 CSA, conforme UL et RoHS<\/li>\n<\/ul>\n<h2>Caract\u00e9ristiques<\/h2>\n<ul>\n<li>Panneau de contr\u00f4le analogique<\/li>\n<\/ul>\n<h2>Options<\/h2>\n<ul>\n<li>Commande \u00e0 distance manuelle ou au pied<\/li>\n<li>Plusieurs configurations de s\u00e9quences de filtres disponibles pour les alcools, four a recuit, la poussi\u00e8re et le monom\u00e8re (voir <a style=\"font-weight: bold;\" title=\"Afficher les options de configuration de la s\u00e9quence de filtres\" href=\"extracteur-de-fumee-ductless-fume-hood-caracteristiques-techniques\">les sp\u00e9cifications techniques<\/a>)<\/li>\n<\/ul>\n","protected":false},"excerpt":{"rendered":"<p>La s\u00e9rie de hottes murales sans conduit (DFH) offre une solution d&rsquo;extraction des fum\u00e9es pour une capture efficace \u00e0 la source des odeurs, des particules nocives et des vapeurs.<\/p>\n","protected":false},"featured_media":9376,"comment_status":"open","ping_status":"closed","template":"","meta":{"_acf_changed":false},"product_cat":[88],"product_tag":[],"class_list":{"0":"post-9371","1":"product","2":"type-product","3":"status-publish","4":"has-post-thumbnail","6":"product_cat-nocategroy-fr","8":"first","9":"instock","10":"shipping-taxable","11":"product-type-simple"},"acf":[],"yoast_head":"<!-- This site is optimized with the Yoast SEO plugin v26.9 - https:\/\/yoast.com\/product\/yoast-seo-wordpress\/ -->\n<title>Ductless Fume Hood 1000 Series - Quatro Air Techologies<\/title>\n<meta name=\"description\" content=\"Aper\u00e7u La hotte murale sans conduit (DFH) s\u00e9rie 1000 est un extracteur de fum\u00e9es\" \/>\n<meta name=\"robots\" content=\"index, follow\" \/>\n<link rel=\"canonical\" href=\"https:\/\/quatroair.com\/fr\/extracteurs-de-fumee\/stand-alone-units\/ductless-fume-hood-1000-series\" \/>\n<meta property=\"og:locale\" content=\"fr_FR\" \/>\n<meta property=\"og:type\" content=\"article\" \/>\n<meta property=\"og:title\" content=\"Ductless Fume Hood 1000 Series - Quatro Air Techologies\" \/>\n<meta property=\"og:description\" content=\"Aper\u00e7u La hotte murale sans conduit (DFH) s\u00e9rie 1000 est un extracteur de fum\u00e9es\" \/>\n<meta property=\"og:url\" content=\"https:\/\/quatroair.com\/fr\/extracteurs-de-fumee\/stand-alone-units\/ductless-fume-hood-1000-series\" \/>\n<meta property=\"og:site_name\" content=\"Quatro Air Techologies\" \/>\n<meta property=\"article:publisher\" content=\"https:\/\/www.facebook.com\/QuatroAirTechnologies\" \/>\n<meta property=\"article:modified_time\" content=\"2025-10-22T21:09:47+00:00\" \/>\n<meta property=\"og:image\" content=\"https:\/\/quatroair.com\/wp-content\/uploads\/2025\/07\/DFH1000-480x320-1.webp\" \/>\n\t<meta property=\"og:image:width\" content=\"480\" \/>\n\t<meta property=\"og:image:height\" content=\"320\" \/>\n\t<meta property=\"og:image:type\" content=\"image\/webp\" \/>\n<meta name=\"twitter:card\" content=\"summary_large_image\" \/>\n<meta name=\"twitter:site\" content=\"@QuatroAir\" \/>\n<meta name=\"twitter:label1\" content=\"Dur\u00e9e de lecture estim\u00e9e\" \/>\n\t<meta name=\"twitter:data1\" content=\"1 minute\" \/>\n<script type=\"application\/ld+json\" class=\"yoast-schema-graph\">{\"@context\":\"https:\/\/schema.org\",\"@graph\":[{\"@type\":\"WebPage\",\"@id\":\"https:\/\/quatroair.com\/fr\/extracteurs-de-fumee\/stand-alone-units\/ductless-fume-hood-1000-series\",\"url\":\"https:\/\/quatroair.com\/fr\/extracteurs-de-fumee\/stand-alone-units\/ductless-fume-hood-1000-series\",\"name\":\"Ductless Fume Hood 1000 Series - Quatro Air Techologies\",\"isPartOf\":{\"@id\":\"https:\/\/quatroair.com\/en\/#website\"},\"primaryImageOfPage\":{\"@id\":\"https:\/\/quatroair.com\/fr\/extracteurs-de-fumee\/stand-alone-units\/ductless-fume-hood-1000-series#primaryimage\"},\"image\":{\"@id\":\"https:\/\/quatroair.com\/fr\/extracteurs-de-fumee\/stand-alone-units\/ductless-fume-hood-1000-series#primaryimage\"},\"thumbnailUrl\":\"https:\/\/quatroair.com\/wp-content\/uploads\/2025\/07\/DFH1000-480x320-1.webp\",\"datePublished\":\"2025-07-10T13:27:12+00:00\",\"dateModified\":\"2025-10-22T21:09:47+00:00\",\"description\":\"Aper\u00e7u La hotte murale sans conduit (DFH) s\u00e9rie 1000 est un extracteur de fum\u00e9es\",\"breadcrumb\":{\"@id\":\"https:\/\/quatroair.com\/fr\/extracteurs-de-fumee\/stand-alone-units\/ductless-fume-hood-1000-series#breadcrumb\"},\"inLanguage\":\"fr-FR\",\"potentialAction\":[{\"@type\":\"ReadAction\",\"target\":[\"https:\/\/quatroair.com\/fr\/extracteurs-de-fumee\/stand-alone-units\/ductless-fume-hood-1000-series\"]}]},{\"@type\":\"ImageObject\",\"inLanguage\":\"fr-FR\",\"@id\":\"https:\/\/quatroair.com\/fr\/extracteurs-de-fumee\/stand-alone-units\/ductless-fume-hood-1000-series#primaryimage\",\"url\":\"https:\/\/quatroair.com\/wp-content\/uploads\/2025\/07\/DFH1000-480x320-1.webp\",\"contentUrl\":\"https:\/\/quatroair.com\/wp-content\/uploads\/2025\/07\/DFH1000-480x320-1.webp\",\"width\":480,\"height\":320},{\"@type\":\"BreadcrumbList\",\"@id\":\"https:\/\/quatroair.com\/fr\/extracteurs-de-fumee\/stand-alone-units\/ductless-fume-hood-1000-series#breadcrumb\",\"itemListElement\":[{\"@type\":\"ListItem\",\"position\":1,\"name\":\"Home\",\"item\":\"https:\/\/quatroair.com\/\"},{\"@type\":\"ListItem\",\"position\":2,\"name\":\"Products\",\"item\":\"https:\/\/quatroair.com\/shop__trashed\/\"},{\"@type\":\"ListItem\",\"position\":3,\"name\":\"Ductless Fume Hood 1000 Series\"}]},{\"@type\":\"WebSite\",\"@id\":\"https:\/\/quatroair.com\/en\/#website\",\"url\":\"https:\/\/quatroair.com\/en\/\",\"name\":\"Quatro Air Techologies\",\"description\":\"Quatro Air provides effective clean air solutions designed to handle any air quality challenge in your home, office or business. Contact us today for details.\",\"publisher\":{\"@id\":\"https:\/\/quatroair.com\/en\/#organization\"},\"potentialAction\":[{\"@type\":\"SearchAction\",\"target\":{\"@type\":\"EntryPoint\",\"urlTemplate\":\"https:\/\/quatroair.com\/en\/?s={search_term_string}\"},\"query-input\":{\"@type\":\"PropertyValueSpecification\",\"valueRequired\":true,\"valueName\":\"search_term_string\"}}],\"inLanguage\":\"fr-FR\"},{\"@type\":\"Organization\",\"@id\":\"https:\/\/quatroair.com\/en\/#organization\",\"name\":\"Quatro Air Techologies\",\"url\":\"https:\/\/quatroair.com\/en\/\",\"logo\":{\"@type\":\"ImageObject\",\"inLanguage\":\"fr-FR\",\"@id\":\"https:\/\/quatroair.com\/en\/#\/schema\/logo\/image\/\",\"url\":\"https:\/\/quatroair.com\/wp-content\/uploads\/2024\/10\/logo.svg\",\"contentUrl\":\"https:\/\/quatroair.com\/wp-content\/uploads\/2024\/10\/logo.svg\",\"width\":708,\"height\":142,\"caption\":\"Quatro Air Techologies\"},\"image\":{\"@id\":\"https:\/\/quatroair.com\/en\/#\/schema\/logo\/image\/\"},\"sameAs\":[\"https:\/\/www.facebook.com\/QuatroAirTechnologies\",\"https:\/\/x.com\/QuatroAir\",\"https:\/\/www.youtube.com\/channel\/UCdTTBL7Pwwyr2JGybAn8Bxw\",\"https:\/\/www.linkedin.com\/company\/quatro-air-technologies\"]}]}<\/script>\n<!-- \/ Yoast SEO plugin. -->","yoast_head_json":{"title":"Ductless Fume Hood 1000 Series - Quatro Air Techologies","description":"Aper\u00e7u La hotte murale sans conduit (DFH) s\u00e9rie 1000 est un extracteur de fum\u00e9es","robots":{"index":"index","follow":"follow"},"canonical":"https:\/\/quatroair.com\/fr\/extracteurs-de-fumee\/stand-alone-units\/ductless-fume-hood-1000-series","og_locale":"fr_FR","og_type":"article","og_title":"Ductless Fume Hood 1000 Series - Quatro Air Techologies","og_description":"Aper\u00e7u La hotte murale sans conduit (DFH) s\u00e9rie 1000 est un extracteur de fum\u00e9es","og_url":"https:\/\/quatroair.com\/fr\/extracteurs-de-fumee\/stand-alone-units\/ductless-fume-hood-1000-series","og_site_name":"Quatro Air Techologies","article_publisher":"https:\/\/www.facebook.com\/QuatroAirTechnologies","article_modified_time":"2025-10-22T21:09:47+00:00","og_image":[{"width":480,"height":320,"url":"https:\/\/quatroair.com\/wp-content\/uploads\/2025\/07\/DFH1000-480x320-1.webp","type":"image\/webp"}],"twitter_card":"summary_large_image","twitter_site":"@QuatroAir","twitter_misc":{"Dur\u00e9e de lecture estim\u00e9e":"1 minute"},"schema":{"@context":"https:\/\/schema.org","@graph":[{"@type":"WebPage","@id":"https:\/\/quatroair.com\/fr\/extracteurs-de-fumee\/stand-alone-units\/ductless-fume-hood-1000-series","url":"https:\/\/quatroair.com\/fr\/extracteurs-de-fumee\/stand-alone-units\/ductless-fume-hood-1000-series","name":"Ductless Fume Hood 1000 Series - Quatro Air Techologies","isPartOf":{"@id":"https:\/\/quatroair.com\/en\/#website"},"primaryImageOfPage":{"@id":"https:\/\/quatroair.com\/fr\/extracteurs-de-fumee\/stand-alone-units\/ductless-fume-hood-1000-series#primaryimage"},"image":{"@id":"https:\/\/quatroair.com\/fr\/extracteurs-de-fumee\/stand-alone-units\/ductless-fume-hood-1000-series#primaryimage"},"thumbnailUrl":"https:\/\/quatroair.com\/wp-content\/uploads\/2025\/07\/DFH1000-480x320-1.webp","datePublished":"2025-07-10T13:27:12+00:00","dateModified":"2025-10-22T21:09:47+00:00","description":"Aper\u00e7u La hotte murale sans conduit (DFH) s\u00e9rie 1000 est un extracteur de fum\u00e9es","breadcrumb":{"@id":"https:\/\/quatroair.com\/fr\/extracteurs-de-fumee\/stand-alone-units\/ductless-fume-hood-1000-series#breadcrumb"},"inLanguage":"fr-FR","potentialAction":[{"@type":"ReadAction","target":["https:\/\/quatroair.com\/fr\/extracteurs-de-fumee\/stand-alone-units\/ductless-fume-hood-1000-series"]}]},{"@type":"ImageObject","inLanguage":"fr-FR","@id":"https:\/\/quatroair.com\/fr\/extracteurs-de-fumee\/stand-alone-units\/ductless-fume-hood-1000-series#primaryimage","url":"https:\/\/quatroair.com\/wp-content\/uploads\/2025\/07\/DFH1000-480x320-1.webp","contentUrl":"https:\/\/quatroair.com\/wp-content\/uploads\/2025\/07\/DFH1000-480x320-1.webp","width":480,"height":320},{"@type":"BreadcrumbList","@id":"https:\/\/quatroair.com\/fr\/extracteurs-de-fumee\/stand-alone-units\/ductless-fume-hood-1000-series#breadcrumb","itemListElement":[{"@type":"ListItem","position":1,"name":"Home","item":"https:\/\/quatroair.com\/"},{"@type":"ListItem","position":2,"name":"Products","item":"https:\/\/quatroair.com\/shop__trashed\/"},{"@type":"ListItem","position":3,"name":"Ductless Fume Hood 1000 Series"}]},{"@type":"WebSite","@id":"https:\/\/quatroair.com\/en\/#website","url":"https:\/\/quatroair.com\/en\/","name":"Quatro Air Techologies","description":"Quatro Air provides effective clean air solutions designed to handle any air quality challenge in your home, office or business. Contact us today for details.","publisher":{"@id":"https:\/\/quatroair.com\/en\/#organization"},"potentialAction":[{"@type":"SearchAction","target":{"@type":"EntryPoint","urlTemplate":"https:\/\/quatroair.com\/en\/?s={search_term_string}"},"query-input":{"@type":"PropertyValueSpecification","valueRequired":true,"valueName":"search_term_string"}}],"inLanguage":"fr-FR"},{"@type":"Organization","@id":"https:\/\/quatroair.com\/en\/#organization","name":"Quatro Air Techologies","url":"https:\/\/quatroair.com\/en\/","logo":{"@type":"ImageObject","inLanguage":"fr-FR","@id":"https:\/\/quatroair.com\/en\/#\/schema\/logo\/image\/","url":"https:\/\/quatroair.com\/wp-content\/uploads\/2024\/10\/logo.svg","contentUrl":"https:\/\/quatroair.com\/wp-content\/uploads\/2024\/10\/logo.svg","width":708,"height":142,"caption":"Quatro Air Techologies"},"image":{"@id":"https:\/\/quatroair.com\/en\/#\/schema\/logo\/image\/"},"sameAs":["https:\/\/www.facebook.com\/QuatroAirTechnologies","https:\/\/x.com\/QuatroAir","https:\/\/www.youtube.com\/channel\/UCdTTBL7Pwwyr2JGybAn8Bxw","https:\/\/www.linkedin.com\/company\/quatro-air-technologies"]}]}},"_links":{"self":[{"href":"https:\/\/quatroair.com\/fr\/wp-json\/wp\/v2\/product\/9371","targetHints":{"allow":["GET"]}}],"collection":[{"href":"https:\/\/quatroair.com\/fr\/wp-json\/wp\/v2\/product"}],"about":[{"href":"https:\/\/quatroair.com\/fr\/wp-json\/wp\/v2\/types\/product"}],"replies":[{"embeddable":true,"href":"https:\/\/quatroair.com\/fr\/wp-json\/wp\/v2\/comments?post=9371"}],"version-history":[{"count":3,"href":"https:\/\/quatroair.com\/fr\/wp-json\/wp\/v2\/product\/9371\/revisions"}],"predecessor-version":[{"id":10997,"href":"https:\/\/quatroair.com\/fr\/wp-json\/wp\/v2\/product\/9371\/revisions\/10997"}],"wp:featuredmedia":[{"embeddable":true,"href":"https:\/\/quatroair.com\/fr\/wp-json\/wp\/v2\/media\/9376"}],"wp:attachment":[{"href":"https:\/\/quatroair.com\/fr\/wp-json\/wp\/v2\/media?parent=9371"}],"wp:term":[{"taxonomy":"product_cat","embeddable":true,"href":"https:\/\/quatroair.com\/fr\/wp-json\/wp\/v2\/product_cat?post=9371"},{"taxonomy":"product_tag","embeddable":true,"href":"https:\/\/quatroair.com\/fr\/wp-json\/wp\/v2\/product_tag?post=9371"}],"curies":[{"name":"wp","href":"https:\/\/api.w.org\/{rel}","templated":true}]}}