{"id":8045,"date":"2024-11-17T16:36:32","date_gmt":"2024-11-17T16:36:32","guid":{"rendered":"https:\/\/quatroair.com\/product\/bench-downdraft-adapter-2\/"},"modified":"2026-02-13T22:25:51","modified_gmt":"2026-02-13T22:25:51","slug":"bench-downdraft-adapter-acc-other","status":"publish","type":"product","link":"https:\/\/quatroair.com\/fr\/products\/product-accessories\/benchtop\/other\/bench-downdraft-adapter","title":{"rendered":"Adaptateur d\u2019Aspiration pour \u00c9tabli"},"content":{"rendered":"<h3>Pr\u00e9sentation<\/h3>\n<ul>\n<li>Connectez-vous \u00e0 votre d\u00e9poussi\u00e9reur\u00a0: tuyau de 1,5&Prime;, 2&Prime;, 2,5&Prime; ou 3&Prime; de diam\u00e8tre<\/li>\n<li>Acier robuste avec rev\u00eatement en poudre<\/li>\n<\/ul>\n<h3>Avantages<\/h3>\n<ul>\n<li>S&rsquo;installe sous l&rsquo;\u00e9tabli<\/li>\n<\/ul>\n<h3>Caract\u00e9ristiques<\/h3>\n<ul>\n<li>Id\u00e9al \u00e0 installer en dessous tiroir<\/li>\n<\/ul>\n<h3>Options<\/h3>\n<ul>\n<li>Sans vanne (AA782)<\/li>\n<li>Avec vanne de d\u00e9marrage automatique (#AA782-ASV)<\/li>\n<li>Avec vanne coulissante manuelle (#AA782-MSV)<\/li>\n<\/ul>\n","protected":false},"excerpt":{"rendered":"<p>L&rsquo;adaptateur de tirage descendant pour banc est un accessoire unique con\u00e7u pour \u00eatre int\u00e9gr\u00e9 au plan de travail.<\/p>\n","protected":false},"featured_media":10813,"comment_status":"open","ping_status":"closed","template":"","meta":{"_acf_changed":false},"product_cat":[88],"product_tag":[],"class_list":{"0":"post-8045","1":"product","2":"type-product","3":"status-publish","4":"has-post-thumbnail","6":"product_cat-nocategroy-fr","8":"first","9":"instock","10":"shipping-taxable","11":"product-type-simple"},"acf":[],"yoast_head":"<!-- This site is optimized with the Yoast SEO plugin v26.9 - https:\/\/yoast.com\/product\/yoast-seo-wordpress\/ -->\n<title>Adaptateur d\u2019Aspiration pour \u00c9tabli - Quatro Air Techologies<\/title>\n<meta name=\"description\" content=\"Bench Downdraft Adapter Other Benchtop Accessories.. Benchtop Part Number#: AA782,\" \/>\n<meta name=\"robots\" content=\"index, follow\" \/>\n<link rel=\"canonical\" href=\"https:\/\/quatroair.com\/industries\/dental\/accessories\/benchtop\/other\/bench-downdraft-adapter\" \/>\n<meta property=\"og:locale\" content=\"fr_FR\" \/>\n<meta property=\"og:type\" content=\"article\" \/>\n<meta property=\"og:title\" content=\"Adaptateur d\u2019Aspiration pour \u00c9tabli - Quatro Air Techologies\" \/>\n<meta property=\"og:description\" content=\"Bench Downdraft Adapter Other Benchtop Accessories.. Benchtop Part Number#: AA782,\" \/>\n<meta property=\"og:url\" content=\"https:\/\/quatroair.com\/industries\/dental\/accessories\/benchtop\/other\/bench-downdraft-adapter\" \/>\n<meta property=\"og:site_name\" content=\"Quatro Air Techologies\" \/>\n<meta property=\"article:publisher\" content=\"https:\/\/www.facebook.com\/QuatroAirTechnologies\" \/>\n<meta property=\"article:modified_time\" content=\"2026-02-13T22:25:51+00:00\" \/>\n<meta property=\"og:image\" content=\"https:\/\/quatroair.com\/wp-content\/uploads\/2024\/11\/AA782-AA782-MSV-and-A782-ASV.png\" \/>\n\t<meta property=\"og:image:width\" content=\"480\" \/>\n\t<meta property=\"og:image:height\" content=\"320\" \/>\n\t<meta property=\"og:image:type\" content=\"image\/png\" \/>\n<meta name=\"twitter:card\" content=\"summary_large_image\" \/>\n<meta name=\"twitter:site\" content=\"@QuatroAir\" \/>\n<meta name=\"twitter:label1\" content=\"Dur\u00e9e de lecture estim\u00e9e\" \/>\n\t<meta name=\"twitter:data1\" content=\"1 minute\" \/>\n<script type=\"application\/ld+json\" class=\"yoast-schema-graph\">{\"@context\":\"https:\/\/schema.org\",\"@graph\":[{\"@type\":\"WebPage\",\"@id\":\"https:\/\/quatroair.com\/industries\/dental\/accessories\/benchtop\/other\/bench-downdraft-adapter\",\"url\":\"https:\/\/quatroair.com\/industries\/dental\/accessories\/benchtop\/other\/bench-downdraft-adapter\",\"name\":\"Adaptateur d\u2019Aspiration pour \u00c9tabli - Quatro Air Techologies\",\"isPartOf\":{\"@id\":\"https:\/\/quatroair.com\/en\/#website\"},\"primaryImageOfPage\":{\"@id\":\"https:\/\/quatroair.com\/industries\/dental\/accessories\/benchtop\/other\/bench-downdraft-adapter#primaryimage\"},\"image\":{\"@id\":\"https:\/\/quatroair.com\/industries\/dental\/accessories\/benchtop\/other\/bench-downdraft-adapter#primaryimage\"},\"thumbnailUrl\":\"https:\/\/quatroair.com\/wp-content\/uploads\/2024\/11\/AA782-AA782-MSV-and-A782-ASV.png\",\"datePublished\":\"2024-11-17T16:36:32+00:00\",\"dateModified\":\"2026-02-13T22:25:51+00:00\",\"description\":\"Bench Downdraft Adapter Other Benchtop Accessories.. Benchtop Part Number#: AA782,\",\"breadcrumb\":{\"@id\":\"https:\/\/quatroair.com\/industries\/dental\/accessories\/benchtop\/other\/bench-downdraft-adapter#breadcrumb\"},\"inLanguage\":\"fr-FR\",\"potentialAction\":[{\"@type\":\"ReadAction\",\"target\":[\"https:\/\/quatroair.com\/industries\/dental\/accessories\/benchtop\/other\/bench-downdraft-adapter\"]}]},{\"@type\":\"ImageObject\",\"inLanguage\":\"fr-FR\",\"@id\":\"https:\/\/quatroair.com\/industries\/dental\/accessories\/benchtop\/other\/bench-downdraft-adapter#primaryimage\",\"url\":\"https:\/\/quatroair.com\/wp-content\/uploads\/2024\/11\/AA782-AA782-MSV-and-A782-ASV.png\",\"contentUrl\":\"https:\/\/quatroair.com\/wp-content\/uploads\/2024\/11\/AA782-AA782-MSV-and-A782-ASV.png\",\"width\":480,\"height\":320},{\"@type\":\"BreadcrumbList\",\"@id\":\"https:\/\/quatroair.com\/industries\/dental\/accessories\/benchtop\/other\/bench-downdraft-adapter#breadcrumb\",\"itemListElement\":[{\"@type\":\"ListItem\",\"position\":1,\"name\":\"Home\",\"item\":\"https:\/\/quatroair.com\/\"},{\"@type\":\"ListItem\",\"position\":2,\"name\":\"Products\",\"item\":\"https:\/\/quatroair.com\/shop__trashed\/\"},{\"@type\":\"ListItem\",\"position\":3,\"name\":\"Adaptateur d\u2019Aspiration pour \u00c9tabli\"}]},{\"@type\":\"WebSite\",\"@id\":\"https:\/\/quatroair.com\/en\/#website\",\"url\":\"https:\/\/quatroair.com\/en\/\",\"name\":\"Quatro Air Techologies\",\"description\":\"Quatro Air provides effective clean air solutions designed to handle any air quality challenge in your home, office or business. Contact us today for details.\",\"publisher\":{\"@id\":\"https:\/\/quatroair.com\/en\/#organization\"},\"potentialAction\":[{\"@type\":\"SearchAction\",\"target\":{\"@type\":\"EntryPoint\",\"urlTemplate\":\"https:\/\/quatroair.com\/en\/?s={search_term_string}\"},\"query-input\":{\"@type\":\"PropertyValueSpecification\",\"valueRequired\":true,\"valueName\":\"search_term_string\"}}],\"inLanguage\":\"fr-FR\"},{\"@type\":\"Organization\",\"@id\":\"https:\/\/quatroair.com\/en\/#organization\",\"name\":\"Quatro Air Techologies\",\"url\":\"https:\/\/quatroair.com\/en\/\",\"logo\":{\"@type\":\"ImageObject\",\"inLanguage\":\"fr-FR\",\"@id\":\"https:\/\/quatroair.com\/en\/#\/schema\/logo\/image\/\",\"url\":\"https:\/\/quatroair.com\/wp-content\/uploads\/2024\/10\/logo.svg\",\"contentUrl\":\"https:\/\/quatroair.com\/wp-content\/uploads\/2024\/10\/logo.svg\",\"width\":708,\"height\":142,\"caption\":\"Quatro Air Techologies\"},\"image\":{\"@id\":\"https:\/\/quatroair.com\/en\/#\/schema\/logo\/image\/\"},\"sameAs\":[\"https:\/\/www.facebook.com\/QuatroAirTechnologies\",\"https:\/\/x.com\/QuatroAir\",\"https:\/\/www.youtube.com\/channel\/UCdTTBL7Pwwyr2JGybAn8Bxw\",\"https:\/\/www.linkedin.com\/company\/quatro-air-technologies\"]}]}<\/script>\n<!-- \/ Yoast SEO plugin. -->","yoast_head_json":{"title":"Adaptateur d\u2019Aspiration pour \u00c9tabli - Quatro Air Techologies","description":"Bench Downdraft Adapter Other Benchtop Accessories.. Benchtop Part Number#: AA782,","robots":{"index":"index","follow":"follow"},"canonical":"https:\/\/quatroair.com\/industries\/dental\/accessories\/benchtop\/other\/bench-downdraft-adapter","og_locale":"fr_FR","og_type":"article","og_title":"Adaptateur d\u2019Aspiration pour \u00c9tabli - Quatro Air Techologies","og_description":"Bench Downdraft Adapter Other Benchtop Accessories.. Benchtop Part Number#: AA782,","og_url":"https:\/\/quatroair.com\/industries\/dental\/accessories\/benchtop\/other\/bench-downdraft-adapter","og_site_name":"Quatro Air Techologies","article_publisher":"https:\/\/www.facebook.com\/QuatroAirTechnologies","article_modified_time":"2026-02-13T22:25:51+00:00","og_image":[{"width":480,"height":320,"url":"https:\/\/quatroair.com\/wp-content\/uploads\/2024\/11\/AA782-AA782-MSV-and-A782-ASV.png","type":"image\/png"}],"twitter_card":"summary_large_image","twitter_site":"@QuatroAir","twitter_misc":{"Dur\u00e9e de lecture estim\u00e9e":"1 minute"},"schema":{"@context":"https:\/\/schema.org","@graph":[{"@type":"WebPage","@id":"https:\/\/quatroair.com\/industries\/dental\/accessories\/benchtop\/other\/bench-downdraft-adapter","url":"https:\/\/quatroair.com\/industries\/dental\/accessories\/benchtop\/other\/bench-downdraft-adapter","name":"Adaptateur d\u2019Aspiration pour \u00c9tabli - Quatro Air Techologies","isPartOf":{"@id":"https:\/\/quatroair.com\/en\/#website"},"primaryImageOfPage":{"@id":"https:\/\/quatroair.com\/industries\/dental\/accessories\/benchtop\/other\/bench-downdraft-adapter#primaryimage"},"image":{"@id":"https:\/\/quatroair.com\/industries\/dental\/accessories\/benchtop\/other\/bench-downdraft-adapter#primaryimage"},"thumbnailUrl":"https:\/\/quatroair.com\/wp-content\/uploads\/2024\/11\/AA782-AA782-MSV-and-A782-ASV.png","datePublished":"2024-11-17T16:36:32+00:00","dateModified":"2026-02-13T22:25:51+00:00","description":"Bench Downdraft Adapter Other Benchtop Accessories.. Benchtop Part Number#: AA782,","breadcrumb":{"@id":"https:\/\/quatroair.com\/industries\/dental\/accessories\/benchtop\/other\/bench-downdraft-adapter#breadcrumb"},"inLanguage":"fr-FR","potentialAction":[{"@type":"ReadAction","target":["https:\/\/quatroair.com\/industries\/dental\/accessories\/benchtop\/other\/bench-downdraft-adapter"]}]},{"@type":"ImageObject","inLanguage":"fr-FR","@id":"https:\/\/quatroair.com\/industries\/dental\/accessories\/benchtop\/other\/bench-downdraft-adapter#primaryimage","url":"https:\/\/quatroair.com\/wp-content\/uploads\/2024\/11\/AA782-AA782-MSV-and-A782-ASV.png","contentUrl":"https:\/\/quatroair.com\/wp-content\/uploads\/2024\/11\/AA782-AA782-MSV-and-A782-ASV.png","width":480,"height":320},{"@type":"BreadcrumbList","@id":"https:\/\/quatroair.com\/industries\/dental\/accessories\/benchtop\/other\/bench-downdraft-adapter#breadcrumb","itemListElement":[{"@type":"ListItem","position":1,"name":"Home","item":"https:\/\/quatroair.com\/"},{"@type":"ListItem","position":2,"name":"Products","item":"https:\/\/quatroair.com\/shop__trashed\/"},{"@type":"ListItem","position":3,"name":"Adaptateur d\u2019Aspiration pour \u00c9tabli"}]},{"@type":"WebSite","@id":"https:\/\/quatroair.com\/en\/#website","url":"https:\/\/quatroair.com\/en\/","name":"Quatro Air Techologies","description":"Quatro Air provides effective clean air solutions designed to handle any air quality challenge in your home, office or business. Contact us today for details.","publisher":{"@id":"https:\/\/quatroair.com\/en\/#organization"},"potentialAction":[{"@type":"SearchAction","target":{"@type":"EntryPoint","urlTemplate":"https:\/\/quatroair.com\/en\/?s={search_term_string}"},"query-input":{"@type":"PropertyValueSpecification","valueRequired":true,"valueName":"search_term_string"}}],"inLanguage":"fr-FR"},{"@type":"Organization","@id":"https:\/\/quatroair.com\/en\/#organization","name":"Quatro Air Techologies","url":"https:\/\/quatroair.com\/en\/","logo":{"@type":"ImageObject","inLanguage":"fr-FR","@id":"https:\/\/quatroair.com\/en\/#\/schema\/logo\/image\/","url":"https:\/\/quatroair.com\/wp-content\/uploads\/2024\/10\/logo.svg","contentUrl":"https:\/\/quatroair.com\/wp-content\/uploads\/2024\/10\/logo.svg","width":708,"height":142,"caption":"Quatro Air Techologies"},"image":{"@id":"https:\/\/quatroair.com\/en\/#\/schema\/logo\/image\/"},"sameAs":["https:\/\/www.facebook.com\/QuatroAirTechnologies","https:\/\/x.com\/QuatroAir","https:\/\/www.youtube.com\/channel\/UCdTTBL7Pwwyr2JGybAn8Bxw","https:\/\/www.linkedin.com\/company\/quatro-air-technologies"]}]}},"_links":{"self":[{"href":"https:\/\/quatroair.com\/fr\/wp-json\/wp\/v2\/product\/8045","targetHints":{"allow":["GET"]}}],"collection":[{"href":"https:\/\/quatroair.com\/fr\/wp-json\/wp\/v2\/product"}],"about":[{"href":"https:\/\/quatroair.com\/fr\/wp-json\/wp\/v2\/types\/product"}],"replies":[{"embeddable":true,"href":"https:\/\/quatroair.com\/fr\/wp-json\/wp\/v2\/comments?post=8045"}],"version-history":[{"count":7,"href":"https:\/\/quatroair.com\/fr\/wp-json\/wp\/v2\/product\/8045\/revisions"}],"predecessor-version":[{"id":12504,"href":"https:\/\/quatroair.com\/fr\/wp-json\/wp\/v2\/product\/8045\/revisions\/12504"}],"wp:featuredmedia":[{"embeddable":true,"href":"https:\/\/quatroair.com\/fr\/wp-json\/wp\/v2\/media\/10813"}],"wp:attachment":[{"href":"https:\/\/quatroair.com\/fr\/wp-json\/wp\/v2\/media?parent=8045"}],"wp:term":[{"taxonomy":"product_cat","embeddable":true,"href":"https:\/\/quatroair.com\/fr\/wp-json\/wp\/v2\/product_cat?post=8045"},{"taxonomy":"product_tag","embeddable":true,"href":"https:\/\/quatroair.com\/fr\/wp-json\/wp\/v2\/product_tag?post=8045"}],"curies":[{"name":"wp","href":"https:\/\/api.w.org\/{rel}","templated":true}]}}