{"id":5944,"date":"2024-10-24T11:27:41","date_gmt":"2024-10-24T11:27:41","guid":{"rendered":"https:\/\/quatroair.com\/product\/spb-560-hc\/"},"modified":"2025-10-22T21:09:46","modified_gmt":"2025-10-22T21:09:46","slug":"spb-560-hc","status":"publish","type":"product","link":"https:\/\/quatroair.com\/fr\/products\/fume-extractors\/multi-station-fume-extractors\/spb-560-hc","title":{"rendered":"SPB 560 HC"},"content":{"rendered":"<p>Le SPB 560 HC est un extracteur de fum\u00e9e de soudure haute capacit\u00e9, id\u00e9al pour les applications g\u00e9n\u00e9rant peu de poussi\u00e8res. Le SPB 560 HC est motoris\u00e9 par une turbine avec moteur sans brosse de moyenne pression. Cet appareil est \u00e9quip\u00e9 d&rsquo;un syst\u00e8me de filtration \u00e0 plusieurs \u00e9tapes et d&rsquo;un panneau de commande iSeries (num\u00e9rique).<\/p>\n<h2>Avantages<\/h2>\n<ul>\n<li>Conception compacte pr\u00eate \u00e0 l&#8217;emploi<\/li>\n<li>Petite empreinte<\/li>\n<li>Capture les contaminants directement \u00e0 la source<\/li>\n<li>Fonctionnement silencieux<\/li>\n<li>Certifi\u00e9 CSA, conforme UL et RoHS<\/li>\n<\/ul>\n<h2>Caract\u00e9ristiques<\/h2>\n<ul>\n<li>Syst\u00e8me de filtration \u00e0 plusieurs \u00e9tapes<\/li>\n<li>Panneau de commande iSeries (num\u00e9rique)<\/li>\n<\/ul>\n<h2>Options<\/h2>\n<ul>\n<li>Tuyau ou bras de captation \u00e0 la source mont\u00e9 directement sur le syst\u00e8me<\/li>\n<li>P\u00e9dale de mise en marche \u00e0 distance<\/li>\n<li>Interrupteur manuel de mise en marche \u00e0 distance<\/li>\n<\/ul>\n","protected":false},"excerpt":{"rendered":"<p>Extracteur de fum\u00e9e haute capacit\u00e9<br \/>\nExtracteur de fum\u00e9es de soudure haute capacit\u00e9 \u00e0 plusieurs \u00e9tapes de filtration, id\u00e9al pour les applications g\u00e9n\u00e9rant peu de poussi\u00e8res. D\u00e9bit d\u2019air jusqu&rsquo;\u00e0 300 PCM nominal.<\/p>\n","protected":false},"featured_media":5003,"comment_status":"open","ping_status":"closed","template":"","meta":{"_acf_changed":false},"product_cat":[88],"product_tag":[],"class_list":{"0":"post-5944","1":"product","2":"type-product","3":"status-publish","4":"has-post-thumbnail","6":"product_cat-nocategroy-fr","8":"first","9":"instock","10":"shipping-taxable","11":"product-type-simple"},"acf":[],"yoast_head":"<!-- This site is optimized with the Yoast SEO plugin v26.9 - https:\/\/yoast.com\/product\/yoast-seo-wordpress\/ -->\n<title>SPB 560 HC - Quatro Air Techologies<\/title>\n<meta name=\"description\" content=\"Le SPB 560 HC est un extracteur de fum\u00e9e de soudure haute capacit\u00e9, id\u00e9al pour les\" \/>\n<meta name=\"robots\" content=\"index, follow\" \/>\n<link rel=\"canonical\" href=\"https:\/\/quatroair.com\/fr\/extracteurs-de-fumee\/soldering-units\/spb-560-hc\" \/>\n<meta property=\"og:locale\" content=\"fr_FR\" \/>\n<meta property=\"og:type\" content=\"article\" \/>\n<meta property=\"og:title\" content=\"SPB 560 HC - Quatro Air Techologies\" \/>\n<meta property=\"og:description\" content=\"Le SPB 560 HC est un extracteur de fum\u00e9e de soudure haute capacit\u00e9, id\u00e9al pour les\" \/>\n<meta property=\"og:url\" content=\"https:\/\/quatroair.com\/fr\/extracteurs-de-fumee\/soldering-units\/spb-560-hc\" \/>\n<meta property=\"og:site_name\" content=\"Quatro Air Techologies\" \/>\n<meta property=\"article:publisher\" content=\"https:\/\/www.facebook.com\/QuatroAirTechnologies\" \/>\n<meta property=\"article:modified_time\" content=\"2025-10-22T21:09:46+00:00\" \/>\n<meta property=\"og:image\" content=\"https:\/\/quatroair.com\/wp-content\/uploads\/2024\/10\/SPB560HC-480x320-1.webp\" \/>\n\t<meta property=\"og:image:width\" content=\"480\" \/>\n\t<meta property=\"og:image:height\" content=\"320\" \/>\n\t<meta property=\"og:image:type\" content=\"image\/webp\" \/>\n<meta name=\"twitter:card\" content=\"summary_large_image\" \/>\n<meta name=\"twitter:site\" content=\"@QuatroAir\" \/>\n<meta name=\"twitter:label1\" content=\"Dur\u00e9e de lecture estim\u00e9e\" \/>\n\t<meta name=\"twitter:data1\" content=\"1 minute\" \/>\n<script type=\"application\/ld+json\" class=\"yoast-schema-graph\">{\"@context\":\"https:\/\/schema.org\",\"@graph\":[{\"@type\":\"WebPage\",\"@id\":\"https:\/\/quatroair.com\/fr\/extracteurs-de-fumee\/soldering-units\/spb-560-hc\",\"url\":\"https:\/\/quatroair.com\/fr\/extracteurs-de-fumee\/soldering-units\/spb-560-hc\",\"name\":\"SPB 560 HC - Quatro Air Techologies\",\"isPartOf\":{\"@id\":\"https:\/\/quatroair.com\/en\/#website\"},\"primaryImageOfPage\":{\"@id\":\"https:\/\/quatroair.com\/fr\/extracteurs-de-fumee\/soldering-units\/spb-560-hc#primaryimage\"},\"image\":{\"@id\":\"https:\/\/quatroair.com\/fr\/extracteurs-de-fumee\/soldering-units\/spb-560-hc#primaryimage\"},\"thumbnailUrl\":\"https:\/\/quatroair.com\/wp-content\/uploads\/2024\/10\/SPB560HC-480x320-1.webp\",\"datePublished\":\"2024-10-24T11:27:41+00:00\",\"dateModified\":\"2025-10-22T21:09:46+00:00\",\"description\":\"Le SPB 560 HC est un extracteur de fum\u00e9e de soudure haute capacit\u00e9, id\u00e9al pour les\",\"breadcrumb\":{\"@id\":\"https:\/\/quatroair.com\/fr\/extracteurs-de-fumee\/soldering-units\/spb-560-hc#breadcrumb\"},\"inLanguage\":\"fr-FR\",\"potentialAction\":[{\"@type\":\"ReadAction\",\"target\":[\"https:\/\/quatroair.com\/fr\/extracteurs-de-fumee\/soldering-units\/spb-560-hc\"]}]},{\"@type\":\"ImageObject\",\"inLanguage\":\"fr-FR\",\"@id\":\"https:\/\/quatroair.com\/fr\/extracteurs-de-fumee\/soldering-units\/spb-560-hc#primaryimage\",\"url\":\"https:\/\/quatroair.com\/wp-content\/uploads\/2024\/10\/SPB560HC-480x320-1.webp\",\"contentUrl\":\"https:\/\/quatroair.com\/wp-content\/uploads\/2024\/10\/SPB560HC-480x320-1.webp\",\"width\":480,\"height\":320},{\"@type\":\"BreadcrumbList\",\"@id\":\"https:\/\/quatroair.com\/fr\/extracteurs-de-fumee\/soldering-units\/spb-560-hc#breadcrumb\",\"itemListElement\":[{\"@type\":\"ListItem\",\"position\":1,\"name\":\"Home\",\"item\":\"https:\/\/quatroair.com\/\"},{\"@type\":\"ListItem\",\"position\":2,\"name\":\"Products\",\"item\":\"https:\/\/quatroair.com\/shop__trashed\/\"},{\"@type\":\"ListItem\",\"position\":3,\"name\":\"SPB 560 HC\"}]},{\"@type\":\"WebSite\",\"@id\":\"https:\/\/quatroair.com\/en\/#website\",\"url\":\"https:\/\/quatroair.com\/en\/\",\"name\":\"Quatro Air Techologies\",\"description\":\"Quatro Air provides effective clean air solutions designed to handle any air quality challenge in your home, office or business. Contact us today for details.\",\"publisher\":{\"@id\":\"https:\/\/quatroair.com\/en\/#organization\"},\"potentialAction\":[{\"@type\":\"SearchAction\",\"target\":{\"@type\":\"EntryPoint\",\"urlTemplate\":\"https:\/\/quatroair.com\/en\/?s={search_term_string}\"},\"query-input\":{\"@type\":\"PropertyValueSpecification\",\"valueRequired\":true,\"valueName\":\"search_term_string\"}}],\"inLanguage\":\"fr-FR\"},{\"@type\":\"Organization\",\"@id\":\"https:\/\/quatroair.com\/en\/#organization\",\"name\":\"Quatro Air Techologies\",\"url\":\"https:\/\/quatroair.com\/en\/\",\"logo\":{\"@type\":\"ImageObject\",\"inLanguage\":\"fr-FR\",\"@id\":\"https:\/\/quatroair.com\/en\/#\/schema\/logo\/image\/\",\"url\":\"https:\/\/quatroair.com\/wp-content\/uploads\/2024\/10\/logo.svg\",\"contentUrl\":\"https:\/\/quatroair.com\/wp-content\/uploads\/2024\/10\/logo.svg\",\"width\":708,\"height\":142,\"caption\":\"Quatro Air Techologies\"},\"image\":{\"@id\":\"https:\/\/quatroair.com\/en\/#\/schema\/logo\/image\/\"},\"sameAs\":[\"https:\/\/www.facebook.com\/QuatroAirTechnologies\",\"https:\/\/x.com\/QuatroAir\",\"https:\/\/www.youtube.com\/channel\/UCdTTBL7Pwwyr2JGybAn8Bxw\",\"https:\/\/www.linkedin.com\/company\/quatro-air-technologies\"]}]}<\/script>\n<!-- \/ Yoast SEO plugin. -->","yoast_head_json":{"title":"SPB 560 HC - Quatro Air Techologies","description":"Le SPB 560 HC est un extracteur de fum\u00e9e de soudure haute capacit\u00e9, id\u00e9al pour les","robots":{"index":"index","follow":"follow"},"canonical":"https:\/\/quatroair.com\/fr\/extracteurs-de-fumee\/soldering-units\/spb-560-hc","og_locale":"fr_FR","og_type":"article","og_title":"SPB 560 HC - Quatro Air Techologies","og_description":"Le SPB 560 HC est un extracteur de fum\u00e9e de soudure haute capacit\u00e9, id\u00e9al pour les","og_url":"https:\/\/quatroair.com\/fr\/extracteurs-de-fumee\/soldering-units\/spb-560-hc","og_site_name":"Quatro Air Techologies","article_publisher":"https:\/\/www.facebook.com\/QuatroAirTechnologies","article_modified_time":"2025-10-22T21:09:46+00:00","og_image":[{"width":480,"height":320,"url":"https:\/\/quatroair.com\/wp-content\/uploads\/2024\/10\/SPB560HC-480x320-1.webp","type":"image\/webp"}],"twitter_card":"summary_large_image","twitter_site":"@QuatroAir","twitter_misc":{"Dur\u00e9e de lecture estim\u00e9e":"1 minute"},"schema":{"@context":"https:\/\/schema.org","@graph":[{"@type":"WebPage","@id":"https:\/\/quatroair.com\/fr\/extracteurs-de-fumee\/soldering-units\/spb-560-hc","url":"https:\/\/quatroair.com\/fr\/extracteurs-de-fumee\/soldering-units\/spb-560-hc","name":"SPB 560 HC - Quatro Air Techologies","isPartOf":{"@id":"https:\/\/quatroair.com\/en\/#website"},"primaryImageOfPage":{"@id":"https:\/\/quatroair.com\/fr\/extracteurs-de-fumee\/soldering-units\/spb-560-hc#primaryimage"},"image":{"@id":"https:\/\/quatroair.com\/fr\/extracteurs-de-fumee\/soldering-units\/spb-560-hc#primaryimage"},"thumbnailUrl":"https:\/\/quatroair.com\/wp-content\/uploads\/2024\/10\/SPB560HC-480x320-1.webp","datePublished":"2024-10-24T11:27:41+00:00","dateModified":"2025-10-22T21:09:46+00:00","description":"Le SPB 560 HC est un extracteur de fum\u00e9e de soudure haute capacit\u00e9, id\u00e9al pour les","breadcrumb":{"@id":"https:\/\/quatroair.com\/fr\/extracteurs-de-fumee\/soldering-units\/spb-560-hc#breadcrumb"},"inLanguage":"fr-FR","potentialAction":[{"@type":"ReadAction","target":["https:\/\/quatroair.com\/fr\/extracteurs-de-fumee\/soldering-units\/spb-560-hc"]}]},{"@type":"ImageObject","inLanguage":"fr-FR","@id":"https:\/\/quatroair.com\/fr\/extracteurs-de-fumee\/soldering-units\/spb-560-hc#primaryimage","url":"https:\/\/quatroair.com\/wp-content\/uploads\/2024\/10\/SPB560HC-480x320-1.webp","contentUrl":"https:\/\/quatroair.com\/wp-content\/uploads\/2024\/10\/SPB560HC-480x320-1.webp","width":480,"height":320},{"@type":"BreadcrumbList","@id":"https:\/\/quatroair.com\/fr\/extracteurs-de-fumee\/soldering-units\/spb-560-hc#breadcrumb","itemListElement":[{"@type":"ListItem","position":1,"name":"Home","item":"https:\/\/quatroair.com\/"},{"@type":"ListItem","position":2,"name":"Products","item":"https:\/\/quatroair.com\/shop__trashed\/"},{"@type":"ListItem","position":3,"name":"SPB 560 HC"}]},{"@type":"WebSite","@id":"https:\/\/quatroair.com\/en\/#website","url":"https:\/\/quatroair.com\/en\/","name":"Quatro Air Techologies","description":"Quatro Air provides effective clean air solutions designed to handle any air quality challenge in your home, office or business. Contact us today for details.","publisher":{"@id":"https:\/\/quatroair.com\/en\/#organization"},"potentialAction":[{"@type":"SearchAction","target":{"@type":"EntryPoint","urlTemplate":"https:\/\/quatroair.com\/en\/?s={search_term_string}"},"query-input":{"@type":"PropertyValueSpecification","valueRequired":true,"valueName":"search_term_string"}}],"inLanguage":"fr-FR"},{"@type":"Organization","@id":"https:\/\/quatroair.com\/en\/#organization","name":"Quatro Air Techologies","url":"https:\/\/quatroair.com\/en\/","logo":{"@type":"ImageObject","inLanguage":"fr-FR","@id":"https:\/\/quatroair.com\/en\/#\/schema\/logo\/image\/","url":"https:\/\/quatroair.com\/wp-content\/uploads\/2024\/10\/logo.svg","contentUrl":"https:\/\/quatroair.com\/wp-content\/uploads\/2024\/10\/logo.svg","width":708,"height":142,"caption":"Quatro Air Techologies"},"image":{"@id":"https:\/\/quatroair.com\/en\/#\/schema\/logo\/image\/"},"sameAs":["https:\/\/www.facebook.com\/QuatroAirTechnologies","https:\/\/x.com\/QuatroAir","https:\/\/www.youtube.com\/channel\/UCdTTBL7Pwwyr2JGybAn8Bxw","https:\/\/www.linkedin.com\/company\/quatro-air-technologies"]}]}},"_links":{"self":[{"href":"https:\/\/quatroair.com\/fr\/wp-json\/wp\/v2\/product\/5944","targetHints":{"allow":["GET"]}}],"collection":[{"href":"https:\/\/quatroair.com\/fr\/wp-json\/wp\/v2\/product"}],"about":[{"href":"https:\/\/quatroair.com\/fr\/wp-json\/wp\/v2\/types\/product"}],"replies":[{"embeddable":true,"href":"https:\/\/quatroair.com\/fr\/wp-json\/wp\/v2\/comments?post=5944"}],"version-history":[{"count":3,"href":"https:\/\/quatroair.com\/fr\/wp-json\/wp\/v2\/product\/5944\/revisions"}],"predecessor-version":[{"id":10996,"href":"https:\/\/quatroair.com\/fr\/wp-json\/wp\/v2\/product\/5944\/revisions\/10996"}],"wp:featuredmedia":[{"embeddable":true,"href":"https:\/\/quatroair.com\/fr\/wp-json\/wp\/v2\/media\/5003"}],"wp:attachment":[{"href":"https:\/\/quatroair.com\/fr\/wp-json\/wp\/v2\/media?parent=5944"}],"wp:term":[{"taxonomy":"product_cat","embeddable":true,"href":"https:\/\/quatroair.com\/fr\/wp-json\/wp\/v2\/product_cat?post=5944"},{"taxonomy":"product_tag","embeddable":true,"href":"https:\/\/quatroair.com\/fr\/wp-json\/wp\/v2\/product_tag?post=5944"}],"curies":[{"name":"wp","href":"https:\/\/api.w.org\/{rel}","templated":true}]}}