{"id":5936,"date":"2024-10-24T12:32:56","date_gmt":"2024-10-24T12:32:56","guid":{"rendered":"https:\/\/quatroair.com\/product\/desktop-containment-system\/"},"modified":"2025-10-22T21:09:49","modified_gmt":"2025-10-22T21:09:49","slug":"desktop-containment-system","status":"publish","type":"product","link":"https:\/\/quatroair.com\/fr\/products\/fume-extractors\/stand-alone-units\/desktop-containment-system","title":{"rendered":"Syst\u00e8me de confinement pour montage sur comptoir"},"content":{"rendered":"<p>La s\u00e9rie d&rsquo;extracteurs de fum\u00e9es de comptoir (DCS) propose des enceintes petites et grandes pour \u00e9liminer efficacement les fum\u00e9es, les odeurs et la poussi\u00e8re \u00e0 la source, emp\u00eachant les contaminants en suspension dans l&rsquo;air de p\u00e9n\u00e9trer dans votre zone respiratoire et de se propager dans le milieu de travail.<\/p>\n<h2>Avantages<\/h2>\n<ul>\n<li>Conception compacte pr\u00eate \u00e0 l&#8217;emploi<\/li>\n<li>Id\u00e9al l\u00e0 o\u00f9 l&rsquo;espace au sol est limit\u00e9<\/li>\n<li>Capture \u00e0 la source les contaminants en suspension dans l&rsquo;air<\/li>\n<li>Fonctionnement silencieux<\/li>\n<li>Certifi\u00e9 CSA, conforme UL et RoHS<\/li>\n<\/ul>\n<h2>Caract\u00e9ristiques<\/h2>\n<ul>\n<li>Panneau de commande iSeries (num\u00e9rique)<\/li>\n<li>Int\u00e9rieur \u00e9clair\u00e9 par lumi\u00e8re LED puissante<\/li>\n<li>Contr\u00f4le variable de la vitesse<\/li>\n<\/ul>\n<h2>Options<\/h2>\n<ul>\n<li>Petite ou grande enceinte<\/li>\n<li>Plusieurs configurations de s\u00e9quence de filtres. Veuillez consulter les <a style=\"font-weight: bold;\" title=\"Afficher les options de configuration de la s\u00e9quence de filtres\" href=\"extracteur-de-fumee-desktop-containment-system-caracteristiques-techniques\">sp\u00e9cifications techniques<\/a><\/li>\n<\/ul>\n","protected":false},"excerpt":{"rendered":"<p>Extracteurs de fum\u00e9e de comptoir<br \/>\nLa s\u00e9rie d&rsquo;extracteurs de fum\u00e9e du syst\u00e8me de confinement sur comptoir (DCS) propose des bo\u00eetiers petits et grands pour \u00e9liminer efficacement les fum\u00e9es, les odeurs et la poussi\u00e8re \u00e0 la source.<\/p>\n","protected":false},"featured_media":4949,"comment_status":"open","ping_status":"closed","template":"","meta":{"_acf_changed":false},"product_cat":[88],"product_tag":[],"class_list":{"0":"post-5936","1":"product","2":"type-product","3":"status-publish","4":"has-post-thumbnail","6":"product_cat-nocategroy-fr","8":"first","9":"instock","10":"shipping-taxable","11":"product-type-simple"},"acf":[],"yoast_head":"<!-- This site is optimized with the Yoast SEO plugin v26.9 - https:\/\/yoast.com\/product\/yoast-seo-wordpress\/ -->\n<title>Syst\u00e8me de confinement pour montage sur comptoir - Quatro Air Techologies<\/title>\n<meta name=\"description\" content=\"La s\u00e9rie d&#039;extracteurs de fum\u00e9es de comptoir (DCS) propose des enceintes petites et\" \/>\n<meta name=\"robots\" content=\"index, follow\" \/>\n<link rel=\"canonical\" href=\"https:\/\/quatroair.com\/fr\/extracteurs-de-fumee\/stand-alone-units\/desktop-containment-system\" \/>\n<meta property=\"og:locale\" content=\"fr_FR\" \/>\n<meta property=\"og:type\" content=\"article\" \/>\n<meta property=\"og:title\" content=\"Syst\u00e8me de confinement pour montage sur comptoir - Quatro Air Techologies\" \/>\n<meta property=\"og:description\" content=\"La s\u00e9rie d&#039;extracteurs de fum\u00e9es de comptoir (DCS) propose des enceintes petites et\" \/>\n<meta property=\"og:url\" content=\"https:\/\/quatroair.com\/fr\/extracteurs-de-fumee\/stand-alone-units\/desktop-containment-system\" \/>\n<meta property=\"og:site_name\" content=\"Quatro Air Techologies\" \/>\n<meta property=\"article:publisher\" content=\"https:\/\/www.facebook.com\/QuatroAirTechnologies\" \/>\n<meta property=\"article:modified_time\" content=\"2025-10-22T21:09:49+00:00\" \/>\n<meta property=\"og:image\" content=\"https:\/\/quatroair.com\/wp-content\/uploads\/2024\/10\/DCS-480x320-1.webp\" \/>\n\t<meta property=\"og:image:width\" content=\"480\" \/>\n\t<meta property=\"og:image:height\" content=\"320\" \/>\n\t<meta property=\"og:image:type\" content=\"image\/webp\" \/>\n<meta name=\"twitter:card\" content=\"summary_large_image\" \/>\n<meta name=\"twitter:site\" content=\"@QuatroAir\" \/>\n<meta name=\"twitter:label1\" content=\"Dur\u00e9e de lecture estim\u00e9e\" \/>\n\t<meta name=\"twitter:data1\" content=\"1 minute\" \/>\n<script type=\"application\/ld+json\" class=\"yoast-schema-graph\">{\"@context\":\"https:\/\/schema.org\",\"@graph\":[{\"@type\":\"WebPage\",\"@id\":\"https:\/\/quatroair.com\/fr\/extracteurs-de-fumee\/stand-alone-units\/desktop-containment-system\",\"url\":\"https:\/\/quatroair.com\/fr\/extracteurs-de-fumee\/stand-alone-units\/desktop-containment-system\",\"name\":\"Syst\u00e8me de confinement pour montage sur comptoir - Quatro Air Techologies\",\"isPartOf\":{\"@id\":\"https:\/\/quatroair.com\/en\/#website\"},\"primaryImageOfPage\":{\"@id\":\"https:\/\/quatroair.com\/fr\/extracteurs-de-fumee\/stand-alone-units\/desktop-containment-system#primaryimage\"},\"image\":{\"@id\":\"https:\/\/quatroair.com\/fr\/extracteurs-de-fumee\/stand-alone-units\/desktop-containment-system#primaryimage\"},\"thumbnailUrl\":\"https:\/\/quatroair.com\/wp-content\/uploads\/2024\/10\/DCS-480x320-1.webp\",\"datePublished\":\"2024-10-24T12:32:56+00:00\",\"dateModified\":\"2025-10-22T21:09:49+00:00\",\"description\":\"La s\u00e9rie d'extracteurs de fum\u00e9es de comptoir (DCS) propose des enceintes petites et\",\"breadcrumb\":{\"@id\":\"https:\/\/quatroair.com\/fr\/extracteurs-de-fumee\/stand-alone-units\/desktop-containment-system#breadcrumb\"},\"inLanguage\":\"fr-FR\",\"potentialAction\":[{\"@type\":\"ReadAction\",\"target\":[\"https:\/\/quatroair.com\/fr\/extracteurs-de-fumee\/stand-alone-units\/desktop-containment-system\"]}]},{\"@type\":\"ImageObject\",\"inLanguage\":\"fr-FR\",\"@id\":\"https:\/\/quatroair.com\/fr\/extracteurs-de-fumee\/stand-alone-units\/desktop-containment-system#primaryimage\",\"url\":\"https:\/\/quatroair.com\/wp-content\/uploads\/2024\/10\/DCS-480x320-1.webp\",\"contentUrl\":\"https:\/\/quatroair.com\/wp-content\/uploads\/2024\/10\/DCS-480x320-1.webp\",\"width\":480,\"height\":320},{\"@type\":\"BreadcrumbList\",\"@id\":\"https:\/\/quatroair.com\/fr\/extracteurs-de-fumee\/stand-alone-units\/desktop-containment-system#breadcrumb\",\"itemListElement\":[{\"@type\":\"ListItem\",\"position\":1,\"name\":\"Home\",\"item\":\"https:\/\/quatroair.com\/\"},{\"@type\":\"ListItem\",\"position\":2,\"name\":\"Products\",\"item\":\"https:\/\/quatroair.com\/shop__trashed\/\"},{\"@type\":\"ListItem\",\"position\":3,\"name\":\"Syst\u00e8me de confinement pour montage sur comptoir\"}]},{\"@type\":\"WebSite\",\"@id\":\"https:\/\/quatroair.com\/en\/#website\",\"url\":\"https:\/\/quatroair.com\/en\/\",\"name\":\"Quatro Air Techologies\",\"description\":\"Quatro Air provides effective clean air solutions designed to handle any air quality challenge in your home, office or business. Contact us today for details.\",\"publisher\":{\"@id\":\"https:\/\/quatroair.com\/en\/#organization\"},\"potentialAction\":[{\"@type\":\"SearchAction\",\"target\":{\"@type\":\"EntryPoint\",\"urlTemplate\":\"https:\/\/quatroair.com\/en\/?s={search_term_string}\"},\"query-input\":{\"@type\":\"PropertyValueSpecification\",\"valueRequired\":true,\"valueName\":\"search_term_string\"}}],\"inLanguage\":\"fr-FR\"},{\"@type\":\"Organization\",\"@id\":\"https:\/\/quatroair.com\/en\/#organization\",\"name\":\"Quatro Air Techologies\",\"url\":\"https:\/\/quatroair.com\/en\/\",\"logo\":{\"@type\":\"ImageObject\",\"inLanguage\":\"fr-FR\",\"@id\":\"https:\/\/quatroair.com\/en\/#\/schema\/logo\/image\/\",\"url\":\"https:\/\/quatroair.com\/wp-content\/uploads\/2024\/10\/logo.svg\",\"contentUrl\":\"https:\/\/quatroair.com\/wp-content\/uploads\/2024\/10\/logo.svg\",\"width\":708,\"height\":142,\"caption\":\"Quatro Air Techologies\"},\"image\":{\"@id\":\"https:\/\/quatroair.com\/en\/#\/schema\/logo\/image\/\"},\"sameAs\":[\"https:\/\/www.facebook.com\/QuatroAirTechnologies\",\"https:\/\/x.com\/QuatroAir\",\"https:\/\/www.youtube.com\/channel\/UCdTTBL7Pwwyr2JGybAn8Bxw\",\"https:\/\/www.linkedin.com\/company\/quatro-air-technologies\"]}]}<\/script>\n<!-- \/ Yoast SEO plugin. -->","yoast_head_json":{"title":"Syst\u00e8me de confinement pour montage sur comptoir - Quatro Air Techologies","description":"La s\u00e9rie d'extracteurs de fum\u00e9es de comptoir (DCS) propose des enceintes petites et","robots":{"index":"index","follow":"follow"},"canonical":"https:\/\/quatroair.com\/fr\/extracteurs-de-fumee\/stand-alone-units\/desktop-containment-system","og_locale":"fr_FR","og_type":"article","og_title":"Syst\u00e8me de confinement pour montage sur comptoir - Quatro Air Techologies","og_description":"La s\u00e9rie d'extracteurs de fum\u00e9es de comptoir (DCS) propose des enceintes petites et","og_url":"https:\/\/quatroair.com\/fr\/extracteurs-de-fumee\/stand-alone-units\/desktop-containment-system","og_site_name":"Quatro Air Techologies","article_publisher":"https:\/\/www.facebook.com\/QuatroAirTechnologies","article_modified_time":"2025-10-22T21:09:49+00:00","og_image":[{"width":480,"height":320,"url":"https:\/\/quatroair.com\/wp-content\/uploads\/2024\/10\/DCS-480x320-1.webp","type":"image\/webp"}],"twitter_card":"summary_large_image","twitter_site":"@QuatroAir","twitter_misc":{"Dur\u00e9e de lecture estim\u00e9e":"1 minute"},"schema":{"@context":"https:\/\/schema.org","@graph":[{"@type":"WebPage","@id":"https:\/\/quatroair.com\/fr\/extracteurs-de-fumee\/stand-alone-units\/desktop-containment-system","url":"https:\/\/quatroair.com\/fr\/extracteurs-de-fumee\/stand-alone-units\/desktop-containment-system","name":"Syst\u00e8me de confinement pour montage sur comptoir - Quatro Air Techologies","isPartOf":{"@id":"https:\/\/quatroair.com\/en\/#website"},"primaryImageOfPage":{"@id":"https:\/\/quatroair.com\/fr\/extracteurs-de-fumee\/stand-alone-units\/desktop-containment-system#primaryimage"},"image":{"@id":"https:\/\/quatroair.com\/fr\/extracteurs-de-fumee\/stand-alone-units\/desktop-containment-system#primaryimage"},"thumbnailUrl":"https:\/\/quatroair.com\/wp-content\/uploads\/2024\/10\/DCS-480x320-1.webp","datePublished":"2024-10-24T12:32:56+00:00","dateModified":"2025-10-22T21:09:49+00:00","description":"La s\u00e9rie d'extracteurs de fum\u00e9es de comptoir (DCS) propose des enceintes petites et","breadcrumb":{"@id":"https:\/\/quatroair.com\/fr\/extracteurs-de-fumee\/stand-alone-units\/desktop-containment-system#breadcrumb"},"inLanguage":"fr-FR","potentialAction":[{"@type":"ReadAction","target":["https:\/\/quatroair.com\/fr\/extracteurs-de-fumee\/stand-alone-units\/desktop-containment-system"]}]},{"@type":"ImageObject","inLanguage":"fr-FR","@id":"https:\/\/quatroair.com\/fr\/extracteurs-de-fumee\/stand-alone-units\/desktop-containment-system#primaryimage","url":"https:\/\/quatroair.com\/wp-content\/uploads\/2024\/10\/DCS-480x320-1.webp","contentUrl":"https:\/\/quatroair.com\/wp-content\/uploads\/2024\/10\/DCS-480x320-1.webp","width":480,"height":320},{"@type":"BreadcrumbList","@id":"https:\/\/quatroair.com\/fr\/extracteurs-de-fumee\/stand-alone-units\/desktop-containment-system#breadcrumb","itemListElement":[{"@type":"ListItem","position":1,"name":"Home","item":"https:\/\/quatroair.com\/"},{"@type":"ListItem","position":2,"name":"Products","item":"https:\/\/quatroair.com\/shop__trashed\/"},{"@type":"ListItem","position":3,"name":"Syst\u00e8me de confinement pour montage sur comptoir"}]},{"@type":"WebSite","@id":"https:\/\/quatroair.com\/en\/#website","url":"https:\/\/quatroair.com\/en\/","name":"Quatro Air Techologies","description":"Quatro Air provides effective clean air solutions designed to handle any air quality challenge in your home, office or business. Contact us today for details.","publisher":{"@id":"https:\/\/quatroair.com\/en\/#organization"},"potentialAction":[{"@type":"SearchAction","target":{"@type":"EntryPoint","urlTemplate":"https:\/\/quatroair.com\/en\/?s={search_term_string}"},"query-input":{"@type":"PropertyValueSpecification","valueRequired":true,"valueName":"search_term_string"}}],"inLanguage":"fr-FR"},{"@type":"Organization","@id":"https:\/\/quatroair.com\/en\/#organization","name":"Quatro Air Techologies","url":"https:\/\/quatroair.com\/en\/","logo":{"@type":"ImageObject","inLanguage":"fr-FR","@id":"https:\/\/quatroair.com\/en\/#\/schema\/logo\/image\/","url":"https:\/\/quatroair.com\/wp-content\/uploads\/2024\/10\/logo.svg","contentUrl":"https:\/\/quatroair.com\/wp-content\/uploads\/2024\/10\/logo.svg","width":708,"height":142,"caption":"Quatro Air Techologies"},"image":{"@id":"https:\/\/quatroair.com\/en\/#\/schema\/logo\/image\/"},"sameAs":["https:\/\/www.facebook.com\/QuatroAirTechnologies","https:\/\/x.com\/QuatroAir","https:\/\/www.youtube.com\/channel\/UCdTTBL7Pwwyr2JGybAn8Bxw","https:\/\/www.linkedin.com\/company\/quatro-air-technologies"]}]}},"_links":{"self":[{"href":"https:\/\/quatroair.com\/fr\/wp-json\/wp\/v2\/product\/5936","targetHints":{"allow":["GET"]}}],"collection":[{"href":"https:\/\/quatroair.com\/fr\/wp-json\/wp\/v2\/product"}],"about":[{"href":"https:\/\/quatroair.com\/fr\/wp-json\/wp\/v2\/types\/product"}],"replies":[{"embeddable":true,"href":"https:\/\/quatroair.com\/fr\/wp-json\/wp\/v2\/comments?post=5936"}],"version-history":[{"count":4,"href":"https:\/\/quatroair.com\/fr\/wp-json\/wp\/v2\/product\/5936\/revisions"}],"predecessor-version":[{"id":10998,"href":"https:\/\/quatroair.com\/fr\/wp-json\/wp\/v2\/product\/5936\/revisions\/10998"}],"wp:featuredmedia":[{"embeddable":true,"href":"https:\/\/quatroair.com\/fr\/wp-json\/wp\/v2\/media\/4949"}],"wp:attachment":[{"href":"https:\/\/quatroair.com\/fr\/wp-json\/wp\/v2\/media?parent=5936"}],"wp:term":[{"taxonomy":"product_cat","embeddable":true,"href":"https:\/\/quatroair.com\/fr\/wp-json\/wp\/v2\/product_cat?post=5936"},{"taxonomy":"product_tag","embeddable":true,"href":"https:\/\/quatroair.com\/fr\/wp-json\/wp\/v2\/product_tag?post=5936"}],"curies":[{"name":"wp","href":"https:\/\/api.w.org\/{rel}","templated":true}]}}