{"id":5934,"date":"2024-10-24T13:10:20","date_gmt":"2024-10-24T13:10:20","guid":{"rendered":"https:\/\/quatroair.com\/product\/downdraft-station-dds\/"},"modified":"2025-10-22T21:09:51","modified_gmt":"2025-10-22T21:09:51","slug":"downdraft-station-dds","status":"publish","type":"product","link":"https:\/\/quatroair.com\/fr\/products\/fume-extractors\/stand-alone-units\/downdraft-station-dds","title":{"rendered":"Station d\u2019aspiration verticale DDS"},"content":{"rendered":"<p>Propuls\u00e9e par un moteur sans brosse ultrasilencieux et un syst\u00e8me de filtration \u00e0 plusieurs \u00e9tapes, la s\u00e9rie d&rsquo;extracteurs de fum\u00e9e a aspiration \u00e0 air descendant DDS \u00e9limine les particules nocives de la zone de travail et vous aide \u00e0 maintenir un milieu de travail propre et sain.<\/p>\n<p>Pour les espaces restreints, la configuration \u00e0 profil bas permet d&rsquo;installer la hotte de confinement du syst\u00e8me sur le comptoir pour alors la raccorder au-dessus ou \u00e0 l&rsquo;arri\u00e8re de l&rsquo;unit\u00e9 de filtration via un tuyau flexible.<\/p>\n<h2>Avantages<\/h2>\n<ul>\n<li>Conception compacte pr\u00eate \u00e0 l&#8217;emploi<\/li>\n<li>Petite empreinte<\/li>\n<li>Capture \u00e0 la source les contaminants en suspension dans l&rsquo;air<\/li>\n<li>Fonctionnement silencieux<\/li>\n<li>Certifi\u00e9 CSA, conforme UL<\/li>\n<\/ul>\n<h2>Caract\u00e9ristiques<\/h2>\n<ul>\n<li>Hotte de confinement ClearView<\/li>\n<\/ul>\n<h2>Options<\/h2>\n<ul>\n<li>Petits ou grands formats<\/li>\n<li>Panneau de commande analogique ou num\u00e9rique (iSeries)<\/li>\n<li>Configuration \u00e0 profile bas<\/li>\n<\/ul>\n","protected":false},"excerpt":{"rendered":"<p>Extracteurs de fum\u00e9e autonomes<br \/>\nDot\u00e9 d&rsquo;un syst\u00e8me de filtration \u00e0 plusieurs \u00e9tapes, la station d\u2019aspiration verticale DDS \u00e9limine les particules nocives de la zone de travail et aide \u00e0 maintenir un milieu de travail propre et sain.<\/p>\n","protected":false},"featured_media":5018,"comment_status":"open","ping_status":"closed","template":"","meta":{"_acf_changed":false},"product_cat":[88],"product_tag":[],"class_list":{"0":"post-5934","1":"product","2":"type-product","3":"status-publish","4":"has-post-thumbnail","6":"product_cat-nocategroy-fr","8":"first","9":"instock","10":"shipping-taxable","11":"product-type-simple"},"acf":[],"yoast_head":"<!-- This site is optimized with the Yoast SEO plugin v26.9 - https:\/\/yoast.com\/product\/yoast-seo-wordpress\/ -->\n<title>Station d\u2019aspiration verticale DDS - Quatro Air Techologies<\/title>\n<meta name=\"description\" content=\"Propuls\u00e9e par un moteur sans brosse ultrasilencieux et un syst\u00e8me de filtration \u00e0\" \/>\n<meta name=\"robots\" content=\"index, follow\" \/>\n<link rel=\"canonical\" href=\"https:\/\/quatroair.com\/fr\/extracteurs-de-fumee\/soldering-units\/downdraft-station-dds\" \/>\n<meta property=\"og:locale\" content=\"fr_FR\" \/>\n<meta property=\"og:type\" content=\"article\" \/>\n<meta property=\"og:title\" content=\"Station d\u2019aspiration verticale DDS - Quatro Air Techologies\" \/>\n<meta property=\"og:description\" content=\"Propuls\u00e9e par un moteur sans brosse ultrasilencieux et un syst\u00e8me de filtration \u00e0\" \/>\n<meta property=\"og:url\" content=\"https:\/\/quatroair.com\/fr\/extracteurs-de-fumee\/soldering-units\/downdraft-station-dds\" \/>\n<meta property=\"og:site_name\" content=\"Quatro Air Techologies\" \/>\n<meta property=\"article:publisher\" content=\"https:\/\/www.facebook.com\/QuatroAirTechnologies\" \/>\n<meta property=\"article:modified_time\" content=\"2025-10-22T21:09:51+00:00\" \/>\n<meta property=\"og:image\" content=\"https:\/\/quatroair.com\/wp-content\/uploads\/2024\/10\/DDS-480x320-1.webp\" \/>\n\t<meta property=\"og:image:width\" content=\"480\" \/>\n\t<meta property=\"og:image:height\" content=\"320\" \/>\n\t<meta property=\"og:image:type\" content=\"image\/webp\" \/>\n<meta name=\"twitter:card\" content=\"summary_large_image\" \/>\n<meta name=\"twitter:site\" content=\"@QuatroAir\" \/>\n<meta name=\"twitter:label1\" content=\"Dur\u00e9e de lecture estim\u00e9e\" \/>\n\t<meta name=\"twitter:data1\" content=\"1 minute\" \/>\n<script type=\"application\/ld+json\" class=\"yoast-schema-graph\">{\"@context\":\"https:\/\/schema.org\",\"@graph\":[{\"@type\":\"WebPage\",\"@id\":\"https:\/\/quatroair.com\/fr\/extracteurs-de-fumee\/soldering-units\/downdraft-station-dds\",\"url\":\"https:\/\/quatroair.com\/fr\/extracteurs-de-fumee\/soldering-units\/downdraft-station-dds\",\"name\":\"Station d\u2019aspiration verticale DDS - Quatro Air Techologies\",\"isPartOf\":{\"@id\":\"https:\/\/quatroair.com\/en\/#website\"},\"primaryImageOfPage\":{\"@id\":\"https:\/\/quatroair.com\/fr\/extracteurs-de-fumee\/soldering-units\/downdraft-station-dds#primaryimage\"},\"image\":{\"@id\":\"https:\/\/quatroair.com\/fr\/extracteurs-de-fumee\/soldering-units\/downdraft-station-dds#primaryimage\"},\"thumbnailUrl\":\"https:\/\/quatroair.com\/wp-content\/uploads\/2024\/10\/DDS-480x320-1.webp\",\"datePublished\":\"2024-10-24T13:10:20+00:00\",\"dateModified\":\"2025-10-22T21:09:51+00:00\",\"description\":\"Propuls\u00e9e par un moteur sans brosse ultrasilencieux et un syst\u00e8me de filtration \u00e0\",\"breadcrumb\":{\"@id\":\"https:\/\/quatroair.com\/fr\/extracteurs-de-fumee\/soldering-units\/downdraft-station-dds#breadcrumb\"},\"inLanguage\":\"fr-FR\",\"potentialAction\":[{\"@type\":\"ReadAction\",\"target\":[\"https:\/\/quatroair.com\/fr\/extracteurs-de-fumee\/soldering-units\/downdraft-station-dds\"]}]},{\"@type\":\"ImageObject\",\"inLanguage\":\"fr-FR\",\"@id\":\"https:\/\/quatroair.com\/fr\/extracteurs-de-fumee\/soldering-units\/downdraft-station-dds#primaryimage\",\"url\":\"https:\/\/quatroair.com\/wp-content\/uploads\/2024\/10\/DDS-480x320-1.webp\",\"contentUrl\":\"https:\/\/quatroair.com\/wp-content\/uploads\/2024\/10\/DDS-480x320-1.webp\",\"width\":480,\"height\":320},{\"@type\":\"BreadcrumbList\",\"@id\":\"https:\/\/quatroair.com\/fr\/extracteurs-de-fumee\/soldering-units\/downdraft-station-dds#breadcrumb\",\"itemListElement\":[{\"@type\":\"ListItem\",\"position\":1,\"name\":\"Home\",\"item\":\"https:\/\/quatroair.com\/\"},{\"@type\":\"ListItem\",\"position\":2,\"name\":\"Products\",\"item\":\"https:\/\/quatroair.com\/shop__trashed\/\"},{\"@type\":\"ListItem\",\"position\":3,\"name\":\"Station d\u2019aspiration verticale DDS\"}]},{\"@type\":\"WebSite\",\"@id\":\"https:\/\/quatroair.com\/en\/#website\",\"url\":\"https:\/\/quatroair.com\/en\/\",\"name\":\"Quatro Air Techologies\",\"description\":\"Quatro Air provides effective clean air solutions designed to handle any air quality challenge in your home, office or business. Contact us today for details.\",\"publisher\":{\"@id\":\"https:\/\/quatroair.com\/en\/#organization\"},\"potentialAction\":[{\"@type\":\"SearchAction\",\"target\":{\"@type\":\"EntryPoint\",\"urlTemplate\":\"https:\/\/quatroair.com\/en\/?s={search_term_string}\"},\"query-input\":{\"@type\":\"PropertyValueSpecification\",\"valueRequired\":true,\"valueName\":\"search_term_string\"}}],\"inLanguage\":\"fr-FR\"},{\"@type\":\"Organization\",\"@id\":\"https:\/\/quatroair.com\/en\/#organization\",\"name\":\"Quatro Air Techologies\",\"url\":\"https:\/\/quatroair.com\/en\/\",\"logo\":{\"@type\":\"ImageObject\",\"inLanguage\":\"fr-FR\",\"@id\":\"https:\/\/quatroair.com\/en\/#\/schema\/logo\/image\/\",\"url\":\"https:\/\/quatroair.com\/wp-content\/uploads\/2024\/10\/logo.svg\",\"contentUrl\":\"https:\/\/quatroair.com\/wp-content\/uploads\/2024\/10\/logo.svg\",\"width\":708,\"height\":142,\"caption\":\"Quatro Air Techologies\"},\"image\":{\"@id\":\"https:\/\/quatroair.com\/en\/#\/schema\/logo\/image\/\"},\"sameAs\":[\"https:\/\/www.facebook.com\/QuatroAirTechnologies\",\"https:\/\/x.com\/QuatroAir\",\"https:\/\/www.youtube.com\/channel\/UCdTTBL7Pwwyr2JGybAn8Bxw\",\"https:\/\/www.linkedin.com\/company\/quatro-air-technologies\"]}]}<\/script>\n<!-- \/ Yoast SEO plugin. -->","yoast_head_json":{"title":"Station d\u2019aspiration verticale DDS - Quatro Air Techologies","description":"Propuls\u00e9e par un moteur sans brosse ultrasilencieux et un syst\u00e8me de filtration \u00e0","robots":{"index":"index","follow":"follow"},"canonical":"https:\/\/quatroair.com\/fr\/extracteurs-de-fumee\/soldering-units\/downdraft-station-dds","og_locale":"fr_FR","og_type":"article","og_title":"Station d\u2019aspiration verticale DDS - Quatro Air Techologies","og_description":"Propuls\u00e9e par un moteur sans brosse ultrasilencieux et un syst\u00e8me de filtration \u00e0","og_url":"https:\/\/quatroair.com\/fr\/extracteurs-de-fumee\/soldering-units\/downdraft-station-dds","og_site_name":"Quatro Air Techologies","article_publisher":"https:\/\/www.facebook.com\/QuatroAirTechnologies","article_modified_time":"2025-10-22T21:09:51+00:00","og_image":[{"width":480,"height":320,"url":"https:\/\/quatroair.com\/wp-content\/uploads\/2024\/10\/DDS-480x320-1.webp","type":"image\/webp"}],"twitter_card":"summary_large_image","twitter_site":"@QuatroAir","twitter_misc":{"Dur\u00e9e de lecture estim\u00e9e":"1 minute"},"schema":{"@context":"https:\/\/schema.org","@graph":[{"@type":"WebPage","@id":"https:\/\/quatroair.com\/fr\/extracteurs-de-fumee\/soldering-units\/downdraft-station-dds","url":"https:\/\/quatroair.com\/fr\/extracteurs-de-fumee\/soldering-units\/downdraft-station-dds","name":"Station d\u2019aspiration verticale DDS - Quatro Air Techologies","isPartOf":{"@id":"https:\/\/quatroair.com\/en\/#website"},"primaryImageOfPage":{"@id":"https:\/\/quatroair.com\/fr\/extracteurs-de-fumee\/soldering-units\/downdraft-station-dds#primaryimage"},"image":{"@id":"https:\/\/quatroair.com\/fr\/extracteurs-de-fumee\/soldering-units\/downdraft-station-dds#primaryimage"},"thumbnailUrl":"https:\/\/quatroair.com\/wp-content\/uploads\/2024\/10\/DDS-480x320-1.webp","datePublished":"2024-10-24T13:10:20+00:00","dateModified":"2025-10-22T21:09:51+00:00","description":"Propuls\u00e9e par un moteur sans brosse ultrasilencieux et un syst\u00e8me de filtration \u00e0","breadcrumb":{"@id":"https:\/\/quatroair.com\/fr\/extracteurs-de-fumee\/soldering-units\/downdraft-station-dds#breadcrumb"},"inLanguage":"fr-FR","potentialAction":[{"@type":"ReadAction","target":["https:\/\/quatroair.com\/fr\/extracteurs-de-fumee\/soldering-units\/downdraft-station-dds"]}]},{"@type":"ImageObject","inLanguage":"fr-FR","@id":"https:\/\/quatroair.com\/fr\/extracteurs-de-fumee\/soldering-units\/downdraft-station-dds#primaryimage","url":"https:\/\/quatroair.com\/wp-content\/uploads\/2024\/10\/DDS-480x320-1.webp","contentUrl":"https:\/\/quatroair.com\/wp-content\/uploads\/2024\/10\/DDS-480x320-1.webp","width":480,"height":320},{"@type":"BreadcrumbList","@id":"https:\/\/quatroair.com\/fr\/extracteurs-de-fumee\/soldering-units\/downdraft-station-dds#breadcrumb","itemListElement":[{"@type":"ListItem","position":1,"name":"Home","item":"https:\/\/quatroair.com\/"},{"@type":"ListItem","position":2,"name":"Products","item":"https:\/\/quatroair.com\/shop__trashed\/"},{"@type":"ListItem","position":3,"name":"Station d\u2019aspiration verticale DDS"}]},{"@type":"WebSite","@id":"https:\/\/quatroair.com\/en\/#website","url":"https:\/\/quatroair.com\/en\/","name":"Quatro Air Techologies","description":"Quatro Air provides effective clean air solutions designed to handle any air quality challenge in your home, office or business. Contact us today for details.","publisher":{"@id":"https:\/\/quatroair.com\/en\/#organization"},"potentialAction":[{"@type":"SearchAction","target":{"@type":"EntryPoint","urlTemplate":"https:\/\/quatroair.com\/en\/?s={search_term_string}"},"query-input":{"@type":"PropertyValueSpecification","valueRequired":true,"valueName":"search_term_string"}}],"inLanguage":"fr-FR"},{"@type":"Organization","@id":"https:\/\/quatroair.com\/en\/#organization","name":"Quatro Air Techologies","url":"https:\/\/quatroair.com\/en\/","logo":{"@type":"ImageObject","inLanguage":"fr-FR","@id":"https:\/\/quatroair.com\/en\/#\/schema\/logo\/image\/","url":"https:\/\/quatroair.com\/wp-content\/uploads\/2024\/10\/logo.svg","contentUrl":"https:\/\/quatroair.com\/wp-content\/uploads\/2024\/10\/logo.svg","width":708,"height":142,"caption":"Quatro Air Techologies"},"image":{"@id":"https:\/\/quatroair.com\/en\/#\/schema\/logo\/image\/"},"sameAs":["https:\/\/www.facebook.com\/QuatroAirTechnologies","https:\/\/x.com\/QuatroAir","https:\/\/www.youtube.com\/channel\/UCdTTBL7Pwwyr2JGybAn8Bxw","https:\/\/www.linkedin.com\/company\/quatro-air-technologies"]}]}},"_links":{"self":[{"href":"https:\/\/quatroair.com\/fr\/wp-json\/wp\/v2\/product\/5934","targetHints":{"allow":["GET"]}}],"collection":[{"href":"https:\/\/quatroair.com\/fr\/wp-json\/wp\/v2\/product"}],"about":[{"href":"https:\/\/quatroair.com\/fr\/wp-json\/wp\/v2\/types\/product"}],"replies":[{"embeddable":true,"href":"https:\/\/quatroair.com\/fr\/wp-json\/wp\/v2\/comments?post=5934"}],"version-history":[{"count":3,"href":"https:\/\/quatroair.com\/fr\/wp-json\/wp\/v2\/product\/5934\/revisions"}],"predecessor-version":[{"id":10999,"href":"https:\/\/quatroair.com\/fr\/wp-json\/wp\/v2\/product\/5934\/revisions\/10999"}],"wp:featuredmedia":[{"embeddable":true,"href":"https:\/\/quatroair.com\/fr\/wp-json\/wp\/v2\/media\/5018"}],"wp:attachment":[{"href":"https:\/\/quatroair.com\/fr\/wp-json\/wp\/v2\/media?parent=5934"}],"wp:term":[{"taxonomy":"product_cat","embeddable":true,"href":"https:\/\/quatroair.com\/fr\/wp-json\/wp\/v2\/product_cat?post=5934"},{"taxonomy":"product_tag","embeddable":true,"href":"https:\/\/quatroair.com\/fr\/wp-json\/wp\/v2\/product_tag?post=5934"}],"curies":[{"name":"wp","href":"https:\/\/api.w.org\/{rel}","templated":true}]}}