{"id":5929,"date":"2024-10-25T11:33:35","date_gmt":"2024-10-25T11:33:35","guid":{"rendered":"https:\/\/quatroair.com\/product\/spm-504\/"},"modified":"2025-11-15T12:55:28","modified_gmt":"2025-11-15T12:55:28","slug":"spm-504","status":"publish","type":"product","link":"https:\/\/quatroair.com\/fr\/products\/fume-extractors\/multi-station-fume-extractors\/spm-504","title":{"rendered":"SPM 504"},"content":{"rendered":"<p>Con\u00e7u pour les applications multi-stations, l&rsquo;extracteur de fum\u00e9e SPM 504 est dot\u00e9 du syst\u00e8me de filtration \u00e9prouv\u00e9 de Quatro, d&rsquo;un fonctionnement silencieux et d&rsquo;une mobilit\u00e9 am\u00e9lior\u00e9e gr\u00e2ce \u00e0 des roulettes verrouillables robustes. Comprend un tuyau de 6 pi de long et de 3 po de diam\u00e8tre.<\/p>\n<h2>Avantages<\/h2>\n<ul>\n<li>Conception compacte pr\u00eate \u00e0 l&#8217;emploi<\/li>\n<li>Petite empreinte<\/li>\n<li>Fonctionnement silencieux<\/li>\n<li>Certifi\u00e9 CSA, conforme UL et RoHS<\/li>\n<\/ul>\n<h2>Caract\u00e9ristiques<\/h2>\n<ul>\n<li>Syst\u00e8me de filtration \u00e0 plusieurs \u00e9tapes<\/li>\n<li>Moteur sans brosse pour une dur\u00e9e de vie plus longue<\/li>\n<li>Panneau de commande analogique<\/li>\n<\/ul>\n<h2>Options<\/h2>\n<ul>\n<li>Bras de captation \u00e0 la source disponible<\/li>\n<li>Configurations de s\u00e9quences de filtres multiples &#8211; (voir <a style=\"font-weight: bold;\" href=\"extracteur-de-fumee-spm-504-caracteristiques-techniques\">Sp\u00e9cifications techniques<\/a>)<\/li>\n<\/ul>\n","protected":false},"excerpt":{"rendered":"<p>Extracteur moyenne pression<br \/>\nUn syst\u00e8me d&rsquo;extraction des fum\u00e9es de soudure en plusieurs \u00e9tapes de filtration id\u00e9al d\u2019un \u00e0 quatre (4) postes de travail. D\u00e9bit nominal jusqu&rsquo;\u00e0 600 PCM.<\/p>\n","protected":false},"featured_media":4982,"comment_status":"open","ping_status":"closed","template":"","meta":{"_acf_changed":false},"product_cat":[88],"product_tag":[],"class_list":{"0":"post-5929","1":"product","2":"type-product","3":"status-publish","4":"has-post-thumbnail","6":"product_cat-nocategroy-fr","8":"first","9":"instock","10":"shipping-taxable","11":"product-type-simple"},"acf":[],"yoast_head":"<!-- This site is optimized with the Yoast SEO plugin v26.9 - https:\/\/yoast.com\/product\/yoast-seo-wordpress\/ -->\n<title>SPM 504 - Quatro Air Techologies<\/title>\n<meta name=\"description\" content=\"Con\u00e7u pour les applications multi-stations, l&#039;extracteur de fum\u00e9e SPM 504 est dot\u00e9\" \/>\n<meta name=\"robots\" content=\"index, follow\" \/>\n<link rel=\"canonical\" href=\"https:\/\/quatroair.com\/fr\/extracteurs-de-fumee\/soldering-units\/spm-504\" \/>\n<meta property=\"og:locale\" content=\"fr_FR\" \/>\n<meta property=\"og:type\" content=\"article\" \/>\n<meta property=\"og:title\" content=\"SPM 504 - Quatro Air Techologies\" \/>\n<meta property=\"og:description\" content=\"Con\u00e7u pour les applications multi-stations, l&#039;extracteur de fum\u00e9e SPM 504 est dot\u00e9\" \/>\n<meta property=\"og:url\" content=\"https:\/\/quatroair.com\/fr\/extracteurs-de-fumee\/soldering-units\/spm-504\" \/>\n<meta property=\"og:site_name\" content=\"Quatro Air Techologies\" \/>\n<meta property=\"article:publisher\" content=\"https:\/\/www.facebook.com\/QuatroAirTechnologies\" \/>\n<meta property=\"article:modified_time\" content=\"2025-11-15T12:55:28+00:00\" \/>\n<meta property=\"og:image\" content=\"https:\/\/quatroair.com\/wp-content\/uploads\/2024\/10\/SPM504-480x320-1.webp\" \/>\n\t<meta property=\"og:image:width\" content=\"480\" \/>\n\t<meta property=\"og:image:height\" content=\"320\" \/>\n\t<meta property=\"og:image:type\" content=\"image\/webp\" \/>\n<meta name=\"twitter:card\" content=\"summary_large_image\" \/>\n<meta name=\"twitter:site\" content=\"@QuatroAir\" \/>\n<meta name=\"twitter:label1\" content=\"Dur\u00e9e de lecture estim\u00e9e\" \/>\n\t<meta name=\"twitter:data1\" content=\"1 minute\" \/>\n<script type=\"application\/ld+json\" class=\"yoast-schema-graph\">{\"@context\":\"https:\/\/schema.org\",\"@graph\":[{\"@type\":\"WebPage\",\"@id\":\"https:\/\/quatroair.com\/fr\/extracteurs-de-fumee\/soldering-units\/spm-504\",\"url\":\"https:\/\/quatroair.com\/fr\/extracteurs-de-fumee\/soldering-units\/spm-504\",\"name\":\"SPM 504 - Quatro Air Techologies\",\"isPartOf\":{\"@id\":\"https:\/\/quatroair.com\/en\/#website\"},\"primaryImageOfPage\":{\"@id\":\"https:\/\/quatroair.com\/fr\/extracteurs-de-fumee\/soldering-units\/spm-504#primaryimage\"},\"image\":{\"@id\":\"https:\/\/quatroair.com\/fr\/extracteurs-de-fumee\/soldering-units\/spm-504#primaryimage\"},\"thumbnailUrl\":\"https:\/\/quatroair.com\/wp-content\/uploads\/2024\/10\/SPM504-480x320-1.webp\",\"datePublished\":\"2024-10-25T11:33:35+00:00\",\"dateModified\":\"2025-11-15T12:55:28+00:00\",\"description\":\"Con\u00e7u pour les applications multi-stations, l'extracteur de fum\u00e9e SPM 504 est dot\u00e9\",\"breadcrumb\":{\"@id\":\"https:\/\/quatroair.com\/fr\/extracteurs-de-fumee\/soldering-units\/spm-504#breadcrumb\"},\"inLanguage\":\"fr-FR\",\"potentialAction\":[{\"@type\":\"ReadAction\",\"target\":[\"https:\/\/quatroair.com\/fr\/extracteurs-de-fumee\/soldering-units\/spm-504\"]}]},{\"@type\":\"ImageObject\",\"inLanguage\":\"fr-FR\",\"@id\":\"https:\/\/quatroair.com\/fr\/extracteurs-de-fumee\/soldering-units\/spm-504#primaryimage\",\"url\":\"https:\/\/quatroair.com\/wp-content\/uploads\/2024\/10\/SPM504-480x320-1.webp\",\"contentUrl\":\"https:\/\/quatroair.com\/wp-content\/uploads\/2024\/10\/SPM504-480x320-1.webp\",\"width\":480,\"height\":320},{\"@type\":\"BreadcrumbList\",\"@id\":\"https:\/\/quatroair.com\/fr\/extracteurs-de-fumee\/soldering-units\/spm-504#breadcrumb\",\"itemListElement\":[{\"@type\":\"ListItem\",\"position\":1,\"name\":\"Home\",\"item\":\"https:\/\/quatroair.com\/\"},{\"@type\":\"ListItem\",\"position\":2,\"name\":\"Products\",\"item\":\"https:\/\/quatroair.com\/shop__trashed\/\"},{\"@type\":\"ListItem\",\"position\":3,\"name\":\"SPM 504\"}]},{\"@type\":\"WebSite\",\"@id\":\"https:\/\/quatroair.com\/en\/#website\",\"url\":\"https:\/\/quatroair.com\/en\/\",\"name\":\"Quatro Air Techologies\",\"description\":\"Quatro Air provides effective clean air solutions designed to handle any air quality challenge in your home, office or business. Contact us today for details.\",\"publisher\":{\"@id\":\"https:\/\/quatroair.com\/en\/#organization\"},\"potentialAction\":[{\"@type\":\"SearchAction\",\"target\":{\"@type\":\"EntryPoint\",\"urlTemplate\":\"https:\/\/quatroair.com\/en\/?s={search_term_string}\"},\"query-input\":{\"@type\":\"PropertyValueSpecification\",\"valueRequired\":true,\"valueName\":\"search_term_string\"}}],\"inLanguage\":\"fr-FR\"},{\"@type\":\"Organization\",\"@id\":\"https:\/\/quatroair.com\/en\/#organization\",\"name\":\"Quatro Air Techologies\",\"url\":\"https:\/\/quatroair.com\/en\/\",\"logo\":{\"@type\":\"ImageObject\",\"inLanguage\":\"fr-FR\",\"@id\":\"https:\/\/quatroair.com\/en\/#\/schema\/logo\/image\/\",\"url\":\"https:\/\/quatroair.com\/wp-content\/uploads\/2024\/10\/logo.svg\",\"contentUrl\":\"https:\/\/quatroair.com\/wp-content\/uploads\/2024\/10\/logo.svg\",\"width\":708,\"height\":142,\"caption\":\"Quatro Air Techologies\"},\"image\":{\"@id\":\"https:\/\/quatroair.com\/en\/#\/schema\/logo\/image\/\"},\"sameAs\":[\"https:\/\/www.facebook.com\/QuatroAirTechnologies\",\"https:\/\/x.com\/QuatroAir\",\"https:\/\/www.youtube.com\/channel\/UCdTTBL7Pwwyr2JGybAn8Bxw\",\"https:\/\/www.linkedin.com\/company\/quatro-air-technologies\"]}]}<\/script>\n<!-- \/ Yoast SEO plugin. -->","yoast_head_json":{"title":"SPM 504 - Quatro Air Techologies","description":"Con\u00e7u pour les applications multi-stations, l'extracteur de fum\u00e9e SPM 504 est dot\u00e9","robots":{"index":"index","follow":"follow"},"canonical":"https:\/\/quatroair.com\/fr\/extracteurs-de-fumee\/soldering-units\/spm-504","og_locale":"fr_FR","og_type":"article","og_title":"SPM 504 - Quatro Air Techologies","og_description":"Con\u00e7u pour les applications multi-stations, l'extracteur de fum\u00e9e SPM 504 est dot\u00e9","og_url":"https:\/\/quatroair.com\/fr\/extracteurs-de-fumee\/soldering-units\/spm-504","og_site_name":"Quatro Air Techologies","article_publisher":"https:\/\/www.facebook.com\/QuatroAirTechnologies","article_modified_time":"2025-11-15T12:55:28+00:00","og_image":[{"width":480,"height":320,"url":"https:\/\/quatroair.com\/wp-content\/uploads\/2024\/10\/SPM504-480x320-1.webp","type":"image\/webp"}],"twitter_card":"summary_large_image","twitter_site":"@QuatroAir","twitter_misc":{"Dur\u00e9e de lecture estim\u00e9e":"1 minute"},"schema":{"@context":"https:\/\/schema.org","@graph":[{"@type":"WebPage","@id":"https:\/\/quatroair.com\/fr\/extracteurs-de-fumee\/soldering-units\/spm-504","url":"https:\/\/quatroair.com\/fr\/extracteurs-de-fumee\/soldering-units\/spm-504","name":"SPM 504 - Quatro Air Techologies","isPartOf":{"@id":"https:\/\/quatroair.com\/en\/#website"},"primaryImageOfPage":{"@id":"https:\/\/quatroair.com\/fr\/extracteurs-de-fumee\/soldering-units\/spm-504#primaryimage"},"image":{"@id":"https:\/\/quatroair.com\/fr\/extracteurs-de-fumee\/soldering-units\/spm-504#primaryimage"},"thumbnailUrl":"https:\/\/quatroair.com\/wp-content\/uploads\/2024\/10\/SPM504-480x320-1.webp","datePublished":"2024-10-25T11:33:35+00:00","dateModified":"2025-11-15T12:55:28+00:00","description":"Con\u00e7u pour les applications multi-stations, l'extracteur de fum\u00e9e SPM 504 est dot\u00e9","breadcrumb":{"@id":"https:\/\/quatroair.com\/fr\/extracteurs-de-fumee\/soldering-units\/spm-504#breadcrumb"},"inLanguage":"fr-FR","potentialAction":[{"@type":"ReadAction","target":["https:\/\/quatroair.com\/fr\/extracteurs-de-fumee\/soldering-units\/spm-504"]}]},{"@type":"ImageObject","inLanguage":"fr-FR","@id":"https:\/\/quatroair.com\/fr\/extracteurs-de-fumee\/soldering-units\/spm-504#primaryimage","url":"https:\/\/quatroair.com\/wp-content\/uploads\/2024\/10\/SPM504-480x320-1.webp","contentUrl":"https:\/\/quatroair.com\/wp-content\/uploads\/2024\/10\/SPM504-480x320-1.webp","width":480,"height":320},{"@type":"BreadcrumbList","@id":"https:\/\/quatroair.com\/fr\/extracteurs-de-fumee\/soldering-units\/spm-504#breadcrumb","itemListElement":[{"@type":"ListItem","position":1,"name":"Home","item":"https:\/\/quatroair.com\/"},{"@type":"ListItem","position":2,"name":"Products","item":"https:\/\/quatroair.com\/shop__trashed\/"},{"@type":"ListItem","position":3,"name":"SPM 504"}]},{"@type":"WebSite","@id":"https:\/\/quatroair.com\/en\/#website","url":"https:\/\/quatroair.com\/en\/","name":"Quatro Air Techologies","description":"Quatro Air provides effective clean air solutions designed to handle any air quality challenge in your home, office or business. Contact us today for details.","publisher":{"@id":"https:\/\/quatroair.com\/en\/#organization"},"potentialAction":[{"@type":"SearchAction","target":{"@type":"EntryPoint","urlTemplate":"https:\/\/quatroair.com\/en\/?s={search_term_string}"},"query-input":{"@type":"PropertyValueSpecification","valueRequired":true,"valueName":"search_term_string"}}],"inLanguage":"fr-FR"},{"@type":"Organization","@id":"https:\/\/quatroair.com\/en\/#organization","name":"Quatro Air Techologies","url":"https:\/\/quatroair.com\/en\/","logo":{"@type":"ImageObject","inLanguage":"fr-FR","@id":"https:\/\/quatroair.com\/en\/#\/schema\/logo\/image\/","url":"https:\/\/quatroair.com\/wp-content\/uploads\/2024\/10\/logo.svg","contentUrl":"https:\/\/quatroair.com\/wp-content\/uploads\/2024\/10\/logo.svg","width":708,"height":142,"caption":"Quatro Air Techologies"},"image":{"@id":"https:\/\/quatroair.com\/en\/#\/schema\/logo\/image\/"},"sameAs":["https:\/\/www.facebook.com\/QuatroAirTechnologies","https:\/\/x.com\/QuatroAir","https:\/\/www.youtube.com\/channel\/UCdTTBL7Pwwyr2JGybAn8Bxw","https:\/\/www.linkedin.com\/company\/quatro-air-technologies"]}]}},"_links":{"self":[{"href":"https:\/\/quatroair.com\/fr\/wp-json\/wp\/v2\/product\/5929","targetHints":{"allow":["GET"]}}],"collection":[{"href":"https:\/\/quatroair.com\/fr\/wp-json\/wp\/v2\/product"}],"about":[{"href":"https:\/\/quatroair.com\/fr\/wp-json\/wp\/v2\/types\/product"}],"replies":[{"embeddable":true,"href":"https:\/\/quatroair.com\/fr\/wp-json\/wp\/v2\/comments?post=5929"}],"version-history":[{"count":4,"href":"https:\/\/quatroair.com\/fr\/wp-json\/wp\/v2\/product\/5929\/revisions"}],"predecessor-version":[{"id":11285,"href":"https:\/\/quatroair.com\/fr\/wp-json\/wp\/v2\/product\/5929\/revisions\/11285"}],"wp:featuredmedia":[{"embeddable":true,"href":"https:\/\/quatroair.com\/fr\/wp-json\/wp\/v2\/media\/4982"}],"wp:attachment":[{"href":"https:\/\/quatroair.com\/fr\/wp-json\/wp\/v2\/media?parent=5929"}],"wp:term":[{"taxonomy":"product_cat","embeddable":true,"href":"https:\/\/quatroair.com\/fr\/wp-json\/wp\/v2\/product_cat?post=5929"},{"taxonomy":"product_tag","embeddable":true,"href":"https:\/\/quatroair.com\/fr\/wp-json\/wp\/v2\/product_tag?post=5929"}],"curies":[{"name":"wp","href":"https:\/\/api.w.org\/{rel}","templated":true}]}}