{"id":5926,"date":"2024-10-25T12:35:51","date_gmt":"2024-10-25T12:35:51","guid":{"rendered":"https:\/\/quatroair.com\/product\/af-2000\/"},"modified":"2026-02-26T22:53:15","modified_gmt":"2026-02-26T22:53:15","slug":"af-2000","status":"publish","type":"product","link":"https:\/\/quatroair.com\/fr\/products\/hepa-air-purifiers\/af-2000-for-dust-and-odor","title":{"rendered":"AF 2000 \u2013 Pour poussi\u00e8re et odeurs"},"content":{"rendered":"<h3>Pr\u00e9sentation<\/h3>\n<ul>\n<li>Fournit une protection pour les espaces jusqu&rsquo;\u00e0 800 pi\u00b2<\/li>\n<li>Syst\u00e8me de filtration d&rsquo;air en 3 \u00e9tapes con\u00e7u pour r\u00e9duire efficacement les particules en suspension dans l&rsquo;air et les odeurs associ\u00e9es \u00e0 l&rsquo;impression 3D (r\u00e9sines et alcool)<\/li>\n<li>Purificateur d&rsquo;air \u00e0 usage g\u00e9n\u00e9ral abordable et n\u00e9cessitant peu d&rsquo;entretien pour les pi\u00e8ces simples<\/li>\n<\/ul>\n<h3>Avantages<\/h3>\n<ul>\n<li>Puissant, compact et tr\u00e8s portable<\/li>\n<li>Moteur sans balais con\u00e7u pour un service continu<\/li>\n<li>R\u00e9duisez les co\u00fbts d&rsquo;\u00e9nergie et d&rsquo;entretien du chauffage et de la climatisation<\/li>\n<li>R\u00e9duisez les co\u00fbts g\u00e9n\u00e9raux de nettoyage et d&rsquo;entretien<\/li>\n<\/ul>\n<h3>Caract\u00e9ristiques<\/h3>\n<ul>\n<li>V\u00e9ritable filtre HEPA \u00e0 lit profond, assure une efficacit\u00e9 de 99,97\u00a0% sur la capture des particules en suspension dans l&rsquo;air<\/li>\n<li>Comprend un filtre \u00e0 poussi\u00e8re (#F001-BX), 2 x 3D filtres anti-odeurs d&rsquo;impression (#F003-GPP), filtre HEPA (#F052) et roulettes pour la mobilit\u00e9 (#??)<\/li>\n<\/ul>\n","protected":false},"excerpt":{"rendered":"<table style=\"border-collapse: collapse; width: 780pt;\" width=\"1040\">\n<tbody>\n<tr style=\"height: 30.0pt;\">\n<td class=\"xl17\" style=\"width: 780pt; height: 30.0pt;\" width=\"1040\" height=\"40\">Le purificateur d&rsquo;air AF2000 HEPA pour l&rsquo;impression 3D \u00e9limine les COV nocifs des photopolym\u00e8res et de l&rsquo;alcool dans les zones de laboratoire jusqu&rsquo;\u00e0 800 pi\u00b2. Emp\u00eache les contaminants en suspension dans l&rsquo;air de p\u00e9n\u00e9trer dans les zones respiratoires et de migrer dans toute votre installation.<\/td>\n<\/tr>\n<\/tbody>\n<\/table>\n","protected":false},"featured_media":5002,"comment_status":"open","ping_status":"closed","template":"","meta":{"_acf_changed":false},"product_cat":[88],"product_tag":[],"class_list":{"0":"post-5926","1":"product","2":"type-product","3":"status-publish","4":"has-post-thumbnail","6":"product_cat-nocategroy-fr","8":"first","9":"instock","10":"shipping-taxable","11":"product-type-simple"},"acf":[],"yoast_head":"<!-- This site is optimized with the Yoast SEO plugin v26.9 - https:\/\/yoast.com\/product\/yoast-seo-wordpress\/ -->\n<title>AF 2000 \u2013 Pour poussi\u00e8re et odeurs - Quatro Air Techologies<\/title>\n<meta name=\"description\" content=\"Con\u00e7u pour traiter de fortes concentrations de produits chimiques, de gaz, d&#039;odeurs,\" \/>\n<meta name=\"robots\" content=\"index, follow\" \/>\n<link rel=\"canonical\" href=\"https:\/\/quatroair.com\/products\/hepa-air-purifiers\/af-2000-for-dust-and-odor\" \/>\n<meta property=\"og:locale\" content=\"fr_FR\" \/>\n<meta property=\"og:type\" content=\"article\" \/>\n<meta property=\"og:title\" content=\"AF 2000 \u2013 Pour poussi\u00e8re et odeurs - Quatro Air Techologies\" \/>\n<meta property=\"og:description\" content=\"Con\u00e7u pour traiter de fortes concentrations de produits chimiques, de gaz, d&#039;odeurs,\" \/>\n<meta property=\"og:url\" content=\"https:\/\/quatroair.com\/products\/hepa-air-purifiers\/af-2000-for-dust-and-odor\" \/>\n<meta property=\"og:site_name\" content=\"Quatro Air Techologies\" \/>\n<meta property=\"article:publisher\" content=\"https:\/\/www.facebook.com\/QuatroAirTechnologies\" \/>\n<meta property=\"article:modified_time\" content=\"2026-02-26T22:53:15+00:00\" \/>\n<meta property=\"og:image\" content=\"https:\/\/quatroair.com\/wp-content\/uploads\/2024\/10\/AF2000-480x320_A.webp\" \/>\n\t<meta property=\"og:image:width\" content=\"480\" \/>\n\t<meta property=\"og:image:height\" content=\"320\" \/>\n\t<meta property=\"og:image:type\" content=\"image\/webp\" \/>\n<meta name=\"twitter:card\" content=\"summary_large_image\" \/>\n<meta name=\"twitter:site\" content=\"@QuatroAir\" \/>\n<meta name=\"twitter:label1\" content=\"Dur\u00e9e de lecture estim\u00e9e\" \/>\n\t<meta name=\"twitter:data1\" content=\"1 minute\" \/>\n<script type=\"application\/ld+json\" class=\"yoast-schema-graph\">{\"@context\":\"https:\/\/schema.org\",\"@graph\":[{\"@type\":\"WebPage\",\"@id\":\"https:\/\/quatroair.com\/products\/hepa-air-purifiers\/af-2000-for-dust-and-odor\",\"url\":\"https:\/\/quatroair.com\/products\/hepa-air-purifiers\/af-2000-for-dust-and-odor\",\"name\":\"AF 2000 \u2013 Pour poussi\u00e8re et odeurs - Quatro Air Techologies\",\"isPartOf\":{\"@id\":\"https:\/\/quatroair.com\/en\/#website\"},\"primaryImageOfPage\":{\"@id\":\"https:\/\/quatroair.com\/products\/hepa-air-purifiers\/af-2000-for-dust-and-odor#primaryimage\"},\"image\":{\"@id\":\"https:\/\/quatroair.com\/products\/hepa-air-purifiers\/af-2000-for-dust-and-odor#primaryimage\"},\"thumbnailUrl\":\"https:\/\/quatroair.com\/wp-content\/uploads\/2024\/10\/AF2000-480x320_A.webp\",\"datePublished\":\"2024-10-25T12:35:51+00:00\",\"dateModified\":\"2026-02-26T22:53:15+00:00\",\"description\":\"Con\u00e7u pour traiter de fortes concentrations de produits chimiques, de gaz, d'odeurs,\",\"breadcrumb\":{\"@id\":\"https:\/\/quatroair.com\/products\/hepa-air-purifiers\/af-2000-for-dust-and-odor#breadcrumb\"},\"inLanguage\":\"fr-FR\",\"potentialAction\":[{\"@type\":\"ReadAction\",\"target\":[\"https:\/\/quatroair.com\/products\/hepa-air-purifiers\/af-2000-for-dust-and-odor\"]}]},{\"@type\":\"ImageObject\",\"inLanguage\":\"fr-FR\",\"@id\":\"https:\/\/quatroair.com\/products\/hepa-air-purifiers\/af-2000-for-dust-and-odor#primaryimage\",\"url\":\"https:\/\/quatroair.com\/wp-content\/uploads\/2024\/10\/AF2000-480x320_A.webp\",\"contentUrl\":\"https:\/\/quatroair.com\/wp-content\/uploads\/2024\/10\/AF2000-480x320_A.webp\",\"width\":480,\"height\":320},{\"@type\":\"BreadcrumbList\",\"@id\":\"https:\/\/quatroair.com\/products\/hepa-air-purifiers\/af-2000-for-dust-and-odor#breadcrumb\",\"itemListElement\":[{\"@type\":\"ListItem\",\"position\":1,\"name\":\"Home\",\"item\":\"https:\/\/quatroair.com\/\"},{\"@type\":\"ListItem\",\"position\":2,\"name\":\"Products\",\"item\":\"https:\/\/quatroair.com\/shop__trashed\/\"},{\"@type\":\"ListItem\",\"position\":3,\"name\":\"AF 2000 \u2013 Pour poussi\u00e8re et odeurs\"}]},{\"@type\":\"WebSite\",\"@id\":\"https:\/\/quatroair.com\/en\/#website\",\"url\":\"https:\/\/quatroair.com\/en\/\",\"name\":\"Quatro Air Techologies\",\"description\":\"Quatro Air provides effective clean air solutions designed to handle any air quality challenge in your home, office or business. Contact us today for details.\",\"publisher\":{\"@id\":\"https:\/\/quatroair.com\/en\/#organization\"},\"potentialAction\":[{\"@type\":\"SearchAction\",\"target\":{\"@type\":\"EntryPoint\",\"urlTemplate\":\"https:\/\/quatroair.com\/en\/?s={search_term_string}\"},\"query-input\":{\"@type\":\"PropertyValueSpecification\",\"valueRequired\":true,\"valueName\":\"search_term_string\"}}],\"inLanguage\":\"fr-FR\"},{\"@type\":\"Organization\",\"@id\":\"https:\/\/quatroair.com\/en\/#organization\",\"name\":\"Quatro Air Techologies\",\"url\":\"https:\/\/quatroair.com\/en\/\",\"logo\":{\"@type\":\"ImageObject\",\"inLanguage\":\"fr-FR\",\"@id\":\"https:\/\/quatroair.com\/en\/#\/schema\/logo\/image\/\",\"url\":\"https:\/\/quatroair.com\/wp-content\/uploads\/2024\/10\/logo.svg\",\"contentUrl\":\"https:\/\/quatroair.com\/wp-content\/uploads\/2024\/10\/logo.svg\",\"width\":708,\"height\":142,\"caption\":\"Quatro Air Techologies\"},\"image\":{\"@id\":\"https:\/\/quatroair.com\/en\/#\/schema\/logo\/image\/\"},\"sameAs\":[\"https:\/\/www.facebook.com\/QuatroAirTechnologies\",\"https:\/\/x.com\/QuatroAir\",\"https:\/\/www.youtube.com\/channel\/UCdTTBL7Pwwyr2JGybAn8Bxw\",\"https:\/\/www.linkedin.com\/company\/quatro-air-technologies\"]}]}<\/script>\n<!-- \/ Yoast SEO plugin. -->","yoast_head_json":{"title":"AF 2000 \u2013 Pour poussi\u00e8re et odeurs - Quatro Air Techologies","description":"Con\u00e7u pour traiter de fortes concentrations de produits chimiques, de gaz, d'odeurs,","robots":{"index":"index","follow":"follow"},"canonical":"https:\/\/quatroair.com\/products\/hepa-air-purifiers\/af-2000-for-dust-and-odor","og_locale":"fr_FR","og_type":"article","og_title":"AF 2000 \u2013 Pour poussi\u00e8re et odeurs - Quatro Air Techologies","og_description":"Con\u00e7u pour traiter de fortes concentrations de produits chimiques, de gaz, d'odeurs,","og_url":"https:\/\/quatroair.com\/products\/hepa-air-purifiers\/af-2000-for-dust-and-odor","og_site_name":"Quatro Air Techologies","article_publisher":"https:\/\/www.facebook.com\/QuatroAirTechnologies","article_modified_time":"2026-02-26T22:53:15+00:00","og_image":[{"width":480,"height":320,"url":"https:\/\/quatroair.com\/wp-content\/uploads\/2024\/10\/AF2000-480x320_A.webp","type":"image\/webp"}],"twitter_card":"summary_large_image","twitter_site":"@QuatroAir","twitter_misc":{"Dur\u00e9e de lecture estim\u00e9e":"1 minute"},"schema":{"@context":"https:\/\/schema.org","@graph":[{"@type":"WebPage","@id":"https:\/\/quatroair.com\/products\/hepa-air-purifiers\/af-2000-for-dust-and-odor","url":"https:\/\/quatroair.com\/products\/hepa-air-purifiers\/af-2000-for-dust-and-odor","name":"AF 2000 \u2013 Pour poussi\u00e8re et odeurs - Quatro Air Techologies","isPartOf":{"@id":"https:\/\/quatroair.com\/en\/#website"},"primaryImageOfPage":{"@id":"https:\/\/quatroair.com\/products\/hepa-air-purifiers\/af-2000-for-dust-and-odor#primaryimage"},"image":{"@id":"https:\/\/quatroair.com\/products\/hepa-air-purifiers\/af-2000-for-dust-and-odor#primaryimage"},"thumbnailUrl":"https:\/\/quatroair.com\/wp-content\/uploads\/2024\/10\/AF2000-480x320_A.webp","datePublished":"2024-10-25T12:35:51+00:00","dateModified":"2026-02-26T22:53:15+00:00","description":"Con\u00e7u pour traiter de fortes concentrations de produits chimiques, de gaz, d'odeurs,","breadcrumb":{"@id":"https:\/\/quatroair.com\/products\/hepa-air-purifiers\/af-2000-for-dust-and-odor#breadcrumb"},"inLanguage":"fr-FR","potentialAction":[{"@type":"ReadAction","target":["https:\/\/quatroair.com\/products\/hepa-air-purifiers\/af-2000-for-dust-and-odor"]}]},{"@type":"ImageObject","inLanguage":"fr-FR","@id":"https:\/\/quatroair.com\/products\/hepa-air-purifiers\/af-2000-for-dust-and-odor#primaryimage","url":"https:\/\/quatroair.com\/wp-content\/uploads\/2024\/10\/AF2000-480x320_A.webp","contentUrl":"https:\/\/quatroair.com\/wp-content\/uploads\/2024\/10\/AF2000-480x320_A.webp","width":480,"height":320},{"@type":"BreadcrumbList","@id":"https:\/\/quatroair.com\/products\/hepa-air-purifiers\/af-2000-for-dust-and-odor#breadcrumb","itemListElement":[{"@type":"ListItem","position":1,"name":"Home","item":"https:\/\/quatroair.com\/"},{"@type":"ListItem","position":2,"name":"Products","item":"https:\/\/quatroair.com\/shop__trashed\/"},{"@type":"ListItem","position":3,"name":"AF 2000 \u2013 Pour poussi\u00e8re et odeurs"}]},{"@type":"WebSite","@id":"https:\/\/quatroair.com\/en\/#website","url":"https:\/\/quatroair.com\/en\/","name":"Quatro Air Techologies","description":"Quatro Air provides effective clean air solutions designed to handle any air quality challenge in your home, office or business. Contact us today for details.","publisher":{"@id":"https:\/\/quatroair.com\/en\/#organization"},"potentialAction":[{"@type":"SearchAction","target":{"@type":"EntryPoint","urlTemplate":"https:\/\/quatroair.com\/en\/?s={search_term_string}"},"query-input":{"@type":"PropertyValueSpecification","valueRequired":true,"valueName":"search_term_string"}}],"inLanguage":"fr-FR"},{"@type":"Organization","@id":"https:\/\/quatroair.com\/en\/#organization","name":"Quatro Air Techologies","url":"https:\/\/quatroair.com\/en\/","logo":{"@type":"ImageObject","inLanguage":"fr-FR","@id":"https:\/\/quatroair.com\/en\/#\/schema\/logo\/image\/","url":"https:\/\/quatroair.com\/wp-content\/uploads\/2024\/10\/logo.svg","contentUrl":"https:\/\/quatroair.com\/wp-content\/uploads\/2024\/10\/logo.svg","width":708,"height":142,"caption":"Quatro Air Techologies"},"image":{"@id":"https:\/\/quatroair.com\/en\/#\/schema\/logo\/image\/"},"sameAs":["https:\/\/www.facebook.com\/QuatroAirTechnologies","https:\/\/x.com\/QuatroAir","https:\/\/www.youtube.com\/channel\/UCdTTBL7Pwwyr2JGybAn8Bxw","https:\/\/www.linkedin.com\/company\/quatro-air-technologies"]}]}},"_links":{"self":[{"href":"https:\/\/quatroair.com\/fr\/wp-json\/wp\/v2\/product\/5926","targetHints":{"allow":["GET"]}}],"collection":[{"href":"https:\/\/quatroair.com\/fr\/wp-json\/wp\/v2\/product"}],"about":[{"href":"https:\/\/quatroair.com\/fr\/wp-json\/wp\/v2\/types\/product"}],"replies":[{"embeddable":true,"href":"https:\/\/quatroair.com\/fr\/wp-json\/wp\/v2\/comments?post=5926"}],"version-history":[{"count":11,"href":"https:\/\/quatroair.com\/fr\/wp-json\/wp\/v2\/product\/5926\/revisions"}],"predecessor-version":[{"id":12583,"href":"https:\/\/quatroair.com\/fr\/wp-json\/wp\/v2\/product\/5926\/revisions\/12583"}],"wp:featuredmedia":[{"embeddable":true,"href":"https:\/\/quatroair.com\/fr\/wp-json\/wp\/v2\/media\/5002"}],"wp:attachment":[{"href":"https:\/\/quatroair.com\/fr\/wp-json\/wp\/v2\/media?parent=5926"}],"wp:term":[{"taxonomy":"product_cat","embeddable":true,"href":"https:\/\/quatroair.com\/fr\/wp-json\/wp\/v2\/product_cat?post=5926"},{"taxonomy":"product_tag","embeddable":true,"href":"https:\/\/quatroair.com\/fr\/wp-json\/wp\/v2\/product_tag?post=5926"}],"curies":[{"name":"wp","href":"https:\/\/api.w.org\/{rel}","templated":true}]}}