{"id":5921,"date":"2024-10-27T13:19:04","date_gmt":"2024-10-27T13:19:04","guid":{"rendered":"https:\/\/quatroair.com\/product\/powerstation-2\/"},"modified":"2025-10-22T21:04:49","modified_gmt":"2025-10-22T21:04:49","slug":"powerstation-2","status":"publish","type":"product","link":"https:\/\/quatroair.com\/fr\/products\/dust-collectors\/large-bag-units\/powerstation-dust-collectors","title":{"rendered":"PowerStation 2"},"content":{"rendered":"<p>Le d\u00e9poussi\u00e9reur PowerStation 2 est un d\u00e9poussi\u00e9reur compact et \u00e0 haut d\u00e9bit d&rsquo;air. Il inclut un syst\u00e8me de filtration \u00e0 plusieurs \u00e9tapes : filtre HEPA v\u00e9ritable efficace \u00e0 99,97 %, sac filtrant jetable et filtre anti-odeur. Admission d\u2019air interchangeable (dessus ou c\u00f4t\u00e9). Dot\u00e9 de notre panneau de commande num\u00e9rique iSeries\u202f: contr\u00f4le de vitesse variable, indicateurs d&rsquo;\u00e9tat visuels et alarmes sonores pour l&rsquo;\u00e9tat du filtre. Disponible avec un choix de moteurs (2) Infinity ou (1) sans brosse.<\/p>\n<h2 class=\"h2-products\">Avantages<\/h2>\n<ul>\n<li>Conception pr\u00eate \u00e0 l&#8217;emploi<\/li>\n<li>Petite empreinte<\/li>\n<li>Efficacit\u00e9 \u00e0 99,97 % \u00e0 0,3 \u00b5m.<\/li>\n<li>Certifi\u00e9 CE et CSA<\/li>\n<\/ul>\n<h2>Caract\u00e9ristiques<\/h2>\n<ul>\n<li>Fonctionnement silencieux (silencieux int\u00e9gr\u00e9)<\/li>\n<li>Panneau de commande num\u00e9rique (iSeries)<\/li>\n<li>Contr\u00f4le variable de la vitesse<\/li>\n<li>Indicateurs d&rsquo;\u00e9tat visuels et alarmes sonores pour l&rsquo;\u00e9tat du filtre<\/li>\n<li>Tuyau de 8 pieds inclus<\/li>\n<\/ul>\n<h2>Options<\/h2>\n<ul>\n<li>Moteur(s) (2) Infinity ou (1) sans brosse<\/li>\n<li>Filtre \u00e0 sac jaune ou blanc<\/li>\n<li>Admission d\u2019air interchangeable (dessus ou c\u00f4t\u00e9 1,5&Prime;, 2&Prime;, 3&Prime; ou 4&Prime;)<\/li>\n<li>Plusieurs configurations de s\u00e9quence de filtres<\/li>\n<li>Bras de captation \u00e0 la source<\/li>\n<\/ul>\n","protected":false},"excerpt":{"rendered":"<p>D\u00e9poussi\u00e9reur \u00e0 plusieurs \u00e9tapes de filtration<br \/>\nD\u00e9poussi\u00e9reur \u00e0 haut d\u00e9bit d&rsquo;air avec filtration en plusieurs \u00e9tapes, filtre HEPA, sac jetable et filtres anti-odeurs. Raccord interchangeable sur le dessus ou sur le c\u00f4t\u00e9.<\/p>\n","protected":false},"featured_media":4955,"comment_status":"open","ping_status":"closed","template":"","meta":{"_acf_changed":false},"product_cat":[88],"product_tag":[],"class_list":{"0":"post-5921","1":"product","2":"type-product","3":"status-publish","4":"has-post-thumbnail","6":"product_cat-nocategroy-fr","8":"first","9":"instock","10":"shipping-taxable","11":"product-type-simple"},"acf":[],"yoast_head":"<!-- This site is optimized with the Yoast SEO plugin v26.9 - https:\/\/yoast.com\/product\/yoast-seo-wordpress\/ -->\n<title>PowerStation 2 - Quatro Air Techologies<\/title>\n<meta name=\"description\" content=\"Le d\u00e9poussi\u00e9reur PowerStation 2 est un d\u00e9poussi\u00e9reur compact et \u00e0 haut d\u00e9bit d&#039;air.\" \/>\n<meta name=\"robots\" content=\"index, follow\" \/>\n<link rel=\"canonical\" href=\"https:\/\/quatroair.com\/fr\/depoussiereurs\/large-bag-units\/powerstation-2\" \/>\n<meta property=\"og:locale\" content=\"fr_FR\" \/>\n<meta property=\"og:type\" content=\"article\" \/>\n<meta property=\"og:title\" content=\"PowerStation 2 - Quatro Air Techologies\" \/>\n<meta property=\"og:description\" content=\"Le d\u00e9poussi\u00e9reur PowerStation 2 est un d\u00e9poussi\u00e9reur compact et \u00e0 haut d\u00e9bit d&#039;air.\" \/>\n<meta property=\"og:url\" content=\"https:\/\/quatroair.com\/fr\/depoussiereurs\/large-bag-units\/powerstation-2\" \/>\n<meta property=\"og:site_name\" content=\"Quatro Air Techologies\" \/>\n<meta property=\"article:publisher\" content=\"https:\/\/www.facebook.com\/QuatroAirTechnologies\" \/>\n<meta property=\"article:modified_time\" content=\"2025-10-22T21:04:49+00:00\" \/>\n<meta property=\"og:image\" content=\"https:\/\/quatroair.com\/wp-content\/uploads\/2024\/10\/PS2-480x320-1.webp\" \/>\n\t<meta property=\"og:image:width\" content=\"480\" \/>\n\t<meta property=\"og:image:height\" content=\"320\" \/>\n\t<meta property=\"og:image:type\" content=\"image\/webp\" \/>\n<meta name=\"twitter:card\" content=\"summary_large_image\" \/>\n<meta name=\"twitter:site\" content=\"@QuatroAir\" \/>\n<meta name=\"twitter:label1\" content=\"Dur\u00e9e de lecture estim\u00e9e\" \/>\n\t<meta name=\"twitter:data1\" content=\"1 minute\" \/>\n<script type=\"application\/ld+json\" class=\"yoast-schema-graph\">{\"@context\":\"https:\/\/schema.org\",\"@graph\":[{\"@type\":\"WebPage\",\"@id\":\"https:\/\/quatroair.com\/fr\/depoussiereurs\/large-bag-units\/powerstation-2\",\"url\":\"https:\/\/quatroair.com\/fr\/depoussiereurs\/large-bag-units\/powerstation-2\",\"name\":\"PowerStation 2 - Quatro Air Techologies\",\"isPartOf\":{\"@id\":\"https:\/\/quatroair.com\/en\/#website\"},\"primaryImageOfPage\":{\"@id\":\"https:\/\/quatroair.com\/fr\/depoussiereurs\/large-bag-units\/powerstation-2#primaryimage\"},\"image\":{\"@id\":\"https:\/\/quatroair.com\/fr\/depoussiereurs\/large-bag-units\/powerstation-2#primaryimage\"},\"thumbnailUrl\":\"https:\/\/quatroair.com\/wp-content\/uploads\/2024\/10\/PS2-480x320-1.webp\",\"datePublished\":\"2024-10-27T13:19:04+00:00\",\"dateModified\":\"2025-10-22T21:04:49+00:00\",\"description\":\"Le d\u00e9poussi\u00e9reur PowerStation 2 est un d\u00e9poussi\u00e9reur compact et \u00e0 haut d\u00e9bit d'air.\",\"breadcrumb\":{\"@id\":\"https:\/\/quatroair.com\/fr\/depoussiereurs\/large-bag-units\/powerstation-2#breadcrumb\"},\"inLanguage\":\"fr-FR\",\"potentialAction\":[{\"@type\":\"ReadAction\",\"target\":[\"https:\/\/quatroair.com\/fr\/depoussiereurs\/large-bag-units\/powerstation-2\"]}]},{\"@type\":\"ImageObject\",\"inLanguage\":\"fr-FR\",\"@id\":\"https:\/\/quatroair.com\/fr\/depoussiereurs\/large-bag-units\/powerstation-2#primaryimage\",\"url\":\"https:\/\/quatroair.com\/wp-content\/uploads\/2024\/10\/PS2-480x320-1.webp\",\"contentUrl\":\"https:\/\/quatroair.com\/wp-content\/uploads\/2024\/10\/PS2-480x320-1.webp\",\"width\":480,\"height\":320},{\"@type\":\"BreadcrumbList\",\"@id\":\"https:\/\/quatroair.com\/fr\/depoussiereurs\/large-bag-units\/powerstation-2#breadcrumb\",\"itemListElement\":[{\"@type\":\"ListItem\",\"position\":1,\"name\":\"Home\",\"item\":\"https:\/\/quatroair.com\/\"},{\"@type\":\"ListItem\",\"position\":2,\"name\":\"Products\",\"item\":\"https:\/\/quatroair.com\/shop__trashed\/\"},{\"@type\":\"ListItem\",\"position\":3,\"name\":\"PowerStation 2\"}]},{\"@type\":\"WebSite\",\"@id\":\"https:\/\/quatroair.com\/en\/#website\",\"url\":\"https:\/\/quatroair.com\/en\/\",\"name\":\"Quatro Air Techologies\",\"description\":\"Quatro Air provides effective clean air solutions designed to handle any air quality challenge in your home, office or business. Contact us today for details.\",\"publisher\":{\"@id\":\"https:\/\/quatroair.com\/en\/#organization\"},\"potentialAction\":[{\"@type\":\"SearchAction\",\"target\":{\"@type\":\"EntryPoint\",\"urlTemplate\":\"https:\/\/quatroair.com\/en\/?s={search_term_string}\"},\"query-input\":{\"@type\":\"PropertyValueSpecification\",\"valueRequired\":true,\"valueName\":\"search_term_string\"}}],\"inLanguage\":\"fr-FR\"},{\"@type\":\"Organization\",\"@id\":\"https:\/\/quatroair.com\/en\/#organization\",\"name\":\"Quatro Air Techologies\",\"url\":\"https:\/\/quatroair.com\/en\/\",\"logo\":{\"@type\":\"ImageObject\",\"inLanguage\":\"fr-FR\",\"@id\":\"https:\/\/quatroair.com\/en\/#\/schema\/logo\/image\/\",\"url\":\"https:\/\/quatroair.com\/wp-content\/uploads\/2024\/10\/logo.svg\",\"contentUrl\":\"https:\/\/quatroair.com\/wp-content\/uploads\/2024\/10\/logo.svg\",\"width\":708,\"height\":142,\"caption\":\"Quatro Air Techologies\"},\"image\":{\"@id\":\"https:\/\/quatroair.com\/en\/#\/schema\/logo\/image\/\"},\"sameAs\":[\"https:\/\/www.facebook.com\/QuatroAirTechnologies\",\"https:\/\/x.com\/QuatroAir\",\"https:\/\/www.youtube.com\/channel\/UCdTTBL7Pwwyr2JGybAn8Bxw\",\"https:\/\/www.linkedin.com\/company\/quatro-air-technologies\"]}]}<\/script>\n<!-- \/ Yoast SEO plugin. -->","yoast_head_json":{"title":"PowerStation 2 - Quatro Air Techologies","description":"Le d\u00e9poussi\u00e9reur PowerStation 2 est un d\u00e9poussi\u00e9reur compact et \u00e0 haut d\u00e9bit d'air.","robots":{"index":"index","follow":"follow"},"canonical":"https:\/\/quatroair.com\/fr\/depoussiereurs\/large-bag-units\/powerstation-2","og_locale":"fr_FR","og_type":"article","og_title":"PowerStation 2 - Quatro Air Techologies","og_description":"Le d\u00e9poussi\u00e9reur PowerStation 2 est un d\u00e9poussi\u00e9reur compact et \u00e0 haut d\u00e9bit d'air.","og_url":"https:\/\/quatroair.com\/fr\/depoussiereurs\/large-bag-units\/powerstation-2","og_site_name":"Quatro Air Techologies","article_publisher":"https:\/\/www.facebook.com\/QuatroAirTechnologies","article_modified_time":"2025-10-22T21:04:49+00:00","og_image":[{"width":480,"height":320,"url":"https:\/\/quatroair.com\/wp-content\/uploads\/2024\/10\/PS2-480x320-1.webp","type":"image\/webp"}],"twitter_card":"summary_large_image","twitter_site":"@QuatroAir","twitter_misc":{"Dur\u00e9e de lecture estim\u00e9e":"1 minute"},"schema":{"@context":"https:\/\/schema.org","@graph":[{"@type":"WebPage","@id":"https:\/\/quatroair.com\/fr\/depoussiereurs\/large-bag-units\/powerstation-2","url":"https:\/\/quatroair.com\/fr\/depoussiereurs\/large-bag-units\/powerstation-2","name":"PowerStation 2 - Quatro Air Techologies","isPartOf":{"@id":"https:\/\/quatroair.com\/en\/#website"},"primaryImageOfPage":{"@id":"https:\/\/quatroair.com\/fr\/depoussiereurs\/large-bag-units\/powerstation-2#primaryimage"},"image":{"@id":"https:\/\/quatroair.com\/fr\/depoussiereurs\/large-bag-units\/powerstation-2#primaryimage"},"thumbnailUrl":"https:\/\/quatroair.com\/wp-content\/uploads\/2024\/10\/PS2-480x320-1.webp","datePublished":"2024-10-27T13:19:04+00:00","dateModified":"2025-10-22T21:04:49+00:00","description":"Le d\u00e9poussi\u00e9reur PowerStation 2 est un d\u00e9poussi\u00e9reur compact et \u00e0 haut d\u00e9bit d'air.","breadcrumb":{"@id":"https:\/\/quatroair.com\/fr\/depoussiereurs\/large-bag-units\/powerstation-2#breadcrumb"},"inLanguage":"fr-FR","potentialAction":[{"@type":"ReadAction","target":["https:\/\/quatroair.com\/fr\/depoussiereurs\/large-bag-units\/powerstation-2"]}]},{"@type":"ImageObject","inLanguage":"fr-FR","@id":"https:\/\/quatroair.com\/fr\/depoussiereurs\/large-bag-units\/powerstation-2#primaryimage","url":"https:\/\/quatroair.com\/wp-content\/uploads\/2024\/10\/PS2-480x320-1.webp","contentUrl":"https:\/\/quatroair.com\/wp-content\/uploads\/2024\/10\/PS2-480x320-1.webp","width":480,"height":320},{"@type":"BreadcrumbList","@id":"https:\/\/quatroair.com\/fr\/depoussiereurs\/large-bag-units\/powerstation-2#breadcrumb","itemListElement":[{"@type":"ListItem","position":1,"name":"Home","item":"https:\/\/quatroair.com\/"},{"@type":"ListItem","position":2,"name":"Products","item":"https:\/\/quatroair.com\/shop__trashed\/"},{"@type":"ListItem","position":3,"name":"PowerStation 2"}]},{"@type":"WebSite","@id":"https:\/\/quatroair.com\/en\/#website","url":"https:\/\/quatroair.com\/en\/","name":"Quatro Air Techologies","description":"Quatro Air provides effective clean air solutions designed to handle any air quality challenge in your home, office or business. Contact us today for details.","publisher":{"@id":"https:\/\/quatroair.com\/en\/#organization"},"potentialAction":[{"@type":"SearchAction","target":{"@type":"EntryPoint","urlTemplate":"https:\/\/quatroair.com\/en\/?s={search_term_string}"},"query-input":{"@type":"PropertyValueSpecification","valueRequired":true,"valueName":"search_term_string"}}],"inLanguage":"fr-FR"},{"@type":"Organization","@id":"https:\/\/quatroair.com\/en\/#organization","name":"Quatro Air Techologies","url":"https:\/\/quatroair.com\/en\/","logo":{"@type":"ImageObject","inLanguage":"fr-FR","@id":"https:\/\/quatroair.com\/en\/#\/schema\/logo\/image\/","url":"https:\/\/quatroair.com\/wp-content\/uploads\/2024\/10\/logo.svg","contentUrl":"https:\/\/quatroair.com\/wp-content\/uploads\/2024\/10\/logo.svg","width":708,"height":142,"caption":"Quatro Air Techologies"},"image":{"@id":"https:\/\/quatroair.com\/en\/#\/schema\/logo\/image\/"},"sameAs":["https:\/\/www.facebook.com\/QuatroAirTechnologies","https:\/\/x.com\/QuatroAir","https:\/\/www.youtube.com\/channel\/UCdTTBL7Pwwyr2JGybAn8Bxw","https:\/\/www.linkedin.com\/company\/quatro-air-technologies"]}]}},"_links":{"self":[{"href":"https:\/\/quatroair.com\/fr\/wp-json\/wp\/v2\/product\/5921","targetHints":{"allow":["GET"]}}],"collection":[{"href":"https:\/\/quatroair.com\/fr\/wp-json\/wp\/v2\/product"}],"about":[{"href":"https:\/\/quatroair.com\/fr\/wp-json\/wp\/v2\/types\/product"}],"replies":[{"embeddable":true,"href":"https:\/\/quatroair.com\/fr\/wp-json\/wp\/v2\/comments?post=5921"}],"version-history":[{"count":3,"href":"https:\/\/quatroair.com\/fr\/wp-json\/wp\/v2\/product\/5921\/revisions"}],"predecessor-version":[{"id":10987,"href":"https:\/\/quatroair.com\/fr\/wp-json\/wp\/v2\/product\/5921\/revisions\/10987"}],"wp:featuredmedia":[{"embeddable":true,"href":"https:\/\/quatroair.com\/fr\/wp-json\/wp\/v2\/media\/4955"}],"wp:attachment":[{"href":"https:\/\/quatroair.com\/fr\/wp-json\/wp\/v2\/media?parent=5921"}],"wp:term":[{"taxonomy":"product_cat","embeddable":true,"href":"https:\/\/quatroair.com\/fr\/wp-json\/wp\/v2\/product_cat?post=5921"},{"taxonomy":"product_tag","embeddable":true,"href":"https:\/\/quatroair.com\/fr\/wp-json\/wp\/v2\/product_tag?post=5921"}],"curies":[{"name":"wp","href":"https:\/\/api.w.org\/{rel}","templated":true}]}}