{"id":5912,"date":"2024-10-29T13:08:42","date_gmt":"2024-10-29T13:08:42","guid":{"rendered":"https:\/\/quatroair.com\/product\/af-1000-if\/"},"modified":"2025-10-22T20:03:16","modified_gmt":"2025-10-22T20:03:16","slug":"af-1000-if","status":"publish","type":"product","link":"https:\/\/quatroair.com\/fr\/products\/hepa-air-purifiers\/af-1000-if","title":{"rendered":"AF 1000-IF"},"content":{"rendered":"<h2>Vue d&rsquo;ensemble<\/h2>\n<p>Le purificateur d&rsquo;air AF 1000-IF HEPA offre une filtration HEPA avanc\u00e9e pour les \u00e9tablissements de sant\u00e9, les chambres d&rsquo;isolement et les zones de contr\u00f4le des infections. Les environnements hospitaliers et de soins de sant\u00e9 n\u00e9cessitent des solutions de gestion de l&rsquo;air de haute qualit\u00e9 pour prot\u00e9ger les patients et le personnel contre les infections et les maladies professionnelles. Une solution compl\u00e8te de puri\ufb01cation de l&rsquo;air contre les contaminants gazeux, les odeurs et les micro-organismes en suspension dans l&rsquo;air (bact\u00e9ries, virus, spores fongiques).<\/p>\n<h2 class=\"h2-products\">Avantages<\/h2>\n<ul>\n<li>Simple d&rsquo;utilisation, conception \u00ab\u00a0plug and play\u00a0\u00bb (pr\u00eat \u00e0 l&#8217;emploi)<\/li>\n<li>Faible encombrement<\/li>\n<li>Filtration d&rsquo;isolement, pression n\u00e9gative<\/li>\n<li>Efficacit\u00e9 de 99,97 % \u00e0 0,3 \u00b5m.<\/li>\n<li>Certifi\u00e9 CE et CSA<\/li>\n<\/ul>\n<h2>Caract\u00e9ristiques<\/h2>\n<ul>\n<li>Jusqu&rsquo;\u00e0 six (6) \u00e9changes d&rsquo;air par heure<\/li>\n<li><span title=\"\" data-toggle=\"tooltip\" data-placement=\"bottom\" data-original-title=\"Based on standard 8 ft. ceiling height with two (2) air exchanges per hour. Four (4) air exchanges per hour will provide coverage for 1,125 ft\u00b2, and six (6) air exchanges per hour will provide coverage for 750 ft\u00b2\">Couverture jusqu&rsquo;\u00e0 2 250 pi\u00b2.<\/span><\/li>\n<li>Filtration HEPA \u00e0 plusieurs niveaux<\/li>\n<\/ul>\n<h2>Options<\/h2>\n<ul>\n<li>230\/240V, 50\/60Hz disponible sur demande<\/li>\n<\/ul>\n","protected":false},"excerpt":{"rendered":"<p>Purificateur d&rsquo;air HEPA<br \/>\nUnit\u00e9 a pression n\u00e9gative. Filtration avanc\u00e9e pour \u00e9liminer les bact\u00e9ries, les virus, les spores fongiques et les odeurs. 600 PCM nominal.<\/p>\n","protected":false},"featured_media":4976,"comment_status":"open","ping_status":"closed","template":"","meta":{"_acf_changed":false},"product_cat":[88],"product_tag":[],"class_list":{"0":"post-5912","1":"product","2":"type-product","3":"status-publish","4":"has-post-thumbnail","6":"product_cat-nocategroy-fr","8":"first","9":"instock","10":"shipping-taxable","11":"product-type-simple"},"acf":[],"yoast_head":"<!-- This site is optimized with the Yoast SEO plugin v26.9 - https:\/\/yoast.com\/product\/yoast-seo-wordpress\/ -->\n<title>AF 1000-IF - Quatro Air Techologies<\/title>\n<meta name=\"description\" content=\"Vue d&#039;ensemble Le purificateur d&#039;air AF 1000-IF HEPA offre une filtration HEPA\" \/>\n<meta name=\"robots\" content=\"index, follow\" \/>\n<link rel=\"canonical\" href=\"https:\/\/quatroair.com\/fr\/purificateurs-air-hepa\/af-1000-if\" \/>\n<meta property=\"og:locale\" content=\"fr_FR\" \/>\n<meta property=\"og:type\" content=\"article\" \/>\n<meta property=\"og:title\" content=\"AF 1000-IF - Quatro Air Techologies\" \/>\n<meta property=\"og:description\" content=\"Vue d&#039;ensemble Le purificateur d&#039;air AF 1000-IF HEPA offre une filtration HEPA\" \/>\n<meta property=\"og:url\" content=\"https:\/\/quatroair.com\/fr\/purificateurs-air-hepa\/af-1000-if\" \/>\n<meta property=\"og:site_name\" content=\"Quatro Air Techologies\" \/>\n<meta property=\"article:publisher\" content=\"https:\/\/www.facebook.com\/QuatroAirTechnologies\" \/>\n<meta property=\"article:modified_time\" content=\"2025-10-22T20:03:16+00:00\" \/>\n<meta property=\"og:image\" content=\"https:\/\/quatroair.com\/wp-content\/uploads\/2024\/10\/AF1000-IF-480x320_A-1.webp\" \/>\n\t<meta property=\"og:image:width\" content=\"480\" \/>\n\t<meta property=\"og:image:height\" content=\"320\" \/>\n\t<meta property=\"og:image:type\" content=\"image\/webp\" \/>\n<meta name=\"twitter:card\" content=\"summary_large_image\" \/>\n<meta name=\"twitter:site\" content=\"@QuatroAir\" \/>\n<meta name=\"twitter:label1\" content=\"Dur\u00e9e de lecture estim\u00e9e\" \/>\n\t<meta name=\"twitter:data1\" content=\"1 minute\" \/>\n<script type=\"application\/ld+json\" class=\"yoast-schema-graph\">{\"@context\":\"https:\/\/schema.org\",\"@graph\":[{\"@type\":\"WebPage\",\"@id\":\"https:\/\/quatroair.com\/fr\/purificateurs-air-hepa\/af-1000-if\",\"url\":\"https:\/\/quatroair.com\/fr\/purificateurs-air-hepa\/af-1000-if\",\"name\":\"AF 1000-IF - Quatro Air Techologies\",\"isPartOf\":{\"@id\":\"https:\/\/quatroair.com\/en\/#website\"},\"primaryImageOfPage\":{\"@id\":\"https:\/\/quatroair.com\/fr\/purificateurs-air-hepa\/af-1000-if#primaryimage\"},\"image\":{\"@id\":\"https:\/\/quatroair.com\/fr\/purificateurs-air-hepa\/af-1000-if#primaryimage\"},\"thumbnailUrl\":\"https:\/\/quatroair.com\/wp-content\/uploads\/2024\/10\/AF1000-IF-480x320_A-1.webp\",\"datePublished\":\"2024-10-29T13:08:42+00:00\",\"dateModified\":\"2025-10-22T20:03:16+00:00\",\"description\":\"Vue d'ensemble Le purificateur d'air AF 1000-IF HEPA offre une filtration HEPA\",\"breadcrumb\":{\"@id\":\"https:\/\/quatroair.com\/fr\/purificateurs-air-hepa\/af-1000-if#breadcrumb\"},\"inLanguage\":\"fr-FR\",\"potentialAction\":[{\"@type\":\"ReadAction\",\"target\":[\"https:\/\/quatroair.com\/fr\/purificateurs-air-hepa\/af-1000-if\"]}]},{\"@type\":\"ImageObject\",\"inLanguage\":\"fr-FR\",\"@id\":\"https:\/\/quatroair.com\/fr\/purificateurs-air-hepa\/af-1000-if#primaryimage\",\"url\":\"https:\/\/quatroair.com\/wp-content\/uploads\/2024\/10\/AF1000-IF-480x320_A-1.webp\",\"contentUrl\":\"https:\/\/quatroair.com\/wp-content\/uploads\/2024\/10\/AF1000-IF-480x320_A-1.webp\",\"width\":480,\"height\":320},{\"@type\":\"BreadcrumbList\",\"@id\":\"https:\/\/quatroair.com\/fr\/purificateurs-air-hepa\/af-1000-if#breadcrumb\",\"itemListElement\":[{\"@type\":\"ListItem\",\"position\":1,\"name\":\"Home\",\"item\":\"https:\/\/quatroair.com\/\"},{\"@type\":\"ListItem\",\"position\":2,\"name\":\"Products\",\"item\":\"https:\/\/quatroair.com\/shop__trashed\/\"},{\"@type\":\"ListItem\",\"position\":3,\"name\":\"AF 1000-IF\"}]},{\"@type\":\"WebSite\",\"@id\":\"https:\/\/quatroair.com\/en\/#website\",\"url\":\"https:\/\/quatroair.com\/en\/\",\"name\":\"Quatro Air Techologies\",\"description\":\"Quatro Air provides effective clean air solutions designed to handle any air quality challenge in your home, office or business. Contact us today for details.\",\"publisher\":{\"@id\":\"https:\/\/quatroair.com\/en\/#organization\"},\"potentialAction\":[{\"@type\":\"SearchAction\",\"target\":{\"@type\":\"EntryPoint\",\"urlTemplate\":\"https:\/\/quatroair.com\/en\/?s={search_term_string}\"},\"query-input\":{\"@type\":\"PropertyValueSpecification\",\"valueRequired\":true,\"valueName\":\"search_term_string\"}}],\"inLanguage\":\"fr-FR\"},{\"@type\":\"Organization\",\"@id\":\"https:\/\/quatroair.com\/en\/#organization\",\"name\":\"Quatro Air Techologies\",\"url\":\"https:\/\/quatroair.com\/en\/\",\"logo\":{\"@type\":\"ImageObject\",\"inLanguage\":\"fr-FR\",\"@id\":\"https:\/\/quatroair.com\/en\/#\/schema\/logo\/image\/\",\"url\":\"https:\/\/quatroair.com\/wp-content\/uploads\/2024\/10\/logo.svg\",\"contentUrl\":\"https:\/\/quatroair.com\/wp-content\/uploads\/2024\/10\/logo.svg\",\"width\":708,\"height\":142,\"caption\":\"Quatro Air Techologies\"},\"image\":{\"@id\":\"https:\/\/quatroair.com\/en\/#\/schema\/logo\/image\/\"},\"sameAs\":[\"https:\/\/www.facebook.com\/QuatroAirTechnologies\",\"https:\/\/x.com\/QuatroAir\",\"https:\/\/www.youtube.com\/channel\/UCdTTBL7Pwwyr2JGybAn8Bxw\",\"https:\/\/www.linkedin.com\/company\/quatro-air-technologies\"]}]}<\/script>\n<!-- \/ Yoast SEO plugin. -->","yoast_head_json":{"title":"AF 1000-IF - Quatro Air Techologies","description":"Vue d'ensemble Le purificateur d'air AF 1000-IF HEPA offre une filtration HEPA","robots":{"index":"index","follow":"follow"},"canonical":"https:\/\/quatroair.com\/fr\/purificateurs-air-hepa\/af-1000-if","og_locale":"fr_FR","og_type":"article","og_title":"AF 1000-IF - Quatro Air Techologies","og_description":"Vue d'ensemble Le purificateur d'air AF 1000-IF HEPA offre une filtration HEPA","og_url":"https:\/\/quatroair.com\/fr\/purificateurs-air-hepa\/af-1000-if","og_site_name":"Quatro Air Techologies","article_publisher":"https:\/\/www.facebook.com\/QuatroAirTechnologies","article_modified_time":"2025-10-22T20:03:16+00:00","og_image":[{"width":480,"height":320,"url":"https:\/\/quatroair.com\/wp-content\/uploads\/2024\/10\/AF1000-IF-480x320_A-1.webp","type":"image\/webp"}],"twitter_card":"summary_large_image","twitter_site":"@QuatroAir","twitter_misc":{"Dur\u00e9e de lecture estim\u00e9e":"1 minute"},"schema":{"@context":"https:\/\/schema.org","@graph":[{"@type":"WebPage","@id":"https:\/\/quatroair.com\/fr\/purificateurs-air-hepa\/af-1000-if","url":"https:\/\/quatroair.com\/fr\/purificateurs-air-hepa\/af-1000-if","name":"AF 1000-IF - Quatro Air Techologies","isPartOf":{"@id":"https:\/\/quatroair.com\/en\/#website"},"primaryImageOfPage":{"@id":"https:\/\/quatroair.com\/fr\/purificateurs-air-hepa\/af-1000-if#primaryimage"},"image":{"@id":"https:\/\/quatroair.com\/fr\/purificateurs-air-hepa\/af-1000-if#primaryimage"},"thumbnailUrl":"https:\/\/quatroair.com\/wp-content\/uploads\/2024\/10\/AF1000-IF-480x320_A-1.webp","datePublished":"2024-10-29T13:08:42+00:00","dateModified":"2025-10-22T20:03:16+00:00","description":"Vue d'ensemble Le purificateur d'air AF 1000-IF HEPA offre une filtration HEPA","breadcrumb":{"@id":"https:\/\/quatroair.com\/fr\/purificateurs-air-hepa\/af-1000-if#breadcrumb"},"inLanguage":"fr-FR","potentialAction":[{"@type":"ReadAction","target":["https:\/\/quatroair.com\/fr\/purificateurs-air-hepa\/af-1000-if"]}]},{"@type":"ImageObject","inLanguage":"fr-FR","@id":"https:\/\/quatroair.com\/fr\/purificateurs-air-hepa\/af-1000-if#primaryimage","url":"https:\/\/quatroair.com\/wp-content\/uploads\/2024\/10\/AF1000-IF-480x320_A-1.webp","contentUrl":"https:\/\/quatroair.com\/wp-content\/uploads\/2024\/10\/AF1000-IF-480x320_A-1.webp","width":480,"height":320},{"@type":"BreadcrumbList","@id":"https:\/\/quatroair.com\/fr\/purificateurs-air-hepa\/af-1000-if#breadcrumb","itemListElement":[{"@type":"ListItem","position":1,"name":"Home","item":"https:\/\/quatroair.com\/"},{"@type":"ListItem","position":2,"name":"Products","item":"https:\/\/quatroair.com\/shop__trashed\/"},{"@type":"ListItem","position":3,"name":"AF 1000-IF"}]},{"@type":"WebSite","@id":"https:\/\/quatroair.com\/en\/#website","url":"https:\/\/quatroair.com\/en\/","name":"Quatro Air Techologies","description":"Quatro Air provides effective clean air solutions designed to handle any air quality challenge in your home, office or business. Contact us today for details.","publisher":{"@id":"https:\/\/quatroair.com\/en\/#organization"},"potentialAction":[{"@type":"SearchAction","target":{"@type":"EntryPoint","urlTemplate":"https:\/\/quatroair.com\/en\/?s={search_term_string}"},"query-input":{"@type":"PropertyValueSpecification","valueRequired":true,"valueName":"search_term_string"}}],"inLanguage":"fr-FR"},{"@type":"Organization","@id":"https:\/\/quatroair.com\/en\/#organization","name":"Quatro Air Techologies","url":"https:\/\/quatroair.com\/en\/","logo":{"@type":"ImageObject","inLanguage":"fr-FR","@id":"https:\/\/quatroair.com\/en\/#\/schema\/logo\/image\/","url":"https:\/\/quatroair.com\/wp-content\/uploads\/2024\/10\/logo.svg","contentUrl":"https:\/\/quatroair.com\/wp-content\/uploads\/2024\/10\/logo.svg","width":708,"height":142,"caption":"Quatro Air Techologies"},"image":{"@id":"https:\/\/quatroair.com\/en\/#\/schema\/logo\/image\/"},"sameAs":["https:\/\/www.facebook.com\/QuatroAirTechnologies","https:\/\/x.com\/QuatroAir","https:\/\/www.youtube.com\/channel\/UCdTTBL7Pwwyr2JGybAn8Bxw","https:\/\/www.linkedin.com\/company\/quatro-air-technologies"]}]}},"_links":{"self":[{"href":"https:\/\/quatroair.com\/fr\/wp-json\/wp\/v2\/product\/5912","targetHints":{"allow":["GET"]}}],"collection":[{"href":"https:\/\/quatroair.com\/fr\/wp-json\/wp\/v2\/product"}],"about":[{"href":"https:\/\/quatroair.com\/fr\/wp-json\/wp\/v2\/types\/product"}],"replies":[{"embeddable":true,"href":"https:\/\/quatroair.com\/fr\/wp-json\/wp\/v2\/comments?post=5912"}],"version-history":[{"count":5,"href":"https:\/\/quatroair.com\/fr\/wp-json\/wp\/v2\/product\/5912\/revisions"}],"predecessor-version":[{"id":10974,"href":"https:\/\/quatroair.com\/fr\/wp-json\/wp\/v2\/product\/5912\/revisions\/10974"}],"wp:featuredmedia":[{"embeddable":true,"href":"https:\/\/quatroair.com\/fr\/wp-json\/wp\/v2\/media\/4976"}],"wp:attachment":[{"href":"https:\/\/quatroair.com\/fr\/wp-json\/wp\/v2\/media?parent=5912"}],"wp:term":[{"taxonomy":"product_cat","embeddable":true,"href":"https:\/\/quatroair.com\/fr\/wp-json\/wp\/v2\/product_cat?post=5912"},{"taxonomy":"product_tag","embeddable":true,"href":"https:\/\/quatroair.com\/fr\/wp-json\/wp\/v2\/product_tag?post=5912"}],"curies":[{"name":"wp","href":"https:\/\/api.w.org\/{rel}","templated":true}]}}