{"id":5910,"date":"2024-10-29T13:24:41","date_gmt":"2024-10-29T13:24:41","guid":{"rendered":"https:\/\/quatroair.com\/product\/af-2000-if\/"},"modified":"2025-11-15T12:51:00","modified_gmt":"2025-11-15T12:51:00","slug":"af-2000-if","status":"publish","type":"product","link":"https:\/\/quatroair.com\/fr\/products\/hepa-air-purifiers\/af-2000-if","title":{"rendered":"AF 2000-IF"},"content":{"rendered":"<p>Le purificateur d&rsquo;air HEPA AF 2000-IF est une unit\u00e9 avec conduit d\u2019\u00e9vacuation con\u00e7ue pour g\u00e9rer des concentrations<br \/>\n\u00e9lev\u00e9es de produits chimiques, de gaz, d&rsquo;odeurs, de particules et de contaminants biologiques. Elle offre une<br \/>\nqualit\u00e9 d&rsquo;air sup\u00e9rieure pour les espaces r\u00e9sidentiels et commerciaux, les immeubles de bureaux et tous les ateliers<br \/>\nou installations de production qui n\u00e9cessitent un air efficace filtration.<\/p>\n<p>Une solution compl\u00e8te de puri\ufb01cation de l&rsquo;air contre les contaminants gazeux, les odeurs et les micro-organismes en<br \/>\nsuspension dans l&rsquo;air (bact\u00e9ries, virus, spores fongiques).<\/p>\n<h2 class=\"h2-products\">Avantages<\/h2>\n<ul>\n<li>Facile \u00e0 utiliser, pr\u00eat \u00e0 fonctionner<\/li>\n<li>Encombrement ultra-r\u00e9duit<\/li>\n<li>Efficacit\u00e9 \u00e0 99,97 % \u00e0 0,3 \u00b5m.<\/li>\n<li>Certifi\u00e9 CE et CSA<\/li>\n<\/ul>\n<h2>Caract\u00e9ristiques<\/h2>\n<ul>\n<li>Jusqu&rsquo;\u00e0 six (6) renouvellements d&rsquo;air par heure<\/li>\n<li>Filtration HEPA en plusieurs \u00e9tapes<\/li>\n<li>Jusqu&rsquo;\u00e0 3 750 pi\u00b2 de couverture<\/li>\n<li>Panneau de commande intelligent avec contr\u00f4le num\u00e9rique de la vitesse et alarmes sonores\/visuelles<\/li>\n<li>Unit\u00e9 avec cpnduit d\u2019\u00e9vacuation con\u00e7ue pour \u00e9vacuer l&rsquo;air contamin\u00e9 \u00e0 l&rsquo;ext\u00e9rieur<\/li>\n<\/ul>\n<h2>Options<\/h2>\n<ul>\n<li>Raccordement 230\/240V, 50\/60Hz disponible sur demande<\/li>\n<\/ul>\n","protected":false},"excerpt":{"rendered":"<p>Unit\u00e9 a pression n\u00e9gative. Filtration avanc\u00e9e pour \u00e9liminer les bact\u00e9ries, les virus, les spores fongiques et les odeurs. 1000 PCM nominal.<\/p>\n","protected":false},"featured_media":4981,"comment_status":"open","ping_status":"closed","template":"","meta":{"_acf_changed":false},"product_cat":[88],"product_tag":[],"class_list":{"0":"post-5910","1":"product","2":"type-product","3":"status-publish","4":"has-post-thumbnail","6":"product_cat-nocategroy-fr","8":"first","9":"instock","10":"shipping-taxable","11":"product-type-simple"},"acf":[],"yoast_head":"<!-- This site is optimized with the Yoast SEO plugin v26.9 - https:\/\/yoast.com\/product\/yoast-seo-wordpress\/ -->\n<title>AF 2000-IF - Quatro Air Techologies<\/title>\n<meta name=\"description\" content=\"Le purificateur d&#039;air HEPA AF 2000-IF est une unit\u00e9 avec conduit d\u2019\u00e9vacuation con\u00e7ue\" \/>\n<meta name=\"robots\" content=\"index, follow\" \/>\n<link rel=\"canonical\" href=\"https:\/\/quatroair.com\/fr\/purificateurs-air-hepa\/af-2000-if\" \/>\n<meta property=\"og:locale\" content=\"fr_FR\" \/>\n<meta property=\"og:type\" content=\"article\" \/>\n<meta property=\"og:title\" content=\"AF 2000-IF - Quatro Air Techologies\" \/>\n<meta property=\"og:description\" content=\"Le purificateur d&#039;air HEPA AF 2000-IF est une unit\u00e9 avec conduit d\u2019\u00e9vacuation con\u00e7ue\" \/>\n<meta property=\"og:url\" content=\"https:\/\/quatroair.com\/fr\/purificateurs-air-hepa\/af-2000-if\" \/>\n<meta property=\"og:site_name\" content=\"Quatro Air Techologies\" \/>\n<meta property=\"article:publisher\" content=\"https:\/\/www.facebook.com\/QuatroAirTechnologies\" \/>\n<meta property=\"article:modified_time\" content=\"2025-11-15T12:51:00+00:00\" \/>\n<meta property=\"og:image\" content=\"https:\/\/quatroair.com\/wp-content\/uploads\/2024\/10\/AF2000IF-480x320_A.webp\" \/>\n\t<meta property=\"og:image:width\" content=\"480\" \/>\n\t<meta property=\"og:image:height\" content=\"320\" \/>\n\t<meta property=\"og:image:type\" content=\"image\/webp\" \/>\n<meta name=\"twitter:card\" content=\"summary_large_image\" \/>\n<meta name=\"twitter:site\" content=\"@QuatroAir\" \/>\n<meta name=\"twitter:label1\" content=\"Dur\u00e9e de lecture estim\u00e9e\" \/>\n\t<meta name=\"twitter:data1\" content=\"1 minute\" \/>\n<script type=\"application\/ld+json\" class=\"yoast-schema-graph\">{\"@context\":\"https:\/\/schema.org\",\"@graph\":[{\"@type\":\"WebPage\",\"@id\":\"https:\/\/quatroair.com\/fr\/purificateurs-air-hepa\/af-2000-if\",\"url\":\"https:\/\/quatroair.com\/fr\/purificateurs-air-hepa\/af-2000-if\",\"name\":\"AF 2000-IF - Quatro Air Techologies\",\"isPartOf\":{\"@id\":\"https:\/\/quatroair.com\/en\/#website\"},\"primaryImageOfPage\":{\"@id\":\"https:\/\/quatroair.com\/fr\/purificateurs-air-hepa\/af-2000-if#primaryimage\"},\"image\":{\"@id\":\"https:\/\/quatroair.com\/fr\/purificateurs-air-hepa\/af-2000-if#primaryimage\"},\"thumbnailUrl\":\"https:\/\/quatroair.com\/wp-content\/uploads\/2024\/10\/AF2000IF-480x320_A.webp\",\"datePublished\":\"2024-10-29T13:24:41+00:00\",\"dateModified\":\"2025-11-15T12:51:00+00:00\",\"description\":\"Le purificateur d'air HEPA AF 2000-IF est une unit\u00e9 avec conduit d\u2019\u00e9vacuation con\u00e7ue\",\"breadcrumb\":{\"@id\":\"https:\/\/quatroair.com\/fr\/purificateurs-air-hepa\/af-2000-if#breadcrumb\"},\"inLanguage\":\"fr-FR\",\"potentialAction\":[{\"@type\":\"ReadAction\",\"target\":[\"https:\/\/quatroair.com\/fr\/purificateurs-air-hepa\/af-2000-if\"]}]},{\"@type\":\"ImageObject\",\"inLanguage\":\"fr-FR\",\"@id\":\"https:\/\/quatroair.com\/fr\/purificateurs-air-hepa\/af-2000-if#primaryimage\",\"url\":\"https:\/\/quatroair.com\/wp-content\/uploads\/2024\/10\/AF2000IF-480x320_A.webp\",\"contentUrl\":\"https:\/\/quatroair.com\/wp-content\/uploads\/2024\/10\/AF2000IF-480x320_A.webp\",\"width\":480,\"height\":320},{\"@type\":\"BreadcrumbList\",\"@id\":\"https:\/\/quatroair.com\/fr\/purificateurs-air-hepa\/af-2000-if#breadcrumb\",\"itemListElement\":[{\"@type\":\"ListItem\",\"position\":1,\"name\":\"Home\",\"item\":\"https:\/\/quatroair.com\/\"},{\"@type\":\"ListItem\",\"position\":2,\"name\":\"Products\",\"item\":\"https:\/\/quatroair.com\/shop__trashed\/\"},{\"@type\":\"ListItem\",\"position\":3,\"name\":\"AF 2000-IF\"}]},{\"@type\":\"WebSite\",\"@id\":\"https:\/\/quatroair.com\/en\/#website\",\"url\":\"https:\/\/quatroair.com\/en\/\",\"name\":\"Quatro Air Techologies\",\"description\":\"Quatro Air provides effective clean air solutions designed to handle any air quality challenge in your home, office or business. Contact us today for details.\",\"publisher\":{\"@id\":\"https:\/\/quatroair.com\/en\/#organization\"},\"potentialAction\":[{\"@type\":\"SearchAction\",\"target\":{\"@type\":\"EntryPoint\",\"urlTemplate\":\"https:\/\/quatroair.com\/en\/?s={search_term_string}\"},\"query-input\":{\"@type\":\"PropertyValueSpecification\",\"valueRequired\":true,\"valueName\":\"search_term_string\"}}],\"inLanguage\":\"fr-FR\"},{\"@type\":\"Organization\",\"@id\":\"https:\/\/quatroair.com\/en\/#organization\",\"name\":\"Quatro Air Techologies\",\"url\":\"https:\/\/quatroair.com\/en\/\",\"logo\":{\"@type\":\"ImageObject\",\"inLanguage\":\"fr-FR\",\"@id\":\"https:\/\/quatroair.com\/en\/#\/schema\/logo\/image\/\",\"url\":\"https:\/\/quatroair.com\/wp-content\/uploads\/2024\/10\/logo.svg\",\"contentUrl\":\"https:\/\/quatroair.com\/wp-content\/uploads\/2024\/10\/logo.svg\",\"width\":708,\"height\":142,\"caption\":\"Quatro Air Techologies\"},\"image\":{\"@id\":\"https:\/\/quatroair.com\/en\/#\/schema\/logo\/image\/\"},\"sameAs\":[\"https:\/\/www.facebook.com\/QuatroAirTechnologies\",\"https:\/\/x.com\/QuatroAir\",\"https:\/\/www.youtube.com\/channel\/UCdTTBL7Pwwyr2JGybAn8Bxw\",\"https:\/\/www.linkedin.com\/company\/quatro-air-technologies\"]}]}<\/script>\n<!-- \/ Yoast SEO plugin. -->","yoast_head_json":{"title":"AF 2000-IF - Quatro Air Techologies","description":"Le purificateur d'air HEPA AF 2000-IF est une unit\u00e9 avec conduit d\u2019\u00e9vacuation con\u00e7ue","robots":{"index":"index","follow":"follow"},"canonical":"https:\/\/quatroair.com\/fr\/purificateurs-air-hepa\/af-2000-if","og_locale":"fr_FR","og_type":"article","og_title":"AF 2000-IF - Quatro Air Techologies","og_description":"Le purificateur d'air HEPA AF 2000-IF est une unit\u00e9 avec conduit d\u2019\u00e9vacuation con\u00e7ue","og_url":"https:\/\/quatroair.com\/fr\/purificateurs-air-hepa\/af-2000-if","og_site_name":"Quatro Air Techologies","article_publisher":"https:\/\/www.facebook.com\/QuatroAirTechnologies","article_modified_time":"2025-11-15T12:51:00+00:00","og_image":[{"width":480,"height":320,"url":"https:\/\/quatroair.com\/wp-content\/uploads\/2024\/10\/AF2000IF-480x320_A.webp","type":"image\/webp"}],"twitter_card":"summary_large_image","twitter_site":"@QuatroAir","twitter_misc":{"Dur\u00e9e de lecture estim\u00e9e":"1 minute"},"schema":{"@context":"https:\/\/schema.org","@graph":[{"@type":"WebPage","@id":"https:\/\/quatroair.com\/fr\/purificateurs-air-hepa\/af-2000-if","url":"https:\/\/quatroair.com\/fr\/purificateurs-air-hepa\/af-2000-if","name":"AF 2000-IF - Quatro Air Techologies","isPartOf":{"@id":"https:\/\/quatroair.com\/en\/#website"},"primaryImageOfPage":{"@id":"https:\/\/quatroair.com\/fr\/purificateurs-air-hepa\/af-2000-if#primaryimage"},"image":{"@id":"https:\/\/quatroair.com\/fr\/purificateurs-air-hepa\/af-2000-if#primaryimage"},"thumbnailUrl":"https:\/\/quatroair.com\/wp-content\/uploads\/2024\/10\/AF2000IF-480x320_A.webp","datePublished":"2024-10-29T13:24:41+00:00","dateModified":"2025-11-15T12:51:00+00:00","description":"Le purificateur d'air HEPA AF 2000-IF est une unit\u00e9 avec conduit d\u2019\u00e9vacuation con\u00e7ue","breadcrumb":{"@id":"https:\/\/quatroair.com\/fr\/purificateurs-air-hepa\/af-2000-if#breadcrumb"},"inLanguage":"fr-FR","potentialAction":[{"@type":"ReadAction","target":["https:\/\/quatroair.com\/fr\/purificateurs-air-hepa\/af-2000-if"]}]},{"@type":"ImageObject","inLanguage":"fr-FR","@id":"https:\/\/quatroair.com\/fr\/purificateurs-air-hepa\/af-2000-if#primaryimage","url":"https:\/\/quatroair.com\/wp-content\/uploads\/2024\/10\/AF2000IF-480x320_A.webp","contentUrl":"https:\/\/quatroair.com\/wp-content\/uploads\/2024\/10\/AF2000IF-480x320_A.webp","width":480,"height":320},{"@type":"BreadcrumbList","@id":"https:\/\/quatroair.com\/fr\/purificateurs-air-hepa\/af-2000-if#breadcrumb","itemListElement":[{"@type":"ListItem","position":1,"name":"Home","item":"https:\/\/quatroair.com\/"},{"@type":"ListItem","position":2,"name":"Products","item":"https:\/\/quatroair.com\/shop__trashed\/"},{"@type":"ListItem","position":3,"name":"AF 2000-IF"}]},{"@type":"WebSite","@id":"https:\/\/quatroair.com\/en\/#website","url":"https:\/\/quatroair.com\/en\/","name":"Quatro Air Techologies","description":"Quatro Air provides effective clean air solutions designed to handle any air quality challenge in your home, office or business. Contact us today for details.","publisher":{"@id":"https:\/\/quatroair.com\/en\/#organization"},"potentialAction":[{"@type":"SearchAction","target":{"@type":"EntryPoint","urlTemplate":"https:\/\/quatroair.com\/en\/?s={search_term_string}"},"query-input":{"@type":"PropertyValueSpecification","valueRequired":true,"valueName":"search_term_string"}}],"inLanguage":"fr-FR"},{"@type":"Organization","@id":"https:\/\/quatroair.com\/en\/#organization","name":"Quatro Air Techologies","url":"https:\/\/quatroair.com\/en\/","logo":{"@type":"ImageObject","inLanguage":"fr-FR","@id":"https:\/\/quatroair.com\/en\/#\/schema\/logo\/image\/","url":"https:\/\/quatroair.com\/wp-content\/uploads\/2024\/10\/logo.svg","contentUrl":"https:\/\/quatroair.com\/wp-content\/uploads\/2024\/10\/logo.svg","width":708,"height":142,"caption":"Quatro Air Techologies"},"image":{"@id":"https:\/\/quatroair.com\/en\/#\/schema\/logo\/image\/"},"sameAs":["https:\/\/www.facebook.com\/QuatroAirTechnologies","https:\/\/x.com\/QuatroAir","https:\/\/www.youtube.com\/channel\/UCdTTBL7Pwwyr2JGybAn8Bxw","https:\/\/www.linkedin.com\/company\/quatro-air-technologies"]}]}},"_links":{"self":[{"href":"https:\/\/quatroair.com\/fr\/wp-json\/wp\/v2\/product\/5910","targetHints":{"allow":["GET"]}}],"collection":[{"href":"https:\/\/quatroair.com\/fr\/wp-json\/wp\/v2\/product"}],"about":[{"href":"https:\/\/quatroair.com\/fr\/wp-json\/wp\/v2\/types\/product"}],"replies":[{"embeddable":true,"href":"https:\/\/quatroair.com\/fr\/wp-json\/wp\/v2\/comments?post=5910"}],"version-history":[{"count":6,"href":"https:\/\/quatroair.com\/fr\/wp-json\/wp\/v2\/product\/5910\/revisions"}],"predecessor-version":[{"id":11283,"href":"https:\/\/quatroair.com\/fr\/wp-json\/wp\/v2\/product\/5910\/revisions\/11283"}],"wp:featuredmedia":[{"embeddable":true,"href":"https:\/\/quatroair.com\/fr\/wp-json\/wp\/v2\/media\/4981"}],"wp:attachment":[{"href":"https:\/\/quatroair.com\/fr\/wp-json\/wp\/v2\/media?parent=5910"}],"wp:term":[{"taxonomy":"product_cat","embeddable":true,"href":"https:\/\/quatroair.com\/fr\/wp-json\/wp\/v2\/product_cat?post=5910"},{"taxonomy":"product_tag","embeddable":true,"href":"https:\/\/quatroair.com\/fr\/wp-json\/wp\/v2\/product_tag?post=5910"}],"curies":[{"name":"wp","href":"https:\/\/api.w.org\/{rel}","templated":true}]}}