{"id":5904,"date":"2024-10-29T15:04:54","date_gmt":"2024-10-29T15:04:54","guid":{"rendered":"https:\/\/quatroair.com\/product\/jetstream-tallboy\/"},"modified":"2025-11-16T16:35:05","modified_gmt":"2025-11-16T16:35:05","slug":"jetstream-tallboy","status":"publish","type":"product","link":"https:\/\/quatroair.com\/fr\/products\/dust-collectors\/compact-bag-units\/jetstream-tallboy","title":{"rendered":"JetStream TallBoy"},"content":{"rendered":"<p>Le JetStream Tallboy est un d\u00e9poussi\u00e9reur con\u00e7u pour une captation optimale de la poussi\u00e8re pour une multitude d&rsquo;applications. Il est dot\u00e9 d&rsquo;une conception compacte et peu encombrante, d&rsquo;un syst\u00e8me de filtration efficace comprenant des sacs filtrants antimicrobiens multicouches \u00e0 volume \u00e9lev\u00e9 et un filtre HEPA de qualit\u00e9 m\u00e9dicale. Id\u00e9al pour les poussi\u00e8res fines, le JetStream Tallboy est disponible avec un choix de moteur Infinity ou sans brosse.<\/p>\n<h2 class=\"h2-products\">Avantages<\/h2>\n<ul>\n<li>Conception compacte pr\u00eate \u00e0 l&#8217;emploi<\/li>\n<li>Capture tr\u00e8s efficace des poussi\u00e8res a la source<\/li>\n<li>Certifi\u00e9 CE et CSA<\/li>\n<\/ul>\n<h2>Caract\u00e9ristiques<\/h2>\n<ul>\n<li>Fonctionnement silencieux (att\u00e9nuateur int\u00e9gr\u00e9)<\/li>\n<li>Syst\u00e8me de filtration efficace comprenant des sacs filtrants \u00e0 grand volume et un filtre HEPA de qualit\u00e9 m\u00e9dicale<\/li>\n<li>Tuyau de 6 pi inclus (diam\u00e8tre 1,5 po)<\/li>\n<\/ul>\n<h2>Options<\/h2>\n<ul>\n<li>Panneau de commande analogique ou num\u00e9rique (iSeries)<\/li>\n<li>Choix de moteur type <span style=\"text-decoration: underline;\" data-toggle=\"tooltip\" data-placement=\"bottom\" data-original-title=\"Con\u00e7u pour une utilisation intermittente avec une dur\u00e9e de vie pr\u00e9vue de 1 500 \u00e0 2 000 heures\">Infinity<\/span> ou <span style=\"text-decoration: underline;\" data-toggle=\"tooltip\" data-placement=\"bottom\" data-original-title=\"Con\u00e7u pour une utilisation intensive\/continue avec une dur\u00e9e de vie pr\u00e9vue de 15 000 \u00e0 20 000 heures\">sans brosse<\/span><\/li>\n<\/ul>\n","protected":false},"excerpt":{"rendered":"<p class=\"card-text\">Id\u00e9al pour les poussi\u00e8res fines gr\u00e2ce \u00e0 son syst\u00e8me de filtration en 2 \u00e9tapes. Conception compacte et peu encombrante disponible avec un choix de moteur Infiny ou sans brosse.<\/p>\n","protected":false},"featured_media":4907,"comment_status":"open","ping_status":"closed","template":"","meta":{"_acf_changed":false},"product_cat":[88],"product_tag":[],"class_list":{"0":"post-5904","1":"product","2":"type-product","3":"status-publish","4":"has-post-thumbnail","6":"product_cat-nocategroy-fr","8":"first","9":"instock","10":"shipping-taxable","11":"product-type-simple"},"acf":[],"yoast_head":"<!-- This site is optimized with the Yoast SEO plugin v26.9 - https:\/\/yoast.com\/product\/yoast-seo-wordpress\/ -->\n<title>JetStream TallBoy - Quatro Air Techologies<\/title>\n<meta name=\"description\" content=\"Le JetStream Tallboy est un d\u00e9poussi\u00e9reur con\u00e7u pour une captation optimale de la\" \/>\n<meta name=\"robots\" content=\"index, follow\" \/>\n<link rel=\"canonical\" href=\"https:\/\/quatroair.com\/fr\/depoussiereurs\/compact-bag-units\/jetstream-tallboy\" \/>\n<meta property=\"og:locale\" content=\"fr_FR\" \/>\n<meta property=\"og:type\" content=\"article\" \/>\n<meta property=\"og:title\" content=\"JetStream TallBoy - Quatro Air Techologies\" \/>\n<meta property=\"og:description\" content=\"Le JetStream Tallboy est un d\u00e9poussi\u00e9reur con\u00e7u pour une captation optimale de la\" \/>\n<meta property=\"og:url\" content=\"https:\/\/quatroair.com\/fr\/depoussiereurs\/compact-bag-units\/jetstream-tallboy\" \/>\n<meta property=\"og:site_name\" content=\"Quatro Air Techologies\" \/>\n<meta property=\"article:publisher\" content=\"https:\/\/www.facebook.com\/QuatroAirTechnologies\" \/>\n<meta property=\"article:modified_time\" content=\"2025-11-16T16:35:05+00:00\" \/>\n<meta property=\"og:image\" content=\"https:\/\/quatroair.com\/wp-content\/uploads\/2024\/10\/JetStream-Tall-480x320-1.webp\" \/>\n\t<meta property=\"og:image:width\" content=\"480\" \/>\n\t<meta property=\"og:image:height\" content=\"320\" \/>\n\t<meta property=\"og:image:type\" content=\"image\/webp\" \/>\n<meta name=\"twitter:card\" content=\"summary_large_image\" \/>\n<meta name=\"twitter:site\" content=\"@QuatroAir\" \/>\n<meta name=\"twitter:label1\" content=\"Dur\u00e9e de lecture estim\u00e9e\" \/>\n\t<meta name=\"twitter:data1\" content=\"1 minute\" \/>\n<script type=\"application\/ld+json\" class=\"yoast-schema-graph\">{\"@context\":\"https:\/\/schema.org\",\"@graph\":[{\"@type\":\"WebPage\",\"@id\":\"https:\/\/quatroair.com\/fr\/depoussiereurs\/compact-bag-units\/jetstream-tallboy\",\"url\":\"https:\/\/quatroair.com\/fr\/depoussiereurs\/compact-bag-units\/jetstream-tallboy\",\"name\":\"JetStream TallBoy - Quatro Air Techologies\",\"isPartOf\":{\"@id\":\"https:\/\/quatroair.com\/en\/#website\"},\"primaryImageOfPage\":{\"@id\":\"https:\/\/quatroair.com\/fr\/depoussiereurs\/compact-bag-units\/jetstream-tallboy#primaryimage\"},\"image\":{\"@id\":\"https:\/\/quatroair.com\/fr\/depoussiereurs\/compact-bag-units\/jetstream-tallboy#primaryimage\"},\"thumbnailUrl\":\"https:\/\/quatroair.com\/wp-content\/uploads\/2024\/10\/JetStream-Tall-480x320-1.webp\",\"datePublished\":\"2024-10-29T15:04:54+00:00\",\"dateModified\":\"2025-11-16T16:35:05+00:00\",\"description\":\"Le JetStream Tallboy est un d\u00e9poussi\u00e9reur con\u00e7u pour une captation optimale de la\",\"breadcrumb\":{\"@id\":\"https:\/\/quatroair.com\/fr\/depoussiereurs\/compact-bag-units\/jetstream-tallboy#breadcrumb\"},\"inLanguage\":\"fr-FR\",\"potentialAction\":[{\"@type\":\"ReadAction\",\"target\":[\"https:\/\/quatroair.com\/fr\/depoussiereurs\/compact-bag-units\/jetstream-tallboy\"]}]},{\"@type\":\"ImageObject\",\"inLanguage\":\"fr-FR\",\"@id\":\"https:\/\/quatroair.com\/fr\/depoussiereurs\/compact-bag-units\/jetstream-tallboy#primaryimage\",\"url\":\"https:\/\/quatroair.com\/wp-content\/uploads\/2024\/10\/JetStream-Tall-480x320-1.webp\",\"contentUrl\":\"https:\/\/quatroair.com\/wp-content\/uploads\/2024\/10\/JetStream-Tall-480x320-1.webp\",\"width\":480,\"height\":320},{\"@type\":\"BreadcrumbList\",\"@id\":\"https:\/\/quatroair.com\/fr\/depoussiereurs\/compact-bag-units\/jetstream-tallboy#breadcrumb\",\"itemListElement\":[{\"@type\":\"ListItem\",\"position\":1,\"name\":\"Home\",\"item\":\"https:\/\/quatroair.com\/\"},{\"@type\":\"ListItem\",\"position\":2,\"name\":\"Products\",\"item\":\"https:\/\/quatroair.com\/shop__trashed\/\"},{\"@type\":\"ListItem\",\"position\":3,\"name\":\"JetStream TallBoy\"}]},{\"@type\":\"WebSite\",\"@id\":\"https:\/\/quatroair.com\/en\/#website\",\"url\":\"https:\/\/quatroair.com\/en\/\",\"name\":\"Quatro Air Techologies\",\"description\":\"Quatro Air provides effective clean air solutions designed to handle any air quality challenge in your home, office or business. Contact us today for details.\",\"publisher\":{\"@id\":\"https:\/\/quatroair.com\/en\/#organization\"},\"potentialAction\":[{\"@type\":\"SearchAction\",\"target\":{\"@type\":\"EntryPoint\",\"urlTemplate\":\"https:\/\/quatroair.com\/en\/?s={search_term_string}\"},\"query-input\":{\"@type\":\"PropertyValueSpecification\",\"valueRequired\":true,\"valueName\":\"search_term_string\"}}],\"inLanguage\":\"fr-FR\"},{\"@type\":\"Organization\",\"@id\":\"https:\/\/quatroair.com\/en\/#organization\",\"name\":\"Quatro Air Techologies\",\"url\":\"https:\/\/quatroair.com\/en\/\",\"logo\":{\"@type\":\"ImageObject\",\"inLanguage\":\"fr-FR\",\"@id\":\"https:\/\/quatroair.com\/en\/#\/schema\/logo\/image\/\",\"url\":\"https:\/\/quatroair.com\/wp-content\/uploads\/2024\/10\/logo.svg\",\"contentUrl\":\"https:\/\/quatroair.com\/wp-content\/uploads\/2024\/10\/logo.svg\",\"width\":708,\"height\":142,\"caption\":\"Quatro Air Techologies\"},\"image\":{\"@id\":\"https:\/\/quatroair.com\/en\/#\/schema\/logo\/image\/\"},\"sameAs\":[\"https:\/\/www.facebook.com\/QuatroAirTechnologies\",\"https:\/\/x.com\/QuatroAir\",\"https:\/\/www.youtube.com\/channel\/UCdTTBL7Pwwyr2JGybAn8Bxw\",\"https:\/\/www.linkedin.com\/company\/quatro-air-technologies\"]}]}<\/script>\n<!-- \/ Yoast SEO plugin. -->","yoast_head_json":{"title":"JetStream TallBoy - Quatro Air Techologies","description":"Le JetStream Tallboy est un d\u00e9poussi\u00e9reur con\u00e7u pour une captation optimale de la","robots":{"index":"index","follow":"follow"},"canonical":"https:\/\/quatroair.com\/fr\/depoussiereurs\/compact-bag-units\/jetstream-tallboy","og_locale":"fr_FR","og_type":"article","og_title":"JetStream TallBoy - Quatro Air Techologies","og_description":"Le JetStream Tallboy est un d\u00e9poussi\u00e9reur con\u00e7u pour une captation optimale de la","og_url":"https:\/\/quatroair.com\/fr\/depoussiereurs\/compact-bag-units\/jetstream-tallboy","og_site_name":"Quatro Air Techologies","article_publisher":"https:\/\/www.facebook.com\/QuatroAirTechnologies","article_modified_time":"2025-11-16T16:35:05+00:00","og_image":[{"width":480,"height":320,"url":"https:\/\/quatroair.com\/wp-content\/uploads\/2024\/10\/JetStream-Tall-480x320-1.webp","type":"image\/webp"}],"twitter_card":"summary_large_image","twitter_site":"@QuatroAir","twitter_misc":{"Dur\u00e9e de lecture estim\u00e9e":"1 minute"},"schema":{"@context":"https:\/\/schema.org","@graph":[{"@type":"WebPage","@id":"https:\/\/quatroair.com\/fr\/depoussiereurs\/compact-bag-units\/jetstream-tallboy","url":"https:\/\/quatroair.com\/fr\/depoussiereurs\/compact-bag-units\/jetstream-tallboy","name":"JetStream TallBoy - Quatro Air Techologies","isPartOf":{"@id":"https:\/\/quatroair.com\/en\/#website"},"primaryImageOfPage":{"@id":"https:\/\/quatroair.com\/fr\/depoussiereurs\/compact-bag-units\/jetstream-tallboy#primaryimage"},"image":{"@id":"https:\/\/quatroair.com\/fr\/depoussiereurs\/compact-bag-units\/jetstream-tallboy#primaryimage"},"thumbnailUrl":"https:\/\/quatroair.com\/wp-content\/uploads\/2024\/10\/JetStream-Tall-480x320-1.webp","datePublished":"2024-10-29T15:04:54+00:00","dateModified":"2025-11-16T16:35:05+00:00","description":"Le JetStream Tallboy est un d\u00e9poussi\u00e9reur con\u00e7u pour une captation optimale de la","breadcrumb":{"@id":"https:\/\/quatroair.com\/fr\/depoussiereurs\/compact-bag-units\/jetstream-tallboy#breadcrumb"},"inLanguage":"fr-FR","potentialAction":[{"@type":"ReadAction","target":["https:\/\/quatroair.com\/fr\/depoussiereurs\/compact-bag-units\/jetstream-tallboy"]}]},{"@type":"ImageObject","inLanguage":"fr-FR","@id":"https:\/\/quatroair.com\/fr\/depoussiereurs\/compact-bag-units\/jetstream-tallboy#primaryimage","url":"https:\/\/quatroair.com\/wp-content\/uploads\/2024\/10\/JetStream-Tall-480x320-1.webp","contentUrl":"https:\/\/quatroair.com\/wp-content\/uploads\/2024\/10\/JetStream-Tall-480x320-1.webp","width":480,"height":320},{"@type":"BreadcrumbList","@id":"https:\/\/quatroair.com\/fr\/depoussiereurs\/compact-bag-units\/jetstream-tallboy#breadcrumb","itemListElement":[{"@type":"ListItem","position":1,"name":"Home","item":"https:\/\/quatroair.com\/"},{"@type":"ListItem","position":2,"name":"Products","item":"https:\/\/quatroair.com\/shop__trashed\/"},{"@type":"ListItem","position":3,"name":"JetStream TallBoy"}]},{"@type":"WebSite","@id":"https:\/\/quatroair.com\/en\/#website","url":"https:\/\/quatroair.com\/en\/","name":"Quatro Air Techologies","description":"Quatro Air provides effective clean air solutions designed to handle any air quality challenge in your home, office or business. Contact us today for details.","publisher":{"@id":"https:\/\/quatroair.com\/en\/#organization"},"potentialAction":[{"@type":"SearchAction","target":{"@type":"EntryPoint","urlTemplate":"https:\/\/quatroair.com\/en\/?s={search_term_string}"},"query-input":{"@type":"PropertyValueSpecification","valueRequired":true,"valueName":"search_term_string"}}],"inLanguage":"fr-FR"},{"@type":"Organization","@id":"https:\/\/quatroair.com\/en\/#organization","name":"Quatro Air Techologies","url":"https:\/\/quatroair.com\/en\/","logo":{"@type":"ImageObject","inLanguage":"fr-FR","@id":"https:\/\/quatroair.com\/en\/#\/schema\/logo\/image\/","url":"https:\/\/quatroair.com\/wp-content\/uploads\/2024\/10\/logo.svg","contentUrl":"https:\/\/quatroair.com\/wp-content\/uploads\/2024\/10\/logo.svg","width":708,"height":142,"caption":"Quatro Air Techologies"},"image":{"@id":"https:\/\/quatroair.com\/en\/#\/schema\/logo\/image\/"},"sameAs":["https:\/\/www.facebook.com\/QuatroAirTechnologies","https:\/\/x.com\/QuatroAir","https:\/\/www.youtube.com\/channel\/UCdTTBL7Pwwyr2JGybAn8Bxw","https:\/\/www.linkedin.com\/company\/quatro-air-technologies"]}]}},"_links":{"self":[{"href":"https:\/\/quatroair.com\/fr\/wp-json\/wp\/v2\/product\/5904","targetHints":{"allow":["GET"]}}],"collection":[{"href":"https:\/\/quatroair.com\/fr\/wp-json\/wp\/v2\/product"}],"about":[{"href":"https:\/\/quatroair.com\/fr\/wp-json\/wp\/v2\/types\/product"}],"replies":[{"embeddable":true,"href":"https:\/\/quatroair.com\/fr\/wp-json\/wp\/v2\/comments?post=5904"}],"version-history":[{"count":5,"href":"https:\/\/quatroair.com\/fr\/wp-json\/wp\/v2\/product\/5904\/revisions"}],"predecessor-version":[{"id":11348,"href":"https:\/\/quatroair.com\/fr\/wp-json\/wp\/v2\/product\/5904\/revisions\/11348"}],"wp:featuredmedia":[{"embeddable":true,"href":"https:\/\/quatroair.com\/fr\/wp-json\/wp\/v2\/media\/4907"}],"wp:attachment":[{"href":"https:\/\/quatroair.com\/fr\/wp-json\/wp\/v2\/media?parent=5904"}],"wp:term":[{"taxonomy":"product_cat","embeddable":true,"href":"https:\/\/quatroair.com\/fr\/wp-json\/wp\/v2\/product_cat?post=5904"},{"taxonomy":"product_tag","embeddable":true,"href":"https:\/\/quatroair.com\/fr\/wp-json\/wp\/v2\/product_tag?post=5904"}],"curies":[{"name":"wp","href":"https:\/\/api.w.org\/{rel}","templated":true}]}}