{"id":5900,"date":"2024-10-30T14:06:22","date_gmt":"2024-10-30T14:06:22","guid":{"rendered":"https:\/\/quatroair.com\/product\/medevac-multipure-infinity\/"},"modified":"2026-01-18T11:48:12","modified_gmt":"2026-01-18T11:48:12","slug":"medevac-multipure-infinity","status":"publish","type":"product","link":"https:\/\/quatroair.com\/fr\/industries\/dental\/bench\/bench-filter-bag\/medevac-multipure-infinity","title":{"rendered":"MedEVAC MultiPure INFINITY"},"content":{"rendered":"<h3>Pr\u00e9sentation<\/h3>\n<ul>\n<li>Pr\u00eat pour ASV\u00a0: \u00e0 utiliser avec les accessoires ASV<\/li>\n<li>Acc\u00e8s facile aux moteurs et aux filtres<\/li>\n<li>Profil bas se place sous le comptoir<\/li>\n<li>Id\u00e9al pour la collecte et le confinement du sable, du quartz, de la zircone, de la c\u00e9ramique, des alliages, des perles de verre, des r\u00e9sines, des acryliques, du gypse, de la pierre moul\u00e9e et de la d\u00e9coupe de mod\u00e8les secs<\/li>\n<\/ul>\n<h3>Avantages<\/h3>\n<ul>\n<li>Moteurs INFINITY hybrides doubles pour une puissance suppl\u00e9mentaire et une dur\u00e9e de vie prolong\u00e9e du moteur<\/li>\n<li>2 sacs filtrants haute capacit\u00e9, SEALABLES et facilement jetables<\/li>\n<li>Les commandes intelligentes fournissent des alertes de surveillance et de maintenance constantes, un indicateur de pression \u00ab\u00a0Sac plein\u00a0\u00bb<\/li>\n<li>Les vannes de d\u00e9marrage automatique aident \u00e0 contr\u00f4ler le d\u00e9bit d&rsquo;air ET \u00e0 d\u00e9marrer\/arr\u00eater l&rsquo;unit\u00e9 \u00e0 distance \u00e0 chaque poste de travail<\/li>\n<\/ul>\n<h3>Caract\u00e9ristiques<\/h3>\n<ul>\n<li>Filtre HEPA, efficacit\u00e9 de 99,97 % sur les particules submicroniques comme la fine poussi\u00e8re de zircone<\/li>\n<li>Conception \u00e0 vitesse variable<\/li>\n<li>Indicateur de pression de sac plein<\/li>\n<li>Comprend\u00a0: interrupteur manuel \u00e0 2 stations pour d\u00e9marrage\/arr\u00eat \u00e0 distance de 6 pieds (#AA432), 4 entr\u00e9es s\u00e9par\u00e9es, tuyau d&rsquo;aspiration de 18 pieds de 1,5 pouces de diam\u00e8tre, c\u00e2ble de connecteur ASV (#AE750)<\/li>\n<\/ul>\n<h3>Options<\/h3>\n<ul>\n<li>Filtre anti-odeurs en acrylique (#AG372-GPC)<\/li>\n<li>P\u00e9dale pour d\u00e9marrage-arr\u00eat manuel de 6 pieds (#AA175)<\/li>\n<li>Roulettes pour mobilit\u00e9 (#AA037)<\/li>\n<\/ul>\n","protected":false},"excerpt":{"rendered":"<p>Le MedEVAC MiltiPure INFINITY est un d\u00e9poussi\u00e9reur multistation avec sac antiallergique et filtre monom\u00e8re en option. \u00c9quip\u00e9 de 2 puissants moteurs hybrides INFINITY pour les applications d&rsquo;\u00e9tabli \u00e0 usage moyen comprenant un filtre HEPA<\/p>\n","protected":false},"featured_media":4664,"comment_status":"open","ping_status":"closed","template":"","meta":{"_acf_changed":false},"product_cat":[88],"product_tag":[],"class_list":{"0":"post-5900","1":"product","2":"type-product","3":"status-publish","4":"has-post-thumbnail","6":"product_cat-nocategroy-fr","8":"first","9":"instock","10":"shipping-taxable","11":"product-type-simple"},"acf":[],"yoast_head":"<!-- This site is optimized with the Yoast SEO plugin v26.9 - https:\/\/yoast.com\/product\/yoast-seo-wordpress\/ -->\n<title>MedEVAC MultiPure INFINITY - Quatro Air Techologies<\/title>\n<meta name=\"description\" content=\"Intelligent avec filtre HEPA, jusqu&#039;\u00e0 4 stations d\u2019aspiration, filtre \u00e9liminateur\" \/>\n<meta name=\"robots\" content=\"index, follow\" \/>\n<link rel=\"canonical\" href=\"https:\/\/quatroair.com\/industries\/dental\/bench\/bench-filter-bag\/medevac-multipure-infinity\" \/>\n<meta property=\"og:locale\" content=\"fr_FR\" \/>\n<meta property=\"og:type\" content=\"article\" \/>\n<meta property=\"og:title\" content=\"MedEVAC MultiPure INFINITY - Quatro Air Techologies\" \/>\n<meta property=\"og:description\" content=\"Intelligent avec filtre HEPA, jusqu&#039;\u00e0 4 stations d\u2019aspiration, filtre \u00e9liminateur\" \/>\n<meta property=\"og:url\" content=\"https:\/\/quatroair.com\/industries\/dental\/bench\/bench-filter-bag\/medevac-multipure-infinity\" \/>\n<meta property=\"og:site_name\" content=\"Quatro Air Techologies\" \/>\n<meta property=\"article:publisher\" content=\"https:\/\/www.facebook.com\/QuatroAirTechnologies\" \/>\n<meta property=\"article:modified_time\" content=\"2026-01-18T11:48:12+00:00\" \/>\n<meta property=\"og:image\" content=\"https:\/\/quatroair.com\/wp-content\/uploads\/2024\/10\/multipure-infinity.webp\" \/>\n\t<meta property=\"og:image:width\" content=\"480\" \/>\n\t<meta property=\"og:image:height\" content=\"320\" \/>\n\t<meta property=\"og:image:type\" content=\"image\/webp\" \/>\n<meta name=\"twitter:card\" content=\"summary_large_image\" \/>\n<meta name=\"twitter:site\" content=\"@QuatroAir\" \/>\n<meta name=\"twitter:label1\" content=\"Dur\u00e9e de lecture estim\u00e9e\" \/>\n\t<meta name=\"twitter:data1\" content=\"2 minutes\" \/>\n<script type=\"application\/ld+json\" class=\"yoast-schema-graph\">{\"@context\":\"https:\/\/schema.org\",\"@graph\":[{\"@type\":\"WebPage\",\"@id\":\"https:\/\/quatroair.com\/industries\/dental\/bench\/bench-filter-bag\/medevac-multipure-infinity\",\"url\":\"https:\/\/quatroair.com\/industries\/dental\/bench\/bench-filter-bag\/medevac-multipure-infinity\",\"name\":\"MedEVAC MultiPure INFINITY - Quatro Air Techologies\",\"isPartOf\":{\"@id\":\"https:\/\/quatroair.com\/en\/#website\"},\"primaryImageOfPage\":{\"@id\":\"https:\/\/quatroair.com\/industries\/dental\/bench\/bench-filter-bag\/medevac-multipure-infinity#primaryimage\"},\"image\":{\"@id\":\"https:\/\/quatroair.com\/industries\/dental\/bench\/bench-filter-bag\/medevac-multipure-infinity#primaryimage\"},\"thumbnailUrl\":\"https:\/\/quatroair.com\/wp-content\/uploads\/2024\/10\/multipure-infinity.webp\",\"datePublished\":\"2024-10-30T14:06:22+00:00\",\"dateModified\":\"2026-01-18T11:48:12+00:00\",\"description\":\"Intelligent avec filtre HEPA, jusqu'\u00e0 4 stations d\u2019aspiration, filtre \u00e9liminateur\",\"breadcrumb\":{\"@id\":\"https:\/\/quatroair.com\/industries\/dental\/bench\/bench-filter-bag\/medevac-multipure-infinity#breadcrumb\"},\"inLanguage\":\"fr-FR\",\"potentialAction\":[{\"@type\":\"ReadAction\",\"target\":[\"https:\/\/quatroair.com\/industries\/dental\/bench\/bench-filter-bag\/medevac-multipure-infinity\"]}]},{\"@type\":\"ImageObject\",\"inLanguage\":\"fr-FR\",\"@id\":\"https:\/\/quatroair.com\/industries\/dental\/bench\/bench-filter-bag\/medevac-multipure-infinity#primaryimage\",\"url\":\"https:\/\/quatroair.com\/wp-content\/uploads\/2024\/10\/multipure-infinity.webp\",\"contentUrl\":\"https:\/\/quatroair.com\/wp-content\/uploads\/2024\/10\/multipure-infinity.webp\",\"width\":480,\"height\":320},{\"@type\":\"BreadcrumbList\",\"@id\":\"https:\/\/quatroair.com\/industries\/dental\/bench\/bench-filter-bag\/medevac-multipure-infinity#breadcrumb\",\"itemListElement\":[{\"@type\":\"ListItem\",\"position\":1,\"name\":\"Home\",\"item\":\"https:\/\/quatroair.com\/\"},{\"@type\":\"ListItem\",\"position\":2,\"name\":\"Products\",\"item\":\"https:\/\/quatroair.com\/shop__trashed\/\"},{\"@type\":\"ListItem\",\"position\":3,\"name\":\"MedEVAC MultiPure INFINITY\"}]},{\"@type\":\"WebSite\",\"@id\":\"https:\/\/quatroair.com\/en\/#website\",\"url\":\"https:\/\/quatroair.com\/en\/\",\"name\":\"Quatro Air Techologies\",\"description\":\"Quatro Air provides effective clean air solutions designed to handle any air quality challenge in your home, office or business. Contact us today for details.\",\"publisher\":{\"@id\":\"https:\/\/quatroair.com\/en\/#organization\"},\"potentialAction\":[{\"@type\":\"SearchAction\",\"target\":{\"@type\":\"EntryPoint\",\"urlTemplate\":\"https:\/\/quatroair.com\/en\/?s={search_term_string}\"},\"query-input\":{\"@type\":\"PropertyValueSpecification\",\"valueRequired\":true,\"valueName\":\"search_term_string\"}}],\"inLanguage\":\"fr-FR\"},{\"@type\":\"Organization\",\"@id\":\"https:\/\/quatroair.com\/en\/#organization\",\"name\":\"Quatro Air Techologies\",\"url\":\"https:\/\/quatroair.com\/en\/\",\"logo\":{\"@type\":\"ImageObject\",\"inLanguage\":\"fr-FR\",\"@id\":\"https:\/\/quatroair.com\/en\/#\/schema\/logo\/image\/\",\"url\":\"https:\/\/quatroair.com\/wp-content\/uploads\/2024\/10\/logo.svg\",\"contentUrl\":\"https:\/\/quatroair.com\/wp-content\/uploads\/2024\/10\/logo.svg\",\"width\":708,\"height\":142,\"caption\":\"Quatro Air Techologies\"},\"image\":{\"@id\":\"https:\/\/quatroair.com\/en\/#\/schema\/logo\/image\/\"},\"sameAs\":[\"https:\/\/www.facebook.com\/QuatroAirTechnologies\",\"https:\/\/x.com\/QuatroAir\",\"https:\/\/www.youtube.com\/channel\/UCdTTBL7Pwwyr2JGybAn8Bxw\",\"https:\/\/www.linkedin.com\/company\/quatro-air-technologies\"]}]}<\/script>\n<!-- \/ Yoast SEO plugin. -->","yoast_head_json":{"title":"MedEVAC MultiPure INFINITY - Quatro Air Techologies","description":"Intelligent avec filtre HEPA, jusqu'\u00e0 4 stations d\u2019aspiration, filtre \u00e9liminateur","robots":{"index":"index","follow":"follow"},"canonical":"https:\/\/quatroair.com\/industries\/dental\/bench\/bench-filter-bag\/medevac-multipure-infinity","og_locale":"fr_FR","og_type":"article","og_title":"MedEVAC MultiPure INFINITY - Quatro Air Techologies","og_description":"Intelligent avec filtre HEPA, jusqu'\u00e0 4 stations d\u2019aspiration, filtre \u00e9liminateur","og_url":"https:\/\/quatroair.com\/industries\/dental\/bench\/bench-filter-bag\/medevac-multipure-infinity","og_site_name":"Quatro Air Techologies","article_publisher":"https:\/\/www.facebook.com\/QuatroAirTechnologies","article_modified_time":"2026-01-18T11:48:12+00:00","og_image":[{"width":480,"height":320,"url":"https:\/\/quatroair.com\/wp-content\/uploads\/2024\/10\/multipure-infinity.webp","type":"image\/webp"}],"twitter_card":"summary_large_image","twitter_site":"@QuatroAir","twitter_misc":{"Dur\u00e9e de lecture estim\u00e9e":"2 minutes"},"schema":{"@context":"https:\/\/schema.org","@graph":[{"@type":"WebPage","@id":"https:\/\/quatroair.com\/industries\/dental\/bench\/bench-filter-bag\/medevac-multipure-infinity","url":"https:\/\/quatroair.com\/industries\/dental\/bench\/bench-filter-bag\/medevac-multipure-infinity","name":"MedEVAC MultiPure INFINITY - Quatro Air Techologies","isPartOf":{"@id":"https:\/\/quatroair.com\/en\/#website"},"primaryImageOfPage":{"@id":"https:\/\/quatroair.com\/industries\/dental\/bench\/bench-filter-bag\/medevac-multipure-infinity#primaryimage"},"image":{"@id":"https:\/\/quatroair.com\/industries\/dental\/bench\/bench-filter-bag\/medevac-multipure-infinity#primaryimage"},"thumbnailUrl":"https:\/\/quatroair.com\/wp-content\/uploads\/2024\/10\/multipure-infinity.webp","datePublished":"2024-10-30T14:06:22+00:00","dateModified":"2026-01-18T11:48:12+00:00","description":"Intelligent avec filtre HEPA, jusqu'\u00e0 4 stations d\u2019aspiration, filtre \u00e9liminateur","breadcrumb":{"@id":"https:\/\/quatroair.com\/industries\/dental\/bench\/bench-filter-bag\/medevac-multipure-infinity#breadcrumb"},"inLanguage":"fr-FR","potentialAction":[{"@type":"ReadAction","target":["https:\/\/quatroair.com\/industries\/dental\/bench\/bench-filter-bag\/medevac-multipure-infinity"]}]},{"@type":"ImageObject","inLanguage":"fr-FR","@id":"https:\/\/quatroair.com\/industries\/dental\/bench\/bench-filter-bag\/medevac-multipure-infinity#primaryimage","url":"https:\/\/quatroair.com\/wp-content\/uploads\/2024\/10\/multipure-infinity.webp","contentUrl":"https:\/\/quatroair.com\/wp-content\/uploads\/2024\/10\/multipure-infinity.webp","width":480,"height":320},{"@type":"BreadcrumbList","@id":"https:\/\/quatroair.com\/industries\/dental\/bench\/bench-filter-bag\/medevac-multipure-infinity#breadcrumb","itemListElement":[{"@type":"ListItem","position":1,"name":"Home","item":"https:\/\/quatroair.com\/"},{"@type":"ListItem","position":2,"name":"Products","item":"https:\/\/quatroair.com\/shop__trashed\/"},{"@type":"ListItem","position":3,"name":"MedEVAC MultiPure INFINITY"}]},{"@type":"WebSite","@id":"https:\/\/quatroair.com\/en\/#website","url":"https:\/\/quatroair.com\/en\/","name":"Quatro Air Techologies","description":"Quatro Air provides effective clean air solutions designed to handle any air quality challenge in your home, office or business. Contact us today for details.","publisher":{"@id":"https:\/\/quatroair.com\/en\/#organization"},"potentialAction":[{"@type":"SearchAction","target":{"@type":"EntryPoint","urlTemplate":"https:\/\/quatroair.com\/en\/?s={search_term_string}"},"query-input":{"@type":"PropertyValueSpecification","valueRequired":true,"valueName":"search_term_string"}}],"inLanguage":"fr-FR"},{"@type":"Organization","@id":"https:\/\/quatroair.com\/en\/#organization","name":"Quatro Air Techologies","url":"https:\/\/quatroair.com\/en\/","logo":{"@type":"ImageObject","inLanguage":"fr-FR","@id":"https:\/\/quatroair.com\/en\/#\/schema\/logo\/image\/","url":"https:\/\/quatroair.com\/wp-content\/uploads\/2024\/10\/logo.svg","contentUrl":"https:\/\/quatroair.com\/wp-content\/uploads\/2024\/10\/logo.svg","width":708,"height":142,"caption":"Quatro Air Techologies"},"image":{"@id":"https:\/\/quatroair.com\/en\/#\/schema\/logo\/image\/"},"sameAs":["https:\/\/www.facebook.com\/QuatroAirTechnologies","https:\/\/x.com\/QuatroAir","https:\/\/www.youtube.com\/channel\/UCdTTBL7Pwwyr2JGybAn8Bxw","https:\/\/www.linkedin.com\/company\/quatro-air-technologies"]}]}},"_links":{"self":[{"href":"https:\/\/quatroair.com\/fr\/wp-json\/wp\/v2\/product\/5900","targetHints":{"allow":["GET"]}}],"collection":[{"href":"https:\/\/quatroair.com\/fr\/wp-json\/wp\/v2\/product"}],"about":[{"href":"https:\/\/quatroair.com\/fr\/wp-json\/wp\/v2\/types\/product"}],"replies":[{"embeddable":true,"href":"https:\/\/quatroair.com\/fr\/wp-json\/wp\/v2\/comments?post=5900"}],"version-history":[{"count":18,"href":"https:\/\/quatroair.com\/fr\/wp-json\/wp\/v2\/product\/5900\/revisions"}],"predecessor-version":[{"id":12209,"href":"https:\/\/quatroair.com\/fr\/wp-json\/wp\/v2\/product\/5900\/revisions\/12209"}],"wp:featuredmedia":[{"embeddable":true,"href":"https:\/\/quatroair.com\/fr\/wp-json\/wp\/v2\/media\/4664"}],"wp:attachment":[{"href":"https:\/\/quatroair.com\/fr\/wp-json\/wp\/v2\/media?parent=5900"}],"wp:term":[{"taxonomy":"product_cat","embeddable":true,"href":"https:\/\/quatroair.com\/fr\/wp-json\/wp\/v2\/product_cat?post=5900"},{"taxonomy":"product_tag","embeddable":true,"href":"https:\/\/quatroair.com\/fr\/wp-json\/wp\/v2\/product_tag?post=5900"}],"curies":[{"name":"wp","href":"https:\/\/api.w.org\/{rel}","templated":true}]}}