{"id":5895,"date":"2024-10-31T12:33:06","date_gmt":"2024-10-31T12:33:06","guid":{"rendered":"https:\/\/quatroair.com\/product\/monopure-3\/"},"modified":"2026-01-17T22:23:36","modified_gmt":"2026-01-17T22:23:36","slug":"monopur","status":"publish","type":"product","link":"https:\/\/quatroair.com\/fr\/industries\/dental\/monomer-odor-removal\/monomer-fume-extractor\/monopur","title":{"rendered":"MonoPure \u2013 Unit\u00e9 seulement"},"content":{"rendered":"<h3>Pr\u00e9sentation<\/h3>\n<ul>\n<li>Extracteur de fum\u00e9e compact sous le comptoir<\/li>\n<li>Hotte de confinement LED ClearView<\/li>\n<li>Aliment\u00e9 par une turbine motoris\u00e9e sans balais \u00e0 moyenne pression<\/li>\n<li>\u00c9quip\u00e9 d&rsquo;un syst\u00e8me de filtration \u00e0 plusieurs \u00e9tages et d&rsquo;un panneau de commande iSeries (num\u00e9rique).<\/li>\n<\/ul>\n<h3>Avantages<\/h3>\n<ul>\n<li>Conception compacte plug and play<\/li>\n<li>Plusieurs filtration par \u00e9tapes<\/li>\n<li>Fonctionnement silencieux (52\u00a0dB(A))<\/li>\n<li>Le LED ClearView fournit un poste de travail bien \u00e9clair\u00e9 qui contient des odeurs<\/li>\n<\/ul>\n<h3>Caract\u00e9ristiques<\/h3>\n<ul>\n<li>Contr\u00f4le de vitesse variable<\/li>\n<li>Comprend\u00a0: filtre \u00e0 poussi\u00e8re (#F071-BX), filtre \u00e0 odeurs d&rsquo;impression 3D #(F372-GPC), filtre HEPA (#F074), un Tuyau l\u00e9ger de 8\u00a0pi et hotte LED ClearView<\/li>\n<\/ul>\n<h3>Options<\/h3>\n<ul>\n<li>Interrupteur au pied \u00e0 distance (#AA175)<\/li>\n<li>Interrupteur manuel \u00e0 distance (#AA375)<\/li>\n<\/ul>\n","protected":false},"excerpt":{"rendered":"<table style=\"border-collapse: collapse; width: 780pt;\" width=\"1040\">\n<tbody>\n<tr style=\"height: 30.0pt;\">\n<td class=\"xl19\" style=\"width: 780pt; height: 30.0pt;\" width=\"1040\" height=\"40\">Le MonoPure HEPA avec LED ClearView est un extracteur de fum\u00e9e compact et mobile pour les odeurs de monom\u00e8res\/acryliques qui comprend une hotte de confinement de bureau<\/td>\n<\/tr>\n<\/tbody>\n<\/table>\n<p>&nbsp;<\/p>\n","protected":false},"featured_media":4670,"comment_status":"open","ping_status":"closed","template":"","meta":{"_acf_changed":false},"product_cat":[88],"product_tag":[],"class_list":{"0":"post-5895","1":"product","2":"type-product","3":"status-publish","4":"has-post-thumbnail","6":"product_cat-nocategroy-fr","8":"first","9":"instock","10":"shipping-taxable","11":"product-type-simple"},"acf":[],"yoast_head":"<!-- This site is optimized with the Yoast SEO plugin v26.9 - https:\/\/yoast.com\/product\/yoast-seo-wordpress\/ -->\n<title>MonoPure \u2013 Unit\u00e9 seulement - Quatro Air Techologies<\/title>\n<meta name=\"description\" content=\"Emp\u00eache les odeurs, les particules nocives et les vapeurs de migrer sur le lieu de\" \/>\n<meta name=\"robots\" content=\"index, follow\" \/>\n<link rel=\"canonical\" href=\"https:\/\/quatroair.com\/industries\/dental\/monomer-odor-removal\/monomer-fume-extractor\/monopur\" \/>\n<meta property=\"og:locale\" content=\"fr_FR\" \/>\n<meta property=\"og:type\" content=\"article\" \/>\n<meta property=\"og:title\" content=\"MonoPure \u2013 Unit\u00e9 seulement - Quatro Air Techologies\" \/>\n<meta property=\"og:description\" content=\"Emp\u00eache les odeurs, les particules nocives et les vapeurs de migrer sur le lieu de\" \/>\n<meta property=\"og:url\" content=\"https:\/\/quatroair.com\/industries\/dental\/monomer-odor-removal\/monomer-fume-extractor\/monopur\" \/>\n<meta property=\"og:site_name\" content=\"Quatro Air Techologies\" \/>\n<meta property=\"article:publisher\" content=\"https:\/\/www.facebook.com\/QuatroAirTechnologies\" \/>\n<meta property=\"article:modified_time\" content=\"2026-01-17T22:23:36+00:00\" \/>\n<meta property=\"og:image\" content=\"https:\/\/quatroair.com\/wp-content\/uploads\/2024\/10\/monopure-3.webp\" \/>\n\t<meta property=\"og:image:width\" content=\"480\" \/>\n\t<meta property=\"og:image:height\" content=\"320\" \/>\n\t<meta property=\"og:image:type\" content=\"image\/webp\" \/>\n<meta name=\"twitter:card\" content=\"summary_large_image\" \/>\n<meta name=\"twitter:site\" content=\"@QuatroAir\" \/>\n<meta name=\"twitter:label1\" content=\"Dur\u00e9e de lecture estim\u00e9e\" \/>\n\t<meta name=\"twitter:data1\" content=\"1 minute\" \/>\n<script type=\"application\/ld+json\" class=\"yoast-schema-graph\">{\"@context\":\"https:\/\/schema.org\",\"@graph\":[{\"@type\":\"WebPage\",\"@id\":\"https:\/\/quatroair.com\/industries\/dental\/monomer-odor-removal\/monomer-fume-extractor\/monopur\",\"url\":\"https:\/\/quatroair.com\/industries\/dental\/monomer-odor-removal\/monomer-fume-extractor\/monopur\",\"name\":\"MonoPure \u2013 Unit\u00e9 seulement - Quatro Air Techologies\",\"isPartOf\":{\"@id\":\"https:\/\/quatroair.com\/en\/#website\"},\"primaryImageOfPage\":{\"@id\":\"https:\/\/quatroair.com\/industries\/dental\/monomer-odor-removal\/monomer-fume-extractor\/monopur#primaryimage\"},\"image\":{\"@id\":\"https:\/\/quatroair.com\/industries\/dental\/monomer-odor-removal\/monomer-fume-extractor\/monopur#primaryimage\"},\"thumbnailUrl\":\"https:\/\/quatroair.com\/wp-content\/uploads\/2024\/10\/monopure-3.webp\",\"datePublished\":\"2024-10-31T12:33:06+00:00\",\"dateModified\":\"2026-01-17T22:23:36+00:00\",\"description\":\"Emp\u00eache les odeurs, les particules nocives et les vapeurs de migrer sur le lieu de\",\"breadcrumb\":{\"@id\":\"https:\/\/quatroair.com\/industries\/dental\/monomer-odor-removal\/monomer-fume-extractor\/monopur#breadcrumb\"},\"inLanguage\":\"fr-FR\",\"potentialAction\":[{\"@type\":\"ReadAction\",\"target\":[\"https:\/\/quatroair.com\/industries\/dental\/monomer-odor-removal\/monomer-fume-extractor\/monopur\"]}]},{\"@type\":\"ImageObject\",\"inLanguage\":\"fr-FR\",\"@id\":\"https:\/\/quatroair.com\/industries\/dental\/monomer-odor-removal\/monomer-fume-extractor\/monopur#primaryimage\",\"url\":\"https:\/\/quatroair.com\/wp-content\/uploads\/2024\/10\/monopure-3.webp\",\"contentUrl\":\"https:\/\/quatroair.com\/wp-content\/uploads\/2024\/10\/monopure-3.webp\",\"width\":480,\"height\":320},{\"@type\":\"BreadcrumbList\",\"@id\":\"https:\/\/quatroair.com\/industries\/dental\/monomer-odor-removal\/monomer-fume-extractor\/monopur#breadcrumb\",\"itemListElement\":[{\"@type\":\"ListItem\",\"position\":1,\"name\":\"Home\",\"item\":\"https:\/\/quatroair.com\/\"},{\"@type\":\"ListItem\",\"position\":2,\"name\":\"Products\",\"item\":\"https:\/\/quatroair.com\/shop__trashed\/\"},{\"@type\":\"ListItem\",\"position\":3,\"name\":\"MonoPure \u2013 Unit\u00e9 seulement\"}]},{\"@type\":\"WebSite\",\"@id\":\"https:\/\/quatroair.com\/en\/#website\",\"url\":\"https:\/\/quatroair.com\/en\/\",\"name\":\"Quatro Air Techologies\",\"description\":\"Quatro Air provides effective clean air solutions designed to handle any air quality challenge in your home, office or business. Contact us today for details.\",\"publisher\":{\"@id\":\"https:\/\/quatroair.com\/en\/#organization\"},\"potentialAction\":[{\"@type\":\"SearchAction\",\"target\":{\"@type\":\"EntryPoint\",\"urlTemplate\":\"https:\/\/quatroair.com\/en\/?s={search_term_string}\"},\"query-input\":{\"@type\":\"PropertyValueSpecification\",\"valueRequired\":true,\"valueName\":\"search_term_string\"}}],\"inLanguage\":\"fr-FR\"},{\"@type\":\"Organization\",\"@id\":\"https:\/\/quatroair.com\/en\/#organization\",\"name\":\"Quatro Air Techologies\",\"url\":\"https:\/\/quatroair.com\/en\/\",\"logo\":{\"@type\":\"ImageObject\",\"inLanguage\":\"fr-FR\",\"@id\":\"https:\/\/quatroair.com\/en\/#\/schema\/logo\/image\/\",\"url\":\"https:\/\/quatroair.com\/wp-content\/uploads\/2024\/10\/logo.svg\",\"contentUrl\":\"https:\/\/quatroair.com\/wp-content\/uploads\/2024\/10\/logo.svg\",\"width\":708,\"height\":142,\"caption\":\"Quatro Air Techologies\"},\"image\":{\"@id\":\"https:\/\/quatroair.com\/en\/#\/schema\/logo\/image\/\"},\"sameAs\":[\"https:\/\/www.facebook.com\/QuatroAirTechnologies\",\"https:\/\/x.com\/QuatroAir\",\"https:\/\/www.youtube.com\/channel\/UCdTTBL7Pwwyr2JGybAn8Bxw\",\"https:\/\/www.linkedin.com\/company\/quatro-air-technologies\"]}]}<\/script>\n<!-- \/ Yoast SEO plugin. -->","yoast_head_json":{"title":"MonoPure \u2013 Unit\u00e9 seulement - Quatro Air Techologies","description":"Emp\u00eache les odeurs, les particules nocives et les vapeurs de migrer sur le lieu de","robots":{"index":"index","follow":"follow"},"canonical":"https:\/\/quatroair.com\/industries\/dental\/monomer-odor-removal\/monomer-fume-extractor\/monopur","og_locale":"fr_FR","og_type":"article","og_title":"MonoPure \u2013 Unit\u00e9 seulement - Quatro Air Techologies","og_description":"Emp\u00eache les odeurs, les particules nocives et les vapeurs de migrer sur le lieu de","og_url":"https:\/\/quatroair.com\/industries\/dental\/monomer-odor-removal\/monomer-fume-extractor\/monopur","og_site_name":"Quatro Air Techologies","article_publisher":"https:\/\/www.facebook.com\/QuatroAirTechnologies","article_modified_time":"2026-01-17T22:23:36+00:00","og_image":[{"width":480,"height":320,"url":"https:\/\/quatroair.com\/wp-content\/uploads\/2024\/10\/monopure-3.webp","type":"image\/webp"}],"twitter_card":"summary_large_image","twitter_site":"@QuatroAir","twitter_misc":{"Dur\u00e9e de lecture estim\u00e9e":"1 minute"},"schema":{"@context":"https:\/\/schema.org","@graph":[{"@type":"WebPage","@id":"https:\/\/quatroair.com\/industries\/dental\/monomer-odor-removal\/monomer-fume-extractor\/monopur","url":"https:\/\/quatroair.com\/industries\/dental\/monomer-odor-removal\/monomer-fume-extractor\/monopur","name":"MonoPure \u2013 Unit\u00e9 seulement - Quatro Air Techologies","isPartOf":{"@id":"https:\/\/quatroair.com\/en\/#website"},"primaryImageOfPage":{"@id":"https:\/\/quatroair.com\/industries\/dental\/monomer-odor-removal\/monomer-fume-extractor\/monopur#primaryimage"},"image":{"@id":"https:\/\/quatroair.com\/industries\/dental\/monomer-odor-removal\/monomer-fume-extractor\/monopur#primaryimage"},"thumbnailUrl":"https:\/\/quatroair.com\/wp-content\/uploads\/2024\/10\/monopure-3.webp","datePublished":"2024-10-31T12:33:06+00:00","dateModified":"2026-01-17T22:23:36+00:00","description":"Emp\u00eache les odeurs, les particules nocives et les vapeurs de migrer sur le lieu de","breadcrumb":{"@id":"https:\/\/quatroair.com\/industries\/dental\/monomer-odor-removal\/monomer-fume-extractor\/monopur#breadcrumb"},"inLanguage":"fr-FR","potentialAction":[{"@type":"ReadAction","target":["https:\/\/quatroair.com\/industries\/dental\/monomer-odor-removal\/monomer-fume-extractor\/monopur"]}]},{"@type":"ImageObject","inLanguage":"fr-FR","@id":"https:\/\/quatroair.com\/industries\/dental\/monomer-odor-removal\/monomer-fume-extractor\/monopur#primaryimage","url":"https:\/\/quatroair.com\/wp-content\/uploads\/2024\/10\/monopure-3.webp","contentUrl":"https:\/\/quatroair.com\/wp-content\/uploads\/2024\/10\/monopure-3.webp","width":480,"height":320},{"@type":"BreadcrumbList","@id":"https:\/\/quatroair.com\/industries\/dental\/monomer-odor-removal\/monomer-fume-extractor\/monopur#breadcrumb","itemListElement":[{"@type":"ListItem","position":1,"name":"Home","item":"https:\/\/quatroair.com\/"},{"@type":"ListItem","position":2,"name":"Products","item":"https:\/\/quatroair.com\/shop__trashed\/"},{"@type":"ListItem","position":3,"name":"MonoPure \u2013 Unit\u00e9 seulement"}]},{"@type":"WebSite","@id":"https:\/\/quatroair.com\/en\/#website","url":"https:\/\/quatroair.com\/en\/","name":"Quatro Air Techologies","description":"Quatro Air provides effective clean air solutions designed to handle any air quality challenge in your home, office or business. Contact us today for details.","publisher":{"@id":"https:\/\/quatroair.com\/en\/#organization"},"potentialAction":[{"@type":"SearchAction","target":{"@type":"EntryPoint","urlTemplate":"https:\/\/quatroair.com\/en\/?s={search_term_string}"},"query-input":{"@type":"PropertyValueSpecification","valueRequired":true,"valueName":"search_term_string"}}],"inLanguage":"fr-FR"},{"@type":"Organization","@id":"https:\/\/quatroair.com\/en\/#organization","name":"Quatro Air Techologies","url":"https:\/\/quatroair.com\/en\/","logo":{"@type":"ImageObject","inLanguage":"fr-FR","@id":"https:\/\/quatroair.com\/en\/#\/schema\/logo\/image\/","url":"https:\/\/quatroair.com\/wp-content\/uploads\/2024\/10\/logo.svg","contentUrl":"https:\/\/quatroair.com\/wp-content\/uploads\/2024\/10\/logo.svg","width":708,"height":142,"caption":"Quatro Air Techologies"},"image":{"@id":"https:\/\/quatroair.com\/en\/#\/schema\/logo\/image\/"},"sameAs":["https:\/\/www.facebook.com\/QuatroAirTechnologies","https:\/\/x.com\/QuatroAir","https:\/\/www.youtube.com\/channel\/UCdTTBL7Pwwyr2JGybAn8Bxw","https:\/\/www.linkedin.com\/company\/quatro-air-technologies"]}]}},"_links":{"self":[{"href":"https:\/\/quatroair.com\/fr\/wp-json\/wp\/v2\/product\/5895","targetHints":{"allow":["GET"]}}],"collection":[{"href":"https:\/\/quatroair.com\/fr\/wp-json\/wp\/v2\/product"}],"about":[{"href":"https:\/\/quatroair.com\/fr\/wp-json\/wp\/v2\/types\/product"}],"replies":[{"embeddable":true,"href":"https:\/\/quatroair.com\/fr\/wp-json\/wp\/v2\/comments?post=5895"}],"version-history":[{"count":16,"href":"https:\/\/quatroair.com\/fr\/wp-json\/wp\/v2\/product\/5895\/revisions"}],"predecessor-version":[{"id":12192,"href":"https:\/\/quatroair.com\/fr\/wp-json\/wp\/v2\/product\/5895\/revisions\/12192"}],"wp:featuredmedia":[{"embeddable":true,"href":"https:\/\/quatroair.com\/fr\/wp-json\/wp\/v2\/media\/4670"}],"wp:attachment":[{"href":"https:\/\/quatroair.com\/fr\/wp-json\/wp\/v2\/media?parent=5895"}],"wp:term":[{"taxonomy":"product_cat","embeddable":true,"href":"https:\/\/quatroair.com\/fr\/wp-json\/wp\/v2\/product_cat?post=5895"},{"taxonomy":"product_tag","embeddable":true,"href":"https:\/\/quatroair.com\/fr\/wp-json\/wp\/v2\/product_tag?post=5895"}],"curies":[{"name":"wp","href":"https:\/\/api.w.org\/{rel}","templated":true}]}}