{"id":5891,"date":"2024-10-31T18:40:29","date_gmt":"2024-10-31T18:40:29","guid":{"rendered":"https:\/\/quatroair.com\/product\/led-clearview-milling\/"},"modified":"2026-02-13T22:23:10","modified_gmt":"2026-02-13T22:23:10","slug":"led-clearview-milling","status":"publish","type":"product","link":"https:\/\/quatroair.com\/fr\/products\/product-accessories\/containement-cabinets\/led-clearview-milling","title":{"rendered":"LED ClearView Fraisage"},"content":{"rendered":"<h3>Pr\u00e9sentation<\/h3>\n<ul>\n<li>Connectez-vous \u00e0 votre d\u00e9poussi\u00e9reur\u00a0: tuyau de 1,5&Prime; ou 2&Prime; de diam\u00e8tre<\/li>\n<li>LED lumineuse \u00e9clair\u00e9e, avec interrupteur marche\/arr\u00eat<\/li>\n<li>Le pistolet \u00e0 air comprim\u00e9 souffle les d\u00e9bris dans la buse de collecte<\/li>\n<\/ul>\n<h3>Avantages<\/h3>\n<ul>\n<li>Air comprim\u00e9 \u00e0 d\u00e9bit variable avec connexion facile \u00e0 la conduite d&rsquo;air<\/li>\n<li>Buse de capture arri\u00e8re r\u00e9glable pour une \u00e9limination efficace des fines particules<\/li>\n<li>Loupe 2X \u00e0 charni\u00e8re pour un travail facile<\/li>\n<\/ul>\n<h3>Caract\u00e9ristiques<\/h3>\n<ul>\n<li>Inclus\u00a0: entr\u00e9e de 1,5 po\/2 po de diam\u00e8tre \u00e0 l&rsquo;arri\u00e8re<\/li>\n<li>Petit encombrement de table 15&Prime; x 15&Prime;<\/li>\n<\/ul>\n<h3>Options<\/h3>\n<ul>\n<li>Sans VALVE (2-0058-0040)<\/li>\n<li>Avec vanne de d\u00e9marrage automatique (#2-0058-0042)<\/li>\n<li>Avec vanne coulissante manuelle (#2-0058-0041)<\/li>\n<li>Options\u00a0: entr\u00e9es de 2,5&Prime;, 3&Prime;, 4&Prime; de diam\u00e8tre\u00a0; ouverture lat\u00e9rale adapt\u00e9e au travail avec un tour (#AR300-19)<\/li>\n<\/ul>\n","protected":false},"excerpt":{"rendered":"<p>Le LED ClearView Milling est une armoire de confinement de table id\u00e9ale pour les applications de post-fraisage avec une loupe 2x et un pistolet \u00e0 air comprim\u00e9.<\/p>\n","protected":false},"featured_media":10686,"comment_status":"open","ping_status":"closed","template":"","meta":{"_acf_changed":false},"product_cat":[89],"product_tag":[],"class_list":{"0":"post-5891","1":"product","2":"type-product","3":"status-publish","4":"has-post-thumbnail","6":"product_cat-accessoires","8":"first","9":"instock","10":"shipping-taxable","11":"product-type-simple"},"acf":[],"yoast_head":"<!-- This site is optimized with the Yoast SEO plugin v26.9 - https:\/\/yoast.com\/product\/yoast-seo-wordpress\/ -->\n<title>LED ClearView Fraisage - Quatro Air Techologies<\/title>\n<meta name=\"description\" content=\"\u00c9limine les d\u00e9bris de la zone de respiration, contient tous les d\u00e9bris \u00e0 l&#039;int\u00e9rieur\" \/>\n<meta name=\"robots\" content=\"index, follow\" \/>\n<link rel=\"canonical\" href=\"https:\/\/quatroair.com\/products\/product-accessories\/containement-cabinets\/led-clearview-milling\" \/>\n<meta property=\"og:locale\" content=\"fr_FR\" \/>\n<meta property=\"og:type\" content=\"article\" \/>\n<meta property=\"og:title\" content=\"LED ClearView Fraisage - Quatro Air Techologies\" \/>\n<meta property=\"og:description\" content=\"\u00c9limine les d\u00e9bris de la zone de respiration, contient tous les d\u00e9bris \u00e0 l&#039;int\u00e9rieur\" \/>\n<meta property=\"og:url\" content=\"https:\/\/quatroair.com\/products\/product-accessories\/containement-cabinets\/led-clearview-milling\" \/>\n<meta property=\"og:site_name\" content=\"Quatro Air Techologies\" \/>\n<meta property=\"article:publisher\" content=\"https:\/\/www.facebook.com\/QuatroAirTechnologies\" \/>\n<meta property=\"article:modified_time\" content=\"2026-02-13T22:23:10+00:00\" \/>\n<meta property=\"og:image\" content=\"https:\/\/quatroair.com\/wp-content\/uploads\/2024\/10\/2-0058-0040.png\" \/>\n\t<meta property=\"og:image:width\" content=\"480\" \/>\n\t<meta property=\"og:image:height\" content=\"320\" \/>\n\t<meta property=\"og:image:type\" content=\"image\/png\" \/>\n<meta name=\"twitter:card\" content=\"summary_large_image\" \/>\n<meta name=\"twitter:site\" content=\"@QuatroAir\" \/>\n<meta name=\"twitter:label1\" content=\"Dur\u00e9e de lecture estim\u00e9e\" \/>\n\t<meta name=\"twitter:data1\" content=\"1 minute\" \/>\n<script type=\"application\/ld+json\" class=\"yoast-schema-graph\">{\"@context\":\"https:\/\/schema.org\",\"@graph\":[{\"@type\":\"WebPage\",\"@id\":\"https:\/\/quatroair.com\/products\/product-accessories\/containement-cabinets\/led-clearview-milling\",\"url\":\"https:\/\/quatroair.com\/products\/product-accessories\/containement-cabinets\/led-clearview-milling\",\"name\":\"LED ClearView Fraisage - Quatro Air Techologies\",\"isPartOf\":{\"@id\":\"https:\/\/quatroair.com\/en\/#website\"},\"primaryImageOfPage\":{\"@id\":\"https:\/\/quatroair.com\/products\/product-accessories\/containement-cabinets\/led-clearview-milling#primaryimage\"},\"image\":{\"@id\":\"https:\/\/quatroair.com\/products\/product-accessories\/containement-cabinets\/led-clearview-milling#primaryimage\"},\"thumbnailUrl\":\"https:\/\/quatroair.com\/wp-content\/uploads\/2024\/10\/2-0058-0040.png\",\"datePublished\":\"2024-10-31T18:40:29+00:00\",\"dateModified\":\"2026-02-13T22:23:10+00:00\",\"description\":\"\u00c9limine les d\u00e9bris de la zone de respiration, contient tous les d\u00e9bris \u00e0 l'int\u00e9rieur\",\"breadcrumb\":{\"@id\":\"https:\/\/quatroair.com\/products\/product-accessories\/containement-cabinets\/led-clearview-milling#breadcrumb\"},\"inLanguage\":\"fr-FR\",\"potentialAction\":[{\"@type\":\"ReadAction\",\"target\":[\"https:\/\/quatroair.com\/products\/product-accessories\/containement-cabinets\/led-clearview-milling\"]}]},{\"@type\":\"ImageObject\",\"inLanguage\":\"fr-FR\",\"@id\":\"https:\/\/quatroair.com\/products\/product-accessories\/containement-cabinets\/led-clearview-milling#primaryimage\",\"url\":\"https:\/\/quatroair.com\/wp-content\/uploads\/2024\/10\/2-0058-0040.png\",\"contentUrl\":\"https:\/\/quatroair.com\/wp-content\/uploads\/2024\/10\/2-0058-0040.png\",\"width\":480,\"height\":320},{\"@type\":\"BreadcrumbList\",\"@id\":\"https:\/\/quatroair.com\/products\/product-accessories\/containement-cabinets\/led-clearview-milling#breadcrumb\",\"itemListElement\":[{\"@type\":\"ListItem\",\"position\":1,\"name\":\"Home\",\"item\":\"https:\/\/quatroair.com\/\"},{\"@type\":\"ListItem\",\"position\":2,\"name\":\"Products\",\"item\":\"https:\/\/quatroair.com\/shop__trashed\/\"},{\"@type\":\"ListItem\",\"position\":3,\"name\":\"LED ClearView Fraisage\"}]},{\"@type\":\"WebSite\",\"@id\":\"https:\/\/quatroair.com\/en\/#website\",\"url\":\"https:\/\/quatroair.com\/en\/\",\"name\":\"Quatro Air Techologies\",\"description\":\"Quatro Air provides effective clean air solutions designed to handle any air quality challenge in your home, office or business. Contact us today for details.\",\"publisher\":{\"@id\":\"https:\/\/quatroair.com\/en\/#organization\"},\"potentialAction\":[{\"@type\":\"SearchAction\",\"target\":{\"@type\":\"EntryPoint\",\"urlTemplate\":\"https:\/\/quatroair.com\/en\/?s={search_term_string}\"},\"query-input\":{\"@type\":\"PropertyValueSpecification\",\"valueRequired\":true,\"valueName\":\"search_term_string\"}}],\"inLanguage\":\"fr-FR\"},{\"@type\":\"Organization\",\"@id\":\"https:\/\/quatroair.com\/en\/#organization\",\"name\":\"Quatro Air Techologies\",\"url\":\"https:\/\/quatroair.com\/en\/\",\"logo\":{\"@type\":\"ImageObject\",\"inLanguage\":\"fr-FR\",\"@id\":\"https:\/\/quatroair.com\/en\/#\/schema\/logo\/image\/\",\"url\":\"https:\/\/quatroair.com\/wp-content\/uploads\/2024\/10\/logo.svg\",\"contentUrl\":\"https:\/\/quatroair.com\/wp-content\/uploads\/2024\/10\/logo.svg\",\"width\":708,\"height\":142,\"caption\":\"Quatro Air Techologies\"},\"image\":{\"@id\":\"https:\/\/quatroair.com\/en\/#\/schema\/logo\/image\/\"},\"sameAs\":[\"https:\/\/www.facebook.com\/QuatroAirTechnologies\",\"https:\/\/x.com\/QuatroAir\",\"https:\/\/www.youtube.com\/channel\/UCdTTBL7Pwwyr2JGybAn8Bxw\",\"https:\/\/www.linkedin.com\/company\/quatro-air-technologies\"]}]}<\/script>\n<!-- \/ Yoast SEO plugin. -->","yoast_head_json":{"title":"LED ClearView Fraisage - Quatro Air Techologies","description":"\u00c9limine les d\u00e9bris de la zone de respiration, contient tous les d\u00e9bris \u00e0 l'int\u00e9rieur","robots":{"index":"index","follow":"follow"},"canonical":"https:\/\/quatroair.com\/products\/product-accessories\/containement-cabinets\/led-clearview-milling","og_locale":"fr_FR","og_type":"article","og_title":"LED ClearView Fraisage - Quatro Air Techologies","og_description":"\u00c9limine les d\u00e9bris de la zone de respiration, contient tous les d\u00e9bris \u00e0 l'int\u00e9rieur","og_url":"https:\/\/quatroair.com\/products\/product-accessories\/containement-cabinets\/led-clearview-milling","og_site_name":"Quatro Air Techologies","article_publisher":"https:\/\/www.facebook.com\/QuatroAirTechnologies","article_modified_time":"2026-02-13T22:23:10+00:00","og_image":[{"width":480,"height":320,"url":"https:\/\/quatroair.com\/wp-content\/uploads\/2024\/10\/2-0058-0040.png","type":"image\/png"}],"twitter_card":"summary_large_image","twitter_site":"@QuatroAir","twitter_misc":{"Dur\u00e9e de lecture estim\u00e9e":"1 minute"},"schema":{"@context":"https:\/\/schema.org","@graph":[{"@type":"WebPage","@id":"https:\/\/quatroair.com\/products\/product-accessories\/containement-cabinets\/led-clearview-milling","url":"https:\/\/quatroair.com\/products\/product-accessories\/containement-cabinets\/led-clearview-milling","name":"LED ClearView Fraisage - Quatro Air Techologies","isPartOf":{"@id":"https:\/\/quatroair.com\/en\/#website"},"primaryImageOfPage":{"@id":"https:\/\/quatroair.com\/products\/product-accessories\/containement-cabinets\/led-clearview-milling#primaryimage"},"image":{"@id":"https:\/\/quatroair.com\/products\/product-accessories\/containement-cabinets\/led-clearview-milling#primaryimage"},"thumbnailUrl":"https:\/\/quatroair.com\/wp-content\/uploads\/2024\/10\/2-0058-0040.png","datePublished":"2024-10-31T18:40:29+00:00","dateModified":"2026-02-13T22:23:10+00:00","description":"\u00c9limine les d\u00e9bris de la zone de respiration, contient tous les d\u00e9bris \u00e0 l'int\u00e9rieur","breadcrumb":{"@id":"https:\/\/quatroair.com\/products\/product-accessories\/containement-cabinets\/led-clearview-milling#breadcrumb"},"inLanguage":"fr-FR","potentialAction":[{"@type":"ReadAction","target":["https:\/\/quatroair.com\/products\/product-accessories\/containement-cabinets\/led-clearview-milling"]}]},{"@type":"ImageObject","inLanguage":"fr-FR","@id":"https:\/\/quatroair.com\/products\/product-accessories\/containement-cabinets\/led-clearview-milling#primaryimage","url":"https:\/\/quatroair.com\/wp-content\/uploads\/2024\/10\/2-0058-0040.png","contentUrl":"https:\/\/quatroair.com\/wp-content\/uploads\/2024\/10\/2-0058-0040.png","width":480,"height":320},{"@type":"BreadcrumbList","@id":"https:\/\/quatroair.com\/products\/product-accessories\/containement-cabinets\/led-clearview-milling#breadcrumb","itemListElement":[{"@type":"ListItem","position":1,"name":"Home","item":"https:\/\/quatroair.com\/"},{"@type":"ListItem","position":2,"name":"Products","item":"https:\/\/quatroair.com\/shop__trashed\/"},{"@type":"ListItem","position":3,"name":"LED ClearView Fraisage"}]},{"@type":"WebSite","@id":"https:\/\/quatroair.com\/en\/#website","url":"https:\/\/quatroair.com\/en\/","name":"Quatro Air Techologies","description":"Quatro Air provides effective clean air solutions designed to handle any air quality challenge in your home, office or business. Contact us today for details.","publisher":{"@id":"https:\/\/quatroair.com\/en\/#organization"},"potentialAction":[{"@type":"SearchAction","target":{"@type":"EntryPoint","urlTemplate":"https:\/\/quatroair.com\/en\/?s={search_term_string}"},"query-input":{"@type":"PropertyValueSpecification","valueRequired":true,"valueName":"search_term_string"}}],"inLanguage":"fr-FR"},{"@type":"Organization","@id":"https:\/\/quatroair.com\/en\/#organization","name":"Quatro Air Techologies","url":"https:\/\/quatroair.com\/en\/","logo":{"@type":"ImageObject","inLanguage":"fr-FR","@id":"https:\/\/quatroair.com\/en\/#\/schema\/logo\/image\/","url":"https:\/\/quatroair.com\/wp-content\/uploads\/2024\/10\/logo.svg","contentUrl":"https:\/\/quatroair.com\/wp-content\/uploads\/2024\/10\/logo.svg","width":708,"height":142,"caption":"Quatro Air Techologies"},"image":{"@id":"https:\/\/quatroair.com\/en\/#\/schema\/logo\/image\/"},"sameAs":["https:\/\/www.facebook.com\/QuatroAirTechnologies","https:\/\/x.com\/QuatroAir","https:\/\/www.youtube.com\/channel\/UCdTTBL7Pwwyr2JGybAn8Bxw","https:\/\/www.linkedin.com\/company\/quatro-air-technologies"]}]}},"_links":{"self":[{"href":"https:\/\/quatroair.com\/fr\/wp-json\/wp\/v2\/product\/5891","targetHints":{"allow":["GET"]}}],"collection":[{"href":"https:\/\/quatroair.com\/fr\/wp-json\/wp\/v2\/product"}],"about":[{"href":"https:\/\/quatroair.com\/fr\/wp-json\/wp\/v2\/types\/product"}],"replies":[{"embeddable":true,"href":"https:\/\/quatroair.com\/fr\/wp-json\/wp\/v2\/comments?post=5891"}],"version-history":[{"count":8,"href":"https:\/\/quatroair.com\/fr\/wp-json\/wp\/v2\/product\/5891\/revisions"}],"predecessor-version":[{"id":12501,"href":"https:\/\/quatroair.com\/fr\/wp-json\/wp\/v2\/product\/5891\/revisions\/12501"}],"wp:featuredmedia":[{"embeddable":true,"href":"https:\/\/quatroair.com\/fr\/wp-json\/wp\/v2\/media\/10686"}],"wp:attachment":[{"href":"https:\/\/quatroair.com\/fr\/wp-json\/wp\/v2\/media?parent=5891"}],"wp:term":[{"taxonomy":"product_cat","embeddable":true,"href":"https:\/\/quatroair.com\/fr\/wp-json\/wp\/v2\/product_cat?post=5891"},{"taxonomy":"product_tag","embeddable":true,"href":"https:\/\/quatroair.com\/fr\/wp-json\/wp\/v2\/product_tag?post=5891"}],"curies":[{"name":"wp","href":"https:\/\/api.w.org\/{rel}","templated":true}]}}