{"id":5890,"date":"2024-11-01T12:50:39","date_gmt":"2024-11-01T12:50:39","guid":{"rendered":"https:\/\/quatroair.com\/product\/airzone-with-led-magnifier-2\/"},"modified":"2026-01-17T20:28:44","modified_gmt":"2026-01-17T20:28:44","slug":"airzone-with-led-magnifier","status":"publish","type":"product","link":"https:\/\/quatroair.com\/fr\/products\/product-accessories\/benchtop\/airzone\/airzone-with-led-magnifier","title":{"rendered":"AirZone avec loupe LED"},"content":{"rendered":"<h3>Pr\u00e9sentation<\/h3>\n<ul>\n<li>Connectez-vous \u00e0 votre d\u00e9poussi\u00e9reur\u00a0: tuyau de 1,5&Prime;, 2&Prime;, 2,5&Prime; ou 3&Prime; de diam\u00e8tre<\/li>\n<li>\u00c9clairage LED lumineux, avec interrupteur marche\/arr\u00eat<\/li>\n<li>La loupe r\u00e9glable se monte s\u00e9par\u00e9ment sur l&rsquo;accessoire<\/li>\n<\/ul>\n<h3>Avantages<\/h3>\n<ul>\n<li>La loupe LED sert \u00e9galement de pare-d\u00e9bris<\/li>\n<li>Coussins avec joint pour une main ergonomique support<\/li>\n<\/ul>\n<h3>Caract\u00e9ristiques<\/h3>\n<ul>\n<li>Inclus\u00a0: Loupe LED avec adaptateur 120-240 V (#AA555-17)<\/li>\n<\/ul>\n<h3>Options<\/h3>\n<ul>\n<li>Sans VALVE (AA760)<\/li>\n<li>Avec valve de d\u00e9marrage automatique (#AA760-ASV)<\/li>\n<li>Avec valve coulissante manuelle (#AA760-MSV)<\/li>\n<\/ul>\n","protected":false},"excerpt":{"rendered":"<table style=\"border-collapse: collapse; width: 780pt;\" width=\"1040\">\n<tbody>\n<tr style=\"height: 30.0pt;\">\n<td class=\"xl17\" style=\"width: 780pt; height: 30.0pt;\" width=\"1040\" height=\"40\">L&rsquo;AirZone avec loupe LED est un accessoire \u00e0 flux d&rsquo;air descendant qui aide \u00e0 \u00e9loigner les contaminants de la zone de respiration.<\/td>\n<\/tr>\n<\/tbody>\n<\/table>\n","protected":false},"featured_media":10692,"comment_status":"open","ping_status":"closed","template":"","meta":{"_acf_changed":false},"product_cat":[89],"product_tag":[],"class_list":{"0":"post-5890","1":"product","2":"type-product","3":"status-publish","4":"has-post-thumbnail","6":"product_cat-accessoires","8":"first","9":"instock","10":"shipping-taxable","11":"product-type-simple"},"acf":[],"yoast_head":"<!-- This site is optimized with the Yoast SEO plugin v26.9 - https:\/\/yoast.com\/product\/yoast-seo-wordpress\/ -->\n<title>AirZone avec loupe LED - Quatro Air Techologies<\/title>\n<meta name=\"description\" content=\"AirZone avec loupe LED AirZone Benchtop R\u00e9f\u00e9rence Fabricant : AA760, AA760-MSV,\" \/>\n<meta name=\"robots\" content=\"index, follow\" \/>\n<link rel=\"canonical\" href=\"https:\/\/quatroair.com\/industries\/dental\/accessories\/benchtop\/airzone\/airzone-with-led-magnifier\" \/>\n<meta property=\"og:locale\" content=\"fr_FR\" \/>\n<meta property=\"og:type\" content=\"article\" \/>\n<meta property=\"og:title\" content=\"AirZone avec loupe LED - Quatro Air Techologies\" \/>\n<meta property=\"og:description\" content=\"AirZone avec loupe LED AirZone Benchtop R\u00e9f\u00e9rence Fabricant : AA760, AA760-MSV,\" \/>\n<meta property=\"og:url\" content=\"https:\/\/quatroair.com\/industries\/dental\/accessories\/benchtop\/airzone\/airzone-with-led-magnifier\" \/>\n<meta property=\"og:site_name\" content=\"Quatro Air Techologies\" \/>\n<meta property=\"article:publisher\" content=\"https:\/\/www.facebook.com\/QuatroAirTechnologies\" \/>\n<meta property=\"article:modified_time\" content=\"2026-01-17T20:28:44+00:00\" \/>\n<meta property=\"og:image\" content=\"https:\/\/quatroair.com\/wp-content\/uploads\/2024\/11\/AA760-AA760-MSV-and-AA760-ASv.png\" \/>\n\t<meta property=\"og:image:width\" content=\"480\" \/>\n\t<meta property=\"og:image:height\" content=\"320\" \/>\n\t<meta property=\"og:image:type\" content=\"image\/png\" \/>\n<meta name=\"twitter:card\" content=\"summary_large_image\" \/>\n<meta name=\"twitter:site\" content=\"@QuatroAir\" \/>\n<meta name=\"twitter:label1\" content=\"Dur\u00e9e de lecture estim\u00e9e\" \/>\n\t<meta name=\"twitter:data1\" content=\"1 minute\" \/>\n<script type=\"application\/ld+json\" class=\"yoast-schema-graph\">{\"@context\":\"https:\/\/schema.org\",\"@graph\":[{\"@type\":\"WebPage\",\"@id\":\"https:\/\/quatroair.com\/industries\/dental\/accessories\/benchtop\/airzone\/airzone-with-led-magnifier\",\"url\":\"https:\/\/quatroair.com\/industries\/dental\/accessories\/benchtop\/airzone\/airzone-with-led-magnifier\",\"name\":\"AirZone avec loupe LED - Quatro Air Techologies\",\"isPartOf\":{\"@id\":\"https:\/\/quatroair.com\/en\/#website\"},\"primaryImageOfPage\":{\"@id\":\"https:\/\/quatroair.com\/industries\/dental\/accessories\/benchtop\/airzone\/airzone-with-led-magnifier#primaryimage\"},\"image\":{\"@id\":\"https:\/\/quatroair.com\/industries\/dental\/accessories\/benchtop\/airzone\/airzone-with-led-magnifier#primaryimage\"},\"thumbnailUrl\":\"https:\/\/quatroair.com\/wp-content\/uploads\/2024\/11\/AA760-AA760-MSV-and-AA760-ASv.png\",\"datePublished\":\"2024-11-01T12:50:39+00:00\",\"dateModified\":\"2026-01-17T20:28:44+00:00\",\"description\":\"AirZone avec loupe LED AirZone Benchtop R\u00e9f\u00e9rence Fabricant : AA760, AA760-MSV,\",\"breadcrumb\":{\"@id\":\"https:\/\/quatroair.com\/industries\/dental\/accessories\/benchtop\/airzone\/airzone-with-led-magnifier#breadcrumb\"},\"inLanguage\":\"fr-FR\",\"potentialAction\":[{\"@type\":\"ReadAction\",\"target\":[\"https:\/\/quatroair.com\/industries\/dental\/accessories\/benchtop\/airzone\/airzone-with-led-magnifier\"]}]},{\"@type\":\"ImageObject\",\"inLanguage\":\"fr-FR\",\"@id\":\"https:\/\/quatroair.com\/industries\/dental\/accessories\/benchtop\/airzone\/airzone-with-led-magnifier#primaryimage\",\"url\":\"https:\/\/quatroair.com\/wp-content\/uploads\/2024\/11\/AA760-AA760-MSV-and-AA760-ASv.png\",\"contentUrl\":\"https:\/\/quatroair.com\/wp-content\/uploads\/2024\/11\/AA760-AA760-MSV-and-AA760-ASv.png\",\"width\":480,\"height\":320},{\"@type\":\"BreadcrumbList\",\"@id\":\"https:\/\/quatroair.com\/industries\/dental\/accessories\/benchtop\/airzone\/airzone-with-led-magnifier#breadcrumb\",\"itemListElement\":[{\"@type\":\"ListItem\",\"position\":1,\"name\":\"Home\",\"item\":\"https:\/\/quatroair.com\/\"},{\"@type\":\"ListItem\",\"position\":2,\"name\":\"Products\",\"item\":\"https:\/\/quatroair.com\/shop__trashed\/\"},{\"@type\":\"ListItem\",\"position\":3,\"name\":\"AirZone avec loupe LED\"}]},{\"@type\":\"WebSite\",\"@id\":\"https:\/\/quatroair.com\/en\/#website\",\"url\":\"https:\/\/quatroair.com\/en\/\",\"name\":\"Quatro Air Techologies\",\"description\":\"Quatro Air provides effective clean air solutions designed to handle any air quality challenge in your home, office or business. Contact us today for details.\",\"publisher\":{\"@id\":\"https:\/\/quatroair.com\/en\/#organization\"},\"potentialAction\":[{\"@type\":\"SearchAction\",\"target\":{\"@type\":\"EntryPoint\",\"urlTemplate\":\"https:\/\/quatroair.com\/en\/?s={search_term_string}\"},\"query-input\":{\"@type\":\"PropertyValueSpecification\",\"valueRequired\":true,\"valueName\":\"search_term_string\"}}],\"inLanguage\":\"fr-FR\"},{\"@type\":\"Organization\",\"@id\":\"https:\/\/quatroair.com\/en\/#organization\",\"name\":\"Quatro Air Techologies\",\"url\":\"https:\/\/quatroair.com\/en\/\",\"logo\":{\"@type\":\"ImageObject\",\"inLanguage\":\"fr-FR\",\"@id\":\"https:\/\/quatroair.com\/en\/#\/schema\/logo\/image\/\",\"url\":\"https:\/\/quatroair.com\/wp-content\/uploads\/2024\/10\/logo.svg\",\"contentUrl\":\"https:\/\/quatroair.com\/wp-content\/uploads\/2024\/10\/logo.svg\",\"width\":708,\"height\":142,\"caption\":\"Quatro Air Techologies\"},\"image\":{\"@id\":\"https:\/\/quatroair.com\/en\/#\/schema\/logo\/image\/\"},\"sameAs\":[\"https:\/\/www.facebook.com\/QuatroAirTechnologies\",\"https:\/\/x.com\/QuatroAir\",\"https:\/\/www.youtube.com\/channel\/UCdTTBL7Pwwyr2JGybAn8Bxw\",\"https:\/\/www.linkedin.com\/company\/quatro-air-technologies\"]}]}<\/script>\n<!-- \/ Yoast SEO plugin. -->","yoast_head_json":{"title":"AirZone avec loupe LED - Quatro Air Techologies","description":"AirZone avec loupe LED AirZone Benchtop R\u00e9f\u00e9rence Fabricant : AA760, AA760-MSV,","robots":{"index":"index","follow":"follow"},"canonical":"https:\/\/quatroair.com\/industries\/dental\/accessories\/benchtop\/airzone\/airzone-with-led-magnifier","og_locale":"fr_FR","og_type":"article","og_title":"AirZone avec loupe LED - Quatro Air Techologies","og_description":"AirZone avec loupe LED AirZone Benchtop R\u00e9f\u00e9rence Fabricant : AA760, AA760-MSV,","og_url":"https:\/\/quatroair.com\/industries\/dental\/accessories\/benchtop\/airzone\/airzone-with-led-magnifier","og_site_name":"Quatro Air Techologies","article_publisher":"https:\/\/www.facebook.com\/QuatroAirTechnologies","article_modified_time":"2026-01-17T20:28:44+00:00","og_image":[{"width":480,"height":320,"url":"https:\/\/quatroair.com\/wp-content\/uploads\/2024\/11\/AA760-AA760-MSV-and-AA760-ASv.png","type":"image\/png"}],"twitter_card":"summary_large_image","twitter_site":"@QuatroAir","twitter_misc":{"Dur\u00e9e de lecture estim\u00e9e":"1 minute"},"schema":{"@context":"https:\/\/schema.org","@graph":[{"@type":"WebPage","@id":"https:\/\/quatroair.com\/industries\/dental\/accessories\/benchtop\/airzone\/airzone-with-led-magnifier","url":"https:\/\/quatroair.com\/industries\/dental\/accessories\/benchtop\/airzone\/airzone-with-led-magnifier","name":"AirZone avec loupe LED - Quatro Air Techologies","isPartOf":{"@id":"https:\/\/quatroair.com\/en\/#website"},"primaryImageOfPage":{"@id":"https:\/\/quatroair.com\/industries\/dental\/accessories\/benchtop\/airzone\/airzone-with-led-magnifier#primaryimage"},"image":{"@id":"https:\/\/quatroair.com\/industries\/dental\/accessories\/benchtop\/airzone\/airzone-with-led-magnifier#primaryimage"},"thumbnailUrl":"https:\/\/quatroair.com\/wp-content\/uploads\/2024\/11\/AA760-AA760-MSV-and-AA760-ASv.png","datePublished":"2024-11-01T12:50:39+00:00","dateModified":"2026-01-17T20:28:44+00:00","description":"AirZone avec loupe LED AirZone Benchtop R\u00e9f\u00e9rence Fabricant : AA760, AA760-MSV,","breadcrumb":{"@id":"https:\/\/quatroair.com\/industries\/dental\/accessories\/benchtop\/airzone\/airzone-with-led-magnifier#breadcrumb"},"inLanguage":"fr-FR","potentialAction":[{"@type":"ReadAction","target":["https:\/\/quatroair.com\/industries\/dental\/accessories\/benchtop\/airzone\/airzone-with-led-magnifier"]}]},{"@type":"ImageObject","inLanguage":"fr-FR","@id":"https:\/\/quatroair.com\/industries\/dental\/accessories\/benchtop\/airzone\/airzone-with-led-magnifier#primaryimage","url":"https:\/\/quatroair.com\/wp-content\/uploads\/2024\/11\/AA760-AA760-MSV-and-AA760-ASv.png","contentUrl":"https:\/\/quatroair.com\/wp-content\/uploads\/2024\/11\/AA760-AA760-MSV-and-AA760-ASv.png","width":480,"height":320},{"@type":"BreadcrumbList","@id":"https:\/\/quatroair.com\/industries\/dental\/accessories\/benchtop\/airzone\/airzone-with-led-magnifier#breadcrumb","itemListElement":[{"@type":"ListItem","position":1,"name":"Home","item":"https:\/\/quatroair.com\/"},{"@type":"ListItem","position":2,"name":"Products","item":"https:\/\/quatroair.com\/shop__trashed\/"},{"@type":"ListItem","position":3,"name":"AirZone avec loupe LED"}]},{"@type":"WebSite","@id":"https:\/\/quatroair.com\/en\/#website","url":"https:\/\/quatroair.com\/en\/","name":"Quatro Air Techologies","description":"Quatro Air provides effective clean air solutions designed to handle any air quality challenge in your home, office or business. Contact us today for details.","publisher":{"@id":"https:\/\/quatroair.com\/en\/#organization"},"potentialAction":[{"@type":"SearchAction","target":{"@type":"EntryPoint","urlTemplate":"https:\/\/quatroair.com\/en\/?s={search_term_string}"},"query-input":{"@type":"PropertyValueSpecification","valueRequired":true,"valueName":"search_term_string"}}],"inLanguage":"fr-FR"},{"@type":"Organization","@id":"https:\/\/quatroair.com\/en\/#organization","name":"Quatro Air Techologies","url":"https:\/\/quatroair.com\/en\/","logo":{"@type":"ImageObject","inLanguage":"fr-FR","@id":"https:\/\/quatroair.com\/en\/#\/schema\/logo\/image\/","url":"https:\/\/quatroair.com\/wp-content\/uploads\/2024\/10\/logo.svg","contentUrl":"https:\/\/quatroair.com\/wp-content\/uploads\/2024\/10\/logo.svg","width":708,"height":142,"caption":"Quatro Air Techologies"},"image":{"@id":"https:\/\/quatroair.com\/en\/#\/schema\/logo\/image\/"},"sameAs":["https:\/\/www.facebook.com\/QuatroAirTechnologies","https:\/\/x.com\/QuatroAir","https:\/\/www.youtube.com\/channel\/UCdTTBL7Pwwyr2JGybAn8Bxw","https:\/\/www.linkedin.com\/company\/quatro-air-technologies"]}]}},"_links":{"self":[{"href":"https:\/\/quatroair.com\/fr\/wp-json\/wp\/v2\/product\/5890","targetHints":{"allow":["GET"]}}],"collection":[{"href":"https:\/\/quatroair.com\/fr\/wp-json\/wp\/v2\/product"}],"about":[{"href":"https:\/\/quatroair.com\/fr\/wp-json\/wp\/v2\/types\/product"}],"replies":[{"embeddable":true,"href":"https:\/\/quatroair.com\/fr\/wp-json\/wp\/v2\/comments?post=5890"}],"version-history":[{"count":9,"href":"https:\/\/quatroair.com\/fr\/wp-json\/wp\/v2\/product\/5890\/revisions"}],"predecessor-version":[{"id":12183,"href":"https:\/\/quatroair.com\/fr\/wp-json\/wp\/v2\/product\/5890\/revisions\/12183"}],"wp:featuredmedia":[{"embeddable":true,"href":"https:\/\/quatroair.com\/fr\/wp-json\/wp\/v2\/media\/10692"}],"wp:attachment":[{"href":"https:\/\/quatroair.com\/fr\/wp-json\/wp\/v2\/media?parent=5890"}],"wp:term":[{"taxonomy":"product_cat","embeddable":true,"href":"https:\/\/quatroair.com\/fr\/wp-json\/wp\/v2\/product_cat?post=5890"},{"taxonomy":"product_tag","embeddable":true,"href":"https:\/\/quatroair.com\/fr\/wp-json\/wp\/v2\/product_tag?post=5890"}],"curies":[{"name":"wp","href":"https:\/\/api.w.org\/{rel}","templated":true}]}}