{"id":5885,"date":"2024-11-01T14:13:26","date_gmt":"2024-11-01T14:13:26","guid":{"rendered":"https:\/\/quatroair.com\/product\/dcs-3d-printing-alcohol-cleaning-large-containment-cabinet\/"},"modified":"2026-01-18T11:33:20","modified_gmt":"2026-01-18T11:33:20","slug":"dcs-3d-printing-alcohol-cleaning-large-containment-cabinet","status":"publish","type":"product","link":"https:\/\/quatroair.com\/fr\/industries\/dental\/3d-printing\/benchtop-models\/dcs-3d-printing-alcohol-cleaning-large-containment-cabinet","title":{"rendered":"DCS 3D Printing\/Alcohol Cleaning Large Containment Cabinet (en anglais)"},"content":{"rendered":"<h3>Pr\u00e9sentation<\/h3>\n<ul>\n<li>Con\u00e7u pour \u00e9liminer les odeurs et les d\u00e9gagements de gaz associ\u00e9s aux r\u00e9sines d&rsquo;impression 3D et \u00e0 l&rsquo;IPA<\/li>\n<li>Capture les contaminants atmosph\u00e9riques \u00e0 la source<\/li>\n<li>Grande taille d&rsquo;armoire : (HxLxP) 24x29x20 po. (61x74x51 cm)<\/li>\n<\/ul>\n<h3>Avantages<\/h3>\n<ul>\n<li>Compact plug and play design<\/li>\n<li>Id\u00e9al l\u00e0 o\u00f9 l&rsquo;espace au sol est limit\u00e9<\/li>\n<li>Filtration \u00e0 plusieurs \u00e9tages<\/li>\n<li>Fonctionnement silencieux (52 dB(A))<\/li>\n<\/ul>\n<h3>Caract\u00e9ristiques<\/h3>\n<ul>\n<li>Int\u00e9rieur \u00e9clair\u00e9 par LED<\/li>\n<li>Contr\u00f4le de vitesse variable<\/li>\n<li>Comprend : filtre \u00e0 poussi\u00e8re (#F071-BX), filtre \u00e0 odeurs d&rsquo;impression 3D #(F072-GPP), Filtre HEPA (#F074)<\/li>\n<\/ul>\n<h3>Options<\/h3>\n<ul>\n<li>Kit d&rsquo;\u00e9chappement de 4&Prime; de diam\u00e8tre (#AA314)<\/li>\n<li>Silencieux pour plus de suppression du bruit (#H250)<\/li>\n<\/ul>\n","protected":false},"excerpt":{"rendered":"<p>La s\u00e9rie d&rsquo;extracteurs de fum\u00e9e Desktop Containment System (DCS) \u00e9limine efficacement les fum\u00e9es nocives associ\u00e9es aux r\u00e9sines d&rsquo;impression 3D et aux odeurs d&rsquo;IPA de post-production.<\/p>\n","protected":false},"featured_media":10716,"comment_status":"open","ping_status":"closed","template":"","meta":{"_acf_changed":false},"product_cat":[88],"product_tag":[],"class_list":{"0":"post-5885","1":"product","2":"type-product","3":"status-publish","4":"has-post-thumbnail","6":"product_cat-nocategroy-fr","8":"first","9":"instock","10":"shipping-taxable","11":"product-type-simple"},"acf":[],"yoast_head":"<!-- This site is optimized with the Yoast SEO plugin v26.9 - https:\/\/yoast.com\/product\/yoast-seo-wordpress\/ -->\n<title>DCS 3D Printing\/Alcohol Cleaning Large Containment Cabinet (en anglais) - Quatro Air Techologies<\/title>\n<meta name=\"description\" content=\"DCS 3D Printing\/Alcohol Cleaning, Large Containment Cabinet MOD\u00c8LES DE TABLE\" \/>\n<meta name=\"robots\" content=\"index, follow\" \/>\n<link rel=\"canonical\" href=\"https:\/\/quatroair.com\/industries\/dental\/3d-printing\/benchtop-models\/dcs-3d-printing-alcohol-cleaning-large-containment-cabinet\" \/>\n<meta property=\"og:locale\" content=\"fr_FR\" \/>\n<meta property=\"og:type\" content=\"article\" \/>\n<meta property=\"og:title\" content=\"DCS 3D Printing\/Alcohol Cleaning Large Containment Cabinet (en anglais) - Quatro Air Techologies\" \/>\n<meta property=\"og:description\" content=\"DCS 3D Printing\/Alcohol Cleaning, Large Containment Cabinet MOD\u00c8LES DE TABLE\" \/>\n<meta property=\"og:url\" content=\"https:\/\/quatroair.com\/industries\/dental\/3d-printing\/benchtop-models\/dcs-3d-printing-alcohol-cleaning-large-containment-cabinet\" \/>\n<meta property=\"og:site_name\" content=\"Quatro Air Techologies\" \/>\n<meta property=\"article:publisher\" content=\"https:\/\/www.facebook.com\/QuatroAirTechnologies\" \/>\n<meta property=\"article:modified_time\" content=\"2026-01-18T11:33:20+00:00\" \/>\n<meta property=\"og:image\" content=\"https:\/\/quatroair.com\/wp-content\/uploads\/2024\/11\/1-0045-0002-and-1-0045-0008.png\" \/>\n\t<meta property=\"og:image:width\" content=\"480\" \/>\n\t<meta property=\"og:image:height\" content=\"320\" \/>\n\t<meta property=\"og:image:type\" content=\"image\/png\" \/>\n<meta name=\"twitter:card\" content=\"summary_large_image\" \/>\n<meta name=\"twitter:site\" content=\"@QuatroAir\" \/>\n<meta name=\"twitter:label1\" content=\"Dur\u00e9e de lecture estim\u00e9e\" \/>\n\t<meta name=\"twitter:data1\" content=\"1 minute\" \/>\n<script type=\"application\/ld+json\" class=\"yoast-schema-graph\">{\"@context\":\"https:\/\/schema.org\",\"@graph\":[{\"@type\":\"WebPage\",\"@id\":\"https:\/\/quatroair.com\/industries\/dental\/3d-printing\/benchtop-models\/dcs-3d-printing-alcohol-cleaning-large-containment-cabinet\",\"url\":\"https:\/\/quatroair.com\/industries\/dental\/3d-printing\/benchtop-models\/dcs-3d-printing-alcohol-cleaning-large-containment-cabinet\",\"name\":\"DCS 3D Printing\/Alcohol Cleaning Large Containment Cabinet (en anglais) - Quatro Air Techologies\",\"isPartOf\":{\"@id\":\"https:\/\/quatroair.com\/en\/#website\"},\"primaryImageOfPage\":{\"@id\":\"https:\/\/quatroair.com\/industries\/dental\/3d-printing\/benchtop-models\/dcs-3d-printing-alcohol-cleaning-large-containment-cabinet#primaryimage\"},\"image\":{\"@id\":\"https:\/\/quatroair.com\/industries\/dental\/3d-printing\/benchtop-models\/dcs-3d-printing-alcohol-cleaning-large-containment-cabinet#primaryimage\"},\"thumbnailUrl\":\"https:\/\/quatroair.com\/wp-content\/uploads\/2024\/11\/1-0045-0002-and-1-0045-0008.png\",\"datePublished\":\"2024-11-01T14:13:26+00:00\",\"dateModified\":\"2026-01-18T11:33:20+00:00\",\"description\":\"DCS 3D Printing\/Alcohol Cleaning, Large Containment Cabinet MOD\u00c8LES DE TABLE\",\"breadcrumb\":{\"@id\":\"https:\/\/quatroair.com\/industries\/dental\/3d-printing\/benchtop-models\/dcs-3d-printing-alcohol-cleaning-large-containment-cabinet#breadcrumb\"},\"inLanguage\":\"fr-FR\",\"potentialAction\":[{\"@type\":\"ReadAction\",\"target\":[\"https:\/\/quatroair.com\/industries\/dental\/3d-printing\/benchtop-models\/dcs-3d-printing-alcohol-cleaning-large-containment-cabinet\"]}]},{\"@type\":\"ImageObject\",\"inLanguage\":\"fr-FR\",\"@id\":\"https:\/\/quatroair.com\/industries\/dental\/3d-printing\/benchtop-models\/dcs-3d-printing-alcohol-cleaning-large-containment-cabinet#primaryimage\",\"url\":\"https:\/\/quatroair.com\/wp-content\/uploads\/2024\/11\/1-0045-0002-and-1-0045-0008.png\",\"contentUrl\":\"https:\/\/quatroair.com\/wp-content\/uploads\/2024\/11\/1-0045-0002-and-1-0045-0008.png\",\"width\":480,\"height\":320},{\"@type\":\"BreadcrumbList\",\"@id\":\"https:\/\/quatroair.com\/industries\/dental\/3d-printing\/benchtop-models\/dcs-3d-printing-alcohol-cleaning-large-containment-cabinet#breadcrumb\",\"itemListElement\":[{\"@type\":\"ListItem\",\"position\":1,\"name\":\"Home\",\"item\":\"https:\/\/quatroair.com\/\"},{\"@type\":\"ListItem\",\"position\":2,\"name\":\"Products\",\"item\":\"https:\/\/quatroair.com\/shop__trashed\/\"},{\"@type\":\"ListItem\",\"position\":3,\"name\":\"DCS 3D Printing\/Alcohol Cleaning Large Containment Cabinet (en anglais)\"}]},{\"@type\":\"WebSite\",\"@id\":\"https:\/\/quatroair.com\/en\/#website\",\"url\":\"https:\/\/quatroair.com\/en\/\",\"name\":\"Quatro Air Techologies\",\"description\":\"Quatro Air provides effective clean air solutions designed to handle any air quality challenge in your home, office or business. Contact us today for details.\",\"publisher\":{\"@id\":\"https:\/\/quatroair.com\/en\/#organization\"},\"potentialAction\":[{\"@type\":\"SearchAction\",\"target\":{\"@type\":\"EntryPoint\",\"urlTemplate\":\"https:\/\/quatroair.com\/en\/?s={search_term_string}\"},\"query-input\":{\"@type\":\"PropertyValueSpecification\",\"valueRequired\":true,\"valueName\":\"search_term_string\"}}],\"inLanguage\":\"fr-FR\"},{\"@type\":\"Organization\",\"@id\":\"https:\/\/quatroair.com\/en\/#organization\",\"name\":\"Quatro Air Techologies\",\"url\":\"https:\/\/quatroair.com\/en\/\",\"logo\":{\"@type\":\"ImageObject\",\"inLanguage\":\"fr-FR\",\"@id\":\"https:\/\/quatroair.com\/en\/#\/schema\/logo\/image\/\",\"url\":\"https:\/\/quatroair.com\/wp-content\/uploads\/2024\/10\/logo.svg\",\"contentUrl\":\"https:\/\/quatroair.com\/wp-content\/uploads\/2024\/10\/logo.svg\",\"width\":708,\"height\":142,\"caption\":\"Quatro Air Techologies\"},\"image\":{\"@id\":\"https:\/\/quatroair.com\/en\/#\/schema\/logo\/image\/\"},\"sameAs\":[\"https:\/\/www.facebook.com\/QuatroAirTechnologies\",\"https:\/\/x.com\/QuatroAir\",\"https:\/\/www.youtube.com\/channel\/UCdTTBL7Pwwyr2JGybAn8Bxw\",\"https:\/\/www.linkedin.com\/company\/quatro-air-technologies\"]}]}<\/script>\n<!-- \/ Yoast SEO plugin. -->","yoast_head_json":{"title":"DCS 3D Printing\/Alcohol Cleaning Large Containment Cabinet (en anglais) - Quatro Air Techologies","description":"DCS 3D Printing\/Alcohol Cleaning, Large Containment Cabinet MOD\u00c8LES DE TABLE","robots":{"index":"index","follow":"follow"},"canonical":"https:\/\/quatroair.com\/industries\/dental\/3d-printing\/benchtop-models\/dcs-3d-printing-alcohol-cleaning-large-containment-cabinet","og_locale":"fr_FR","og_type":"article","og_title":"DCS 3D Printing\/Alcohol Cleaning Large Containment Cabinet (en anglais) - Quatro Air Techologies","og_description":"DCS 3D Printing\/Alcohol Cleaning, Large Containment Cabinet MOD\u00c8LES DE TABLE","og_url":"https:\/\/quatroair.com\/industries\/dental\/3d-printing\/benchtop-models\/dcs-3d-printing-alcohol-cleaning-large-containment-cabinet","og_site_name":"Quatro Air Techologies","article_publisher":"https:\/\/www.facebook.com\/QuatroAirTechnologies","article_modified_time":"2026-01-18T11:33:20+00:00","og_image":[{"width":480,"height":320,"url":"https:\/\/quatroair.com\/wp-content\/uploads\/2024\/11\/1-0045-0002-and-1-0045-0008.png","type":"image\/png"}],"twitter_card":"summary_large_image","twitter_site":"@QuatroAir","twitter_misc":{"Dur\u00e9e de lecture estim\u00e9e":"1 minute"},"schema":{"@context":"https:\/\/schema.org","@graph":[{"@type":"WebPage","@id":"https:\/\/quatroair.com\/industries\/dental\/3d-printing\/benchtop-models\/dcs-3d-printing-alcohol-cleaning-large-containment-cabinet","url":"https:\/\/quatroair.com\/industries\/dental\/3d-printing\/benchtop-models\/dcs-3d-printing-alcohol-cleaning-large-containment-cabinet","name":"DCS 3D Printing\/Alcohol Cleaning Large Containment Cabinet (en anglais) - Quatro Air Techologies","isPartOf":{"@id":"https:\/\/quatroair.com\/en\/#website"},"primaryImageOfPage":{"@id":"https:\/\/quatroair.com\/industries\/dental\/3d-printing\/benchtop-models\/dcs-3d-printing-alcohol-cleaning-large-containment-cabinet#primaryimage"},"image":{"@id":"https:\/\/quatroair.com\/industries\/dental\/3d-printing\/benchtop-models\/dcs-3d-printing-alcohol-cleaning-large-containment-cabinet#primaryimage"},"thumbnailUrl":"https:\/\/quatroair.com\/wp-content\/uploads\/2024\/11\/1-0045-0002-and-1-0045-0008.png","datePublished":"2024-11-01T14:13:26+00:00","dateModified":"2026-01-18T11:33:20+00:00","description":"DCS 3D Printing\/Alcohol Cleaning, Large Containment Cabinet MOD\u00c8LES DE TABLE","breadcrumb":{"@id":"https:\/\/quatroair.com\/industries\/dental\/3d-printing\/benchtop-models\/dcs-3d-printing-alcohol-cleaning-large-containment-cabinet#breadcrumb"},"inLanguage":"fr-FR","potentialAction":[{"@type":"ReadAction","target":["https:\/\/quatroair.com\/industries\/dental\/3d-printing\/benchtop-models\/dcs-3d-printing-alcohol-cleaning-large-containment-cabinet"]}]},{"@type":"ImageObject","inLanguage":"fr-FR","@id":"https:\/\/quatroair.com\/industries\/dental\/3d-printing\/benchtop-models\/dcs-3d-printing-alcohol-cleaning-large-containment-cabinet#primaryimage","url":"https:\/\/quatroair.com\/wp-content\/uploads\/2024\/11\/1-0045-0002-and-1-0045-0008.png","contentUrl":"https:\/\/quatroair.com\/wp-content\/uploads\/2024\/11\/1-0045-0002-and-1-0045-0008.png","width":480,"height":320},{"@type":"BreadcrumbList","@id":"https:\/\/quatroair.com\/industries\/dental\/3d-printing\/benchtop-models\/dcs-3d-printing-alcohol-cleaning-large-containment-cabinet#breadcrumb","itemListElement":[{"@type":"ListItem","position":1,"name":"Home","item":"https:\/\/quatroair.com\/"},{"@type":"ListItem","position":2,"name":"Products","item":"https:\/\/quatroair.com\/shop__trashed\/"},{"@type":"ListItem","position":3,"name":"DCS 3D Printing\/Alcohol Cleaning Large Containment Cabinet (en anglais)"}]},{"@type":"WebSite","@id":"https:\/\/quatroair.com\/en\/#website","url":"https:\/\/quatroair.com\/en\/","name":"Quatro Air Techologies","description":"Quatro Air provides effective clean air solutions designed to handle any air quality challenge in your home, office or business. Contact us today for details.","publisher":{"@id":"https:\/\/quatroair.com\/en\/#organization"},"potentialAction":[{"@type":"SearchAction","target":{"@type":"EntryPoint","urlTemplate":"https:\/\/quatroair.com\/en\/?s={search_term_string}"},"query-input":{"@type":"PropertyValueSpecification","valueRequired":true,"valueName":"search_term_string"}}],"inLanguage":"fr-FR"},{"@type":"Organization","@id":"https:\/\/quatroair.com\/en\/#organization","name":"Quatro Air Techologies","url":"https:\/\/quatroair.com\/en\/","logo":{"@type":"ImageObject","inLanguage":"fr-FR","@id":"https:\/\/quatroair.com\/en\/#\/schema\/logo\/image\/","url":"https:\/\/quatroair.com\/wp-content\/uploads\/2024\/10\/logo.svg","contentUrl":"https:\/\/quatroair.com\/wp-content\/uploads\/2024\/10\/logo.svg","width":708,"height":142,"caption":"Quatro Air Techologies"},"image":{"@id":"https:\/\/quatroair.com\/en\/#\/schema\/logo\/image\/"},"sameAs":["https:\/\/www.facebook.com\/QuatroAirTechnologies","https:\/\/x.com\/QuatroAir","https:\/\/www.youtube.com\/channel\/UCdTTBL7Pwwyr2JGybAn8Bxw","https:\/\/www.linkedin.com\/company\/quatro-air-technologies"]}]}},"_links":{"self":[{"href":"https:\/\/quatroair.com\/fr\/wp-json\/wp\/v2\/product\/5885","targetHints":{"allow":["GET"]}}],"collection":[{"href":"https:\/\/quatroair.com\/fr\/wp-json\/wp\/v2\/product"}],"about":[{"href":"https:\/\/quatroair.com\/fr\/wp-json\/wp\/v2\/types\/product"}],"replies":[{"embeddable":true,"href":"https:\/\/quatroair.com\/fr\/wp-json\/wp\/v2\/comments?post=5885"}],"version-history":[{"count":6,"href":"https:\/\/quatroair.com\/fr\/wp-json\/wp\/v2\/product\/5885\/revisions"}],"predecessor-version":[{"id":12200,"href":"https:\/\/quatroair.com\/fr\/wp-json\/wp\/v2\/product\/5885\/revisions\/12200"}],"wp:featuredmedia":[{"embeddable":true,"href":"https:\/\/quatroair.com\/fr\/wp-json\/wp\/v2\/media\/10716"}],"wp:attachment":[{"href":"https:\/\/quatroair.com\/fr\/wp-json\/wp\/v2\/media?parent=5885"}],"wp:term":[{"taxonomy":"product_cat","embeddable":true,"href":"https:\/\/quatroair.com\/fr\/wp-json\/wp\/v2\/product_cat?post=5885"},{"taxonomy":"product_tag","embeddable":true,"href":"https:\/\/quatroair.com\/fr\/wp-json\/wp\/v2\/product_tag?post=5885"}],"curies":[{"name":"wp","href":"https:\/\/api.w.org\/{rel}","templated":true}]}}