{"id":5883,"date":"2024-11-01T14:16:14","date_gmt":"2024-11-01T14:16:14","guid":{"rendered":"https:\/\/quatroair.com\/product\/3d-printer-tall-containment-box-with-source-capture-purifier-flex-arm-for-cleaning-station\/"},"modified":"2026-01-17T17:40:05","modified_gmt":"2026-01-17T17:40:05","slug":"3d-printer-tall-containment-box-with-source-capture-purifier-flex-arm-for-cleaning-station","status":"publish","type":"product","link":"https:\/\/quatroair.com\/fr\/industries\/dental\/3d-printing\/benchtop-models\/3d-printer-tall-containment-box-with-source-capture-purifier-flex-arm-for-cleaning-station","title":{"rendered":"Bo\u00eete de confinement 3D avec purificateur et bras flexible."},"content":{"rendered":"<h3>Pr\u00e9sentation<\/h3>\n<ul>\n<li>Extracteur de fum\u00e9e compact sous le comptoir<\/li>\n<li>Bras de capture avec support de table con\u00e7u pour survoler la station de nettoyage \u00e0 l&rsquo;alcool<\/li>\n<li>Taille de l&rsquo;armoire haute : (HxLxP) 31,25\u00d720,5\u00d720,5 po. (79x52x52 cm)<\/li>\n<\/ul>\n<h3>Avantages<\/h3>\n<ul>\n<li>Prise compacte et play design<\/li>\n<li>Filtration \u00e0 plusieurs \u00e9tages<\/li>\n<li>Fonctionnement silencieux (52 dB(A))<\/li>\n<li>Id\u00e9al pour les petites imprimantes de bureau<\/li>\n<\/ul>\n<h3>Caract\u00e9ristiques<\/h3>\n<ul>\n<li>Int\u00e9rieur \u00e9clair\u00e9 par LED<\/li>\n<li>Contr\u00f4le de vitesse variable<\/li>\n<li>Comprend : filtre anti-poussi\u00e8re (#F071-BX), filtre anti-odeur d&rsquo;impression 3D #(F072-GPP), Filtre HEPA (#F074), deux tuyaux l\u00e9gers de 8&prime; et bras flexible  de 24 pour les stations de nettoyage<\/li>\n<\/ul>\n<h3>Options<\/h3>\n<ul>\n<li>Interrupteur au pied \u00e0 distance (#AA175)<\/li>\n<li>Interrupteur manuel \u00e0 distance (#AA375)<\/li>\n<\/ul>\n","protected":false},"excerpt":{"rendered":"<p>Le kit 3D Printing MonoPure comprend un extracteur de fum\u00e9es pour mod\u00e8le de sol, une armoire de confinement haute pour les imprimantes 3D de bureau et un bras flexible con\u00e7u pour \u00e9liminer efficacement les fum\u00e9es nocives associ\u00e9es aux r\u00e9sines d&rsquo;impression 3D et aux odeurs d&rsquo;IPA de post-production.<\/p>\n","protected":false},"featured_media":10728,"comment_status":"open","ping_status":"closed","template":"","meta":{"_acf_changed":false},"product_cat":[88],"product_tag":[],"class_list":{"0":"post-5883","1":"product","2":"type-product","3":"status-publish","4":"has-post-thumbnail","6":"product_cat-nocategroy-fr","8":"first","9":"instock","10":"shipping-taxable","11":"product-type-simple"},"acf":[],"yoast_head":"<!-- This site is optimized with the Yoast SEO plugin v26.9 - https:\/\/yoast.com\/product\/yoast-seo-wordpress\/ -->\n<title>Bo\u00eete de confinement 3D avec purificateur et bras flexible. - Quatro Air Techologies<\/title>\n<meta name=\"description\" content=\"MonoPure Extracteur de fum\u00e9es avec armoire haute et bras mobile MOD\u00c8LES AU SOL\" \/>\n<meta name=\"robots\" content=\"index, follow\" \/>\n<link rel=\"canonical\" href=\"https:\/\/quatroair.com\/industries\/dental\/3d-printing\/benchtop-models\/3d-printer-tall-containment-box-with-source-capture-purifier-flex-arm-for-cleaning-station\" \/>\n<meta property=\"og:locale\" content=\"fr_FR\" \/>\n<meta property=\"og:type\" content=\"article\" \/>\n<meta property=\"og:title\" content=\"Bo\u00eete de confinement 3D avec purificateur et bras flexible. - Quatro Air Techologies\" \/>\n<meta property=\"og:description\" content=\"MonoPure Extracteur de fum\u00e9es avec armoire haute et bras mobile MOD\u00c8LES AU SOL\" \/>\n<meta property=\"og:url\" content=\"https:\/\/quatroair.com\/industries\/dental\/3d-printing\/benchtop-models\/3d-printer-tall-containment-box-with-source-capture-purifier-flex-arm-for-cleaning-station\" \/>\n<meta property=\"og:site_name\" content=\"Quatro Air Techologies\" \/>\n<meta property=\"article:publisher\" content=\"https:\/\/www.facebook.com\/QuatroAirTechnologies\" \/>\n<meta property=\"article:modified_time\" content=\"2026-01-17T17:40:05+00:00\" \/>\n<meta property=\"og:image\" content=\"https:\/\/quatroair.com\/wp-content\/uploads\/2025\/06\/3-0016-0211.png\" \/>\n\t<meta property=\"og:image:width\" content=\"480\" \/>\n\t<meta property=\"og:image:height\" content=\"320\" \/>\n\t<meta property=\"og:image:type\" content=\"image\/png\" \/>\n<meta name=\"twitter:card\" content=\"summary_large_image\" \/>\n<meta name=\"twitter:site\" content=\"@QuatroAir\" \/>\n<meta name=\"twitter:label1\" content=\"Dur\u00e9e de lecture estim\u00e9e\" \/>\n\t<meta name=\"twitter:data1\" content=\"1 minute\" \/>\n<script type=\"application\/ld+json\" class=\"yoast-schema-graph\">{\"@context\":\"https:\/\/schema.org\",\"@graph\":[{\"@type\":\"WebPage\",\"@id\":\"https:\/\/quatroair.com\/industries\/dental\/3d-printing\/benchtop-models\/3d-printer-tall-containment-box-with-source-capture-purifier-flex-arm-for-cleaning-station\",\"url\":\"https:\/\/quatroair.com\/industries\/dental\/3d-printing\/benchtop-models\/3d-printer-tall-containment-box-with-source-capture-purifier-flex-arm-for-cleaning-station\",\"name\":\"Bo\u00eete de confinement 3D avec purificateur et bras flexible. - Quatro Air Techologies\",\"isPartOf\":{\"@id\":\"https:\/\/quatroair.com\/en\/#website\"},\"primaryImageOfPage\":{\"@id\":\"https:\/\/quatroair.com\/industries\/dental\/3d-printing\/benchtop-models\/3d-printer-tall-containment-box-with-source-capture-purifier-flex-arm-for-cleaning-station#primaryimage\"},\"image\":{\"@id\":\"https:\/\/quatroair.com\/industries\/dental\/3d-printing\/benchtop-models\/3d-printer-tall-containment-box-with-source-capture-purifier-flex-arm-for-cleaning-station#primaryimage\"},\"thumbnailUrl\":\"https:\/\/quatroair.com\/wp-content\/uploads\/2025\/06\/3-0016-0211.png\",\"datePublished\":\"2024-11-01T14:16:14+00:00\",\"dateModified\":\"2026-01-17T17:40:05+00:00\",\"description\":\"MonoPure Extracteur de fum\u00e9es avec armoire haute et bras mobile MOD\u00c8LES AU SOL\",\"breadcrumb\":{\"@id\":\"https:\/\/quatroair.com\/industries\/dental\/3d-printing\/benchtop-models\/3d-printer-tall-containment-box-with-source-capture-purifier-flex-arm-for-cleaning-station#breadcrumb\"},\"inLanguage\":\"fr-FR\",\"potentialAction\":[{\"@type\":\"ReadAction\",\"target\":[\"https:\/\/quatroair.com\/industries\/dental\/3d-printing\/benchtop-models\/3d-printer-tall-containment-box-with-source-capture-purifier-flex-arm-for-cleaning-station\"]}]},{\"@type\":\"ImageObject\",\"inLanguage\":\"fr-FR\",\"@id\":\"https:\/\/quatroair.com\/industries\/dental\/3d-printing\/benchtop-models\/3d-printer-tall-containment-box-with-source-capture-purifier-flex-arm-for-cleaning-station#primaryimage\",\"url\":\"https:\/\/quatroair.com\/wp-content\/uploads\/2025\/06\/3-0016-0211.png\",\"contentUrl\":\"https:\/\/quatroair.com\/wp-content\/uploads\/2025\/06\/3-0016-0211.png\",\"width\":480,\"height\":320},{\"@type\":\"BreadcrumbList\",\"@id\":\"https:\/\/quatroair.com\/industries\/dental\/3d-printing\/benchtop-models\/3d-printer-tall-containment-box-with-source-capture-purifier-flex-arm-for-cleaning-station#breadcrumb\",\"itemListElement\":[{\"@type\":\"ListItem\",\"position\":1,\"name\":\"Home\",\"item\":\"https:\/\/quatroair.com\/\"},{\"@type\":\"ListItem\",\"position\":2,\"name\":\"Products\",\"item\":\"https:\/\/quatroair.com\/shop__trashed\/\"},{\"@type\":\"ListItem\",\"position\":3,\"name\":\"Bo\u00eete de confinement 3D avec purificateur et bras flexible.\"}]},{\"@type\":\"WebSite\",\"@id\":\"https:\/\/quatroair.com\/en\/#website\",\"url\":\"https:\/\/quatroair.com\/en\/\",\"name\":\"Quatro Air Techologies\",\"description\":\"Quatro Air provides effective clean air solutions designed to handle any air quality challenge in your home, office or business. Contact us today for details.\",\"publisher\":{\"@id\":\"https:\/\/quatroair.com\/en\/#organization\"},\"potentialAction\":[{\"@type\":\"SearchAction\",\"target\":{\"@type\":\"EntryPoint\",\"urlTemplate\":\"https:\/\/quatroair.com\/en\/?s={search_term_string}\"},\"query-input\":{\"@type\":\"PropertyValueSpecification\",\"valueRequired\":true,\"valueName\":\"search_term_string\"}}],\"inLanguage\":\"fr-FR\"},{\"@type\":\"Organization\",\"@id\":\"https:\/\/quatroair.com\/en\/#organization\",\"name\":\"Quatro Air Techologies\",\"url\":\"https:\/\/quatroair.com\/en\/\",\"logo\":{\"@type\":\"ImageObject\",\"inLanguage\":\"fr-FR\",\"@id\":\"https:\/\/quatroair.com\/en\/#\/schema\/logo\/image\/\",\"url\":\"https:\/\/quatroair.com\/wp-content\/uploads\/2024\/10\/logo.svg\",\"contentUrl\":\"https:\/\/quatroair.com\/wp-content\/uploads\/2024\/10\/logo.svg\",\"width\":708,\"height\":142,\"caption\":\"Quatro Air Techologies\"},\"image\":{\"@id\":\"https:\/\/quatroair.com\/en\/#\/schema\/logo\/image\/\"},\"sameAs\":[\"https:\/\/www.facebook.com\/QuatroAirTechnologies\",\"https:\/\/x.com\/QuatroAir\",\"https:\/\/www.youtube.com\/channel\/UCdTTBL7Pwwyr2JGybAn8Bxw\",\"https:\/\/www.linkedin.com\/company\/quatro-air-technologies\"]}]}<\/script>\n<!-- \/ Yoast SEO plugin. -->","yoast_head_json":{"title":"Bo\u00eete de confinement 3D avec purificateur et bras flexible. - Quatro Air Techologies","description":"MonoPure Extracteur de fum\u00e9es avec armoire haute et bras mobile MOD\u00c8LES AU SOL","robots":{"index":"index","follow":"follow"},"canonical":"https:\/\/quatroair.com\/industries\/dental\/3d-printing\/benchtop-models\/3d-printer-tall-containment-box-with-source-capture-purifier-flex-arm-for-cleaning-station","og_locale":"fr_FR","og_type":"article","og_title":"Bo\u00eete de confinement 3D avec purificateur et bras flexible. - Quatro Air Techologies","og_description":"MonoPure Extracteur de fum\u00e9es avec armoire haute et bras mobile MOD\u00c8LES AU SOL","og_url":"https:\/\/quatroair.com\/industries\/dental\/3d-printing\/benchtop-models\/3d-printer-tall-containment-box-with-source-capture-purifier-flex-arm-for-cleaning-station","og_site_name":"Quatro Air Techologies","article_publisher":"https:\/\/www.facebook.com\/QuatroAirTechnologies","article_modified_time":"2026-01-17T17:40:05+00:00","og_image":[{"width":480,"height":320,"url":"https:\/\/quatroair.com\/wp-content\/uploads\/2025\/06\/3-0016-0211.png","type":"image\/png"}],"twitter_card":"summary_large_image","twitter_site":"@QuatroAir","twitter_misc":{"Dur\u00e9e de lecture estim\u00e9e":"1 minute"},"schema":{"@context":"https:\/\/schema.org","@graph":[{"@type":"WebPage","@id":"https:\/\/quatroair.com\/industries\/dental\/3d-printing\/benchtop-models\/3d-printer-tall-containment-box-with-source-capture-purifier-flex-arm-for-cleaning-station","url":"https:\/\/quatroair.com\/industries\/dental\/3d-printing\/benchtop-models\/3d-printer-tall-containment-box-with-source-capture-purifier-flex-arm-for-cleaning-station","name":"Bo\u00eete de confinement 3D avec purificateur et bras flexible. - Quatro Air Techologies","isPartOf":{"@id":"https:\/\/quatroair.com\/en\/#website"},"primaryImageOfPage":{"@id":"https:\/\/quatroair.com\/industries\/dental\/3d-printing\/benchtop-models\/3d-printer-tall-containment-box-with-source-capture-purifier-flex-arm-for-cleaning-station#primaryimage"},"image":{"@id":"https:\/\/quatroair.com\/industries\/dental\/3d-printing\/benchtop-models\/3d-printer-tall-containment-box-with-source-capture-purifier-flex-arm-for-cleaning-station#primaryimage"},"thumbnailUrl":"https:\/\/quatroair.com\/wp-content\/uploads\/2025\/06\/3-0016-0211.png","datePublished":"2024-11-01T14:16:14+00:00","dateModified":"2026-01-17T17:40:05+00:00","description":"MonoPure Extracteur de fum\u00e9es avec armoire haute et bras mobile MOD\u00c8LES AU SOL","breadcrumb":{"@id":"https:\/\/quatroair.com\/industries\/dental\/3d-printing\/benchtop-models\/3d-printer-tall-containment-box-with-source-capture-purifier-flex-arm-for-cleaning-station#breadcrumb"},"inLanguage":"fr-FR","potentialAction":[{"@type":"ReadAction","target":["https:\/\/quatroair.com\/industries\/dental\/3d-printing\/benchtop-models\/3d-printer-tall-containment-box-with-source-capture-purifier-flex-arm-for-cleaning-station"]}]},{"@type":"ImageObject","inLanguage":"fr-FR","@id":"https:\/\/quatroair.com\/industries\/dental\/3d-printing\/benchtop-models\/3d-printer-tall-containment-box-with-source-capture-purifier-flex-arm-for-cleaning-station#primaryimage","url":"https:\/\/quatroair.com\/wp-content\/uploads\/2025\/06\/3-0016-0211.png","contentUrl":"https:\/\/quatroair.com\/wp-content\/uploads\/2025\/06\/3-0016-0211.png","width":480,"height":320},{"@type":"BreadcrumbList","@id":"https:\/\/quatroair.com\/industries\/dental\/3d-printing\/benchtop-models\/3d-printer-tall-containment-box-with-source-capture-purifier-flex-arm-for-cleaning-station#breadcrumb","itemListElement":[{"@type":"ListItem","position":1,"name":"Home","item":"https:\/\/quatroair.com\/"},{"@type":"ListItem","position":2,"name":"Products","item":"https:\/\/quatroair.com\/shop__trashed\/"},{"@type":"ListItem","position":3,"name":"Bo\u00eete de confinement 3D avec purificateur et bras flexible."}]},{"@type":"WebSite","@id":"https:\/\/quatroair.com\/en\/#website","url":"https:\/\/quatroair.com\/en\/","name":"Quatro Air Techologies","description":"Quatro Air provides effective clean air solutions designed to handle any air quality challenge in your home, office or business. Contact us today for details.","publisher":{"@id":"https:\/\/quatroair.com\/en\/#organization"},"potentialAction":[{"@type":"SearchAction","target":{"@type":"EntryPoint","urlTemplate":"https:\/\/quatroair.com\/en\/?s={search_term_string}"},"query-input":{"@type":"PropertyValueSpecification","valueRequired":true,"valueName":"search_term_string"}}],"inLanguage":"fr-FR"},{"@type":"Organization","@id":"https:\/\/quatroair.com\/en\/#organization","name":"Quatro Air Techologies","url":"https:\/\/quatroair.com\/en\/","logo":{"@type":"ImageObject","inLanguage":"fr-FR","@id":"https:\/\/quatroair.com\/en\/#\/schema\/logo\/image\/","url":"https:\/\/quatroair.com\/wp-content\/uploads\/2024\/10\/logo.svg","contentUrl":"https:\/\/quatroair.com\/wp-content\/uploads\/2024\/10\/logo.svg","width":708,"height":142,"caption":"Quatro Air Techologies"},"image":{"@id":"https:\/\/quatroair.com\/en\/#\/schema\/logo\/image\/"},"sameAs":["https:\/\/www.facebook.com\/QuatroAirTechnologies","https:\/\/x.com\/QuatroAir","https:\/\/www.youtube.com\/channel\/UCdTTBL7Pwwyr2JGybAn8Bxw","https:\/\/www.linkedin.com\/company\/quatro-air-technologies"]}]}},"_links":{"self":[{"href":"https:\/\/quatroair.com\/fr\/wp-json\/wp\/v2\/product\/5883","targetHints":{"allow":["GET"]}}],"collection":[{"href":"https:\/\/quatroair.com\/fr\/wp-json\/wp\/v2\/product"}],"about":[{"href":"https:\/\/quatroair.com\/fr\/wp-json\/wp\/v2\/types\/product"}],"replies":[{"embeddable":true,"href":"https:\/\/quatroair.com\/fr\/wp-json\/wp\/v2\/comments?post=5883"}],"version-history":[{"count":15,"href":"https:\/\/quatroair.com\/fr\/wp-json\/wp\/v2\/product\/5883\/revisions"}],"predecessor-version":[{"id":12129,"href":"https:\/\/quatroair.com\/fr\/wp-json\/wp\/v2\/product\/5883\/revisions\/12129"}],"wp:featuredmedia":[{"embeddable":true,"href":"https:\/\/quatroair.com\/fr\/wp-json\/wp\/v2\/media\/10728"}],"wp:attachment":[{"href":"https:\/\/quatroair.com\/fr\/wp-json\/wp\/v2\/media?parent=5883"}],"wp:term":[{"taxonomy":"product_cat","embeddable":true,"href":"https:\/\/quatroair.com\/fr\/wp-json\/wp\/v2\/product_cat?post=5883"},{"taxonomy":"product_tag","embeddable":true,"href":"https:\/\/quatroair.com\/fr\/wp-json\/wp\/v2\/product_tag?post=5883"}],"curies":[{"name":"wp","href":"https:\/\/api.w.org\/{rel}","templated":true}]}}