{"id":5876,"date":"2024-11-04T13:23:57","date_gmt":"2024-11-04T13:23:57","guid":{"rendered":"https:\/\/quatroair.com\/product\/noise-reducing-silencer\/"},"modified":"2026-02-05T16:24:41","modified_gmt":"2026-02-05T16:24:41","slug":"noise-reducing-silencer","status":"publish","type":"product","link":"https:\/\/quatroair.com\/fr\/products\/product-accessories\/more\/noise-reducing-silencer","title":{"rendered":"Silencieux r\u00e9ducteur de bruit"},"content":{"rendered":"<h3>Pr\u00e9sentation<\/h3>\n<ul>\n<li>Le silencieux r\u00e9duit le niveau de bruit du moteur provenant de l&rsquo;unit\u00e9<\/li>\n<\/ul>\n<h3>Avantages<\/h3>\n<ul>\n<li>S&rsquo;installe sur la d\u00e9charge d&rsquo;air pour r\u00e9duire le bruit<\/li>\n<\/ul>\n<h3>Caract\u00e9ristiques<\/h3>\n<ul>\n<li>Inclus : Velcro pour une installation facile<\/li>\n<\/ul>\n<h3>Options<\/h3>\n<ul>\n<li>Pour une utilisation sur Velocity, DFH, MedEVAC MultiPure et PowerStation 2 Series<\/li>\n<\/ul>\n","protected":false},"excerpt":{"rendered":"<p>Le silencieux r\u00e9ducteur de bruit est un accessoire compl\u00e9mentaire con\u00e7u pour r\u00e9duire les niveaux sonores d&rsquo;\u00e9quipements sp\u00e9cifiques.<\/p>\n","protected":false},"featured_media":10877,"comment_status":"open","ping_status":"closed","template":"","meta":{"_acf_changed":false},"product_cat":[88],"product_tag":[],"class_list":{"0":"post-5876","1":"product","2":"type-product","3":"status-publish","4":"has-post-thumbnail","6":"product_cat-nocategroy-fr","8":"first","9":"instock","10":"shipping-taxable","11":"product-type-simple"},"acf":[],"yoast_head":"<!-- This site is optimized with the Yoast SEO plugin v26.9 - https:\/\/yoast.com\/product\/yoast-seo-wordpress\/ -->\n<title>Silencieux r\u00e9ducteur de bruit - Quatro Air Techologies<\/title>\n<meta name=\"description\" content=\"Silencieux R\u00e9ducteur de Bruit Silencieux En savoir plus... Num\u00e9ro de pi\u00e8ce :\" \/>\n<meta name=\"robots\" content=\"index, follow\" \/>\n<link rel=\"canonical\" href=\"https:\/\/quatroair.com\/fr\/products\/noise-reducing-silencer\" \/>\n<meta property=\"og:locale\" content=\"fr_FR\" \/>\n<meta property=\"og:type\" content=\"article\" \/>\n<meta property=\"og:title\" content=\"Silencieux r\u00e9ducteur de bruit - Quatro Air Techologies\" \/>\n<meta property=\"og:description\" content=\"Silencieux R\u00e9ducteur de Bruit Silencieux En savoir plus... Num\u00e9ro de pi\u00e8ce :\" \/>\n<meta property=\"og:url\" content=\"https:\/\/quatroair.com\/fr\/products\/noise-reducing-silencer\" \/>\n<meta property=\"og:site_name\" content=\"Quatro Air Techologies\" \/>\n<meta property=\"article:publisher\" content=\"https:\/\/www.facebook.com\/QuatroAirTechnologies\" \/>\n<meta property=\"article:modified_time\" content=\"2026-02-05T16:24:41+00:00\" \/>\n<meta property=\"og:image\" content=\"https:\/\/quatroair.com\/wp-content\/uploads\/2024\/11\/H250-VelDCSilencer.png\" \/>\n\t<meta property=\"og:image:width\" content=\"480\" \/>\n\t<meta property=\"og:image:height\" content=\"320\" \/>\n\t<meta property=\"og:image:type\" content=\"image\/png\" \/>\n<meta name=\"twitter:card\" content=\"summary_large_image\" \/>\n<meta name=\"twitter:site\" content=\"@QuatroAir\" \/>\n<meta name=\"twitter:label1\" content=\"Dur\u00e9e de lecture estim\u00e9e\" \/>\n\t<meta name=\"twitter:data1\" content=\"1 minute\" \/>\n<script type=\"application\/ld+json\" class=\"yoast-schema-graph\">{\"@context\":\"https:\/\/schema.org\",\"@graph\":[{\"@type\":\"WebPage\",\"@id\":\"https:\/\/quatroair.com\/fr\/products\/noise-reducing-silencer\",\"url\":\"https:\/\/quatroair.com\/fr\/products\/noise-reducing-silencer\",\"name\":\"Silencieux r\u00e9ducteur de bruit - Quatro Air Techologies\",\"isPartOf\":{\"@id\":\"https:\/\/quatroair.com\/en\/#website\"},\"primaryImageOfPage\":{\"@id\":\"https:\/\/quatroair.com\/fr\/products\/noise-reducing-silencer#primaryimage\"},\"image\":{\"@id\":\"https:\/\/quatroair.com\/fr\/products\/noise-reducing-silencer#primaryimage\"},\"thumbnailUrl\":\"https:\/\/quatroair.com\/wp-content\/uploads\/2024\/11\/H250-VelDCSilencer.png\",\"datePublished\":\"2024-11-04T13:23:57+00:00\",\"dateModified\":\"2026-02-05T16:24:41+00:00\",\"description\":\"Silencieux R\u00e9ducteur de Bruit Silencieux En savoir plus... Num\u00e9ro de pi\u00e8ce :\",\"breadcrumb\":{\"@id\":\"https:\/\/quatroair.com\/fr\/products\/noise-reducing-silencer#breadcrumb\"},\"inLanguage\":\"fr-FR\",\"potentialAction\":[{\"@type\":\"ReadAction\",\"target\":[\"https:\/\/quatroair.com\/fr\/products\/noise-reducing-silencer\"]}]},{\"@type\":\"ImageObject\",\"inLanguage\":\"fr-FR\",\"@id\":\"https:\/\/quatroair.com\/fr\/products\/noise-reducing-silencer#primaryimage\",\"url\":\"https:\/\/quatroair.com\/wp-content\/uploads\/2024\/11\/H250-VelDCSilencer.png\",\"contentUrl\":\"https:\/\/quatroair.com\/wp-content\/uploads\/2024\/11\/H250-VelDCSilencer.png\",\"width\":480,\"height\":320},{\"@type\":\"BreadcrumbList\",\"@id\":\"https:\/\/quatroair.com\/fr\/products\/noise-reducing-silencer#breadcrumb\",\"itemListElement\":[{\"@type\":\"ListItem\",\"position\":1,\"name\":\"Home\",\"item\":\"https:\/\/quatroair.com\/\"},{\"@type\":\"ListItem\",\"position\":2,\"name\":\"Products\",\"item\":\"https:\/\/quatroair.com\/shop__trashed\/\"},{\"@type\":\"ListItem\",\"position\":3,\"name\":\"Silencieux r\u00e9ducteur de bruit\"}]},{\"@type\":\"WebSite\",\"@id\":\"https:\/\/quatroair.com\/en\/#website\",\"url\":\"https:\/\/quatroair.com\/en\/\",\"name\":\"Quatro Air Techologies\",\"description\":\"Quatro Air provides effective clean air solutions designed to handle any air quality challenge in your home, office or business. Contact us today for details.\",\"publisher\":{\"@id\":\"https:\/\/quatroair.com\/en\/#organization\"},\"potentialAction\":[{\"@type\":\"SearchAction\",\"target\":{\"@type\":\"EntryPoint\",\"urlTemplate\":\"https:\/\/quatroair.com\/en\/?s={search_term_string}\"},\"query-input\":{\"@type\":\"PropertyValueSpecification\",\"valueRequired\":true,\"valueName\":\"search_term_string\"}}],\"inLanguage\":\"fr-FR\"},{\"@type\":\"Organization\",\"@id\":\"https:\/\/quatroair.com\/en\/#organization\",\"name\":\"Quatro Air Techologies\",\"url\":\"https:\/\/quatroair.com\/en\/\",\"logo\":{\"@type\":\"ImageObject\",\"inLanguage\":\"fr-FR\",\"@id\":\"https:\/\/quatroair.com\/en\/#\/schema\/logo\/image\/\",\"url\":\"https:\/\/quatroair.com\/wp-content\/uploads\/2024\/10\/logo.svg\",\"contentUrl\":\"https:\/\/quatroair.com\/wp-content\/uploads\/2024\/10\/logo.svg\",\"width\":708,\"height\":142,\"caption\":\"Quatro Air Techologies\"},\"image\":{\"@id\":\"https:\/\/quatroair.com\/en\/#\/schema\/logo\/image\/\"},\"sameAs\":[\"https:\/\/www.facebook.com\/QuatroAirTechnologies\",\"https:\/\/x.com\/QuatroAir\",\"https:\/\/www.youtube.com\/channel\/UCdTTBL7Pwwyr2JGybAn8Bxw\",\"https:\/\/www.linkedin.com\/company\/quatro-air-technologies\"]}]}<\/script>\n<!-- \/ Yoast SEO plugin. -->","yoast_head_json":{"title":"Silencieux r\u00e9ducteur de bruit - Quatro Air Techologies","description":"Silencieux R\u00e9ducteur de Bruit Silencieux En savoir plus... Num\u00e9ro de pi\u00e8ce :","robots":{"index":"index","follow":"follow"},"canonical":"https:\/\/quatroair.com\/fr\/products\/noise-reducing-silencer","og_locale":"fr_FR","og_type":"article","og_title":"Silencieux r\u00e9ducteur de bruit - Quatro Air Techologies","og_description":"Silencieux R\u00e9ducteur de Bruit Silencieux En savoir plus... Num\u00e9ro de pi\u00e8ce :","og_url":"https:\/\/quatroair.com\/fr\/products\/noise-reducing-silencer","og_site_name":"Quatro Air Techologies","article_publisher":"https:\/\/www.facebook.com\/QuatroAirTechnologies","article_modified_time":"2026-02-05T16:24:41+00:00","og_image":[{"width":480,"height":320,"url":"https:\/\/quatroair.com\/wp-content\/uploads\/2024\/11\/H250-VelDCSilencer.png","type":"image\/png"}],"twitter_card":"summary_large_image","twitter_site":"@QuatroAir","twitter_misc":{"Dur\u00e9e de lecture estim\u00e9e":"1 minute"},"schema":{"@context":"https:\/\/schema.org","@graph":[{"@type":"WebPage","@id":"https:\/\/quatroair.com\/fr\/products\/noise-reducing-silencer","url":"https:\/\/quatroair.com\/fr\/products\/noise-reducing-silencer","name":"Silencieux r\u00e9ducteur de bruit - Quatro Air Techologies","isPartOf":{"@id":"https:\/\/quatroair.com\/en\/#website"},"primaryImageOfPage":{"@id":"https:\/\/quatroair.com\/fr\/products\/noise-reducing-silencer#primaryimage"},"image":{"@id":"https:\/\/quatroair.com\/fr\/products\/noise-reducing-silencer#primaryimage"},"thumbnailUrl":"https:\/\/quatroair.com\/wp-content\/uploads\/2024\/11\/H250-VelDCSilencer.png","datePublished":"2024-11-04T13:23:57+00:00","dateModified":"2026-02-05T16:24:41+00:00","description":"Silencieux R\u00e9ducteur de Bruit Silencieux En savoir plus... Num\u00e9ro de pi\u00e8ce :","breadcrumb":{"@id":"https:\/\/quatroair.com\/fr\/products\/noise-reducing-silencer#breadcrumb"},"inLanguage":"fr-FR","potentialAction":[{"@type":"ReadAction","target":["https:\/\/quatroair.com\/fr\/products\/noise-reducing-silencer"]}]},{"@type":"ImageObject","inLanguage":"fr-FR","@id":"https:\/\/quatroair.com\/fr\/products\/noise-reducing-silencer#primaryimage","url":"https:\/\/quatroair.com\/wp-content\/uploads\/2024\/11\/H250-VelDCSilencer.png","contentUrl":"https:\/\/quatroair.com\/wp-content\/uploads\/2024\/11\/H250-VelDCSilencer.png","width":480,"height":320},{"@type":"BreadcrumbList","@id":"https:\/\/quatroair.com\/fr\/products\/noise-reducing-silencer#breadcrumb","itemListElement":[{"@type":"ListItem","position":1,"name":"Home","item":"https:\/\/quatroair.com\/"},{"@type":"ListItem","position":2,"name":"Products","item":"https:\/\/quatroair.com\/shop__trashed\/"},{"@type":"ListItem","position":3,"name":"Silencieux r\u00e9ducteur de bruit"}]},{"@type":"WebSite","@id":"https:\/\/quatroair.com\/en\/#website","url":"https:\/\/quatroair.com\/en\/","name":"Quatro Air Techologies","description":"Quatro Air provides effective clean air solutions designed to handle any air quality challenge in your home, office or business. Contact us today for details.","publisher":{"@id":"https:\/\/quatroair.com\/en\/#organization"},"potentialAction":[{"@type":"SearchAction","target":{"@type":"EntryPoint","urlTemplate":"https:\/\/quatroair.com\/en\/?s={search_term_string}"},"query-input":{"@type":"PropertyValueSpecification","valueRequired":true,"valueName":"search_term_string"}}],"inLanguage":"fr-FR"},{"@type":"Organization","@id":"https:\/\/quatroair.com\/en\/#organization","name":"Quatro Air Techologies","url":"https:\/\/quatroair.com\/en\/","logo":{"@type":"ImageObject","inLanguage":"fr-FR","@id":"https:\/\/quatroair.com\/en\/#\/schema\/logo\/image\/","url":"https:\/\/quatroair.com\/wp-content\/uploads\/2024\/10\/logo.svg","contentUrl":"https:\/\/quatroair.com\/wp-content\/uploads\/2024\/10\/logo.svg","width":708,"height":142,"caption":"Quatro Air Techologies"},"image":{"@id":"https:\/\/quatroair.com\/en\/#\/schema\/logo\/image\/"},"sameAs":["https:\/\/www.facebook.com\/QuatroAirTechnologies","https:\/\/x.com\/QuatroAir","https:\/\/www.youtube.com\/channel\/UCdTTBL7Pwwyr2JGybAn8Bxw","https:\/\/www.linkedin.com\/company\/quatro-air-technologies"]}]}},"_links":{"self":[{"href":"https:\/\/quatroair.com\/fr\/wp-json\/wp\/v2\/product\/5876","targetHints":{"allow":["GET"]}}],"collection":[{"href":"https:\/\/quatroair.com\/fr\/wp-json\/wp\/v2\/product"}],"about":[{"href":"https:\/\/quatroair.com\/fr\/wp-json\/wp\/v2\/types\/product"}],"replies":[{"embeddable":true,"href":"https:\/\/quatroair.com\/fr\/wp-json\/wp\/v2\/comments?post=5876"}],"version-history":[{"count":4,"href":"https:\/\/quatroair.com\/fr\/wp-json\/wp\/v2\/product\/5876\/revisions"}],"predecessor-version":[{"id":12261,"href":"https:\/\/quatroair.com\/fr\/wp-json\/wp\/v2\/product\/5876\/revisions\/12261"}],"wp:featuredmedia":[{"embeddable":true,"href":"https:\/\/quatroair.com\/fr\/wp-json\/wp\/v2\/media\/10877"}],"wp:attachment":[{"href":"https:\/\/quatroair.com\/fr\/wp-json\/wp\/v2\/media?parent=5876"}],"wp:term":[{"taxonomy":"product_cat","embeddable":true,"href":"https:\/\/quatroair.com\/fr\/wp-json\/wp\/v2\/product_cat?post=5876"},{"taxonomy":"product_tag","embeddable":true,"href":"https:\/\/quatroair.com\/fr\/wp-json\/wp\/v2\/product_tag?post=5876"}],"curies":[{"name":"wp","href":"https:\/\/api.w.org\/{rel}","templated":true}]}}