{"id":5875,"date":"2024-11-04T13:43:17","date_gmt":"2024-11-04T13:43:17","guid":{"rendered":"https:\/\/quatroair.com\/product\/cut-off-1-2-station\/"},"modified":"2026-02-27T13:11:47","modified_gmt":"2026-02-27T13:11:47","slug":"cut-off-1-2-station","status":"publish","type":"product","link":"https:\/\/quatroair.com\/fr\/products\/product-accessories\/more\/cut-off-1-2-station","title":{"rendered":"Coupure (1-2 stations)"},"content":{"rendered":"<h3>Pr\u00e9sentation<\/h3>\n<ul>\n<li>Aide \u00e0 g\u00e9rer le flux d&rsquo;air de plusieurs postes de travail \u00e0 l&rsquo;aide de la vanne coulissante int\u00e9gr\u00e9e<\/li>\n<\/ul>\n<h3>Avantages<\/h3>\n<ul>\n<li>D\u00e9viez l&rsquo;air d&rsquo;un poste de travail \u00e0 un autre en faisant glisser l&rsquo;interrupteur int\u00e9gr\u00e9 d&rsquo;un c\u00f4t\u00e9 \u00e0 l&rsquo;autre<\/li>\n<li>Peut \u00e9galement passer \u00e0 2 stations fonctionnant simultan\u00e9ment<\/li>\n<\/ul>\n<h3>Caract\u00e9ristiques<\/h3>\n<ul>\n<li>Acier robuste avec rev\u00eatement en poudre<\/li>\n<li>Se connecte \u00e0 votre d\u00e9poussi\u00e9reur, tuyau de 1,5&Prime; de diam\u00e8tre<\/li>\n<\/ul>\n","protected":false},"excerpt":{"rendered":"<p>Le inverseur d&rsquo;air Cut-Off est un accessoire compl\u00e9mentaire con\u00e7u pour aider \u00e0 g\u00e9rer le flux d&rsquo;air pour plusieurs applications de postes de travail.<\/p>\n","protected":false},"featured_media":4696,"comment_status":"open","ping_status":"closed","template":"","meta":{"_acf_changed":false},"product_cat":[88],"product_tag":[],"class_list":{"0":"post-5875","1":"product","2":"type-product","3":"status-publish","4":"has-post-thumbnail","6":"product_cat-nocategroy-fr","8":"first","9":"instock","10":"shipping-taxable","11":"product-type-simple"},"acf":[],"yoast_head":"<!-- This site is optimized with the Yoast SEO plugin v26.9 - https:\/\/yoast.com\/product\/yoast-seo-wordpress\/ -->\n<title>Coupure (1-2 stations) - Quatro Air Techologies<\/title>\n<meta name=\"description\" content=\"Coupure (1-2 stations) Autres Plus... R\u00e9f\u00e9rence Fabricant : AA250\" \/>\n<meta name=\"robots\" content=\"index, follow\" \/>\n<link rel=\"canonical\" href=\"https:\/\/quatroair.com\/industries\/dental\/accessories\/more\/cut-off-1-2-station\" \/>\n<meta property=\"og:locale\" content=\"fr_FR\" \/>\n<meta property=\"og:type\" content=\"article\" \/>\n<meta property=\"og:title\" content=\"Coupure (1-2 stations) - Quatro Air Techologies\" \/>\n<meta property=\"og:description\" content=\"Coupure (1-2 stations) Autres Plus... R\u00e9f\u00e9rence Fabricant : AA250\" \/>\n<meta property=\"og:url\" content=\"https:\/\/quatroair.com\/industries\/dental\/accessories\/more\/cut-off-1-2-station\" \/>\n<meta property=\"og:site_name\" content=\"Quatro Air Techologies\" \/>\n<meta property=\"article:publisher\" content=\"https:\/\/www.facebook.com\/QuatroAirTechnologies\" \/>\n<meta property=\"article:modified_time\" content=\"2026-02-27T13:11:47+00:00\" \/>\n<meta property=\"og:image\" content=\"https:\/\/quatroair.com\/wp-content\/uploads\/2024\/11\/CutOff.png\" \/>\n\t<meta property=\"og:image:width\" content=\"386\" \/>\n\t<meta property=\"og:image:height\" content=\"384\" \/>\n\t<meta property=\"og:image:type\" content=\"image\/png\" \/>\n<meta name=\"twitter:card\" content=\"summary_large_image\" \/>\n<meta name=\"twitter:site\" content=\"@QuatroAir\" \/>\n<meta name=\"twitter:label1\" content=\"Dur\u00e9e de lecture estim\u00e9e\" \/>\n\t<meta name=\"twitter:data1\" content=\"1 minute\" \/>\n<script type=\"application\/ld+json\" class=\"yoast-schema-graph\">{\"@context\":\"https:\/\/schema.org\",\"@graph\":[{\"@type\":\"WebPage\",\"@id\":\"https:\/\/quatroair.com\/industries\/dental\/accessories\/more\/cut-off-1-2-station\",\"url\":\"https:\/\/quatroair.com\/industries\/dental\/accessories\/more\/cut-off-1-2-station\",\"name\":\"Coupure (1-2 stations) - Quatro Air Techologies\",\"isPartOf\":{\"@id\":\"https:\/\/quatroair.com\/en\/#website\"},\"primaryImageOfPage\":{\"@id\":\"https:\/\/quatroair.com\/industries\/dental\/accessories\/more\/cut-off-1-2-station#primaryimage\"},\"image\":{\"@id\":\"https:\/\/quatroair.com\/industries\/dental\/accessories\/more\/cut-off-1-2-station#primaryimage\"},\"thumbnailUrl\":\"https:\/\/quatroair.com\/wp-content\/uploads\/2024\/11\/CutOff.png\",\"datePublished\":\"2024-11-04T13:43:17+00:00\",\"dateModified\":\"2026-02-27T13:11:47+00:00\",\"description\":\"Coupure (1-2 stations) Autres Plus... R\u00e9f\u00e9rence Fabricant : AA250\",\"breadcrumb\":{\"@id\":\"https:\/\/quatroair.com\/industries\/dental\/accessories\/more\/cut-off-1-2-station#breadcrumb\"},\"inLanguage\":\"fr-FR\",\"potentialAction\":[{\"@type\":\"ReadAction\",\"target\":[\"https:\/\/quatroair.com\/industries\/dental\/accessories\/more\/cut-off-1-2-station\"]}]},{\"@type\":\"ImageObject\",\"inLanguage\":\"fr-FR\",\"@id\":\"https:\/\/quatroair.com\/industries\/dental\/accessories\/more\/cut-off-1-2-station#primaryimage\",\"url\":\"https:\/\/quatroair.com\/wp-content\/uploads\/2024\/11\/CutOff.png\",\"contentUrl\":\"https:\/\/quatroair.com\/wp-content\/uploads\/2024\/11\/CutOff.png\",\"width\":386,\"height\":384},{\"@type\":\"BreadcrumbList\",\"@id\":\"https:\/\/quatroair.com\/industries\/dental\/accessories\/more\/cut-off-1-2-station#breadcrumb\",\"itemListElement\":[{\"@type\":\"ListItem\",\"position\":1,\"name\":\"Home\",\"item\":\"https:\/\/quatroair.com\/\"},{\"@type\":\"ListItem\",\"position\":2,\"name\":\"Products\",\"item\":\"https:\/\/quatroair.com\/shop__trashed\/\"},{\"@type\":\"ListItem\",\"position\":3,\"name\":\"Coupure (1-2 stations)\"}]},{\"@type\":\"WebSite\",\"@id\":\"https:\/\/quatroair.com\/en\/#website\",\"url\":\"https:\/\/quatroair.com\/en\/\",\"name\":\"Quatro Air Techologies\",\"description\":\"Quatro Air provides effective clean air solutions designed to handle any air quality challenge in your home, office or business. Contact us today for details.\",\"publisher\":{\"@id\":\"https:\/\/quatroair.com\/en\/#organization\"},\"potentialAction\":[{\"@type\":\"SearchAction\",\"target\":{\"@type\":\"EntryPoint\",\"urlTemplate\":\"https:\/\/quatroair.com\/en\/?s={search_term_string}\"},\"query-input\":{\"@type\":\"PropertyValueSpecification\",\"valueRequired\":true,\"valueName\":\"search_term_string\"}}],\"inLanguage\":\"fr-FR\"},{\"@type\":\"Organization\",\"@id\":\"https:\/\/quatroair.com\/en\/#organization\",\"name\":\"Quatro Air Techologies\",\"url\":\"https:\/\/quatroair.com\/en\/\",\"logo\":{\"@type\":\"ImageObject\",\"inLanguage\":\"fr-FR\",\"@id\":\"https:\/\/quatroair.com\/en\/#\/schema\/logo\/image\/\",\"url\":\"https:\/\/quatroair.com\/wp-content\/uploads\/2024\/10\/logo.svg\",\"contentUrl\":\"https:\/\/quatroair.com\/wp-content\/uploads\/2024\/10\/logo.svg\",\"width\":708,\"height\":142,\"caption\":\"Quatro Air Techologies\"},\"image\":{\"@id\":\"https:\/\/quatroair.com\/en\/#\/schema\/logo\/image\/\"},\"sameAs\":[\"https:\/\/www.facebook.com\/QuatroAirTechnologies\",\"https:\/\/x.com\/QuatroAir\",\"https:\/\/www.youtube.com\/channel\/UCdTTBL7Pwwyr2JGybAn8Bxw\",\"https:\/\/www.linkedin.com\/company\/quatro-air-technologies\"]}]}<\/script>\n<!-- \/ Yoast SEO plugin. -->","yoast_head_json":{"title":"Coupure (1-2 stations) - Quatro Air Techologies","description":"Coupure (1-2 stations) Autres Plus... R\u00e9f\u00e9rence Fabricant : AA250","robots":{"index":"index","follow":"follow"},"canonical":"https:\/\/quatroair.com\/industries\/dental\/accessories\/more\/cut-off-1-2-station","og_locale":"fr_FR","og_type":"article","og_title":"Coupure (1-2 stations) - Quatro Air Techologies","og_description":"Coupure (1-2 stations) Autres Plus... R\u00e9f\u00e9rence Fabricant : AA250","og_url":"https:\/\/quatroair.com\/industries\/dental\/accessories\/more\/cut-off-1-2-station","og_site_name":"Quatro Air Techologies","article_publisher":"https:\/\/www.facebook.com\/QuatroAirTechnologies","article_modified_time":"2026-02-27T13:11:47+00:00","og_image":[{"width":386,"height":384,"url":"https:\/\/quatroair.com\/wp-content\/uploads\/2024\/11\/CutOff.png","type":"image\/png"}],"twitter_card":"summary_large_image","twitter_site":"@QuatroAir","twitter_misc":{"Dur\u00e9e de lecture estim\u00e9e":"1 minute"},"schema":{"@context":"https:\/\/schema.org","@graph":[{"@type":"WebPage","@id":"https:\/\/quatroair.com\/industries\/dental\/accessories\/more\/cut-off-1-2-station","url":"https:\/\/quatroair.com\/industries\/dental\/accessories\/more\/cut-off-1-2-station","name":"Coupure (1-2 stations) - Quatro Air Techologies","isPartOf":{"@id":"https:\/\/quatroair.com\/en\/#website"},"primaryImageOfPage":{"@id":"https:\/\/quatroair.com\/industries\/dental\/accessories\/more\/cut-off-1-2-station#primaryimage"},"image":{"@id":"https:\/\/quatroair.com\/industries\/dental\/accessories\/more\/cut-off-1-2-station#primaryimage"},"thumbnailUrl":"https:\/\/quatroair.com\/wp-content\/uploads\/2024\/11\/CutOff.png","datePublished":"2024-11-04T13:43:17+00:00","dateModified":"2026-02-27T13:11:47+00:00","description":"Coupure (1-2 stations) Autres Plus... R\u00e9f\u00e9rence Fabricant : AA250","breadcrumb":{"@id":"https:\/\/quatroair.com\/industries\/dental\/accessories\/more\/cut-off-1-2-station#breadcrumb"},"inLanguage":"fr-FR","potentialAction":[{"@type":"ReadAction","target":["https:\/\/quatroair.com\/industries\/dental\/accessories\/more\/cut-off-1-2-station"]}]},{"@type":"ImageObject","inLanguage":"fr-FR","@id":"https:\/\/quatroair.com\/industries\/dental\/accessories\/more\/cut-off-1-2-station#primaryimage","url":"https:\/\/quatroair.com\/wp-content\/uploads\/2024\/11\/CutOff.png","contentUrl":"https:\/\/quatroair.com\/wp-content\/uploads\/2024\/11\/CutOff.png","width":386,"height":384},{"@type":"BreadcrumbList","@id":"https:\/\/quatroair.com\/industries\/dental\/accessories\/more\/cut-off-1-2-station#breadcrumb","itemListElement":[{"@type":"ListItem","position":1,"name":"Home","item":"https:\/\/quatroair.com\/"},{"@type":"ListItem","position":2,"name":"Products","item":"https:\/\/quatroair.com\/shop__trashed\/"},{"@type":"ListItem","position":3,"name":"Coupure (1-2 stations)"}]},{"@type":"WebSite","@id":"https:\/\/quatroair.com\/en\/#website","url":"https:\/\/quatroair.com\/en\/","name":"Quatro Air Techologies","description":"Quatro Air provides effective clean air solutions designed to handle any air quality challenge in your home, office or business. Contact us today for details.","publisher":{"@id":"https:\/\/quatroair.com\/en\/#organization"},"potentialAction":[{"@type":"SearchAction","target":{"@type":"EntryPoint","urlTemplate":"https:\/\/quatroair.com\/en\/?s={search_term_string}"},"query-input":{"@type":"PropertyValueSpecification","valueRequired":true,"valueName":"search_term_string"}}],"inLanguage":"fr-FR"},{"@type":"Organization","@id":"https:\/\/quatroair.com\/en\/#organization","name":"Quatro Air Techologies","url":"https:\/\/quatroair.com\/en\/","logo":{"@type":"ImageObject","inLanguage":"fr-FR","@id":"https:\/\/quatroair.com\/en\/#\/schema\/logo\/image\/","url":"https:\/\/quatroair.com\/wp-content\/uploads\/2024\/10\/logo.svg","contentUrl":"https:\/\/quatroair.com\/wp-content\/uploads\/2024\/10\/logo.svg","width":708,"height":142,"caption":"Quatro Air Techologies"},"image":{"@id":"https:\/\/quatroair.com\/en\/#\/schema\/logo\/image\/"},"sameAs":["https:\/\/www.facebook.com\/QuatroAirTechnologies","https:\/\/x.com\/QuatroAir","https:\/\/www.youtube.com\/channel\/UCdTTBL7Pwwyr2JGybAn8Bxw","https:\/\/www.linkedin.com\/company\/quatro-air-technologies"]}]}},"_links":{"self":[{"href":"https:\/\/quatroair.com\/fr\/wp-json\/wp\/v2\/product\/5875","targetHints":{"allow":["GET"]}}],"collection":[{"href":"https:\/\/quatroair.com\/fr\/wp-json\/wp\/v2\/product"}],"about":[{"href":"https:\/\/quatroair.com\/fr\/wp-json\/wp\/v2\/types\/product"}],"replies":[{"embeddable":true,"href":"https:\/\/quatroair.com\/fr\/wp-json\/wp\/v2\/comments?post=5875"}],"version-history":[{"count":10,"href":"https:\/\/quatroair.com\/fr\/wp-json\/wp\/v2\/product\/5875\/revisions"}],"predecessor-version":[{"id":12593,"href":"https:\/\/quatroair.com\/fr\/wp-json\/wp\/v2\/product\/5875\/revisions\/12593"}],"wp:featuredmedia":[{"embeddable":true,"href":"https:\/\/quatroair.com\/fr\/wp-json\/wp\/v2\/media\/4696"}],"wp:attachment":[{"href":"https:\/\/quatroair.com\/fr\/wp-json\/wp\/v2\/media?parent=5875"}],"wp:term":[{"taxonomy":"product_cat","embeddable":true,"href":"https:\/\/quatroair.com\/fr\/wp-json\/wp\/v2\/product_cat?post=5875"},{"taxonomy":"product_tag","embeddable":true,"href":"https:\/\/quatroair.com\/fr\/wp-json\/wp\/v2\/product_tag?post=5875"}],"curies":[{"name":"wp","href":"https:\/\/api.w.org\/{rel}","templated":true}]}}