{"id":5869,"date":"2024-11-06T12:56:50","date_gmt":"2024-11-06T12:56:50","guid":{"rendered":"https:\/\/quatroair.com\/product\/ivac-2-b-compact\/"},"modified":"2026-02-13T21:40:01","modified_gmt":"2026-02-13T21:40:01","slug":"ivac-2-b-compact","status":"publish","type":"product","link":"https:\/\/quatroair.com\/fr\/industries\/dental\/bench\/bench-self-cleaning\/ivac-2-b-compact","title":{"rendered":"IVAC 2.B COMPACT"},"content":{"rendered":"<h3>Pr\u00e9sentation<\/h3>\n<ul>\n<li>Syst\u00e8me d&rsquo;autonettoyage am\u00e9lior\u00e9 et plus efficace<\/li>\n<li>Acc\u00e8s facile aux moteurs et aux filtres<\/li>\n<li><b>Nettoyage du filtre en ligne<\/b> &#8211; La fonction sans souci nettoie automatiquement le filtre principal sans l&rsquo;aide de l&rsquo;op\u00e9rateur<\/li>\n<li>Id\u00e9al pour la collecte et le confinement du sable, du quartz, de la zircone, de la c\u00e9ramique, des alliages, des perles de verre, des r\u00e9sines, des acryliques, du gypse, de la pierre moul\u00e9e et du mod\u00e8le sec<\/li>\n<\/ul>\n<h3>Avantages<\/h3>\n<ul>\n<li>Moteur hybride INFINITY unique pour une puissance suppl\u00e9mentaire et une dur\u00e9e de vie prolong\u00e9e du moteur<\/li>\n<li>Filtre principal robuste pour \u00e9liminer les plus grosses particules<\/li>\n<li>Conception compacte qui tient sous le banc<\/li>\n<\/ul>\n<h3>Caract\u00e9ristiques<\/h3>\n<ul>\n<li>Filtre HEPA, efficacit\u00e9 de 99,97 % sur les particules submicroniques comme la zircone fine dus<\/li>\n<li>Vous alerte lorsque les filtres doivent \u00eatre remplac\u00e9s<\/li>\n<li>Capacit\u00e9 de stockage des d\u00e9bris de 1,9 gallons am\u00e9ricains (7,2 litres)<\/li>\n<li>Comprend : interrupteur manuel \u00e0 2 stations pour d\u00e9marrage\/arr\u00eat \u00e0 distance de 6 pieds (#AA432), 4 entr\u00e9es s\u00e9par\u00e9es, deux tuyaux d&rsquo;aspiration de 6 pieds de 1,5 pouces de diam\u00e8tre, c\u00e2ble de connecteur ASV (#AE750)<\/li>\n<\/ul>\n<h3>Options<\/h3>\n<ul>\n<li>Silencieux pour la suppression du bruit (#AA449)<\/li>\n<li>P\u00e9dale\/interrupteur manuel pour d\u00e9marrage-arr\u00eat manuel de 6 pieds (#AA175\/#AA375)<\/li>\n<li>R\u00e9partiteur de signal (#AA686) pour faire fonctionner l&rsquo;unit\u00e9 avec des t\u00e9l\u00e9commandes multi-stations<\/li>\n<\/ul>\n","protected":false},"excerpt":{"rendered":"<p>L&rsquo;iVac 2.B Compact est un d\u00e9poussi\u00e9reur autonettoyant automatique dot\u00e9 d&rsquo;un puissant moteur hybride INFINITY pour jusqu&rsquo;\u00e0 2 postes de travail \u2013 Applications \u00e0 usage l\u00e9ger<\/p>\n","protected":false},"featured_media":4701,"comment_status":"open","ping_status":"closed","template":"","meta":{"_acf_changed":false},"product_cat":[88],"product_tag":[],"class_list":{"0":"post-5869","1":"product","2":"type-product","3":"status-publish","4":"has-post-thumbnail","6":"product_cat-nocategroy-fr","8":"first","9":"instock","10":"shipping-taxable","11":"product-type-simple"},"acf":[],"yoast_head":"<!-- This site is optimized with the Yoast SEO plugin v26.9 - https:\/\/yoast.com\/product\/yoast-seo-wordpress\/ -->\n<title>IVAC 2.B COMPACT - Quatro Air Techologies<\/title>\n<meta name=\"description\" content=\"IVAC 2.B COMPACT BANC AUTONETTOYANT Num\u00e9ro de pi\u00e8ce : 1-0040-0010 Id\u00e9al\" \/>\n<meta name=\"robots\" content=\"index, follow\" \/>\n<link rel=\"canonical\" href=\"https:\/\/quatroair.com\/industries\/dental\/bench\/bench-self-cleaning\/ivac-2-b-compact\" \/>\n<meta property=\"og:locale\" content=\"fr_FR\" \/>\n<meta property=\"og:type\" content=\"article\" \/>\n<meta property=\"og:title\" content=\"IVAC 2.B COMPACT - Quatro Air Techologies\" \/>\n<meta property=\"og:description\" content=\"IVAC 2.B COMPACT BANC AUTONETTOYANT Num\u00e9ro de pi\u00e8ce : 1-0040-0010 Id\u00e9al\" \/>\n<meta property=\"og:url\" content=\"https:\/\/quatroair.com\/industries\/dental\/bench\/bench-self-cleaning\/ivac-2-b-compact\" \/>\n<meta property=\"og:site_name\" content=\"Quatro Air Techologies\" \/>\n<meta property=\"article:publisher\" content=\"https:\/\/www.facebook.com\/QuatroAirTechnologies\" \/>\n<meta property=\"article:modified_time\" content=\"2026-02-13T21:40:01+00:00\" \/>\n<meta property=\"og:image\" content=\"https:\/\/quatroair.com\/wp-content\/uploads\/2024\/11\/ivac-2b.webp\" \/>\n\t<meta property=\"og:image:width\" content=\"480\" \/>\n\t<meta property=\"og:image:height\" content=\"320\" \/>\n\t<meta property=\"og:image:type\" content=\"image\/webp\" \/>\n<meta name=\"twitter:card\" content=\"summary_large_image\" \/>\n<meta name=\"twitter:site\" content=\"@QuatroAir\" \/>\n<meta name=\"twitter:label1\" content=\"Dur\u00e9e de lecture estim\u00e9e\" \/>\n\t<meta name=\"twitter:data1\" content=\"2 minutes\" \/>\n<script type=\"application\/ld+json\" class=\"yoast-schema-graph\">{\"@context\":\"https:\/\/schema.org\",\"@graph\":[{\"@type\":\"WebPage\",\"@id\":\"https:\/\/quatroair.com\/industries\/dental\/bench\/bench-self-cleaning\/ivac-2-b-compact\",\"url\":\"https:\/\/quatroair.com\/industries\/dental\/bench\/bench-self-cleaning\/ivac-2-b-compact\",\"name\":\"IVAC 2.B COMPACT - Quatro Air Techologies\",\"isPartOf\":{\"@id\":\"https:\/\/quatroair.com\/en\/#website\"},\"primaryImageOfPage\":{\"@id\":\"https:\/\/quatroair.com\/industries\/dental\/bench\/bench-self-cleaning\/ivac-2-b-compact#primaryimage\"},\"image\":{\"@id\":\"https:\/\/quatroair.com\/industries\/dental\/bench\/bench-self-cleaning\/ivac-2-b-compact#primaryimage\"},\"thumbnailUrl\":\"https:\/\/quatroair.com\/wp-content\/uploads\/2024\/11\/ivac-2b.webp\",\"datePublished\":\"2024-11-06T12:56:50+00:00\",\"dateModified\":\"2026-02-13T21:40:01+00:00\",\"description\":\"IVAC 2.B COMPACT BANC AUTONETTOYANT Num\u00e9ro de pi\u00e8ce : 1-0040-0010 Id\u00e9al\",\"breadcrumb\":{\"@id\":\"https:\/\/quatroair.com\/industries\/dental\/bench\/bench-self-cleaning\/ivac-2-b-compact#breadcrumb\"},\"inLanguage\":\"fr-FR\",\"potentialAction\":[{\"@type\":\"ReadAction\",\"target\":[\"https:\/\/quatroair.com\/industries\/dental\/bench\/bench-self-cleaning\/ivac-2-b-compact\"]}]},{\"@type\":\"ImageObject\",\"inLanguage\":\"fr-FR\",\"@id\":\"https:\/\/quatroair.com\/industries\/dental\/bench\/bench-self-cleaning\/ivac-2-b-compact#primaryimage\",\"url\":\"https:\/\/quatroair.com\/wp-content\/uploads\/2024\/11\/ivac-2b.webp\",\"contentUrl\":\"https:\/\/quatroair.com\/wp-content\/uploads\/2024\/11\/ivac-2b.webp\",\"width\":480,\"height\":320},{\"@type\":\"BreadcrumbList\",\"@id\":\"https:\/\/quatroair.com\/industries\/dental\/bench\/bench-self-cleaning\/ivac-2-b-compact#breadcrumb\",\"itemListElement\":[{\"@type\":\"ListItem\",\"position\":1,\"name\":\"Home\",\"item\":\"https:\/\/quatroair.com\/\"},{\"@type\":\"ListItem\",\"position\":2,\"name\":\"Products\",\"item\":\"https:\/\/quatroair.com\/shop__trashed\/\"},{\"@type\":\"ListItem\",\"position\":3,\"name\":\"IVAC 2.B COMPACT\"}]},{\"@type\":\"WebSite\",\"@id\":\"https:\/\/quatroair.com\/en\/#website\",\"url\":\"https:\/\/quatroair.com\/en\/\",\"name\":\"Quatro Air Techologies\",\"description\":\"Quatro Air provides effective clean air solutions designed to handle any air quality challenge in your home, office or business. Contact us today for details.\",\"publisher\":{\"@id\":\"https:\/\/quatroair.com\/en\/#organization\"},\"potentialAction\":[{\"@type\":\"SearchAction\",\"target\":{\"@type\":\"EntryPoint\",\"urlTemplate\":\"https:\/\/quatroair.com\/en\/?s={search_term_string}\"},\"query-input\":{\"@type\":\"PropertyValueSpecification\",\"valueRequired\":true,\"valueName\":\"search_term_string\"}}],\"inLanguage\":\"fr-FR\"},{\"@type\":\"Organization\",\"@id\":\"https:\/\/quatroair.com\/en\/#organization\",\"name\":\"Quatro Air Techologies\",\"url\":\"https:\/\/quatroair.com\/en\/\",\"logo\":{\"@type\":\"ImageObject\",\"inLanguage\":\"fr-FR\",\"@id\":\"https:\/\/quatroair.com\/en\/#\/schema\/logo\/image\/\",\"url\":\"https:\/\/quatroair.com\/wp-content\/uploads\/2024\/10\/logo.svg\",\"contentUrl\":\"https:\/\/quatroair.com\/wp-content\/uploads\/2024\/10\/logo.svg\",\"width\":708,\"height\":142,\"caption\":\"Quatro Air Techologies\"},\"image\":{\"@id\":\"https:\/\/quatroair.com\/en\/#\/schema\/logo\/image\/\"},\"sameAs\":[\"https:\/\/www.facebook.com\/QuatroAirTechnologies\",\"https:\/\/x.com\/QuatroAir\",\"https:\/\/www.youtube.com\/channel\/UCdTTBL7Pwwyr2JGybAn8Bxw\",\"https:\/\/www.linkedin.com\/company\/quatro-air-technologies\"]}]}<\/script>\n<!-- \/ Yoast SEO plugin. -->","yoast_head_json":{"title":"IVAC 2.B COMPACT - Quatro Air Techologies","description":"IVAC 2.B COMPACT BANC AUTONETTOYANT Num\u00e9ro de pi\u00e8ce : 1-0040-0010 Id\u00e9al","robots":{"index":"index","follow":"follow"},"canonical":"https:\/\/quatroair.com\/industries\/dental\/bench\/bench-self-cleaning\/ivac-2-b-compact","og_locale":"fr_FR","og_type":"article","og_title":"IVAC 2.B COMPACT - Quatro Air Techologies","og_description":"IVAC 2.B COMPACT BANC AUTONETTOYANT Num\u00e9ro de pi\u00e8ce : 1-0040-0010 Id\u00e9al","og_url":"https:\/\/quatroair.com\/industries\/dental\/bench\/bench-self-cleaning\/ivac-2-b-compact","og_site_name":"Quatro Air Techologies","article_publisher":"https:\/\/www.facebook.com\/QuatroAirTechnologies","article_modified_time":"2026-02-13T21:40:01+00:00","og_image":[{"width":480,"height":320,"url":"https:\/\/quatroair.com\/wp-content\/uploads\/2024\/11\/ivac-2b.webp","type":"image\/webp"}],"twitter_card":"summary_large_image","twitter_site":"@QuatroAir","twitter_misc":{"Dur\u00e9e de lecture estim\u00e9e":"2 minutes"},"schema":{"@context":"https:\/\/schema.org","@graph":[{"@type":"WebPage","@id":"https:\/\/quatroair.com\/industries\/dental\/bench\/bench-self-cleaning\/ivac-2-b-compact","url":"https:\/\/quatroair.com\/industries\/dental\/bench\/bench-self-cleaning\/ivac-2-b-compact","name":"IVAC 2.B COMPACT - Quatro Air Techologies","isPartOf":{"@id":"https:\/\/quatroair.com\/en\/#website"},"primaryImageOfPage":{"@id":"https:\/\/quatroair.com\/industries\/dental\/bench\/bench-self-cleaning\/ivac-2-b-compact#primaryimage"},"image":{"@id":"https:\/\/quatroair.com\/industries\/dental\/bench\/bench-self-cleaning\/ivac-2-b-compact#primaryimage"},"thumbnailUrl":"https:\/\/quatroair.com\/wp-content\/uploads\/2024\/11\/ivac-2b.webp","datePublished":"2024-11-06T12:56:50+00:00","dateModified":"2026-02-13T21:40:01+00:00","description":"IVAC 2.B COMPACT BANC AUTONETTOYANT Num\u00e9ro de pi\u00e8ce : 1-0040-0010 Id\u00e9al","breadcrumb":{"@id":"https:\/\/quatroair.com\/industries\/dental\/bench\/bench-self-cleaning\/ivac-2-b-compact#breadcrumb"},"inLanguage":"fr-FR","potentialAction":[{"@type":"ReadAction","target":["https:\/\/quatroair.com\/industries\/dental\/bench\/bench-self-cleaning\/ivac-2-b-compact"]}]},{"@type":"ImageObject","inLanguage":"fr-FR","@id":"https:\/\/quatroair.com\/industries\/dental\/bench\/bench-self-cleaning\/ivac-2-b-compact#primaryimage","url":"https:\/\/quatroair.com\/wp-content\/uploads\/2024\/11\/ivac-2b.webp","contentUrl":"https:\/\/quatroair.com\/wp-content\/uploads\/2024\/11\/ivac-2b.webp","width":480,"height":320},{"@type":"BreadcrumbList","@id":"https:\/\/quatroair.com\/industries\/dental\/bench\/bench-self-cleaning\/ivac-2-b-compact#breadcrumb","itemListElement":[{"@type":"ListItem","position":1,"name":"Home","item":"https:\/\/quatroair.com\/"},{"@type":"ListItem","position":2,"name":"Products","item":"https:\/\/quatroair.com\/shop__trashed\/"},{"@type":"ListItem","position":3,"name":"IVAC 2.B COMPACT"}]},{"@type":"WebSite","@id":"https:\/\/quatroair.com\/en\/#website","url":"https:\/\/quatroair.com\/en\/","name":"Quatro Air Techologies","description":"Quatro Air provides effective clean air solutions designed to handle any air quality challenge in your home, office or business. Contact us today for details.","publisher":{"@id":"https:\/\/quatroair.com\/en\/#organization"},"potentialAction":[{"@type":"SearchAction","target":{"@type":"EntryPoint","urlTemplate":"https:\/\/quatroair.com\/en\/?s={search_term_string}"},"query-input":{"@type":"PropertyValueSpecification","valueRequired":true,"valueName":"search_term_string"}}],"inLanguage":"fr-FR"},{"@type":"Organization","@id":"https:\/\/quatroair.com\/en\/#organization","name":"Quatro Air Techologies","url":"https:\/\/quatroair.com\/en\/","logo":{"@type":"ImageObject","inLanguage":"fr-FR","@id":"https:\/\/quatroair.com\/en\/#\/schema\/logo\/image\/","url":"https:\/\/quatroair.com\/wp-content\/uploads\/2024\/10\/logo.svg","contentUrl":"https:\/\/quatroair.com\/wp-content\/uploads\/2024\/10\/logo.svg","width":708,"height":142,"caption":"Quatro Air Techologies"},"image":{"@id":"https:\/\/quatroair.com\/en\/#\/schema\/logo\/image\/"},"sameAs":["https:\/\/www.facebook.com\/QuatroAirTechnologies","https:\/\/x.com\/QuatroAir","https:\/\/www.youtube.com\/channel\/UCdTTBL7Pwwyr2JGybAn8Bxw","https:\/\/www.linkedin.com\/company\/quatro-air-technologies"]}]}},"_links":{"self":[{"href":"https:\/\/quatroair.com\/fr\/wp-json\/wp\/v2\/product\/5869","targetHints":{"allow":["GET"]}}],"collection":[{"href":"https:\/\/quatroair.com\/fr\/wp-json\/wp\/v2\/product"}],"about":[{"href":"https:\/\/quatroair.com\/fr\/wp-json\/wp\/v2\/types\/product"}],"replies":[{"embeddable":true,"href":"https:\/\/quatroair.com\/fr\/wp-json\/wp\/v2\/comments?post=5869"}],"version-history":[{"count":9,"href":"https:\/\/quatroair.com\/fr\/wp-json\/wp\/v2\/product\/5869\/revisions"}],"predecessor-version":[{"id":12483,"href":"https:\/\/quatroair.com\/fr\/wp-json\/wp\/v2\/product\/5869\/revisions\/12483"}],"wp:featuredmedia":[{"embeddable":true,"href":"https:\/\/quatroair.com\/fr\/wp-json\/wp\/v2\/media\/4701"}],"wp:attachment":[{"href":"https:\/\/quatroair.com\/fr\/wp-json\/wp\/v2\/media?parent=5869"}],"wp:term":[{"taxonomy":"product_cat","embeddable":true,"href":"https:\/\/quatroair.com\/fr\/wp-json\/wp\/v2\/product_cat?post=5869"},{"taxonomy":"product_tag","embeddable":true,"href":"https:\/\/quatroair.com\/fr\/wp-json\/wp\/v2\/product_tag?post=5869"}],"curies":[{"name":"wp","href":"https:\/\/api.w.org\/{rel}","templated":true}]}}