{"id":5868,"date":"2024-11-06T13:07:28","date_gmt":"2024-11-06T13:07:28","guid":{"rendered":"https:\/\/quatroair.com\/product\/jetstream-healthsmart-infinity\/"},"modified":"2026-01-17T16:33:59","modified_gmt":"2026-01-17T16:33:59","slug":"jetstream-healthsmart-infinity","status":"publish","type":"product","link":"https:\/\/quatroair.com\/fr\/industries\/dental\/bench\/bench-filter-bag\/jetstream-healthsmart-infinity","title":{"rendered":"JetStream Sant\u00e9 Intelligente Infini"},"content":{"rendered":"<h3>Pr\u00e9sentation<\/h3>\n<ul>\n<li>Conception compacte et peu encombrante<\/li>\n<li>Acc\u00e8s rapide aux moteurs et aux filtres<\/li>\n<li>Id\u00e9al pour la collecte et le confinement du sable, du quartz, de la zircone, de la c\u00e9ramique, des alliages, des perles de verre, des r\u00e9sines, des acryliques, du gypse, de la pierre moul\u00e9e et de la d\u00e9coupe de mod\u00e8les secs<\/li>\n<\/ul>\n<h3>Avantages<\/h3>\n<ul>\n<li>Moteur hybride unique INFINITY pour une puissance suppl\u00e9mentaire et dur\u00e9e de vie prolong\u00e9e du moteur<\/li>\n<li>Sac filtrant antimicrobien, antiallergique et SEALBLE pour une capture optimale et s\u00fbre des d\u00e9bris<\/li>\n<\/ul>\n<h3>Caract\u00e9ristiques<\/h3>\n<ul>\n<li>Filtre HEPA, efficacit\u00e9 de 99,97 % sur les particules submicroniques comme la fine poussi\u00e8re de zircone<\/li>\n<li>Conception \u00e0 vitesse variable<\/li>\n<li>Comprend : s\u00e9parateur en <b> T <\/b> (#AR019), 2 tuyaux d&rsquo;aspiration de 6 pieds 1,5 de diam\u00e8tre<\/li>\n<\/ul>\n<h3>Options<\/h3>\n<ul>\n<li>P\u00e9dale ou interrupteur manuel pour d\u00e9marrage-arr\u00eat \u00e0 distance de 6 pieds (#AA114\/#AA011)<\/li>\n<li>P\u00e9dale ou interrupteur manuel \u00e0 2 stations pour d\u00e9marrage-arr\u00eat \u00e0 distance (#AA224\/#AA572)<\/li>\n<\/ul>\n","protected":false},"excerpt":{"rendered":"<p>Le JetStream HealthSmart INFINITY est un extracteur de poussi\u00e8re compact \u00e0 2 stations, sans allergie, dot\u00e9 d&rsquo;un puissant moteur hybride INFINITY pour les applications d&rsquo;\u00e9tabli l\u00e9g\u00e8res qui comprend un filtre HEPA.<\/p>\n","protected":false},"featured_media":4702,"comment_status":"open","ping_status":"closed","template":"","meta":{"_acf_changed":false},"product_cat":[88],"product_tag":[],"class_list":{"0":"post-5868","1":"product","2":"type-product","3":"status-publish","4":"has-post-thumbnail","6":"product_cat-nocategroy-fr","8":"first","9":"instock","10":"shipping-taxable","11":"product-type-simple"},"acf":[],"yoast_head":"<!-- This site is optimized with the Yoast SEO plugin v26.9 - https:\/\/yoast.com\/product\/yoast-seo-wordpress\/ -->\n<title>JetStream Sant\u00e9 Intelligente Infini - Quatro Air Techologies<\/title>\n<meta name=\"description\" content=\"etStream HealthSmart Infinity BANC DE SACS FILTRANTS Num\u00e9ro de pi\u00e8ce :\" \/>\n<meta name=\"robots\" content=\"index, follow\" \/>\n<link rel=\"canonical\" href=\"https:\/\/quatroair.com\/industries\/dental\/bench\/bench-filter-bag\/jetstream-healthsmart-infinity\" \/>\n<meta property=\"og:locale\" content=\"fr_FR\" \/>\n<meta property=\"og:type\" content=\"article\" \/>\n<meta property=\"og:title\" content=\"JetStream Sant\u00e9 Intelligente Infini - Quatro Air Techologies\" \/>\n<meta property=\"og:description\" content=\"etStream HealthSmart Infinity BANC DE SACS FILTRANTS Num\u00e9ro de pi\u00e8ce :\" \/>\n<meta property=\"og:url\" content=\"https:\/\/quatroair.com\/industries\/dental\/bench\/bench-filter-bag\/jetstream-healthsmart-infinity\" \/>\n<meta property=\"og:site_name\" content=\"Quatro Air Techologies\" \/>\n<meta property=\"article:publisher\" content=\"https:\/\/www.facebook.com\/QuatroAirTechnologies\" \/>\n<meta property=\"article:modified_time\" content=\"2026-01-17T16:33:59+00:00\" \/>\n<meta property=\"og:image\" content=\"https:\/\/quatroair.com\/wp-content\/uploads\/2024\/11\/jetstream-healthsmart.webp\" \/>\n\t<meta property=\"og:image:width\" content=\"480\" \/>\n\t<meta property=\"og:image:height\" content=\"320\" \/>\n\t<meta property=\"og:image:type\" content=\"image\/webp\" \/>\n<meta name=\"twitter:card\" content=\"summary_large_image\" \/>\n<meta name=\"twitter:site\" content=\"@QuatroAir\" \/>\n<meta name=\"twitter:label1\" content=\"Dur\u00e9e de lecture estim\u00e9e\" \/>\n\t<meta name=\"twitter:data1\" content=\"1 minute\" \/>\n<script type=\"application\/ld+json\" class=\"yoast-schema-graph\">{\"@context\":\"https:\/\/schema.org\",\"@graph\":[{\"@type\":\"WebPage\",\"@id\":\"https:\/\/quatroair.com\/industries\/dental\/bench\/bench-filter-bag\/jetstream-healthsmart-infinity\",\"url\":\"https:\/\/quatroair.com\/industries\/dental\/bench\/bench-filter-bag\/jetstream-healthsmart-infinity\",\"name\":\"JetStream Sant\u00e9 Intelligente Infini - Quatro Air Techologies\",\"isPartOf\":{\"@id\":\"https:\/\/quatroair.com\/en\/#website\"},\"primaryImageOfPage\":{\"@id\":\"https:\/\/quatroair.com\/industries\/dental\/bench\/bench-filter-bag\/jetstream-healthsmart-infinity#primaryimage\"},\"image\":{\"@id\":\"https:\/\/quatroair.com\/industries\/dental\/bench\/bench-filter-bag\/jetstream-healthsmart-infinity#primaryimage\"},\"thumbnailUrl\":\"https:\/\/quatroair.com\/wp-content\/uploads\/2024\/11\/jetstream-healthsmart.webp\",\"datePublished\":\"2024-11-06T13:07:28+00:00\",\"dateModified\":\"2026-01-17T16:33:59+00:00\",\"description\":\"etStream HealthSmart Infinity BANC DE SACS FILTRANTS Num\u00e9ro de pi\u00e8ce :\",\"breadcrumb\":{\"@id\":\"https:\/\/quatroair.com\/industries\/dental\/bench\/bench-filter-bag\/jetstream-healthsmart-infinity#breadcrumb\"},\"inLanguage\":\"fr-FR\",\"potentialAction\":[{\"@type\":\"ReadAction\",\"target\":[\"https:\/\/quatroair.com\/industries\/dental\/bench\/bench-filter-bag\/jetstream-healthsmart-infinity\"]}]},{\"@type\":\"ImageObject\",\"inLanguage\":\"fr-FR\",\"@id\":\"https:\/\/quatroair.com\/industries\/dental\/bench\/bench-filter-bag\/jetstream-healthsmart-infinity#primaryimage\",\"url\":\"https:\/\/quatroair.com\/wp-content\/uploads\/2024\/11\/jetstream-healthsmart.webp\",\"contentUrl\":\"https:\/\/quatroair.com\/wp-content\/uploads\/2024\/11\/jetstream-healthsmart.webp\",\"width\":480,\"height\":320},{\"@type\":\"BreadcrumbList\",\"@id\":\"https:\/\/quatroair.com\/industries\/dental\/bench\/bench-filter-bag\/jetstream-healthsmart-infinity#breadcrumb\",\"itemListElement\":[{\"@type\":\"ListItem\",\"position\":1,\"name\":\"Home\",\"item\":\"https:\/\/quatroair.com\/\"},{\"@type\":\"ListItem\",\"position\":2,\"name\":\"Products\",\"item\":\"https:\/\/quatroair.com\/shop__trashed\/\"},{\"@type\":\"ListItem\",\"position\":3,\"name\":\"JetStream Sant\u00e9 Intelligente Infini\"}]},{\"@type\":\"WebSite\",\"@id\":\"https:\/\/quatroair.com\/en\/#website\",\"url\":\"https:\/\/quatroair.com\/en\/\",\"name\":\"Quatro Air Techologies\",\"description\":\"Quatro Air provides effective clean air solutions designed to handle any air quality challenge in your home, office or business. Contact us today for details.\",\"publisher\":{\"@id\":\"https:\/\/quatroair.com\/en\/#organization\"},\"potentialAction\":[{\"@type\":\"SearchAction\",\"target\":{\"@type\":\"EntryPoint\",\"urlTemplate\":\"https:\/\/quatroair.com\/en\/?s={search_term_string}\"},\"query-input\":{\"@type\":\"PropertyValueSpecification\",\"valueRequired\":true,\"valueName\":\"search_term_string\"}}],\"inLanguage\":\"fr-FR\"},{\"@type\":\"Organization\",\"@id\":\"https:\/\/quatroair.com\/en\/#organization\",\"name\":\"Quatro Air Techologies\",\"url\":\"https:\/\/quatroair.com\/en\/\",\"logo\":{\"@type\":\"ImageObject\",\"inLanguage\":\"fr-FR\",\"@id\":\"https:\/\/quatroair.com\/en\/#\/schema\/logo\/image\/\",\"url\":\"https:\/\/quatroair.com\/wp-content\/uploads\/2024\/10\/logo.svg\",\"contentUrl\":\"https:\/\/quatroair.com\/wp-content\/uploads\/2024\/10\/logo.svg\",\"width\":708,\"height\":142,\"caption\":\"Quatro Air Techologies\"},\"image\":{\"@id\":\"https:\/\/quatroair.com\/en\/#\/schema\/logo\/image\/\"},\"sameAs\":[\"https:\/\/www.facebook.com\/QuatroAirTechnologies\",\"https:\/\/x.com\/QuatroAir\",\"https:\/\/www.youtube.com\/channel\/UCdTTBL7Pwwyr2JGybAn8Bxw\",\"https:\/\/www.linkedin.com\/company\/quatro-air-technologies\"]}]}<\/script>\n<!-- \/ Yoast SEO plugin. -->","yoast_head_json":{"title":"JetStream Sant\u00e9 Intelligente Infini - Quatro Air Techologies","description":"etStream HealthSmart Infinity BANC DE SACS FILTRANTS Num\u00e9ro de pi\u00e8ce :","robots":{"index":"index","follow":"follow"},"canonical":"https:\/\/quatroair.com\/industries\/dental\/bench\/bench-filter-bag\/jetstream-healthsmart-infinity","og_locale":"fr_FR","og_type":"article","og_title":"JetStream Sant\u00e9 Intelligente Infini - Quatro Air Techologies","og_description":"etStream HealthSmart Infinity BANC DE SACS FILTRANTS Num\u00e9ro de pi\u00e8ce :","og_url":"https:\/\/quatroair.com\/industries\/dental\/bench\/bench-filter-bag\/jetstream-healthsmart-infinity","og_site_name":"Quatro Air Techologies","article_publisher":"https:\/\/www.facebook.com\/QuatroAirTechnologies","article_modified_time":"2026-01-17T16:33:59+00:00","og_image":[{"width":480,"height":320,"url":"https:\/\/quatroair.com\/wp-content\/uploads\/2024\/11\/jetstream-healthsmart.webp","type":"image\/webp"}],"twitter_card":"summary_large_image","twitter_site":"@QuatroAir","twitter_misc":{"Dur\u00e9e de lecture estim\u00e9e":"1 minute"},"schema":{"@context":"https:\/\/schema.org","@graph":[{"@type":"WebPage","@id":"https:\/\/quatroair.com\/industries\/dental\/bench\/bench-filter-bag\/jetstream-healthsmart-infinity","url":"https:\/\/quatroair.com\/industries\/dental\/bench\/bench-filter-bag\/jetstream-healthsmart-infinity","name":"JetStream Sant\u00e9 Intelligente Infini - Quatro Air Techologies","isPartOf":{"@id":"https:\/\/quatroair.com\/en\/#website"},"primaryImageOfPage":{"@id":"https:\/\/quatroair.com\/industries\/dental\/bench\/bench-filter-bag\/jetstream-healthsmart-infinity#primaryimage"},"image":{"@id":"https:\/\/quatroair.com\/industries\/dental\/bench\/bench-filter-bag\/jetstream-healthsmart-infinity#primaryimage"},"thumbnailUrl":"https:\/\/quatroair.com\/wp-content\/uploads\/2024\/11\/jetstream-healthsmart.webp","datePublished":"2024-11-06T13:07:28+00:00","dateModified":"2026-01-17T16:33:59+00:00","description":"etStream HealthSmart Infinity BANC DE SACS FILTRANTS Num\u00e9ro de pi\u00e8ce :","breadcrumb":{"@id":"https:\/\/quatroair.com\/industries\/dental\/bench\/bench-filter-bag\/jetstream-healthsmart-infinity#breadcrumb"},"inLanguage":"fr-FR","potentialAction":[{"@type":"ReadAction","target":["https:\/\/quatroair.com\/industries\/dental\/bench\/bench-filter-bag\/jetstream-healthsmart-infinity"]}]},{"@type":"ImageObject","inLanguage":"fr-FR","@id":"https:\/\/quatroair.com\/industries\/dental\/bench\/bench-filter-bag\/jetstream-healthsmart-infinity#primaryimage","url":"https:\/\/quatroair.com\/wp-content\/uploads\/2024\/11\/jetstream-healthsmart.webp","contentUrl":"https:\/\/quatroair.com\/wp-content\/uploads\/2024\/11\/jetstream-healthsmart.webp","width":480,"height":320},{"@type":"BreadcrumbList","@id":"https:\/\/quatroair.com\/industries\/dental\/bench\/bench-filter-bag\/jetstream-healthsmart-infinity#breadcrumb","itemListElement":[{"@type":"ListItem","position":1,"name":"Home","item":"https:\/\/quatroair.com\/"},{"@type":"ListItem","position":2,"name":"Products","item":"https:\/\/quatroair.com\/shop__trashed\/"},{"@type":"ListItem","position":3,"name":"JetStream Sant\u00e9 Intelligente Infini"}]},{"@type":"WebSite","@id":"https:\/\/quatroair.com\/en\/#website","url":"https:\/\/quatroair.com\/en\/","name":"Quatro Air Techologies","description":"Quatro Air provides effective clean air solutions designed to handle any air quality challenge in your home, office or business. Contact us today for details.","publisher":{"@id":"https:\/\/quatroair.com\/en\/#organization"},"potentialAction":[{"@type":"SearchAction","target":{"@type":"EntryPoint","urlTemplate":"https:\/\/quatroair.com\/en\/?s={search_term_string}"},"query-input":{"@type":"PropertyValueSpecification","valueRequired":true,"valueName":"search_term_string"}}],"inLanguage":"fr-FR"},{"@type":"Organization","@id":"https:\/\/quatroair.com\/en\/#organization","name":"Quatro Air Techologies","url":"https:\/\/quatroair.com\/en\/","logo":{"@type":"ImageObject","inLanguage":"fr-FR","@id":"https:\/\/quatroair.com\/en\/#\/schema\/logo\/image\/","url":"https:\/\/quatroair.com\/wp-content\/uploads\/2024\/10\/logo.svg","contentUrl":"https:\/\/quatroair.com\/wp-content\/uploads\/2024\/10\/logo.svg","width":708,"height":142,"caption":"Quatro Air Techologies"},"image":{"@id":"https:\/\/quatroair.com\/en\/#\/schema\/logo\/image\/"},"sameAs":["https:\/\/www.facebook.com\/QuatroAirTechnologies","https:\/\/x.com\/QuatroAir","https:\/\/www.youtube.com\/channel\/UCdTTBL7Pwwyr2JGybAn8Bxw","https:\/\/www.linkedin.com\/company\/quatro-air-technologies"]}]}},"_links":{"self":[{"href":"https:\/\/quatroair.com\/fr\/wp-json\/wp\/v2\/product\/5868","targetHints":{"allow":["GET"]}}],"collection":[{"href":"https:\/\/quatroair.com\/fr\/wp-json\/wp\/v2\/product"}],"about":[{"href":"https:\/\/quatroair.com\/fr\/wp-json\/wp\/v2\/types\/product"}],"replies":[{"embeddable":true,"href":"https:\/\/quatroair.com\/fr\/wp-json\/wp\/v2\/comments?post=5868"}],"version-history":[{"count":11,"href":"https:\/\/quatroair.com\/fr\/wp-json\/wp\/v2\/product\/5868\/revisions"}],"predecessor-version":[{"id":12088,"href":"https:\/\/quatroair.com\/fr\/wp-json\/wp\/v2\/product\/5868\/revisions\/12088"}],"wp:featuredmedia":[{"embeddable":true,"href":"https:\/\/quatroair.com\/fr\/wp-json\/wp\/v2\/media\/4702"}],"wp:attachment":[{"href":"https:\/\/quatroair.com\/fr\/wp-json\/wp\/v2\/media?parent=5868"}],"wp:term":[{"taxonomy":"product_cat","embeddable":true,"href":"https:\/\/quatroair.com\/fr\/wp-json\/wp\/v2\/product_cat?post=5868"},{"taxonomy":"product_tag","embeddable":true,"href":"https:\/\/quatroair.com\/fr\/wp-json\/wp\/v2\/product_tag?post=5868"}],"curies":[{"name":"wp","href":"https:\/\/api.w.org\/{rel}","templated":true}]}}