{"id":5867,"date":"2024-11-06T13:22:35","date_gmt":"2024-11-06T13:22:35","guid":{"rendered":"https:\/\/quatroair.com\/product\/jetstream-asv-infinity\/"},"modified":"2026-01-17T16:41:04","modified_gmt":"2026-01-17T16:41:04","slug":"jetstream-asv-infinity","status":"publish","type":"product","link":"https:\/\/quatroair.com\/fr\/industries\/dental\/bench\/bench-filter-bag\/jetstream-asv-infinity","title":{"rendered":"JetStream ASV Infinity"},"content":{"rendered":"<h3>Pr\u00e9sentation<\/h3>\n<ul>\n<li>Conception compacte et peu encombrante<\/li>\n<li>Pr\u00eat pour ASV : \u00e0 utiliser avec les accessoires ASV<\/li>\n<li>Id\u00e9al pour la collecte et le confinement du sable, du quartz, de la zircone, de la c\u00e9ramique, des alliages, des perles de verre, des r\u00e9sines, des acryliques, du gypse, de la pierre moul\u00e9e et de la d\u00e9coupe de mod\u00e8les secs<\/li>\n<\/ul>\n<h3>Avantages<\/h3>\n<ul>\n<li>Les accessoires dot\u00e9s de la technologie ASV aident \u00e0 g\u00e9rer flux d&rsquo;air<\/li>\n<li>Moteur hybride INFINITY unique pour plus de puissance et une dur\u00e9e de vie prolong\u00e9e du moteur<\/li>\n<li>Sac filtrant antimicrobien, anti-allergique et SEALBLE pour une capture optimale des d\u00e9bris en toute s\u00e9curit\u00e9<\/li>\n<\/ul>\n<h3>Caract\u00e9ristiques<\/h3>\n<ul>\n<li>Filtre HEPA, efficacit\u00e9 de 99,97 % sur les particules submicroniques comme la fine poussi\u00e8re de zircone<\/li>\n<li>Conception \u00e0 vitesse variable<\/li>\n<li>Pression pleine du sac indicateur<\/li>\n<li>Comprend : s\u00e9parateur en <b> T\u00a0 <\/b>(#AR019), 2 tuyaux d&rsquo;aspiration de 6 pieds de 1,5 pouces de diam\u00e8tre, c\u00e2ble de connecteur ASV (AE750)<\/li>\n<\/ul>\n<h3>Options<\/h3>\n<ul>\n<li>P\u00e9dale ou interrupteur manuel pour d\u00e9marrage-arr\u00eat \u00e0 distance de 6 pieds (#AA175\/#AA375)<\/li>\n<li>P\u00e9dale ou interrupteur manuel \u00e0 2 stations pour t\u00e9l\u00e9commande Start-Stop (#AA442\/#AA432)<\/li>\n<\/ul>\n","protected":false},"excerpt":{"rendered":"<p>Le JetStream ASV INFINITY est un extracteur de poussi\u00e8re compact \u00e0 2 stations, sans allergie, dot\u00e9 d&rsquo;un puissant moteur hybride INFINITY \u00e0 utiliser avec les accessoires ASV.<\/p>\n","protected":false},"featured_media":8928,"comment_status":"open","ping_status":"closed","template":"","meta":{"_acf_changed":false},"product_cat":[88],"product_tag":[],"class_list":{"0":"post-5867","1":"product","2":"type-product","3":"status-publish","4":"has-post-thumbnail","6":"product_cat-nocategroy-fr","8":"first","9":"instock","10":"shipping-taxable","11":"product-type-simple"},"acf":[],"yoast_head":"<!-- This site is optimized with the Yoast SEO plugin v26.9 - https:\/\/yoast.com\/product\/yoast-seo-wordpress\/ -->\n<title>JetStream ASV Infinity - Quatro Air Techologies<\/title>\n<meta name=\"description\" content=\"Pour le quartz, la zircone, la c\u00e9ramique, les billes de verre, les alliages, les\" \/>\n<meta name=\"robots\" content=\"index, follow\" \/>\n<link rel=\"canonical\" href=\"https:\/\/quatroair.com\/industries\/dental\/bench\/bench-filter-bag\/jetstream-asv-infinity\" \/>\n<meta property=\"og:locale\" content=\"fr_FR\" \/>\n<meta property=\"og:type\" content=\"article\" \/>\n<meta property=\"og:title\" content=\"JetStream ASV Infinity - Quatro Air Techologies\" \/>\n<meta property=\"og:description\" content=\"Pour le quartz, la zircone, la c\u00e9ramique, les billes de verre, les alliages, les\" \/>\n<meta property=\"og:url\" content=\"https:\/\/quatroair.com\/industries\/dental\/bench\/bench-filter-bag\/jetstream-asv-infinity\" \/>\n<meta property=\"og:site_name\" content=\"Quatro Air Techologies\" \/>\n<meta property=\"article:publisher\" content=\"https:\/\/www.facebook.com\/QuatroAirTechnologies\" \/>\n<meta property=\"article:modified_time\" content=\"2026-01-17T16:41:04+00:00\" \/>\n<meta property=\"og:image\" content=\"https:\/\/quatroair.com\/wp-content\/uploads\/2024\/11\/JetStream-ASV-C3.png\" \/>\n\t<meta property=\"og:image:width\" content=\"700\" \/>\n\t<meta property=\"og:image:height\" content=\"420\" \/>\n\t<meta property=\"og:image:type\" content=\"image\/png\" \/>\n<meta name=\"twitter:card\" content=\"summary_large_image\" \/>\n<meta name=\"twitter:site\" content=\"@QuatroAir\" \/>\n<meta name=\"twitter:label1\" content=\"Dur\u00e9e de lecture estim\u00e9e\" \/>\n\t<meta name=\"twitter:data1\" content=\"1 minute\" \/>\n<script type=\"application\/ld+json\" class=\"yoast-schema-graph\">{\"@context\":\"https:\/\/schema.org\",\"@graph\":[{\"@type\":\"WebPage\",\"@id\":\"https:\/\/quatroair.com\/industries\/dental\/bench\/bench-filter-bag\/jetstream-asv-infinity\",\"url\":\"https:\/\/quatroair.com\/industries\/dental\/bench\/bench-filter-bag\/jetstream-asv-infinity\",\"name\":\"JetStream ASV Infinity - Quatro Air Techologies\",\"isPartOf\":{\"@id\":\"https:\/\/quatroair.com\/en\/#website\"},\"primaryImageOfPage\":{\"@id\":\"https:\/\/quatroair.com\/industries\/dental\/bench\/bench-filter-bag\/jetstream-asv-infinity#primaryimage\"},\"image\":{\"@id\":\"https:\/\/quatroair.com\/industries\/dental\/bench\/bench-filter-bag\/jetstream-asv-infinity#primaryimage\"},\"thumbnailUrl\":\"https:\/\/quatroair.com\/wp-content\/uploads\/2024\/11\/JetStream-ASV-C3.png\",\"datePublished\":\"2024-11-06T13:22:35+00:00\",\"dateModified\":\"2026-01-17T16:41:04+00:00\",\"description\":\"Pour le quartz, la zircone, la c\u00e9ramique, les billes de verre, les alliages, les\",\"breadcrumb\":{\"@id\":\"https:\/\/quatroair.com\/industries\/dental\/bench\/bench-filter-bag\/jetstream-asv-infinity#breadcrumb\"},\"inLanguage\":\"fr-FR\",\"potentialAction\":[{\"@type\":\"ReadAction\",\"target\":[\"https:\/\/quatroair.com\/industries\/dental\/bench\/bench-filter-bag\/jetstream-asv-infinity\"]}]},{\"@type\":\"ImageObject\",\"inLanguage\":\"fr-FR\",\"@id\":\"https:\/\/quatroair.com\/industries\/dental\/bench\/bench-filter-bag\/jetstream-asv-infinity#primaryimage\",\"url\":\"https:\/\/quatroair.com\/wp-content\/uploads\/2024\/11\/JetStream-ASV-C3.png\",\"contentUrl\":\"https:\/\/quatroair.com\/wp-content\/uploads\/2024\/11\/JetStream-ASV-C3.png\",\"width\":700,\"height\":420},{\"@type\":\"BreadcrumbList\",\"@id\":\"https:\/\/quatroair.com\/industries\/dental\/bench\/bench-filter-bag\/jetstream-asv-infinity#breadcrumb\",\"itemListElement\":[{\"@type\":\"ListItem\",\"position\":1,\"name\":\"Home\",\"item\":\"https:\/\/quatroair.com\/\"},{\"@type\":\"ListItem\",\"position\":2,\"name\":\"Products\",\"item\":\"https:\/\/quatroair.com\/shop__trashed\/\"},{\"@type\":\"ListItem\",\"position\":3,\"name\":\"JetStream ASV Infinity\"}]},{\"@type\":\"WebSite\",\"@id\":\"https:\/\/quatroair.com\/en\/#website\",\"url\":\"https:\/\/quatroair.com\/en\/\",\"name\":\"Quatro Air Techologies\",\"description\":\"Quatro Air provides effective clean air solutions designed to handle any air quality challenge in your home, office or business. Contact us today for details.\",\"publisher\":{\"@id\":\"https:\/\/quatroair.com\/en\/#organization\"},\"potentialAction\":[{\"@type\":\"SearchAction\",\"target\":{\"@type\":\"EntryPoint\",\"urlTemplate\":\"https:\/\/quatroair.com\/en\/?s={search_term_string}\"},\"query-input\":{\"@type\":\"PropertyValueSpecification\",\"valueRequired\":true,\"valueName\":\"search_term_string\"}}],\"inLanguage\":\"fr-FR\"},{\"@type\":\"Organization\",\"@id\":\"https:\/\/quatroair.com\/en\/#organization\",\"name\":\"Quatro Air Techologies\",\"url\":\"https:\/\/quatroair.com\/en\/\",\"logo\":{\"@type\":\"ImageObject\",\"inLanguage\":\"fr-FR\",\"@id\":\"https:\/\/quatroair.com\/en\/#\/schema\/logo\/image\/\",\"url\":\"https:\/\/quatroair.com\/wp-content\/uploads\/2024\/10\/logo.svg\",\"contentUrl\":\"https:\/\/quatroair.com\/wp-content\/uploads\/2024\/10\/logo.svg\",\"width\":708,\"height\":142,\"caption\":\"Quatro Air Techologies\"},\"image\":{\"@id\":\"https:\/\/quatroair.com\/en\/#\/schema\/logo\/image\/\"},\"sameAs\":[\"https:\/\/www.facebook.com\/QuatroAirTechnologies\",\"https:\/\/x.com\/QuatroAir\",\"https:\/\/www.youtube.com\/channel\/UCdTTBL7Pwwyr2JGybAn8Bxw\",\"https:\/\/www.linkedin.com\/company\/quatro-air-technologies\"]}]}<\/script>\n<!-- \/ Yoast SEO plugin. -->","yoast_head_json":{"title":"JetStream ASV Infinity - Quatro Air Techologies","description":"Pour le quartz, la zircone, la c\u00e9ramique, les billes de verre, les alliages, les","robots":{"index":"index","follow":"follow"},"canonical":"https:\/\/quatroair.com\/industries\/dental\/bench\/bench-filter-bag\/jetstream-asv-infinity","og_locale":"fr_FR","og_type":"article","og_title":"JetStream ASV Infinity - Quatro Air Techologies","og_description":"Pour le quartz, la zircone, la c\u00e9ramique, les billes de verre, les alliages, les","og_url":"https:\/\/quatroair.com\/industries\/dental\/bench\/bench-filter-bag\/jetstream-asv-infinity","og_site_name":"Quatro Air Techologies","article_publisher":"https:\/\/www.facebook.com\/QuatroAirTechnologies","article_modified_time":"2026-01-17T16:41:04+00:00","og_image":[{"width":700,"height":420,"url":"https:\/\/quatroair.com\/wp-content\/uploads\/2024\/11\/JetStream-ASV-C3.png","type":"image\/png"}],"twitter_card":"summary_large_image","twitter_site":"@QuatroAir","twitter_misc":{"Dur\u00e9e de lecture estim\u00e9e":"1 minute"},"schema":{"@context":"https:\/\/schema.org","@graph":[{"@type":"WebPage","@id":"https:\/\/quatroair.com\/industries\/dental\/bench\/bench-filter-bag\/jetstream-asv-infinity","url":"https:\/\/quatroair.com\/industries\/dental\/bench\/bench-filter-bag\/jetstream-asv-infinity","name":"JetStream ASV Infinity - Quatro Air Techologies","isPartOf":{"@id":"https:\/\/quatroair.com\/en\/#website"},"primaryImageOfPage":{"@id":"https:\/\/quatroair.com\/industries\/dental\/bench\/bench-filter-bag\/jetstream-asv-infinity#primaryimage"},"image":{"@id":"https:\/\/quatroair.com\/industries\/dental\/bench\/bench-filter-bag\/jetstream-asv-infinity#primaryimage"},"thumbnailUrl":"https:\/\/quatroair.com\/wp-content\/uploads\/2024\/11\/JetStream-ASV-C3.png","datePublished":"2024-11-06T13:22:35+00:00","dateModified":"2026-01-17T16:41:04+00:00","description":"Pour le quartz, la zircone, la c\u00e9ramique, les billes de verre, les alliages, les","breadcrumb":{"@id":"https:\/\/quatroair.com\/industries\/dental\/bench\/bench-filter-bag\/jetstream-asv-infinity#breadcrumb"},"inLanguage":"fr-FR","potentialAction":[{"@type":"ReadAction","target":["https:\/\/quatroair.com\/industries\/dental\/bench\/bench-filter-bag\/jetstream-asv-infinity"]}]},{"@type":"ImageObject","inLanguage":"fr-FR","@id":"https:\/\/quatroair.com\/industries\/dental\/bench\/bench-filter-bag\/jetstream-asv-infinity#primaryimage","url":"https:\/\/quatroair.com\/wp-content\/uploads\/2024\/11\/JetStream-ASV-C3.png","contentUrl":"https:\/\/quatroair.com\/wp-content\/uploads\/2024\/11\/JetStream-ASV-C3.png","width":700,"height":420},{"@type":"BreadcrumbList","@id":"https:\/\/quatroair.com\/industries\/dental\/bench\/bench-filter-bag\/jetstream-asv-infinity#breadcrumb","itemListElement":[{"@type":"ListItem","position":1,"name":"Home","item":"https:\/\/quatroair.com\/"},{"@type":"ListItem","position":2,"name":"Products","item":"https:\/\/quatroair.com\/shop__trashed\/"},{"@type":"ListItem","position":3,"name":"JetStream ASV Infinity"}]},{"@type":"WebSite","@id":"https:\/\/quatroair.com\/en\/#website","url":"https:\/\/quatroair.com\/en\/","name":"Quatro Air Techologies","description":"Quatro Air provides effective clean air solutions designed to handle any air quality challenge in your home, office or business. Contact us today for details.","publisher":{"@id":"https:\/\/quatroair.com\/en\/#organization"},"potentialAction":[{"@type":"SearchAction","target":{"@type":"EntryPoint","urlTemplate":"https:\/\/quatroair.com\/en\/?s={search_term_string}"},"query-input":{"@type":"PropertyValueSpecification","valueRequired":true,"valueName":"search_term_string"}}],"inLanguage":"fr-FR"},{"@type":"Organization","@id":"https:\/\/quatroair.com\/en\/#organization","name":"Quatro Air Techologies","url":"https:\/\/quatroair.com\/en\/","logo":{"@type":"ImageObject","inLanguage":"fr-FR","@id":"https:\/\/quatroair.com\/en\/#\/schema\/logo\/image\/","url":"https:\/\/quatroair.com\/wp-content\/uploads\/2024\/10\/logo.svg","contentUrl":"https:\/\/quatroair.com\/wp-content\/uploads\/2024\/10\/logo.svg","width":708,"height":142,"caption":"Quatro Air Techologies"},"image":{"@id":"https:\/\/quatroair.com\/en\/#\/schema\/logo\/image\/"},"sameAs":["https:\/\/www.facebook.com\/QuatroAirTechnologies","https:\/\/x.com\/QuatroAir","https:\/\/www.youtube.com\/channel\/UCdTTBL7Pwwyr2JGybAn8Bxw","https:\/\/www.linkedin.com\/company\/quatro-air-technologies"]}]}},"_links":{"self":[{"href":"https:\/\/quatroair.com\/fr\/wp-json\/wp\/v2\/product\/5867","targetHints":{"allow":["GET"]}}],"collection":[{"href":"https:\/\/quatroair.com\/fr\/wp-json\/wp\/v2\/product"}],"about":[{"href":"https:\/\/quatroair.com\/fr\/wp-json\/wp\/v2\/types\/product"}],"replies":[{"embeddable":true,"href":"https:\/\/quatroair.com\/fr\/wp-json\/wp\/v2\/comments?post=5867"}],"version-history":[{"count":13,"href":"https:\/\/quatroair.com\/fr\/wp-json\/wp\/v2\/product\/5867\/revisions"}],"predecessor-version":[{"id":12092,"href":"https:\/\/quatroair.com\/fr\/wp-json\/wp\/v2\/product\/5867\/revisions\/12092"}],"wp:featuredmedia":[{"embeddable":true,"href":"https:\/\/quatroair.com\/fr\/wp-json\/wp\/v2\/media\/8928"}],"wp:attachment":[{"href":"https:\/\/quatroair.com\/fr\/wp-json\/wp\/v2\/media?parent=5867"}],"wp:term":[{"taxonomy":"product_cat","embeddable":true,"href":"https:\/\/quatroair.com\/fr\/wp-json\/wp\/v2\/product_cat?post=5867"},{"taxonomy":"product_tag","embeddable":true,"href":"https:\/\/quatroair.com\/fr\/wp-json\/wp\/v2\/product_tag?post=5867"}],"curies":[{"name":"wp","href":"https:\/\/api.w.org\/{rel}","templated":true}]}}