{"id":5866,"date":"2024-11-11T14:04:24","date_gmt":"2024-11-11T14:04:24","guid":{"rendered":"https:\/\/quatroair.com\/product\/spu-superflow\/"},"modified":"2025-11-27T20:30:30","modified_gmt":"2025-11-27T20:30:30","slug":"spu-superflow","status":"publish","type":"product","link":"https:\/\/quatroair.com\/fr\/industries\/jewelry\/polishing-grinding\/spu-superflow","title":{"rendered":"SPU SuperFlux"},"content":{"rendered":"<ul>\n<li>Id\u00e9al pour le polissage intensif (plus de 4 heures par jour)<\/li>\n<li>Solution ultime pour le POLISSAGE \/ LE BROYAGE \/ LA R\u00c9CUP\u00c9RATION<\/li>\n<li>La technologie du moteur sans balai PREMIUM HIGH-PRESSURE permet d&rsquo;augmenter le d\u00e9bit d&rsquo;air et l&rsquo;aspiration.<\/li>\n<li>Capture et confinement sup\u00e9rieurs gr\u00e2ce \u00e0 un syst\u00e8me de filtration progressif en deux \u00e9tapes<\/li>\n<li>Capturez\/contenez les m\u00e9taux pr\u00e9cieux dans des sacs filtrants de grande capacit\u00e9 et scellables pour un rendement maximal de l&rsquo;affinage.<\/li>\n<li>V\u00e9ritable filtre HEPA, il garantit une efficacit\u00e9 de 99,97 % pour la capture des particules de m\u00e9taux pr\u00e9cieux.<\/li>\n<li>Capacit\u00e9 de stockage des d\u00e9bris augment\u00e9e de 50 % (3 sacs filtrants)<\/li>\n<li>L&rsquo;indicateur de pression vous avertit lorsque les filtres doivent \u00eatre remplac\u00e9s<\/li>\n<li>Le syst\u00e8me de d\u00e9rivation du filtre, sp\u00e9cialement con\u00e7u, maximise l&rsquo;efficacit\u00e9 de la capture des rougeurs.<\/li>\n<li>2 capots ClearView \u00e9clair\u00e9s par des diodes \u00e9lectroluminescentes (LED) recouvrent enti\u00e8rement les zones tampons, emprisonnant les poussi\u00e8res et les compos\u00e9s de m\u00e9taux pr\u00e9cieux \u00e0 l&rsquo;int\u00e9rieur.<\/li>\n<li>Contr\u00f4le du moteur \u00e0 vitesse variable<\/li>\n<li>Le syst\u00e8me ASV int\u00e9gr\u00e9 permet\n<ul>\n<li>D\u00e9marrage\/arr\u00eat automatique du d\u00e9poussi\u00e9reur depuis l&rsquo;int\u00e9rieur du ClearView<\/li>\n<li>\u00c9teignez un ClearView pour que l&rsquo;autre fonctionne \u00e0 plein r\u00e9gime.<\/li>\n<\/ul>\n<\/li>\n<li>La loupe int\u00e9gr\u00e9e permet de voir de pr\u00e8s si n\u00e9cessaire.<\/li>\n<li>Nettoyage facile de la chambre de stockage \u00e0 votre convenance, prolonge la dur\u00e9e de vie des sacs filtrants<\/li>\n<li>Trous pr\u00e9-perc\u00e9s pour la plupart des moteurs de polissage<\/li>\n<li>Technologie de moteur sans balais PREMIUM HIGH-PRESSURE AUSSI DISPONIBLE POUR LES MODELES SPU LAPPER ET DOUBLE<\/li>\n<li>La hauteur du comptoir est de 35&Prime; (889mm), achetez le kit de roulettes (#AA037) pour plus de mobilit\u00e9 et pour augmenter la hauteur de 2&Prime; (50mm).<\/li>\n<li>Moteur de polissage NON COMPRIS<\/li>\n<li>En option : roulettes pour la mobilit\u00e9 (#AA037), tiroirs lat\u00e9raux gauche ou droit (#AA210), silencieux pour une meilleure suppression du bruit (#H250), p\u00e9dale de d\u00e9marrage\/arr\u00eat \u00e0 distance avec c\u00e2ble de 6 pieds (#AA375).<\/li>\n<\/ul>\n","protected":false},"excerpt":{"rendered":"<p>Syst\u00e8me de polissage autonome<br \/>\nDeux stations LED ClearView, un moteur de polissage. Solution ultime pour le polissage, le meulage et la r\u00e9cup\u00e9ration.<\/p>\n","protected":false},"featured_media":4708,"comment_status":"open","ping_status":"closed","template":"","meta":{"_acf_changed":false},"product_cat":[88],"product_tag":[],"class_list":{"0":"post-5866","1":"product","2":"type-product","3":"status-publish","4":"has-post-thumbnail","6":"product_cat-nocategroy-fr","8":"first","9":"instock","10":"shipping-taxable","11":"product-type-simple"},"acf":[],"yoast_head":"<!-- This site is optimized with the Yoast SEO plugin v26.9 - https:\/\/yoast.com\/product\/yoast-seo-wordpress\/ -->\n<title>SPU SuperFlux - Quatro Air Techologies<\/title>\n<meta name=\"description\" content=\"Id\u00e9al pour le polissage intensif (plus de 4 heures par jour) Solution ultime pour\" \/>\n<meta name=\"robots\" content=\"index, follow\" \/>\n<link rel=\"canonical\" href=\"https:\/\/quatroair.com\/jewlery\/polishing-grinding\/spu-superflow\/\" \/>\n<meta property=\"og:locale\" content=\"fr_FR\" \/>\n<meta property=\"og:type\" content=\"article\" \/>\n<meta property=\"og:title\" content=\"SPU SuperFlux - Quatro Air Techologies\" \/>\n<meta property=\"og:description\" content=\"Id\u00e9al pour le polissage intensif (plus de 4 heures par jour) Solution ultime pour\" \/>\n<meta property=\"og:url\" content=\"https:\/\/quatroair.com\/jewlery\/polishing-grinding\/spu-superflow\/\" \/>\n<meta property=\"og:site_name\" content=\"Quatro Air Techologies\" \/>\n<meta property=\"article:publisher\" content=\"https:\/\/www.facebook.com\/QuatroAirTechnologies\" \/>\n<meta property=\"article:modified_time\" content=\"2025-11-27T20:30:30+00:00\" \/>\n<meta property=\"og:image\" content=\"https:\/\/quatroair.com\/wp-content\/uploads\/2024\/11\/spu-superflow.webp\" \/>\n\t<meta property=\"og:image:width\" content=\"480\" \/>\n\t<meta property=\"og:image:height\" content=\"320\" \/>\n\t<meta property=\"og:image:type\" content=\"image\/webp\" \/>\n<meta name=\"twitter:card\" content=\"summary_large_image\" \/>\n<meta name=\"twitter:site\" content=\"@QuatroAir\" \/>\n<meta name=\"twitter:label1\" content=\"Dur\u00e9e de lecture estim\u00e9e\" \/>\n\t<meta name=\"twitter:data1\" content=\"2 minutes\" \/>\n<script type=\"application\/ld+json\" class=\"yoast-schema-graph\">{\"@context\":\"https:\/\/schema.org\",\"@graph\":[{\"@type\":\"WebPage\",\"@id\":\"https:\/\/quatroair.com\/jewlery\/polishing-grinding\/spu-superflow\/\",\"url\":\"https:\/\/quatroair.com\/jewlery\/polishing-grinding\/spu-superflow\/\",\"name\":\"SPU SuperFlux - Quatro Air Techologies\",\"isPartOf\":{\"@id\":\"https:\/\/quatroair.com\/en\/#website\"},\"primaryImageOfPage\":{\"@id\":\"https:\/\/quatroair.com\/jewlery\/polishing-grinding\/spu-superflow\/#primaryimage\"},\"image\":{\"@id\":\"https:\/\/quatroair.com\/jewlery\/polishing-grinding\/spu-superflow\/#primaryimage\"},\"thumbnailUrl\":\"https:\/\/quatroair.com\/wp-content\/uploads\/2024\/11\/spu-superflow.webp\",\"datePublished\":\"2024-11-11T14:04:24+00:00\",\"dateModified\":\"2025-11-27T20:30:30+00:00\",\"description\":\"Id\u00e9al pour le polissage intensif (plus de 4 heures par jour) Solution ultime pour\",\"breadcrumb\":{\"@id\":\"https:\/\/quatroair.com\/jewlery\/polishing-grinding\/spu-superflow\/#breadcrumb\"},\"inLanguage\":\"fr-FR\",\"potentialAction\":[{\"@type\":\"ReadAction\",\"target\":[\"https:\/\/quatroair.com\/jewlery\/polishing-grinding\/spu-superflow\/\"]}]},{\"@type\":\"ImageObject\",\"inLanguage\":\"fr-FR\",\"@id\":\"https:\/\/quatroair.com\/jewlery\/polishing-grinding\/spu-superflow\/#primaryimage\",\"url\":\"https:\/\/quatroair.com\/wp-content\/uploads\/2024\/11\/spu-superflow.webp\",\"contentUrl\":\"https:\/\/quatroair.com\/wp-content\/uploads\/2024\/11\/spu-superflow.webp\",\"width\":480,\"height\":320},{\"@type\":\"BreadcrumbList\",\"@id\":\"https:\/\/quatroair.com\/jewlery\/polishing-grinding\/spu-superflow\/#breadcrumb\",\"itemListElement\":[{\"@type\":\"ListItem\",\"position\":1,\"name\":\"Home\",\"item\":\"https:\/\/quatroair.com\/\"},{\"@type\":\"ListItem\",\"position\":2,\"name\":\"Products\",\"item\":\"https:\/\/quatroair.com\/shop__trashed\/\"},{\"@type\":\"ListItem\",\"position\":3,\"name\":\"SPU SuperFlux\"}]},{\"@type\":\"WebSite\",\"@id\":\"https:\/\/quatroair.com\/en\/#website\",\"url\":\"https:\/\/quatroair.com\/en\/\",\"name\":\"Quatro Air Techologies\",\"description\":\"Quatro Air provides effective clean air solutions designed to handle any air quality challenge in your home, office or business. Contact us today for details.\",\"publisher\":{\"@id\":\"https:\/\/quatroair.com\/en\/#organization\"},\"potentialAction\":[{\"@type\":\"SearchAction\",\"target\":{\"@type\":\"EntryPoint\",\"urlTemplate\":\"https:\/\/quatroair.com\/en\/?s={search_term_string}\"},\"query-input\":{\"@type\":\"PropertyValueSpecification\",\"valueRequired\":true,\"valueName\":\"search_term_string\"}}],\"inLanguage\":\"fr-FR\"},{\"@type\":\"Organization\",\"@id\":\"https:\/\/quatroair.com\/en\/#organization\",\"name\":\"Quatro Air Techologies\",\"url\":\"https:\/\/quatroair.com\/en\/\",\"logo\":{\"@type\":\"ImageObject\",\"inLanguage\":\"fr-FR\",\"@id\":\"https:\/\/quatroair.com\/en\/#\/schema\/logo\/image\/\",\"url\":\"https:\/\/quatroair.com\/wp-content\/uploads\/2024\/10\/logo.svg\",\"contentUrl\":\"https:\/\/quatroair.com\/wp-content\/uploads\/2024\/10\/logo.svg\",\"width\":708,\"height\":142,\"caption\":\"Quatro Air Techologies\"},\"image\":{\"@id\":\"https:\/\/quatroair.com\/en\/#\/schema\/logo\/image\/\"},\"sameAs\":[\"https:\/\/www.facebook.com\/QuatroAirTechnologies\",\"https:\/\/x.com\/QuatroAir\",\"https:\/\/www.youtube.com\/channel\/UCdTTBL7Pwwyr2JGybAn8Bxw\",\"https:\/\/www.linkedin.com\/company\/quatro-air-technologies\"]}]}<\/script>\n<!-- \/ Yoast SEO plugin. -->","yoast_head_json":{"title":"SPU SuperFlux - Quatro Air Techologies","description":"Id\u00e9al pour le polissage intensif (plus de 4 heures par jour) Solution ultime pour","robots":{"index":"index","follow":"follow"},"canonical":"https:\/\/quatroair.com\/jewlery\/polishing-grinding\/spu-superflow\/","og_locale":"fr_FR","og_type":"article","og_title":"SPU SuperFlux - Quatro Air Techologies","og_description":"Id\u00e9al pour le polissage intensif (plus de 4 heures par jour) Solution ultime pour","og_url":"https:\/\/quatroair.com\/jewlery\/polishing-grinding\/spu-superflow\/","og_site_name":"Quatro Air Techologies","article_publisher":"https:\/\/www.facebook.com\/QuatroAirTechnologies","article_modified_time":"2025-11-27T20:30:30+00:00","og_image":[{"width":480,"height":320,"url":"https:\/\/quatroair.com\/wp-content\/uploads\/2024\/11\/spu-superflow.webp","type":"image\/webp"}],"twitter_card":"summary_large_image","twitter_site":"@QuatroAir","twitter_misc":{"Dur\u00e9e de lecture estim\u00e9e":"2 minutes"},"schema":{"@context":"https:\/\/schema.org","@graph":[{"@type":"WebPage","@id":"https:\/\/quatroair.com\/jewlery\/polishing-grinding\/spu-superflow\/","url":"https:\/\/quatroair.com\/jewlery\/polishing-grinding\/spu-superflow\/","name":"SPU SuperFlux - Quatro Air Techologies","isPartOf":{"@id":"https:\/\/quatroair.com\/en\/#website"},"primaryImageOfPage":{"@id":"https:\/\/quatroair.com\/jewlery\/polishing-grinding\/spu-superflow\/#primaryimage"},"image":{"@id":"https:\/\/quatroair.com\/jewlery\/polishing-grinding\/spu-superflow\/#primaryimage"},"thumbnailUrl":"https:\/\/quatroair.com\/wp-content\/uploads\/2024\/11\/spu-superflow.webp","datePublished":"2024-11-11T14:04:24+00:00","dateModified":"2025-11-27T20:30:30+00:00","description":"Id\u00e9al pour le polissage intensif (plus de 4 heures par jour) Solution ultime pour","breadcrumb":{"@id":"https:\/\/quatroair.com\/jewlery\/polishing-grinding\/spu-superflow\/#breadcrumb"},"inLanguage":"fr-FR","potentialAction":[{"@type":"ReadAction","target":["https:\/\/quatroair.com\/jewlery\/polishing-grinding\/spu-superflow\/"]}]},{"@type":"ImageObject","inLanguage":"fr-FR","@id":"https:\/\/quatroair.com\/jewlery\/polishing-grinding\/spu-superflow\/#primaryimage","url":"https:\/\/quatroair.com\/wp-content\/uploads\/2024\/11\/spu-superflow.webp","contentUrl":"https:\/\/quatroair.com\/wp-content\/uploads\/2024\/11\/spu-superflow.webp","width":480,"height":320},{"@type":"BreadcrumbList","@id":"https:\/\/quatroair.com\/jewlery\/polishing-grinding\/spu-superflow\/#breadcrumb","itemListElement":[{"@type":"ListItem","position":1,"name":"Home","item":"https:\/\/quatroair.com\/"},{"@type":"ListItem","position":2,"name":"Products","item":"https:\/\/quatroair.com\/shop__trashed\/"},{"@type":"ListItem","position":3,"name":"SPU SuperFlux"}]},{"@type":"WebSite","@id":"https:\/\/quatroair.com\/en\/#website","url":"https:\/\/quatroair.com\/en\/","name":"Quatro Air Techologies","description":"Quatro Air provides effective clean air solutions designed to handle any air quality challenge in your home, office or business. Contact us today for details.","publisher":{"@id":"https:\/\/quatroair.com\/en\/#organization"},"potentialAction":[{"@type":"SearchAction","target":{"@type":"EntryPoint","urlTemplate":"https:\/\/quatroair.com\/en\/?s={search_term_string}"},"query-input":{"@type":"PropertyValueSpecification","valueRequired":true,"valueName":"search_term_string"}}],"inLanguage":"fr-FR"},{"@type":"Organization","@id":"https:\/\/quatroair.com\/en\/#organization","name":"Quatro Air Techologies","url":"https:\/\/quatroair.com\/en\/","logo":{"@type":"ImageObject","inLanguage":"fr-FR","@id":"https:\/\/quatroair.com\/en\/#\/schema\/logo\/image\/","url":"https:\/\/quatroair.com\/wp-content\/uploads\/2024\/10\/logo.svg","contentUrl":"https:\/\/quatroair.com\/wp-content\/uploads\/2024\/10\/logo.svg","width":708,"height":142,"caption":"Quatro Air Techologies"},"image":{"@id":"https:\/\/quatroair.com\/en\/#\/schema\/logo\/image\/"},"sameAs":["https:\/\/www.facebook.com\/QuatroAirTechnologies","https:\/\/x.com\/QuatroAir","https:\/\/www.youtube.com\/channel\/UCdTTBL7Pwwyr2JGybAn8Bxw","https:\/\/www.linkedin.com\/company\/quatro-air-technologies"]}]}},"_links":{"self":[{"href":"https:\/\/quatroair.com\/fr\/wp-json\/wp\/v2\/product\/5866","targetHints":{"allow":["GET"]}}],"collection":[{"href":"https:\/\/quatroair.com\/fr\/wp-json\/wp\/v2\/product"}],"about":[{"href":"https:\/\/quatroair.com\/fr\/wp-json\/wp\/v2\/types\/product"}],"replies":[{"embeddable":true,"href":"https:\/\/quatroair.com\/fr\/wp-json\/wp\/v2\/comments?post=5866"}],"version-history":[{"count":8,"href":"https:\/\/quatroair.com\/fr\/wp-json\/wp\/v2\/product\/5866\/revisions"}],"predecessor-version":[{"id":11772,"href":"https:\/\/quatroair.com\/fr\/wp-json\/wp\/v2\/product\/5866\/revisions\/11772"}],"wp:featuredmedia":[{"embeddable":true,"href":"https:\/\/quatroair.com\/fr\/wp-json\/wp\/v2\/media\/4708"}],"wp:attachment":[{"href":"https:\/\/quatroair.com\/fr\/wp-json\/wp\/v2\/media?parent=5866"}],"wp:term":[{"taxonomy":"product_cat","embeddable":true,"href":"https:\/\/quatroair.com\/fr\/wp-json\/wp\/v2\/product_cat?post=5866"},{"taxonomy":"product_tag","embeddable":true,"href":"https:\/\/quatroair.com\/fr\/wp-json\/wp\/v2\/product_tag?post=5866"}],"curies":[{"name":"wp","href":"https:\/\/api.w.org\/{rel}","templated":true}]}}