{"id":5860,"date":"2024-11-12T13:34:26","date_gmt":"2024-11-12T13:34:26","guid":{"rendered":"https:\/\/quatroair.com\/product\/basic\/"},"modified":"2025-10-22T21:06:25","modified_gmt":"2025-10-22T21:06:25","slug":"basic","status":"publish","type":"product","link":"https:\/\/quatroair.com\/fr\/products\/dust-collectors\/hobby-units\/basic","title":{"rendered":"D\u00e9poussi\u00e9reur et extracteur de fum\u00e9e polyvalent Basic"},"content":{"rendered":"<p>Puissant, compact et portatif, le Basic est un d\u00e9poussi\u00e9reur et extracteur de fum\u00e9es compact polyvalent qui offre une polyvalence et d\u2019excellents r\u00e9sultats. Il construit en acier soud\u00e9 de gros calibre. Il comprend une turbine \u00e0 grande vitesse et un syst\u00e8me de filtration \u00e9prouv\u00e9 qui inclus un sac jetable, une cartouche HEPA et un filtre \u00e0 phase gazeuse. Son fonctionnement est tr\u00e8s silencieux.<\/p>\n<h2 class=\"h2-products\">Avantages<\/h2>\n<ul>\n<li>Conception compacte pr\u00eate \u00e0 l&#8217;emploi<\/li>\n<li>Encombrement ultra-r\u00e9duit<\/li>\n<li>Efficacit\u00e9 de 99,97 % \u00e0 0,3 \u00b5m.<\/li>\n<li>Certifi\u00e9 CE et CSA<\/li>\n<\/ul>\n<h2>Caract\u00e9ristiques<\/h2>\n<ul>\n<li>Fonctionnement silencieux (att\u00e9nuateur int\u00e9gr\u00e9)<\/li>\n<li>Raccord 1,5&Prime;<\/li>\n<li>Interrupteur manuel inclus<\/li>\n<li>Tuyau de 6 pi inclus<\/li>\n<\/ul>\n<h2>Options<\/h2>\n<ul>\n<li>Plusieurs configurations de s\u00e9quences de filtres (voir <a style=\"font-weight: bold;\" title=\"Sp\u00e9cifications techniques\" href=\"depoussiereur-basic-caracteristiques-techniques\">Sp\u00e9cifications techniques<\/a>)<\/li>\n<\/ul>\n","protected":false},"excerpt":{"rendered":"<p>Collecteur de poussi\u00e8re \u00e0 profil bas<br \/>\n\u00c9limination rapide et simple des poussi\u00e8res avec ce d\u00e9poussi\u00e9reur l\u00e9ger \u00e0 profil bas. Fonctionnement silencieux.<\/p>\n","protected":false},"featured_media":4992,"comment_status":"open","ping_status":"closed","template":"","meta":{"_acf_changed":false},"product_cat":[88],"product_tag":[],"class_list":{"0":"post-5860","1":"product","2":"type-product","3":"status-publish","4":"has-post-thumbnail","6":"product_cat-nocategroy-fr","8":"first","9":"instock","10":"shipping-taxable","11":"product-type-simple"},"acf":[],"yoast_head":"<!-- This site is optimized with the Yoast SEO plugin v26.9 - https:\/\/yoast.com\/product\/yoast-seo-wordpress\/ -->\n<title>D\u00e9poussi\u00e9reur et extracteur de fum\u00e9e polyvalent Basic - Quatro Air Techologies<\/title>\n<meta name=\"description\" content=\"Puissant, compact et portatif, le Basic est un d\u00e9poussi\u00e9reur et extracteur de fum\u00e9es\" \/>\n<meta name=\"robots\" content=\"index, follow\" \/>\n<link rel=\"canonical\" href=\"https:\/\/quatroair.com\/fr\/depoussiereurs\/hobby-units\/basic\" \/>\n<meta property=\"og:locale\" content=\"fr_FR\" \/>\n<meta property=\"og:type\" content=\"article\" \/>\n<meta property=\"og:title\" content=\"D\u00e9poussi\u00e9reur et extracteur de fum\u00e9e polyvalent Basic - Quatro Air Techologies\" \/>\n<meta property=\"og:description\" content=\"Puissant, compact et portatif, le Basic est un d\u00e9poussi\u00e9reur et extracteur de fum\u00e9es\" \/>\n<meta property=\"og:url\" content=\"https:\/\/quatroair.com\/fr\/depoussiereurs\/hobby-units\/basic\" \/>\n<meta property=\"og:site_name\" content=\"Quatro Air Techologies\" \/>\n<meta property=\"article:publisher\" content=\"https:\/\/www.facebook.com\/QuatroAirTechnologies\" \/>\n<meta property=\"article:modified_time\" content=\"2025-10-22T21:06:25+00:00\" \/>\n<meta property=\"og:image\" content=\"https:\/\/quatroair.com\/wp-content\/uploads\/2024\/11\/Basic-480x320-2.webp\" \/>\n\t<meta property=\"og:image:width\" content=\"480\" \/>\n\t<meta property=\"og:image:height\" content=\"320\" \/>\n\t<meta property=\"og:image:type\" content=\"image\/webp\" \/>\n<meta name=\"twitter:card\" content=\"summary_large_image\" \/>\n<meta name=\"twitter:site\" content=\"@QuatroAir\" \/>\n<meta name=\"twitter:label1\" content=\"Dur\u00e9e de lecture estim\u00e9e\" \/>\n\t<meta name=\"twitter:data1\" content=\"1 minute\" \/>\n<script type=\"application\/ld+json\" class=\"yoast-schema-graph\">{\"@context\":\"https:\/\/schema.org\",\"@graph\":[{\"@type\":\"WebPage\",\"@id\":\"https:\/\/quatroair.com\/fr\/depoussiereurs\/hobby-units\/basic\",\"url\":\"https:\/\/quatroair.com\/fr\/depoussiereurs\/hobby-units\/basic\",\"name\":\"D\u00e9poussi\u00e9reur et extracteur de fum\u00e9e polyvalent Basic - Quatro Air Techologies\",\"isPartOf\":{\"@id\":\"https:\/\/quatroair.com\/en\/#website\"},\"primaryImageOfPage\":{\"@id\":\"https:\/\/quatroair.com\/fr\/depoussiereurs\/hobby-units\/basic#primaryimage\"},\"image\":{\"@id\":\"https:\/\/quatroair.com\/fr\/depoussiereurs\/hobby-units\/basic#primaryimage\"},\"thumbnailUrl\":\"https:\/\/quatroair.com\/wp-content\/uploads\/2024\/11\/Basic-480x320-2.webp\",\"datePublished\":\"2024-11-12T13:34:26+00:00\",\"dateModified\":\"2025-10-22T21:06:25+00:00\",\"description\":\"Puissant, compact et portatif, le Basic est un d\u00e9poussi\u00e9reur et extracteur de fum\u00e9es\",\"breadcrumb\":{\"@id\":\"https:\/\/quatroair.com\/fr\/depoussiereurs\/hobby-units\/basic#breadcrumb\"},\"inLanguage\":\"fr-FR\",\"potentialAction\":[{\"@type\":\"ReadAction\",\"target\":[\"https:\/\/quatroair.com\/fr\/depoussiereurs\/hobby-units\/basic\"]}]},{\"@type\":\"ImageObject\",\"inLanguage\":\"fr-FR\",\"@id\":\"https:\/\/quatroair.com\/fr\/depoussiereurs\/hobby-units\/basic#primaryimage\",\"url\":\"https:\/\/quatroair.com\/wp-content\/uploads\/2024\/11\/Basic-480x320-2.webp\",\"contentUrl\":\"https:\/\/quatroair.com\/wp-content\/uploads\/2024\/11\/Basic-480x320-2.webp\",\"width\":480,\"height\":320},{\"@type\":\"BreadcrumbList\",\"@id\":\"https:\/\/quatroair.com\/fr\/depoussiereurs\/hobby-units\/basic#breadcrumb\",\"itemListElement\":[{\"@type\":\"ListItem\",\"position\":1,\"name\":\"Home\",\"item\":\"https:\/\/quatroair.com\/\"},{\"@type\":\"ListItem\",\"position\":2,\"name\":\"Products\",\"item\":\"https:\/\/quatroair.com\/shop__trashed\/\"},{\"@type\":\"ListItem\",\"position\":3,\"name\":\"D\u00e9poussi\u00e9reur et extracteur de fum\u00e9e polyvalent Basic\"}]},{\"@type\":\"WebSite\",\"@id\":\"https:\/\/quatroair.com\/en\/#website\",\"url\":\"https:\/\/quatroair.com\/en\/\",\"name\":\"Quatro Air Techologies\",\"description\":\"Quatro Air provides effective clean air solutions designed to handle any air quality challenge in your home, office or business. Contact us today for details.\",\"publisher\":{\"@id\":\"https:\/\/quatroair.com\/en\/#organization\"},\"potentialAction\":[{\"@type\":\"SearchAction\",\"target\":{\"@type\":\"EntryPoint\",\"urlTemplate\":\"https:\/\/quatroair.com\/en\/?s={search_term_string}\"},\"query-input\":{\"@type\":\"PropertyValueSpecification\",\"valueRequired\":true,\"valueName\":\"search_term_string\"}}],\"inLanguage\":\"fr-FR\"},{\"@type\":\"Organization\",\"@id\":\"https:\/\/quatroair.com\/en\/#organization\",\"name\":\"Quatro Air Techologies\",\"url\":\"https:\/\/quatroair.com\/en\/\",\"logo\":{\"@type\":\"ImageObject\",\"inLanguage\":\"fr-FR\",\"@id\":\"https:\/\/quatroair.com\/en\/#\/schema\/logo\/image\/\",\"url\":\"https:\/\/quatroair.com\/wp-content\/uploads\/2024\/10\/logo.svg\",\"contentUrl\":\"https:\/\/quatroair.com\/wp-content\/uploads\/2024\/10\/logo.svg\",\"width\":708,\"height\":142,\"caption\":\"Quatro Air Techologies\"},\"image\":{\"@id\":\"https:\/\/quatroair.com\/en\/#\/schema\/logo\/image\/\"},\"sameAs\":[\"https:\/\/www.facebook.com\/QuatroAirTechnologies\",\"https:\/\/x.com\/QuatroAir\",\"https:\/\/www.youtube.com\/channel\/UCdTTBL7Pwwyr2JGybAn8Bxw\",\"https:\/\/www.linkedin.com\/company\/quatro-air-technologies\"]}]}<\/script>\n<!-- \/ Yoast SEO plugin. -->","yoast_head_json":{"title":"D\u00e9poussi\u00e9reur et extracteur de fum\u00e9e polyvalent Basic - Quatro Air Techologies","description":"Puissant, compact et portatif, le Basic est un d\u00e9poussi\u00e9reur et extracteur de fum\u00e9es","robots":{"index":"index","follow":"follow"},"canonical":"https:\/\/quatroair.com\/fr\/depoussiereurs\/hobby-units\/basic","og_locale":"fr_FR","og_type":"article","og_title":"D\u00e9poussi\u00e9reur et extracteur de fum\u00e9e polyvalent Basic - Quatro Air Techologies","og_description":"Puissant, compact et portatif, le Basic est un d\u00e9poussi\u00e9reur et extracteur de fum\u00e9es","og_url":"https:\/\/quatroair.com\/fr\/depoussiereurs\/hobby-units\/basic","og_site_name":"Quatro Air Techologies","article_publisher":"https:\/\/www.facebook.com\/QuatroAirTechnologies","article_modified_time":"2025-10-22T21:06:25+00:00","og_image":[{"width":480,"height":320,"url":"https:\/\/quatroair.com\/wp-content\/uploads\/2024\/11\/Basic-480x320-2.webp","type":"image\/webp"}],"twitter_card":"summary_large_image","twitter_site":"@QuatroAir","twitter_misc":{"Dur\u00e9e de lecture estim\u00e9e":"1 minute"},"schema":{"@context":"https:\/\/schema.org","@graph":[{"@type":"WebPage","@id":"https:\/\/quatroair.com\/fr\/depoussiereurs\/hobby-units\/basic","url":"https:\/\/quatroair.com\/fr\/depoussiereurs\/hobby-units\/basic","name":"D\u00e9poussi\u00e9reur et extracteur de fum\u00e9e polyvalent Basic - Quatro Air Techologies","isPartOf":{"@id":"https:\/\/quatroair.com\/en\/#website"},"primaryImageOfPage":{"@id":"https:\/\/quatroair.com\/fr\/depoussiereurs\/hobby-units\/basic#primaryimage"},"image":{"@id":"https:\/\/quatroair.com\/fr\/depoussiereurs\/hobby-units\/basic#primaryimage"},"thumbnailUrl":"https:\/\/quatroair.com\/wp-content\/uploads\/2024\/11\/Basic-480x320-2.webp","datePublished":"2024-11-12T13:34:26+00:00","dateModified":"2025-10-22T21:06:25+00:00","description":"Puissant, compact et portatif, le Basic est un d\u00e9poussi\u00e9reur et extracteur de fum\u00e9es","breadcrumb":{"@id":"https:\/\/quatroair.com\/fr\/depoussiereurs\/hobby-units\/basic#breadcrumb"},"inLanguage":"fr-FR","potentialAction":[{"@type":"ReadAction","target":["https:\/\/quatroair.com\/fr\/depoussiereurs\/hobby-units\/basic"]}]},{"@type":"ImageObject","inLanguage":"fr-FR","@id":"https:\/\/quatroair.com\/fr\/depoussiereurs\/hobby-units\/basic#primaryimage","url":"https:\/\/quatroair.com\/wp-content\/uploads\/2024\/11\/Basic-480x320-2.webp","contentUrl":"https:\/\/quatroair.com\/wp-content\/uploads\/2024\/11\/Basic-480x320-2.webp","width":480,"height":320},{"@type":"BreadcrumbList","@id":"https:\/\/quatroair.com\/fr\/depoussiereurs\/hobby-units\/basic#breadcrumb","itemListElement":[{"@type":"ListItem","position":1,"name":"Home","item":"https:\/\/quatroair.com\/"},{"@type":"ListItem","position":2,"name":"Products","item":"https:\/\/quatroair.com\/shop__trashed\/"},{"@type":"ListItem","position":3,"name":"D\u00e9poussi\u00e9reur et extracteur de fum\u00e9e polyvalent Basic"}]},{"@type":"WebSite","@id":"https:\/\/quatroair.com\/en\/#website","url":"https:\/\/quatroair.com\/en\/","name":"Quatro Air Techologies","description":"Quatro Air provides effective clean air solutions designed to handle any air quality challenge in your home, office or business. Contact us today for details.","publisher":{"@id":"https:\/\/quatroair.com\/en\/#organization"},"potentialAction":[{"@type":"SearchAction","target":{"@type":"EntryPoint","urlTemplate":"https:\/\/quatroair.com\/en\/?s={search_term_string}"},"query-input":{"@type":"PropertyValueSpecification","valueRequired":true,"valueName":"search_term_string"}}],"inLanguage":"fr-FR"},{"@type":"Organization","@id":"https:\/\/quatroair.com\/en\/#organization","name":"Quatro Air Techologies","url":"https:\/\/quatroair.com\/en\/","logo":{"@type":"ImageObject","inLanguage":"fr-FR","@id":"https:\/\/quatroair.com\/en\/#\/schema\/logo\/image\/","url":"https:\/\/quatroair.com\/wp-content\/uploads\/2024\/10\/logo.svg","contentUrl":"https:\/\/quatroair.com\/wp-content\/uploads\/2024\/10\/logo.svg","width":708,"height":142,"caption":"Quatro Air Techologies"},"image":{"@id":"https:\/\/quatroair.com\/en\/#\/schema\/logo\/image\/"},"sameAs":["https:\/\/www.facebook.com\/QuatroAirTechnologies","https:\/\/x.com\/QuatroAir","https:\/\/www.youtube.com\/channel\/UCdTTBL7Pwwyr2JGybAn8Bxw","https:\/\/www.linkedin.com\/company\/quatro-air-technologies"]}]}},"_links":{"self":[{"href":"https:\/\/quatroair.com\/fr\/wp-json\/wp\/v2\/product\/5860","targetHints":{"allow":["GET"]}}],"collection":[{"href":"https:\/\/quatroair.com\/fr\/wp-json\/wp\/v2\/product"}],"about":[{"href":"https:\/\/quatroair.com\/fr\/wp-json\/wp\/v2\/types\/product"}],"replies":[{"embeddable":true,"href":"https:\/\/quatroair.com\/fr\/wp-json\/wp\/v2\/comments?post=5860"}],"version-history":[{"count":3,"href":"https:\/\/quatroair.com\/fr\/wp-json\/wp\/v2\/product\/5860\/revisions"}],"predecessor-version":[{"id":10990,"href":"https:\/\/quatroair.com\/fr\/wp-json\/wp\/v2\/product\/5860\/revisions\/10990"}],"wp:featuredmedia":[{"embeddable":true,"href":"https:\/\/quatroair.com\/fr\/wp-json\/wp\/v2\/media\/4992"}],"wp:attachment":[{"href":"https:\/\/quatroair.com\/fr\/wp-json\/wp\/v2\/media?parent=5860"}],"wp:term":[{"taxonomy":"product_cat","embeddable":true,"href":"https:\/\/quatroair.com\/fr\/wp-json\/wp\/v2\/product_cat?post=5860"},{"taxonomy":"product_tag","embeddable":true,"href":"https:\/\/quatroair.com\/fr\/wp-json\/wp\/v2\/product_tag?post=5860"}],"curies":[{"name":"wp","href":"https:\/\/api.w.org\/{rel}","templated":true}]}}