{"id":5858,"date":"2024-11-12T14:29:09","date_gmt":"2024-11-12T14:29:09","guid":{"rendered":"https:\/\/quatroair.com\/product\/sph-400-series\/"},"modified":"2025-11-16T16:39:09","modified_gmt":"2025-11-16T16:39:09","slug":"sph-400-series","status":"publish","type":"product","link":"https:\/\/quatroair.com\/fr\/products\/fume-extractors\/laser-units\/sph-400-series","title":{"rendered":"S\u00e9rie SPH 400"},"content":{"rendered":"<p>La s\u00e9rie d&rsquo;extracteurs de fum\u00e9e SPH 400 est con\u00e7ue pour les applications laser intensives. Dot\u00e9 d&rsquo;un syst\u00e8me de filtration \u00e0 plusieurs \u00e9tapes avec plusieurs configurations de s\u00e9quences de filtres pour r\u00e9pondre \u00e0 vos besoins, d&rsquo;un panneau de commande iSeries (num\u00e9rique) et de roulettes verrouillables robustes pour la portabilit\u00e9, le SPH 400 fournit tout ce dont vous avez besoin pour un syst\u00e8me d&rsquo;extraction de fum\u00e9e.<\/p>\n<h2 class=\"h2-products\">Avantages<\/h2>\n<ul>\n<li>Facile \u00e0 utiliser, pr\u00eat \u00e0 fonctionner<\/li>\n<li>Encombrement ultra-r\u00e9duit<\/li>\n<li>Fonctionnement silencieux<\/li>\n<li>Certifi\u00e9 CE et CSA, conforme RoHS<\/li>\n<\/ul>\n<h2>Caract\u00e9ristiques<\/h2>\n<ul>\n<li>Panneau de commande iSeries (num\u00e9rique)<\/li>\n<li>Syst\u00e8me de filtration \u00e0 plusieurs \u00e9tapes avec filtre HEPA<\/li>\n<li>Le joint de gel LaserBlue garantit un contournement z\u00e9ro du filtre<\/li>\n<li>Tuyau de 6 pieds inclus<\/li>\n<li>C\u00e2ble universel inclus &#8211; E427<\/li>\n<\/ul>\n<h2>Options<\/h2>\n<ul>\n<li>Moteurs double Infinity ou simple san brosse<\/li>\n<li>Raccord\/tuyau de 3&Prime; ou 4&Prime; de diam\u00e8tre<\/li>\n<li>Plusieurs configurations de s\u00e9quences de filtres (voir <a style=\"font-weight: bold;\" title=\"Afficher les options de configuration de la s\u00e9quence de filtres\" href=\"extracteur-de-fumee-sph-400-caracteristiques-techniques\">Sp\u00e9cifications techniques<\/a>)<\/li>\n<li>Tampon &#8211; F166<\/li>\n<\/ul>\n","protected":false},"excerpt":{"rendered":"<p>Compacte et portable, la s\u00e9rie d&rsquo;extracteurs de fum\u00e9e SPH 400 est con\u00e7ue pour les applications intensives.<\/p>\n","protected":false},"featured_media":4922,"comment_status":"open","ping_status":"closed","template":"","meta":{"_acf_changed":false},"product_cat":[88],"product_tag":[],"class_list":{"0":"post-5858","1":"product","2":"type-product","3":"status-publish","4":"has-post-thumbnail","6":"product_cat-nocategroy-fr","8":"first","9":"instock","10":"shipping-taxable","11":"product-type-simple"},"acf":[],"yoast_head":"<!-- This site is optimized with the Yoast SEO plugin v26.9 - https:\/\/yoast.com\/product\/yoast-seo-wordpress\/ -->\n<title>S\u00e9rie SPH 400 - Quatro Air Techologies<\/title>\n<meta name=\"description\" content=\"La s\u00e9rie d&#039;extracteurs de fum\u00e9e SPH 400 est con\u00e7ue pour les applications laser\" \/>\n<meta name=\"robots\" content=\"index, follow\" \/>\n<link rel=\"canonical\" href=\"https:\/\/quatroair.com\/fr\/extracteurs-de-fumee\/laser-units\/sph-400-series\" \/>\n<meta property=\"og:locale\" content=\"fr_FR\" \/>\n<meta property=\"og:type\" content=\"article\" \/>\n<meta property=\"og:title\" content=\"S\u00e9rie SPH 400 - Quatro Air Techologies\" \/>\n<meta property=\"og:description\" content=\"La s\u00e9rie d&#039;extracteurs de fum\u00e9e SPH 400 est con\u00e7ue pour les applications laser\" \/>\n<meta property=\"og:url\" content=\"https:\/\/quatroair.com\/fr\/extracteurs-de-fumee\/laser-units\/sph-400-series\" \/>\n<meta property=\"og:site_name\" content=\"Quatro Air Techologies\" \/>\n<meta property=\"article:publisher\" content=\"https:\/\/www.facebook.com\/QuatroAirTechnologies\" \/>\n<meta property=\"article:modified_time\" content=\"2025-11-16T16:39:09+00:00\" \/>\n<meta property=\"og:image\" content=\"https:\/\/quatroair.com\/wp-content\/uploads\/2024\/11\/SPH400-480x320-1.webp\" \/>\n\t<meta property=\"og:image:width\" content=\"480\" \/>\n\t<meta property=\"og:image:height\" content=\"320\" \/>\n\t<meta property=\"og:image:type\" content=\"image\/webp\" \/>\n<meta name=\"twitter:card\" content=\"summary_large_image\" \/>\n<meta name=\"twitter:site\" content=\"@QuatroAir\" \/>\n<meta name=\"twitter:label1\" content=\"Dur\u00e9e de lecture estim\u00e9e\" \/>\n\t<meta name=\"twitter:data1\" content=\"1 minute\" \/>\n<script type=\"application\/ld+json\" class=\"yoast-schema-graph\">{\"@context\":\"https:\/\/schema.org\",\"@graph\":[{\"@type\":\"WebPage\",\"@id\":\"https:\/\/quatroair.com\/fr\/extracteurs-de-fumee\/laser-units\/sph-400-series\",\"url\":\"https:\/\/quatroair.com\/fr\/extracteurs-de-fumee\/laser-units\/sph-400-series\",\"name\":\"S\u00e9rie SPH 400 - Quatro Air Techologies\",\"isPartOf\":{\"@id\":\"https:\/\/quatroair.com\/en\/#website\"},\"primaryImageOfPage\":{\"@id\":\"https:\/\/quatroair.com\/fr\/extracteurs-de-fumee\/laser-units\/sph-400-series#primaryimage\"},\"image\":{\"@id\":\"https:\/\/quatroair.com\/fr\/extracteurs-de-fumee\/laser-units\/sph-400-series#primaryimage\"},\"thumbnailUrl\":\"https:\/\/quatroair.com\/wp-content\/uploads\/2024\/11\/SPH400-480x320-1.webp\",\"datePublished\":\"2024-11-12T14:29:09+00:00\",\"dateModified\":\"2025-11-16T16:39:09+00:00\",\"description\":\"La s\u00e9rie d'extracteurs de fum\u00e9e SPH 400 est con\u00e7ue pour les applications laser\",\"breadcrumb\":{\"@id\":\"https:\/\/quatroair.com\/fr\/extracteurs-de-fumee\/laser-units\/sph-400-series#breadcrumb\"},\"inLanguage\":\"fr-FR\",\"potentialAction\":[{\"@type\":\"ReadAction\",\"target\":[\"https:\/\/quatroair.com\/fr\/extracteurs-de-fumee\/laser-units\/sph-400-series\"]}]},{\"@type\":\"ImageObject\",\"inLanguage\":\"fr-FR\",\"@id\":\"https:\/\/quatroair.com\/fr\/extracteurs-de-fumee\/laser-units\/sph-400-series#primaryimage\",\"url\":\"https:\/\/quatroair.com\/wp-content\/uploads\/2024\/11\/SPH400-480x320-1.webp\",\"contentUrl\":\"https:\/\/quatroair.com\/wp-content\/uploads\/2024\/11\/SPH400-480x320-1.webp\",\"width\":480,\"height\":320},{\"@type\":\"BreadcrumbList\",\"@id\":\"https:\/\/quatroair.com\/fr\/extracteurs-de-fumee\/laser-units\/sph-400-series#breadcrumb\",\"itemListElement\":[{\"@type\":\"ListItem\",\"position\":1,\"name\":\"Home\",\"item\":\"https:\/\/quatroair.com\/\"},{\"@type\":\"ListItem\",\"position\":2,\"name\":\"Products\",\"item\":\"https:\/\/quatroair.com\/shop__trashed\/\"},{\"@type\":\"ListItem\",\"position\":3,\"name\":\"S\u00e9rie SPH 400\"}]},{\"@type\":\"WebSite\",\"@id\":\"https:\/\/quatroair.com\/en\/#website\",\"url\":\"https:\/\/quatroair.com\/en\/\",\"name\":\"Quatro Air Techologies\",\"description\":\"Quatro Air provides effective clean air solutions designed to handle any air quality challenge in your home, office or business. Contact us today for details.\",\"publisher\":{\"@id\":\"https:\/\/quatroair.com\/en\/#organization\"},\"potentialAction\":[{\"@type\":\"SearchAction\",\"target\":{\"@type\":\"EntryPoint\",\"urlTemplate\":\"https:\/\/quatroair.com\/en\/?s={search_term_string}\"},\"query-input\":{\"@type\":\"PropertyValueSpecification\",\"valueRequired\":true,\"valueName\":\"search_term_string\"}}],\"inLanguage\":\"fr-FR\"},{\"@type\":\"Organization\",\"@id\":\"https:\/\/quatroair.com\/en\/#organization\",\"name\":\"Quatro Air Techologies\",\"url\":\"https:\/\/quatroair.com\/en\/\",\"logo\":{\"@type\":\"ImageObject\",\"inLanguage\":\"fr-FR\",\"@id\":\"https:\/\/quatroair.com\/en\/#\/schema\/logo\/image\/\",\"url\":\"https:\/\/quatroair.com\/wp-content\/uploads\/2024\/10\/logo.svg\",\"contentUrl\":\"https:\/\/quatroair.com\/wp-content\/uploads\/2024\/10\/logo.svg\",\"width\":708,\"height\":142,\"caption\":\"Quatro Air Techologies\"},\"image\":{\"@id\":\"https:\/\/quatroair.com\/en\/#\/schema\/logo\/image\/\"},\"sameAs\":[\"https:\/\/www.facebook.com\/QuatroAirTechnologies\",\"https:\/\/x.com\/QuatroAir\",\"https:\/\/www.youtube.com\/channel\/UCdTTBL7Pwwyr2JGybAn8Bxw\",\"https:\/\/www.linkedin.com\/company\/quatro-air-technologies\"]}]}<\/script>\n<!-- \/ Yoast SEO plugin. -->","yoast_head_json":{"title":"S\u00e9rie SPH 400 - Quatro Air Techologies","description":"La s\u00e9rie d'extracteurs de fum\u00e9e SPH 400 est con\u00e7ue pour les applications laser","robots":{"index":"index","follow":"follow"},"canonical":"https:\/\/quatroair.com\/fr\/extracteurs-de-fumee\/laser-units\/sph-400-series","og_locale":"fr_FR","og_type":"article","og_title":"S\u00e9rie SPH 400 - Quatro Air Techologies","og_description":"La s\u00e9rie d'extracteurs de fum\u00e9e SPH 400 est con\u00e7ue pour les applications laser","og_url":"https:\/\/quatroair.com\/fr\/extracteurs-de-fumee\/laser-units\/sph-400-series","og_site_name":"Quatro Air Techologies","article_publisher":"https:\/\/www.facebook.com\/QuatroAirTechnologies","article_modified_time":"2025-11-16T16:39:09+00:00","og_image":[{"width":480,"height":320,"url":"https:\/\/quatroair.com\/wp-content\/uploads\/2024\/11\/SPH400-480x320-1.webp","type":"image\/webp"}],"twitter_card":"summary_large_image","twitter_site":"@QuatroAir","twitter_misc":{"Dur\u00e9e de lecture estim\u00e9e":"1 minute"},"schema":{"@context":"https:\/\/schema.org","@graph":[{"@type":"WebPage","@id":"https:\/\/quatroair.com\/fr\/extracteurs-de-fumee\/laser-units\/sph-400-series","url":"https:\/\/quatroair.com\/fr\/extracteurs-de-fumee\/laser-units\/sph-400-series","name":"S\u00e9rie SPH 400 - Quatro Air Techologies","isPartOf":{"@id":"https:\/\/quatroair.com\/en\/#website"},"primaryImageOfPage":{"@id":"https:\/\/quatroair.com\/fr\/extracteurs-de-fumee\/laser-units\/sph-400-series#primaryimage"},"image":{"@id":"https:\/\/quatroair.com\/fr\/extracteurs-de-fumee\/laser-units\/sph-400-series#primaryimage"},"thumbnailUrl":"https:\/\/quatroair.com\/wp-content\/uploads\/2024\/11\/SPH400-480x320-1.webp","datePublished":"2024-11-12T14:29:09+00:00","dateModified":"2025-11-16T16:39:09+00:00","description":"La s\u00e9rie d'extracteurs de fum\u00e9e SPH 400 est con\u00e7ue pour les applications laser","breadcrumb":{"@id":"https:\/\/quatroair.com\/fr\/extracteurs-de-fumee\/laser-units\/sph-400-series#breadcrumb"},"inLanguage":"fr-FR","potentialAction":[{"@type":"ReadAction","target":["https:\/\/quatroair.com\/fr\/extracteurs-de-fumee\/laser-units\/sph-400-series"]}]},{"@type":"ImageObject","inLanguage":"fr-FR","@id":"https:\/\/quatroair.com\/fr\/extracteurs-de-fumee\/laser-units\/sph-400-series#primaryimage","url":"https:\/\/quatroair.com\/wp-content\/uploads\/2024\/11\/SPH400-480x320-1.webp","contentUrl":"https:\/\/quatroair.com\/wp-content\/uploads\/2024\/11\/SPH400-480x320-1.webp","width":480,"height":320},{"@type":"BreadcrumbList","@id":"https:\/\/quatroair.com\/fr\/extracteurs-de-fumee\/laser-units\/sph-400-series#breadcrumb","itemListElement":[{"@type":"ListItem","position":1,"name":"Home","item":"https:\/\/quatroair.com\/"},{"@type":"ListItem","position":2,"name":"Products","item":"https:\/\/quatroair.com\/shop__trashed\/"},{"@type":"ListItem","position":3,"name":"S\u00e9rie SPH 400"}]},{"@type":"WebSite","@id":"https:\/\/quatroair.com\/en\/#website","url":"https:\/\/quatroair.com\/en\/","name":"Quatro Air Techologies","description":"Quatro Air provides effective clean air solutions designed to handle any air quality challenge in your home, office or business. Contact us today for details.","publisher":{"@id":"https:\/\/quatroair.com\/en\/#organization"},"potentialAction":[{"@type":"SearchAction","target":{"@type":"EntryPoint","urlTemplate":"https:\/\/quatroair.com\/en\/?s={search_term_string}"},"query-input":{"@type":"PropertyValueSpecification","valueRequired":true,"valueName":"search_term_string"}}],"inLanguage":"fr-FR"},{"@type":"Organization","@id":"https:\/\/quatroair.com\/en\/#organization","name":"Quatro Air Techologies","url":"https:\/\/quatroair.com\/en\/","logo":{"@type":"ImageObject","inLanguage":"fr-FR","@id":"https:\/\/quatroair.com\/en\/#\/schema\/logo\/image\/","url":"https:\/\/quatroair.com\/wp-content\/uploads\/2024\/10\/logo.svg","contentUrl":"https:\/\/quatroair.com\/wp-content\/uploads\/2024\/10\/logo.svg","width":708,"height":142,"caption":"Quatro Air Techologies"},"image":{"@id":"https:\/\/quatroair.com\/en\/#\/schema\/logo\/image\/"},"sameAs":["https:\/\/www.facebook.com\/QuatroAirTechnologies","https:\/\/x.com\/QuatroAir","https:\/\/www.youtube.com\/channel\/UCdTTBL7Pwwyr2JGybAn8Bxw","https:\/\/www.linkedin.com\/company\/quatro-air-technologies"]}]}},"_links":{"self":[{"href":"https:\/\/quatroair.com\/fr\/wp-json\/wp\/v2\/product\/5858","targetHints":{"allow":["GET"]}}],"collection":[{"href":"https:\/\/quatroair.com\/fr\/wp-json\/wp\/v2\/product"}],"about":[{"href":"https:\/\/quatroair.com\/fr\/wp-json\/wp\/v2\/types\/product"}],"replies":[{"embeddable":true,"href":"https:\/\/quatroair.com\/fr\/wp-json\/wp\/v2\/comments?post=5858"}],"version-history":[{"count":6,"href":"https:\/\/quatroair.com\/fr\/wp-json\/wp\/v2\/product\/5858\/revisions"}],"predecessor-version":[{"id":11351,"href":"https:\/\/quatroair.com\/fr\/wp-json\/wp\/v2\/product\/5858\/revisions\/11351"}],"wp:featuredmedia":[{"embeddable":true,"href":"https:\/\/quatroair.com\/fr\/wp-json\/wp\/v2\/media\/4922"}],"wp:attachment":[{"href":"https:\/\/quatroair.com\/fr\/wp-json\/wp\/v2\/media?parent=5858"}],"wp:term":[{"taxonomy":"product_cat","embeddable":true,"href":"https:\/\/quatroair.com\/fr\/wp-json\/wp\/v2\/product_cat?post=5858"},{"taxonomy":"product_tag","embeddable":true,"href":"https:\/\/quatroair.com\/fr\/wp-json\/wp\/v2\/product_tag?post=5858"}],"curies":[{"name":"wp","href":"https:\/\/api.w.org\/{rel}","templated":true}]}}