{"id":5856,"date":"2024-11-12T14:46:05","date_gmt":"2024-11-12T14:46:05","guid":{"rendered":"https:\/\/quatroair.com\/product\/csa-600-series\/"},"modified":"2025-11-16T16:40:06","modified_gmt":"2025-11-16T16:40:06","slug":"csa-600-series","status":"publish","type":"product","link":"https:\/\/quatroair.com\/fr\/products\/fume-extractors\/laser-units\/csa-600-series","title":{"rendered":"S\u00e9rie CSA 600"},"content":{"rendered":"<p>La s\u00e9rie d&rsquo;extracteurs de fum\u00e9e CSA 600 est la solution id\u00e9ale pour les applications laser intensives. Dot\u00e9e d&rsquo;un syst\u00e8me de filtration \u00e0 plusieurs \u00e9tapes avec plusieurs configurations de s\u00e9quences de filtres disponibles pour r\u00e9pondre \u00e0 vos besoins, cette unit\u00e9 est \u00e9quip\u00e9e du joint de gel LaserBlue, assurant une d\u00e9rivation z\u00e9ro du filtre. La s\u00e9rie CSA 600 comprend \u00e9galement un panneau de commande iSeries (num\u00e9rique) et des roulettes verrouillables robustes pour une mobilit\u00e9 accrue.<\/p>\n<h2 class=\"h2-products\">Avantages<\/h2>\n<ul>\n<li>Facile \u00e0 utiliser, pr\u00eat \u00e0 fonctionner<\/li>\n<li>Petite empreinte<\/li>\n<li>Fonctionnement silencieux<\/li>\n<li>Certifi\u00e9 CE et CSA, conforme UL et RoHS<\/li>\n<\/ul>\n<h2>Caract\u00e9ristiques<\/h2>\n<ul>\n<li>Panneau de commande iSeries (num\u00e9rique)<\/li>\n<li>Syst\u00e8me de filtration \u00e0 plusieurs \u00e9tapes avec filtre HEPA<\/li>\n<li>Le joint de gel LaserBlue garantit un contournement z\u00e9ro du filtre<\/li>\n<li>Tuyau de 6 pieds inclus<\/li>\n<li>C\u00e2ble universel inclus &#8211; E427<\/li>\n<\/ul>\n<h2>Options<\/h2>\n<ul>\n<li>Moteurs double Infinity ou simple sans brosse<\/li>\n<li>Raccord\/tuyau de 3&Prime; ou 4&Prime; de diam\u00e8tre<\/li>\n<li>Plusieurs configurations de s\u00e9quences de filtres (voir <a style=\"font-weight: bold;\" title=\"Afficher les options de configuration de la s\u00e9quence de filtres\" href=\"extracteur-de-fumee-csa-600-caracteristiques-techniques\">Sp\u00e9cifications techniques<\/a>)<\/li>\n<\/ul>\n","protected":false},"excerpt":{"rendered":"<p>\u00c9liminez les odeurs et les fum\u00e9es lourdes g\u00e9n\u00e9r\u00e9es par les applications laser avec la s\u00e9rie d&rsquo;extracteurs de fum\u00e9e CSA 600.<\/p>\n","protected":false},"featured_media":4932,"comment_status":"open","ping_status":"closed","template":"","meta":{"_acf_changed":false},"product_cat":[88],"product_tag":[],"class_list":{"0":"post-5856","1":"product","2":"type-product","3":"status-publish","4":"has-post-thumbnail","6":"product_cat-nocategroy-fr","8":"first","9":"instock","10":"shipping-taxable","11":"product-type-simple"},"acf":[],"yoast_head":"<!-- This site is optimized with the Yoast SEO plugin v26.9 - https:\/\/yoast.com\/product\/yoast-seo-wordpress\/ -->\n<title>S\u00e9rie CSA 600 - Quatro Air Techologies<\/title>\n<meta name=\"description\" content=\"La s\u00e9rie d&#039;extracteurs de fum\u00e9e CSA 600 est la solution id\u00e9ale pour les applications\" \/>\n<meta name=\"robots\" content=\"index, follow\" \/>\n<link rel=\"canonical\" href=\"https:\/\/quatroair.com\/fr\/extracteurs-de-fumee\/laser-units\/csa-600-series\" \/>\n<meta property=\"og:locale\" content=\"fr_FR\" \/>\n<meta property=\"og:type\" content=\"article\" \/>\n<meta property=\"og:title\" content=\"S\u00e9rie CSA 600 - Quatro Air Techologies\" \/>\n<meta property=\"og:description\" content=\"La s\u00e9rie d&#039;extracteurs de fum\u00e9e CSA 600 est la solution id\u00e9ale pour les applications\" \/>\n<meta property=\"og:url\" content=\"https:\/\/quatroair.com\/fr\/extracteurs-de-fumee\/laser-units\/csa-600-series\" \/>\n<meta property=\"og:site_name\" content=\"Quatro Air Techologies\" \/>\n<meta property=\"article:publisher\" content=\"https:\/\/www.facebook.com\/QuatroAirTechnologies\" \/>\n<meta property=\"article:modified_time\" content=\"2025-11-16T16:40:06+00:00\" \/>\n<meta property=\"og:image\" content=\"https:\/\/quatroair.com\/wp-content\/uploads\/2024\/11\/CSA600-480x320-1.webp\" \/>\n\t<meta property=\"og:image:width\" content=\"480\" \/>\n\t<meta property=\"og:image:height\" content=\"320\" \/>\n\t<meta property=\"og:image:type\" content=\"image\/webp\" \/>\n<meta name=\"twitter:card\" content=\"summary_large_image\" \/>\n<meta name=\"twitter:site\" content=\"@QuatroAir\" \/>\n<meta name=\"twitter:label1\" content=\"Dur\u00e9e de lecture estim\u00e9e\" \/>\n\t<meta name=\"twitter:data1\" content=\"1 minute\" \/>\n<script type=\"application\/ld+json\" class=\"yoast-schema-graph\">{\"@context\":\"https:\/\/schema.org\",\"@graph\":[{\"@type\":\"WebPage\",\"@id\":\"https:\/\/quatroair.com\/fr\/extracteurs-de-fumee\/laser-units\/csa-600-series\",\"url\":\"https:\/\/quatroair.com\/fr\/extracteurs-de-fumee\/laser-units\/csa-600-series\",\"name\":\"S\u00e9rie CSA 600 - Quatro Air Techologies\",\"isPartOf\":{\"@id\":\"https:\/\/quatroair.com\/en\/#website\"},\"primaryImageOfPage\":{\"@id\":\"https:\/\/quatroair.com\/fr\/extracteurs-de-fumee\/laser-units\/csa-600-series#primaryimage\"},\"image\":{\"@id\":\"https:\/\/quatroair.com\/fr\/extracteurs-de-fumee\/laser-units\/csa-600-series#primaryimage\"},\"thumbnailUrl\":\"https:\/\/quatroair.com\/wp-content\/uploads\/2024\/11\/CSA600-480x320-1.webp\",\"datePublished\":\"2024-11-12T14:46:05+00:00\",\"dateModified\":\"2025-11-16T16:40:06+00:00\",\"description\":\"La s\u00e9rie d'extracteurs de fum\u00e9e CSA 600 est la solution id\u00e9ale pour les applications\",\"breadcrumb\":{\"@id\":\"https:\/\/quatroair.com\/fr\/extracteurs-de-fumee\/laser-units\/csa-600-series#breadcrumb\"},\"inLanguage\":\"fr-FR\",\"potentialAction\":[{\"@type\":\"ReadAction\",\"target\":[\"https:\/\/quatroair.com\/fr\/extracteurs-de-fumee\/laser-units\/csa-600-series\"]}]},{\"@type\":\"ImageObject\",\"inLanguage\":\"fr-FR\",\"@id\":\"https:\/\/quatroair.com\/fr\/extracteurs-de-fumee\/laser-units\/csa-600-series#primaryimage\",\"url\":\"https:\/\/quatroair.com\/wp-content\/uploads\/2024\/11\/CSA600-480x320-1.webp\",\"contentUrl\":\"https:\/\/quatroair.com\/wp-content\/uploads\/2024\/11\/CSA600-480x320-1.webp\",\"width\":480,\"height\":320},{\"@type\":\"BreadcrumbList\",\"@id\":\"https:\/\/quatroair.com\/fr\/extracteurs-de-fumee\/laser-units\/csa-600-series#breadcrumb\",\"itemListElement\":[{\"@type\":\"ListItem\",\"position\":1,\"name\":\"Home\",\"item\":\"https:\/\/quatroair.com\/\"},{\"@type\":\"ListItem\",\"position\":2,\"name\":\"Products\",\"item\":\"https:\/\/quatroair.com\/shop__trashed\/\"},{\"@type\":\"ListItem\",\"position\":3,\"name\":\"S\u00e9rie CSA 600\"}]},{\"@type\":\"WebSite\",\"@id\":\"https:\/\/quatroair.com\/en\/#website\",\"url\":\"https:\/\/quatroair.com\/en\/\",\"name\":\"Quatro Air Techologies\",\"description\":\"Quatro Air provides effective clean air solutions designed to handle any air quality challenge in your home, office or business. Contact us today for details.\",\"publisher\":{\"@id\":\"https:\/\/quatroair.com\/en\/#organization\"},\"potentialAction\":[{\"@type\":\"SearchAction\",\"target\":{\"@type\":\"EntryPoint\",\"urlTemplate\":\"https:\/\/quatroair.com\/en\/?s={search_term_string}\"},\"query-input\":{\"@type\":\"PropertyValueSpecification\",\"valueRequired\":true,\"valueName\":\"search_term_string\"}}],\"inLanguage\":\"fr-FR\"},{\"@type\":\"Organization\",\"@id\":\"https:\/\/quatroair.com\/en\/#organization\",\"name\":\"Quatro Air Techologies\",\"url\":\"https:\/\/quatroair.com\/en\/\",\"logo\":{\"@type\":\"ImageObject\",\"inLanguage\":\"fr-FR\",\"@id\":\"https:\/\/quatroair.com\/en\/#\/schema\/logo\/image\/\",\"url\":\"https:\/\/quatroair.com\/wp-content\/uploads\/2024\/10\/logo.svg\",\"contentUrl\":\"https:\/\/quatroair.com\/wp-content\/uploads\/2024\/10\/logo.svg\",\"width\":708,\"height\":142,\"caption\":\"Quatro Air Techologies\"},\"image\":{\"@id\":\"https:\/\/quatroair.com\/en\/#\/schema\/logo\/image\/\"},\"sameAs\":[\"https:\/\/www.facebook.com\/QuatroAirTechnologies\",\"https:\/\/x.com\/QuatroAir\",\"https:\/\/www.youtube.com\/channel\/UCdTTBL7Pwwyr2JGybAn8Bxw\",\"https:\/\/www.linkedin.com\/company\/quatro-air-technologies\"]}]}<\/script>\n<!-- \/ Yoast SEO plugin. -->","yoast_head_json":{"title":"S\u00e9rie CSA 600 - Quatro Air Techologies","description":"La s\u00e9rie d'extracteurs de fum\u00e9e CSA 600 est la solution id\u00e9ale pour les applications","robots":{"index":"index","follow":"follow"},"canonical":"https:\/\/quatroair.com\/fr\/extracteurs-de-fumee\/laser-units\/csa-600-series","og_locale":"fr_FR","og_type":"article","og_title":"S\u00e9rie CSA 600 - Quatro Air Techologies","og_description":"La s\u00e9rie d'extracteurs de fum\u00e9e CSA 600 est la solution id\u00e9ale pour les applications","og_url":"https:\/\/quatroair.com\/fr\/extracteurs-de-fumee\/laser-units\/csa-600-series","og_site_name":"Quatro Air Techologies","article_publisher":"https:\/\/www.facebook.com\/QuatroAirTechnologies","article_modified_time":"2025-11-16T16:40:06+00:00","og_image":[{"width":480,"height":320,"url":"https:\/\/quatroair.com\/wp-content\/uploads\/2024\/11\/CSA600-480x320-1.webp","type":"image\/webp"}],"twitter_card":"summary_large_image","twitter_site":"@QuatroAir","twitter_misc":{"Dur\u00e9e de lecture estim\u00e9e":"1 minute"},"schema":{"@context":"https:\/\/schema.org","@graph":[{"@type":"WebPage","@id":"https:\/\/quatroair.com\/fr\/extracteurs-de-fumee\/laser-units\/csa-600-series","url":"https:\/\/quatroair.com\/fr\/extracteurs-de-fumee\/laser-units\/csa-600-series","name":"S\u00e9rie CSA 600 - Quatro Air Techologies","isPartOf":{"@id":"https:\/\/quatroair.com\/en\/#website"},"primaryImageOfPage":{"@id":"https:\/\/quatroair.com\/fr\/extracteurs-de-fumee\/laser-units\/csa-600-series#primaryimage"},"image":{"@id":"https:\/\/quatroair.com\/fr\/extracteurs-de-fumee\/laser-units\/csa-600-series#primaryimage"},"thumbnailUrl":"https:\/\/quatroair.com\/wp-content\/uploads\/2024\/11\/CSA600-480x320-1.webp","datePublished":"2024-11-12T14:46:05+00:00","dateModified":"2025-11-16T16:40:06+00:00","description":"La s\u00e9rie d'extracteurs de fum\u00e9e CSA 600 est la solution id\u00e9ale pour les applications","breadcrumb":{"@id":"https:\/\/quatroair.com\/fr\/extracteurs-de-fumee\/laser-units\/csa-600-series#breadcrumb"},"inLanguage":"fr-FR","potentialAction":[{"@type":"ReadAction","target":["https:\/\/quatroair.com\/fr\/extracteurs-de-fumee\/laser-units\/csa-600-series"]}]},{"@type":"ImageObject","inLanguage":"fr-FR","@id":"https:\/\/quatroair.com\/fr\/extracteurs-de-fumee\/laser-units\/csa-600-series#primaryimage","url":"https:\/\/quatroair.com\/wp-content\/uploads\/2024\/11\/CSA600-480x320-1.webp","contentUrl":"https:\/\/quatroair.com\/wp-content\/uploads\/2024\/11\/CSA600-480x320-1.webp","width":480,"height":320},{"@type":"BreadcrumbList","@id":"https:\/\/quatroair.com\/fr\/extracteurs-de-fumee\/laser-units\/csa-600-series#breadcrumb","itemListElement":[{"@type":"ListItem","position":1,"name":"Home","item":"https:\/\/quatroair.com\/"},{"@type":"ListItem","position":2,"name":"Products","item":"https:\/\/quatroair.com\/shop__trashed\/"},{"@type":"ListItem","position":3,"name":"S\u00e9rie CSA 600"}]},{"@type":"WebSite","@id":"https:\/\/quatroair.com\/en\/#website","url":"https:\/\/quatroair.com\/en\/","name":"Quatro Air Techologies","description":"Quatro Air provides effective clean air solutions designed to handle any air quality challenge in your home, office or business. Contact us today for details.","publisher":{"@id":"https:\/\/quatroair.com\/en\/#organization"},"potentialAction":[{"@type":"SearchAction","target":{"@type":"EntryPoint","urlTemplate":"https:\/\/quatroair.com\/en\/?s={search_term_string}"},"query-input":{"@type":"PropertyValueSpecification","valueRequired":true,"valueName":"search_term_string"}}],"inLanguage":"fr-FR"},{"@type":"Organization","@id":"https:\/\/quatroair.com\/en\/#organization","name":"Quatro Air Techologies","url":"https:\/\/quatroair.com\/en\/","logo":{"@type":"ImageObject","inLanguage":"fr-FR","@id":"https:\/\/quatroair.com\/en\/#\/schema\/logo\/image\/","url":"https:\/\/quatroair.com\/wp-content\/uploads\/2024\/10\/logo.svg","contentUrl":"https:\/\/quatroair.com\/wp-content\/uploads\/2024\/10\/logo.svg","width":708,"height":142,"caption":"Quatro Air Techologies"},"image":{"@id":"https:\/\/quatroair.com\/en\/#\/schema\/logo\/image\/"},"sameAs":["https:\/\/www.facebook.com\/QuatroAirTechnologies","https:\/\/x.com\/QuatroAir","https:\/\/www.youtube.com\/channel\/UCdTTBL7Pwwyr2JGybAn8Bxw","https:\/\/www.linkedin.com\/company\/quatro-air-technologies"]}]}},"_links":{"self":[{"href":"https:\/\/quatroair.com\/fr\/wp-json\/wp\/v2\/product\/5856","targetHints":{"allow":["GET"]}}],"collection":[{"href":"https:\/\/quatroair.com\/fr\/wp-json\/wp\/v2\/product"}],"about":[{"href":"https:\/\/quatroair.com\/fr\/wp-json\/wp\/v2\/types\/product"}],"replies":[{"embeddable":true,"href":"https:\/\/quatroair.com\/fr\/wp-json\/wp\/v2\/comments?post=5856"}],"version-history":[{"count":5,"href":"https:\/\/quatroair.com\/fr\/wp-json\/wp\/v2\/product\/5856\/revisions"}],"predecessor-version":[{"id":11353,"href":"https:\/\/quatroair.com\/fr\/wp-json\/wp\/v2\/product\/5856\/revisions\/11353"}],"wp:featuredmedia":[{"embeddable":true,"href":"https:\/\/quatroair.com\/fr\/wp-json\/wp\/v2\/media\/4932"}],"wp:attachment":[{"href":"https:\/\/quatroair.com\/fr\/wp-json\/wp\/v2\/media?parent=5856"}],"wp:term":[{"taxonomy":"product_cat","embeddable":true,"href":"https:\/\/quatroair.com\/fr\/wp-json\/wp\/v2\/product_cat?post=5856"},{"taxonomy":"product_tag","embeddable":true,"href":"https:\/\/quatroair.com\/fr\/wp-json\/wp\/v2\/product_tag?post=5856"}],"curies":[{"name":"wp","href":"https:\/\/api.w.org\/{rel}","templated":true}]}}