{"id":5853,"date":"2024-11-12T22:33:14","date_gmt":"2024-11-12T22:33:14","guid":{"rendered":"https:\/\/quatroair.com\/product\/powerstation-2-brushless\/"},"modified":"2026-01-17T10:46:17","modified_gmt":"2026-01-17T10:46:17","slug":"powerstation-2-brushless","status":"publish","type":"product","link":"https:\/\/quatroair.com\/fr\/industries\/dental\/cadcam\/filter-bag\/powerstation-2-brushless","title":{"rendered":"PowerStation 2 SANS BALAIS"},"content":{"rendered":"<h3>Pr\u00e9sentation<\/h3>\n<ul>\n<li>Acc\u00e8s facile au filtre par l&rsquo;avant<\/li>\n<li>Profil bas se place sous le comptoir<\/li>\n<li>AUTOFLOW\u00a0: r\u00e9gl\u00e9 \u00e0 la vitesse la plus basse acceptable, les moteurs maintiendront le d\u00e9bit d&rsquo;air malgr\u00e9 l&rsquo;augmentation de la pression<\/li>\n<li>ON temporaire\u00a0: nettoyez votre moulin lorsque l&rsquo;unit\u00e9 est en mode veille<\/li>\n<\/ul>\n<h3>Avantages<\/h3>\n<ul>\n<li>La technologie de moteur BRUSHLESS PREMIUM \u00c0 HAUTE EFFICACIT\u00c9 offre plus flux d&rsquo;air<\/li>\n<li>Entr\u00e9es interchangeables (arri\u00e8re\/haut)<\/li>\n<\/ul>\n<h3>Caract\u00e9ristiques<\/h3>\n<ul>\n<li>2 sacs filtrants haute capacit\u00e9, SEALABLES et facilement jetables<\/li>\n<li>Filtre HEPA, efficacit\u00e9 de 99,97\u00a0% sur les particules submicroniques comme la fine poussi\u00e8re de zircone dans le fraisage CAD\/CAM<\/li>\n<li>Indicateur de pression de sac plein<\/li>\n<li>\u00c9galement inclus\u00a0: c\u00e2ble de d\u00e9marrage\/arr\u00eat automatique sp\u00e9cifique au broyeur et 6 pieds tuyau d&rsquo;aspiration<\/li>\n<\/ul>\n<h3>Options<\/h3>\n<ul>\n<li>Silencieux pour la suppression du bruit (#AA449)<\/li>\n<li>P\u00e9dale\/interrupteur manuel pour d\u00e9marrage\/arr\u00eat manuel de 6 pieds (#AA175\/#AA375)<\/li>\n<li>R\u00e9partiteur de signal (#AA686) pour faire fonctionner l&rsquo;unit\u00e9 avec signal automatique ET p\u00e9dale (pour un nettoyage rapide et facile du broyeur)<\/li>\n<li>Verrouillage roulettes pour une mobilit\u00e9 optimale (#AA037)<\/li>\n<\/ul>\n","protected":false},"excerpt":{"rendered":"<p>Le PowerStation 2 BRUSHLESS est un extracteur de poussi\u00e8re CADCAM automatique de type sac sans allergie dot\u00e9 d&rsquo;un puissant moteur BRUSHLESS pour les applications intensives qui comprend un c\u00e2ble d&rsquo;interface sp\u00e9cifique \u00e0 l&rsquo;usine et un filtre HEPA.<\/p>\n","protected":false},"featured_media":8804,"comment_status":"open","ping_status":"closed","template":"","meta":{"_acf_changed":false},"product_cat":[88],"product_tag":[],"class_list":{"0":"post-5853","1":"product","2":"type-product","3":"status-publish","4":"has-post-thumbnail","6":"product_cat-nocategroy-fr","8":"first","9":"instock","10":"shipping-taxable","11":"product-type-simple"},"acf":[],"yoast_head":"<!-- This site is optimized with the Yoast SEO plugin v26.9 - https:\/\/yoast.com\/product\/yoast-seo-wordpress\/ -->\n<title>PowerStation 2 SANS BALAIS - Quatro Air Techologies<\/title>\n<meta name=\"description\" content=\"Sacs filtrants de grande capacit\u00e9, scellables et facilement jetables Les sacs\" \/>\n<meta name=\"robots\" content=\"index, follow\" \/>\n<link rel=\"canonical\" href=\"https:\/\/quatroair.com\/industries\/dental\/cadcam\/filter-bag\/powerstation-2-brushless\" \/>\n<meta property=\"og:locale\" content=\"fr_FR\" \/>\n<meta property=\"og:type\" content=\"article\" \/>\n<meta property=\"og:title\" content=\"PowerStation 2 SANS BALAIS - Quatro Air Techologies\" \/>\n<meta property=\"og:description\" content=\"Sacs filtrants de grande capacit\u00e9, scellables et facilement jetables Les sacs\" \/>\n<meta property=\"og:url\" content=\"https:\/\/quatroair.com\/industries\/dental\/cadcam\/filter-bag\/powerstation-2-brushless\" \/>\n<meta property=\"og:site_name\" content=\"Quatro Air Techologies\" \/>\n<meta property=\"article:publisher\" content=\"https:\/\/www.facebook.com\/QuatroAirTechnologies\" \/>\n<meta property=\"article:modified_time\" content=\"2026-01-17T10:46:17+00:00\" \/>\n<meta property=\"og:image\" content=\"https:\/\/quatroair.com\/wp-content\/uploads\/2024\/11\/PS2-Infinity-B.png\" \/>\n\t<meta property=\"og:image:width\" content=\"700\" \/>\n\t<meta property=\"og:image:height\" content=\"420\" \/>\n\t<meta property=\"og:image:type\" content=\"image\/png\" \/>\n<meta name=\"twitter:card\" content=\"summary_large_image\" \/>\n<meta name=\"twitter:site\" content=\"@QuatroAir\" \/>\n<meta name=\"twitter:label1\" content=\"Dur\u00e9e de lecture estim\u00e9e\" \/>\n\t<meta name=\"twitter:data1\" content=\"1 minute\" \/>\n<script type=\"application\/ld+json\" class=\"yoast-schema-graph\">{\"@context\":\"https:\/\/schema.org\",\"@graph\":[{\"@type\":\"WebPage\",\"@id\":\"https:\/\/quatroair.com\/industries\/dental\/cadcam\/filter-bag\/powerstation-2-brushless\",\"url\":\"https:\/\/quatroair.com\/industries\/dental\/cadcam\/filter-bag\/powerstation-2-brushless\",\"name\":\"PowerStation 2 SANS BALAIS - Quatro Air Techologies\",\"isPartOf\":{\"@id\":\"https:\/\/quatroair.com\/en\/#website\"},\"primaryImageOfPage\":{\"@id\":\"https:\/\/quatroair.com\/industries\/dental\/cadcam\/filter-bag\/powerstation-2-brushless#primaryimage\"},\"image\":{\"@id\":\"https:\/\/quatroair.com\/industries\/dental\/cadcam\/filter-bag\/powerstation-2-brushless#primaryimage\"},\"thumbnailUrl\":\"https:\/\/quatroair.com\/wp-content\/uploads\/2024\/11\/PS2-Infinity-B.png\",\"datePublished\":\"2024-11-12T22:33:14+00:00\",\"dateModified\":\"2026-01-17T10:46:17+00:00\",\"description\":\"Sacs filtrants de grande capacit\u00e9, scellables et facilement jetables Les sacs\",\"breadcrumb\":{\"@id\":\"https:\/\/quatroair.com\/industries\/dental\/cadcam\/filter-bag\/powerstation-2-brushless#breadcrumb\"},\"inLanguage\":\"fr-FR\",\"potentialAction\":[{\"@type\":\"ReadAction\",\"target\":[\"https:\/\/quatroair.com\/industries\/dental\/cadcam\/filter-bag\/powerstation-2-brushless\"]}]},{\"@type\":\"ImageObject\",\"inLanguage\":\"fr-FR\",\"@id\":\"https:\/\/quatroair.com\/industries\/dental\/cadcam\/filter-bag\/powerstation-2-brushless#primaryimage\",\"url\":\"https:\/\/quatroair.com\/wp-content\/uploads\/2024\/11\/PS2-Infinity-B.png\",\"contentUrl\":\"https:\/\/quatroair.com\/wp-content\/uploads\/2024\/11\/PS2-Infinity-B.png\",\"width\":700,\"height\":420},{\"@type\":\"BreadcrumbList\",\"@id\":\"https:\/\/quatroair.com\/industries\/dental\/cadcam\/filter-bag\/powerstation-2-brushless#breadcrumb\",\"itemListElement\":[{\"@type\":\"ListItem\",\"position\":1,\"name\":\"Home\",\"item\":\"https:\/\/quatroair.com\/\"},{\"@type\":\"ListItem\",\"position\":2,\"name\":\"Products\",\"item\":\"https:\/\/quatroair.com\/shop__trashed\/\"},{\"@type\":\"ListItem\",\"position\":3,\"name\":\"PowerStation 2 SANS BALAIS\"}]},{\"@type\":\"WebSite\",\"@id\":\"https:\/\/quatroair.com\/en\/#website\",\"url\":\"https:\/\/quatroair.com\/en\/\",\"name\":\"Quatro Air Techologies\",\"description\":\"Quatro Air provides effective clean air solutions designed to handle any air quality challenge in your home, office or business. Contact us today for details.\",\"publisher\":{\"@id\":\"https:\/\/quatroair.com\/en\/#organization\"},\"potentialAction\":[{\"@type\":\"SearchAction\",\"target\":{\"@type\":\"EntryPoint\",\"urlTemplate\":\"https:\/\/quatroair.com\/en\/?s={search_term_string}\"},\"query-input\":{\"@type\":\"PropertyValueSpecification\",\"valueRequired\":true,\"valueName\":\"search_term_string\"}}],\"inLanguage\":\"fr-FR\"},{\"@type\":\"Organization\",\"@id\":\"https:\/\/quatroair.com\/en\/#organization\",\"name\":\"Quatro Air Techologies\",\"url\":\"https:\/\/quatroair.com\/en\/\",\"logo\":{\"@type\":\"ImageObject\",\"inLanguage\":\"fr-FR\",\"@id\":\"https:\/\/quatroair.com\/en\/#\/schema\/logo\/image\/\",\"url\":\"https:\/\/quatroair.com\/wp-content\/uploads\/2024\/10\/logo.svg\",\"contentUrl\":\"https:\/\/quatroair.com\/wp-content\/uploads\/2024\/10\/logo.svg\",\"width\":708,\"height\":142,\"caption\":\"Quatro Air Techologies\"},\"image\":{\"@id\":\"https:\/\/quatroair.com\/en\/#\/schema\/logo\/image\/\"},\"sameAs\":[\"https:\/\/www.facebook.com\/QuatroAirTechnologies\",\"https:\/\/x.com\/QuatroAir\",\"https:\/\/www.youtube.com\/channel\/UCdTTBL7Pwwyr2JGybAn8Bxw\",\"https:\/\/www.linkedin.com\/company\/quatro-air-technologies\"]}]}<\/script>\n<!-- \/ Yoast SEO plugin. -->","yoast_head_json":{"title":"PowerStation 2 SANS BALAIS - Quatro Air Techologies","description":"Sacs filtrants de grande capacit\u00e9, scellables et facilement jetables Les sacs","robots":{"index":"index","follow":"follow"},"canonical":"https:\/\/quatroair.com\/industries\/dental\/cadcam\/filter-bag\/powerstation-2-brushless","og_locale":"fr_FR","og_type":"article","og_title":"PowerStation 2 SANS BALAIS - Quatro Air Techologies","og_description":"Sacs filtrants de grande capacit\u00e9, scellables et facilement jetables Les sacs","og_url":"https:\/\/quatroair.com\/industries\/dental\/cadcam\/filter-bag\/powerstation-2-brushless","og_site_name":"Quatro Air Techologies","article_publisher":"https:\/\/www.facebook.com\/QuatroAirTechnologies","article_modified_time":"2026-01-17T10:46:17+00:00","og_image":[{"width":700,"height":420,"url":"https:\/\/quatroair.com\/wp-content\/uploads\/2024\/11\/PS2-Infinity-B.png","type":"image\/png"}],"twitter_card":"summary_large_image","twitter_site":"@QuatroAir","twitter_misc":{"Dur\u00e9e de lecture estim\u00e9e":"1 minute"},"schema":{"@context":"https:\/\/schema.org","@graph":[{"@type":"WebPage","@id":"https:\/\/quatroair.com\/industries\/dental\/cadcam\/filter-bag\/powerstation-2-brushless","url":"https:\/\/quatroair.com\/industries\/dental\/cadcam\/filter-bag\/powerstation-2-brushless","name":"PowerStation 2 SANS BALAIS - Quatro Air Techologies","isPartOf":{"@id":"https:\/\/quatroair.com\/en\/#website"},"primaryImageOfPage":{"@id":"https:\/\/quatroair.com\/industries\/dental\/cadcam\/filter-bag\/powerstation-2-brushless#primaryimage"},"image":{"@id":"https:\/\/quatroair.com\/industries\/dental\/cadcam\/filter-bag\/powerstation-2-brushless#primaryimage"},"thumbnailUrl":"https:\/\/quatroair.com\/wp-content\/uploads\/2024\/11\/PS2-Infinity-B.png","datePublished":"2024-11-12T22:33:14+00:00","dateModified":"2026-01-17T10:46:17+00:00","description":"Sacs filtrants de grande capacit\u00e9, scellables et facilement jetables Les sacs","breadcrumb":{"@id":"https:\/\/quatroair.com\/industries\/dental\/cadcam\/filter-bag\/powerstation-2-brushless#breadcrumb"},"inLanguage":"fr-FR","potentialAction":[{"@type":"ReadAction","target":["https:\/\/quatroair.com\/industries\/dental\/cadcam\/filter-bag\/powerstation-2-brushless"]}]},{"@type":"ImageObject","inLanguage":"fr-FR","@id":"https:\/\/quatroair.com\/industries\/dental\/cadcam\/filter-bag\/powerstation-2-brushless#primaryimage","url":"https:\/\/quatroair.com\/wp-content\/uploads\/2024\/11\/PS2-Infinity-B.png","contentUrl":"https:\/\/quatroair.com\/wp-content\/uploads\/2024\/11\/PS2-Infinity-B.png","width":700,"height":420},{"@type":"BreadcrumbList","@id":"https:\/\/quatroair.com\/industries\/dental\/cadcam\/filter-bag\/powerstation-2-brushless#breadcrumb","itemListElement":[{"@type":"ListItem","position":1,"name":"Home","item":"https:\/\/quatroair.com\/"},{"@type":"ListItem","position":2,"name":"Products","item":"https:\/\/quatroair.com\/shop__trashed\/"},{"@type":"ListItem","position":3,"name":"PowerStation 2 SANS BALAIS"}]},{"@type":"WebSite","@id":"https:\/\/quatroair.com\/en\/#website","url":"https:\/\/quatroair.com\/en\/","name":"Quatro Air Techologies","description":"Quatro Air provides effective clean air solutions designed to handle any air quality challenge in your home, office or business. Contact us today for details.","publisher":{"@id":"https:\/\/quatroair.com\/en\/#organization"},"potentialAction":[{"@type":"SearchAction","target":{"@type":"EntryPoint","urlTemplate":"https:\/\/quatroair.com\/en\/?s={search_term_string}"},"query-input":{"@type":"PropertyValueSpecification","valueRequired":true,"valueName":"search_term_string"}}],"inLanguage":"fr-FR"},{"@type":"Organization","@id":"https:\/\/quatroair.com\/en\/#organization","name":"Quatro Air Techologies","url":"https:\/\/quatroair.com\/en\/","logo":{"@type":"ImageObject","inLanguage":"fr-FR","@id":"https:\/\/quatroair.com\/en\/#\/schema\/logo\/image\/","url":"https:\/\/quatroair.com\/wp-content\/uploads\/2024\/10\/logo.svg","contentUrl":"https:\/\/quatroair.com\/wp-content\/uploads\/2024\/10\/logo.svg","width":708,"height":142,"caption":"Quatro Air Techologies"},"image":{"@id":"https:\/\/quatroair.com\/en\/#\/schema\/logo\/image\/"},"sameAs":["https:\/\/www.facebook.com\/QuatroAirTechnologies","https:\/\/x.com\/QuatroAir","https:\/\/www.youtube.com\/channel\/UCdTTBL7Pwwyr2JGybAn8Bxw","https:\/\/www.linkedin.com\/company\/quatro-air-technologies"]}]}},"_links":{"self":[{"href":"https:\/\/quatroair.com\/fr\/wp-json\/wp\/v2\/product\/5853","targetHints":{"allow":["GET"]}}],"collection":[{"href":"https:\/\/quatroair.com\/fr\/wp-json\/wp\/v2\/product"}],"about":[{"href":"https:\/\/quatroair.com\/fr\/wp-json\/wp\/v2\/types\/product"}],"replies":[{"embeddable":true,"href":"https:\/\/quatroair.com\/fr\/wp-json\/wp\/v2\/comments?post=5853"}],"version-history":[{"count":11,"href":"https:\/\/quatroair.com\/fr\/wp-json\/wp\/v2\/product\/5853\/revisions"}],"predecessor-version":[{"id":12060,"href":"https:\/\/quatroair.com\/fr\/wp-json\/wp\/v2\/product\/5853\/revisions\/12060"}],"wp:featuredmedia":[{"embeddable":true,"href":"https:\/\/quatroair.com\/fr\/wp-json\/wp\/v2\/media\/8804"}],"wp:attachment":[{"href":"https:\/\/quatroair.com\/fr\/wp-json\/wp\/v2\/media?parent=5853"}],"wp:term":[{"taxonomy":"product_cat","embeddable":true,"href":"https:\/\/quatroair.com\/fr\/wp-json\/wp\/v2\/product_cat?post=5853"},{"taxonomy":"product_tag","embeddable":true,"href":"https:\/\/quatroair.com\/fr\/wp-json\/wp\/v2\/product_tag?post=5853"}],"curies":[{"name":"wp","href":"https:\/\/api.w.org\/{rel}","templated":true}]}}