{"id":5846,"date":"2024-11-13T18:55:48","date_gmt":"2024-11-13T18:55:48","guid":{"rendered":"https:\/\/quatroair.com\/product\/af-400-for-dust-and-odor\/"},"modified":"2026-02-26T23:06:43","modified_gmt":"2026-02-26T23:06:43","slug":"af-400-for-dust-and-odor","status":"publish","type":"product","link":"https:\/\/quatroair.com\/fr\/industries\/dental\/air-purifiers\/af400\/af-400-dust-and-odor-dental","title":{"rendered":"AF 400 POUR LA POUSSI\u00c8RE ET LES ODEURS"},"content":{"rendered":"<h3>Pr\u00e9sentation<\/h3>\n<ul>\n<li>Fournit une protection pour les espaces de laboratoire jusqu&rsquo;\u00e0 120 pi\u00b2<\/li>\n<li>Syst\u00e8me de filtration d&rsquo;air en 4 \u00e9tapes con\u00e7u pour r\u00e9duire efficacement les particules et les odeurs en suspension dans l&rsquo;air<\/li>\n<li>Purificateur d&rsquo;air \u00e0 usage g\u00e9n\u00e9ral abordable et n\u00e9cessitant peu d&rsquo;entretien<\/li>\n<\/ul>\n<h3>Avantages<\/h3>\n<ul>\n<li>Puissant, compact et tr\u00e8s portable<\/li>\n<li>Le moteur \u00e0 turbine sans balais, con\u00e7u pour un service continu, se d\u00e9place 300 CFM<\/li>\n<li>R\u00e9duisez les co\u00fbts d&rsquo;\u00e9nergie et d&rsquo;entretien du chauffage et de la climatisation<\/li>\n<li>R\u00e9duisez les co\u00fbts g\u00e9n\u00e9raux de nettoyage et d&rsquo;entretien<\/li>\n<\/ul>\n<h3>Caract\u00e9ristiques<\/h3>\n<ul>\n<li>V\u00e9ritable filtre HEPA \u00e0 lit profond, assure une efficacit\u00e9 de 99,995\u00a0% sur la capture des particules en suspension dans l&rsquo;air<\/li>\n<li>Comprend un filtre \u00e0 poussi\u00e8re (#F071-BX), un filtre \u00e0 poussi\u00e8re Hi-Cap (#F164-BX), filtre anti-odeurs g\u00e9n\u00e9ral (#F072-GPC), filtre HEPA (#F475) et roulettes pour la mobilit\u00e9 (#AR188)<\/li>\n<\/ul>\n","protected":false},"excerpt":{"rendered":"<p>Le purificateur d&rsquo;air AF400 HEPA pour la poussi\u00e8re et les odeurs g\u00e9n\u00e9rales \u00e9limine la poussi\u00e8re en suspension dans l&rsquo;air et les odeurs g\u00e9n\u00e9rales dans les zones de laboratoire jusqu&rsquo;\u00e0 120 pi\u00b2. Emp\u00eache les contaminants de p\u00e9n\u00e9trer dans les zones respiratoires et de migrer dans toute votre installation.<\/p>\n","protected":false},"featured_media":4739,"comment_status":"open","ping_status":"closed","template":"","meta":{"_acf_changed":false},"product_cat":[88],"product_tag":[],"class_list":{"0":"post-5846","1":"product","2":"type-product","3":"status-publish","4":"has-post-thumbnail","6":"product_cat-nocategroy-fr","8":"first","9":"instock","10":"shipping-taxable","11":"product-type-simple"},"acf":[],"yoast_head":"<!-- This site is optimized with the Yoast SEO plugin v26.9 - https:\/\/yoast.com\/product\/yoast-seo-wordpress\/ -->\n<title>AF 400 POUR LA POUSSI\u00c8RE ET LES ODEURS - Quatro Air Techologies<\/title>\n<meta name=\"description\" content=\"Protection des espaces jusqu&#039;\u00e0 120 pi\u00b2. Syst\u00e8me de filtration de l&#039;air en 3\" \/>\n<meta name=\"robots\" content=\"index, follow\" \/>\n<link rel=\"canonical\" href=\"https:\/\/quatroair.com\/industries\/dental\/air-purifiers\/af400\/af-400-dust-and-odor-dental\" \/>\n<meta property=\"og:locale\" content=\"fr_FR\" \/>\n<meta property=\"og:type\" content=\"article\" \/>\n<meta property=\"og:title\" content=\"AF 400 POUR LA POUSSI\u00c8RE ET LES ODEURS - Quatro Air Techologies\" \/>\n<meta property=\"og:description\" content=\"Protection des espaces jusqu&#039;\u00e0 120 pi\u00b2. Syst\u00e8me de filtration de l&#039;air en 3\" \/>\n<meta property=\"og:url\" content=\"https:\/\/quatroair.com\/industries\/dental\/air-purifiers\/af400\/af-400-dust-and-odor-dental\" \/>\n<meta property=\"og:site_name\" content=\"Quatro Air Techologies\" \/>\n<meta property=\"article:publisher\" content=\"https:\/\/www.facebook.com\/QuatroAirTechnologies\" \/>\n<meta property=\"article:modified_time\" content=\"2026-02-26T23:06:43+00:00\" \/>\n<meta property=\"og:image\" content=\"https:\/\/quatroair.com\/wp-content\/uploads\/2024\/11\/i1707396741s3feabcf0772ax600.webp\" \/>\n\t<meta property=\"og:image:width\" content=\"480\" \/>\n\t<meta property=\"og:image:height\" content=\"320\" \/>\n\t<meta property=\"og:image:type\" content=\"image\/webp\" \/>\n<meta name=\"twitter:card\" content=\"summary_large_image\" \/>\n<meta name=\"twitter:site\" content=\"@QuatroAir\" \/>\n<meta name=\"twitter:label1\" content=\"Dur\u00e9e de lecture estim\u00e9e\" \/>\n\t<meta name=\"twitter:data1\" content=\"1 minute\" \/>\n<script type=\"application\/ld+json\" class=\"yoast-schema-graph\">{\"@context\":\"https:\/\/schema.org\",\"@graph\":[{\"@type\":\"WebPage\",\"@id\":\"https:\/\/quatroair.com\/industries\/dental\/air-purifiers\/af400\/af-400-dust-and-odor-dental\",\"url\":\"https:\/\/quatroair.com\/industries\/dental\/air-purifiers\/af400\/af-400-dust-and-odor-dental\",\"name\":\"AF 400 POUR LA POUSSI\u00c8RE ET LES ODEURS - Quatro Air Techologies\",\"isPartOf\":{\"@id\":\"https:\/\/quatroair.com\/en\/#website\"},\"primaryImageOfPage\":{\"@id\":\"https:\/\/quatroair.com\/industries\/dental\/air-purifiers\/af400\/af-400-dust-and-odor-dental#primaryimage\"},\"image\":{\"@id\":\"https:\/\/quatroair.com\/industries\/dental\/air-purifiers\/af400\/af-400-dust-and-odor-dental#primaryimage\"},\"thumbnailUrl\":\"https:\/\/quatroair.com\/wp-content\/uploads\/2024\/11\/i1707396741s3feabcf0772ax600.webp\",\"datePublished\":\"2024-11-13T18:55:48+00:00\",\"dateModified\":\"2026-02-26T23:06:43+00:00\",\"description\":\"Protection des espaces jusqu'\u00e0 120 pi\u00b2. Syst\u00e8me de filtration de l'air en 3\",\"breadcrumb\":{\"@id\":\"https:\/\/quatroair.com\/industries\/dental\/air-purifiers\/af400\/af-400-dust-and-odor-dental#breadcrumb\"},\"inLanguage\":\"fr-FR\",\"potentialAction\":[{\"@type\":\"ReadAction\",\"target\":[\"https:\/\/quatroair.com\/industries\/dental\/air-purifiers\/af400\/af-400-dust-and-odor-dental\"]}]},{\"@type\":\"ImageObject\",\"inLanguage\":\"fr-FR\",\"@id\":\"https:\/\/quatroair.com\/industries\/dental\/air-purifiers\/af400\/af-400-dust-and-odor-dental#primaryimage\",\"url\":\"https:\/\/quatroair.com\/wp-content\/uploads\/2024\/11\/i1707396741s3feabcf0772ax600.webp\",\"contentUrl\":\"https:\/\/quatroair.com\/wp-content\/uploads\/2024\/11\/i1707396741s3feabcf0772ax600.webp\",\"width\":480,\"height\":320},{\"@type\":\"BreadcrumbList\",\"@id\":\"https:\/\/quatroair.com\/industries\/dental\/air-purifiers\/af400\/af-400-dust-and-odor-dental#breadcrumb\",\"itemListElement\":[{\"@type\":\"ListItem\",\"position\":1,\"name\":\"Home\",\"item\":\"https:\/\/quatroair.com\/\"},{\"@type\":\"ListItem\",\"position\":2,\"name\":\"Products\",\"item\":\"https:\/\/quatroair.com\/shop__trashed\/\"},{\"@type\":\"ListItem\",\"position\":3,\"name\":\"AF 400 POUR LA POUSSI\u00c8RE ET LES ODEURS\"}]},{\"@type\":\"WebSite\",\"@id\":\"https:\/\/quatroair.com\/en\/#website\",\"url\":\"https:\/\/quatroair.com\/en\/\",\"name\":\"Quatro Air Techologies\",\"description\":\"Quatro Air provides effective clean air solutions designed to handle any air quality challenge in your home, office or business. Contact us today for details.\",\"publisher\":{\"@id\":\"https:\/\/quatroair.com\/en\/#organization\"},\"potentialAction\":[{\"@type\":\"SearchAction\",\"target\":{\"@type\":\"EntryPoint\",\"urlTemplate\":\"https:\/\/quatroair.com\/en\/?s={search_term_string}\"},\"query-input\":{\"@type\":\"PropertyValueSpecification\",\"valueRequired\":true,\"valueName\":\"search_term_string\"}}],\"inLanguage\":\"fr-FR\"},{\"@type\":\"Organization\",\"@id\":\"https:\/\/quatroair.com\/en\/#organization\",\"name\":\"Quatro Air Techologies\",\"url\":\"https:\/\/quatroair.com\/en\/\",\"logo\":{\"@type\":\"ImageObject\",\"inLanguage\":\"fr-FR\",\"@id\":\"https:\/\/quatroair.com\/en\/#\/schema\/logo\/image\/\",\"url\":\"https:\/\/quatroair.com\/wp-content\/uploads\/2024\/10\/logo.svg\",\"contentUrl\":\"https:\/\/quatroair.com\/wp-content\/uploads\/2024\/10\/logo.svg\",\"width\":708,\"height\":142,\"caption\":\"Quatro Air Techologies\"},\"image\":{\"@id\":\"https:\/\/quatroair.com\/en\/#\/schema\/logo\/image\/\"},\"sameAs\":[\"https:\/\/www.facebook.com\/QuatroAirTechnologies\",\"https:\/\/x.com\/QuatroAir\",\"https:\/\/www.youtube.com\/channel\/UCdTTBL7Pwwyr2JGybAn8Bxw\",\"https:\/\/www.linkedin.com\/company\/quatro-air-technologies\"]}]}<\/script>\n<!-- \/ Yoast SEO plugin. -->","yoast_head_json":{"title":"AF 400 POUR LA POUSSI\u00c8RE ET LES ODEURS - Quatro Air Techologies","description":"Protection des espaces jusqu'\u00e0 120 pi\u00b2. Syst\u00e8me de filtration de l'air en 3","robots":{"index":"index","follow":"follow"},"canonical":"https:\/\/quatroair.com\/industries\/dental\/air-purifiers\/af400\/af-400-dust-and-odor-dental","og_locale":"fr_FR","og_type":"article","og_title":"AF 400 POUR LA POUSSI\u00c8RE ET LES ODEURS - Quatro Air Techologies","og_description":"Protection des espaces jusqu'\u00e0 120 pi\u00b2. Syst\u00e8me de filtration de l'air en 3","og_url":"https:\/\/quatroair.com\/industries\/dental\/air-purifiers\/af400\/af-400-dust-and-odor-dental","og_site_name":"Quatro Air Techologies","article_publisher":"https:\/\/www.facebook.com\/QuatroAirTechnologies","article_modified_time":"2026-02-26T23:06:43+00:00","og_image":[{"width":480,"height":320,"url":"https:\/\/quatroair.com\/wp-content\/uploads\/2024\/11\/i1707396741s3feabcf0772ax600.webp","type":"image\/webp"}],"twitter_card":"summary_large_image","twitter_site":"@QuatroAir","twitter_misc":{"Dur\u00e9e de lecture estim\u00e9e":"1 minute"},"schema":{"@context":"https:\/\/schema.org","@graph":[{"@type":"WebPage","@id":"https:\/\/quatroair.com\/industries\/dental\/air-purifiers\/af400\/af-400-dust-and-odor-dental","url":"https:\/\/quatroair.com\/industries\/dental\/air-purifiers\/af400\/af-400-dust-and-odor-dental","name":"AF 400 POUR LA POUSSI\u00c8RE ET LES ODEURS - Quatro Air Techologies","isPartOf":{"@id":"https:\/\/quatroair.com\/en\/#website"},"primaryImageOfPage":{"@id":"https:\/\/quatroair.com\/industries\/dental\/air-purifiers\/af400\/af-400-dust-and-odor-dental#primaryimage"},"image":{"@id":"https:\/\/quatroair.com\/industries\/dental\/air-purifiers\/af400\/af-400-dust-and-odor-dental#primaryimage"},"thumbnailUrl":"https:\/\/quatroair.com\/wp-content\/uploads\/2024\/11\/i1707396741s3feabcf0772ax600.webp","datePublished":"2024-11-13T18:55:48+00:00","dateModified":"2026-02-26T23:06:43+00:00","description":"Protection des espaces jusqu'\u00e0 120 pi\u00b2. Syst\u00e8me de filtration de l'air en 3","breadcrumb":{"@id":"https:\/\/quatroair.com\/industries\/dental\/air-purifiers\/af400\/af-400-dust-and-odor-dental#breadcrumb"},"inLanguage":"fr-FR","potentialAction":[{"@type":"ReadAction","target":["https:\/\/quatroair.com\/industries\/dental\/air-purifiers\/af400\/af-400-dust-and-odor-dental"]}]},{"@type":"ImageObject","inLanguage":"fr-FR","@id":"https:\/\/quatroair.com\/industries\/dental\/air-purifiers\/af400\/af-400-dust-and-odor-dental#primaryimage","url":"https:\/\/quatroair.com\/wp-content\/uploads\/2024\/11\/i1707396741s3feabcf0772ax600.webp","contentUrl":"https:\/\/quatroair.com\/wp-content\/uploads\/2024\/11\/i1707396741s3feabcf0772ax600.webp","width":480,"height":320},{"@type":"BreadcrumbList","@id":"https:\/\/quatroair.com\/industries\/dental\/air-purifiers\/af400\/af-400-dust-and-odor-dental#breadcrumb","itemListElement":[{"@type":"ListItem","position":1,"name":"Home","item":"https:\/\/quatroair.com\/"},{"@type":"ListItem","position":2,"name":"Products","item":"https:\/\/quatroair.com\/shop__trashed\/"},{"@type":"ListItem","position":3,"name":"AF 400 POUR LA POUSSI\u00c8RE ET LES ODEURS"}]},{"@type":"WebSite","@id":"https:\/\/quatroair.com\/en\/#website","url":"https:\/\/quatroair.com\/en\/","name":"Quatro Air Techologies","description":"Quatro Air provides effective clean air solutions designed to handle any air quality challenge in your home, office or business. Contact us today for details.","publisher":{"@id":"https:\/\/quatroair.com\/en\/#organization"},"potentialAction":[{"@type":"SearchAction","target":{"@type":"EntryPoint","urlTemplate":"https:\/\/quatroair.com\/en\/?s={search_term_string}"},"query-input":{"@type":"PropertyValueSpecification","valueRequired":true,"valueName":"search_term_string"}}],"inLanguage":"fr-FR"},{"@type":"Organization","@id":"https:\/\/quatroair.com\/en\/#organization","name":"Quatro Air Techologies","url":"https:\/\/quatroair.com\/en\/","logo":{"@type":"ImageObject","inLanguage":"fr-FR","@id":"https:\/\/quatroair.com\/en\/#\/schema\/logo\/image\/","url":"https:\/\/quatroair.com\/wp-content\/uploads\/2024\/10\/logo.svg","contentUrl":"https:\/\/quatroair.com\/wp-content\/uploads\/2024\/10\/logo.svg","width":708,"height":142,"caption":"Quatro Air Techologies"},"image":{"@id":"https:\/\/quatroair.com\/en\/#\/schema\/logo\/image\/"},"sameAs":["https:\/\/www.facebook.com\/QuatroAirTechnologies","https:\/\/x.com\/QuatroAir","https:\/\/www.youtube.com\/channel\/UCdTTBL7Pwwyr2JGybAn8Bxw","https:\/\/www.linkedin.com\/company\/quatro-air-technologies"]}]}},"_links":{"self":[{"href":"https:\/\/quatroair.com\/fr\/wp-json\/wp\/v2\/product\/5846","targetHints":{"allow":["GET"]}}],"collection":[{"href":"https:\/\/quatroair.com\/fr\/wp-json\/wp\/v2\/product"}],"about":[{"href":"https:\/\/quatroair.com\/fr\/wp-json\/wp\/v2\/types\/product"}],"replies":[{"embeddable":true,"href":"https:\/\/quatroair.com\/fr\/wp-json\/wp\/v2\/comments?post=5846"}],"version-history":[{"count":9,"href":"https:\/\/quatroair.com\/fr\/wp-json\/wp\/v2\/product\/5846\/revisions"}],"predecessor-version":[{"id":12585,"href":"https:\/\/quatroair.com\/fr\/wp-json\/wp\/v2\/product\/5846\/revisions\/12585"}],"wp:featuredmedia":[{"embeddable":true,"href":"https:\/\/quatroair.com\/fr\/wp-json\/wp\/v2\/media\/4739"}],"wp:attachment":[{"href":"https:\/\/quatroair.com\/fr\/wp-json\/wp\/v2\/media?parent=5846"}],"wp:term":[{"taxonomy":"product_cat","embeddable":true,"href":"https:\/\/quatroair.com\/fr\/wp-json\/wp\/v2\/product_cat?post=5846"},{"taxonomy":"product_tag","embeddable":true,"href":"https:\/\/quatroair.com\/fr\/wp-json\/wp\/v2\/product_tag?post=5846"}],"curies":[{"name":"wp","href":"https:\/\/api.w.org\/{rel}","templated":true}]}}