{"id":5840,"date":"2024-11-13T21:35:40","date_gmt":"2024-11-13T21:35:40","guid":{"rendered":"https:\/\/quatroair.com\/product\/4-in-diameter-exhaust-kit\/"},"modified":"2026-02-05T16:45:03","modified_gmt":"2026-02-05T16:45:03","slug":"4-in-flex-hose-installation-kit","status":"publish","type":"product","link":"https:\/\/quatroair.com\/fr\/products\/product-accessories\/more\/4-in-flex-hose-installation-kit","title":{"rendered":"Kit d\u2019\u00e9vacuation de 4 po de diam\u00e8tre"},"content":{"rendered":"<h3>Pr\u00e9sentation<\/h3>\n<ul>\n<li>Kit de ventilation ext\u00e9rieure pour syst\u00e8mes de confinement de bureau (DCS)<\/li>\n<\/ul>\n<h3>Avantages<\/h3>\n<ul>\n<li>Se monte facilement sur la grille de l&rsquo;unit\u00e9 DSC<\/li>\n<li>Convertit un syst\u00e8me de recirculation en syst\u00e8me de ventilation ext\u00e9rieure<\/li>\n<\/ul>\n<h3>Caract\u00e9ristiques<\/h3>\n<ul>\n<li>Inclus : plaque de collier de 4&Prime;, vis pour fixer \u00e0 l&rsquo;unit\u00e9 (4), un tuyau flexible de 8&prime; de 4&Prime; de diam\u00e8tre, des colliers de serrage (2)<\/li>\n<\/ul>\n<h3>Options<\/h3>\n<ul>\n<li> Peut n\u00e9cessiter des \u00e9vents\/capuchons et des \u00e9crans ext\u00e9rieurs suppl\u00e9mentaires pour emp\u00eacher l&rsquo;air froid, la neige, la pluie et les parasites d&rsquo;entrer.<\/li>\n<\/ul>\n","protected":false},"excerpt":{"rendered":"<p>Le kit d&rsquo;\u00e9chappement de 4&Prime; de diam\u00e8tre est un accessoire compl\u00e9mentaire \u00e0 utiliser avec des applications d&rsquo;extraction de fum\u00e9e sp\u00e9cifiques qui n\u00e9cessitent un conduit vers l&rsquo;ext\u00e9rieur.<\/p>\n","protected":false},"featured_media":11469,"comment_status":"open","ping_status":"closed","template":"","meta":{"_acf_changed":false},"product_cat":[89,88],"product_tag":[],"class_list":{"0":"post-5840","1":"product","2":"type-product","3":"status-publish","4":"has-post-thumbnail","6":"product_cat-accessoires","7":"product_cat-nocategroy-fr","9":"first","10":"instock","11":"shipping-taxable","12":"product-type-simple"},"acf":[],"yoast_head":"<!-- This site is optimized with the Yoast SEO plugin v26.9 - https:\/\/yoast.com\/product\/yoast-seo-wordpress\/ -->\n<title>Kit d\u2019\u00e9vacuation de 4 po de diam\u00e8tre - Quatro Air Techologies<\/title>\n<meta name=\"description\" content=\"Complete installation kit with 4\u201d collar plate, screws, 8\u2019 x 4\u201d flexible hose and clamps. Additional hardware supplied by installer or end user.\" \/>\n<meta name=\"robots\" content=\"index, follow\" \/>\n<link rel=\"canonical\" href=\"https:\/\/quatroair.com\/industries\/dental\/accessories\/more\/4-in-flex-hose-installation-kit\" \/>\n<meta property=\"og:locale\" content=\"fr_FR\" \/>\n<meta property=\"og:type\" content=\"article\" \/>\n<meta property=\"og:title\" content=\"Kit d\u2019\u00e9vacuation de 4 po de diam\u00e8tre - Quatro Air Techologies\" \/>\n<meta property=\"og:description\" content=\"Complete installation kit with 4\u201d collar plate, screws, 8\u2019 x 4\u201d flexible hose and clamps. Additional hardware supplied by installer or end user.\" \/>\n<meta property=\"og:url\" content=\"https:\/\/quatroair.com\/industries\/dental\/accessories\/more\/4-in-flex-hose-installation-kit\" \/>\n<meta property=\"og:site_name\" content=\"Quatro Air Techologies\" \/>\n<meta property=\"article:publisher\" content=\"https:\/\/www.facebook.com\/QuatroAirTechnologies\" \/>\n<meta property=\"article:modified_time\" content=\"2026-02-05T16:45:03+00:00\" \/>\n<meta property=\"og:image\" content=\"https:\/\/quatroair.com\/wp-content\/uploads\/2025\/11\/AA314.png\" \/>\n\t<meta property=\"og:image:width\" content=\"480\" \/>\n\t<meta property=\"og:image:height\" content=\"320\" \/>\n\t<meta property=\"og:image:type\" content=\"image\/png\" \/>\n<meta name=\"twitter:card\" content=\"summary_large_image\" \/>\n<meta name=\"twitter:site\" content=\"@QuatroAir\" \/>\n<meta name=\"twitter:label1\" content=\"Dur\u00e9e de lecture estim\u00e9e\" \/>\n\t<meta name=\"twitter:data1\" content=\"1 minute\" \/>\n<script type=\"application\/ld+json\" class=\"yoast-schema-graph\">{\"@context\":\"https:\/\/schema.org\",\"@graph\":[{\"@type\":\"WebPage\",\"@id\":\"https:\/\/quatroair.com\/industries\/dental\/accessories\/more\/4-in-flex-hose-installation-kit\",\"url\":\"https:\/\/quatroair.com\/industries\/dental\/accessories\/more\/4-in-flex-hose-installation-kit\",\"name\":\"Kit d\u2019\u00e9vacuation de 4 po de diam\u00e8tre - Quatro Air Techologies\",\"isPartOf\":{\"@id\":\"https:\/\/quatroair.com\/en\/#website\"},\"primaryImageOfPage\":{\"@id\":\"https:\/\/quatroair.com\/industries\/dental\/accessories\/more\/4-in-flex-hose-installation-kit#primaryimage\"},\"image\":{\"@id\":\"https:\/\/quatroair.com\/industries\/dental\/accessories\/more\/4-in-flex-hose-installation-kit#primaryimage\"},\"thumbnailUrl\":\"https:\/\/quatroair.com\/wp-content\/uploads\/2025\/11\/AA314.png\",\"datePublished\":\"2024-11-13T21:35:40+00:00\",\"dateModified\":\"2026-02-05T16:45:03+00:00\",\"description\":\"Complete installation kit with 4\u201d collar plate, screws, 8\u2019 x 4\u201d flexible hose and clamps. Additional hardware supplied by installer or end user.\",\"breadcrumb\":{\"@id\":\"https:\/\/quatroair.com\/industries\/dental\/accessories\/more\/4-in-flex-hose-installation-kit#breadcrumb\"},\"inLanguage\":\"fr-FR\",\"potentialAction\":[{\"@type\":\"ReadAction\",\"target\":[\"https:\/\/quatroair.com\/industries\/dental\/accessories\/more\/4-in-flex-hose-installation-kit\"]}]},{\"@type\":\"ImageObject\",\"inLanguage\":\"fr-FR\",\"@id\":\"https:\/\/quatroair.com\/industries\/dental\/accessories\/more\/4-in-flex-hose-installation-kit#primaryimage\",\"url\":\"https:\/\/quatroair.com\/wp-content\/uploads\/2025\/11\/AA314.png\",\"contentUrl\":\"https:\/\/quatroair.com\/wp-content\/uploads\/2025\/11\/AA314.png\",\"width\":480,\"height\":320,\"caption\":\"Optional Add-on for RH and DCS fume extraction systems\"},{\"@type\":\"BreadcrumbList\",\"@id\":\"https:\/\/quatroair.com\/industries\/dental\/accessories\/more\/4-in-flex-hose-installation-kit#breadcrumb\",\"itemListElement\":[{\"@type\":\"ListItem\",\"position\":1,\"name\":\"Home\",\"item\":\"https:\/\/quatroair.com\/\"},{\"@type\":\"ListItem\",\"position\":2,\"name\":\"Products\",\"item\":\"https:\/\/quatroair.com\/shop__trashed\/\"},{\"@type\":\"ListItem\",\"position\":3,\"name\":\"Kit d\u2019\u00e9vacuation de 4 po de diam\u00e8tre\"}]},{\"@type\":\"WebSite\",\"@id\":\"https:\/\/quatroair.com\/en\/#website\",\"url\":\"https:\/\/quatroair.com\/en\/\",\"name\":\"Quatro Air Techologies\",\"description\":\"Quatro Air provides effective clean air solutions designed to handle any air quality challenge in your home, office or business. Contact us today for details.\",\"publisher\":{\"@id\":\"https:\/\/quatroair.com\/en\/#organization\"},\"potentialAction\":[{\"@type\":\"SearchAction\",\"target\":{\"@type\":\"EntryPoint\",\"urlTemplate\":\"https:\/\/quatroair.com\/en\/?s={search_term_string}\"},\"query-input\":{\"@type\":\"PropertyValueSpecification\",\"valueRequired\":true,\"valueName\":\"search_term_string\"}}],\"inLanguage\":\"fr-FR\"},{\"@type\":\"Organization\",\"@id\":\"https:\/\/quatroair.com\/en\/#organization\",\"name\":\"Quatro Air Techologies\",\"url\":\"https:\/\/quatroair.com\/en\/\",\"logo\":{\"@type\":\"ImageObject\",\"inLanguage\":\"fr-FR\",\"@id\":\"https:\/\/quatroair.com\/en\/#\/schema\/logo\/image\/\",\"url\":\"https:\/\/quatroair.com\/wp-content\/uploads\/2024\/10\/logo.svg\",\"contentUrl\":\"https:\/\/quatroair.com\/wp-content\/uploads\/2024\/10\/logo.svg\",\"width\":708,\"height\":142,\"caption\":\"Quatro Air Techologies\"},\"image\":{\"@id\":\"https:\/\/quatroair.com\/en\/#\/schema\/logo\/image\/\"},\"sameAs\":[\"https:\/\/www.facebook.com\/QuatroAirTechnologies\",\"https:\/\/x.com\/QuatroAir\",\"https:\/\/www.youtube.com\/channel\/UCdTTBL7Pwwyr2JGybAn8Bxw\",\"https:\/\/www.linkedin.com\/company\/quatro-air-technologies\"]}]}<\/script>\n<!-- \/ Yoast SEO plugin. -->","yoast_head_json":{"title":"Kit d\u2019\u00e9vacuation de 4 po de diam\u00e8tre - Quatro Air Techologies","description":"Complete installation kit with 4\u201d collar plate, screws, 8\u2019 x 4\u201d flexible hose and clamps. Additional hardware supplied by installer or end user.","robots":{"index":"index","follow":"follow"},"canonical":"https:\/\/quatroair.com\/industries\/dental\/accessories\/more\/4-in-flex-hose-installation-kit","og_locale":"fr_FR","og_type":"article","og_title":"Kit d\u2019\u00e9vacuation de 4 po de diam\u00e8tre - Quatro Air Techologies","og_description":"Complete installation kit with 4\u201d collar plate, screws, 8\u2019 x 4\u201d flexible hose and clamps. Additional hardware supplied by installer or end user.","og_url":"https:\/\/quatroair.com\/industries\/dental\/accessories\/more\/4-in-flex-hose-installation-kit","og_site_name":"Quatro Air Techologies","article_publisher":"https:\/\/www.facebook.com\/QuatroAirTechnologies","article_modified_time":"2026-02-05T16:45:03+00:00","og_image":[{"width":480,"height":320,"url":"https:\/\/quatroair.com\/wp-content\/uploads\/2025\/11\/AA314.png","type":"image\/png"}],"twitter_card":"summary_large_image","twitter_site":"@QuatroAir","twitter_misc":{"Dur\u00e9e de lecture estim\u00e9e":"1 minute"},"schema":{"@context":"https:\/\/schema.org","@graph":[{"@type":"WebPage","@id":"https:\/\/quatroair.com\/industries\/dental\/accessories\/more\/4-in-flex-hose-installation-kit","url":"https:\/\/quatroair.com\/industries\/dental\/accessories\/more\/4-in-flex-hose-installation-kit","name":"Kit d\u2019\u00e9vacuation de 4 po de diam\u00e8tre - Quatro Air Techologies","isPartOf":{"@id":"https:\/\/quatroair.com\/en\/#website"},"primaryImageOfPage":{"@id":"https:\/\/quatroair.com\/industries\/dental\/accessories\/more\/4-in-flex-hose-installation-kit#primaryimage"},"image":{"@id":"https:\/\/quatroair.com\/industries\/dental\/accessories\/more\/4-in-flex-hose-installation-kit#primaryimage"},"thumbnailUrl":"https:\/\/quatroair.com\/wp-content\/uploads\/2025\/11\/AA314.png","datePublished":"2024-11-13T21:35:40+00:00","dateModified":"2026-02-05T16:45:03+00:00","description":"Complete installation kit with 4\u201d collar plate, screws, 8\u2019 x 4\u201d flexible hose and clamps. Additional hardware supplied by installer or end user.","breadcrumb":{"@id":"https:\/\/quatroair.com\/industries\/dental\/accessories\/more\/4-in-flex-hose-installation-kit#breadcrumb"},"inLanguage":"fr-FR","potentialAction":[{"@type":"ReadAction","target":["https:\/\/quatroair.com\/industries\/dental\/accessories\/more\/4-in-flex-hose-installation-kit"]}]},{"@type":"ImageObject","inLanguage":"fr-FR","@id":"https:\/\/quatroair.com\/industries\/dental\/accessories\/more\/4-in-flex-hose-installation-kit#primaryimage","url":"https:\/\/quatroair.com\/wp-content\/uploads\/2025\/11\/AA314.png","contentUrl":"https:\/\/quatroair.com\/wp-content\/uploads\/2025\/11\/AA314.png","width":480,"height":320,"caption":"Optional Add-on for RH and DCS fume extraction systems"},{"@type":"BreadcrumbList","@id":"https:\/\/quatroair.com\/industries\/dental\/accessories\/more\/4-in-flex-hose-installation-kit#breadcrumb","itemListElement":[{"@type":"ListItem","position":1,"name":"Home","item":"https:\/\/quatroair.com\/"},{"@type":"ListItem","position":2,"name":"Products","item":"https:\/\/quatroair.com\/shop__trashed\/"},{"@type":"ListItem","position":3,"name":"Kit d\u2019\u00e9vacuation de 4 po de diam\u00e8tre"}]},{"@type":"WebSite","@id":"https:\/\/quatroair.com\/en\/#website","url":"https:\/\/quatroair.com\/en\/","name":"Quatro Air Techologies","description":"Quatro Air provides effective clean air solutions designed to handle any air quality challenge in your home, office or business. Contact us today for details.","publisher":{"@id":"https:\/\/quatroair.com\/en\/#organization"},"potentialAction":[{"@type":"SearchAction","target":{"@type":"EntryPoint","urlTemplate":"https:\/\/quatroair.com\/en\/?s={search_term_string}"},"query-input":{"@type":"PropertyValueSpecification","valueRequired":true,"valueName":"search_term_string"}}],"inLanguage":"fr-FR"},{"@type":"Organization","@id":"https:\/\/quatroair.com\/en\/#organization","name":"Quatro Air Techologies","url":"https:\/\/quatroair.com\/en\/","logo":{"@type":"ImageObject","inLanguage":"fr-FR","@id":"https:\/\/quatroair.com\/en\/#\/schema\/logo\/image\/","url":"https:\/\/quatroair.com\/wp-content\/uploads\/2024\/10\/logo.svg","contentUrl":"https:\/\/quatroair.com\/wp-content\/uploads\/2024\/10\/logo.svg","width":708,"height":142,"caption":"Quatro Air Techologies"},"image":{"@id":"https:\/\/quatroair.com\/en\/#\/schema\/logo\/image\/"},"sameAs":["https:\/\/www.facebook.com\/QuatroAirTechnologies","https:\/\/x.com\/QuatroAir","https:\/\/www.youtube.com\/channel\/UCdTTBL7Pwwyr2JGybAn8Bxw","https:\/\/www.linkedin.com\/company\/quatro-air-technologies"]}]}},"_links":{"self":[{"href":"https:\/\/quatroair.com\/fr\/wp-json\/wp\/v2\/product\/5840","targetHints":{"allow":["GET"]}}],"collection":[{"href":"https:\/\/quatroair.com\/fr\/wp-json\/wp\/v2\/product"}],"about":[{"href":"https:\/\/quatroair.com\/fr\/wp-json\/wp\/v2\/types\/product"}],"replies":[{"embeddable":true,"href":"https:\/\/quatroair.com\/fr\/wp-json\/wp\/v2\/comments?post=5840"}],"version-history":[{"count":6,"href":"https:\/\/quatroair.com\/fr\/wp-json\/wp\/v2\/product\/5840\/revisions"}],"predecessor-version":[{"id":12272,"href":"https:\/\/quatroair.com\/fr\/wp-json\/wp\/v2\/product\/5840\/revisions\/12272"}],"wp:featuredmedia":[{"embeddable":true,"href":"https:\/\/quatroair.com\/fr\/wp-json\/wp\/v2\/media\/11469"}],"wp:attachment":[{"href":"https:\/\/quatroair.com\/fr\/wp-json\/wp\/v2\/media?parent=5840"}],"wp:term":[{"taxonomy":"product_cat","embeddable":true,"href":"https:\/\/quatroair.com\/fr\/wp-json\/wp\/v2\/product_cat?post=5840"},{"taxonomy":"product_tag","embeddable":true,"href":"https:\/\/quatroair.com\/fr\/wp-json\/wp\/v2\/product_tag?post=5840"}],"curies":[{"name":"wp","href":"https:\/\/api.w.org\/{rel}","templated":true}]}}