{"id":5833,"date":"2024-11-17T13:15:37","date_gmt":"2024-11-17T13:15:37","guid":{"rendered":"https:\/\/quatroair.com\/product\/monopure-hepa-3d-alcohol-cleaningunit-only-6ft-3-dia-hose\/"},"modified":"2026-01-11T11:19:18","modified_gmt":"2026-01-11T11:19:18","slug":"boit-de-confinement-haut-pour-imprimant-3d-avec-purificateur-a-captation-a-la-source","status":"publish","type":"product","link":"https:\/\/quatroair.com\/fr\/industries\/dental\/3d-printing\/under-the-counter-models\/tall-3d-printer-containment-box","title":{"rendered":"Boit de confinement haut pour imprimante 3D avec purificateur \u00e0 captation \u00e0 la source"},"content":{"rendered":"<p>&nbsp;<\/p>\n<h2>Vue d&rsquo;ensemble<\/h2>\n<p>\nLe MonoPure pour imprimantes 3D est un extracteur de fum\u00e9es compact con\u00e7u pour \u00eatre install\u00e9 sous un comptoir.<br \/>\nIl est sp\u00e9cialement con\u00e7u pour traiter les COV g\u00e9n\u00e9r\u00e9s par les r\u00e9sines photopolym\u00e8res ainsi que par les stations<br \/>\nde nettoyage \u00e0 l&rsquo;isopropanol. Il est fourni avec une enceinte de confinement robuste permettant de capturer<br \/>\nefficacement les odeurs nocives.\n<\/p>\n<h2>Avantages<\/h2>\n<ul>\n<li>Conception compacte \u00ab plug and play \u00bb (pr\u00eat \u00e0 l&#8217;emploi)<\/li>\n<li>Capture et contient les particules et les COV associ\u00e9s \u00e0 l&rsquo;impression 3D<\/li>\n<li>Fonctionnement silencieux<\/li>\n<li>Certifi\u00e9 CSA, conforme aux normes UL et RoHS<\/li>\n<li>Deux entr\u00e9es de 3&Prime; permettant des options d&rsquo;expansion<\/li>\n<\/ul>\n<h2>Caract\u00e9ristiques<\/h2>\n<ul>\n<li>Syst\u00e8me de filtration multi-\u00e9tages (dont un filtre HEPA)<\/li>\n<li>Panneau de contr\u00f4le iSeries (num\u00e9rique)<\/li>\n<li>Grande enceinte de confinement pour imprimantes de bureau (31&Prime;h x 20.5&Prime;w x 20&Prime;d \u2013 79h x 52w x 51d cm)<\/li>\n<li>8 pieds (\u2248 2,4 m) de tuyau l\u00e9ger de 3&Prime; de diam\u00e8tre<\/li>\n<\/ul>\n<h2>Options<\/h2>\n<ul>\n<li>Tuyau ou bras de capture de source mont\u00e9<\/li>\n<li>Interrupteur \u00e0 p\u00e9dale d\u00e9port\u00e9 (AA175)<\/li>\n<li>Interrupteur manuel d\u00e9port\u00e9 (AA375)<\/li>\n<\/ul>\n","protected":false},"excerpt":{"rendered":"<p>Extracteur de fum\u00e9es sur pied avec grande enceinte de confinement pour imprimantes de bureau<\/p>\n","protected":false},"featured_media":10732,"comment_status":"open","ping_status":"closed","template":"","meta":{"_acf_changed":false},"product_cat":[88],"product_tag":[],"class_list":{"0":"post-5833","1":"product","2":"type-product","3":"status-publish","4":"has-post-thumbnail","6":"product_cat-nocategroy-fr","8":"first","9":"instock","10":"shipping-taxable","11":"product-type-simple"},"acf":[],"yoast_head":"<!-- This site is optimized with the Yoast SEO plugin v26.9 - https:\/\/yoast.com\/product\/yoast-seo-wordpress\/ -->\n<title>Boit de confinement haut pour imprimante 3D avec purificateur \u00e0 captation \u00e0 la source - Quatro Air Techologies<\/title>\n<meta name=\"description\" content=\"\u00a0 Vue d&#039;ensemble Le MonoPure pour imprimantes 3D est un extracteur de\" \/>\n<meta name=\"robots\" content=\"index, follow\" \/>\n<link rel=\"canonical\" href=\"https:\/\/quatroair.com\/industries\/dental\/3d-printing\/under-the-counter-models\/boit-de-confinement-haut-pour-imprimant-3d-avec-purificateur-a-captation-a-la-source\" \/>\n<meta property=\"og:locale\" content=\"fr_FR\" \/>\n<meta property=\"og:type\" content=\"article\" \/>\n<meta property=\"og:title\" content=\"Boit de confinement haut pour imprimante 3D avec purificateur \u00e0 captation \u00e0 la source - Quatro Air Techologies\" \/>\n<meta property=\"og:description\" content=\"\u00a0 Vue d&#039;ensemble Le MonoPure pour imprimantes 3D est un extracteur de\" \/>\n<meta property=\"og:url\" content=\"https:\/\/quatroair.com\/industries\/dental\/3d-printing\/under-the-counter-models\/boit-de-confinement-haut-pour-imprimant-3d-avec-purificateur-a-captation-a-la-source\" \/>\n<meta property=\"og:site_name\" content=\"Quatro Air Techologies\" \/>\n<meta property=\"article:publisher\" content=\"https:\/\/www.facebook.com\/QuatroAirTechnologies\" \/>\n<meta property=\"article:modified_time\" content=\"2026-01-11T11:19:18+00:00\" \/>\n<meta property=\"og:image\" content=\"https:\/\/quatroair.com\/wp-content\/uploads\/2024\/11\/3-0016-0210.png\" \/>\n\t<meta property=\"og:image:width\" content=\"480\" \/>\n\t<meta property=\"og:image:height\" content=\"320\" \/>\n\t<meta property=\"og:image:type\" content=\"image\/png\" \/>\n<meta name=\"twitter:card\" content=\"summary_large_image\" \/>\n<meta name=\"twitter:site\" content=\"@QuatroAir\" \/>\n<meta name=\"twitter:label1\" content=\"Dur\u00e9e de lecture estim\u00e9e\" \/>\n\t<meta name=\"twitter:data1\" content=\"1 minute\" \/>\n<script type=\"application\/ld+json\" class=\"yoast-schema-graph\">{\"@context\":\"https:\/\/schema.org\",\"@graph\":[{\"@type\":\"WebPage\",\"@id\":\"https:\/\/quatroair.com\/industries\/dental\/3d-printing\/under-the-counter-models\/boit-de-confinement-haut-pour-imprimant-3d-avec-purificateur-a-captation-a-la-source\",\"url\":\"https:\/\/quatroair.com\/industries\/dental\/3d-printing\/under-the-counter-models\/boit-de-confinement-haut-pour-imprimant-3d-avec-purificateur-a-captation-a-la-source\",\"name\":\"Boit de confinement haut pour imprimante 3D avec purificateur \u00e0 captation \u00e0 la source - Quatro Air Techologies\",\"isPartOf\":{\"@id\":\"https:\/\/quatroair.com\/en\/#website\"},\"primaryImageOfPage\":{\"@id\":\"https:\/\/quatroair.com\/industries\/dental\/3d-printing\/under-the-counter-models\/boit-de-confinement-haut-pour-imprimant-3d-avec-purificateur-a-captation-a-la-source#primaryimage\"},\"image\":{\"@id\":\"https:\/\/quatroair.com\/industries\/dental\/3d-printing\/under-the-counter-models\/boit-de-confinement-haut-pour-imprimant-3d-avec-purificateur-a-captation-a-la-source#primaryimage\"},\"thumbnailUrl\":\"https:\/\/quatroair.com\/wp-content\/uploads\/2024\/11\/3-0016-0210.png\",\"datePublished\":\"2024-11-17T13:15:37+00:00\",\"dateModified\":\"2026-01-11T11:19:18+00:00\",\"description\":\"\u00a0 Vue d'ensemble Le MonoPure pour imprimantes 3D est un extracteur de\",\"breadcrumb\":{\"@id\":\"https:\/\/quatroair.com\/industries\/dental\/3d-printing\/under-the-counter-models\/boit-de-confinement-haut-pour-imprimant-3d-avec-purificateur-a-captation-a-la-source#breadcrumb\"},\"inLanguage\":\"fr-FR\",\"potentialAction\":[{\"@type\":\"ReadAction\",\"target\":[\"https:\/\/quatroair.com\/industries\/dental\/3d-printing\/under-the-counter-models\/boit-de-confinement-haut-pour-imprimant-3d-avec-purificateur-a-captation-a-la-source\"]}]},{\"@type\":\"ImageObject\",\"inLanguage\":\"fr-FR\",\"@id\":\"https:\/\/quatroair.com\/industries\/dental\/3d-printing\/under-the-counter-models\/boit-de-confinement-haut-pour-imprimant-3d-avec-purificateur-a-captation-a-la-source#primaryimage\",\"url\":\"https:\/\/quatroair.com\/wp-content\/uploads\/2024\/11\/3-0016-0210.png\",\"contentUrl\":\"https:\/\/quatroair.com\/wp-content\/uploads\/2024\/11\/3-0016-0210.png\",\"width\":480,\"height\":320},{\"@type\":\"BreadcrumbList\",\"@id\":\"https:\/\/quatroair.com\/industries\/dental\/3d-printing\/under-the-counter-models\/boit-de-confinement-haut-pour-imprimant-3d-avec-purificateur-a-captation-a-la-source#breadcrumb\",\"itemListElement\":[{\"@type\":\"ListItem\",\"position\":1,\"name\":\"Home\",\"item\":\"https:\/\/quatroair.com\/\"},{\"@type\":\"ListItem\",\"position\":2,\"name\":\"Products\",\"item\":\"https:\/\/quatroair.com\/shop__trashed\/\"},{\"@type\":\"ListItem\",\"position\":3,\"name\":\"Boit de confinement haut pour imprimante 3D avec purificateur \u00e0 captation \u00e0 la source\"}]},{\"@type\":\"WebSite\",\"@id\":\"https:\/\/quatroair.com\/en\/#website\",\"url\":\"https:\/\/quatroair.com\/en\/\",\"name\":\"Quatro Air Techologies\",\"description\":\"Quatro Air provides effective clean air solutions designed to handle any air quality challenge in your home, office or business. Contact us today for details.\",\"publisher\":{\"@id\":\"https:\/\/quatroair.com\/en\/#organization\"},\"potentialAction\":[{\"@type\":\"SearchAction\",\"target\":{\"@type\":\"EntryPoint\",\"urlTemplate\":\"https:\/\/quatroair.com\/en\/?s={search_term_string}\"},\"query-input\":{\"@type\":\"PropertyValueSpecification\",\"valueRequired\":true,\"valueName\":\"search_term_string\"}}],\"inLanguage\":\"fr-FR\"},{\"@type\":\"Organization\",\"@id\":\"https:\/\/quatroair.com\/en\/#organization\",\"name\":\"Quatro Air Techologies\",\"url\":\"https:\/\/quatroair.com\/en\/\",\"logo\":{\"@type\":\"ImageObject\",\"inLanguage\":\"fr-FR\",\"@id\":\"https:\/\/quatroair.com\/en\/#\/schema\/logo\/image\/\",\"url\":\"https:\/\/quatroair.com\/wp-content\/uploads\/2024\/10\/logo.svg\",\"contentUrl\":\"https:\/\/quatroair.com\/wp-content\/uploads\/2024\/10\/logo.svg\",\"width\":708,\"height\":142,\"caption\":\"Quatro Air Techologies\"},\"image\":{\"@id\":\"https:\/\/quatroair.com\/en\/#\/schema\/logo\/image\/\"},\"sameAs\":[\"https:\/\/www.facebook.com\/QuatroAirTechnologies\",\"https:\/\/x.com\/QuatroAir\",\"https:\/\/www.youtube.com\/channel\/UCdTTBL7Pwwyr2JGybAn8Bxw\",\"https:\/\/www.linkedin.com\/company\/quatro-air-technologies\"]}]}<\/script>\n<!-- \/ Yoast SEO plugin. -->","yoast_head_json":{"title":"Boit de confinement haut pour imprimante 3D avec purificateur \u00e0 captation \u00e0 la source - Quatro Air Techologies","description":"\u00a0 Vue d'ensemble Le MonoPure pour imprimantes 3D est un extracteur de","robots":{"index":"index","follow":"follow"},"canonical":"https:\/\/quatroair.com\/industries\/dental\/3d-printing\/under-the-counter-models\/boit-de-confinement-haut-pour-imprimant-3d-avec-purificateur-a-captation-a-la-source","og_locale":"fr_FR","og_type":"article","og_title":"Boit de confinement haut pour imprimante 3D avec purificateur \u00e0 captation \u00e0 la source - Quatro Air Techologies","og_description":"\u00a0 Vue d'ensemble Le MonoPure pour imprimantes 3D est un extracteur de","og_url":"https:\/\/quatroair.com\/industries\/dental\/3d-printing\/under-the-counter-models\/boit-de-confinement-haut-pour-imprimant-3d-avec-purificateur-a-captation-a-la-source","og_site_name":"Quatro Air Techologies","article_publisher":"https:\/\/www.facebook.com\/QuatroAirTechnologies","article_modified_time":"2026-01-11T11:19:18+00:00","og_image":[{"width":480,"height":320,"url":"https:\/\/quatroair.com\/wp-content\/uploads\/2024\/11\/3-0016-0210.png","type":"image\/png"}],"twitter_card":"summary_large_image","twitter_site":"@QuatroAir","twitter_misc":{"Dur\u00e9e de lecture estim\u00e9e":"1 minute"},"schema":{"@context":"https:\/\/schema.org","@graph":[{"@type":"WebPage","@id":"https:\/\/quatroair.com\/industries\/dental\/3d-printing\/under-the-counter-models\/boit-de-confinement-haut-pour-imprimant-3d-avec-purificateur-a-captation-a-la-source","url":"https:\/\/quatroair.com\/industries\/dental\/3d-printing\/under-the-counter-models\/boit-de-confinement-haut-pour-imprimant-3d-avec-purificateur-a-captation-a-la-source","name":"Boit de confinement haut pour imprimante 3D avec purificateur \u00e0 captation \u00e0 la source - Quatro Air Techologies","isPartOf":{"@id":"https:\/\/quatroair.com\/en\/#website"},"primaryImageOfPage":{"@id":"https:\/\/quatroair.com\/industries\/dental\/3d-printing\/under-the-counter-models\/boit-de-confinement-haut-pour-imprimant-3d-avec-purificateur-a-captation-a-la-source#primaryimage"},"image":{"@id":"https:\/\/quatroair.com\/industries\/dental\/3d-printing\/under-the-counter-models\/boit-de-confinement-haut-pour-imprimant-3d-avec-purificateur-a-captation-a-la-source#primaryimage"},"thumbnailUrl":"https:\/\/quatroair.com\/wp-content\/uploads\/2024\/11\/3-0016-0210.png","datePublished":"2024-11-17T13:15:37+00:00","dateModified":"2026-01-11T11:19:18+00:00","description":"\u00a0 Vue d'ensemble Le MonoPure pour imprimantes 3D est un extracteur de","breadcrumb":{"@id":"https:\/\/quatroair.com\/industries\/dental\/3d-printing\/under-the-counter-models\/boit-de-confinement-haut-pour-imprimant-3d-avec-purificateur-a-captation-a-la-source#breadcrumb"},"inLanguage":"fr-FR","potentialAction":[{"@type":"ReadAction","target":["https:\/\/quatroair.com\/industries\/dental\/3d-printing\/under-the-counter-models\/boit-de-confinement-haut-pour-imprimant-3d-avec-purificateur-a-captation-a-la-source"]}]},{"@type":"ImageObject","inLanguage":"fr-FR","@id":"https:\/\/quatroair.com\/industries\/dental\/3d-printing\/under-the-counter-models\/boit-de-confinement-haut-pour-imprimant-3d-avec-purificateur-a-captation-a-la-source#primaryimage","url":"https:\/\/quatroair.com\/wp-content\/uploads\/2024\/11\/3-0016-0210.png","contentUrl":"https:\/\/quatroair.com\/wp-content\/uploads\/2024\/11\/3-0016-0210.png","width":480,"height":320},{"@type":"BreadcrumbList","@id":"https:\/\/quatroair.com\/industries\/dental\/3d-printing\/under-the-counter-models\/boit-de-confinement-haut-pour-imprimant-3d-avec-purificateur-a-captation-a-la-source#breadcrumb","itemListElement":[{"@type":"ListItem","position":1,"name":"Home","item":"https:\/\/quatroair.com\/"},{"@type":"ListItem","position":2,"name":"Products","item":"https:\/\/quatroair.com\/shop__trashed\/"},{"@type":"ListItem","position":3,"name":"Boit de confinement haut pour imprimante 3D avec purificateur \u00e0 captation \u00e0 la source"}]},{"@type":"WebSite","@id":"https:\/\/quatroair.com\/en\/#website","url":"https:\/\/quatroair.com\/en\/","name":"Quatro Air Techologies","description":"Quatro Air provides effective clean air solutions designed to handle any air quality challenge in your home, office or business. Contact us today for details.","publisher":{"@id":"https:\/\/quatroair.com\/en\/#organization"},"potentialAction":[{"@type":"SearchAction","target":{"@type":"EntryPoint","urlTemplate":"https:\/\/quatroair.com\/en\/?s={search_term_string}"},"query-input":{"@type":"PropertyValueSpecification","valueRequired":true,"valueName":"search_term_string"}}],"inLanguage":"fr-FR"},{"@type":"Organization","@id":"https:\/\/quatroair.com\/en\/#organization","name":"Quatro Air Techologies","url":"https:\/\/quatroair.com\/en\/","logo":{"@type":"ImageObject","inLanguage":"fr-FR","@id":"https:\/\/quatroair.com\/en\/#\/schema\/logo\/image\/","url":"https:\/\/quatroair.com\/wp-content\/uploads\/2024\/10\/logo.svg","contentUrl":"https:\/\/quatroair.com\/wp-content\/uploads\/2024\/10\/logo.svg","width":708,"height":142,"caption":"Quatro Air Techologies"},"image":{"@id":"https:\/\/quatroair.com\/en\/#\/schema\/logo\/image\/"},"sameAs":["https:\/\/www.facebook.com\/QuatroAirTechnologies","https:\/\/x.com\/QuatroAir","https:\/\/www.youtube.com\/channel\/UCdTTBL7Pwwyr2JGybAn8Bxw","https:\/\/www.linkedin.com\/company\/quatro-air-technologies"]}]}},"_links":{"self":[{"href":"https:\/\/quatroair.com\/fr\/wp-json\/wp\/v2\/product\/5833","targetHints":{"allow":["GET"]}}],"collection":[{"href":"https:\/\/quatroair.com\/fr\/wp-json\/wp\/v2\/product"}],"about":[{"href":"https:\/\/quatroair.com\/fr\/wp-json\/wp\/v2\/types\/product"}],"replies":[{"embeddable":true,"href":"https:\/\/quatroair.com\/fr\/wp-json\/wp\/v2\/comments?post=5833"}],"version-history":[{"count":11,"href":"https:\/\/quatroair.com\/fr\/wp-json\/wp\/v2\/product\/5833\/revisions"}],"predecessor-version":[{"id":11978,"href":"https:\/\/quatroair.com\/fr\/wp-json\/wp\/v2\/product\/5833\/revisions\/11978"}],"wp:featuredmedia":[{"embeddable":true,"href":"https:\/\/quatroair.com\/fr\/wp-json\/wp\/v2\/media\/10732"}],"wp:attachment":[{"href":"https:\/\/quatroair.com\/fr\/wp-json\/wp\/v2\/media?parent=5833"}],"wp:term":[{"taxonomy":"product_cat","embeddable":true,"href":"https:\/\/quatroair.com\/fr\/wp-json\/wp\/v2\/product_cat?post=5833"},{"taxonomy":"product_tag","embeddable":true,"href":"https:\/\/quatroair.com\/fr\/wp-json\/wp\/v2\/product_tag?post=5833"}],"curies":[{"name":"wp","href":"https:\/\/api.w.org\/{rel}","templated":true}]}}