{"id":5506,"date":"2024-11-20T14:34:36","date_gmt":"2024-11-20T14:34:36","guid":{"rendered":"https:\/\/quatroair.com\/product\/jetstream-basic-infinity\/"},"modified":"2026-01-17T16:45:49","modified_gmt":"2026-01-17T16:45:49","slug":"jetstream-basic-infinity","status":"publish","type":"product","link":"https:\/\/quatroair.com\/fr\/industries\/dental\/bench\/bench-filter-bag\/jetstream-basic-infinity","title":{"rendered":"JetStream Basic Infinity"},"content":{"rendered":"<h3>Pr\u00e9sentation<\/h3>\n<ul>\n<li>Conception compacte et peu encombrante<\/li>\n<li>Acc\u00e8s rapide aux moteurs et aux filtres<\/li>\n<li>Id\u00e9al pour la collecte et le confinement du sable, du quartz, de la zircone, de la c\u00e9ramique, des alliages, des perles de verre, des r\u00e9sines, des acryliques, du gypse, de la pierre moul\u00e9e et de la d\u00e9coupe de mod\u00e8les secs<\/li>\n<\/ul>\n<h3>Avantages<\/h3>\n<ul>\n<li>Moteur hybride unique INFINITY pour une puissance suppl\u00e9mentaire et dur\u00e9e de vie prolong\u00e9e du moteur<\/li>\n<li>Sac filtrant antimicrobien, antiallergique et SEALBLE pour une capture optimale et s\u00fbre des d\u00e9bris<\/li>\n<\/ul>\n<h3>Caract\u00e9ristiques<\/h3>\n<ul>\n<li>Filtre HEPA, efficacit\u00e9 de 99,97 % sur les particules submicroniques comme la fine poussi\u00e8re de zircone<\/li>\n<li>Conception \u00e0 vitesse unique<\/li>\n<li>Comprend : 1 x tuyau d&rsquo;aspiration de 6 pieds et 1,5 pouces de diam\u00e8tre<\/li>\n<\/ul>\n<h3>Options<\/h3>\n<ul>\n<li>P\u00e9dale ou interrupteur manuel pour d\u00e9marrage-arr\u00eat \u00e0 distance de 6 pieds (#AA114\/#AA011)<\/li>\n<li>P\u00e9dale ou interrupteur manuel \u00e0 2 stations pour d\u00e9marrage-arr\u00eat \u00e0 distance (#AA224\/#AA572)<\/li>\n<\/ul>\n","protected":false},"excerpt":{"rendered":"<p>Le JetStream Basic INFINITY est un extracteur de poussi\u00e8re compact, \u00e0 station unique et sans allergie, dot\u00e9 d&rsquo;un puissant moteur hybride INFINITY pour les applications d&rsquo;\u00e9tabli l\u00e9g\u00e8res qui comprend un filtre HEPA.<\/p>\n","protected":false},"featured_media":5460,"comment_status":"open","ping_status":"closed","template":"","meta":{"_acf_changed":false},"product_cat":[88],"product_tag":[],"class_list":{"0":"post-5506","1":"product","2":"type-product","3":"status-publish","4":"has-post-thumbnail","6":"product_cat-nocategroy-fr","8":"first","9":"instock","10":"shipping-taxable","11":"product-type-simple"},"acf":[],"yoast_head":"<!-- This site is optimized with the Yoast SEO plugin v26.9 - https:\/\/yoast.com\/product\/yoast-seo-wordpress\/ -->\n<title>JetStream Basic Infinity - Quatro Air Techologies<\/title>\n<meta name=\"description\" content=\"JetStream Basic Infinity FILTER BAG\u00a0BENCH Part Number#:\u00a01-0020-0101 For\" \/>\n<meta name=\"robots\" content=\"index, follow\" \/>\n<link rel=\"canonical\" href=\"https:\/\/quatroair.com\/industries\/dental\/bench\/bench-filter-bag\/jetstream-basic-infinity\" \/>\n<meta property=\"og:locale\" content=\"fr_FR\" \/>\n<meta property=\"og:type\" content=\"article\" \/>\n<meta property=\"og:title\" content=\"JetStream Basic Infinity - Quatro Air Techologies\" \/>\n<meta property=\"og:description\" content=\"JetStream Basic Infinity FILTER BAG\u00a0BENCH Part Number#:\u00a01-0020-0101 For\" \/>\n<meta property=\"og:url\" content=\"https:\/\/quatroair.com\/industries\/dental\/bench\/bench-filter-bag\/jetstream-basic-infinity\" \/>\n<meta property=\"og:site_name\" content=\"Quatro Air Techologies\" \/>\n<meta property=\"article:publisher\" content=\"https:\/\/www.facebook.com\/QuatroAirTechnologies\" \/>\n<meta property=\"article:modified_time\" content=\"2026-01-17T16:45:49+00:00\" \/>\n<meta property=\"og:image\" content=\"https:\/\/quatroair.com\/wp-content\/uploads\/2024\/11\/jetstream-basic-infinity.webp\" \/>\n\t<meta property=\"og:image:width\" content=\"480\" \/>\n\t<meta property=\"og:image:height\" content=\"320\" \/>\n\t<meta property=\"og:image:type\" content=\"image\/webp\" \/>\n<meta name=\"twitter:card\" content=\"summary_large_image\" \/>\n<meta name=\"twitter:site\" content=\"@QuatroAir\" \/>\n<meta name=\"twitter:label1\" content=\"Dur\u00e9e de lecture estim\u00e9e\" \/>\n\t<meta name=\"twitter:data1\" content=\"1 minute\" \/>\n<script type=\"application\/ld+json\" class=\"yoast-schema-graph\">{\"@context\":\"https:\/\/schema.org\",\"@graph\":[{\"@type\":\"WebPage\",\"@id\":\"https:\/\/quatroair.com\/industries\/dental\/bench\/bench-filter-bag\/jetstream-basic-infinity\",\"url\":\"https:\/\/quatroair.com\/industries\/dental\/bench\/bench-filter-bag\/jetstream-basic-infinity\",\"name\":\"JetStream Basic Infinity - Quatro Air Techologies\",\"isPartOf\":{\"@id\":\"https:\/\/quatroair.com\/en\/#website\"},\"primaryImageOfPage\":{\"@id\":\"https:\/\/quatroair.com\/industries\/dental\/bench\/bench-filter-bag\/jetstream-basic-infinity#primaryimage\"},\"image\":{\"@id\":\"https:\/\/quatroair.com\/industries\/dental\/bench\/bench-filter-bag\/jetstream-basic-infinity#primaryimage\"},\"thumbnailUrl\":\"https:\/\/quatroair.com\/wp-content\/uploads\/2024\/11\/jetstream-basic-infinity.webp\",\"datePublished\":\"2024-11-20T14:34:36+00:00\",\"dateModified\":\"2026-01-17T16:45:49+00:00\",\"description\":\"JetStream Basic Infinity FILTER BAG\u00a0BENCH Part Number#:\u00a01-0020-0101 For\",\"breadcrumb\":{\"@id\":\"https:\/\/quatroair.com\/industries\/dental\/bench\/bench-filter-bag\/jetstream-basic-infinity#breadcrumb\"},\"inLanguage\":\"fr-FR\",\"potentialAction\":[{\"@type\":\"ReadAction\",\"target\":[\"https:\/\/quatroair.com\/industries\/dental\/bench\/bench-filter-bag\/jetstream-basic-infinity\"]}]},{\"@type\":\"ImageObject\",\"inLanguage\":\"fr-FR\",\"@id\":\"https:\/\/quatroair.com\/industries\/dental\/bench\/bench-filter-bag\/jetstream-basic-infinity#primaryimage\",\"url\":\"https:\/\/quatroair.com\/wp-content\/uploads\/2024\/11\/jetstream-basic-infinity.webp\",\"contentUrl\":\"https:\/\/quatroair.com\/wp-content\/uploads\/2024\/11\/jetstream-basic-infinity.webp\",\"width\":480,\"height\":320},{\"@type\":\"BreadcrumbList\",\"@id\":\"https:\/\/quatroair.com\/industries\/dental\/bench\/bench-filter-bag\/jetstream-basic-infinity#breadcrumb\",\"itemListElement\":[{\"@type\":\"ListItem\",\"position\":1,\"name\":\"Home\",\"item\":\"https:\/\/quatroair.com\/\"},{\"@type\":\"ListItem\",\"position\":2,\"name\":\"Products\",\"item\":\"https:\/\/quatroair.com\/shop__trashed\/\"},{\"@type\":\"ListItem\",\"position\":3,\"name\":\"JetStream Basic Infinity\"}]},{\"@type\":\"WebSite\",\"@id\":\"https:\/\/quatroair.com\/en\/#website\",\"url\":\"https:\/\/quatroair.com\/en\/\",\"name\":\"Quatro Air Techologies\",\"description\":\"Quatro Air provides effective clean air solutions designed to handle any air quality challenge in your home, office or business. Contact us today for details.\",\"publisher\":{\"@id\":\"https:\/\/quatroair.com\/en\/#organization\"},\"potentialAction\":[{\"@type\":\"SearchAction\",\"target\":{\"@type\":\"EntryPoint\",\"urlTemplate\":\"https:\/\/quatroair.com\/en\/?s={search_term_string}\"},\"query-input\":{\"@type\":\"PropertyValueSpecification\",\"valueRequired\":true,\"valueName\":\"search_term_string\"}}],\"inLanguage\":\"fr-FR\"},{\"@type\":\"Organization\",\"@id\":\"https:\/\/quatroair.com\/en\/#organization\",\"name\":\"Quatro Air Techologies\",\"url\":\"https:\/\/quatroair.com\/en\/\",\"logo\":{\"@type\":\"ImageObject\",\"inLanguage\":\"fr-FR\",\"@id\":\"https:\/\/quatroair.com\/en\/#\/schema\/logo\/image\/\",\"url\":\"https:\/\/quatroair.com\/wp-content\/uploads\/2024\/10\/logo.svg\",\"contentUrl\":\"https:\/\/quatroair.com\/wp-content\/uploads\/2024\/10\/logo.svg\",\"width\":708,\"height\":142,\"caption\":\"Quatro Air Techologies\"},\"image\":{\"@id\":\"https:\/\/quatroair.com\/en\/#\/schema\/logo\/image\/\"},\"sameAs\":[\"https:\/\/www.facebook.com\/QuatroAirTechnologies\",\"https:\/\/x.com\/QuatroAir\",\"https:\/\/www.youtube.com\/channel\/UCdTTBL7Pwwyr2JGybAn8Bxw\",\"https:\/\/www.linkedin.com\/company\/quatro-air-technologies\"]}]}<\/script>\n<!-- \/ Yoast SEO plugin. -->","yoast_head_json":{"title":"JetStream Basic Infinity - Quatro Air Techologies","description":"JetStream Basic Infinity FILTER BAG\u00a0BENCH Part Number#:\u00a01-0020-0101 For","robots":{"index":"index","follow":"follow"},"canonical":"https:\/\/quatroair.com\/industries\/dental\/bench\/bench-filter-bag\/jetstream-basic-infinity","og_locale":"fr_FR","og_type":"article","og_title":"JetStream Basic Infinity - Quatro Air Techologies","og_description":"JetStream Basic Infinity FILTER BAG\u00a0BENCH Part Number#:\u00a01-0020-0101 For","og_url":"https:\/\/quatroair.com\/industries\/dental\/bench\/bench-filter-bag\/jetstream-basic-infinity","og_site_name":"Quatro Air Techologies","article_publisher":"https:\/\/www.facebook.com\/QuatroAirTechnologies","article_modified_time":"2026-01-17T16:45:49+00:00","og_image":[{"width":480,"height":320,"url":"https:\/\/quatroair.com\/wp-content\/uploads\/2024\/11\/jetstream-basic-infinity.webp","type":"image\/webp"}],"twitter_card":"summary_large_image","twitter_site":"@QuatroAir","twitter_misc":{"Dur\u00e9e de lecture estim\u00e9e":"1 minute"},"schema":{"@context":"https:\/\/schema.org","@graph":[{"@type":"WebPage","@id":"https:\/\/quatroair.com\/industries\/dental\/bench\/bench-filter-bag\/jetstream-basic-infinity","url":"https:\/\/quatroair.com\/industries\/dental\/bench\/bench-filter-bag\/jetstream-basic-infinity","name":"JetStream Basic Infinity - Quatro Air Techologies","isPartOf":{"@id":"https:\/\/quatroair.com\/en\/#website"},"primaryImageOfPage":{"@id":"https:\/\/quatroair.com\/industries\/dental\/bench\/bench-filter-bag\/jetstream-basic-infinity#primaryimage"},"image":{"@id":"https:\/\/quatroair.com\/industries\/dental\/bench\/bench-filter-bag\/jetstream-basic-infinity#primaryimage"},"thumbnailUrl":"https:\/\/quatroair.com\/wp-content\/uploads\/2024\/11\/jetstream-basic-infinity.webp","datePublished":"2024-11-20T14:34:36+00:00","dateModified":"2026-01-17T16:45:49+00:00","description":"JetStream Basic Infinity FILTER BAG\u00a0BENCH Part Number#:\u00a01-0020-0101 For","breadcrumb":{"@id":"https:\/\/quatroair.com\/industries\/dental\/bench\/bench-filter-bag\/jetstream-basic-infinity#breadcrumb"},"inLanguage":"fr-FR","potentialAction":[{"@type":"ReadAction","target":["https:\/\/quatroair.com\/industries\/dental\/bench\/bench-filter-bag\/jetstream-basic-infinity"]}]},{"@type":"ImageObject","inLanguage":"fr-FR","@id":"https:\/\/quatroair.com\/industries\/dental\/bench\/bench-filter-bag\/jetstream-basic-infinity#primaryimage","url":"https:\/\/quatroair.com\/wp-content\/uploads\/2024\/11\/jetstream-basic-infinity.webp","contentUrl":"https:\/\/quatroair.com\/wp-content\/uploads\/2024\/11\/jetstream-basic-infinity.webp","width":480,"height":320},{"@type":"BreadcrumbList","@id":"https:\/\/quatroair.com\/industries\/dental\/bench\/bench-filter-bag\/jetstream-basic-infinity#breadcrumb","itemListElement":[{"@type":"ListItem","position":1,"name":"Home","item":"https:\/\/quatroair.com\/"},{"@type":"ListItem","position":2,"name":"Products","item":"https:\/\/quatroair.com\/shop__trashed\/"},{"@type":"ListItem","position":3,"name":"JetStream Basic Infinity"}]},{"@type":"WebSite","@id":"https:\/\/quatroair.com\/en\/#website","url":"https:\/\/quatroair.com\/en\/","name":"Quatro Air Techologies","description":"Quatro Air provides effective clean air solutions designed to handle any air quality challenge in your home, office or business. Contact us today for details.","publisher":{"@id":"https:\/\/quatroair.com\/en\/#organization"},"potentialAction":[{"@type":"SearchAction","target":{"@type":"EntryPoint","urlTemplate":"https:\/\/quatroair.com\/en\/?s={search_term_string}"},"query-input":{"@type":"PropertyValueSpecification","valueRequired":true,"valueName":"search_term_string"}}],"inLanguage":"fr-FR"},{"@type":"Organization","@id":"https:\/\/quatroair.com\/en\/#organization","name":"Quatro Air Techologies","url":"https:\/\/quatroair.com\/en\/","logo":{"@type":"ImageObject","inLanguage":"fr-FR","@id":"https:\/\/quatroair.com\/en\/#\/schema\/logo\/image\/","url":"https:\/\/quatroair.com\/wp-content\/uploads\/2024\/10\/logo.svg","contentUrl":"https:\/\/quatroair.com\/wp-content\/uploads\/2024\/10\/logo.svg","width":708,"height":142,"caption":"Quatro Air Techologies"},"image":{"@id":"https:\/\/quatroair.com\/en\/#\/schema\/logo\/image\/"},"sameAs":["https:\/\/www.facebook.com\/QuatroAirTechnologies","https:\/\/x.com\/QuatroAir","https:\/\/www.youtube.com\/channel\/UCdTTBL7Pwwyr2JGybAn8Bxw","https:\/\/www.linkedin.com\/company\/quatro-air-technologies"]}]}},"_links":{"self":[{"href":"https:\/\/quatroair.com\/fr\/wp-json\/wp\/v2\/product\/5506","targetHints":{"allow":["GET"]}}],"collection":[{"href":"https:\/\/quatroair.com\/fr\/wp-json\/wp\/v2\/product"}],"about":[{"href":"https:\/\/quatroair.com\/fr\/wp-json\/wp\/v2\/types\/product"}],"replies":[{"embeddable":true,"href":"https:\/\/quatroair.com\/fr\/wp-json\/wp\/v2\/comments?post=5506"}],"version-history":[{"count":11,"href":"https:\/\/quatroair.com\/fr\/wp-json\/wp\/v2\/product\/5506\/revisions"}],"predecessor-version":[{"id":12095,"href":"https:\/\/quatroair.com\/fr\/wp-json\/wp\/v2\/product\/5506\/revisions\/12095"}],"wp:featuredmedia":[{"embeddable":true,"href":"https:\/\/quatroair.com\/fr\/wp-json\/wp\/v2\/media\/5460"}],"wp:attachment":[{"href":"https:\/\/quatroair.com\/fr\/wp-json\/wp\/v2\/media?parent=5506"}],"wp:term":[{"taxonomy":"product_cat","embeddable":true,"href":"https:\/\/quatroair.com\/fr\/wp-json\/wp\/v2\/product_cat?post=5506"},{"taxonomy":"product_tag","embeddable":true,"href":"https:\/\/quatroair.com\/fr\/wp-json\/wp\/v2\/product_tag?post=5506"}],"curies":[{"name":"wp","href":"https:\/\/api.w.org\/{rel}","templated":true}]}}