{"id":11647,"date":"2024-11-01T14:34:02","date_gmt":"2024-11-01T14:34:02","guid":{"rendered":"https:\/\/quatroair.com\/products\/ivac-2-b-twin-brushless"},"modified":"2026-01-17T10:56:41","modified_gmt":"2026-01-17T10:56:41","slug":"ivac-2-b-twin-brushless","status":"publish","type":"product","link":"https:\/\/quatroair.com\/fr\/industries\/dental\/bench\/bench-self-cleaning\/ivac-2-b-twin-brushless","title":{"rendered":"iVAC 2.B TWIN sans balais (Brushless)"},"content":{"rendered":"<h3>Pr\u00e9sentation<\/h3>\n<ul>\n<li>Syst\u00e8me d&rsquo;auto-nettoyage am\u00e9lior\u00e9 et plus efficace<\/li>\n<li>Acc\u00e8s facile aux moteurs et aux filtres<\/li>\n<li>\u00ab\u00a0Nettoyage du filtre en ligne\u00a0\u00bb &#8211; La fonction sans souci nettoie automatiquement le filtre principal sans l&rsquo;aide de l&rsquo;op\u00e9rateur<\/li>\n<li>Id\u00e9al pour la collecte et le confinement du sable, du quartz, de la zircone, de la c\u00e9ramique, des alliages, des perles de verre, des r\u00e9sines, des acryliques, du gypse, de la pierre moul\u00e9e et du mod\u00e8le sec<\/li>\n<\/ul>\n<h3>Avantages<\/h3>\n<ul>\n<li>La technologie de moteur BRUSHLESS PREMIUM \u00c0 HAUTE EFFICACIT\u00c9 offre plus de d\u00e9bit d&rsquo;air<\/li>\n<li>Filtre principal robuste pour une \u00e9limination des particules plus importantes<\/li>\n<li>Portes d&rsquo;acc\u00e8s s\u00e9par\u00e9es\u00a0: \u00e9liminez les d\u00e9bris sans avoir \u00e0 acc\u00e9der \u00e0 la section du filtre<\/li>\n<li>Pr\u00eat ASV\u00a0: les vannes de d\u00e9marrage automatique aident \u00e0 contr\u00f4ler le d\u00e9bit d&rsquo;air ET \u00e0 d\u00e9marrer\/arr\u00eater l&rsquo;unit\u00e9 \u00e0 distance \u00e0 chaque poste de travail<\/li>\n<\/ul>\n<h3>Caract\u00e9ristiques<\/h3>\n<ul>\n<li>Filtre HEPA, efficacit\u00e9 de 99,97\u00a0% sur les particules submicroniques comme la fine poussi\u00e8re de zircone<\/li>\n<li>Vous alerte lorsque les filtres doivent \u00eatre remplac\u00e9s<\/li>\n<li>Capacit\u00e9 de stockage des d\u00e9bris de 5,0 gallons am\u00e9ricains (19,0 litres)<\/li>\n<li>Comprend\u00a0:\u00a0interrupteur manuel \u00e0 2 stations pour d\u00e9marrage\/arr\u00eat \u00e0 distance de 6 pieds (#AA432), 4 entr\u00e9es s\u00e9par\u00e9es, Tuyau d&rsquo;aspiration de 25 pieds de 1,5 pouces de diam\u00e8tre, c\u00e2ble de connecteur ASV (#AE750)<\/li>\n<\/ul>\n<h3>Options<\/h3>\n<ul>\n<li>Silencieux pour suppression du bruit (#AA449)<\/li>\n<li>P\u00e9dale\/interrupteur manuel pour d\u00e9marrage-arr\u00eat manuel de 6 pieds (#AA175\/#AA375)<\/li>\n<li>R\u00e9partiteur de signal (#AA686) pour faire fonctionner l&rsquo;unit\u00e9 avec plusieurs stations t\u00e9l\u00e9commandes<\/li>\n<\/ul>\n","protected":false},"excerpt":{"rendered":"<p>L&rsquo;iVac 2.B Twin BRUSHLESS est un d\u00e9poussi\u00e9reur autonettoyant automatique dot\u00e9 d&rsquo;un puissant moteur BRUSHLESS pour jusqu&rsquo;\u00e0 4 postes de travail \u2013 Applications intensives \u00e0 usage continu<\/p>\n","protected":false},"featured_media":8906,"comment_status":"open","ping_status":"closed","template":"","meta":{"_acf_changed":false},"product_cat":[88],"product_tag":[],"class_list":{"0":"post-11647","1":"product","2":"type-product","3":"status-publish","4":"has-post-thumbnail","6":"product_cat-nocategroy-fr","8":"first","9":"instock","10":"shipping-taxable","11":"product-type-simple"},"acf":[],"yoast_head":"<!-- This site is optimized with the Yoast SEO plugin v26.9 - https:\/\/yoast.com\/product\/yoast-seo-wordpress\/ -->\n<title>iVAC 2.B TWIN sans balais (Brushless) - Quatro Air Techologies<\/title>\n<meta name=\"description\" content=\"Ideal for collection and containment of sand, quartz, zirconia, ceramic, alloys,\" \/>\n<meta name=\"robots\" content=\"index, follow\" \/>\n<link rel=\"canonical\" href=\"https:\/\/quatroair.com\/industries\/dental\/bench\/bench-self-cleaning\/ivac-2-b-twin-brushless\" \/>\n<meta property=\"og:locale\" content=\"fr_FR\" \/>\n<meta property=\"og:type\" content=\"article\" \/>\n<meta property=\"og:title\" content=\"iVAC 2.B TWIN sans balais (Brushless) - Quatro Air Techologies\" \/>\n<meta property=\"og:description\" content=\"Ideal for collection and containment of sand, quartz, zirconia, ceramic, alloys,\" \/>\n<meta property=\"og:url\" content=\"https:\/\/quatroair.com\/industries\/dental\/bench\/bench-self-cleaning\/ivac-2-b-twin-brushless\" \/>\n<meta property=\"og:site_name\" content=\"Quatro Air Techologies\" \/>\n<meta property=\"article:publisher\" content=\"https:\/\/www.facebook.com\/QuatroAirTechnologies\" \/>\n<meta property=\"article:modified_time\" content=\"2026-01-17T10:56:41+00:00\" \/>\n<meta property=\"og:image\" content=\"https:\/\/quatroair.com\/wp-content\/uploads\/2024\/11\/iVAC-Twin-C4.png\" \/>\n\t<meta property=\"og:image:width\" content=\"700\" \/>\n\t<meta property=\"og:image:height\" content=\"420\" \/>\n\t<meta property=\"og:image:type\" content=\"image\/png\" \/>\n<meta name=\"twitter:card\" content=\"summary_large_image\" \/>\n<meta name=\"twitter:site\" content=\"@QuatroAir\" \/>\n<meta name=\"twitter:label1\" content=\"Dur\u00e9e de lecture estim\u00e9e\" \/>\n\t<meta name=\"twitter:data1\" content=\"2 minutes\" \/>\n<script type=\"application\/ld+json\" class=\"yoast-schema-graph\">{\"@context\":\"https:\/\/schema.org\",\"@graph\":[{\"@type\":\"WebPage\",\"@id\":\"https:\/\/quatroair.com\/industries\/dental\/bench\/bench-self-cleaning\/ivac-2-b-twin-brushless\",\"url\":\"https:\/\/quatroair.com\/industries\/dental\/bench\/bench-self-cleaning\/ivac-2-b-twin-brushless\",\"name\":\"iVAC 2.B TWIN sans balais (Brushless) - Quatro Air Techologies\",\"isPartOf\":{\"@id\":\"https:\/\/quatroair.com\/en\/#website\"},\"primaryImageOfPage\":{\"@id\":\"https:\/\/quatroair.com\/industries\/dental\/bench\/bench-self-cleaning\/ivac-2-b-twin-brushless#primaryimage\"},\"image\":{\"@id\":\"https:\/\/quatroair.com\/industries\/dental\/bench\/bench-self-cleaning\/ivac-2-b-twin-brushless#primaryimage\"},\"thumbnailUrl\":\"https:\/\/quatroair.com\/wp-content\/uploads\/2024\/11\/iVAC-Twin-C4.png\",\"datePublished\":\"2024-11-01T14:34:02+00:00\",\"dateModified\":\"2026-01-17T10:56:41+00:00\",\"description\":\"Ideal for collection and containment of sand, quartz, zirconia, ceramic, alloys,\",\"breadcrumb\":{\"@id\":\"https:\/\/quatroair.com\/industries\/dental\/bench\/bench-self-cleaning\/ivac-2-b-twin-brushless#breadcrumb\"},\"inLanguage\":\"fr-FR\",\"potentialAction\":[{\"@type\":\"ReadAction\",\"target\":[\"https:\/\/quatroair.com\/industries\/dental\/bench\/bench-self-cleaning\/ivac-2-b-twin-brushless\"]}]},{\"@type\":\"ImageObject\",\"inLanguage\":\"fr-FR\",\"@id\":\"https:\/\/quatroair.com\/industries\/dental\/bench\/bench-self-cleaning\/ivac-2-b-twin-brushless#primaryimage\",\"url\":\"https:\/\/quatroair.com\/wp-content\/uploads\/2024\/11\/iVAC-Twin-C4.png\",\"contentUrl\":\"https:\/\/quatroair.com\/wp-content\/uploads\/2024\/11\/iVAC-Twin-C4.png\",\"width\":700,\"height\":420},{\"@type\":\"BreadcrumbList\",\"@id\":\"https:\/\/quatroair.com\/industries\/dental\/bench\/bench-self-cleaning\/ivac-2-b-twin-brushless#breadcrumb\",\"itemListElement\":[{\"@type\":\"ListItem\",\"position\":1,\"name\":\"Home\",\"item\":\"https:\/\/quatroair.com\/\"},{\"@type\":\"ListItem\",\"position\":2,\"name\":\"Products\",\"item\":\"https:\/\/quatroair.com\/shop__trashed\/\"},{\"@type\":\"ListItem\",\"position\":3,\"name\":\"iVAC 2.B TWIN sans balais (Brushless)\"}]},{\"@type\":\"WebSite\",\"@id\":\"https:\/\/quatroair.com\/en\/#website\",\"url\":\"https:\/\/quatroair.com\/en\/\",\"name\":\"Quatro Air Techologies\",\"description\":\"Quatro Air provides effective clean air solutions designed to handle any air quality challenge in your home, office or business. Contact us today for details.\",\"publisher\":{\"@id\":\"https:\/\/quatroair.com\/en\/#organization\"},\"potentialAction\":[{\"@type\":\"SearchAction\",\"target\":{\"@type\":\"EntryPoint\",\"urlTemplate\":\"https:\/\/quatroair.com\/en\/?s={search_term_string}\"},\"query-input\":{\"@type\":\"PropertyValueSpecification\",\"valueRequired\":true,\"valueName\":\"search_term_string\"}}],\"inLanguage\":\"fr-FR\"},{\"@type\":\"Organization\",\"@id\":\"https:\/\/quatroair.com\/en\/#organization\",\"name\":\"Quatro Air Techologies\",\"url\":\"https:\/\/quatroair.com\/en\/\",\"logo\":{\"@type\":\"ImageObject\",\"inLanguage\":\"fr-FR\",\"@id\":\"https:\/\/quatroair.com\/en\/#\/schema\/logo\/image\/\",\"url\":\"https:\/\/quatroair.com\/wp-content\/uploads\/2024\/10\/logo.svg\",\"contentUrl\":\"https:\/\/quatroair.com\/wp-content\/uploads\/2024\/10\/logo.svg\",\"width\":708,\"height\":142,\"caption\":\"Quatro Air Techologies\"},\"image\":{\"@id\":\"https:\/\/quatroair.com\/en\/#\/schema\/logo\/image\/\"},\"sameAs\":[\"https:\/\/www.facebook.com\/QuatroAirTechnologies\",\"https:\/\/x.com\/QuatroAir\",\"https:\/\/www.youtube.com\/channel\/UCdTTBL7Pwwyr2JGybAn8Bxw\",\"https:\/\/www.linkedin.com\/company\/quatro-air-technologies\"]}]}<\/script>\n<!-- \/ Yoast SEO plugin. -->","yoast_head_json":{"title":"iVAC 2.B TWIN sans balais (Brushless) - Quatro Air Techologies","description":"Ideal for collection and containment of sand, quartz, zirconia, ceramic, alloys,","robots":{"index":"index","follow":"follow"},"canonical":"https:\/\/quatroair.com\/industries\/dental\/bench\/bench-self-cleaning\/ivac-2-b-twin-brushless","og_locale":"fr_FR","og_type":"article","og_title":"iVAC 2.B TWIN sans balais (Brushless) - Quatro Air Techologies","og_description":"Ideal for collection and containment of sand, quartz, zirconia, ceramic, alloys,","og_url":"https:\/\/quatroair.com\/industries\/dental\/bench\/bench-self-cleaning\/ivac-2-b-twin-brushless","og_site_name":"Quatro Air Techologies","article_publisher":"https:\/\/www.facebook.com\/QuatroAirTechnologies","article_modified_time":"2026-01-17T10:56:41+00:00","og_image":[{"width":700,"height":420,"url":"https:\/\/quatroair.com\/wp-content\/uploads\/2024\/11\/iVAC-Twin-C4.png","type":"image\/png"}],"twitter_card":"summary_large_image","twitter_site":"@QuatroAir","twitter_misc":{"Dur\u00e9e de lecture estim\u00e9e":"2 minutes"},"schema":{"@context":"https:\/\/schema.org","@graph":[{"@type":"WebPage","@id":"https:\/\/quatroair.com\/industries\/dental\/bench\/bench-self-cleaning\/ivac-2-b-twin-brushless","url":"https:\/\/quatroair.com\/industries\/dental\/bench\/bench-self-cleaning\/ivac-2-b-twin-brushless","name":"iVAC 2.B TWIN sans balais (Brushless) - Quatro Air Techologies","isPartOf":{"@id":"https:\/\/quatroair.com\/en\/#website"},"primaryImageOfPage":{"@id":"https:\/\/quatroair.com\/industries\/dental\/bench\/bench-self-cleaning\/ivac-2-b-twin-brushless#primaryimage"},"image":{"@id":"https:\/\/quatroair.com\/industries\/dental\/bench\/bench-self-cleaning\/ivac-2-b-twin-brushless#primaryimage"},"thumbnailUrl":"https:\/\/quatroair.com\/wp-content\/uploads\/2024\/11\/iVAC-Twin-C4.png","datePublished":"2024-11-01T14:34:02+00:00","dateModified":"2026-01-17T10:56:41+00:00","description":"Ideal for collection and containment of sand, quartz, zirconia, ceramic, alloys,","breadcrumb":{"@id":"https:\/\/quatroair.com\/industries\/dental\/bench\/bench-self-cleaning\/ivac-2-b-twin-brushless#breadcrumb"},"inLanguage":"fr-FR","potentialAction":[{"@type":"ReadAction","target":["https:\/\/quatroair.com\/industries\/dental\/bench\/bench-self-cleaning\/ivac-2-b-twin-brushless"]}]},{"@type":"ImageObject","inLanguage":"fr-FR","@id":"https:\/\/quatroair.com\/industries\/dental\/bench\/bench-self-cleaning\/ivac-2-b-twin-brushless#primaryimage","url":"https:\/\/quatroair.com\/wp-content\/uploads\/2024\/11\/iVAC-Twin-C4.png","contentUrl":"https:\/\/quatroair.com\/wp-content\/uploads\/2024\/11\/iVAC-Twin-C4.png","width":700,"height":420},{"@type":"BreadcrumbList","@id":"https:\/\/quatroair.com\/industries\/dental\/bench\/bench-self-cleaning\/ivac-2-b-twin-brushless#breadcrumb","itemListElement":[{"@type":"ListItem","position":1,"name":"Home","item":"https:\/\/quatroair.com\/"},{"@type":"ListItem","position":2,"name":"Products","item":"https:\/\/quatroair.com\/shop__trashed\/"},{"@type":"ListItem","position":3,"name":"iVAC 2.B TWIN sans balais (Brushless)"}]},{"@type":"WebSite","@id":"https:\/\/quatroair.com\/en\/#website","url":"https:\/\/quatroair.com\/en\/","name":"Quatro Air Techologies","description":"Quatro Air provides effective clean air solutions designed to handle any air quality challenge in your home, office or business. Contact us today for details.","publisher":{"@id":"https:\/\/quatroair.com\/en\/#organization"},"potentialAction":[{"@type":"SearchAction","target":{"@type":"EntryPoint","urlTemplate":"https:\/\/quatroair.com\/en\/?s={search_term_string}"},"query-input":{"@type":"PropertyValueSpecification","valueRequired":true,"valueName":"search_term_string"}}],"inLanguage":"fr-FR"},{"@type":"Organization","@id":"https:\/\/quatroair.com\/en\/#organization","name":"Quatro Air Techologies","url":"https:\/\/quatroair.com\/en\/","logo":{"@type":"ImageObject","inLanguage":"fr-FR","@id":"https:\/\/quatroair.com\/en\/#\/schema\/logo\/image\/","url":"https:\/\/quatroair.com\/wp-content\/uploads\/2024\/10\/logo.svg","contentUrl":"https:\/\/quatroair.com\/wp-content\/uploads\/2024\/10\/logo.svg","width":708,"height":142,"caption":"Quatro Air Techologies"},"image":{"@id":"https:\/\/quatroair.com\/en\/#\/schema\/logo\/image\/"},"sameAs":["https:\/\/www.facebook.com\/QuatroAirTechnologies","https:\/\/x.com\/QuatroAir","https:\/\/www.youtube.com\/channel\/UCdTTBL7Pwwyr2JGybAn8Bxw","https:\/\/www.linkedin.com\/company\/quatro-air-technologies"]}]}},"_links":{"self":[{"href":"https:\/\/quatroair.com\/fr\/wp-json\/wp\/v2\/product\/11647","targetHints":{"allow":["GET"]}}],"collection":[{"href":"https:\/\/quatroair.com\/fr\/wp-json\/wp\/v2\/product"}],"about":[{"href":"https:\/\/quatroair.com\/fr\/wp-json\/wp\/v2\/types\/product"}],"replies":[{"embeddable":true,"href":"https:\/\/quatroair.com\/fr\/wp-json\/wp\/v2\/comments?post=11647"}],"version-history":[{"count":3,"href":"https:\/\/quatroair.com\/fr\/wp-json\/wp\/v2\/product\/11647\/revisions"}],"predecessor-version":[{"id":12068,"href":"https:\/\/quatroair.com\/fr\/wp-json\/wp\/v2\/product\/11647\/revisions\/12068"}],"wp:featuredmedia":[{"embeddable":true,"href":"https:\/\/quatroair.com\/fr\/wp-json\/wp\/v2\/media\/8906"}],"wp:attachment":[{"href":"https:\/\/quatroair.com\/fr\/wp-json\/wp\/v2\/media?parent=11647"}],"wp:term":[{"taxonomy":"product_cat","embeddable":true,"href":"https:\/\/quatroair.com\/fr\/wp-json\/wp\/v2\/product_cat?post=11647"},{"taxonomy":"product_tag","embeddable":true,"href":"https:\/\/quatroair.com\/fr\/wp-json\/wp\/v2\/product_tag?post=11647"}],"curies":[{"name":"wp","href":"https:\/\/api.w.org\/{rel}","templated":true}]}}