{"id":10521,"date":"2024-11-18T09:28:33","date_gmt":"2024-11-18T09:28:33","guid":{"rendered":"https:\/\/quatroair.com\/product\/spu-double-new\/"},"modified":"2025-11-27T20:32:12","modified_gmt":"2025-11-27T20:32:12","slug":"spu-double-new","status":"publish","type":"product","link":"https:\/\/quatroair.com\/fr\/industries\/jewelry\/polishing-grinding\/spu-double-new","title":{"rendered":"SPU Double Nouveau"},"content":{"rendered":"<ul>\n<li>Grossissement (2X) sur chaque ClearView<\/li>\n<li>Buse de capture arri\u00e8re int\u00e9gr\u00e9e pour une r\u00e9cup\u00e9ration plus efficace des m\u00e9taux pr\u00e9cieux<\/li>\n<li>Capacit\u00e9 de stockage des d\u00e9bris augment\u00e9e de 50 % (3 sacs filtrants)<\/li>\n<li>Syst\u00e8me de d\u00e9rivation du filtre sp\u00e9cialement con\u00e7u pour maximiser la capture efficace du rouge<\/li>\n<li>Nettoyage facile de la chambre de stockage \u00e0 votre convenance, prolonge la dur\u00e9e de vie des sacs filtrants<\/li>\n<li>Capture\/confinement des m\u00e9taux pr\u00e9cieux dans des sacs filtrants scellables et \u00e0 grande capacit\u00e9 pour un rendement maximal au raffinage<\/li>\n<li>Filtre HEPA v\u00e9ritable, assurant une efficacit\u00e9 de 99,97 % dans la capture des particules de m\u00e9taux pr\u00e9cieux<\/li>\n<li>(2) moteurs CoolBlue de 1\/2 HP, \u00e0 2 vitesses (3600\/1800 rpm)<\/li>\n<li>(2) capots ClearView \u00e0 LED offrant un environnement de travail sans poussi\u00e8re<\/li>\n<li>Hauteur de comptoir : 35&Prime; (889 mm), ajouter des roulettes pour la mobilit\u00e9 et augmenter la hauteur du comptoir de 2&Prime;<\/li>\n<li><strong>SUPPL\u00c9MENTS SUR LE MOD\u00c8LE ROBUSTE (#1-0031-0122) :<\/strong><\/li>\n<li>Moteur sans balais, haute pression, service continu, pour des performances \u00e0 long terme<\/li>\n<li>Contr\u00f4leur intelligent : vitesse variable, alertes visuelles\/sonores et protection contre la surpression<\/li>\n<li>Syst\u00e8me ASV int\u00e9gr\u00e9 offrant :<\/li>\n<ul>\n<li>D\u00e9marrage\/arr\u00eat automatique du collecteur de poussi\u00e8re depuis l\u2019int\u00e9rieur du ClearView<\/li>\n<li>D\u00e9sactivation d\u2019un ClearView pour obtenir la pleine puissance dans l\u2019autre<\/li>\n<\/ul>\n<\/ul>\n","protected":false},"excerpt":{"rendered":"<p>Syst\u00e8me de polissage autonome<\/p>\n<p>Num\u00e9ro de pi\u00e8ce usage moyen : 1-0031-0120<br \/>\nNum\u00e9ro de pi\u00e8ce usage intensif : 1-0031-0122<\/p>\n","protected":false},"featured_media":4817,"comment_status":"open","ping_status":"closed","template":"","meta":{"_acf_changed":false},"product_cat":[88],"product_tag":[],"class_list":{"0":"post-10521","1":"product","2":"type-product","3":"status-publish","4":"has-post-thumbnail","6":"product_cat-nocategroy-fr","8":"first","9":"instock","10":"shipping-taxable","11":"product-type-simple"},"acf":[],"yoast_head":"<!-- This site is optimized with the Yoast SEO plugin v26.9 - https:\/\/yoast.com\/product\/yoast-seo-wordpress\/ -->\n<title>SPU Double Nouveau - Quatro Air Techologies<\/title>\n<meta name=\"description\" content=\"Grossissement (2X) sur chaque ClearView Buse de capture arri\u00e8re int\u00e9gr\u00e9e pour\" \/>\n<meta name=\"robots\" content=\"index, follow\" \/>\n<link rel=\"canonical\" href=\"https:\/\/quatroair.com\/jewlery\/polishing-grinding\/spu-double-new\/\" \/>\n<meta property=\"og:locale\" content=\"fr_FR\" \/>\n<meta property=\"og:type\" content=\"article\" \/>\n<meta property=\"og:title\" content=\"SPU Double Nouveau - Quatro Air Techologies\" \/>\n<meta property=\"og:description\" content=\"Grossissement (2X) sur chaque ClearView Buse de capture arri\u00e8re int\u00e9gr\u00e9e pour\" \/>\n<meta property=\"og:url\" content=\"https:\/\/quatroair.com\/jewlery\/polishing-grinding\/spu-double-new\/\" \/>\n<meta property=\"og:site_name\" content=\"Quatro Air Techologies\" \/>\n<meta property=\"article:publisher\" content=\"https:\/\/www.facebook.com\/QuatroAirTechnologies\" \/>\n<meta property=\"article:modified_time\" content=\"2025-11-27T20:32:12+00:00\" \/>\n<meta property=\"og:image\" content=\"https:\/\/quatroair.com\/wp-content\/uploads\/2024\/11\/SPU-Double-Old-Motors-480x320-1.webp\" \/>\n\t<meta property=\"og:image:width\" content=\"480\" \/>\n\t<meta property=\"og:image:height\" content=\"320\" \/>\n\t<meta property=\"og:image:type\" content=\"image\/webp\" \/>\n<meta name=\"twitter:card\" content=\"summary_large_image\" \/>\n<meta name=\"twitter:site\" content=\"@QuatroAir\" \/>\n<meta name=\"twitter:label1\" content=\"Dur\u00e9e de lecture estim\u00e9e\" \/>\n\t<meta name=\"twitter:data1\" content=\"2 minutes\" \/>\n<script type=\"application\/ld+json\" class=\"yoast-schema-graph\">{\"@context\":\"https:\/\/schema.org\",\"@graph\":[{\"@type\":\"WebPage\",\"@id\":\"https:\/\/quatroair.com\/jewlery\/polishing-grinding\/spu-double-new\/\",\"url\":\"https:\/\/quatroair.com\/jewlery\/polishing-grinding\/spu-double-new\/\",\"name\":\"SPU Double Nouveau - Quatro Air Techologies\",\"isPartOf\":{\"@id\":\"https:\/\/quatroair.com\/en\/#website\"},\"primaryImageOfPage\":{\"@id\":\"https:\/\/quatroair.com\/jewlery\/polishing-grinding\/spu-double-new\/#primaryimage\"},\"image\":{\"@id\":\"https:\/\/quatroair.com\/jewlery\/polishing-grinding\/spu-double-new\/#primaryimage\"},\"thumbnailUrl\":\"https:\/\/quatroair.com\/wp-content\/uploads\/2024\/11\/SPU-Double-Old-Motors-480x320-1.webp\",\"datePublished\":\"2024-11-18T09:28:33+00:00\",\"dateModified\":\"2025-11-27T20:32:12+00:00\",\"description\":\"Grossissement (2X) sur chaque ClearView Buse de capture arri\u00e8re int\u00e9gr\u00e9e pour\",\"breadcrumb\":{\"@id\":\"https:\/\/quatroair.com\/jewlery\/polishing-grinding\/spu-double-new\/#breadcrumb\"},\"inLanguage\":\"fr-FR\",\"potentialAction\":[{\"@type\":\"ReadAction\",\"target\":[\"https:\/\/quatroair.com\/jewlery\/polishing-grinding\/spu-double-new\/\"]}]},{\"@type\":\"ImageObject\",\"inLanguage\":\"fr-FR\",\"@id\":\"https:\/\/quatroair.com\/jewlery\/polishing-grinding\/spu-double-new\/#primaryimage\",\"url\":\"https:\/\/quatroair.com\/wp-content\/uploads\/2024\/11\/SPU-Double-Old-Motors-480x320-1.webp\",\"contentUrl\":\"https:\/\/quatroair.com\/wp-content\/uploads\/2024\/11\/SPU-Double-Old-Motors-480x320-1.webp\",\"width\":480,\"height\":320},{\"@type\":\"BreadcrumbList\",\"@id\":\"https:\/\/quatroair.com\/jewlery\/polishing-grinding\/spu-double-new\/#breadcrumb\",\"itemListElement\":[{\"@type\":\"ListItem\",\"position\":1,\"name\":\"Home\",\"item\":\"https:\/\/quatroair.com\/\"},{\"@type\":\"ListItem\",\"position\":2,\"name\":\"Products\",\"item\":\"https:\/\/quatroair.com\/shop__trashed\/\"},{\"@type\":\"ListItem\",\"position\":3,\"name\":\"SPU Double Nouveau\"}]},{\"@type\":\"WebSite\",\"@id\":\"https:\/\/quatroair.com\/en\/#website\",\"url\":\"https:\/\/quatroair.com\/en\/\",\"name\":\"Quatro Air Techologies\",\"description\":\"Quatro Air provides effective clean air solutions designed to handle any air quality challenge in your home, office or business. Contact us today for details.\",\"publisher\":{\"@id\":\"https:\/\/quatroair.com\/en\/#organization\"},\"potentialAction\":[{\"@type\":\"SearchAction\",\"target\":{\"@type\":\"EntryPoint\",\"urlTemplate\":\"https:\/\/quatroair.com\/en\/?s={search_term_string}\"},\"query-input\":{\"@type\":\"PropertyValueSpecification\",\"valueRequired\":true,\"valueName\":\"search_term_string\"}}],\"inLanguage\":\"fr-FR\"},{\"@type\":\"Organization\",\"@id\":\"https:\/\/quatroair.com\/en\/#organization\",\"name\":\"Quatro Air Techologies\",\"url\":\"https:\/\/quatroair.com\/en\/\",\"logo\":{\"@type\":\"ImageObject\",\"inLanguage\":\"fr-FR\",\"@id\":\"https:\/\/quatroair.com\/en\/#\/schema\/logo\/image\/\",\"url\":\"https:\/\/quatroair.com\/wp-content\/uploads\/2024\/10\/logo.svg\",\"contentUrl\":\"https:\/\/quatroair.com\/wp-content\/uploads\/2024\/10\/logo.svg\",\"width\":708,\"height\":142,\"caption\":\"Quatro Air Techologies\"},\"image\":{\"@id\":\"https:\/\/quatroair.com\/en\/#\/schema\/logo\/image\/\"},\"sameAs\":[\"https:\/\/www.facebook.com\/QuatroAirTechnologies\",\"https:\/\/x.com\/QuatroAir\",\"https:\/\/www.youtube.com\/channel\/UCdTTBL7Pwwyr2JGybAn8Bxw\",\"https:\/\/www.linkedin.com\/company\/quatro-air-technologies\"]}]}<\/script>\n<!-- \/ Yoast SEO plugin. -->","yoast_head_json":{"title":"SPU Double Nouveau - Quatro Air Techologies","description":"Grossissement (2X) sur chaque ClearView Buse de capture arri\u00e8re int\u00e9gr\u00e9e pour","robots":{"index":"index","follow":"follow"},"canonical":"https:\/\/quatroair.com\/jewlery\/polishing-grinding\/spu-double-new\/","og_locale":"fr_FR","og_type":"article","og_title":"SPU Double Nouveau - Quatro Air Techologies","og_description":"Grossissement (2X) sur chaque ClearView Buse de capture arri\u00e8re int\u00e9gr\u00e9e pour","og_url":"https:\/\/quatroair.com\/jewlery\/polishing-grinding\/spu-double-new\/","og_site_name":"Quatro Air Techologies","article_publisher":"https:\/\/www.facebook.com\/QuatroAirTechnologies","article_modified_time":"2025-11-27T20:32:12+00:00","og_image":[{"width":480,"height":320,"url":"https:\/\/quatroair.com\/wp-content\/uploads\/2024\/11\/SPU-Double-Old-Motors-480x320-1.webp","type":"image\/webp"}],"twitter_card":"summary_large_image","twitter_site":"@QuatroAir","twitter_misc":{"Dur\u00e9e de lecture estim\u00e9e":"2 minutes"},"schema":{"@context":"https:\/\/schema.org","@graph":[{"@type":"WebPage","@id":"https:\/\/quatroair.com\/jewlery\/polishing-grinding\/spu-double-new\/","url":"https:\/\/quatroair.com\/jewlery\/polishing-grinding\/spu-double-new\/","name":"SPU Double Nouveau - Quatro Air Techologies","isPartOf":{"@id":"https:\/\/quatroair.com\/en\/#website"},"primaryImageOfPage":{"@id":"https:\/\/quatroair.com\/jewlery\/polishing-grinding\/spu-double-new\/#primaryimage"},"image":{"@id":"https:\/\/quatroair.com\/jewlery\/polishing-grinding\/spu-double-new\/#primaryimage"},"thumbnailUrl":"https:\/\/quatroair.com\/wp-content\/uploads\/2024\/11\/SPU-Double-Old-Motors-480x320-1.webp","datePublished":"2024-11-18T09:28:33+00:00","dateModified":"2025-11-27T20:32:12+00:00","description":"Grossissement (2X) sur chaque ClearView Buse de capture arri\u00e8re int\u00e9gr\u00e9e pour","breadcrumb":{"@id":"https:\/\/quatroair.com\/jewlery\/polishing-grinding\/spu-double-new\/#breadcrumb"},"inLanguage":"fr-FR","potentialAction":[{"@type":"ReadAction","target":["https:\/\/quatroair.com\/jewlery\/polishing-grinding\/spu-double-new\/"]}]},{"@type":"ImageObject","inLanguage":"fr-FR","@id":"https:\/\/quatroair.com\/jewlery\/polishing-grinding\/spu-double-new\/#primaryimage","url":"https:\/\/quatroair.com\/wp-content\/uploads\/2024\/11\/SPU-Double-Old-Motors-480x320-1.webp","contentUrl":"https:\/\/quatroair.com\/wp-content\/uploads\/2024\/11\/SPU-Double-Old-Motors-480x320-1.webp","width":480,"height":320},{"@type":"BreadcrumbList","@id":"https:\/\/quatroair.com\/jewlery\/polishing-grinding\/spu-double-new\/#breadcrumb","itemListElement":[{"@type":"ListItem","position":1,"name":"Home","item":"https:\/\/quatroair.com\/"},{"@type":"ListItem","position":2,"name":"Products","item":"https:\/\/quatroair.com\/shop__trashed\/"},{"@type":"ListItem","position":3,"name":"SPU Double Nouveau"}]},{"@type":"WebSite","@id":"https:\/\/quatroair.com\/en\/#website","url":"https:\/\/quatroair.com\/en\/","name":"Quatro Air Techologies","description":"Quatro Air provides effective clean air solutions designed to handle any air quality challenge in your home, office or business. Contact us today for details.","publisher":{"@id":"https:\/\/quatroair.com\/en\/#organization"},"potentialAction":[{"@type":"SearchAction","target":{"@type":"EntryPoint","urlTemplate":"https:\/\/quatroair.com\/en\/?s={search_term_string}"},"query-input":{"@type":"PropertyValueSpecification","valueRequired":true,"valueName":"search_term_string"}}],"inLanguage":"fr-FR"},{"@type":"Organization","@id":"https:\/\/quatroair.com\/en\/#organization","name":"Quatro Air Techologies","url":"https:\/\/quatroair.com\/en\/","logo":{"@type":"ImageObject","inLanguage":"fr-FR","@id":"https:\/\/quatroair.com\/en\/#\/schema\/logo\/image\/","url":"https:\/\/quatroair.com\/wp-content\/uploads\/2024\/10\/logo.svg","contentUrl":"https:\/\/quatroair.com\/wp-content\/uploads\/2024\/10\/logo.svg","width":708,"height":142,"caption":"Quatro Air Techologies"},"image":{"@id":"https:\/\/quatroair.com\/en\/#\/schema\/logo\/image\/"},"sameAs":["https:\/\/www.facebook.com\/QuatroAirTechnologies","https:\/\/x.com\/QuatroAir","https:\/\/www.youtube.com\/channel\/UCdTTBL7Pwwyr2JGybAn8Bxw","https:\/\/www.linkedin.com\/company\/quatro-air-technologies"]}]}},"_links":{"self":[{"href":"https:\/\/quatroair.com\/fr\/wp-json\/wp\/v2\/product\/10521","targetHints":{"allow":["GET"]}}],"collection":[{"href":"https:\/\/quatroair.com\/fr\/wp-json\/wp\/v2\/product"}],"about":[{"href":"https:\/\/quatroair.com\/fr\/wp-json\/wp\/v2\/types\/product"}],"replies":[{"embeddable":true,"href":"https:\/\/quatroair.com\/fr\/wp-json\/wp\/v2\/comments?post=10521"}],"version-history":[{"count":5,"href":"https:\/\/quatroair.com\/fr\/wp-json\/wp\/v2\/product\/10521\/revisions"}],"predecessor-version":[{"id":11773,"href":"https:\/\/quatroair.com\/fr\/wp-json\/wp\/v2\/product\/10521\/revisions\/11773"}],"wp:featuredmedia":[{"embeddable":true,"href":"https:\/\/quatroair.com\/fr\/wp-json\/wp\/v2\/media\/4817"}],"wp:attachment":[{"href":"https:\/\/quatroair.com\/fr\/wp-json\/wp\/v2\/media?parent=10521"}],"wp:term":[{"taxonomy":"product_cat","embeddable":true,"href":"https:\/\/quatroair.com\/fr\/wp-json\/wp\/v2\/product_cat?post=10521"},{"taxonomy":"product_tag","embeddable":true,"href":"https:\/\/quatroair.com\/fr\/wp-json\/wp\/v2\/product_tag?post=10521"}],"curies":[{"name":"wp","href":"https:\/\/api.w.org\/{rel}","templated":true}]}}