{"id":10486,"date":"2024-11-18T09:40:55","date_gmt":"2024-11-18T09:40:55","guid":{"rendered":"https:\/\/quatroair.com\/product\/junior-standard-2\/"},"modified":"2025-11-27T20:35:29","modified_gmt":"2025-11-27T20:35:29","slug":"junior-standard","status":"publish","type":"product","link":"https:\/\/quatroair.com\/fr\/industries\/jewelry\/polishing-grinding\/junior-standard","title":{"rendered":"Standard Junior"},"content":{"rendered":"<ul>\n<li>NEW design, 50% more power, 50% more storage capacity, 30% larger HEPA filter<\/li>\n<li>Integrated \u201cflip-up\u201d magnifier, Integrated capture nozzle<\/li>\n<li>Superior containment\/capture using progressive dual-stage filtration system<\/li>\n<li>High-capacity, SEALABLE Filter bags for maximum return on refining<\/li>\n<li>LED ClearView hood fully encloses work area, capturing precious metal dust \/ compounds<\/li>\n<li>2-speed, \u00bd HP, CoolBlue lathe with tapered polishing spindle<\/li>\n<li>Lockable filter door ensures precious metals are safe<\/li>\n<li>Counter height is 32&Prime;(813mm), purchase Caster Kit (#AA037) for added mobility and to increase height by 2&Prime; (50mm)<\/li>\n<li>Also included: Polishing Motor (#AB201-16-TL), external silencer for noise suppression (#H250)<\/li>\n<li>Optional: Casters for mobility (#AA037), Foot-pedal for 6ft remote Start-Stop (#AA114)<\/li>\n<\/ul>\n","protected":false},"excerpt":{"rendered":"<p>R\u00e9cup\u00e9ration efficace des m\u00e9taux pour le raffinage, environnement de travail sain et sans poussi\u00e8re.<\/p>\n","protected":false},"featured_media":4819,"comment_status":"open","ping_status":"closed","template":"","meta":{"_acf_changed":false},"product_cat":[88],"product_tag":[],"class_list":{"0":"post-10486","1":"product","2":"type-product","3":"status-publish","4":"has-post-thumbnail","6":"product_cat-nocategroy-fr","8":"first","9":"instock","10":"shipping-taxable","11":"product-type-simple"},"acf":[],"yoast_head":"<!-- This site is optimized with the Yoast SEO plugin v26.9 - https:\/\/yoast.com\/product\/yoast-seo-wordpress\/ -->\n<title>Standard Junior - Quatro Air Techologies<\/title>\n<meta name=\"description\" content=\"NEW design, 50% more power, 50% more storage capacity, 30% larger HEPA filter\" \/>\n<meta name=\"robots\" content=\"index, follow\" \/>\n<link rel=\"canonical\" href=\"https:\/\/quatroair.com\/jewlery\/polishing-grinding\/junior-standard\/\" \/>\n<meta property=\"og:locale\" content=\"fr_FR\" \/>\n<meta property=\"og:type\" content=\"article\" \/>\n<meta property=\"og:title\" content=\"Standard Junior - Quatro Air Techologies\" \/>\n<meta property=\"og:description\" content=\"NEW design, 50% more power, 50% more storage capacity, 30% larger HEPA filter\" \/>\n<meta property=\"og:url\" content=\"https:\/\/quatroair.com\/jewlery\/polishing-grinding\/junior-standard\/\" \/>\n<meta property=\"og:site_name\" content=\"Quatro Air Techologies\" \/>\n<meta property=\"article:publisher\" content=\"https:\/\/www.facebook.com\/QuatroAirTechnologies\" \/>\n<meta property=\"article:modified_time\" content=\"2025-11-27T20:35:29+00:00\" \/>\n<meta property=\"og:image\" content=\"https:\/\/quatroair.com\/wp-content\/uploads\/2024\/11\/JR-Standard-480x320-1.webp\" \/>\n\t<meta property=\"og:image:width\" content=\"480\" \/>\n\t<meta property=\"og:image:height\" content=\"320\" \/>\n\t<meta property=\"og:image:type\" content=\"image\/webp\" \/>\n<meta name=\"twitter:card\" content=\"summary_large_image\" \/>\n<meta name=\"twitter:site\" content=\"@QuatroAir\" \/>\n<meta name=\"twitter:label1\" content=\"Dur\u00e9e de lecture estim\u00e9e\" \/>\n\t<meta name=\"twitter:data1\" content=\"1 minute\" \/>\n<script type=\"application\/ld+json\" class=\"yoast-schema-graph\">{\"@context\":\"https:\/\/schema.org\",\"@graph\":[{\"@type\":\"WebPage\",\"@id\":\"https:\/\/quatroair.com\/jewlery\/polishing-grinding\/junior-standard\/\",\"url\":\"https:\/\/quatroair.com\/jewlery\/polishing-grinding\/junior-standard\/\",\"name\":\"Standard Junior - Quatro Air Techologies\",\"isPartOf\":{\"@id\":\"https:\/\/quatroair.com\/en\/#website\"},\"primaryImageOfPage\":{\"@id\":\"https:\/\/quatroair.com\/jewlery\/polishing-grinding\/junior-standard\/#primaryimage\"},\"image\":{\"@id\":\"https:\/\/quatroair.com\/jewlery\/polishing-grinding\/junior-standard\/#primaryimage\"},\"thumbnailUrl\":\"https:\/\/quatroair.com\/wp-content\/uploads\/2024\/11\/JR-Standard-480x320-1.webp\",\"datePublished\":\"2024-11-18T09:40:55+00:00\",\"dateModified\":\"2025-11-27T20:35:29+00:00\",\"description\":\"NEW design, 50% more power, 50% more storage capacity, 30% larger HEPA filter\",\"breadcrumb\":{\"@id\":\"https:\/\/quatroair.com\/jewlery\/polishing-grinding\/junior-standard\/#breadcrumb\"},\"inLanguage\":\"fr-FR\",\"potentialAction\":[{\"@type\":\"ReadAction\",\"target\":[\"https:\/\/quatroair.com\/jewlery\/polishing-grinding\/junior-standard\/\"]}]},{\"@type\":\"ImageObject\",\"inLanguage\":\"fr-FR\",\"@id\":\"https:\/\/quatroair.com\/jewlery\/polishing-grinding\/junior-standard\/#primaryimage\",\"url\":\"https:\/\/quatroair.com\/wp-content\/uploads\/2024\/11\/JR-Standard-480x320-1.webp\",\"contentUrl\":\"https:\/\/quatroair.com\/wp-content\/uploads\/2024\/11\/JR-Standard-480x320-1.webp\",\"width\":480,\"height\":320},{\"@type\":\"BreadcrumbList\",\"@id\":\"https:\/\/quatroair.com\/jewlery\/polishing-grinding\/junior-standard\/#breadcrumb\",\"itemListElement\":[{\"@type\":\"ListItem\",\"position\":1,\"name\":\"Home\",\"item\":\"https:\/\/quatroair.com\/\"},{\"@type\":\"ListItem\",\"position\":2,\"name\":\"Products\",\"item\":\"https:\/\/quatroair.com\/shop__trashed\/\"},{\"@type\":\"ListItem\",\"position\":3,\"name\":\"Standard Junior\"}]},{\"@type\":\"WebSite\",\"@id\":\"https:\/\/quatroair.com\/en\/#website\",\"url\":\"https:\/\/quatroair.com\/en\/\",\"name\":\"Quatro Air Techologies\",\"description\":\"Quatro Air provides effective clean air solutions designed to handle any air quality challenge in your home, office or business. Contact us today for details.\",\"publisher\":{\"@id\":\"https:\/\/quatroair.com\/en\/#organization\"},\"potentialAction\":[{\"@type\":\"SearchAction\",\"target\":{\"@type\":\"EntryPoint\",\"urlTemplate\":\"https:\/\/quatroair.com\/en\/?s={search_term_string}\"},\"query-input\":{\"@type\":\"PropertyValueSpecification\",\"valueRequired\":true,\"valueName\":\"search_term_string\"}}],\"inLanguage\":\"fr-FR\"},{\"@type\":\"Organization\",\"@id\":\"https:\/\/quatroair.com\/en\/#organization\",\"name\":\"Quatro Air Techologies\",\"url\":\"https:\/\/quatroair.com\/en\/\",\"logo\":{\"@type\":\"ImageObject\",\"inLanguage\":\"fr-FR\",\"@id\":\"https:\/\/quatroair.com\/en\/#\/schema\/logo\/image\/\",\"url\":\"https:\/\/quatroair.com\/wp-content\/uploads\/2024\/10\/logo.svg\",\"contentUrl\":\"https:\/\/quatroair.com\/wp-content\/uploads\/2024\/10\/logo.svg\",\"width\":708,\"height\":142,\"caption\":\"Quatro Air Techologies\"},\"image\":{\"@id\":\"https:\/\/quatroair.com\/en\/#\/schema\/logo\/image\/\"},\"sameAs\":[\"https:\/\/www.facebook.com\/QuatroAirTechnologies\",\"https:\/\/x.com\/QuatroAir\",\"https:\/\/www.youtube.com\/channel\/UCdTTBL7Pwwyr2JGybAn8Bxw\",\"https:\/\/www.linkedin.com\/company\/quatro-air-technologies\"]}]}<\/script>\n<!-- \/ Yoast SEO plugin. -->","yoast_head_json":{"title":"Standard Junior - Quatro Air Techologies","description":"NEW design, 50% more power, 50% more storage capacity, 30% larger HEPA filter","robots":{"index":"index","follow":"follow"},"canonical":"https:\/\/quatroair.com\/jewlery\/polishing-grinding\/junior-standard\/","og_locale":"fr_FR","og_type":"article","og_title":"Standard Junior - Quatro Air Techologies","og_description":"NEW design, 50% more power, 50% more storage capacity, 30% larger HEPA filter","og_url":"https:\/\/quatroair.com\/jewlery\/polishing-grinding\/junior-standard\/","og_site_name":"Quatro Air Techologies","article_publisher":"https:\/\/www.facebook.com\/QuatroAirTechnologies","article_modified_time":"2025-11-27T20:35:29+00:00","og_image":[{"width":480,"height":320,"url":"https:\/\/quatroair.com\/wp-content\/uploads\/2024\/11\/JR-Standard-480x320-1.webp","type":"image\/webp"}],"twitter_card":"summary_large_image","twitter_site":"@QuatroAir","twitter_misc":{"Dur\u00e9e de lecture estim\u00e9e":"1 minute"},"schema":{"@context":"https:\/\/schema.org","@graph":[{"@type":"WebPage","@id":"https:\/\/quatroair.com\/jewlery\/polishing-grinding\/junior-standard\/","url":"https:\/\/quatroair.com\/jewlery\/polishing-grinding\/junior-standard\/","name":"Standard Junior - Quatro Air Techologies","isPartOf":{"@id":"https:\/\/quatroair.com\/en\/#website"},"primaryImageOfPage":{"@id":"https:\/\/quatroair.com\/jewlery\/polishing-grinding\/junior-standard\/#primaryimage"},"image":{"@id":"https:\/\/quatroair.com\/jewlery\/polishing-grinding\/junior-standard\/#primaryimage"},"thumbnailUrl":"https:\/\/quatroair.com\/wp-content\/uploads\/2024\/11\/JR-Standard-480x320-1.webp","datePublished":"2024-11-18T09:40:55+00:00","dateModified":"2025-11-27T20:35:29+00:00","description":"NEW design, 50% more power, 50% more storage capacity, 30% larger HEPA filter","breadcrumb":{"@id":"https:\/\/quatroair.com\/jewlery\/polishing-grinding\/junior-standard\/#breadcrumb"},"inLanguage":"fr-FR","potentialAction":[{"@type":"ReadAction","target":["https:\/\/quatroair.com\/jewlery\/polishing-grinding\/junior-standard\/"]}]},{"@type":"ImageObject","inLanguage":"fr-FR","@id":"https:\/\/quatroair.com\/jewlery\/polishing-grinding\/junior-standard\/#primaryimage","url":"https:\/\/quatroair.com\/wp-content\/uploads\/2024\/11\/JR-Standard-480x320-1.webp","contentUrl":"https:\/\/quatroair.com\/wp-content\/uploads\/2024\/11\/JR-Standard-480x320-1.webp","width":480,"height":320},{"@type":"BreadcrumbList","@id":"https:\/\/quatroair.com\/jewlery\/polishing-grinding\/junior-standard\/#breadcrumb","itemListElement":[{"@type":"ListItem","position":1,"name":"Home","item":"https:\/\/quatroair.com\/"},{"@type":"ListItem","position":2,"name":"Products","item":"https:\/\/quatroair.com\/shop__trashed\/"},{"@type":"ListItem","position":3,"name":"Standard Junior"}]},{"@type":"WebSite","@id":"https:\/\/quatroair.com\/en\/#website","url":"https:\/\/quatroair.com\/en\/","name":"Quatro Air Techologies","description":"Quatro Air provides effective clean air solutions designed to handle any air quality challenge in your home, office or business. Contact us today for details.","publisher":{"@id":"https:\/\/quatroair.com\/en\/#organization"},"potentialAction":[{"@type":"SearchAction","target":{"@type":"EntryPoint","urlTemplate":"https:\/\/quatroair.com\/en\/?s={search_term_string}"},"query-input":{"@type":"PropertyValueSpecification","valueRequired":true,"valueName":"search_term_string"}}],"inLanguage":"fr-FR"},{"@type":"Organization","@id":"https:\/\/quatroair.com\/en\/#organization","name":"Quatro Air Techologies","url":"https:\/\/quatroair.com\/en\/","logo":{"@type":"ImageObject","inLanguage":"fr-FR","@id":"https:\/\/quatroair.com\/en\/#\/schema\/logo\/image\/","url":"https:\/\/quatroair.com\/wp-content\/uploads\/2024\/10\/logo.svg","contentUrl":"https:\/\/quatroair.com\/wp-content\/uploads\/2024\/10\/logo.svg","width":708,"height":142,"caption":"Quatro Air Techologies"},"image":{"@id":"https:\/\/quatroair.com\/en\/#\/schema\/logo\/image\/"},"sameAs":["https:\/\/www.facebook.com\/QuatroAirTechnologies","https:\/\/x.com\/QuatroAir","https:\/\/www.youtube.com\/channel\/UCdTTBL7Pwwyr2JGybAn8Bxw","https:\/\/www.linkedin.com\/company\/quatro-air-technologies"]}]}},"_links":{"self":[{"href":"https:\/\/quatroair.com\/fr\/wp-json\/wp\/v2\/product\/10486","targetHints":{"allow":["GET"]}}],"collection":[{"href":"https:\/\/quatroair.com\/fr\/wp-json\/wp\/v2\/product"}],"about":[{"href":"https:\/\/quatroair.com\/fr\/wp-json\/wp\/v2\/types\/product"}],"replies":[{"embeddable":true,"href":"https:\/\/quatroair.com\/fr\/wp-json\/wp\/v2\/comments?post=10486"}],"version-history":[{"count":4,"href":"https:\/\/quatroair.com\/fr\/wp-json\/wp\/v2\/product\/10486\/revisions"}],"predecessor-version":[{"id":11775,"href":"https:\/\/quatroair.com\/fr\/wp-json\/wp\/v2\/product\/10486\/revisions\/11775"}],"wp:featuredmedia":[{"embeddable":true,"href":"https:\/\/quatroair.com\/fr\/wp-json\/wp\/v2\/media\/4819"}],"wp:attachment":[{"href":"https:\/\/quatroair.com\/fr\/wp-json\/wp\/v2\/media?parent=10486"}],"wp:term":[{"taxonomy":"product_cat","embeddable":true,"href":"https:\/\/quatroair.com\/fr\/wp-json\/wp\/v2\/product_cat?post=10486"},{"taxonomy":"product_tag","embeddable":true,"href":"https:\/\/quatroair.com\/fr\/wp-json\/wp\/v2\/product_tag?post=10486"}],"curies":[{"name":"wp","href":"https:\/\/api.w.org\/{rel}","templated":true}]}}