{"id":10481,"date":"2024-11-18T09:36:13","date_gmt":"2024-11-18T09:36:13","guid":{"rendered":"https:\/\/quatroair.com\/product\/spu-lapper-new-2\/"},"modified":"2025-11-27T20:34:46","modified_gmt":"2025-11-27T20:34:46","slug":"spu-lapper-new","status":"publish","type":"product","link":"https:\/\/quatroair.com\/fr\/industries\/jewelry\/polishing-grinding\/spu-lapper-new","title":{"rendered":"Nouveau SPU Lapper"},"content":{"rendered":"<ul>\n<li>NOUVEAU : Inclut un grossissement (2X) sur ClearView<\/li>\n<li>NOUVEAU : Inclut une buse de capture arri\u00e8re int\u00e9gr\u00e9e pour une r\u00e9cup\u00e9ration plus efficace des m\u00e9taux pr\u00e9cieux<\/li>\n<li>NOUVEAU : Capacit\u00e9 de stockage des d\u00e9bris augment\u00e9e de 50 % (3 sacs filtrants)<\/li>\n<li>NOUVEAU : Bras flexible (FlexArm) avec vanne coulissante int\u00e9gr\u00e9e pour une capture efficace \u00e0 la source sur la polisseuse<\/li>\n<li>Syst\u00e8me de d\u00e9rivation du filtre sp\u00e9cialement con\u00e7u pour maximiser la capture efficace du rouge<\/li>\n<li>Nettoyage facile de la chambre de stockage \u00e0 votre convenance, prolonge la dur\u00e9e de vie des sacs filtrants<\/li>\n<li>Capture\/confinement des m\u00e9taux pr\u00e9cieux dans des sacs filtrants scellables et \u00e0 grande capacit\u00e9 pour un rendement maximal au raffinage<\/li>\n<li>V\u00e9ritable filtre HEPA, garantissant une efficacit\u00e9 de 99,97 % pour la capture des particules de m\u00e9taux pr\u00e9cieux<\/li>\n<li>Les moteurs CoolBlue fournis sont de 1\/2 HP, \u00e0 2 vitesses (3600\/1800 rpm)<\/li>\n<li>Capot ClearView \u00e0 LED lumineux et bras flexible (FlexArm) avec vanne coulissante pour un environnement de travail sans poussi\u00e8re<\/li>\n<li>La hauteur du comptoir est de 35&Prime; (889 mm)<\/li>\n<li><strong>SUPPL\u00c9MENTS SUR LE MOD\u00c8LE ROBUSTE (#1-0031-0153) :<\/strong>\n<ul>\n<li>Moteur sans balais, haute pression, service continu, pour des performances \u00e0 long terme<\/li>\n<li>Contr\u00f4leur intelligent : vitesse variable, alertes visuelles\/sonores et protection contre la surpression<\/li>\n<li>Le syst\u00e8me ASV int\u00e9gr\u00e9 permet :\n<ul>\n<li>D\u00e9marrage\/arr\u00eat automatique du d\u00e9poussi\u00e9reur depuis l\u2019int\u00e9rieur du ClearView<\/li>\n<li>Coupure de l\u2019aspiration vers le ClearView pour obtenir toute la puissance sur le FlexArm<\/li>\n<\/ul>\n<\/li>\n<\/ul>\n<\/li>\n<li>Turbine haute efficacit\u00e9 de 1,5 HP offrant une aspiration suppl\u00e9mentaire<\/li>\n<li>L\u2019indicateur de pression vous avertit lorsque les filtres doivent \u00eatre remplac\u00e9s<\/li>\n<li>\u00c9galement inclus : Moteur de polissage (#AB171-16), p\u00e9dale de commande sur le MOD\u00c8LE MOYENNE CHARGE (MEDIUM DUTY)<\/li>\n<li>Options : roulettes pour mobilit\u00e9 (#AA037), p\u00e9dale de commande pour Start-Stop \u00e0 distance de 6 pi (#AA114 pour MOD\u00c8LE MOYENNE CHARGE), silencieux pour une r\u00e9duction suppl\u00e9mentaire du bruit (#H250 \u2013 inclus sur MOD\u00c8LE MOYENNE CHARGE), tiroirs optionnels, vendus s\u00e9par\u00e9ment, installables \u00e0 gauche ou \u00e0 droite (#AA198)<\/li>\n<li><strong>Contactez-nous pour un num\u00e9ro de mod\u00e8le sp\u00e9cial si vous souhaitez s\u00e9parer vos m\u00e9taux<\/strong><\/li>\n<\/ul>\n","protected":false},"excerpt":{"rendered":"<p>Capot ClearView \u00e0 LED, FlexArm et moteur de polissage. La turbine haute efficacit\u00e9 de 1,5 HP offre une aspiration suppl\u00e9mentaire.<\/p>\n<p>Num\u00e9ro de pi\u00e8ce usage moyen : 1-0031-0150<br \/>\nNum\u00e9ro de pi\u00e8ce usage intensif : 1-0031-0151<\/p>\n","protected":false},"featured_media":4818,"comment_status":"open","ping_status":"closed","template":"","meta":{"_acf_changed":false},"product_cat":[88],"product_tag":[],"class_list":{"0":"post-10481","1":"product","2":"type-product","3":"status-publish","4":"has-post-thumbnail","6":"product_cat-nocategroy-fr","8":"first","9":"instock","10":"shipping-taxable","11":"product-type-simple"},"acf":[],"yoast_head":"<!-- This site is optimized with the Yoast SEO plugin v26.9 - https:\/\/yoast.com\/product\/yoast-seo-wordpress\/ -->\n<title>Nouveau SPU Lapper - Quatro Air Techologies<\/title>\n<meta name=\"description\" content=\"NOUVEAU : Inclut un grossissement (2X) sur ClearView NOUVEAU : Inclut une buse\" \/>\n<meta name=\"robots\" content=\"index, follow\" \/>\n<link rel=\"canonical\" href=\"https:\/\/quatroair.com\/jewlery\/polishing-grinding\/spu-lapper-new\/\" \/>\n<meta property=\"og:locale\" content=\"fr_FR\" \/>\n<meta property=\"og:type\" content=\"article\" \/>\n<meta property=\"og:title\" content=\"Nouveau SPU Lapper - Quatro Air Techologies\" \/>\n<meta property=\"og:description\" content=\"NOUVEAU : Inclut un grossissement (2X) sur ClearView NOUVEAU : Inclut une buse\" \/>\n<meta property=\"og:url\" content=\"https:\/\/quatroair.com\/jewlery\/polishing-grinding\/spu-lapper-new\/\" \/>\n<meta property=\"og:site_name\" content=\"Quatro Air Techologies\" \/>\n<meta property=\"article:publisher\" content=\"https:\/\/www.facebook.com\/QuatroAirTechnologies\" \/>\n<meta property=\"article:modified_time\" content=\"2025-11-27T20:34:46+00:00\" \/>\n<meta property=\"og:image\" content=\"https:\/\/quatroair.com\/wp-content\/uploads\/2024\/11\/SPU-Lapper-480x320-1.webp\" \/>\n\t<meta property=\"og:image:width\" content=\"480\" \/>\n\t<meta property=\"og:image:height\" content=\"320\" \/>\n\t<meta property=\"og:image:type\" content=\"image\/webp\" \/>\n<meta name=\"twitter:card\" content=\"summary_large_image\" \/>\n<meta name=\"twitter:site\" content=\"@QuatroAir\" \/>\n<meta name=\"twitter:label1\" content=\"Dur\u00e9e de lecture estim\u00e9e\" \/>\n\t<meta name=\"twitter:data1\" content=\"2 minutes\" \/>\n<script type=\"application\/ld+json\" class=\"yoast-schema-graph\">{\"@context\":\"https:\/\/schema.org\",\"@graph\":[{\"@type\":\"WebPage\",\"@id\":\"https:\/\/quatroair.com\/jewlery\/polishing-grinding\/spu-lapper-new\/\",\"url\":\"https:\/\/quatroair.com\/jewlery\/polishing-grinding\/spu-lapper-new\/\",\"name\":\"Nouveau SPU Lapper - Quatro Air Techologies\",\"isPartOf\":{\"@id\":\"https:\/\/quatroair.com\/en\/#website\"},\"primaryImageOfPage\":{\"@id\":\"https:\/\/quatroair.com\/jewlery\/polishing-grinding\/spu-lapper-new\/#primaryimage\"},\"image\":{\"@id\":\"https:\/\/quatroair.com\/jewlery\/polishing-grinding\/spu-lapper-new\/#primaryimage\"},\"thumbnailUrl\":\"https:\/\/quatroair.com\/wp-content\/uploads\/2024\/11\/SPU-Lapper-480x320-1.webp\",\"datePublished\":\"2024-11-18T09:36:13+00:00\",\"dateModified\":\"2025-11-27T20:34:46+00:00\",\"description\":\"NOUVEAU : Inclut un grossissement (2X) sur ClearView NOUVEAU : Inclut une buse\",\"breadcrumb\":{\"@id\":\"https:\/\/quatroair.com\/jewlery\/polishing-grinding\/spu-lapper-new\/#breadcrumb\"},\"inLanguage\":\"fr-FR\",\"potentialAction\":[{\"@type\":\"ReadAction\",\"target\":[\"https:\/\/quatroair.com\/jewlery\/polishing-grinding\/spu-lapper-new\/\"]}]},{\"@type\":\"ImageObject\",\"inLanguage\":\"fr-FR\",\"@id\":\"https:\/\/quatroair.com\/jewlery\/polishing-grinding\/spu-lapper-new\/#primaryimage\",\"url\":\"https:\/\/quatroair.com\/wp-content\/uploads\/2024\/11\/SPU-Lapper-480x320-1.webp\",\"contentUrl\":\"https:\/\/quatroair.com\/wp-content\/uploads\/2024\/11\/SPU-Lapper-480x320-1.webp\",\"width\":480,\"height\":320},{\"@type\":\"BreadcrumbList\",\"@id\":\"https:\/\/quatroair.com\/jewlery\/polishing-grinding\/spu-lapper-new\/#breadcrumb\",\"itemListElement\":[{\"@type\":\"ListItem\",\"position\":1,\"name\":\"Home\",\"item\":\"https:\/\/quatroair.com\/\"},{\"@type\":\"ListItem\",\"position\":2,\"name\":\"Products\",\"item\":\"https:\/\/quatroair.com\/shop__trashed\/\"},{\"@type\":\"ListItem\",\"position\":3,\"name\":\"Nouveau SPU Lapper\"}]},{\"@type\":\"WebSite\",\"@id\":\"https:\/\/quatroair.com\/en\/#website\",\"url\":\"https:\/\/quatroair.com\/en\/\",\"name\":\"Quatro Air Techologies\",\"description\":\"Quatro Air provides effective clean air solutions designed to handle any air quality challenge in your home, office or business. Contact us today for details.\",\"publisher\":{\"@id\":\"https:\/\/quatroair.com\/en\/#organization\"},\"potentialAction\":[{\"@type\":\"SearchAction\",\"target\":{\"@type\":\"EntryPoint\",\"urlTemplate\":\"https:\/\/quatroair.com\/en\/?s={search_term_string}\"},\"query-input\":{\"@type\":\"PropertyValueSpecification\",\"valueRequired\":true,\"valueName\":\"search_term_string\"}}],\"inLanguage\":\"fr-FR\"},{\"@type\":\"Organization\",\"@id\":\"https:\/\/quatroair.com\/en\/#organization\",\"name\":\"Quatro Air Techologies\",\"url\":\"https:\/\/quatroair.com\/en\/\",\"logo\":{\"@type\":\"ImageObject\",\"inLanguage\":\"fr-FR\",\"@id\":\"https:\/\/quatroair.com\/en\/#\/schema\/logo\/image\/\",\"url\":\"https:\/\/quatroair.com\/wp-content\/uploads\/2024\/10\/logo.svg\",\"contentUrl\":\"https:\/\/quatroair.com\/wp-content\/uploads\/2024\/10\/logo.svg\",\"width\":708,\"height\":142,\"caption\":\"Quatro Air Techologies\"},\"image\":{\"@id\":\"https:\/\/quatroair.com\/en\/#\/schema\/logo\/image\/\"},\"sameAs\":[\"https:\/\/www.facebook.com\/QuatroAirTechnologies\",\"https:\/\/x.com\/QuatroAir\",\"https:\/\/www.youtube.com\/channel\/UCdTTBL7Pwwyr2JGybAn8Bxw\",\"https:\/\/www.linkedin.com\/company\/quatro-air-technologies\"]}]}<\/script>\n<!-- \/ Yoast SEO plugin. -->","yoast_head_json":{"title":"Nouveau SPU Lapper - Quatro Air Techologies","description":"NOUVEAU : Inclut un grossissement (2X) sur ClearView NOUVEAU : Inclut une buse","robots":{"index":"index","follow":"follow"},"canonical":"https:\/\/quatroair.com\/jewlery\/polishing-grinding\/spu-lapper-new\/","og_locale":"fr_FR","og_type":"article","og_title":"Nouveau SPU Lapper - Quatro Air Techologies","og_description":"NOUVEAU : Inclut un grossissement (2X) sur ClearView NOUVEAU : Inclut une buse","og_url":"https:\/\/quatroair.com\/jewlery\/polishing-grinding\/spu-lapper-new\/","og_site_name":"Quatro Air Techologies","article_publisher":"https:\/\/www.facebook.com\/QuatroAirTechnologies","article_modified_time":"2025-11-27T20:34:46+00:00","og_image":[{"width":480,"height":320,"url":"https:\/\/quatroair.com\/wp-content\/uploads\/2024\/11\/SPU-Lapper-480x320-1.webp","type":"image\/webp"}],"twitter_card":"summary_large_image","twitter_site":"@QuatroAir","twitter_misc":{"Dur\u00e9e de lecture estim\u00e9e":"2 minutes"},"schema":{"@context":"https:\/\/schema.org","@graph":[{"@type":"WebPage","@id":"https:\/\/quatroair.com\/jewlery\/polishing-grinding\/spu-lapper-new\/","url":"https:\/\/quatroair.com\/jewlery\/polishing-grinding\/spu-lapper-new\/","name":"Nouveau SPU Lapper - Quatro Air Techologies","isPartOf":{"@id":"https:\/\/quatroair.com\/en\/#website"},"primaryImageOfPage":{"@id":"https:\/\/quatroair.com\/jewlery\/polishing-grinding\/spu-lapper-new\/#primaryimage"},"image":{"@id":"https:\/\/quatroair.com\/jewlery\/polishing-grinding\/spu-lapper-new\/#primaryimage"},"thumbnailUrl":"https:\/\/quatroair.com\/wp-content\/uploads\/2024\/11\/SPU-Lapper-480x320-1.webp","datePublished":"2024-11-18T09:36:13+00:00","dateModified":"2025-11-27T20:34:46+00:00","description":"NOUVEAU : Inclut un grossissement (2X) sur ClearView NOUVEAU : Inclut une buse","breadcrumb":{"@id":"https:\/\/quatroair.com\/jewlery\/polishing-grinding\/spu-lapper-new\/#breadcrumb"},"inLanguage":"fr-FR","potentialAction":[{"@type":"ReadAction","target":["https:\/\/quatroair.com\/jewlery\/polishing-grinding\/spu-lapper-new\/"]}]},{"@type":"ImageObject","inLanguage":"fr-FR","@id":"https:\/\/quatroair.com\/jewlery\/polishing-grinding\/spu-lapper-new\/#primaryimage","url":"https:\/\/quatroair.com\/wp-content\/uploads\/2024\/11\/SPU-Lapper-480x320-1.webp","contentUrl":"https:\/\/quatroair.com\/wp-content\/uploads\/2024\/11\/SPU-Lapper-480x320-1.webp","width":480,"height":320},{"@type":"BreadcrumbList","@id":"https:\/\/quatroair.com\/jewlery\/polishing-grinding\/spu-lapper-new\/#breadcrumb","itemListElement":[{"@type":"ListItem","position":1,"name":"Home","item":"https:\/\/quatroair.com\/"},{"@type":"ListItem","position":2,"name":"Products","item":"https:\/\/quatroair.com\/shop__trashed\/"},{"@type":"ListItem","position":3,"name":"Nouveau SPU Lapper"}]},{"@type":"WebSite","@id":"https:\/\/quatroair.com\/en\/#website","url":"https:\/\/quatroair.com\/en\/","name":"Quatro Air Techologies","description":"Quatro Air provides effective clean air solutions designed to handle any air quality challenge in your home, office or business. Contact us today for details.","publisher":{"@id":"https:\/\/quatroair.com\/en\/#organization"},"potentialAction":[{"@type":"SearchAction","target":{"@type":"EntryPoint","urlTemplate":"https:\/\/quatroair.com\/en\/?s={search_term_string}"},"query-input":{"@type":"PropertyValueSpecification","valueRequired":true,"valueName":"search_term_string"}}],"inLanguage":"fr-FR"},{"@type":"Organization","@id":"https:\/\/quatroair.com\/en\/#organization","name":"Quatro Air Techologies","url":"https:\/\/quatroair.com\/en\/","logo":{"@type":"ImageObject","inLanguage":"fr-FR","@id":"https:\/\/quatroair.com\/en\/#\/schema\/logo\/image\/","url":"https:\/\/quatroair.com\/wp-content\/uploads\/2024\/10\/logo.svg","contentUrl":"https:\/\/quatroair.com\/wp-content\/uploads\/2024\/10\/logo.svg","width":708,"height":142,"caption":"Quatro Air Techologies"},"image":{"@id":"https:\/\/quatroair.com\/en\/#\/schema\/logo\/image\/"},"sameAs":["https:\/\/www.facebook.com\/QuatroAirTechnologies","https:\/\/x.com\/QuatroAir","https:\/\/www.youtube.com\/channel\/UCdTTBL7Pwwyr2JGybAn8Bxw","https:\/\/www.linkedin.com\/company\/quatro-air-technologies"]}]}},"_links":{"self":[{"href":"https:\/\/quatroair.com\/fr\/wp-json\/wp\/v2\/product\/10481","targetHints":{"allow":["GET"]}}],"collection":[{"href":"https:\/\/quatroair.com\/fr\/wp-json\/wp\/v2\/product"}],"about":[{"href":"https:\/\/quatroair.com\/fr\/wp-json\/wp\/v2\/types\/product"}],"replies":[{"embeddable":true,"href":"https:\/\/quatroair.com\/fr\/wp-json\/wp\/v2\/comments?post=10481"}],"version-history":[{"count":4,"href":"https:\/\/quatroair.com\/fr\/wp-json\/wp\/v2\/product\/10481\/revisions"}],"predecessor-version":[{"id":11774,"href":"https:\/\/quatroair.com\/fr\/wp-json\/wp\/v2\/product\/10481\/revisions\/11774"}],"wp:featuredmedia":[{"embeddable":true,"href":"https:\/\/quatroair.com\/fr\/wp-json\/wp\/v2\/media\/4818"}],"wp:attachment":[{"href":"https:\/\/quatroair.com\/fr\/wp-json\/wp\/v2\/media?parent=10481"}],"wp:term":[{"taxonomy":"product_cat","embeddable":true,"href":"https:\/\/quatroair.com\/fr\/wp-json\/wp\/v2\/product_cat?post=10481"},{"taxonomy":"product_tag","embeddable":true,"href":"https:\/\/quatroair.com\/fr\/wp-json\/wp\/v2\/product_tag?post=10481"}],"curies":[{"name":"wp","href":"https:\/\/api.w.org\/{rel}","templated":true}]}}