{"id":10473,"date":"2024-11-18T10:45:02","date_gmt":"2024-11-18T10:45:02","guid":{"rendered":"https:\/\/quatroair.com\/product\/jetstream-brushless-2\/"},"modified":"2025-12-01T21:06:41","modified_gmt":"2025-12-01T21:06:41","slug":"jetstream-brushless","status":"publish","type":"product","link":"https:\/\/quatroair.com\/fr\/industries\/jewelry\/collection-at-bench\/jetstream-brushless","title":{"rendered":"JetStream sans Brosse"},"content":{"rendered":"<ul>\n<li>La technologie de moteur brushless PREMIUM HIGH-PRESSURE offre un d\u00e9bit d\u2019air et une aspiration accrus<\/li>\n<li>Id\u00e9al pour une utilisation continue<\/li>\n<li>Capture\/contient les m\u00e9taux pr\u00e9cieux dans des sacs filtrants scellables de grande capacit\u00e9 pour un rendement maximal au raffinage<\/li>\n<li>Filtre HEPA, efficacit\u00e9 de 99,97 % sur les particules submicroniques<\/li>\n<li>Le syst\u00e8me de sacs filtrants est id\u00e9al pour la r\u00e9cup\u00e9ration des m\u00e9taux pr\u00e9cieux<\/li>\n<li>Performance ultra-silencieuse, contr\u00f4le de vitesse infini<\/li>\n<li>Indicateur de pression \u201csac plein\u201d<\/li>\n<li>Acc\u00e8s rapide au compartiment moteur<\/li>\n<li>Microprocesseur affichant le statut, les conditions de fonctionnement et les rappels<\/li>\n<li>Inclus : (1) s\u00e9parateur \u00ab\u00a0T\u00a0\u00bb, 2 x tuyaux d\u2019aspiration de 6 ft, diam\u00e8tre 1,5&Prime; (pour accessoires 1,5&Prime;) #H424-06C, interrupteur manuel pour d\u00e9marrage\/arr\u00eat \u00e0 distance 6 ft (#AA375)<\/li>\n<li>\u00c9galement disponible avec (1) tuyau (pour connexions d\u2019accessoires 1,5&Prime;)<\/li>\n<li>Optionnel : p\u00e9dale pour d\u00e9marrage\/arr\u00eat \u00e0 distance 6 ft (#AA175)<\/li>\n<\/ul>\n","protected":false},"excerpt":{"rendered":"<p>Collecteur de poussi\u00e8re compact<br \/>\nCollecteur de poussi\u00e8re compact \u00e0 2 stations pour banc. La technologie de moteur sans balais offre un d\u00e9bit d\u2019air et une aspiration accrus.<\/p>\n","protected":false},"featured_media":4834,"comment_status":"open","ping_status":"closed","template":"","meta":{"_acf_changed":false},"product_cat":[88],"product_tag":[],"class_list":{"0":"post-10473","1":"product","2":"type-product","3":"status-publish","4":"has-post-thumbnail","6":"product_cat-nocategroy-fr","8":"first","9":"instock","10":"shipping-taxable","11":"product-type-simple"},"acf":[],"yoast_head":"<!-- This site is optimized with the Yoast SEO plugin v26.9 - https:\/\/yoast.com\/product\/yoast-seo-wordpress\/ -->\n<title>JetStream sans Brosse - Quatro Air Techologies<\/title>\n<meta name=\"description\" content=\"La technologie de moteur brushless PREMIUM HIGH-PRESSURE offre un d\u00e9bit d\u2019air et une\" \/>\n<meta name=\"robots\" content=\"index, follow\" \/>\n<link rel=\"canonical\" href=\"https:\/\/quatroair.com\/jewlery\/collection-at-bench\/jetstream-brushless\/\" \/>\n<meta property=\"og:locale\" content=\"fr_FR\" \/>\n<meta property=\"og:type\" content=\"article\" \/>\n<meta property=\"og:title\" content=\"JetStream sans Brosse - Quatro Air Techologies\" \/>\n<meta property=\"og:description\" content=\"La technologie de moteur brushless PREMIUM HIGH-PRESSURE offre un d\u00e9bit d\u2019air et une\" \/>\n<meta property=\"og:url\" content=\"https:\/\/quatroair.com\/jewlery\/collection-at-bench\/jetstream-brushless\/\" \/>\n<meta property=\"og:site_name\" content=\"Quatro Air Techologies\" \/>\n<meta property=\"article:publisher\" content=\"https:\/\/www.facebook.com\/QuatroAirTechnologies\" \/>\n<meta property=\"article:modified_time\" content=\"2025-12-01T21:06:41+00:00\" \/>\n<meta property=\"og:image\" content=\"https:\/\/quatroair.com\/wp-content\/uploads\/2024\/11\/JetStream-Brushless-480x320-1.webp\" \/>\n\t<meta property=\"og:image:width\" content=\"480\" \/>\n\t<meta property=\"og:image:height\" content=\"320\" \/>\n\t<meta property=\"og:image:type\" content=\"image\/webp\" \/>\n<meta name=\"twitter:card\" content=\"summary_large_image\" \/>\n<meta name=\"twitter:site\" content=\"@QuatroAir\" \/>\n<meta name=\"twitter:label1\" content=\"Dur\u00e9e de lecture estim\u00e9e\" \/>\n\t<meta name=\"twitter:data1\" content=\"1 minute\" \/>\n<script type=\"application\/ld+json\" class=\"yoast-schema-graph\">{\"@context\":\"https:\/\/schema.org\",\"@graph\":[{\"@type\":\"WebPage\",\"@id\":\"https:\/\/quatroair.com\/jewlery\/collection-at-bench\/jetstream-brushless\/\",\"url\":\"https:\/\/quatroair.com\/jewlery\/collection-at-bench\/jetstream-brushless\/\",\"name\":\"JetStream sans Brosse - Quatro Air Techologies\",\"isPartOf\":{\"@id\":\"https:\/\/quatroair.com\/en\/#website\"},\"primaryImageOfPage\":{\"@id\":\"https:\/\/quatroair.com\/jewlery\/collection-at-bench\/jetstream-brushless\/#primaryimage\"},\"image\":{\"@id\":\"https:\/\/quatroair.com\/jewlery\/collection-at-bench\/jetstream-brushless\/#primaryimage\"},\"thumbnailUrl\":\"https:\/\/quatroair.com\/wp-content\/uploads\/2024\/11\/JetStream-Brushless-480x320-1.webp\",\"datePublished\":\"2024-11-18T10:45:02+00:00\",\"dateModified\":\"2025-12-01T21:06:41+00:00\",\"description\":\"La technologie de moteur brushless PREMIUM HIGH-PRESSURE offre un d\u00e9bit d\u2019air et une\",\"breadcrumb\":{\"@id\":\"https:\/\/quatroair.com\/jewlery\/collection-at-bench\/jetstream-brushless\/#breadcrumb\"},\"inLanguage\":\"fr-FR\",\"potentialAction\":[{\"@type\":\"ReadAction\",\"target\":[\"https:\/\/quatroair.com\/jewlery\/collection-at-bench\/jetstream-brushless\/\"]}]},{\"@type\":\"ImageObject\",\"inLanguage\":\"fr-FR\",\"@id\":\"https:\/\/quatroair.com\/jewlery\/collection-at-bench\/jetstream-brushless\/#primaryimage\",\"url\":\"https:\/\/quatroair.com\/wp-content\/uploads\/2024\/11\/JetStream-Brushless-480x320-1.webp\",\"contentUrl\":\"https:\/\/quatroair.com\/wp-content\/uploads\/2024\/11\/JetStream-Brushless-480x320-1.webp\",\"width\":480,\"height\":320},{\"@type\":\"BreadcrumbList\",\"@id\":\"https:\/\/quatroair.com\/jewlery\/collection-at-bench\/jetstream-brushless\/#breadcrumb\",\"itemListElement\":[{\"@type\":\"ListItem\",\"position\":1,\"name\":\"Home\",\"item\":\"https:\/\/quatroair.com\/\"},{\"@type\":\"ListItem\",\"position\":2,\"name\":\"Products\",\"item\":\"https:\/\/quatroair.com\/shop__trashed\/\"},{\"@type\":\"ListItem\",\"position\":3,\"name\":\"JetStream sans Brosse\"}]},{\"@type\":\"WebSite\",\"@id\":\"https:\/\/quatroair.com\/en\/#website\",\"url\":\"https:\/\/quatroair.com\/en\/\",\"name\":\"Quatro Air Techologies\",\"description\":\"Quatro Air provides effective clean air solutions designed to handle any air quality challenge in your home, office or business. Contact us today for details.\",\"publisher\":{\"@id\":\"https:\/\/quatroair.com\/en\/#organization\"},\"potentialAction\":[{\"@type\":\"SearchAction\",\"target\":{\"@type\":\"EntryPoint\",\"urlTemplate\":\"https:\/\/quatroair.com\/en\/?s={search_term_string}\"},\"query-input\":{\"@type\":\"PropertyValueSpecification\",\"valueRequired\":true,\"valueName\":\"search_term_string\"}}],\"inLanguage\":\"fr-FR\"},{\"@type\":\"Organization\",\"@id\":\"https:\/\/quatroair.com\/en\/#organization\",\"name\":\"Quatro Air Techologies\",\"url\":\"https:\/\/quatroair.com\/en\/\",\"logo\":{\"@type\":\"ImageObject\",\"inLanguage\":\"fr-FR\",\"@id\":\"https:\/\/quatroair.com\/en\/#\/schema\/logo\/image\/\",\"url\":\"https:\/\/quatroair.com\/wp-content\/uploads\/2024\/10\/logo.svg\",\"contentUrl\":\"https:\/\/quatroair.com\/wp-content\/uploads\/2024\/10\/logo.svg\",\"width\":708,\"height\":142,\"caption\":\"Quatro Air Techologies\"},\"image\":{\"@id\":\"https:\/\/quatroair.com\/en\/#\/schema\/logo\/image\/\"},\"sameAs\":[\"https:\/\/www.facebook.com\/QuatroAirTechnologies\",\"https:\/\/x.com\/QuatroAir\",\"https:\/\/www.youtube.com\/channel\/UCdTTBL7Pwwyr2JGybAn8Bxw\",\"https:\/\/www.linkedin.com\/company\/quatro-air-technologies\"]}]}<\/script>\n<!-- \/ Yoast SEO plugin. -->","yoast_head_json":{"title":"JetStream sans Brosse - Quatro Air Techologies","description":"La technologie de moteur brushless PREMIUM HIGH-PRESSURE offre un d\u00e9bit d\u2019air et une","robots":{"index":"index","follow":"follow"},"canonical":"https:\/\/quatroair.com\/jewlery\/collection-at-bench\/jetstream-brushless\/","og_locale":"fr_FR","og_type":"article","og_title":"JetStream sans Brosse - Quatro Air Techologies","og_description":"La technologie de moteur brushless PREMIUM HIGH-PRESSURE offre un d\u00e9bit d\u2019air et une","og_url":"https:\/\/quatroair.com\/jewlery\/collection-at-bench\/jetstream-brushless\/","og_site_name":"Quatro Air Techologies","article_publisher":"https:\/\/www.facebook.com\/QuatroAirTechnologies","article_modified_time":"2025-12-01T21:06:41+00:00","og_image":[{"width":480,"height":320,"url":"https:\/\/quatroair.com\/wp-content\/uploads\/2024\/11\/JetStream-Brushless-480x320-1.webp","type":"image\/webp"}],"twitter_card":"summary_large_image","twitter_site":"@QuatroAir","twitter_misc":{"Dur\u00e9e de lecture estim\u00e9e":"1 minute"},"schema":{"@context":"https:\/\/schema.org","@graph":[{"@type":"WebPage","@id":"https:\/\/quatroair.com\/jewlery\/collection-at-bench\/jetstream-brushless\/","url":"https:\/\/quatroair.com\/jewlery\/collection-at-bench\/jetstream-brushless\/","name":"JetStream sans Brosse - Quatro Air Techologies","isPartOf":{"@id":"https:\/\/quatroair.com\/en\/#website"},"primaryImageOfPage":{"@id":"https:\/\/quatroair.com\/jewlery\/collection-at-bench\/jetstream-brushless\/#primaryimage"},"image":{"@id":"https:\/\/quatroair.com\/jewlery\/collection-at-bench\/jetstream-brushless\/#primaryimage"},"thumbnailUrl":"https:\/\/quatroair.com\/wp-content\/uploads\/2024\/11\/JetStream-Brushless-480x320-1.webp","datePublished":"2024-11-18T10:45:02+00:00","dateModified":"2025-12-01T21:06:41+00:00","description":"La technologie de moteur brushless PREMIUM HIGH-PRESSURE offre un d\u00e9bit d\u2019air et une","breadcrumb":{"@id":"https:\/\/quatroair.com\/jewlery\/collection-at-bench\/jetstream-brushless\/#breadcrumb"},"inLanguage":"fr-FR","potentialAction":[{"@type":"ReadAction","target":["https:\/\/quatroair.com\/jewlery\/collection-at-bench\/jetstream-brushless\/"]}]},{"@type":"ImageObject","inLanguage":"fr-FR","@id":"https:\/\/quatroair.com\/jewlery\/collection-at-bench\/jetstream-brushless\/#primaryimage","url":"https:\/\/quatroair.com\/wp-content\/uploads\/2024\/11\/JetStream-Brushless-480x320-1.webp","contentUrl":"https:\/\/quatroair.com\/wp-content\/uploads\/2024\/11\/JetStream-Brushless-480x320-1.webp","width":480,"height":320},{"@type":"BreadcrumbList","@id":"https:\/\/quatroair.com\/jewlery\/collection-at-bench\/jetstream-brushless\/#breadcrumb","itemListElement":[{"@type":"ListItem","position":1,"name":"Home","item":"https:\/\/quatroair.com\/"},{"@type":"ListItem","position":2,"name":"Products","item":"https:\/\/quatroair.com\/shop__trashed\/"},{"@type":"ListItem","position":3,"name":"JetStream sans Brosse"}]},{"@type":"WebSite","@id":"https:\/\/quatroair.com\/en\/#website","url":"https:\/\/quatroair.com\/en\/","name":"Quatro Air Techologies","description":"Quatro Air provides effective clean air solutions designed to handle any air quality challenge in your home, office or business. Contact us today for details.","publisher":{"@id":"https:\/\/quatroair.com\/en\/#organization"},"potentialAction":[{"@type":"SearchAction","target":{"@type":"EntryPoint","urlTemplate":"https:\/\/quatroair.com\/en\/?s={search_term_string}"},"query-input":{"@type":"PropertyValueSpecification","valueRequired":true,"valueName":"search_term_string"}}],"inLanguage":"fr-FR"},{"@type":"Organization","@id":"https:\/\/quatroair.com\/en\/#organization","name":"Quatro Air Techologies","url":"https:\/\/quatroair.com\/en\/","logo":{"@type":"ImageObject","inLanguage":"fr-FR","@id":"https:\/\/quatroair.com\/en\/#\/schema\/logo\/image\/","url":"https:\/\/quatroair.com\/wp-content\/uploads\/2024\/10\/logo.svg","contentUrl":"https:\/\/quatroair.com\/wp-content\/uploads\/2024\/10\/logo.svg","width":708,"height":142,"caption":"Quatro Air Techologies"},"image":{"@id":"https:\/\/quatroair.com\/en\/#\/schema\/logo\/image\/"},"sameAs":["https:\/\/www.facebook.com\/QuatroAirTechnologies","https:\/\/x.com\/QuatroAir","https:\/\/www.youtube.com\/channel\/UCdTTBL7Pwwyr2JGybAn8Bxw","https:\/\/www.linkedin.com\/company\/quatro-air-technologies"]}]}},"_links":{"self":[{"href":"https:\/\/quatroair.com\/fr\/wp-json\/wp\/v2\/product\/10473","targetHints":{"allow":["GET"]}}],"collection":[{"href":"https:\/\/quatroair.com\/fr\/wp-json\/wp\/v2\/product"}],"about":[{"href":"https:\/\/quatroair.com\/fr\/wp-json\/wp\/v2\/types\/product"}],"replies":[{"embeddable":true,"href":"https:\/\/quatroair.com\/fr\/wp-json\/wp\/v2\/comments?post=10473"}],"version-history":[{"count":5,"href":"https:\/\/quatroair.com\/fr\/wp-json\/wp\/v2\/product\/10473\/revisions"}],"predecessor-version":[{"id":11871,"href":"https:\/\/quatroair.com\/fr\/wp-json\/wp\/v2\/product\/10473\/revisions\/11871"}],"wp:featuredmedia":[{"embeddable":true,"href":"https:\/\/quatroair.com\/fr\/wp-json\/wp\/v2\/media\/4834"}],"wp:attachment":[{"href":"https:\/\/quatroair.com\/fr\/wp-json\/wp\/v2\/media?parent=10473"}],"wp:term":[{"taxonomy":"product_cat","embeddable":true,"href":"https:\/\/quatroair.com\/fr\/wp-json\/wp\/v2\/product_cat?post=10473"},{"taxonomy":"product_tag","embeddable":true,"href":"https:\/\/quatroair.com\/fr\/wp-json\/wp\/v2\/product_tag?post=10473"}],"curies":[{"name":"wp","href":"https:\/\/api.w.org\/{rel}","templated":true}]}}