{"id":10472,"date":"2024-11-18T10:42:38","date_gmt":"2024-11-18T10:42:38","guid":{"rendered":"https:\/\/quatroair.com\/product\/jetstream-infinity-2\/"},"modified":"2026-01-03T10:30:00","modified_gmt":"2026-01-03T10:30:00","slug":"jetstream-infinity-collection-at-bench","status":"publish","type":"product","link":"https:\/\/quatroair.com\/fr\/industries\/jewelry\/collection-at-bench\/jetstream-infinity","title":{"rendered":"CourantJet Infini"},"content":{"rendered":"<ul>\n<li>Conception \u00e0 plusieurs vitesses et \u00e0 deux stations<\/li>\n<li>Capture\/contain precious metals in high-capacity, sealable filter bags for maximum return on refining<\/li>\n<li>Filtre HEPA, efficacit\u00e9 de 99,97 % sur les particules submicroniques<\/li>\n<li>Moteur hybride INFINITY pour une puissance accrue et une dur\u00e9e de vie prolong\u00e9e du moteur<\/li>\n<li>Conception compacte et peu encombrante<\/li>\n<li>Le syst\u00e8me de sacs filtrants est id\u00e9al pour la r\u00e9cup\u00e9ration des m\u00e9taux pr\u00e9cieux<\/li>\n<li>Performance ultra-silencieuse, contr\u00f4le de la vitesse \u00e0 l&rsquo;infini<\/li>\n<li>Acc\u00e8s rapide au compartiment moteur<\/li>\n<li>Also included: (1) Splitter \u00ab\u00a0T\u00a0\u00bb, 2 x 4ft suction hoses 1.5&Prime;dia (for 1.5&Prime; accessories)<\/li>\n<li>Also included: 6ft suction hose 1.5&Prime;dia<\/li>\n<li>Optional: Foot-pedal or Hand-switch for 6ft remote Start-Stop (#AA114 \/ #AA011), 2-Station Foot-pedal or Hand-switch for remote Start-Stop(#AA012 \/ #AA224), AG143-5 (white filter bag, pack of 5) also available for larger particles<\/li>\n<\/ul>\n","protected":false},"excerpt":{"rendered":"<p>Collecteur de poussi\u00e8re compact<br \/>\nCollecteur de poussi\u00e8re compact \u00e0 2 stations pour banc. Design compact et peu encombrant.<\/p>\n","protected":false},"featured_media":4833,"comment_status":"open","ping_status":"closed","template":"","meta":{"_acf_changed":false},"product_cat":[88],"product_tag":[],"class_list":{"0":"post-10472","1":"product","2":"type-product","3":"status-publish","4":"has-post-thumbnail","6":"product_cat-nocategroy-fr","8":"first","9":"instock","10":"shipping-taxable","11":"product-type-simple"},"acf":[],"yoast_head":"<!-- This site is optimized with the Yoast SEO plugin v26.9 - https:\/\/yoast.com\/product\/yoast-seo-wordpress\/ -->\n<title>CourantJet Infini - Quatro Air Techologies<\/title>\n<meta name=\"description\" content=\"Conception \u00e0 plusieurs vitesses et \u00e0 deux stations Capture\/contain precious\" \/>\n<meta name=\"robots\" content=\"index, follow\" \/>\n<link rel=\"canonical\" href=\"https:\/\/quatroair.com\/fr\/produits\/jetstream-infinity\" \/>\n<meta property=\"og:locale\" content=\"fr_FR\" \/>\n<meta property=\"og:type\" content=\"article\" \/>\n<meta property=\"og:title\" content=\"CourantJet Infini - Quatro Air Techologies\" \/>\n<meta property=\"og:description\" content=\"Conception \u00e0 plusieurs vitesses et \u00e0 deux stations Capture\/contain precious\" \/>\n<meta property=\"og:url\" content=\"https:\/\/quatroair.com\/fr\/produits\/jetstream-infinity\" \/>\n<meta property=\"og:site_name\" content=\"Quatro Air Techologies\" \/>\n<meta property=\"article:publisher\" content=\"https:\/\/www.facebook.com\/QuatroAirTechnologies\" \/>\n<meta property=\"article:modified_time\" content=\"2026-01-03T10:30:00+00:00\" \/>\n<meta property=\"og:image\" content=\"https:\/\/quatroair.com\/wp-content\/uploads\/2024\/11\/JetStream-INFINITY-480x320-1.webp\" \/>\n\t<meta property=\"og:image:width\" content=\"480\" \/>\n\t<meta property=\"og:image:height\" content=\"320\" \/>\n\t<meta property=\"og:image:type\" content=\"image\/webp\" \/>\n<meta name=\"twitter:card\" content=\"summary_large_image\" \/>\n<meta name=\"twitter:site\" content=\"@QuatroAir\" \/>\n<meta name=\"twitter:label1\" content=\"Dur\u00e9e de lecture estim\u00e9e\" \/>\n\t<meta name=\"twitter:data1\" content=\"1 minute\" \/>\n<script type=\"application\/ld+json\" class=\"yoast-schema-graph\">{\"@context\":\"https:\/\/schema.org\",\"@graph\":[{\"@type\":\"WebPage\",\"@id\":\"https:\/\/quatroair.com\/fr\/produits\/jetstream-infinity\",\"url\":\"https:\/\/quatroair.com\/fr\/produits\/jetstream-infinity\",\"name\":\"CourantJet Infini - Quatro Air Techologies\",\"isPartOf\":{\"@id\":\"https:\/\/quatroair.com\/en\/#website\"},\"primaryImageOfPage\":{\"@id\":\"https:\/\/quatroair.com\/fr\/produits\/jetstream-infinity#primaryimage\"},\"image\":{\"@id\":\"https:\/\/quatroair.com\/fr\/produits\/jetstream-infinity#primaryimage\"},\"thumbnailUrl\":\"https:\/\/quatroair.com\/wp-content\/uploads\/2024\/11\/JetStream-INFINITY-480x320-1.webp\",\"datePublished\":\"2024-11-18T10:42:38+00:00\",\"dateModified\":\"2026-01-03T10:30:00+00:00\",\"description\":\"Conception \u00e0 plusieurs vitesses et \u00e0 deux stations Capture\/contain precious\",\"breadcrumb\":{\"@id\":\"https:\/\/quatroair.com\/fr\/produits\/jetstream-infinity#breadcrumb\"},\"inLanguage\":\"fr-FR\",\"potentialAction\":[{\"@type\":\"ReadAction\",\"target\":[\"https:\/\/quatroair.com\/fr\/produits\/jetstream-infinity\"]}]},{\"@type\":\"ImageObject\",\"inLanguage\":\"fr-FR\",\"@id\":\"https:\/\/quatroair.com\/fr\/produits\/jetstream-infinity#primaryimage\",\"url\":\"https:\/\/quatroair.com\/wp-content\/uploads\/2024\/11\/JetStream-INFINITY-480x320-1.webp\",\"contentUrl\":\"https:\/\/quatroair.com\/wp-content\/uploads\/2024\/11\/JetStream-INFINITY-480x320-1.webp\",\"width\":480,\"height\":320},{\"@type\":\"BreadcrumbList\",\"@id\":\"https:\/\/quatroair.com\/fr\/produits\/jetstream-infinity#breadcrumb\",\"itemListElement\":[{\"@type\":\"ListItem\",\"position\":1,\"name\":\"Home\",\"item\":\"https:\/\/quatroair.com\/\"},{\"@type\":\"ListItem\",\"position\":2,\"name\":\"Products\",\"item\":\"https:\/\/quatroair.com\/shop__trashed\/\"},{\"@type\":\"ListItem\",\"position\":3,\"name\":\"CourantJet Infini\"}]},{\"@type\":\"WebSite\",\"@id\":\"https:\/\/quatroair.com\/en\/#website\",\"url\":\"https:\/\/quatroair.com\/en\/\",\"name\":\"Quatro Air Techologies\",\"description\":\"Quatro Air provides effective clean air solutions designed to handle any air quality challenge in your home, office or business. Contact us today for details.\",\"publisher\":{\"@id\":\"https:\/\/quatroair.com\/en\/#organization\"},\"potentialAction\":[{\"@type\":\"SearchAction\",\"target\":{\"@type\":\"EntryPoint\",\"urlTemplate\":\"https:\/\/quatroair.com\/en\/?s={search_term_string}\"},\"query-input\":{\"@type\":\"PropertyValueSpecification\",\"valueRequired\":true,\"valueName\":\"search_term_string\"}}],\"inLanguage\":\"fr-FR\"},{\"@type\":\"Organization\",\"@id\":\"https:\/\/quatroair.com\/en\/#organization\",\"name\":\"Quatro Air Techologies\",\"url\":\"https:\/\/quatroair.com\/en\/\",\"logo\":{\"@type\":\"ImageObject\",\"inLanguage\":\"fr-FR\",\"@id\":\"https:\/\/quatroair.com\/en\/#\/schema\/logo\/image\/\",\"url\":\"https:\/\/quatroair.com\/wp-content\/uploads\/2024\/10\/logo.svg\",\"contentUrl\":\"https:\/\/quatroair.com\/wp-content\/uploads\/2024\/10\/logo.svg\",\"width\":708,\"height\":142,\"caption\":\"Quatro Air Techologies\"},\"image\":{\"@id\":\"https:\/\/quatroair.com\/en\/#\/schema\/logo\/image\/\"},\"sameAs\":[\"https:\/\/www.facebook.com\/QuatroAirTechnologies\",\"https:\/\/x.com\/QuatroAir\",\"https:\/\/www.youtube.com\/channel\/UCdTTBL7Pwwyr2JGybAn8Bxw\",\"https:\/\/www.linkedin.com\/company\/quatro-air-technologies\"]}]}<\/script>\n<!-- \/ Yoast SEO plugin. -->","yoast_head_json":{"title":"CourantJet Infini - Quatro Air Techologies","description":"Conception \u00e0 plusieurs vitesses et \u00e0 deux stations Capture\/contain precious","robots":{"index":"index","follow":"follow"},"canonical":"https:\/\/quatroair.com\/fr\/produits\/jetstream-infinity","og_locale":"fr_FR","og_type":"article","og_title":"CourantJet Infini - Quatro Air Techologies","og_description":"Conception \u00e0 plusieurs vitesses et \u00e0 deux stations Capture\/contain precious","og_url":"https:\/\/quatroair.com\/fr\/produits\/jetstream-infinity","og_site_name":"Quatro Air Techologies","article_publisher":"https:\/\/www.facebook.com\/QuatroAirTechnologies","article_modified_time":"2026-01-03T10:30:00+00:00","og_image":[{"width":480,"height":320,"url":"https:\/\/quatroair.com\/wp-content\/uploads\/2024\/11\/JetStream-INFINITY-480x320-1.webp","type":"image\/webp"}],"twitter_card":"summary_large_image","twitter_site":"@QuatroAir","twitter_misc":{"Dur\u00e9e de lecture estim\u00e9e":"1 minute"},"schema":{"@context":"https:\/\/schema.org","@graph":[{"@type":"WebPage","@id":"https:\/\/quatroair.com\/fr\/produits\/jetstream-infinity","url":"https:\/\/quatroair.com\/fr\/produits\/jetstream-infinity","name":"CourantJet Infini - Quatro Air Techologies","isPartOf":{"@id":"https:\/\/quatroair.com\/en\/#website"},"primaryImageOfPage":{"@id":"https:\/\/quatroair.com\/fr\/produits\/jetstream-infinity#primaryimage"},"image":{"@id":"https:\/\/quatroair.com\/fr\/produits\/jetstream-infinity#primaryimage"},"thumbnailUrl":"https:\/\/quatroair.com\/wp-content\/uploads\/2024\/11\/JetStream-INFINITY-480x320-1.webp","datePublished":"2024-11-18T10:42:38+00:00","dateModified":"2026-01-03T10:30:00+00:00","description":"Conception \u00e0 plusieurs vitesses et \u00e0 deux stations Capture\/contain precious","breadcrumb":{"@id":"https:\/\/quatroair.com\/fr\/produits\/jetstream-infinity#breadcrumb"},"inLanguage":"fr-FR","potentialAction":[{"@type":"ReadAction","target":["https:\/\/quatroair.com\/fr\/produits\/jetstream-infinity"]}]},{"@type":"ImageObject","inLanguage":"fr-FR","@id":"https:\/\/quatroair.com\/fr\/produits\/jetstream-infinity#primaryimage","url":"https:\/\/quatroair.com\/wp-content\/uploads\/2024\/11\/JetStream-INFINITY-480x320-1.webp","contentUrl":"https:\/\/quatroair.com\/wp-content\/uploads\/2024\/11\/JetStream-INFINITY-480x320-1.webp","width":480,"height":320},{"@type":"BreadcrumbList","@id":"https:\/\/quatroair.com\/fr\/produits\/jetstream-infinity#breadcrumb","itemListElement":[{"@type":"ListItem","position":1,"name":"Home","item":"https:\/\/quatroair.com\/"},{"@type":"ListItem","position":2,"name":"Products","item":"https:\/\/quatroair.com\/shop__trashed\/"},{"@type":"ListItem","position":3,"name":"CourantJet Infini"}]},{"@type":"WebSite","@id":"https:\/\/quatroair.com\/en\/#website","url":"https:\/\/quatroair.com\/en\/","name":"Quatro Air Techologies","description":"Quatro Air provides effective clean air solutions designed to handle any air quality challenge in your home, office or business. Contact us today for details.","publisher":{"@id":"https:\/\/quatroair.com\/en\/#organization"},"potentialAction":[{"@type":"SearchAction","target":{"@type":"EntryPoint","urlTemplate":"https:\/\/quatroair.com\/en\/?s={search_term_string}"},"query-input":{"@type":"PropertyValueSpecification","valueRequired":true,"valueName":"search_term_string"}}],"inLanguage":"fr-FR"},{"@type":"Organization","@id":"https:\/\/quatroair.com\/en\/#organization","name":"Quatro Air Techologies","url":"https:\/\/quatroair.com\/en\/","logo":{"@type":"ImageObject","inLanguage":"fr-FR","@id":"https:\/\/quatroair.com\/en\/#\/schema\/logo\/image\/","url":"https:\/\/quatroair.com\/wp-content\/uploads\/2024\/10\/logo.svg","contentUrl":"https:\/\/quatroair.com\/wp-content\/uploads\/2024\/10\/logo.svg","width":708,"height":142,"caption":"Quatro Air Techologies"},"image":{"@id":"https:\/\/quatroair.com\/en\/#\/schema\/logo\/image\/"},"sameAs":["https:\/\/www.facebook.com\/QuatroAirTechnologies","https:\/\/x.com\/QuatroAir","https:\/\/www.youtube.com\/channel\/UCdTTBL7Pwwyr2JGybAn8Bxw","https:\/\/www.linkedin.com\/company\/quatro-air-technologies"]}]}},"_links":{"self":[{"href":"https:\/\/quatroair.com\/fr\/wp-json\/wp\/v2\/product\/10472","targetHints":{"allow":["GET"]}}],"collection":[{"href":"https:\/\/quatroair.com\/fr\/wp-json\/wp\/v2\/product"}],"about":[{"href":"https:\/\/quatroair.com\/fr\/wp-json\/wp\/v2\/types\/product"}],"replies":[{"embeddable":true,"href":"https:\/\/quatroair.com\/fr\/wp-json\/wp\/v2\/comments?post=10472"}],"version-history":[{"count":5,"href":"https:\/\/quatroair.com\/fr\/wp-json\/wp\/v2\/product\/10472\/revisions"}],"predecessor-version":[{"id":11870,"href":"https:\/\/quatroair.com\/fr\/wp-json\/wp\/v2\/product\/10472\/revisions\/11870"}],"wp:featuredmedia":[{"embeddable":true,"href":"https:\/\/quatroair.com\/fr\/wp-json\/wp\/v2\/media\/4833"}],"wp:attachment":[{"href":"https:\/\/quatroair.com\/fr\/wp-json\/wp\/v2\/media?parent=10472"}],"wp:term":[{"taxonomy":"product_cat","embeddable":true,"href":"https:\/\/quatroair.com\/fr\/wp-json\/wp\/v2\/product_cat?post=10472"},{"taxonomy":"product_tag","embeddable":true,"href":"https:\/\/quatroair.com\/fr\/wp-json\/wp\/v2\/product_tag?post=10472"}],"curies":[{"name":"wp","href":"https:\/\/api.w.org\/{rel}","templated":true}]}}