{"id":10156,"date":"2025-09-19T17:13:05","date_gmt":"2025-09-19T17:13:05","guid":{"rendered":"https:\/\/quatroair.com\/?post_type=product&#038;p=10156"},"modified":"2025-11-27T22:46:53","modified_gmt":"2025-11-27T22:46:53","slug":"af-1000-pour-la-poussiere-et-les-odeurs-copy","status":"publish","type":"product","link":"https:\/\/quatroair.com\/fr\/industries\/dental\/3d-printing\/air-purifiers-3d-printing\/af-1000-for-3d-printing","title":{"rendered":"AF1000 pour l&rsquo;impression 3D"},"content":{"rendered":"<ul>\n<li>Prot\u00e8ge les espaces jusqu\u2019\u00e0 400 pi\u00b2.<\/li>\n<li>Syst\u00e8me de filtration de l\u2019air en 3 \u00e9tapes con\u00e7u pour r\u00e9duire efficacement les particules en suspension.<\/li>\n<li>Purificateur d\u2019air polyvalent, abordable et n\u00e9cessitant peu d\u2019entretien, id\u00e9al pour les pi\u00e8ces individuelles.<\/li>\n<li>Puissant, compact et tr\u00e8s portable.<\/li>\n<li>Moteur sans balais con\u00e7u pour un fonctionnement continu.<\/li>\n<li>V\u00e9ritable filtre HEPA \u00e0 lit profond, garantissant une efficacit\u00e9 de 99,97&nbsp;% pour la capture des particules en suspension.<\/li>\n<li>R\u00e9duit les co\u00fbts d\u2019\u00e9nergie ainsi que les frais d\u2019entretien du chauffage et de la climatisation.<\/li>\n<li>R\u00e9duit les co\u00fbts g\u00e9n\u00e9raux de nettoyage et d\u2019entretien.<\/li>\n<li>Inclus \u00e9galement : roulettes pour la mobilit\u00e9 (#AA037) et trois filtres \u00e0 poussi\u00e8re de rechange.<\/li>\n<\/ul>\n","protected":false},"excerpt":{"rendered":"<p>Pour les zones de production g\u00e9n\u00e9rale jusqu\u2019\u00e0 400 pi\u00b2. Syst\u00e8me de filtration de l\u2019air en 3 \u00e9tapes con\u00e7u pour r\u00e9duire efficacement les particules en suspension.<\/p>\n","protected":false},"featured_media":4737,"comment_status":"open","ping_status":"closed","template":"","meta":{"_acf_changed":false},"product_cat":[88],"product_tag":[],"class_list":{"0":"post-10156","1":"product","2":"type-product","3":"status-publish","4":"has-post-thumbnail","6":"product_cat-nocategroy-fr","8":"first","9":"instock","10":"shipping-taxable","11":"product-type-simple"},"acf":[],"yoast_head":"<!-- This site is optimized with the Yoast SEO plugin v26.9 - https:\/\/yoast.com\/product\/yoast-seo-wordpress\/ -->\n<title>AF1000 pour l&#039;impression 3D - Quatro Air Techologies<\/title>\n<meta name=\"description\" content=\"Prot\u00e8ge les espaces jusqu\u2019\u00e0 400 pi\u00b2. Syst\u00e8me de filtration de l\u2019air en 3 \u00e9tapes\" \/>\n<meta name=\"robots\" content=\"index, follow\" \/>\n<link rel=\"canonical\" href=\"https:\/\/quatroair.com\/fr\/dentaire\/air-purifiers\/dust-and-odors\/af-1000-pour-la-poussiere-et-les-odeurs-copy\" \/>\n<meta property=\"og:locale\" content=\"fr_FR\" \/>\n<meta property=\"og:type\" content=\"article\" \/>\n<meta property=\"og:title\" content=\"AF1000 pour l&#039;impression 3D - Quatro Air Techologies\" \/>\n<meta property=\"og:description\" content=\"Prot\u00e8ge les espaces jusqu\u2019\u00e0 400 pi\u00b2. Syst\u00e8me de filtration de l\u2019air en 3 \u00e9tapes\" \/>\n<meta property=\"og:url\" content=\"https:\/\/quatroair.com\/fr\/dentaire\/air-purifiers\/dust-and-odors\/af-1000-pour-la-poussiere-et-les-odeurs-copy\" \/>\n<meta property=\"og:site_name\" content=\"Quatro Air Techologies\" \/>\n<meta property=\"article:publisher\" content=\"https:\/\/www.facebook.com\/QuatroAirTechnologies\" \/>\n<meta property=\"article:modified_time\" content=\"2025-11-27T22:46:53+00:00\" \/>\n<meta property=\"og:image\" content=\"https:\/\/quatroair.com\/wp-content\/uploads\/2024\/11\/i1707396841s7d70323f8efax600.webp\" \/>\n\t<meta property=\"og:image:width\" content=\"480\" \/>\n\t<meta property=\"og:image:height\" content=\"320\" \/>\n\t<meta property=\"og:image:type\" content=\"image\/webp\" \/>\n<meta name=\"twitter:card\" content=\"summary_large_image\" \/>\n<meta name=\"twitter:site\" content=\"@QuatroAir\" \/>\n<meta name=\"twitter:label1\" content=\"Dur\u00e9e de lecture estim\u00e9e\" \/>\n\t<meta name=\"twitter:data1\" content=\"1 minute\" \/>\n<script type=\"application\/ld+json\" class=\"yoast-schema-graph\">{\"@context\":\"https:\/\/schema.org\",\"@graph\":[{\"@type\":\"WebPage\",\"@id\":\"https:\/\/quatroair.com\/fr\/dentaire\/air-purifiers\/dust-and-odors\/af-1000-pour-la-poussiere-et-les-odeurs-copy\",\"url\":\"https:\/\/quatroair.com\/fr\/dentaire\/air-purifiers\/dust-and-odors\/af-1000-pour-la-poussiere-et-les-odeurs-copy\",\"name\":\"AF1000 pour l'impression 3D - Quatro Air Techologies\",\"isPartOf\":{\"@id\":\"https:\/\/quatroair.com\/en\/#website\"},\"primaryImageOfPage\":{\"@id\":\"https:\/\/quatroair.com\/fr\/dentaire\/air-purifiers\/dust-and-odors\/af-1000-pour-la-poussiere-et-les-odeurs-copy#primaryimage\"},\"image\":{\"@id\":\"https:\/\/quatroair.com\/fr\/dentaire\/air-purifiers\/dust-and-odors\/af-1000-pour-la-poussiere-et-les-odeurs-copy#primaryimage\"},\"thumbnailUrl\":\"https:\/\/quatroair.com\/wp-content\/uploads\/2024\/11\/i1707396841s7d70323f8efax600.webp\",\"datePublished\":\"2025-09-19T17:13:05+00:00\",\"dateModified\":\"2025-11-27T22:46:53+00:00\",\"description\":\"Prot\u00e8ge les espaces jusqu\u2019\u00e0 400 pi\u00b2. Syst\u00e8me de filtration de l\u2019air en 3 \u00e9tapes\",\"breadcrumb\":{\"@id\":\"https:\/\/quatroair.com\/fr\/dentaire\/air-purifiers\/dust-and-odors\/af-1000-pour-la-poussiere-et-les-odeurs-copy#breadcrumb\"},\"inLanguage\":\"fr-FR\",\"potentialAction\":[{\"@type\":\"ReadAction\",\"target\":[\"https:\/\/quatroair.com\/fr\/dentaire\/air-purifiers\/dust-and-odors\/af-1000-pour-la-poussiere-et-les-odeurs-copy\"]}]},{\"@type\":\"ImageObject\",\"inLanguage\":\"fr-FR\",\"@id\":\"https:\/\/quatroair.com\/fr\/dentaire\/air-purifiers\/dust-and-odors\/af-1000-pour-la-poussiere-et-les-odeurs-copy#primaryimage\",\"url\":\"https:\/\/quatroair.com\/wp-content\/uploads\/2024\/11\/i1707396841s7d70323f8efax600.webp\",\"contentUrl\":\"https:\/\/quatroair.com\/wp-content\/uploads\/2024\/11\/i1707396841s7d70323f8efax600.webp\",\"width\":480,\"height\":320},{\"@type\":\"BreadcrumbList\",\"@id\":\"https:\/\/quatroair.com\/fr\/dentaire\/air-purifiers\/dust-and-odors\/af-1000-pour-la-poussiere-et-les-odeurs-copy#breadcrumb\",\"itemListElement\":[{\"@type\":\"ListItem\",\"position\":1,\"name\":\"Home\",\"item\":\"https:\/\/quatroair.com\/\"},{\"@type\":\"ListItem\",\"position\":2,\"name\":\"Products\",\"item\":\"https:\/\/quatroair.com\/shop__trashed\/\"},{\"@type\":\"ListItem\",\"position\":3,\"name\":\"AF1000 pour l&rsquo;impression 3D\"}]},{\"@type\":\"WebSite\",\"@id\":\"https:\/\/quatroair.com\/en\/#website\",\"url\":\"https:\/\/quatroair.com\/en\/\",\"name\":\"Quatro Air Techologies\",\"description\":\"Quatro Air provides effective clean air solutions designed to handle any air quality challenge in your home, office or business. Contact us today for details.\",\"publisher\":{\"@id\":\"https:\/\/quatroair.com\/en\/#organization\"},\"potentialAction\":[{\"@type\":\"SearchAction\",\"target\":{\"@type\":\"EntryPoint\",\"urlTemplate\":\"https:\/\/quatroair.com\/en\/?s={search_term_string}\"},\"query-input\":{\"@type\":\"PropertyValueSpecification\",\"valueRequired\":true,\"valueName\":\"search_term_string\"}}],\"inLanguage\":\"fr-FR\"},{\"@type\":\"Organization\",\"@id\":\"https:\/\/quatroair.com\/en\/#organization\",\"name\":\"Quatro Air Techologies\",\"url\":\"https:\/\/quatroair.com\/en\/\",\"logo\":{\"@type\":\"ImageObject\",\"inLanguage\":\"fr-FR\",\"@id\":\"https:\/\/quatroair.com\/en\/#\/schema\/logo\/image\/\",\"url\":\"https:\/\/quatroair.com\/wp-content\/uploads\/2024\/10\/logo.svg\",\"contentUrl\":\"https:\/\/quatroair.com\/wp-content\/uploads\/2024\/10\/logo.svg\",\"width\":708,\"height\":142,\"caption\":\"Quatro Air Techologies\"},\"image\":{\"@id\":\"https:\/\/quatroair.com\/en\/#\/schema\/logo\/image\/\"},\"sameAs\":[\"https:\/\/www.facebook.com\/QuatroAirTechnologies\",\"https:\/\/x.com\/QuatroAir\",\"https:\/\/www.youtube.com\/channel\/UCdTTBL7Pwwyr2JGybAn8Bxw\",\"https:\/\/www.linkedin.com\/company\/quatro-air-technologies\"]}]}<\/script>\n<!-- \/ Yoast SEO plugin. -->","yoast_head_json":{"title":"AF1000 pour l'impression 3D - Quatro Air Techologies","description":"Prot\u00e8ge les espaces jusqu\u2019\u00e0 400 pi\u00b2. Syst\u00e8me de filtration de l\u2019air en 3 \u00e9tapes","robots":{"index":"index","follow":"follow"},"canonical":"https:\/\/quatroair.com\/fr\/dentaire\/air-purifiers\/dust-and-odors\/af-1000-pour-la-poussiere-et-les-odeurs-copy","og_locale":"fr_FR","og_type":"article","og_title":"AF1000 pour l'impression 3D - Quatro Air Techologies","og_description":"Prot\u00e8ge les espaces jusqu\u2019\u00e0 400 pi\u00b2. Syst\u00e8me de filtration de l\u2019air en 3 \u00e9tapes","og_url":"https:\/\/quatroair.com\/fr\/dentaire\/air-purifiers\/dust-and-odors\/af-1000-pour-la-poussiere-et-les-odeurs-copy","og_site_name":"Quatro Air Techologies","article_publisher":"https:\/\/www.facebook.com\/QuatroAirTechnologies","article_modified_time":"2025-11-27T22:46:53+00:00","og_image":[{"width":480,"height":320,"url":"https:\/\/quatroair.com\/wp-content\/uploads\/2024\/11\/i1707396841s7d70323f8efax600.webp","type":"image\/webp"}],"twitter_card":"summary_large_image","twitter_site":"@QuatroAir","twitter_misc":{"Dur\u00e9e de lecture estim\u00e9e":"1 minute"},"schema":{"@context":"https:\/\/schema.org","@graph":[{"@type":"WebPage","@id":"https:\/\/quatroair.com\/fr\/dentaire\/air-purifiers\/dust-and-odors\/af-1000-pour-la-poussiere-et-les-odeurs-copy","url":"https:\/\/quatroair.com\/fr\/dentaire\/air-purifiers\/dust-and-odors\/af-1000-pour-la-poussiere-et-les-odeurs-copy","name":"AF1000 pour l'impression 3D - Quatro Air Techologies","isPartOf":{"@id":"https:\/\/quatroair.com\/en\/#website"},"primaryImageOfPage":{"@id":"https:\/\/quatroair.com\/fr\/dentaire\/air-purifiers\/dust-and-odors\/af-1000-pour-la-poussiere-et-les-odeurs-copy#primaryimage"},"image":{"@id":"https:\/\/quatroair.com\/fr\/dentaire\/air-purifiers\/dust-and-odors\/af-1000-pour-la-poussiere-et-les-odeurs-copy#primaryimage"},"thumbnailUrl":"https:\/\/quatroair.com\/wp-content\/uploads\/2024\/11\/i1707396841s7d70323f8efax600.webp","datePublished":"2025-09-19T17:13:05+00:00","dateModified":"2025-11-27T22:46:53+00:00","description":"Prot\u00e8ge les espaces jusqu\u2019\u00e0 400 pi\u00b2. Syst\u00e8me de filtration de l\u2019air en 3 \u00e9tapes","breadcrumb":{"@id":"https:\/\/quatroair.com\/fr\/dentaire\/air-purifiers\/dust-and-odors\/af-1000-pour-la-poussiere-et-les-odeurs-copy#breadcrumb"},"inLanguage":"fr-FR","potentialAction":[{"@type":"ReadAction","target":["https:\/\/quatroair.com\/fr\/dentaire\/air-purifiers\/dust-and-odors\/af-1000-pour-la-poussiere-et-les-odeurs-copy"]}]},{"@type":"ImageObject","inLanguage":"fr-FR","@id":"https:\/\/quatroair.com\/fr\/dentaire\/air-purifiers\/dust-and-odors\/af-1000-pour-la-poussiere-et-les-odeurs-copy#primaryimage","url":"https:\/\/quatroair.com\/wp-content\/uploads\/2024\/11\/i1707396841s7d70323f8efax600.webp","contentUrl":"https:\/\/quatroair.com\/wp-content\/uploads\/2024\/11\/i1707396841s7d70323f8efax600.webp","width":480,"height":320},{"@type":"BreadcrumbList","@id":"https:\/\/quatroair.com\/fr\/dentaire\/air-purifiers\/dust-and-odors\/af-1000-pour-la-poussiere-et-les-odeurs-copy#breadcrumb","itemListElement":[{"@type":"ListItem","position":1,"name":"Home","item":"https:\/\/quatroair.com\/"},{"@type":"ListItem","position":2,"name":"Products","item":"https:\/\/quatroair.com\/shop__trashed\/"},{"@type":"ListItem","position":3,"name":"AF1000 pour l&rsquo;impression 3D"}]},{"@type":"WebSite","@id":"https:\/\/quatroair.com\/en\/#website","url":"https:\/\/quatroair.com\/en\/","name":"Quatro Air Techologies","description":"Quatro Air provides effective clean air solutions designed to handle any air quality challenge in your home, office or business. Contact us today for details.","publisher":{"@id":"https:\/\/quatroair.com\/en\/#organization"},"potentialAction":[{"@type":"SearchAction","target":{"@type":"EntryPoint","urlTemplate":"https:\/\/quatroair.com\/en\/?s={search_term_string}"},"query-input":{"@type":"PropertyValueSpecification","valueRequired":true,"valueName":"search_term_string"}}],"inLanguage":"fr-FR"},{"@type":"Organization","@id":"https:\/\/quatroair.com\/en\/#organization","name":"Quatro Air Techologies","url":"https:\/\/quatroair.com\/en\/","logo":{"@type":"ImageObject","inLanguage":"fr-FR","@id":"https:\/\/quatroair.com\/en\/#\/schema\/logo\/image\/","url":"https:\/\/quatroair.com\/wp-content\/uploads\/2024\/10\/logo.svg","contentUrl":"https:\/\/quatroair.com\/wp-content\/uploads\/2024\/10\/logo.svg","width":708,"height":142,"caption":"Quatro Air Techologies"},"image":{"@id":"https:\/\/quatroair.com\/en\/#\/schema\/logo\/image\/"},"sameAs":["https:\/\/www.facebook.com\/QuatroAirTechnologies","https:\/\/x.com\/QuatroAir","https:\/\/www.youtube.com\/channel\/UCdTTBL7Pwwyr2JGybAn8Bxw","https:\/\/www.linkedin.com\/company\/quatro-air-technologies"]}]}},"_links":{"self":[{"href":"https:\/\/quatroair.com\/fr\/wp-json\/wp\/v2\/product\/10156","targetHints":{"allow":["GET"]}}],"collection":[{"href":"https:\/\/quatroair.com\/fr\/wp-json\/wp\/v2\/product"}],"about":[{"href":"https:\/\/quatroair.com\/fr\/wp-json\/wp\/v2\/types\/product"}],"replies":[{"embeddable":true,"href":"https:\/\/quatroair.com\/fr\/wp-json\/wp\/v2\/comments?post=10156"}],"version-history":[{"count":5,"href":"https:\/\/quatroair.com\/fr\/wp-json\/wp\/v2\/product\/10156\/revisions"}],"predecessor-version":[{"id":11822,"href":"https:\/\/quatroair.com\/fr\/wp-json\/wp\/v2\/product\/10156\/revisions\/11822"}],"wp:featuredmedia":[{"embeddable":true,"href":"https:\/\/quatroair.com\/fr\/wp-json\/wp\/v2\/media\/4737"}],"wp:attachment":[{"href":"https:\/\/quatroair.com\/fr\/wp-json\/wp\/v2\/media?parent=10156"}],"wp:term":[{"taxonomy":"product_cat","embeddable":true,"href":"https:\/\/quatroair.com\/fr\/wp-json\/wp\/v2\/product_cat?post=10156"},{"taxonomy":"product_tag","embeddable":true,"href":"https:\/\/quatroair.com\/fr\/wp-json\/wp\/v2\/product_tag?post=10156"}],"curies":[{"name":"wp","href":"https:\/\/api.w.org\/{rel}","templated":true}]}}